{"id":23813,"date":"2020-02-28T12:37:07","date_gmt":"2020-02-28T12:37:07","guid":{"rendered":"https:\/\/www.accuratereviews.com\/?page_id=23813"},"modified":"2021-02-05T10:48:17","modified_gmt":"2021-02-05T10:48:17","slug":"yourmembership-recensione","status":"publish","type":"page","link":"https:\/\/www.accuratereviews.com\/it\/gestionale-per-associazioni\/yourmembership-recensione\/","title":{"rendered":"YourMembership"},"content":{"rendered":"<p><strong>YourMembership<\/strong> \u00e8 una suite<strong> all-in-one basata su cloud<\/strong> di soluzioni di <strong>gestione delle iscrizioni<\/strong> online. \u00c8 una piattaforma solida e specializzata per le associazioni per favorire l&#8217;impegno, la crescita, le entrate e lo sviluppo professionale. La suite offre una visione all-inclusive dei membri del club per offrire un&#8217;esperienza naturale e significativa ai membri. Oltre ad aiutare le associazioni a gestire le operazioni quotidiane, <strong>YourMembership<\/strong> rende facile per loro tenere traccia dei dati finanziari e mantenere un&#8217;unit\u00e0 tra gli associati. Autorizza i leader dell&#8217;organizzazione e gli amministratori a inserire i dati in una soluzione completa e conveniente. La sua raccolta di funzionalit\u00e0 include: gestione delle iscrizioni, CRM, marketing delle iscrizioni, progettazione e hosting di siti web, comunit\u00e0 social, gestione degli eventi, dashboard e reportistica avanzata e automazione del flusso di lavoro.<\/p>\n<h2>YOURMEMBERSHIP &#8211; TUTORIAL<\/h2>\n<p>Ecco una guida rapida su come aggiungere un nuovo client alla dashboard su questo <strong>software gestionale per associazioni<\/strong>:<\/p>\n<div id=\"fluid-wrapper-counter-1\" class=\"g1-fluid-wrapper \" style=\"width:686px;\">\n<div style=\"padding-bottom:56.268221574344%;\"><iframe loading=\"lazy\" title=\"Add a Client to Your Membership Dashboard - trisTOM Tutorial\" width=\"686\" height=\"386\" src=\"https:\/\/www.youtube.com\/embed\/9vpz-MdoL0s?feature=oembed&amp;wmode=transparent&amp;autohide=1&amp;autoplay=0&amp;disablekb=0&amp;fs=1&amp;loop=0&amp;enablejsapi=1&amp;rel=0&amp;controls=2&amp;showinfo=0&amp;wmode=transparent&amp;autohide=2&amp;autoplay=0&amp;disablekb=0&amp;fs=1&amp;loop=0&amp;enablejsapi=1&amp;rel=0&amp;controls=2&amp;showinfo=1\" frameborder=\"0\" allow=\"accelerometer; autoplay; clipboard-write; encrypted-media; gyroscope; picture-in-picture\" allowfullscreen><\/iframe><\/div>\n<\/div>\n<h3>YOURMEMBERSHIP &#8211; CARATTERISTICHE<\/h3>\n<ul>\n<li>Offri ai membri un percorso semplice per iscriversi e rinnovare con la funzionalit\u00e0 di rinnovo automatico<\/li>\n<li>Consentire ai membri di gestire le proprie informazioni di appartenenza tramite un portale online.<\/li>\n<li>Monitora i tuoi potenziali membri nel loro viaggio di appartenenza<\/li>\n<li>Configura facilmente modelli di appartenenza multilivello, comprese appartenenze individuali e organizzative<\/li>\n<li>Crea un percorso di registrazione personalizzato per partecipanti, relatori e sponsor, visualizzando solo i biglietti e le sessioni degli eventi pertinenti<\/li>\n<li>Adatta le iscrizioni agli eventi includendo prezzi di early bird, codici promozionali e prezzi riservati ai soli membri<\/li>\n<li>Automatizza e pianifica conferma, promemoria e email di ringraziamento<\/li>\n<li>Risparmia tempo stampando i badge degli eventi direttamente dalla soluzione<\/li>\n<li>Attira e coinvolgi i membri con un sito web moderno<\/li>\n<li>Aggiorna le pagine web senza conoscenze tecniche<\/li>\n<li>Risparmia sui costi con l&#8217;hosting incluso nel tuo software di gestione delle iscrizioni<\/li>\n<li>Pianifica il rinnovo automatico della posta elettronica e gli avvisi scaduti<\/li>\n<li>Genera e invia fatture automaticamente o con un clic<\/li>\n<li>Pianifica i rapporti per la distribuzione automatica via e-mail su base giornaliera, settimanale o mensile<\/li>\n<li>Promuovere preziose connessioni one-to-one e opportunit\u00e0 di networking<\/li>\n<li>Coinvolgi i membri fornendo contenuti pertinenti tra cui blog, sondaggi e opportunit\u00e0 di apprendimento e carriera all&#8217;interno di un singolo feed<\/li>\n<li>Incontra i tuoi membri in viaggio, consentendo loro di rimanere informati tramite l&#8217;app mobile.<\/li>\n<li>Misura facilmente il coinvolgimento dei membri attraverso il punteggio di coinvolgimento integrato<\/li>\n<li>Accetta pagamenti in modo sicuro con l&#8217;elaborazione dei pagamenti integrata che soddisfa i pi\u00f9 alti standard di sicurezza<\/li>\n<li>Utilizzare conti bancari separati per diversi tipi di pagamenti utilizzando lo stesso modulo, ad esempio quote e registrazione degli eventir<\/li>\n<li>Semplifica i processi integrando i tuoi dati di appartenenza direttamente con il tuo software di contabilit\u00e0, come QuickBooks Online<\/li>\n<li>Gestisci facilmente batch finanziari, fatture e rettifiche giornalieri<\/li>\n<li>Tieni traccia del ciclo di vita completo dell&#8217;appartenenza da un membro non membro a un membro in pensione<\/li>\n<li>Configura facilmente dashboard in base all&#8217;esercizio finanziario o ai tipi di membri<\/li>\n<li>Genera rapporti sugli eventi per tutti i tipi di registrazione e presenze<\/li>\n<li>Visualizza rapidamente le percentuali di rinnovo, i membri scaduti, i nuovi membri e altro con periodi di inizio e fine personalizzabili<\/li>\n<li>Accetta pagamenti ricorrenti per abbonamenti e rinnovi<\/li>\n<li>Aumenta le tue entrate con un negozio online che offre calcoli di codice promozionale, tasse e spedizione<\/li>\n<\/ul>\n<h4>LE RECENSIONI DEGLI UTENTI<\/h4>\n<h4 class=\"font-weight-bold my-1 d-flex align-items-center\">Gina M.\u00a0&#8220;Lancio riuscito&#8221;<\/h4>\n<p><strong>Commenti: <\/strong>Nel complesso, sono stato molto soddisfatto di YourMembership dall&#8217;introduzione iniziale, all&#8217;implementazione e alle operazioni quotidiane. Ho particolarmente apprezzato lavorare con il mio specialista dell&#8217;implementazione, che non solo mi ha guidato durante l&#8217;implementazione, ma ha anche speso il tempo extra per capire il mio stile di lavoro per essere sicuro che il suo supporto ci ha preparato per il successo a lungo termine.<\/p>\n<p><strong>Vantaggi: <\/strong>L&#8217;adattamento di YM alle nostre esigenze complessive \u00e8 una corrispondenza forte e ha semplificato le nostre operazioni. Quella che era un&#8217;esperienza generata internamente, una soluzione alternativa e molto manuale per i membri del processo ora \u00e8 un&#8217;esperienza automatica e professionale per i membri. Ora le soluzioni alternative sono di massimizzare anzich\u00e9 sopravvivere.<\/p>\n<p><strong>Inconvenienti: <\/strong>Sebbene la maggior parte del sistema funzioni come pubblicizzato, alcune offerte non hanno soddisfatto tutte le aspettative. Ad esempio, la mia aspettativa per il connettore Quickbooks era un trasferimento di dati automatizzato in tempo reale da YM a QB, ma invece \u00e8 un download e un caricamento manuale dei dati. Il processo funziona bene e soddisfa le nostre esigenze, ma non \u00e8 cos\u00ec fluido come previsto.<\/p>\n<h4 class=\"font-weight-bold my-1 d-flex align-items-center\">Janine C.<span style=\"font-size: 16px;\">&#8220;YM offre grandi funzionalit\u00e0&#8221;<\/span><\/h4>\n<div class=\"i18n-translation_container review-card pt-4 py-3 py-md-5 i18n-translation_translated\" data-translation-id=\"2106897\" data-translation-target=\"original\" data-container-view=\"ca-review\">\n<div class=\"container\">\n<div class=\"row\">\n<div class=\"col-lg-6 pl-lg-5\">\n<p><strong>Commenti: <\/strong>Nel complesso, ho avuto un&#8217;ottima esperienza con il software e apprezzo in particolare gli sforzi di YM per rispondere alle revisioni e ai miglioramenti richiesti dagli utenti come la funzionalit\u00e0 di modifica dei siti web.<\/p>\n<p><strong>Vantaggi: <\/strong>Dato che questa \u00e8 la mia prima esperienza con il software di appartenenza, mi sono fortemente affidato ai video tutorial integrati di alta qualit\u00e0 di YM e al database delle conoscenze indicizzate. Quando ho un problema unico, ricevo risposte molto rapide e di qualit\u00e0 dal personale di supporto tramite il sistema di posta elettronica integrato. Per domande pi\u00f9 complesse, YM offre prontamente supporto tramite chiamate telefoniche.<\/p>\n<p><strong>Inconvenienti: <\/strong>Non ho piena fiducia nella capacit\u00e0 di posta elettronica in blocco in termini di capacit\u00e0 di ricezione dei destinatari. Certo, i problemi possono o meno essere causati dal software.<\/p>\n<h4 class=\"font-weight-bold my-1 d-flex align-items-center\">Megan B.&#8221;Eccellente servizio clienti&#8221;<\/h4>\n<p><strong>Vantaggi: <\/strong>Ho molto apprezzato il team di supporto di YM. Hanno dato risposte rapide, chiare e molto istruttive a tutte le mie domande. Sono gentili e professionali e sono contento di aver avuto l&#8217;opportunit\u00e0 di lavorare insieme sulla riprogettazione del sito web di PSI. Ci hanno guidato attraverso il processo e sono stati utili in ogni fase del processo.<\/p>\n<p><strong>Inconvenienti: <\/strong>Questo \u00e8 un ottimo software per persone a cui piace WYSIWYG (quello che vedi \u00e8 quello che ottieni) e non vogliono preoccuparsi dei dettagli tecnici. Se sei il tipo a cui piace puntare sulla parte tecnica questa non \u00e8 la soluzione per te &#8211; detto questo, il team di supporto \u00e8 stato molto reattivo nel fare modifiche ad aspetti del sito web che non abbiamo il controllo del cliente.<\/p>\n<\/div>\n<\/div>\n<\/div>\n<\/div>\n","protected":false},"excerpt":{"rendered":"<p>YourMembership \u00e8 una suite all-in-one basata su cloud di soluzioni di gestione delle iscrizioni online. \u00c8 una piattaforma solida e specializzata per le associazioni per favorire l&#8217;impegno, la crescita, le entrate e lo sviluppo professionale. La suite offre una visione all-inclusive dei membri del club per offrire un&#8217;esperienza naturale e significativa ai membri.<\/p>\n","protected":false},"author":19,"featured_media":23814,"parent":35837,"menu_order":0,"comment_status":"open","ping_status":"closed","template":"g1_template_page_review_new.php","meta":{"_acf_changed":false,"cwp_meta_box_check":"Yes","cwp_rev_product_name":"","cwp_rev_product_image":"","wppr_links":[],"cwp_rev_price":"","wppr_options":[],"wppr_pros":[],"wppr_cons":[],"_monsterinsights_skip_tracking":false,"_monsterinsights_sitenote_active":false,"_monsterinsights_sitenote_note":"","_monsterinsights_sitenote_category":0,"footnotes":""},"categories":[1943],"tags":[1944,396,2008,1949,1947,1948,2081],"features":[],"class_list":{"0":"post-23813","1":"page","2":"type-page","3":"status-publish","4":"has-post-thumbnail","6":"category-gestionale-per-associazioni-categoria","7":"tag-association-management-software","8":"tag-cloud","9":"tag-piattaforma-gestionale-associazioni","10":"tag-programma-gestionale-associazioni","11":"tag-software-gestionale-associazioni","12":"tag-soluzione-gestionale-associazioni","13":"tag-yourmembership"},"wppr_data":{"cwp_meta_box_check":"Yes","cwp_rev_product_name":"","cwp_rev_product_image":"","cwp_image_link":"image","cwp_rev_price":"","wppr_rating":"0.00"},"acf":[],"yoast_head":"<!-- This site is optimized with the Yoast SEO plugin v27.4 - https:\/\/yoast.com\/product\/yoast-seo-wordpress\/ -->\n<title>Yourmembership: recensione gestionale associazioni - Accurate Reviews<\/title>\n<meta name=\"description\" content=\"YourMembership: recensione suite all-in-one basata su cloud per la gestione delle associazioni online completa e efficace.\" \/>\n<meta name=\"robots\" content=\"index, follow, max-snippet:-1, max-image-preview:large, max-video-preview:-1\" \/>\n<link rel=\"canonical\" href=\"https:\/\/www.accuratereviews.com\/it\/gestionale-per-associazioni\/yourmembership-recensione\/\" \/>\n<meta property=\"og:locale\" content=\"it_IT\" \/>\n<meta property=\"og:type\" content=\"article\" \/>\n<meta property=\"og:title\" content=\"Yourmembership: recensione gestionale associazioni - Accurate Reviews\" \/>\n<meta property=\"og:description\" content=\"YourMembership: recensione suite all-in-one basata su cloud per la gestione delle associazioni online completa e efficace.\" \/>\n<meta property=\"og:url\" content=\"https:\/\/www.accuratereviews.com\/it\/gestionale-per-associazioni\/yourmembership-recensione\/\" \/>\n<meta property=\"og:site_name\" content=\"Accurate Reviews\" \/>\n<meta property=\"article:modified_time\" content=\"2021-02-05T10:48:17+00:00\" \/>\n<meta property=\"og:image\" content=\"https:\/\/www.accuratereviews.com\/wp-content\/uploads\/2020\/02\/yourmembership-logo.png\" \/>\n\t<meta property=\"og:image:width\" content=\"900\" \/>\n\t<meta property=\"og:image:height\" content=\"500\" \/>\n\t<meta property=\"og:image:type\" content=\"image\/png\" \/>\n<meta name=\"twitter:card\" content=\"summary_large_image\" \/>\n<meta name=\"twitter:label1\" content=\"Tempo di lettura stimato\" \/>\n\t<meta name=\"twitter:data1\" content=\"5 minuti\" \/>\n<script type=\"application\/ld+json\" class=\"yoast-schema-graph\">{\"@context\":\"https:\\\/\\\/schema.org\",\"@graph\":[{\"@type\":\"WebPage\",\"@id\":\"https:\\\/\\\/www.accuratereviews.com\\\/it\\\/gestionale-per-associazioni\\\/yourmembership-recensione\\\/\",\"url\":\"https:\\\/\\\/www.accuratereviews.com\\\/it\\\/gestionale-per-associazioni\\\/yourmembership-recensione\\\/\",\"name\":\"Yourmembership: recensione gestionale associazioni - Accurate Reviews\",\"isPartOf\":{\"@id\":\"https:\\\/\\\/www.accuratereviews.com\\\/it\\\/#website\"},\"primaryImageOfPage\":{\"@id\":\"https:\\\/\\\/www.accuratereviews.com\\\/it\\\/gestionale-per-associazioni\\\/yourmembership-recensione\\\/#primaryimage\"},\"image\":{\"@id\":\"https:\\\/\\\/www.accuratereviews.com\\\/it\\\/gestionale-per-associazioni\\\/yourmembership-recensione\\\/#primaryimage\"},\"thumbnailUrl\":\"https:\\\/\\\/www.accuratereviews.com\\\/wp-content\\\/uploads\\\/2020\\\/02\\\/yourmembership-logo.png\",\"datePublished\":\"2020-02-28T12:37:07+00:00\",\"dateModified\":\"2021-02-05T10:48:17+00:00\",\"description\":\"YourMembership: recensione suite all-in-one basata su cloud per la gestione delle associazioni online completa e efficace.\",\"breadcrumb\":{\"@id\":\"https:\\\/\\\/www.accuratereviews.com\\\/it\\\/gestionale-per-associazioni\\\/yourmembership-recensione\\\/#breadcrumb\"},\"inLanguage\":\"it-IT\",\"potentialAction\":[{\"@type\":\"ReadAction\",\"target\":[\"https:\\\/\\\/www.accuratereviews.com\\\/it\\\/gestionale-per-associazioni\\\/yourmembership-recensione\\\/\"]}]},{\"@type\":\"ImageObject\",\"inLanguage\":\"it-IT\",\"@id\":\"https:\\\/\\\/www.accuratereviews.com\\\/it\\\/gestionale-per-associazioni\\\/yourmembership-recensione\\\/#primaryimage\",\"url\":\"https:\\\/\\\/www.accuratereviews.com\\\/wp-content\\\/uploads\\\/2020\\\/02\\\/yourmembership-logo.png\",\"contentUrl\":\"https:\\\/\\\/www.accuratereviews.com\\\/wp-content\\\/uploads\\\/2020\\\/02\\\/yourmembership-logo.png\",\"width\":900,\"height\":500},{\"@type\":\"BreadcrumbList\",\"@id\":\"https:\\\/\\\/www.accuratereviews.com\\\/it\\\/gestionale-per-associazioni\\\/yourmembership-recensione\\\/#breadcrumb\",\"itemListElement\":[{\"@type\":\"ListItem\",\"position\":1,\"name\":\"Home\",\"item\":\"https:\\\/\\\/www.accuratereviews.com\\\/it\\\/\"},{\"@type\":\"ListItem\",\"position\":2,\"name\":\"Gestionale per associazioni\",\"item\":\"https:\\\/\\\/www.accuratereviews.com\\\/it\\\/gestionale-per-associazioni\\\/\"},{\"@type\":\"ListItem\",\"position\":3,\"name\":\"YourMembership\"}]},{\"@type\":\"WebSite\",\"@id\":\"https:\\\/\\\/www.accuratereviews.com\\\/it\\\/#website\",\"url\":\"https:\\\/\\\/www.accuratereviews.com\\\/it\\\/\",\"name\":\"Accurate Reviews\",\"description\":\"\",\"potentialAction\":[{\"@type\":\"SearchAction\",\"target\":{\"@type\":\"EntryPoint\",\"urlTemplate\":\"https:\\\/\\\/www.accuratereviews.com\\\/it\\\/?s={search_term_string}\"},\"query-input\":{\"@type\":\"PropertyValueSpecification\",\"valueRequired\":true,\"valueName\":\"search_term_string\"}}],\"inLanguage\":\"it-IT\"}]}<\/script>\n<!-- \/ Yoast SEO plugin. -->","yoast_head_json":{"title":"Yourmembership: recensione gestionale associazioni - Accurate Reviews","description":"YourMembership: recensione suite all-in-one basata su cloud per la gestione delle associazioni online completa e efficace.","robots":{"index":"index","follow":"follow","max-snippet":"max-snippet:-1","max-image-preview":"max-image-preview:large","max-video-preview":"max-video-preview:-1"},"canonical":"https:\/\/www.accuratereviews.com\/it\/gestionale-per-associazioni\/yourmembership-recensione\/","og_locale":"it_IT","og_type":"article","og_title":"Yourmembership: recensione gestionale associazioni - Accurate Reviews","og_description":"YourMembership: recensione suite all-in-one basata su cloud per la gestione delle associazioni online completa e efficace.","og_url":"https:\/\/www.accuratereviews.com\/it\/gestionale-per-associazioni\/yourmembership-recensione\/","og_site_name":"Accurate Reviews","article_modified_time":"2021-02-05T10:48:17+00:00","og_image":[{"width":900,"height":500,"url":"https:\/\/www.accuratereviews.com\/wp-content\/uploads\/2020\/02\/yourmembership-logo.png","type":"image\/png"}],"twitter_card":"summary_large_image","twitter_misc":{"Tempo di lettura stimato":"5 minuti"},"schema":{"@context":"https:\/\/schema.org","@graph":[{"@type":"WebPage","@id":"https:\/\/www.accuratereviews.com\/it\/gestionale-per-associazioni\/yourmembership-recensione\/","url":"https:\/\/www.accuratereviews.com\/it\/gestionale-per-associazioni\/yourmembership-recensione\/","name":"Yourmembership: recensione gestionale associazioni - Accurate Reviews","isPartOf":{"@id":"https:\/\/www.accuratereviews.com\/it\/#website"},"primaryImageOfPage":{"@id":"https:\/\/www.accuratereviews.com\/it\/gestionale-per-associazioni\/yourmembership-recensione\/#primaryimage"},"image":{"@id":"https:\/\/www.accuratereviews.com\/it\/gestionale-per-associazioni\/yourmembership-recensione\/#primaryimage"},"thumbnailUrl":"https:\/\/www.accuratereviews.com\/wp-content\/uploads\/2020\/02\/yourmembership-logo.png","datePublished":"2020-02-28T12:37:07+00:00","dateModified":"2021-02-05T10:48:17+00:00","description":"YourMembership: recensione suite all-in-one basata su cloud per la gestione delle associazioni online completa e efficace.","breadcrumb":{"@id":"https:\/\/www.accuratereviews.com\/it\/gestionale-per-associazioni\/yourmembership-recensione\/#breadcrumb"},"inLanguage":"it-IT","potentialAction":[{"@type":"ReadAction","target":["https:\/\/www.accuratereviews.com\/it\/gestionale-per-associazioni\/yourmembership-recensione\/"]}]},{"@type":"ImageObject","inLanguage":"it-IT","@id":"https:\/\/www.accuratereviews.com\/it\/gestionale-per-associazioni\/yourmembership-recensione\/#primaryimage","url":"https:\/\/www.accuratereviews.com\/wp-content\/uploads\/2020\/02\/yourmembership-logo.png","contentUrl":"https:\/\/www.accuratereviews.com\/wp-content\/uploads\/2020\/02\/yourmembership-logo.png","width":900,"height":500},{"@type":"BreadcrumbList","@id":"https:\/\/www.accuratereviews.com\/it\/gestionale-per-associazioni\/yourmembership-recensione\/#breadcrumb","itemListElement":[{"@type":"ListItem","position":1,"name":"Home","item":"https:\/\/www.accuratereviews.com\/it\/"},{"@type":"ListItem","position":2,"name":"Gestionale per associazioni","item":"https:\/\/www.accuratereviews.com\/it\/gestionale-per-associazioni\/"},{"@type":"ListItem","position":3,"name":"YourMembership"}]},{"@type":"WebSite","@id":"https:\/\/www.accuratereviews.com\/it\/#website","url":"https:\/\/www.accuratereviews.com\/it\/","name":"Accurate Reviews","description":"","potentialAction":[{"@type":"SearchAction","target":{"@type":"EntryPoint","urlTemplate":"https:\/\/www.accuratereviews.com\/it\/?s={search_term_string}"},"query-input":{"@type":"PropertyValueSpecification","valueRequired":true,"valueName":"search_term_string"}}],"inLanguage":"it-IT"}]}},"_links":{"self":[{"href":"https:\/\/www.accuratereviews.com\/it\/wp-json\/wp\/v2\/pages\/23813","targetHints":{"allow":["GET"]}}],"collection":[{"href":"https:\/\/www.accuratereviews.com\/it\/wp-json\/wp\/v2\/pages"}],"about":[{"href":"https:\/\/www.accuratereviews.com\/it\/wp-json\/wp\/v2\/types\/page"}],"author":[{"embeddable":true,"href":"https:\/\/www.accuratereviews.com\/it\/wp-json\/wp\/v2\/users\/19"}],"replies":[{"embeddable":true,"href":"https:\/\/www.accuratereviews.com\/it\/wp-json\/wp\/v2\/comments?post=23813"}],"version-history":[{"count":8,"href":"https:\/\/www.accuratereviews.com\/it\/wp-json\/wp\/v2\/pages\/23813\/revisions"}],"predecessor-version":[{"id":36874,"href":"https:\/\/www.accuratereviews.com\/it\/wp-json\/wp\/v2\/pages\/23813\/revisions\/36874"}],"up":[{"embeddable":true,"href":"https:\/\/www.accuratereviews.com\/it\/wp-json\/wp\/v2\/pages\/35837"}],"wp:featuredmedia":[{"embeddable":true,"href":"https:\/\/www.accuratereviews.com\/it\/wp-json\/wp\/v2\/media\/23814"}],"wp:attachment":[{"href":"https:\/\/www.accuratereviews.com\/it\/wp-json\/wp\/v2\/media?parent=23813"}],"wp:term":[{"taxonomy":"category","embeddable":true,"href":"https:\/\/www.accuratereviews.com\/it\/wp-json\/wp\/v2\/categories?post=23813"},{"taxonomy":"post_tag","embeddable":true,"href":"https:\/\/www.accuratereviews.com\/it\/wp-json\/wp\/v2\/tags?post=23813"},{"taxonomy":"features","embeddable":true,"href":"https:\/\/www.accuratereviews.com\/it\/wp-json\/wp\/v2\/features?post=23813"}],"curies":[{"name":"wp","href":"https:\/\/api.w.org\/{rel}","templated":true}]}}