{"id":23843,"date":"2020-03-02T11:01:35","date_gmt":"2020-03-02T11:01:35","guid":{"rendered":"https:\/\/www.accuratereviews.com\/?page_id=23843"},"modified":"2021-02-05T09:39:11","modified_gmt":"2021-02-05T09:39:11","slug":"amilia-recensione","status":"publish","type":"page","link":"https:\/\/www.accuratereviews.com\/it\/gestionale-per-associazioni\/amilia-recensione\/","title":{"rendered":"Amilia"},"content":{"rendered":"<p><strong>Amilia<\/strong> \u00e8 una <strong>piattaforma di gestione delle relazioni<\/strong> con i clienti e di registrazione online che rende l&#8217;organizzazione aziendale pi\u00f9 semplice ed efficiente. Progettato tenendo conto delle esigenze di club, federazioni e associazioni, <strong>Amilia<\/strong> semplifica i processi e ottiene migliori risultati in meno tempo. Poich\u00e9 si tratta di un sistema basato sul web, non \u00e8 richiesta alcuna installazione e le aziende non devono investire in hardware costosi. I processi di registrazione, programmazione e selezione possono essere facilmente semplificati attraverso il modulo di attivit\u00e0, che fornisce un rapido accesso alle informazioni aziendali necessarie per prendere decisioni consapevoli. Tutte le informazioni sono sincronizzate in tempo reale, mentre il <strong>CRM<\/strong> consente di creare rapidamente il database clienti.<\/p>\n<h2>AMILIA &#8211; TUTORIAL<\/h2>\n<p>Guardiamo il \u00a0tutorial che segue per comprendere meglio questo <strong>software gestionale per associazioni:<\/strong><\/p>\n<div id=\"fluid-wrapper-counter-1\" class=\"g1-fluid-wrapper \" style=\"width:686px;\">\n<div style=\"padding-bottom:56.268221574344%;\"><iframe loading=\"lazy\" title=\"Amilia Overview\" width=\"686\" height=\"386\" src=\"https:\/\/www.youtube.com\/embed\/emSN2bIWu90?feature=oembed&amp;wmode=transparent&amp;autohide=1&amp;autoplay=0&amp;disablekb=0&amp;fs=1&amp;loop=0&amp;enablejsapi=1&amp;rel=0&amp;controls=2&amp;showinfo=0&amp;wmode=transparent&amp;autohide=2&amp;autoplay=0&amp;disablekb=0&amp;fs=1&amp;loop=0&amp;enablejsapi=1&amp;rel=0&amp;controls=2&amp;showinfo=1\" frameborder=\"0\" allow=\"accelerometer; autoplay; clipboard-write; encrypted-media; gyroscope; picture-in-picture\" allowfullscreen><\/iframe><\/div>\n<\/div>\n<h3>AMILIA &#8211; CARATTERISTICHE<\/h3>\n<ul>\n<li><strong>Registrazioni online<\/strong>: il modulo di registrazione online offre ai tuoi clienti un modo semplice per scoprire e registrarsi alle attivit\u00e0 della tua associazione<\/li>\n<li><strong>Opzioni di pagamento<\/strong>: dai ai clienti opzioni di pagamento flessibili. Il pagamento online per lezioni o attivit\u00e0 prima, durante o dopo la registrazione non \u00e8 pi\u00f9 un compito complicato<\/li>\n<li><strong>Merce:<\/strong> usa il tuo negozio online per vendere merci, uniformi, attrezzature e altro ancora<\/li>\n<li><strong>Adesioni<\/strong>: offri numerosi modi per impostare opzioni di abbonamento flessibili<\/li>\n<li><strong>Moduli personalizzati:<\/strong> cattura tutte le informazioni sui partecipanti necessarie durante le registrazioni con moduli personalizzati<\/li>\n<li><strong>Pagamenti ricorrenti<\/strong>: utilizza il programma per la fatturazione automatica appena ricevuto un pagamento<\/li>\n<li><strong>Personale<\/strong>: gestisci il personale e il loro tempo nella stessa piattaforma<\/li>\n<li><strong>Strutture:<\/strong> configura e amministra le tue strutture per massimizzare l&#8217;uso del tuo spazio<\/li>\n<li><strong>Rapporti contabili:<\/strong> informazioni finanziarie in tempo reale necessarie per far crescere la tua organizzazione<\/li>\n<li><strong>Database client:<\/strong> raccogli, archivia e gestisci tutte le informazioni dei tuoi clienti in un unico luogo<\/li>\n<li><strong>Calendari delle attivit\u00e0:<\/strong> fornisci\u00a0ai tuoi clienti l&#8217;accesso a un calendario delle attivit\u00e0<\/li>\n<li><strong>Rapporti di attivit\u00e0<\/strong>: scopri le persone che partecipano alle tue attivit\u00e0<\/li>\n<\/ul>\n<h4>LE RECENSIONI DEGLI UTENTI<\/h4>\n<h4 class=\"font-weight-bold my-1 d-flex align-items-center\">Zo\u00e9 F.&#8221;Amilia, un software valido e intuitivo per ogni dipendente&#8221;<\/h4>\n<p><strong>Commenti: <\/strong>Con Amilia non disponiamo pi\u00f9 di doppie prenotazioni e offriamo un servizio clienti migliore. Il cliente pu\u00f2 facilmente registrarsi online e gestire le proprie attivit\u00e0. Il nostro staff \u00e8 in grado di gestire facilmente noleggi e contratti.<\/p>\n<p><strong>Vantaggi: <\/strong>Amilia \u00e8 facile da usare per le aziende che hanno molti dipendenti che utilizzano il software. \u00c8 facile da capire, facile da imparare e facile da trovare. I nuovi dipendenti non hanno bisogno di una grande formazione, i passaggi sono abbastanza ovvi una volta che conosci le basi del software.\u00a0La cosa migliore di Amilia \u00e8 il loro servizio post-vendita. Ti contattano sempre per farti chiamare comodamente in caso di domande. Stanno ascoltando le tue preoccupazioni e stanno facendo del loro meglio per aggiungere le funzionalit\u00e0 che hai richiesto. Fanno sempre follow-up con il loro cliente.<\/p>\n<p><strong>Inconvenienti: <\/strong>\u00c8 difficile parlare con qualcuno quando chiami il supporto tecnico, puoi aspettare molto al telefono e finire in un messaggio vocale. Se hai bisogno di assistenza immediata, \u00e8 difficile entrare in contatto con qualcuno. Sembra che i dipendenti di Amilia che lavorano all&#8217;assistenza tecnica siano nuovi. Ho dovuto chattare spesso con loro per problemi tecnici, e raramente possono risolvere il mio problema. Stanno solo aprendo un biglietto tecnico e tornano da me settimane dopo. Il pi\u00f9 delle volte, ho finito risolvendo il mio problema da solo e trovando un modo per aggirare. A volte sembra che conosca pi\u00f9 Amilia del servizio clienti.<\/p>\n<h4 class=\"font-weight-bold my-1 d-flex align-items-center\">Katherine B.\u00a0&#8220;Recensione di Amilia&#8221;<\/h4>\n<p class=\"font-weight-bold my-1 d-flex align-items-center\"><strong>Commenti: <\/strong>Amilia ha risparmiato moltissimo tempo! La stragrande maggioranza delle nostre registrazioni \u00e8 ora effettuata online dai clienti stessi. Un paio di cose da migliorare e funzioni che non sono compatibili con il nostro uso \/ bisogni, nel complesso molto soddisfacenti.<\/p>\n<p><strong>Vantaggi: <\/strong>Facile da usare sia per l&#8217;amministratore che per i clienti. Consente la generazione automatica di entrate fiscali RL24.\u00a0Elenco contatti costante integrato.\u00a0Elenchi di presenze ed elenchi di modelli semplificati.\u00a0La creazione di gruppi e l&#8217;associazione di amici sono facili.\u00a0Mass editing di programmi.\u00a0Supporto chat online dal vivo.<\/p>\n<p><strong>Inconvenienti: <\/strong>Pagamenti personalizzati postdatati su carte di credito.\u00a0Modifiche \/ aggiornamenti ai pagamenti post-datati con carta di credito.\u00a0Nessun accesso diretto al contatto costante da parte dei partecipanti, solo dai proprietari degli account.\u00a0Dopo la generazione in serie di RL24, le modifiche e altre generazioni di RL24 sono state fatte una per una.\u00a0Pianificazione pi\u00f9 o meno efficace.\u00a0Restrittivo per i partner di soluzioni di denaro online non Amilia.\u00a0Nessun rimborso direttamente sulle carte di credito dalla piattaforma.<\/p>\n<h4 class=\"font-weight-bold my-1 d-flex align-items-center\">Rhys O.&#8221;Incredibile piattaforma di registrazione con un team eccezionale!&#8221;<\/h4>\n<p><strong>Commenti: <\/strong>Tutto \u00e8 tutto in un unico posto. Il sistema consente al nostro programma di mantenere le cose organizzate e funziona all&#8217;interno del nostro quadro aziendale. Rende le cose semplici per noi dal punto di vista commerciale e dei clienti dal punto di vista del consumatore.<\/p>\n<p><strong>Vantaggi: <\/strong>Amilia \u00e8 un&#8217;ottima piattaforma con tonnellate di funzionalit\u00e0. C&#8217;\u00e8 stata una curva di apprendimento durante l&#8217;adozione della piattaforma, tuttavia il team di supporto \u00e8 stato molto piacevole con cui lavorare (e lo \u00e8 ancora). I suggerimenti che ho formulato sono stati implementati e il team in realt\u00e0 apprezza l&#8217;input dei clienti per trovare modi per migliorare il sistema.<\/p>\n<p><strong>Inconvenienti: <\/strong>Pur non essendo un deterrente generale, in alcuni casi \u00e8 stato difficile gestire i pagamenti poich\u00e9 le informazioni di pagamento non sono state salvate. Questo tuttavia \u00e8 stato modificato e ora i clienti possono scegliere di salvare le informazioni sulla propria carta di credito. Sarebbe utile avere tutte le informazioni di pagamento salvate automaticamente, tuttavia capisco le clausole e le restrizioni su questo (privacy ecc.). Alcuni altri elementi che ho avuto sono stati risolti e il sistema \u00e8 stato aggiornato di conseguenza!<\/p>\n","protected":false},"excerpt":{"rendered":"<p>Amilia \u00e8 una piattaforma di gestione delle relazioni con i clienti e di registrazione online che rende l&#8217;organizzazione aziendale pi\u00f9 semplice ed efficiente. Progettato tenendo conto delle esigenze di club, federazioni e associazioni, Amilia semplifica i processi e ottiene migliori risultati in meno tempo. Poich\u00e9 si tratta di un sistema basato sul web, non \u00e8 richiesta alcuna installazione e le aziende non devono investire in hardware costosi.<\/p>\n","protected":false},"author":19,"featured_media":36851,"parent":35837,"menu_order":0,"comment_status":"open","ping_status":"closed","template":"g1_template_page_review_new.php","meta":{"_acf_changed":false,"cwp_meta_box_check":"Yes","cwp_rev_product_name":"","cwp_rev_product_image":"","wppr_links":[],"cwp_rev_price":"","wppr_options":[],"wppr_pros":[],"wppr_cons":[],"_monsterinsights_skip_tracking":false,"_monsterinsights_sitenote_active":false,"_monsterinsights_sitenote_note":"","_monsterinsights_sitenote_category":0,"footnotes":""},"categories":[1943],"tags":[2096,1944,2097,2098,1947,1948],"features":[],"class_list":{"0":"post-23843","1":"page","2":"type-page","3":"status-publish","4":"has-post-thumbnail","6":"category-gestionale-per-associazioni-categoria","7":"tag-amilia","8":"tag-association-management-software","9":"tag-gestionale-delle-relazioni","10":"tag-piattaforma-gestionale-per-associazioni","11":"tag-software-gestionale-associazioni","12":"tag-soluzione-gestionale-associazioni"},"wppr_data":{"cwp_meta_box_check":"Yes","cwp_rev_product_name":"","cwp_rev_product_image":"","cwp_image_link":"image","cwp_rev_price":"","wppr_rating":"0.00"},"acf":[],"yoast_head":"<!-- This site is optimized with the Yoast SEO plugin v27.4 - https:\/\/yoast.com\/product\/yoast-seo-wordpress\/ -->\n<title>Amilia: recensione gestionale per associazioni - Accurate Reviews<\/title>\n<meta name=\"description\" content=\"Amilia: piattaforma di gestione delle relazioni con i clienti e di registrazione online che rende l&#039;organizzazione aziendale pi\u00f9 semplice ed efficiente.\" \/>\n<meta name=\"robots\" content=\"index, follow, max-snippet:-1, max-image-preview:large, max-video-preview:-1\" \/>\n<link rel=\"canonical\" href=\"https:\/\/www.accuratereviews.com\/it\/gestionale-per-associazioni\/amilia-recensione\/\" \/>\n<meta property=\"og:locale\" content=\"it_IT\" \/>\n<meta property=\"og:type\" content=\"article\" \/>\n<meta property=\"og:title\" content=\"Amilia: recensione gestionale per associazioni - Accurate Reviews\" \/>\n<meta property=\"og:description\" content=\"Amilia: piattaforma di gestione delle relazioni con i clienti e di registrazione online che rende l&#039;organizzazione aziendale pi\u00f9 semplice ed efficiente.\" \/>\n<meta property=\"og:url\" content=\"https:\/\/www.accuratereviews.com\/it\/gestionale-per-associazioni\/amilia-recensione\/\" \/>\n<meta property=\"og:site_name\" content=\"Accurate Reviews\" \/>\n<meta property=\"article:modified_time\" content=\"2021-02-05T09:39:11+00:00\" \/>\n<meta property=\"og:image\" content=\"https:\/\/www.accuratereviews.com\/wp-content\/uploads\/2021\/02\/Schermata-2021-02-05-alle-10.37.52-1.png\" \/>\n\t<meta property=\"og:image:width\" content=\"455\" \/>\n\t<meta property=\"og:image:height\" content=\"210\" \/>\n\t<meta property=\"og:image:type\" content=\"image\/png\" \/>\n<meta name=\"twitter:card\" content=\"summary_large_image\" \/>\n<meta name=\"twitter:label1\" content=\"Tempo di lettura stimato\" \/>\n\t<meta name=\"twitter:data1\" content=\"5 minuti\" \/>\n<script type=\"application\/ld+json\" class=\"yoast-schema-graph\">{\"@context\":\"https:\\\/\\\/schema.org\",\"@graph\":[{\"@type\":\"WebPage\",\"@id\":\"https:\\\/\\\/www.accuratereviews.com\\\/it\\\/gestionale-per-associazioni\\\/amilia-recensione\\\/\",\"url\":\"https:\\\/\\\/www.accuratereviews.com\\\/it\\\/gestionale-per-associazioni\\\/amilia-recensione\\\/\",\"name\":\"Amilia: recensione gestionale per associazioni - Accurate Reviews\",\"isPartOf\":{\"@id\":\"https:\\\/\\\/www.accuratereviews.com\\\/it\\\/#website\"},\"primaryImageOfPage\":{\"@id\":\"https:\\\/\\\/www.accuratereviews.com\\\/it\\\/gestionale-per-associazioni\\\/amilia-recensione\\\/#primaryimage\"},\"image\":{\"@id\":\"https:\\\/\\\/www.accuratereviews.com\\\/it\\\/gestionale-per-associazioni\\\/amilia-recensione\\\/#primaryimage\"},\"thumbnailUrl\":\"https:\\\/\\\/www.accuratereviews.com\\\/wp-content\\\/uploads\\\/2021\\\/02\\\/Schermata-2021-02-05-alle-10.37.52-1.png\",\"datePublished\":\"2020-03-02T11:01:35+00:00\",\"dateModified\":\"2021-02-05T09:39:11+00:00\",\"description\":\"Amilia: piattaforma di gestione delle relazioni con i clienti e di registrazione online che rende l'organizzazione aziendale pi\u00f9 semplice ed efficiente.\",\"breadcrumb\":{\"@id\":\"https:\\\/\\\/www.accuratereviews.com\\\/it\\\/gestionale-per-associazioni\\\/amilia-recensione\\\/#breadcrumb\"},\"inLanguage\":\"it-IT\",\"potentialAction\":[{\"@type\":\"ReadAction\",\"target\":[\"https:\\\/\\\/www.accuratereviews.com\\\/it\\\/gestionale-per-associazioni\\\/amilia-recensione\\\/\"]}]},{\"@type\":\"ImageObject\",\"inLanguage\":\"it-IT\",\"@id\":\"https:\\\/\\\/www.accuratereviews.com\\\/it\\\/gestionale-per-associazioni\\\/amilia-recensione\\\/#primaryimage\",\"url\":\"https:\\\/\\\/www.accuratereviews.com\\\/wp-content\\\/uploads\\\/2021\\\/02\\\/Schermata-2021-02-05-alle-10.37.52-1.png\",\"contentUrl\":\"https:\\\/\\\/www.accuratereviews.com\\\/wp-content\\\/uploads\\\/2021\\\/02\\\/Schermata-2021-02-05-alle-10.37.52-1.png\",\"width\":455,\"height\":210},{\"@type\":\"BreadcrumbList\",\"@id\":\"https:\\\/\\\/www.accuratereviews.com\\\/it\\\/gestionale-per-associazioni\\\/amilia-recensione\\\/#breadcrumb\",\"itemListElement\":[{\"@type\":\"ListItem\",\"position\":1,\"name\":\"Home\",\"item\":\"https:\\\/\\\/www.accuratereviews.com\\\/it\\\/\"},{\"@type\":\"ListItem\",\"position\":2,\"name\":\"Gestionale per associazioni\",\"item\":\"https:\\\/\\\/www.accuratereviews.com\\\/it\\\/gestionale-per-associazioni\\\/\"},{\"@type\":\"ListItem\",\"position\":3,\"name\":\"Amilia\"}]},{\"@type\":\"WebSite\",\"@id\":\"https:\\\/\\\/www.accuratereviews.com\\\/it\\\/#website\",\"url\":\"https:\\\/\\\/www.accuratereviews.com\\\/it\\\/\",\"name\":\"Accurate Reviews\",\"description\":\"\",\"potentialAction\":[{\"@type\":\"SearchAction\",\"target\":{\"@type\":\"EntryPoint\",\"urlTemplate\":\"https:\\\/\\\/www.accuratereviews.com\\\/it\\\/?s={search_term_string}\"},\"query-input\":{\"@type\":\"PropertyValueSpecification\",\"valueRequired\":true,\"valueName\":\"search_term_string\"}}],\"inLanguage\":\"it-IT\"}]}<\/script>\n<!-- \/ Yoast SEO plugin. -->","yoast_head_json":{"title":"Amilia: recensione gestionale per associazioni - Accurate Reviews","description":"Amilia: piattaforma di gestione delle relazioni con i clienti e di registrazione online che rende l'organizzazione aziendale pi\u00f9 semplice ed efficiente.","robots":{"index":"index","follow":"follow","max-snippet":"max-snippet:-1","max-image-preview":"max-image-preview:large","max-video-preview":"max-video-preview:-1"},"canonical":"https:\/\/www.accuratereviews.com\/it\/gestionale-per-associazioni\/amilia-recensione\/","og_locale":"it_IT","og_type":"article","og_title":"Amilia: recensione gestionale per associazioni - Accurate Reviews","og_description":"Amilia: piattaforma di gestione delle relazioni con i clienti e di registrazione online che rende l'organizzazione aziendale pi\u00f9 semplice ed efficiente.","og_url":"https:\/\/www.accuratereviews.com\/it\/gestionale-per-associazioni\/amilia-recensione\/","og_site_name":"Accurate Reviews","article_modified_time":"2021-02-05T09:39:11+00:00","og_image":[{"width":455,"height":210,"url":"https:\/\/www.accuratereviews.com\/wp-content\/uploads\/2021\/02\/Schermata-2021-02-05-alle-10.37.52-1.png","type":"image\/png"}],"twitter_card":"summary_large_image","twitter_misc":{"Tempo di lettura stimato":"5 minuti"},"schema":{"@context":"https:\/\/schema.org","@graph":[{"@type":"WebPage","@id":"https:\/\/www.accuratereviews.com\/it\/gestionale-per-associazioni\/amilia-recensione\/","url":"https:\/\/www.accuratereviews.com\/it\/gestionale-per-associazioni\/amilia-recensione\/","name":"Amilia: recensione gestionale per associazioni - Accurate Reviews","isPartOf":{"@id":"https:\/\/www.accuratereviews.com\/it\/#website"},"primaryImageOfPage":{"@id":"https:\/\/www.accuratereviews.com\/it\/gestionale-per-associazioni\/amilia-recensione\/#primaryimage"},"image":{"@id":"https:\/\/www.accuratereviews.com\/it\/gestionale-per-associazioni\/amilia-recensione\/#primaryimage"},"thumbnailUrl":"https:\/\/www.accuratereviews.com\/wp-content\/uploads\/2021\/02\/Schermata-2021-02-05-alle-10.37.52-1.png","datePublished":"2020-03-02T11:01:35+00:00","dateModified":"2021-02-05T09:39:11+00:00","description":"Amilia: piattaforma di gestione delle relazioni con i clienti e di registrazione online che rende l'organizzazione aziendale pi\u00f9 semplice ed efficiente.","breadcrumb":{"@id":"https:\/\/www.accuratereviews.com\/it\/gestionale-per-associazioni\/amilia-recensione\/#breadcrumb"},"inLanguage":"it-IT","potentialAction":[{"@type":"ReadAction","target":["https:\/\/www.accuratereviews.com\/it\/gestionale-per-associazioni\/amilia-recensione\/"]}]},{"@type":"ImageObject","inLanguage":"it-IT","@id":"https:\/\/www.accuratereviews.com\/it\/gestionale-per-associazioni\/amilia-recensione\/#primaryimage","url":"https:\/\/www.accuratereviews.com\/wp-content\/uploads\/2021\/02\/Schermata-2021-02-05-alle-10.37.52-1.png","contentUrl":"https:\/\/www.accuratereviews.com\/wp-content\/uploads\/2021\/02\/Schermata-2021-02-05-alle-10.37.52-1.png","width":455,"height":210},{"@type":"BreadcrumbList","@id":"https:\/\/www.accuratereviews.com\/it\/gestionale-per-associazioni\/amilia-recensione\/#breadcrumb","itemListElement":[{"@type":"ListItem","position":1,"name":"Home","item":"https:\/\/www.accuratereviews.com\/it\/"},{"@type":"ListItem","position":2,"name":"Gestionale per associazioni","item":"https:\/\/www.accuratereviews.com\/it\/gestionale-per-associazioni\/"},{"@type":"ListItem","position":3,"name":"Amilia"}]},{"@type":"WebSite","@id":"https:\/\/www.accuratereviews.com\/it\/#website","url":"https:\/\/www.accuratereviews.com\/it\/","name":"Accurate Reviews","description":"","potentialAction":[{"@type":"SearchAction","target":{"@type":"EntryPoint","urlTemplate":"https:\/\/www.accuratereviews.com\/it\/?s={search_term_string}"},"query-input":{"@type":"PropertyValueSpecification","valueRequired":true,"valueName":"search_term_string"}}],"inLanguage":"it-IT"}]}},"_links":{"self":[{"href":"https:\/\/www.accuratereviews.com\/it\/wp-json\/wp\/v2\/pages\/23843","targetHints":{"allow":["GET"]}}],"collection":[{"href":"https:\/\/www.accuratereviews.com\/it\/wp-json\/wp\/v2\/pages"}],"about":[{"href":"https:\/\/www.accuratereviews.com\/it\/wp-json\/wp\/v2\/types\/page"}],"author":[{"embeddable":true,"href":"https:\/\/www.accuratereviews.com\/it\/wp-json\/wp\/v2\/users\/19"}],"replies":[{"embeddable":true,"href":"https:\/\/www.accuratereviews.com\/it\/wp-json\/wp\/v2\/comments?post=23843"}],"version-history":[{"count":10,"href":"https:\/\/www.accuratereviews.com\/it\/wp-json\/wp\/v2\/pages\/23843\/revisions"}],"predecessor-version":[{"id":36854,"href":"https:\/\/www.accuratereviews.com\/it\/wp-json\/wp\/v2\/pages\/23843\/revisions\/36854"}],"up":[{"embeddable":true,"href":"https:\/\/www.accuratereviews.com\/it\/wp-json\/wp\/v2\/pages\/35837"}],"wp:featuredmedia":[{"embeddable":true,"href":"https:\/\/www.accuratereviews.com\/it\/wp-json\/wp\/v2\/media\/36851"}],"wp:attachment":[{"href":"https:\/\/www.accuratereviews.com\/it\/wp-json\/wp\/v2\/media?parent=23843"}],"wp:term":[{"taxonomy":"category","embeddable":true,"href":"https:\/\/www.accuratereviews.com\/it\/wp-json\/wp\/v2\/categories?post=23843"},{"taxonomy":"post_tag","embeddable":true,"href":"https:\/\/www.accuratereviews.com\/it\/wp-json\/wp\/v2\/tags?post=23843"},{"taxonomy":"features","embeddable":true,"href":"https:\/\/www.accuratereviews.com\/it\/wp-json\/wp\/v2\/features?post=23843"}],"curies":[{"name":"wp","href":"https:\/\/api.w.org\/{rel}","templated":true}]}}