{"id":23860,"date":"2020-03-02T11:00:21","date_gmt":"2020-03-02T11:00:21","guid":{"rendered":"https:\/\/www.accuratereviews.com\/?page_id=23860"},"modified":"2021-02-05T09:43:26","modified_gmt":"2021-02-05T09:43:26","slug":"memberleap-recensione","status":"publish","type":"page","link":"https:\/\/www.accuratereviews.com\/it\/gestionale-per-associazioni\/memberleap-recensione\/","title":{"rendered":"MemberLeap"},"content":{"rendered":"<p><strong>MemberLeap<\/strong> \u00e8 un <strong>software di gestione dell&#8217;associazione<\/strong>\u00a0che aiuta le organizzazioni ad amministrare efficacemente le loro attivit\u00e0 quotidiane. Questa soluzione \u00e8 provvista di un CRM integrato e funzionalit\u00e0 che semplificano le operazioni quotidiane, soprattutto quando si tratta di elaborare quote associative. Consente inoltre di mantenere aggiornati i propri membri tramite strumenti di comunicazione e pubblicando notifiche sul proprio sito web dedicato.\u00a0In pi\u00f9, <strong>MemberLeap<\/strong> coinvolge anche i membri i quali saranno sempre aggiornati sugli eventi, mostre, conferenze e altro. Inoltre, il software offre l&#8217;apprendimento online e il monitoraggio CEU, rendendolo un software di <strong>gestione dell&#8217;organizzazione completo.\u00a0<\/strong><\/p>\n<h2>MEMBERLEAP &#8211; TUTORIAL<\/h2>\n<p>Visionando il tutorial impariamo a creare una email per invitare i membri a un evento dell&#8217;associazione utilizzando questo <strong>software gestionale:<\/strong><\/p>\n<div id=\"fluid-wrapper-counter-1\" class=\"g1-fluid-wrapper \" style=\"width:686px;\">\n<div style=\"padding-bottom:56.268221574344%;\"><iframe loading=\"lazy\" title=\"Event Registration - Invite\" width=\"686\" height=\"386\" src=\"https:\/\/www.youtube.com\/embed\/nRdupqFMuIA?feature=oembed&amp;wmode=transparent&amp;autohide=1&amp;autoplay=0&amp;disablekb=0&amp;fs=1&amp;loop=0&amp;enablejsapi=1&amp;rel=0&amp;controls=2&amp;showinfo=0&amp;wmode=transparent&amp;autohide=2&amp;autoplay=0&amp;disablekb=0&amp;fs=1&amp;loop=0&amp;enablejsapi=1&amp;rel=0&amp;controls=2&amp;showinfo=1\" frameborder=\"0\" allow=\"accelerometer; autoplay; clipboard-write; encrypted-media; gyroscope; picture-in-picture\" allowfullscreen><\/iframe><\/div>\n<\/div>\n<h3>MEMBERLEAP &#8211; CARATTERISTICHE<\/h3>\n<ul>\n<li>Database dei membri<\/li>\n<li>Elenco dei membri \/ Cerca<\/li>\n<li>Conversione dei dati dei membri<\/li>\n<li>Rapporti rapidi del sistema di gestione delle relazioni con i clienti (CRM) e rapporti personalizzati<\/li>\n<li>Fatturazione abbonamento<\/li>\n<li>Pagamenti online<\/li>\n<li>Gestione patrimoniale<\/li>\n<li>Interfaccia QuickBooks<\/li>\n<li>Responsabile del contenuto del sito Web<\/li>\n<li>Gestore di diapositive Link Pagina Editor file Archivio<\/li>\n<li>Video Manager Photo Album Editor Forms Builder Classified Ads<\/li>\n<li>Bacheca dei lavori<\/li>\n<li>Comunicati stampa dei membri<\/li>\n<li>Messaggio email di trasmissione<\/li>\n<li>Editor di newsletter<\/li>\n<li>Blog<\/li>\n<li>Drip Marketing<\/li>\n<li>Bacheche \/ Forum<\/li>\n<li>Responsabile del servizio di elenco email<\/li>\n<li>Elezioni per la gestione di progetti \/ commissioni<\/li>\n<li>Sondaggi Social Networking Tool (MultiPost)<\/li>\n<li>Prenotazioni di risorse<\/li>\n<li>Calendario degli eventi<\/li>\n<li>App mobile avanzata (pulsanti grafici personalizzati) Notifiche push<\/li>\n<\/ul>\n<h4>LE RECENSIONI DEGLI UTENTI<\/h4>\n<h4 class=\"font-weight-bold my-1 d-flex align-items-center\">Amy A.&#8221;Ottimo prodotto e servizio!&#8221;<\/h4>\n<p><strong>Commenti: <\/strong>Eccellente! Ottimo team di supporto ed estremamente reattivo sulle richieste di supporto &#8211; di solito risposta nello stesso giorno!<\/p>\n<p><strong>Vantaggi: <\/strong>Il back-end \u00e8 molto intuitivo e mi piace poter personalizzare le aree che meglio si adattano ai nostri dati demografici.<\/p>\n<p><strong>Inconvenienti: <\/strong>La fatturazione per attivit\u00e0 non a pagamento non \u00e8 cos\u00ec intuitiva come vorrei che fosse.<\/p>\n<h5 class=\"font-weight-bold my-1 d-flex align-items-center\">Robb C.&#8221;Prodotto intuitivo con un eccellente servizio clienti&#8221;<\/h5>\n<p><strong>Commenti: <\/strong>Il processo dalla vendita iniziale, le dimostrazioni dei prodotti per la nostra associazione e l&#8217;implementazione \u00e8 stato molto semplice. Il team di MemberLeap ci ha tenuti informati durante ogni fase del processo e sono stati molto sensibili a tutte le richieste che abbiamo avuto.<\/p>\n<p><strong>Vantaggi: <\/strong>Il prodotto MemberLeap \u00e8 molto facile da navigare. Siamo passati da un fornitore di siti Web che ha fatto tutto per noi a uno in cui abbiamo molto pi\u00f9 controllo e accesso per apportare modifiche. Le sessioni di formazione sono state molto utili e la libreria di altri elementi di supporto (video, tutorial, documenti di testo, ecc.) \u00c8 ampia.<\/p>\n<p><strong>Inconvenienti: <\/strong>Non abbiamo ancora riscontrato esperienze negative significative con il software. Come con qualsiasi nuovo prodotto, a volte ci sono cose che devi risolvere.<\/p>\n<h4 class=\"font-weight-bold my-1 d-flex align-items-center\">John L.&#8221;Buon servizio&#8221;<\/h4>\n<p><strong>Commenti: <\/strong>Il team di implementazione \u00e8 stato paziente, gentile e molto disponibile! Per la nostra organizzazione interamente basata su volontari, il supporto e la guida che abbiamo ricevuto per l&#8217;implementazione del nostro nuovo sito web e database erano esattamente ci\u00f2 di cui avevamo bisogno!<\/p>\n<p><strong>Vantaggi: <\/strong>Il team di implementazione \u00e8 stato paziente, gentile e molto disponibile! Per la nostra organizzazione interamente basata su volontari, il supporto e la guida che abbiamo ricevuto per l&#8217;implementazione del nostro nuovo sito web e database erano esattamente ci\u00f2 di cui avevamo bisogno!<\/p>\n<p><strong>Inconvenienti: <\/strong>NAFAA non \u00e8 ancora sicuro di ci\u00f2 che facciamo e che non ci piace, poich\u00e9 abbiamo appena implementato e stiamo attraversando il nostro primo ciclo.<\/p>\n","protected":false},"excerpt":{"rendered":"<p>MemberLeap \u00e8 un software di gestione dell&#8217;associazione\u00a0che aiuta le organizzazioni ad amministrare efficacemente le loro attivit\u00e0 quotidiane. Questa soluzione \u00e8 provvista di un CRM integrato e funzionalit\u00e0 che semplificano le operazioni quotidiane, soprattutto quando si tratta di elaborare quote associative.<\/p>\n","protected":false},"author":19,"featured_media":23861,"parent":35837,"menu_order":0,"comment_status":"open","ping_status":"closed","template":"g1_template_page_review_new.php","meta":{"_acf_changed":false,"cwp_meta_box_check":"Yes","cwp_rev_product_name":"","cwp_rev_product_image":"","wppr_links":[],"cwp_rev_price":"","wppr_options":[],"wppr_pros":[],"wppr_cons":[],"_monsterinsights_skip_tracking":false,"_monsterinsights_sitenote_active":false,"_monsterinsights_sitenote_note":"","_monsterinsights_sitenote_category":0,"footnotes":""},"categories":[1943],"tags":[1944,2122,2008,1947,1948],"features":[],"class_list":{"0":"post-23860","1":"page","2":"type-page","3":"status-publish","4":"has-post-thumbnail","6":"category-gestionale-per-associazioni-categoria","7":"tag-association-management-software","8":"tag-memberleap","9":"tag-piattaforma-gestionale-associazioni","10":"tag-software-gestionale-associazioni","11":"tag-soluzione-gestionale-associazioni"},"wppr_data":{"cwp_meta_box_check":"Yes","cwp_rev_product_name":"","cwp_rev_product_image":"","cwp_image_link":"image","cwp_rev_price":"","wppr_rating":"0.00"},"acf":[],"yoast_head":"<!-- This site is optimized with the Yoast SEO plugin v27.4 - https:\/\/yoast.com\/product\/yoast-seo-wordpress\/ -->\n<title>MemberLeap: recensione gestionale per associazioni - Accurate Reviews<\/title>\n<meta name=\"description\" content=\"MemberLeap: recensione software di gestione dell&#039;associazione\u00a0che aiuta le organizzazioni ad amministrare efficacemente le loro attivit\u00e0 quotidiane.\" \/>\n<meta name=\"robots\" content=\"index, follow, max-snippet:-1, max-image-preview:large, max-video-preview:-1\" \/>\n<link rel=\"canonical\" href=\"https:\/\/www.accuratereviews.com\/it\/gestionale-per-associazioni\/memberleap-recensione\/\" \/>\n<meta property=\"og:locale\" content=\"it_IT\" \/>\n<meta property=\"og:type\" content=\"article\" \/>\n<meta property=\"og:title\" content=\"MemberLeap: recensione gestionale per associazioni - Accurate Reviews\" \/>\n<meta property=\"og:description\" content=\"MemberLeap: recensione software di gestione dell&#039;associazione\u00a0che aiuta le organizzazioni ad amministrare efficacemente le loro attivit\u00e0 quotidiane.\" \/>\n<meta property=\"og:url\" content=\"https:\/\/www.accuratereviews.com\/it\/gestionale-per-associazioni\/memberleap-recensione\/\" \/>\n<meta property=\"og:site_name\" content=\"Accurate Reviews\" \/>\n<meta property=\"article:modified_time\" content=\"2021-02-05T09:43:26+00:00\" \/>\n<meta property=\"og:image\" content=\"https:\/\/www.accuratereviews.com\/wp-content\/uploads\/2020\/03\/MEMBERLEAP.png\" \/>\n\t<meta property=\"og:image:width\" content=\"200\" \/>\n\t<meta property=\"og:image:height\" content=\"200\" \/>\n\t<meta property=\"og:image:type\" content=\"image\/png\" \/>\n<meta name=\"twitter:card\" content=\"summary_large_image\" \/>\n<meta name=\"twitter:label1\" content=\"Tempo di lettura stimato\" \/>\n\t<meta name=\"twitter:data1\" content=\"3 minuti\" \/>\n<script type=\"application\/ld+json\" class=\"yoast-schema-graph\">{\"@context\":\"https:\\\/\\\/schema.org\",\"@graph\":[{\"@type\":\"WebPage\",\"@id\":\"https:\\\/\\\/www.accuratereviews.com\\\/it\\\/gestionale-per-associazioni\\\/memberleap-recensione\\\/\",\"url\":\"https:\\\/\\\/www.accuratereviews.com\\\/it\\\/gestionale-per-associazioni\\\/memberleap-recensione\\\/\",\"name\":\"MemberLeap: recensione gestionale per associazioni - Accurate Reviews\",\"isPartOf\":{\"@id\":\"https:\\\/\\\/www.accuratereviews.com\\\/it\\\/#website\"},\"primaryImageOfPage\":{\"@id\":\"https:\\\/\\\/www.accuratereviews.com\\\/it\\\/gestionale-per-associazioni\\\/memberleap-recensione\\\/#primaryimage\"},\"image\":{\"@id\":\"https:\\\/\\\/www.accuratereviews.com\\\/it\\\/gestionale-per-associazioni\\\/memberleap-recensione\\\/#primaryimage\"},\"thumbnailUrl\":\"https:\\\/\\\/www.accuratereviews.com\\\/wp-content\\\/uploads\\\/2020\\\/03\\\/MEMBERLEAP.png\",\"datePublished\":\"2020-03-02T11:00:21+00:00\",\"dateModified\":\"2021-02-05T09:43:26+00:00\",\"description\":\"MemberLeap: recensione software di gestione dell'associazione\u00a0che aiuta le organizzazioni ad amministrare efficacemente le loro attivit\u00e0 quotidiane.\",\"breadcrumb\":{\"@id\":\"https:\\\/\\\/www.accuratereviews.com\\\/it\\\/gestionale-per-associazioni\\\/memberleap-recensione\\\/#breadcrumb\"},\"inLanguage\":\"it-IT\",\"potentialAction\":[{\"@type\":\"ReadAction\",\"target\":[\"https:\\\/\\\/www.accuratereviews.com\\\/it\\\/gestionale-per-associazioni\\\/memberleap-recensione\\\/\"]}]},{\"@type\":\"ImageObject\",\"inLanguage\":\"it-IT\",\"@id\":\"https:\\\/\\\/www.accuratereviews.com\\\/it\\\/gestionale-per-associazioni\\\/memberleap-recensione\\\/#primaryimage\",\"url\":\"https:\\\/\\\/www.accuratereviews.com\\\/wp-content\\\/uploads\\\/2020\\\/03\\\/MEMBERLEAP.png\",\"contentUrl\":\"https:\\\/\\\/www.accuratereviews.com\\\/wp-content\\\/uploads\\\/2020\\\/03\\\/MEMBERLEAP.png\",\"width\":200,\"height\":200},{\"@type\":\"BreadcrumbList\",\"@id\":\"https:\\\/\\\/www.accuratereviews.com\\\/it\\\/gestionale-per-associazioni\\\/memberleap-recensione\\\/#breadcrumb\",\"itemListElement\":[{\"@type\":\"ListItem\",\"position\":1,\"name\":\"Home\",\"item\":\"https:\\\/\\\/www.accuratereviews.com\\\/it\\\/\"},{\"@type\":\"ListItem\",\"position\":2,\"name\":\"Gestionale per associazioni\",\"item\":\"https:\\\/\\\/www.accuratereviews.com\\\/it\\\/gestionale-per-associazioni\\\/\"},{\"@type\":\"ListItem\",\"position\":3,\"name\":\"MemberLeap\"}]},{\"@type\":\"WebSite\",\"@id\":\"https:\\\/\\\/www.accuratereviews.com\\\/it\\\/#website\",\"url\":\"https:\\\/\\\/www.accuratereviews.com\\\/it\\\/\",\"name\":\"Accurate Reviews\",\"description\":\"\",\"potentialAction\":[{\"@type\":\"SearchAction\",\"target\":{\"@type\":\"EntryPoint\",\"urlTemplate\":\"https:\\\/\\\/www.accuratereviews.com\\\/it\\\/?s={search_term_string}\"},\"query-input\":{\"@type\":\"PropertyValueSpecification\",\"valueRequired\":true,\"valueName\":\"search_term_string\"}}],\"inLanguage\":\"it-IT\"}]}<\/script>\n<!-- \/ Yoast SEO plugin. -->","yoast_head_json":{"title":"MemberLeap: recensione gestionale per associazioni - Accurate Reviews","description":"MemberLeap: recensione software di gestione dell'associazione\u00a0che aiuta le organizzazioni ad amministrare efficacemente le loro attivit\u00e0 quotidiane.","robots":{"index":"index","follow":"follow","max-snippet":"max-snippet:-1","max-image-preview":"max-image-preview:large","max-video-preview":"max-video-preview:-1"},"canonical":"https:\/\/www.accuratereviews.com\/it\/gestionale-per-associazioni\/memberleap-recensione\/","og_locale":"it_IT","og_type":"article","og_title":"MemberLeap: recensione gestionale per associazioni - Accurate Reviews","og_description":"MemberLeap: recensione software di gestione dell'associazione\u00a0che aiuta le organizzazioni ad amministrare efficacemente le loro attivit\u00e0 quotidiane.","og_url":"https:\/\/www.accuratereviews.com\/it\/gestionale-per-associazioni\/memberleap-recensione\/","og_site_name":"Accurate Reviews","article_modified_time":"2021-02-05T09:43:26+00:00","og_image":[{"width":200,"height":200,"url":"https:\/\/www.accuratereviews.com\/wp-content\/uploads\/2020\/03\/MEMBERLEAP.png","type":"image\/png"}],"twitter_card":"summary_large_image","twitter_misc":{"Tempo di lettura stimato":"3 minuti"},"schema":{"@context":"https:\/\/schema.org","@graph":[{"@type":"WebPage","@id":"https:\/\/www.accuratereviews.com\/it\/gestionale-per-associazioni\/memberleap-recensione\/","url":"https:\/\/www.accuratereviews.com\/it\/gestionale-per-associazioni\/memberleap-recensione\/","name":"MemberLeap: recensione gestionale per associazioni - Accurate Reviews","isPartOf":{"@id":"https:\/\/www.accuratereviews.com\/it\/#website"},"primaryImageOfPage":{"@id":"https:\/\/www.accuratereviews.com\/it\/gestionale-per-associazioni\/memberleap-recensione\/#primaryimage"},"image":{"@id":"https:\/\/www.accuratereviews.com\/it\/gestionale-per-associazioni\/memberleap-recensione\/#primaryimage"},"thumbnailUrl":"https:\/\/www.accuratereviews.com\/wp-content\/uploads\/2020\/03\/MEMBERLEAP.png","datePublished":"2020-03-02T11:00:21+00:00","dateModified":"2021-02-05T09:43:26+00:00","description":"MemberLeap: recensione software di gestione dell'associazione\u00a0che aiuta le organizzazioni ad amministrare efficacemente le loro attivit\u00e0 quotidiane.","breadcrumb":{"@id":"https:\/\/www.accuratereviews.com\/it\/gestionale-per-associazioni\/memberleap-recensione\/#breadcrumb"},"inLanguage":"it-IT","potentialAction":[{"@type":"ReadAction","target":["https:\/\/www.accuratereviews.com\/it\/gestionale-per-associazioni\/memberleap-recensione\/"]}]},{"@type":"ImageObject","inLanguage":"it-IT","@id":"https:\/\/www.accuratereviews.com\/it\/gestionale-per-associazioni\/memberleap-recensione\/#primaryimage","url":"https:\/\/www.accuratereviews.com\/wp-content\/uploads\/2020\/03\/MEMBERLEAP.png","contentUrl":"https:\/\/www.accuratereviews.com\/wp-content\/uploads\/2020\/03\/MEMBERLEAP.png","width":200,"height":200},{"@type":"BreadcrumbList","@id":"https:\/\/www.accuratereviews.com\/it\/gestionale-per-associazioni\/memberleap-recensione\/#breadcrumb","itemListElement":[{"@type":"ListItem","position":1,"name":"Home","item":"https:\/\/www.accuratereviews.com\/it\/"},{"@type":"ListItem","position":2,"name":"Gestionale per associazioni","item":"https:\/\/www.accuratereviews.com\/it\/gestionale-per-associazioni\/"},{"@type":"ListItem","position":3,"name":"MemberLeap"}]},{"@type":"WebSite","@id":"https:\/\/www.accuratereviews.com\/it\/#website","url":"https:\/\/www.accuratereviews.com\/it\/","name":"Accurate Reviews","description":"","potentialAction":[{"@type":"SearchAction","target":{"@type":"EntryPoint","urlTemplate":"https:\/\/www.accuratereviews.com\/it\/?s={search_term_string}"},"query-input":{"@type":"PropertyValueSpecification","valueRequired":true,"valueName":"search_term_string"}}],"inLanguage":"it-IT"}]}},"_links":{"self":[{"href":"https:\/\/www.accuratereviews.com\/it\/wp-json\/wp\/v2\/pages\/23860","targetHints":{"allow":["GET"]}}],"collection":[{"href":"https:\/\/www.accuratereviews.com\/it\/wp-json\/wp\/v2\/pages"}],"about":[{"href":"https:\/\/www.accuratereviews.com\/it\/wp-json\/wp\/v2\/types\/page"}],"author":[{"embeddable":true,"href":"https:\/\/www.accuratereviews.com\/it\/wp-json\/wp\/v2\/users\/19"}],"replies":[{"embeddable":true,"href":"https:\/\/www.accuratereviews.com\/it\/wp-json\/wp\/v2\/comments?post=23860"}],"version-history":[{"count":5,"href":"https:\/\/www.accuratereviews.com\/it\/wp-json\/wp\/v2\/pages\/23860\/revisions"}],"predecessor-version":[{"id":36856,"href":"https:\/\/www.accuratereviews.com\/it\/wp-json\/wp\/v2\/pages\/23860\/revisions\/36856"}],"up":[{"embeddable":true,"href":"https:\/\/www.accuratereviews.com\/it\/wp-json\/wp\/v2\/pages\/35837"}],"wp:featuredmedia":[{"embeddable":true,"href":"https:\/\/www.accuratereviews.com\/it\/wp-json\/wp\/v2\/media\/23861"}],"wp:attachment":[{"href":"https:\/\/www.accuratereviews.com\/it\/wp-json\/wp\/v2\/media?parent=23860"}],"wp:term":[{"taxonomy":"category","embeddable":true,"href":"https:\/\/www.accuratereviews.com\/it\/wp-json\/wp\/v2\/categories?post=23860"},{"taxonomy":"post_tag","embeddable":true,"href":"https:\/\/www.accuratereviews.com\/it\/wp-json\/wp\/v2\/tags?post=23860"},{"taxonomy":"features","embeddable":true,"href":"https:\/\/www.accuratereviews.com\/it\/wp-json\/wp\/v2\/features?post=23860"}],"curies":[{"name":"wp","href":"https:\/\/api.w.org\/{rel}","templated":true}]}}