{"id":23904,"date":"2020-03-03T10:31:11","date_gmt":"2020-03-03T10:31:11","guid":{"rendered":"https:\/\/www.accuratereviews.com\/?page_id=23904"},"modified":"2021-02-05T10:21:11","modified_gmt":"2021-02-05T10:21:11","slug":"silkstart-recensione","status":"publish","type":"page","link":"https:\/\/www.accuratereviews.com\/it\/gestionale-per-associazioni\/silkstart-recensione\/","title":{"rendered":"SilkStart"},"content":{"rendered":"<p><strong>SilkStart<\/strong> \u00e8 una soluzione di<strong> gestione dei membri<\/strong> per organizzazioni e associazioni. L&#8217;applicazione basata su <strong>cloud<\/strong> offre una vasta gamma di servizi per organizzazioni di tutte le dimensioni. Fornisce una soluzione one-stop perch\u00e9 integra molti componenti in un&#8217;unica piattaforma.\u00a0La registrazione \u00e8 automatizzata e include moduli di iscrizione personalizzati, elaborazione automatizzata dei pagamenti e promemoria di rinnovo. L&#8217;interfaccia \u00e8 moderna e facile da usare. <strong>SilkStart<\/strong> cerca di creare un&#8217;esperienza utente straordinaria, quindi adotta le tecnologie recente. Le pagine web sono reattive e possono essere aperte su tutti i dispositivi. L&#8217;applicazione pu\u00f2 essere utilizzata su qualsiasi sito web tramite WordPress, Joomla e Drupal. Inoltre, l&#8217;assistenza clienti \u00e8 sempre disponibile per assisterti ogni volta che ne hai bisogno.<\/p>\n<h2>SILKSTART &#8211; TUTORIAL<\/h2>\n<p>Questo tutorial \u00a0ti guider\u00e0 attraverso alcune delle funzionalit\u00e0 pi\u00f9 utilizzate e ti fornir\u00e0 una panoramica di come il <strong>software di gestione delle associazioni<\/strong> pu\u00f2 aiutarti:<\/p>\n<div id=\"fluid-wrapper-counter-1\" class=\"g1-fluid-wrapper \" style=\"width:686px;\">\n<div style=\"padding-bottom:56.268221574344%;\"><iframe loading=\"lazy\" title=\"SilkStart Association Management Software Demo (2018)\" width=\"515\" height=\"386\" src=\"https:\/\/www.youtube.com\/embed\/-Z7BhmIoLkU?feature=oembed&amp;wmode=transparent&amp;autohide=1&amp;autoplay=0&amp;disablekb=0&amp;fs=1&amp;loop=0&amp;enablejsapi=1&amp;rel=0&amp;controls=2&amp;showinfo=0&amp;wmode=transparent&amp;autohide=2&amp;autoplay=0&amp;disablekb=0&amp;fs=1&amp;loop=0&amp;enablejsapi=1&amp;rel=0&amp;controls=2&amp;showinfo=1\" frameborder=\"0\" allow=\"accelerometer; autoplay; clipboard-write; encrypted-media; gyroscope; picture-in-picture\" allowfullscreen><\/iframe><\/div>\n<\/div>\n<p>&nbsp;<\/p>\n<h2>SILKSTART &#8211; CARATTERISTICHE<\/h2>\n<ul>\n<li><strong>Gestione dei membri semplificata:<\/strong> l&#8217;aggiunta, il rinnovo e l&#8217;aggiornamento dei membri non \u00e8 mai stato cos\u00ec facile. La soluzione archivia in modo sicuro tutti i dati dei tuoi membri e fornisce un&#8217;interfaccia facile da usare per accedervi. Raccogli i pagamenti con Stripe, Authorize.net, Bambora o Paypal. Invia automaticamente notifiche di promemoria di benvenuto e di scadenza ai membri<\/li>\n<li><strong>Dati utente centralizzati<\/strong>: il sistema \u00e8 dotato di un potente database centralizzato. Consolidare e conservare tutte le informazioni dei membri. Se disponi di un database membro esistente, \u00e8 facile importarlo su questo programma. Tieni traccia dei membri attivi, inattivi e potenziali, classifica tra organizzazioni e individui, crea livelli di appartenenza variabili e monitora lo stato dei pagamenti<\/li>\n<li><strong>Multi-Capitolo<\/strong>: consenti ai membri di unirsi alla tua organizzazione in generale o scegliere un capitolo a cui appartenere<\/li>\n<li><strong>Mobile Friendly<\/strong>: permetti ai membri di unirsi, rinnovare o aggiornare le informazioni del proprio profilo da qualsiasi dispositivo<\/li>\n<li><strong>Analitica<\/strong>: aggiungi Google Analytics o KISS Metrics al tuo sito per ottenere informazioni approfondite<\/li>\n<li><strong>Moderno<\/strong>: i modelli di siti web aiuteranno a modernizzare la tua presenza online<\/li>\n<li><strong>SEO<\/strong>: aumenta il ranking di ricerca con il nuovo sito web per associazione<\/li>\n<li><strong>Social<\/strong>: Integra i social media con il sito internet<\/li>\n<li><strong>Partecipante<\/strong>: visualizza e gestisci i partecipanti. Traccia la partecipazione dei membri. Offri sconti in base a codici di piano o coupon<\/li>\n<\/ul>\n<h4>LE RECENSIONI DEGLI UTENTI<\/h4>\n<h4 class=\"font-weight-bold my-1 d-flex align-items-center\">Aleksandra N.&#8221;Recensione SilkStart&#8221;<\/h4>\n<p><strong>Commenti: <\/strong>Creare piani di abbonamento, raccogliere quote, facilitare i rinnovi, visualizzare i dati dei membri, tutto in un unico posto.<\/p>\n<p><strong>Vantaggi: <\/strong>Programma semplice che ti aiuta nella gestione, mi \u00e8 piaciuta molto la versione mobile.<\/p>\n<p><strong>Inconvenienti: <\/strong>Non ho notato nulla che non mi piacesse in particolare.<\/p>\n<h4 class=\"font-weight-bold my-1 d-flex align-items-center\">Richard B.\u00a0&#8220;Azienda e prodotto solidi&#8221;<\/h4>\n<p><strong>Commenti: <\/strong>Molto felice di aver effettuato l&#8217;accesso!<\/p>\n<p><strong>Vantaggi: <\/strong>Molte funzionalit\u00e0. Tutto ci\u00f2 che la maggior parte delle piccole organizzazioni avrebbe bisogno. Questi ragazzi vogliono davvero farlo funzionare per te. Sono un cliente molto piccolo, ma a loro non importa ..<\/p>\n<p><strong>Inconvenienti: <\/strong>Se hai un bisogno di assistenza, pu\u00f2 essere difficile ottenere un aiuto immediato al telefono, quindi pianifica in anticipo. Ma sono anche una piccola azienda SaaS con risorse limitate, quindi \u00e8 necessario rendersi conto che ..<\/p>\n<h5 class=\"font-weight-bold my-1 d-flex align-items-center\">Luke B.\u00a0&#8220;SilkStart \u00e8 il migliore del gruppo&#8221;<\/h5>\n<p><strong>Commenti: <\/strong>Abbiamo esaminato una dozzina di piattaforme prima di decidere SilkStart. \u00c8 stato il chiaro leader della nostra indagine e non abbiamo mai avuto un momento di rimpianto per averlo scelto.<\/p>\n<p><strong>Vantaggi: <\/strong>Usiamo Silkstart per gestire un club sociale locale in Svizzera. \u00c8 stata una rivelazione nell&#8217;aiutarci a ridurre i costi, migliorare il nostro supporto ai membri e ridurre al minimo i tempi di amministrazione per la gestione degli eventi. \u00c8 una piattaforma potente che ha un occhio attento ai dettagli. E la qualit\u00e0 del supporto \u00e8 fuori dagli schemi. Tutto sommato \u00e8 solo una piattaforma \/ servizio piacevole e ben progettata che fa ci\u00f2 che fa bene e sembra continuare a migliorare con le nuove funzionalit\u00e0.<\/p>\n<p><strong>Inconvenienti: <\/strong>Il costruttore del sito web nel pacchetto standard \u00e8 abbastanza semplice e potrebbe non essere abbastanza robusto per tutti gli usi.<\/p>\n","protected":false},"excerpt":{"rendered":"<p>SilkStart \u00e8 una soluzione di gestione dei membri per organizzazioni e associazioni. L&#8217;applicazione basata su cloud offre una vasta gamma di servizi per organizzazioni di tutte le dimensioni. Fornisce una soluzione one-stop perch\u00e9 integra molti componenti in un&#8217;unica piattaforma.\u00a0La registrazione \u00e8 automatizzata e include moduli di iscrizione personalizzati, elaborazione automatizzata dei pagamenti e promemoria di rinnovo.<\/p>\n","protected":false},"author":19,"featured_media":23906,"parent":35837,"menu_order":0,"comment_status":"open","ping_status":"closed","template":"g1_template_page_review_new.php","meta":{"_acf_changed":false,"cwp_meta_box_check":"Yes","cwp_rev_product_name":"","cwp_rev_product_image":"","wppr_links":[],"cwp_rev_price":"","wppr_options":[],"wppr_pros":[],"wppr_cons":[],"_monsterinsights_skip_tracking":false,"_monsterinsights_sitenote_active":false,"_monsterinsights_sitenote_note":"","_monsterinsights_sitenote_category":0,"footnotes":""},"categories":[1943],"tags":[1944,396,2098,1949,2152,1947,1948],"features":[],"class_list":{"0":"post-23904","1":"page","2":"type-page","3":"status-publish","4":"has-post-thumbnail","6":"category-gestionale-per-associazioni-categoria","7":"tag-association-management-software","8":"tag-cloud","9":"tag-piattaforma-gestionale-per-associazioni","10":"tag-programma-gestionale-associazioni","11":"tag-silkstart","12":"tag-software-gestionale-associazioni","13":"tag-soluzione-gestionale-associazioni"},"wppr_data":{"cwp_meta_box_check":"Yes","cwp_rev_product_name":"","cwp_rev_product_image":"","cwp_image_link":"image","cwp_rev_price":"","wppr_rating":"0.00"},"acf":[],"yoast_head":"<!-- This site is optimized with the Yoast SEO plugin v27.4 - https:\/\/yoast.com\/product\/yoast-seo-wordpress\/ -->\n<title>SilkStart: recensione gestionale per associazioni- Accurate Reviews<\/title>\n<meta name=\"description\" content=\"SilkStart: recensione soluzione di gestione dei membri per organizzazioni e associazioni. L&#039;applicazione basata su cloud offre una vasta gamma di servizi.\" \/>\n<meta name=\"robots\" content=\"index, follow, max-snippet:-1, max-image-preview:large, max-video-preview:-1\" \/>\n<link rel=\"canonical\" href=\"https:\/\/www.accuratereviews.com\/it\/gestionale-per-associazioni\/silkstart-recensione\/\" \/>\n<meta property=\"og:locale\" content=\"it_IT\" \/>\n<meta property=\"og:type\" content=\"article\" \/>\n<meta property=\"og:title\" content=\"SilkStart: recensione gestionale per associazioni- Accurate Reviews\" \/>\n<meta property=\"og:description\" content=\"SilkStart: recensione soluzione di gestione dei membri per organizzazioni e associazioni. L&#039;applicazione basata su cloud offre una vasta gamma di servizi.\" \/>\n<meta property=\"og:url\" content=\"https:\/\/www.accuratereviews.com\/it\/gestionale-per-associazioni\/silkstart-recensione\/\" \/>\n<meta property=\"og:site_name\" content=\"Accurate Reviews\" \/>\n<meta property=\"article:modified_time\" content=\"2021-02-05T10:21:11+00:00\" \/>\n<meta property=\"og:image\" content=\"https:\/\/www.accuratereviews.com\/wp-content\/uploads\/2020\/03\/silk.png\" \/>\n\t<meta property=\"og:image:width\" content=\"997\" \/>\n\t<meta property=\"og:image:height\" content=\"274\" \/>\n\t<meta property=\"og:image:type\" content=\"image\/png\" \/>\n<meta name=\"twitter:card\" content=\"summary_large_image\" \/>\n<meta name=\"twitter:label1\" content=\"Tempo di lettura stimato\" \/>\n\t<meta name=\"twitter:data1\" content=\"3 minuti\" \/>\n<script type=\"application\/ld+json\" class=\"yoast-schema-graph\">{\"@context\":\"https:\\\/\\\/schema.org\",\"@graph\":[{\"@type\":\"WebPage\",\"@id\":\"https:\\\/\\\/www.accuratereviews.com\\\/it\\\/gestionale-per-associazioni\\\/silkstart-recensione\\\/\",\"url\":\"https:\\\/\\\/www.accuratereviews.com\\\/it\\\/gestionale-per-associazioni\\\/silkstart-recensione\\\/\",\"name\":\"SilkStart: recensione gestionale per associazioni- Accurate Reviews\",\"isPartOf\":{\"@id\":\"https:\\\/\\\/www.accuratereviews.com\\\/it\\\/#website\"},\"primaryImageOfPage\":{\"@id\":\"https:\\\/\\\/www.accuratereviews.com\\\/it\\\/gestionale-per-associazioni\\\/silkstart-recensione\\\/#primaryimage\"},\"image\":{\"@id\":\"https:\\\/\\\/www.accuratereviews.com\\\/it\\\/gestionale-per-associazioni\\\/silkstart-recensione\\\/#primaryimage\"},\"thumbnailUrl\":\"https:\\\/\\\/www.accuratereviews.com\\\/wp-content\\\/uploads\\\/2020\\\/03\\\/silk.png\",\"datePublished\":\"2020-03-03T10:31:11+00:00\",\"dateModified\":\"2021-02-05T10:21:11+00:00\",\"description\":\"SilkStart: recensione soluzione di gestione dei membri per organizzazioni e associazioni. L'applicazione basata su cloud offre una vasta gamma di servizi.\",\"breadcrumb\":{\"@id\":\"https:\\\/\\\/www.accuratereviews.com\\\/it\\\/gestionale-per-associazioni\\\/silkstart-recensione\\\/#breadcrumb\"},\"inLanguage\":\"it-IT\",\"potentialAction\":[{\"@type\":\"ReadAction\",\"target\":[\"https:\\\/\\\/www.accuratereviews.com\\\/it\\\/gestionale-per-associazioni\\\/silkstart-recensione\\\/\"]}]},{\"@type\":\"ImageObject\",\"inLanguage\":\"it-IT\",\"@id\":\"https:\\\/\\\/www.accuratereviews.com\\\/it\\\/gestionale-per-associazioni\\\/silkstart-recensione\\\/#primaryimage\",\"url\":\"https:\\\/\\\/www.accuratereviews.com\\\/wp-content\\\/uploads\\\/2020\\\/03\\\/silk.png\",\"contentUrl\":\"https:\\\/\\\/www.accuratereviews.com\\\/wp-content\\\/uploads\\\/2020\\\/03\\\/silk.png\",\"width\":997,\"height\":274},{\"@type\":\"BreadcrumbList\",\"@id\":\"https:\\\/\\\/www.accuratereviews.com\\\/it\\\/gestionale-per-associazioni\\\/silkstart-recensione\\\/#breadcrumb\",\"itemListElement\":[{\"@type\":\"ListItem\",\"position\":1,\"name\":\"Home\",\"item\":\"https:\\\/\\\/www.accuratereviews.com\\\/it\\\/\"},{\"@type\":\"ListItem\",\"position\":2,\"name\":\"Gestionale per associazioni\",\"item\":\"https:\\\/\\\/www.accuratereviews.com\\\/it\\\/gestionale-per-associazioni\\\/\"},{\"@type\":\"ListItem\",\"position\":3,\"name\":\"SilkStart\"}]},{\"@type\":\"WebSite\",\"@id\":\"https:\\\/\\\/www.accuratereviews.com\\\/it\\\/#website\",\"url\":\"https:\\\/\\\/www.accuratereviews.com\\\/it\\\/\",\"name\":\"Accurate Reviews\",\"description\":\"\",\"potentialAction\":[{\"@type\":\"SearchAction\",\"target\":{\"@type\":\"EntryPoint\",\"urlTemplate\":\"https:\\\/\\\/www.accuratereviews.com\\\/it\\\/?s={search_term_string}\"},\"query-input\":{\"@type\":\"PropertyValueSpecification\",\"valueRequired\":true,\"valueName\":\"search_term_string\"}}],\"inLanguage\":\"it-IT\"}]}<\/script>\n<!-- \/ Yoast SEO plugin. -->","yoast_head_json":{"title":"SilkStart: recensione gestionale per associazioni- Accurate Reviews","description":"SilkStart: recensione soluzione di gestione dei membri per organizzazioni e associazioni. L'applicazione basata su cloud offre una vasta gamma di servizi.","robots":{"index":"index","follow":"follow","max-snippet":"max-snippet:-1","max-image-preview":"max-image-preview:large","max-video-preview":"max-video-preview:-1"},"canonical":"https:\/\/www.accuratereviews.com\/it\/gestionale-per-associazioni\/silkstart-recensione\/","og_locale":"it_IT","og_type":"article","og_title":"SilkStart: recensione gestionale per associazioni- Accurate Reviews","og_description":"SilkStart: recensione soluzione di gestione dei membri per organizzazioni e associazioni. L'applicazione basata su cloud offre una vasta gamma di servizi.","og_url":"https:\/\/www.accuratereviews.com\/it\/gestionale-per-associazioni\/silkstart-recensione\/","og_site_name":"Accurate Reviews","article_modified_time":"2021-02-05T10:21:11+00:00","og_image":[{"width":997,"height":274,"url":"https:\/\/www.accuratereviews.com\/wp-content\/uploads\/2020\/03\/silk.png","type":"image\/png"}],"twitter_card":"summary_large_image","twitter_misc":{"Tempo di lettura stimato":"3 minuti"},"schema":{"@context":"https:\/\/schema.org","@graph":[{"@type":"WebPage","@id":"https:\/\/www.accuratereviews.com\/it\/gestionale-per-associazioni\/silkstart-recensione\/","url":"https:\/\/www.accuratereviews.com\/it\/gestionale-per-associazioni\/silkstart-recensione\/","name":"SilkStart: recensione gestionale per associazioni- Accurate Reviews","isPartOf":{"@id":"https:\/\/www.accuratereviews.com\/it\/#website"},"primaryImageOfPage":{"@id":"https:\/\/www.accuratereviews.com\/it\/gestionale-per-associazioni\/silkstart-recensione\/#primaryimage"},"image":{"@id":"https:\/\/www.accuratereviews.com\/it\/gestionale-per-associazioni\/silkstart-recensione\/#primaryimage"},"thumbnailUrl":"https:\/\/www.accuratereviews.com\/wp-content\/uploads\/2020\/03\/silk.png","datePublished":"2020-03-03T10:31:11+00:00","dateModified":"2021-02-05T10:21:11+00:00","description":"SilkStart: recensione soluzione di gestione dei membri per organizzazioni e associazioni. L'applicazione basata su cloud offre una vasta gamma di servizi.","breadcrumb":{"@id":"https:\/\/www.accuratereviews.com\/it\/gestionale-per-associazioni\/silkstart-recensione\/#breadcrumb"},"inLanguage":"it-IT","potentialAction":[{"@type":"ReadAction","target":["https:\/\/www.accuratereviews.com\/it\/gestionale-per-associazioni\/silkstart-recensione\/"]}]},{"@type":"ImageObject","inLanguage":"it-IT","@id":"https:\/\/www.accuratereviews.com\/it\/gestionale-per-associazioni\/silkstart-recensione\/#primaryimage","url":"https:\/\/www.accuratereviews.com\/wp-content\/uploads\/2020\/03\/silk.png","contentUrl":"https:\/\/www.accuratereviews.com\/wp-content\/uploads\/2020\/03\/silk.png","width":997,"height":274},{"@type":"BreadcrumbList","@id":"https:\/\/www.accuratereviews.com\/it\/gestionale-per-associazioni\/silkstart-recensione\/#breadcrumb","itemListElement":[{"@type":"ListItem","position":1,"name":"Home","item":"https:\/\/www.accuratereviews.com\/it\/"},{"@type":"ListItem","position":2,"name":"Gestionale per associazioni","item":"https:\/\/www.accuratereviews.com\/it\/gestionale-per-associazioni\/"},{"@type":"ListItem","position":3,"name":"SilkStart"}]},{"@type":"WebSite","@id":"https:\/\/www.accuratereviews.com\/it\/#website","url":"https:\/\/www.accuratereviews.com\/it\/","name":"Accurate Reviews","description":"","potentialAction":[{"@type":"SearchAction","target":{"@type":"EntryPoint","urlTemplate":"https:\/\/www.accuratereviews.com\/it\/?s={search_term_string}"},"query-input":{"@type":"PropertyValueSpecification","valueRequired":true,"valueName":"search_term_string"}}],"inLanguage":"it-IT"}]}},"_links":{"self":[{"href":"https:\/\/www.accuratereviews.com\/it\/wp-json\/wp\/v2\/pages\/23904","targetHints":{"allow":["GET"]}}],"collection":[{"href":"https:\/\/www.accuratereviews.com\/it\/wp-json\/wp\/v2\/pages"}],"about":[{"href":"https:\/\/www.accuratereviews.com\/it\/wp-json\/wp\/v2\/types\/page"}],"author":[{"embeddable":true,"href":"https:\/\/www.accuratereviews.com\/it\/wp-json\/wp\/v2\/users\/19"}],"replies":[{"embeddable":true,"href":"https:\/\/www.accuratereviews.com\/it\/wp-json\/wp\/v2\/comments?post=23904"}],"version-history":[{"count":9,"href":"https:\/\/www.accuratereviews.com\/it\/wp-json\/wp\/v2\/pages\/23904\/revisions"}],"predecessor-version":[{"id":36868,"href":"https:\/\/www.accuratereviews.com\/it\/wp-json\/wp\/v2\/pages\/23904\/revisions\/36868"}],"up":[{"embeddable":true,"href":"https:\/\/www.accuratereviews.com\/it\/wp-json\/wp\/v2\/pages\/35837"}],"wp:featuredmedia":[{"embeddable":true,"href":"https:\/\/www.accuratereviews.com\/it\/wp-json\/wp\/v2\/media\/23906"}],"wp:attachment":[{"href":"https:\/\/www.accuratereviews.com\/it\/wp-json\/wp\/v2\/media?parent=23904"}],"wp:term":[{"taxonomy":"category","embeddable":true,"href":"https:\/\/www.accuratereviews.com\/it\/wp-json\/wp\/v2\/categories?post=23904"},{"taxonomy":"post_tag","embeddable":true,"href":"https:\/\/www.accuratereviews.com\/it\/wp-json\/wp\/v2\/tags?post=23904"},{"taxonomy":"features","embeddable":true,"href":"https:\/\/www.accuratereviews.com\/it\/wp-json\/wp\/v2\/features?post=23904"}],"curies":[{"name":"wp","href":"https:\/\/api.w.org\/{rel}","templated":true}]}}