{"id":23921,"date":"2020-03-04T14:05:14","date_gmt":"2020-03-04T14:05:14","guid":{"rendered":"https:\/\/www.accuratereviews.com\/?page_id=23921"},"modified":"2021-02-05T09:05:23","modified_gmt":"2021-02-05T09:05:23","slug":"raklet-recensione","status":"publish","type":"page","link":"https:\/\/www.accuratereviews.com\/it\/gestionale-per-associazioni\/raklet-recensione\/","title":{"rendered":"Raklet"},"content":{"rendered":"<p><strong>Raklet<\/strong> \u00e8 una soluzione basata su <strong>cloud<\/strong> per la<strong> gestione degli eventi<\/strong> delle associazioni, amministrazione delle iscrizioni e facilitare la comunicazione. Con questo sistema, tutte le informazioni dei soci vengono archiviate in una posizione centralizzata. Ci\u00f2 consente a te e ai tuoi collaboratori di accedere e aggiornare facilmente i dati. Il software documenta tutte le interazioni dei membri e le presenta in un formato cronologico, fornendo un&#8217;immagine chiara della loro storia. Un clic sul nome di un associato e vedrai tutto ci\u00f2 che lo riguarda come attivit\u00e0 sul sito web, coinvolgimento, note, informazioni sul profilo e altro ancora. I rinnovi delle iscrizioni sono automatizzati, eliminando la necessit\u00e0 di seguire costantemente i soci per il rinnovo e le quote di iscrizione. I membri possono pagare online direttamente dal sistema.<\/p>\n<h2>RAKLET &#8211; TUTORIAL<\/h2>\n<p>Impariamo, guardando il tutorial, come creare coupon per i soci della tua associazione utilizzando questo software:<\/p>\n<div id=\"fluid-wrapper-counter-1\" class=\"g1-fluid-wrapper \" style=\"width:686px;\">\n<div style=\"padding-bottom:56.268221574344%;\"><iframe loading=\"lazy\" title=\"How to Create Event Coupons with Raklet?\" width=\"686\" height=\"386\" src=\"https:\/\/www.youtube.com\/embed\/fwHLS6G5wGM?feature=oembed&amp;wmode=transparent&amp;autohide=1&amp;autoplay=0&amp;disablekb=0&amp;fs=1&amp;loop=0&amp;enablejsapi=1&amp;rel=0&amp;controls=2&amp;showinfo=0&amp;wmode=transparent&amp;autohide=2&amp;autoplay=0&amp;disablekb=0&amp;fs=1&amp;loop=0&amp;enablejsapi=1&amp;rel=0&amp;controls=2&amp;showinfo=1\" frameborder=\"0\" allow=\"accelerometer; autoplay; clipboard-write; encrypted-media; gyroscope; picture-in-picture\" allowfullscreen><\/iframe><\/div>\n<\/div>\n<h3>RAKLET &#8211; CARATTERISTICHE<\/h3>\n<div class=\"SectionFeatures-listItem\">\n<div class=\"SectionFeatures-listItemRow\">\n<div class=\"SectionFeatures-listContent\">\n<ul>\n<li><strong>Contatti CRM<\/strong>: profili gestiti online, aggiornati automaticamente con i login social<\/li>\n<li><strong>Membri<\/strong>: raccogli commissioni e donazioni con carta di credito o sms<\/li>\n<li><strong>Email e SMS<\/strong>: invia messaggi con e-mail e sms integrati<\/li>\n<li><strong>Biglietto dell&#8217;evento<\/strong>: vendi i biglietti online e fai il check-in agli ospiti dalla porta<\/li>\n<li><strong>Rete social:<\/strong> Rafforzare i legami tra i membri<\/li>\n<li><strong>Fundraising<\/strong>: coinvolgi la tua community e aumenta le donazioni<\/li>\n<\/ul>\n<h4>LE RECENSIONI DEGLI UTENTI<\/h4>\n<h4 class=\"font-weight-bold my-1 d-flex align-items-center\">Elisabetta M.&#8221;Sono soddisfatta&#8221;<\/h4>\n<p><strong>Commenti:\u00a0<\/strong>Stiamo usando Raklet dalla sua nascita e dobbiamo riconoscere che ha aiutato moltissimo la nostra amministrazione e comunicazione in modo che la nostra Associazione potesse essere aiutata ad aumentare<\/p>\n<p><strong>Vantaggi:\u00a0<\/strong>&#8211; La possibilit\u00e0 di gestire l&#8217;amministrazione, l&#8217;organizzazione e la comunicazione di una grande associazione di migliaia di membri<br \/>\n&#8211; la possibilit\u00e0 di risolvere rapidamente i problemi tramite chat o chiamata Skype<br \/>\n&#8211; la possibilit\u00e0 di organizzare il crowdfunding<br \/>\n&#8211; la gentilezza del personale<\/p>\n<p><strong>Inconvenienti:\u00a0<\/strong>&#8211; alcune limitazioni grafiche<br \/>\n&#8211; per quanto ne so, non prevede la possibilit\u00e0 di inviare newsletter a persone esterne all&#8217;Associazione, ma solo ai membri registrati. Ma sarebbe utile promuovere l&#8217;Associazione e gli eventi.<\/p>\n<h4 class=\"font-weight-bold my-1 d-flex align-items-center\">Callum C. &#8220;Soluzioni associative per una piccola ONG&#8221;<\/h4>\n<p><strong>Vantaggi:\u00a0<\/strong>Stavamo cercando un pacchetto software &#8220;pronto all&#8217;uso&#8221; che continuasse a crescere e ad adattarsi nel tempo, offrendo pi\u00f9 servizi e un aspetto pi\u00f9 professionale rispetto al vecchio sistema di abbonamento personalizzato che avevamo. Ha trasformato l&#8217;esperienza dei membri e Raklet ha ascoltato le nostre esigenze e ha cercato di soddisfare. Come piccola ONG le nostre risorse sono limitate, quindi per noi funziona molto bene.<\/p>\n<p><strong>Inconvenienti:\u00a0<\/strong>La necessit\u00e0 di personalizzare determinati aspetti (ad es. Categorie di paesi) \u00e8 buona, ma richiede anche tempo e denaro extra.<\/p>\n<h4 class=\"font-weight-bold my-1 d-flex align-items-center\">Gilles G.&#8221;Buon software di appartenenza&#8221;<\/h4>\n<p><strong>Commenti:\u00a0<\/strong>Mi \u00e8 piaciuta molto la reattivit\u00e0 del supporto. Sono in gamba, ascoltano i tuoi commenti e provano ad integrarsi se il commento pu\u00f2 apportare valore al loro prodotto.<\/p>\n<p><strong>Vantaggi:\u00a0<\/strong>Mi piace l&#8217;integrazione dello stato di appartenenza (attivo \/ non attivo) con il sistema di prenotazione degli eventi. Semplifica notevolmente la gestione delle nostre attivit\u00e0 poich\u00e9 imponiamo che le persone paghino quando prenotano.<\/p>\n<p><strong>Inconvenienti:\u00a0<\/strong>C&#8217;\u00e8 un piccolo avvertimento sulla definizione dei campi nel processo di registrazione e sulla mancanza di domande sulla &#8220;logica di sistema&#8221; (se si risponde in questo modo, verr\u00e0 visualizzato un altro campo).<\/p>\n<\/div>\n<\/div>\n<\/div>\n","protected":false},"excerpt":{"rendered":"<p>Raklet \u00e8 una soluzione basata su cloud per la gestione degli eventi delle associazioni, amministrazione delle iscrizioni e facilitare la comunicazione. Con questo sistema, tutte le informazioni dei soci vengono archiviate in una posizione centralizzata. Ci\u00f2 consente a te e ai tuoi collaboratori di accedere e aggiornare facilmente i dati.<\/p>\n","protected":false},"author":19,"featured_media":23922,"parent":35837,"menu_order":0,"comment_status":"open","ping_status":"closed","template":"g1_template_page_review_new.php","meta":{"_acf_changed":false,"cwp_meta_box_check":"Yes","cwp_rev_product_name":"","cwp_rev_product_image":"","wppr_links":[],"cwp_rev_price":"","wppr_options":[],"wppr_pros":[],"wppr_cons":[],"_monsterinsights_skip_tracking":false,"_monsterinsights_sitenote_active":false,"_monsterinsights_sitenote_note":"","_monsterinsights_sitenote_category":0,"footnotes":""},"categories":[1943],"tags":[1944,396,2008,2158,1947,1948],"features":[],"class_list":{"0":"post-23921","1":"page","2":"type-page","3":"status-publish","4":"has-post-thumbnail","6":"category-gestionale-per-associazioni-categoria","7":"tag-association-management-software","8":"tag-cloud","9":"tag-piattaforma-gestionale-associazioni","10":"tag-raklet","11":"tag-software-gestionale-associazioni","12":"tag-soluzione-gestionale-associazioni"},"wppr_data":{"cwp_meta_box_check":"Yes","cwp_rev_product_name":"","cwp_rev_product_image":"","cwp_image_link":"image","cwp_rev_price":"","wppr_rating":"0.00"},"acf":[],"yoast_head":"<!-- This site is optimized with the Yoast SEO plugin v27.4 - https:\/\/yoast.com\/product\/yoast-seo-wordpress\/ -->\n<title>Raklet: recensione gestionale per associazioni- Accurate Reviews<\/title>\n<meta name=\"description\" content=\"Raklet: recensione del software gestionale basato su cloud per la gestione di eventi, iscrizioni, attivit\u00e0 delle associazioni.\" \/>\n<meta name=\"robots\" content=\"index, follow, max-snippet:-1, max-image-preview:large, max-video-preview:-1\" \/>\n<link rel=\"canonical\" href=\"https:\/\/www.accuratereviews.com\/it\/gestionale-per-associazioni\/raklet-recensione\/\" \/>\n<meta property=\"og:locale\" content=\"it_IT\" \/>\n<meta property=\"og:type\" content=\"article\" \/>\n<meta property=\"og:title\" content=\"Raklet: recensione gestionale per associazioni- Accurate Reviews\" \/>\n<meta property=\"og:description\" content=\"Raklet: recensione del software gestionale basato su cloud per la gestione di eventi, iscrizioni, attivit\u00e0 delle associazioni.\" \/>\n<meta property=\"og:url\" content=\"https:\/\/www.accuratereviews.com\/it\/gestionale-per-associazioni\/raklet-recensione\/\" \/>\n<meta property=\"og:site_name\" content=\"Accurate Reviews\" \/>\n<meta property=\"article:modified_time\" content=\"2021-02-05T09:05:23+00:00\" \/>\n<meta property=\"og:image\" content=\"https:\/\/www.accuratereviews.com\/wp-content\/uploads\/2020\/03\/raklet.png\" \/>\n\t<meta property=\"og:image:width\" content=\"200\" \/>\n\t<meta property=\"og:image:height\" content=\"200\" \/>\n\t<meta property=\"og:image:type\" content=\"image\/png\" \/>\n<meta name=\"twitter:card\" content=\"summary_large_image\" \/>\n<meta name=\"twitter:label1\" content=\"Tempo di lettura stimato\" \/>\n\t<meta name=\"twitter:data1\" content=\"3 minuti\" \/>\n<script type=\"application\/ld+json\" class=\"yoast-schema-graph\">{\"@context\":\"https:\\\/\\\/schema.org\",\"@graph\":[{\"@type\":\"WebPage\",\"@id\":\"https:\\\/\\\/www.accuratereviews.com\\\/it\\\/gestionale-per-associazioni\\\/raklet-recensione\\\/\",\"url\":\"https:\\\/\\\/www.accuratereviews.com\\\/it\\\/gestionale-per-associazioni\\\/raklet-recensione\\\/\",\"name\":\"Raklet: recensione gestionale per associazioni- Accurate Reviews\",\"isPartOf\":{\"@id\":\"https:\\\/\\\/www.accuratereviews.com\\\/it\\\/#website\"},\"primaryImageOfPage\":{\"@id\":\"https:\\\/\\\/www.accuratereviews.com\\\/it\\\/gestionale-per-associazioni\\\/raklet-recensione\\\/#primaryimage\"},\"image\":{\"@id\":\"https:\\\/\\\/www.accuratereviews.com\\\/it\\\/gestionale-per-associazioni\\\/raklet-recensione\\\/#primaryimage\"},\"thumbnailUrl\":\"https:\\\/\\\/www.accuratereviews.com\\\/wp-content\\\/uploads\\\/2020\\\/03\\\/raklet.png\",\"datePublished\":\"2020-03-04T14:05:14+00:00\",\"dateModified\":\"2021-02-05T09:05:23+00:00\",\"description\":\"Raklet: recensione del software gestionale basato su cloud per la gestione di eventi, iscrizioni, attivit\u00e0 delle associazioni.\",\"breadcrumb\":{\"@id\":\"https:\\\/\\\/www.accuratereviews.com\\\/it\\\/gestionale-per-associazioni\\\/raklet-recensione\\\/#breadcrumb\"},\"inLanguage\":\"it-IT\",\"potentialAction\":[{\"@type\":\"ReadAction\",\"target\":[\"https:\\\/\\\/www.accuratereviews.com\\\/it\\\/gestionale-per-associazioni\\\/raklet-recensione\\\/\"]}]},{\"@type\":\"ImageObject\",\"inLanguage\":\"it-IT\",\"@id\":\"https:\\\/\\\/www.accuratereviews.com\\\/it\\\/gestionale-per-associazioni\\\/raklet-recensione\\\/#primaryimage\",\"url\":\"https:\\\/\\\/www.accuratereviews.com\\\/wp-content\\\/uploads\\\/2020\\\/03\\\/raklet.png\",\"contentUrl\":\"https:\\\/\\\/www.accuratereviews.com\\\/wp-content\\\/uploads\\\/2020\\\/03\\\/raklet.png\",\"width\":200,\"height\":200},{\"@type\":\"BreadcrumbList\",\"@id\":\"https:\\\/\\\/www.accuratereviews.com\\\/it\\\/gestionale-per-associazioni\\\/raklet-recensione\\\/#breadcrumb\",\"itemListElement\":[{\"@type\":\"ListItem\",\"position\":1,\"name\":\"Home\",\"item\":\"https:\\\/\\\/www.accuratereviews.com\\\/it\\\/\"},{\"@type\":\"ListItem\",\"position\":2,\"name\":\"Gestionale per associazioni\",\"item\":\"https:\\\/\\\/www.accuratereviews.com\\\/it\\\/gestionale-per-associazioni\\\/\"},{\"@type\":\"ListItem\",\"position\":3,\"name\":\"Raklet\"}]},{\"@type\":\"WebSite\",\"@id\":\"https:\\\/\\\/www.accuratereviews.com\\\/it\\\/#website\",\"url\":\"https:\\\/\\\/www.accuratereviews.com\\\/it\\\/\",\"name\":\"Accurate Reviews\",\"description\":\"\",\"potentialAction\":[{\"@type\":\"SearchAction\",\"target\":{\"@type\":\"EntryPoint\",\"urlTemplate\":\"https:\\\/\\\/www.accuratereviews.com\\\/it\\\/?s={search_term_string}\"},\"query-input\":{\"@type\":\"PropertyValueSpecification\",\"valueRequired\":true,\"valueName\":\"search_term_string\"}}],\"inLanguage\":\"it-IT\"}]}<\/script>\n<!-- \/ Yoast SEO plugin. -->","yoast_head_json":{"title":"Raklet: recensione gestionale per associazioni- Accurate Reviews","description":"Raklet: recensione del software gestionale basato su cloud per la gestione di eventi, iscrizioni, attivit\u00e0 delle associazioni.","robots":{"index":"index","follow":"follow","max-snippet":"max-snippet:-1","max-image-preview":"max-image-preview:large","max-video-preview":"max-video-preview:-1"},"canonical":"https:\/\/www.accuratereviews.com\/it\/gestionale-per-associazioni\/raklet-recensione\/","og_locale":"it_IT","og_type":"article","og_title":"Raklet: recensione gestionale per associazioni- Accurate Reviews","og_description":"Raklet: recensione del software gestionale basato su cloud per la gestione di eventi, iscrizioni, attivit\u00e0 delle associazioni.","og_url":"https:\/\/www.accuratereviews.com\/it\/gestionale-per-associazioni\/raklet-recensione\/","og_site_name":"Accurate Reviews","article_modified_time":"2021-02-05T09:05:23+00:00","og_image":[{"width":200,"height":200,"url":"https:\/\/www.accuratereviews.com\/wp-content\/uploads\/2020\/03\/raklet.png","type":"image\/png"}],"twitter_card":"summary_large_image","twitter_misc":{"Tempo di lettura stimato":"3 minuti"},"schema":{"@context":"https:\/\/schema.org","@graph":[{"@type":"WebPage","@id":"https:\/\/www.accuratereviews.com\/it\/gestionale-per-associazioni\/raklet-recensione\/","url":"https:\/\/www.accuratereviews.com\/it\/gestionale-per-associazioni\/raklet-recensione\/","name":"Raklet: recensione gestionale per associazioni- Accurate Reviews","isPartOf":{"@id":"https:\/\/www.accuratereviews.com\/it\/#website"},"primaryImageOfPage":{"@id":"https:\/\/www.accuratereviews.com\/it\/gestionale-per-associazioni\/raklet-recensione\/#primaryimage"},"image":{"@id":"https:\/\/www.accuratereviews.com\/it\/gestionale-per-associazioni\/raklet-recensione\/#primaryimage"},"thumbnailUrl":"https:\/\/www.accuratereviews.com\/wp-content\/uploads\/2020\/03\/raklet.png","datePublished":"2020-03-04T14:05:14+00:00","dateModified":"2021-02-05T09:05:23+00:00","description":"Raklet: recensione del software gestionale basato su cloud per la gestione di eventi, iscrizioni, attivit\u00e0 delle associazioni.","breadcrumb":{"@id":"https:\/\/www.accuratereviews.com\/it\/gestionale-per-associazioni\/raklet-recensione\/#breadcrumb"},"inLanguage":"it-IT","potentialAction":[{"@type":"ReadAction","target":["https:\/\/www.accuratereviews.com\/it\/gestionale-per-associazioni\/raklet-recensione\/"]}]},{"@type":"ImageObject","inLanguage":"it-IT","@id":"https:\/\/www.accuratereviews.com\/it\/gestionale-per-associazioni\/raklet-recensione\/#primaryimage","url":"https:\/\/www.accuratereviews.com\/wp-content\/uploads\/2020\/03\/raklet.png","contentUrl":"https:\/\/www.accuratereviews.com\/wp-content\/uploads\/2020\/03\/raklet.png","width":200,"height":200},{"@type":"BreadcrumbList","@id":"https:\/\/www.accuratereviews.com\/it\/gestionale-per-associazioni\/raklet-recensione\/#breadcrumb","itemListElement":[{"@type":"ListItem","position":1,"name":"Home","item":"https:\/\/www.accuratereviews.com\/it\/"},{"@type":"ListItem","position":2,"name":"Gestionale per associazioni","item":"https:\/\/www.accuratereviews.com\/it\/gestionale-per-associazioni\/"},{"@type":"ListItem","position":3,"name":"Raklet"}]},{"@type":"WebSite","@id":"https:\/\/www.accuratereviews.com\/it\/#website","url":"https:\/\/www.accuratereviews.com\/it\/","name":"Accurate Reviews","description":"","potentialAction":[{"@type":"SearchAction","target":{"@type":"EntryPoint","urlTemplate":"https:\/\/www.accuratereviews.com\/it\/?s={search_term_string}"},"query-input":{"@type":"PropertyValueSpecification","valueRequired":true,"valueName":"search_term_string"}}],"inLanguage":"it-IT"}]}},"_links":{"self":[{"href":"https:\/\/www.accuratereviews.com\/it\/wp-json\/wp\/v2\/pages\/23921","targetHints":{"allow":["GET"]}}],"collection":[{"href":"https:\/\/www.accuratereviews.com\/it\/wp-json\/wp\/v2\/pages"}],"about":[{"href":"https:\/\/www.accuratereviews.com\/it\/wp-json\/wp\/v2\/types\/page"}],"author":[{"embeddable":true,"href":"https:\/\/www.accuratereviews.com\/it\/wp-json\/wp\/v2\/users\/19"}],"replies":[{"embeddable":true,"href":"https:\/\/www.accuratereviews.com\/it\/wp-json\/wp\/v2\/comments?post=23921"}],"version-history":[{"count":5,"href":"https:\/\/www.accuratereviews.com\/it\/wp-json\/wp\/v2\/pages\/23921\/revisions"}],"predecessor-version":[{"id":36821,"href":"https:\/\/www.accuratereviews.com\/it\/wp-json\/wp\/v2\/pages\/23921\/revisions\/36821"}],"up":[{"embeddable":true,"href":"https:\/\/www.accuratereviews.com\/it\/wp-json\/wp\/v2\/pages\/35837"}],"wp:featuredmedia":[{"embeddable":true,"href":"https:\/\/www.accuratereviews.com\/it\/wp-json\/wp\/v2\/media\/23922"}],"wp:attachment":[{"href":"https:\/\/www.accuratereviews.com\/it\/wp-json\/wp\/v2\/media?parent=23921"}],"wp:term":[{"taxonomy":"category","embeddable":true,"href":"https:\/\/www.accuratereviews.com\/it\/wp-json\/wp\/v2\/categories?post=23921"},{"taxonomy":"post_tag","embeddable":true,"href":"https:\/\/www.accuratereviews.com\/it\/wp-json\/wp\/v2\/tags?post=23921"},{"taxonomy":"features","embeddable":true,"href":"https:\/\/www.accuratereviews.com\/it\/wp-json\/wp\/v2\/features?post=23921"}],"curies":[{"name":"wp","href":"https:\/\/api.w.org\/{rel}","templated":true}]}}