{"id":23929,"date":"2020-03-04T14:04:58","date_gmt":"2020-03-04T14:04:58","guid":{"rendered":"https:\/\/www.accuratereviews.com\/?page_id=23929"},"modified":"2021-02-05T09:45:30","modified_gmt":"2021-02-05T09:45:30","slug":"hivebrite-recensione","status":"publish","type":"page","link":"https:\/\/www.accuratereviews.com\/it\/gestionale-per-associazioni\/hivebrite-recensione\/","title":{"rendered":"Hivebrite"},"content":{"rendered":"<p><strong>Hivebrite<\/strong> \u00e8 una<strong> piattaforma di community<\/strong> online all-in-one utilizzata dalle organizzazioni per stabilire, gestire e coinvolgere una rete di membri di categoria come campus, ex studenti, professionisti o sostenitori. Gli utenti possono adattare questa piattaforma modulare in base alle esigenze e alle caratteristiche uniche della propria comunit\u00e0. Include potenti funzionalit\u00e0 che semplificano il processo di gestione e interazione con i membri dell&#8217;organizzazione. Ad esempio, permette agli utenti di applicare i filtri di ricerca e targeting in modo che possano inviare i giusti messaggi o promozioni agli associati giusti. Inoltre, hanno la possibilit\u00e0 di pianificare e promuovere eventi, creare diversi tipi di biglietti, abilitare la raccolta di pagamenti online e invitare membri della comunit\u00e0 e utenti esterni a partecipare agli eventi. Inoltre gli aggiornamenti di notizie, documenti e file, progetti e opportunit\u00e0 ricchi di contenuti multimediali possono essere visualizzati anche sulla piattaforma. In pi\u00f9 consente agli utenti di valutare quanto sono attivi e coinvolti i membri della propria comunit\u00e0 attraverso analisi e reportistica.<\/p>\n<h2>HIVEBRITE &#8211; TUTORIAL<\/h2>\n<p>Ecco un tutorial in cui ci illustra le principali strumenti di questo <strong>software gestionale per associazioni<\/strong>:<\/p>\n<div id=\"fluid-wrapper-counter-1\" class=\"g1-fluid-wrapper \" style=\"width:686px;\">\n<div style=\"padding-bottom:56.268221574344%;\"><iframe loading=\"lazy\" title=\"Webinar: Empowering Group Admins with Fulbright Global\" width=\"686\" height=\"386\" src=\"https:\/\/www.youtube.com\/embed\/WuVrpMAlqjI?feature=oembed&amp;wmode=transparent&amp;autohide=1&amp;autoplay=0&amp;disablekb=0&amp;fs=1&amp;loop=0&amp;enablejsapi=1&amp;rel=0&amp;controls=2&amp;showinfo=0&amp;wmode=transparent&amp;autohide=2&amp;autoplay=0&amp;disablekb=0&amp;fs=1&amp;loop=0&amp;enablejsapi=1&amp;rel=0&amp;controls=2&amp;showinfo=1\" frameborder=\"0\" allow=\"accelerometer; autoplay; encrypted-media; gyroscope; picture-in-picture\" allowfullscreen><\/iframe><\/div>\n<\/div>\n<h3>HIVEBRITE &#8211; CARATTERISTICHE<\/h3>\n<ul>\n<li><strong>Informazioni dei membri<\/strong>: importa tutti i tuoi membri insieme a tutti i loro dati del profilo nel tuo database; Esporta i dati dei tuoi membri ogni volta che vuoi come file<\/li>\n<li><strong>CSV universale<\/strong>: potenti filtri di ricerca e targeting.\u00a0Scegli come target membri per gruppo, settore, posizione o qualsiasi campo personalizzato quando promuovi un evento o invii una comunicazione<\/li>\n<li><strong>Aggiornamenti di massa<\/strong>: esegui aggiornamenti di massa sulla base di database dei membri con la massima tranquillit\u00e0, sapendo che non perderai dati<\/li>\n<li><strong>Campagna di aggiornamento del profilo<\/strong>:\u00a0campagne di aggiornamento semplificate che consentono ai tuoi membri di confermare \/ aggiornare informazioni specifiche sul profilo senza nemmeno dover accedere alla piattaforma<\/li>\n<li><strong>Tracker di aggiornamento del profilo<\/strong>: tieni traccia di tutti gli aggiornamenti del profilo effettuati da te o dai tuoi membri<\/li>\n<li><strong>Moderazione completa<\/strong>: controlla tutti i contenuti pubblicati dai tuoi membri. Ricevi notifiche immediate di nuove pubblicazioni. Modifica o elimina secondo necessit\u00e0<\/li>\n<li><strong>CMS integrato<\/strong>: crea pagine e menu pubblici. Personalizza l&#8217;area dei tuoi membri. Gestisci i contenuti sulla tua piattaforma dal tuo back-office<\/li>\n<li><strong>Visibilit\u00e0:<\/strong> rendi alcuni contenuti aperti ai visitatori sulla tua pagina pubblica. Rendi gli altri contenuti privati \u200b\u200be visibili solo ai tuoi membri<\/li>\n<li><strong>RSS Feed:<\/strong> aggiungi feed RSS per creare automaticamente contenuti nella tua piattaforma (notizie, lavori, &#8230;)<\/li>\n<li><strong>Calendario<\/strong>: organizza gli eventi per la tua community e aggiungili al tuo calendario<\/li>\n<li><strong>Email di invito<\/strong>: invia inviti e promemoria in base alla posizione, al settore o ad eventuali criteri personalizzati<\/li>\n<li><strong>Biglietteria<\/strong>: rendere disponibili diversi biglietti e prezzi per diversi tipi di membri (studenti, personale, &#8230;). Gestisci facilmente i partecipanti esterni<\/li>\n<li><strong>Pagamenti online<\/strong>:\u00a0permetti agli utenti di pagare online tramite gateway di pagamento importanti e sicuri. Tieni traccia senza sforzo di tutte le transazioni<\/li>\n<li><strong>Integrazione con i social network:<\/strong> invia i tuoi eventi alle tue pagine Facebook, LinkedIn e Twitter per aumentare le partecipazioni.<\/li>\n<li><strong>Campagne email<\/strong>:manda\u00a0email HTML belle e reattive con lo strumento di email marketing integrato<\/li>\n<li><strong>Targeting potente:<\/strong> seleziona chi ricever\u00e0 la tua email in base a pi\u00f9 criteri<\/li>\n<li><strong>Newsletter automatica<\/strong>: distribuire digest settimanali automatizzati e personalizzati che sintetizzino la recente attivit\u00e0 della tua comunit\u00e0<\/li>\n<li><strong>Notifiche in-app<\/strong>: invia avvisi e notifiche in-app ai tuoi utenti<\/li>\n<\/ul>\n<h4>LE RECENSIONI DEGLI UTENTI<\/h4>\n<h4 class=\"font-weight-bold my-1 d-flex align-items-center\">Gian marco H.&#8221;solo un hve reveiw&#8221;<\/h4>\n<p><strong>Commenti: <\/strong>ottimo processo di onboarding e supporto durante l&#8217;onboarding. anche risposte molto veloci sui biglietti !!! comunicazione chiara ci\u00f2 che \u00e8 possibile e ci\u00f2 che non lo \u00e8, aiutando sempre a trovare una soluzione ai nostri problemi o sfide.<\/p>\n<p><strong>Vantaggi: <\/strong>Un backend logicamente e ben organizzato, facili importazioni, facili esportazioni, chiara panoramica, un frontend facile da personalizzare. modelli moderni. molto facile da usare, quasi fittizio risulta facile.<\/p>\n<p><strong>Inconvenienti: <\/strong>ci sono alcune limitazioni, quando si tratta di opzioni di ticket per eventi, la gestione dei media in gruppi ed eventi non \u00e8 molto accattivante, non esiste una sezione &#8220;eventi passati&#8221;, non \u00e8 possibile allegare le immagini direttamente a un evento passato, deve essere tramite collegamento dalla pagina multimediale. l&#8217;uso di tabelle in siti web personalizzati \u00e8 negativo.<\/p>\n<h4 class=\"font-weight-bold my-1 d-flex align-items-center\">Isabelle H.&#8221;Rete di leadership femminile PANDA \/ Elenco PANDA&#8221;<\/h4>\n<p><strong>Vantaggi: <\/strong>design, facilit\u00e0 d&#8217;uso, set crescente di funzionalit\u00e0 adatte ai nostri scopi, ottimo supporto clienti che ci ha aiutato rapidamente in caso di domande o problemi<\/p>\n<p><strong>Inconvenienti: <\/strong>Il problema pi\u00f9 rilevante per noi \u00e8 che a volte la condivisione di un evento sulla piattaforma non funziona perch\u00e9 ci sono due collegamenti: il &#8220;normale&#8221; che una persona condivide quando desidera inoltrare un evento a un amico, ma che funziona solo per l&#8217;accesso nei membri della piattaforma e nel collegamento back-end che funziona anche per visitatori esterni.<\/p>\n<h4 class=\"font-weight-bold my-1 d-flex align-items-center\">Simon F.\u00a0&#8220;Piattaforma molto intuitiva per gestire le relazioni degli ex studenti&#8221;<\/h4>\n<p><strong>Commenti: <\/strong>In realt\u00e0 \u00e8 difficile eseguire una piattaforma e una community Alumni perch\u00e9 \u00e8 molto difficile far parte della community. Una volta che sono attivi, questa piattaforma \u00e8 sicuramente il modo migliore per organizzare attivit\u00e0 per la comunit\u00e0.<\/p>\n<p><strong>Vantaggi: <\/strong>&#8211; Mappa interattiva con tutti gli ex studenti per vedere dove vivono e lavorano\u00a0&#8211; Strumento di organizzazione eventi (anche con invitati esterni)\u00a0&#8211; Messaggi tra Alunni<\/p>\n<p><strong>Inconvenienti: <\/strong>&#8211; Quasi nulla &#8230; Intendo sicuramente alcune cose pi\u00f9 piccole possono sempre essere migliorate, ma ascoltano cos\u00ec tanto il feedback dei clienti e migliorano le cose ogni settimana &#8230;<\/p>\n","protected":false},"excerpt":{"rendered":"<p>Hivebrite \u00e8 una piattaforma di community online all-in-one utilizzata dalle organizzazioni per stabilire, gestire e coinvolgere una rete di membri di categoria come campus, ex studenti, professionisti o sostenitori. Gli utenti possono adattare questa piattaforma modulare in base alle esigenze e alle caratteristiche uniche della propria comunit\u00e0.<\/p>\n","protected":false},"author":19,"featured_media":23930,"parent":35837,"menu_order":0,"comment_status":"open","ping_status":"closed","template":"g1_template_page_review_new.php","meta":{"_acf_changed":false,"cwp_meta_box_check":"Yes","cwp_rev_product_name":"","cwp_rev_product_image":"","wppr_links":[],"cwp_rev_price":"","wppr_options":[],"wppr_pros":[],"wppr_cons":[],"_monsterinsights_skip_tracking":false,"_monsterinsights_sitenote_active":false,"_monsterinsights_sitenote_note":"","_monsterinsights_sitenote_category":0,"footnotes":""},"categories":[1943],"tags":[1944,2169,2168,2170,2167,1948],"features":[],"class_list":{"0":"post-23929","1":"page","2":"type-page","3":"status-publish","4":"has-post-thumbnail","6":"category-gestionale-per-associazioni-categoria","7":"tag-association-management-software","8":"tag-gestione-community","9":"tag-hivebrite","10":"tag-piattaforma-gestionale-associazione","11":"tag-software-gestionale-associazini","12":"tag-soluzione-gestionale-associazioni"},"wppr_data":{"cwp_meta_box_check":"Yes","cwp_rev_product_name":"","cwp_rev_product_image":"","cwp_image_link":"image","cwp_rev_price":"","wppr_rating":"0.00"},"acf":[],"yoast_head":"<!-- This site is optimized with the Yoast SEO plugin v27.4 - https:\/\/yoast.com\/product\/yoast-seo-wordpress\/ -->\n<title>Hivebrite: recensione gestionale per associazioni - Accurate Reviews<\/title>\n<meta name=\"description\" content=\"Hivebrite: recensione piattaforma di community online all-in-one utilizzata per gestire e coinvolgere una rete di membri di categoria.\" \/>\n<meta name=\"robots\" content=\"index, follow, max-snippet:-1, max-image-preview:large, max-video-preview:-1\" \/>\n<link rel=\"canonical\" href=\"https:\/\/www.accuratereviews.com\/it\/gestionale-per-associazioni\/hivebrite-recensione\/\" \/>\n<meta property=\"og:locale\" content=\"it_IT\" \/>\n<meta property=\"og:type\" content=\"article\" \/>\n<meta property=\"og:title\" content=\"Hivebrite: recensione gestionale per associazioni - Accurate Reviews\" \/>\n<meta property=\"og:description\" content=\"Hivebrite: recensione piattaforma di community online all-in-one utilizzata per gestire e coinvolgere una rete di membri di categoria.\" \/>\n<meta property=\"og:url\" content=\"https:\/\/www.accuratereviews.com\/it\/gestionale-per-associazioni\/hivebrite-recensione\/\" \/>\n<meta property=\"og:site_name\" content=\"Accurate Reviews\" \/>\n<meta property=\"article:modified_time\" content=\"2021-02-05T09:45:30+00:00\" \/>\n<meta property=\"og:image\" content=\"https:\/\/www.accuratereviews.com\/wp-content\/uploads\/2020\/03\/HIVEBRITE-logo.png\" \/>\n\t<meta property=\"og:image:width\" content=\"742\" \/>\n\t<meta property=\"og:image:height\" content=\"332\" \/>\n\t<meta property=\"og:image:type\" content=\"image\/png\" \/>\n<meta name=\"twitter:card\" content=\"summary_large_image\" \/>\n<meta name=\"twitter:label1\" content=\"Tempo di lettura stimato\" \/>\n\t<meta name=\"twitter:data1\" content=\"4 minuti\" \/>\n<script type=\"application\/ld+json\" class=\"yoast-schema-graph\">{\"@context\":\"https:\\\/\\\/schema.org\",\"@graph\":[{\"@type\":\"WebPage\",\"@id\":\"https:\\\/\\\/www.accuratereviews.com\\\/it\\\/gestionale-per-associazioni\\\/hivebrite-recensione\\\/\",\"url\":\"https:\\\/\\\/www.accuratereviews.com\\\/it\\\/gestionale-per-associazioni\\\/hivebrite-recensione\\\/\",\"name\":\"Hivebrite: recensione gestionale per associazioni - Accurate Reviews\",\"isPartOf\":{\"@id\":\"https:\\\/\\\/www.accuratereviews.com\\\/it\\\/#website\"},\"primaryImageOfPage\":{\"@id\":\"https:\\\/\\\/www.accuratereviews.com\\\/it\\\/gestionale-per-associazioni\\\/hivebrite-recensione\\\/#primaryimage\"},\"image\":{\"@id\":\"https:\\\/\\\/www.accuratereviews.com\\\/it\\\/gestionale-per-associazioni\\\/hivebrite-recensione\\\/#primaryimage\"},\"thumbnailUrl\":\"https:\\\/\\\/www.accuratereviews.com\\\/wp-content\\\/uploads\\\/2020\\\/03\\\/HIVEBRITE-logo.png\",\"datePublished\":\"2020-03-04T14:04:58+00:00\",\"dateModified\":\"2021-02-05T09:45:30+00:00\",\"description\":\"Hivebrite: recensione piattaforma di community online all-in-one utilizzata per gestire e coinvolgere una rete di membri di categoria.\",\"breadcrumb\":{\"@id\":\"https:\\\/\\\/www.accuratereviews.com\\\/it\\\/gestionale-per-associazioni\\\/hivebrite-recensione\\\/#breadcrumb\"},\"inLanguage\":\"it-IT\",\"potentialAction\":[{\"@type\":\"ReadAction\",\"target\":[\"https:\\\/\\\/www.accuratereviews.com\\\/it\\\/gestionale-per-associazioni\\\/hivebrite-recensione\\\/\"]}]},{\"@type\":\"ImageObject\",\"inLanguage\":\"it-IT\",\"@id\":\"https:\\\/\\\/www.accuratereviews.com\\\/it\\\/gestionale-per-associazioni\\\/hivebrite-recensione\\\/#primaryimage\",\"url\":\"https:\\\/\\\/www.accuratereviews.com\\\/wp-content\\\/uploads\\\/2020\\\/03\\\/HIVEBRITE-logo.png\",\"contentUrl\":\"https:\\\/\\\/www.accuratereviews.com\\\/wp-content\\\/uploads\\\/2020\\\/03\\\/HIVEBRITE-logo.png\",\"width\":742,\"height\":332},{\"@type\":\"BreadcrumbList\",\"@id\":\"https:\\\/\\\/www.accuratereviews.com\\\/it\\\/gestionale-per-associazioni\\\/hivebrite-recensione\\\/#breadcrumb\",\"itemListElement\":[{\"@type\":\"ListItem\",\"position\":1,\"name\":\"Home\",\"item\":\"https:\\\/\\\/www.accuratereviews.com\\\/it\\\/\"},{\"@type\":\"ListItem\",\"position\":2,\"name\":\"Gestionale per associazioni\",\"item\":\"https:\\\/\\\/www.accuratereviews.com\\\/it\\\/gestionale-per-associazioni\\\/\"},{\"@type\":\"ListItem\",\"position\":3,\"name\":\"Hivebrite\"}]},{\"@type\":\"WebSite\",\"@id\":\"https:\\\/\\\/www.accuratereviews.com\\\/it\\\/#website\",\"url\":\"https:\\\/\\\/www.accuratereviews.com\\\/it\\\/\",\"name\":\"Accurate Reviews\",\"description\":\"\",\"potentialAction\":[{\"@type\":\"SearchAction\",\"target\":{\"@type\":\"EntryPoint\",\"urlTemplate\":\"https:\\\/\\\/www.accuratereviews.com\\\/it\\\/?s={search_term_string}\"},\"query-input\":{\"@type\":\"PropertyValueSpecification\",\"valueRequired\":true,\"valueName\":\"search_term_string\"}}],\"inLanguage\":\"it-IT\"}]}<\/script>\n<!-- \/ Yoast SEO plugin. -->","yoast_head_json":{"title":"Hivebrite: recensione gestionale per associazioni - Accurate Reviews","description":"Hivebrite: recensione piattaforma di community online all-in-one utilizzata per gestire e coinvolgere una rete di membri di categoria.","robots":{"index":"index","follow":"follow","max-snippet":"max-snippet:-1","max-image-preview":"max-image-preview:large","max-video-preview":"max-video-preview:-1"},"canonical":"https:\/\/www.accuratereviews.com\/it\/gestionale-per-associazioni\/hivebrite-recensione\/","og_locale":"it_IT","og_type":"article","og_title":"Hivebrite: recensione gestionale per associazioni - Accurate Reviews","og_description":"Hivebrite: recensione piattaforma di community online all-in-one utilizzata per gestire e coinvolgere una rete di membri di categoria.","og_url":"https:\/\/www.accuratereviews.com\/it\/gestionale-per-associazioni\/hivebrite-recensione\/","og_site_name":"Accurate Reviews","article_modified_time":"2021-02-05T09:45:30+00:00","og_image":[{"width":742,"height":332,"url":"https:\/\/www.accuratereviews.com\/wp-content\/uploads\/2020\/03\/HIVEBRITE-logo.png","type":"image\/png"}],"twitter_card":"summary_large_image","twitter_misc":{"Tempo di lettura stimato":"4 minuti"},"schema":{"@context":"https:\/\/schema.org","@graph":[{"@type":"WebPage","@id":"https:\/\/www.accuratereviews.com\/it\/gestionale-per-associazioni\/hivebrite-recensione\/","url":"https:\/\/www.accuratereviews.com\/it\/gestionale-per-associazioni\/hivebrite-recensione\/","name":"Hivebrite: recensione gestionale per associazioni - Accurate Reviews","isPartOf":{"@id":"https:\/\/www.accuratereviews.com\/it\/#website"},"primaryImageOfPage":{"@id":"https:\/\/www.accuratereviews.com\/it\/gestionale-per-associazioni\/hivebrite-recensione\/#primaryimage"},"image":{"@id":"https:\/\/www.accuratereviews.com\/it\/gestionale-per-associazioni\/hivebrite-recensione\/#primaryimage"},"thumbnailUrl":"https:\/\/www.accuratereviews.com\/wp-content\/uploads\/2020\/03\/HIVEBRITE-logo.png","datePublished":"2020-03-04T14:04:58+00:00","dateModified":"2021-02-05T09:45:30+00:00","description":"Hivebrite: recensione piattaforma di community online all-in-one utilizzata per gestire e coinvolgere una rete di membri di categoria.","breadcrumb":{"@id":"https:\/\/www.accuratereviews.com\/it\/gestionale-per-associazioni\/hivebrite-recensione\/#breadcrumb"},"inLanguage":"it-IT","potentialAction":[{"@type":"ReadAction","target":["https:\/\/www.accuratereviews.com\/it\/gestionale-per-associazioni\/hivebrite-recensione\/"]}]},{"@type":"ImageObject","inLanguage":"it-IT","@id":"https:\/\/www.accuratereviews.com\/it\/gestionale-per-associazioni\/hivebrite-recensione\/#primaryimage","url":"https:\/\/www.accuratereviews.com\/wp-content\/uploads\/2020\/03\/HIVEBRITE-logo.png","contentUrl":"https:\/\/www.accuratereviews.com\/wp-content\/uploads\/2020\/03\/HIVEBRITE-logo.png","width":742,"height":332},{"@type":"BreadcrumbList","@id":"https:\/\/www.accuratereviews.com\/it\/gestionale-per-associazioni\/hivebrite-recensione\/#breadcrumb","itemListElement":[{"@type":"ListItem","position":1,"name":"Home","item":"https:\/\/www.accuratereviews.com\/it\/"},{"@type":"ListItem","position":2,"name":"Gestionale per associazioni","item":"https:\/\/www.accuratereviews.com\/it\/gestionale-per-associazioni\/"},{"@type":"ListItem","position":3,"name":"Hivebrite"}]},{"@type":"WebSite","@id":"https:\/\/www.accuratereviews.com\/it\/#website","url":"https:\/\/www.accuratereviews.com\/it\/","name":"Accurate Reviews","description":"","potentialAction":[{"@type":"SearchAction","target":{"@type":"EntryPoint","urlTemplate":"https:\/\/www.accuratereviews.com\/it\/?s={search_term_string}"},"query-input":{"@type":"PropertyValueSpecification","valueRequired":true,"valueName":"search_term_string"}}],"inLanguage":"it-IT"}]}},"_links":{"self":[{"href":"https:\/\/www.accuratereviews.com\/it\/wp-json\/wp\/v2\/pages\/23929","targetHints":{"allow":["GET"]}}],"collection":[{"href":"https:\/\/www.accuratereviews.com\/it\/wp-json\/wp\/v2\/pages"}],"about":[{"href":"https:\/\/www.accuratereviews.com\/it\/wp-json\/wp\/v2\/types\/page"}],"author":[{"embeddable":true,"href":"https:\/\/www.accuratereviews.com\/it\/wp-json\/wp\/v2\/users\/19"}],"replies":[{"embeddable":true,"href":"https:\/\/www.accuratereviews.com\/it\/wp-json\/wp\/v2\/comments?post=23929"}],"version-history":[{"count":7,"href":"https:\/\/www.accuratereviews.com\/it\/wp-json\/wp\/v2\/pages\/23929\/revisions"}],"predecessor-version":[{"id":36858,"href":"https:\/\/www.accuratereviews.com\/it\/wp-json\/wp\/v2\/pages\/23929\/revisions\/36858"}],"up":[{"embeddable":true,"href":"https:\/\/www.accuratereviews.com\/it\/wp-json\/wp\/v2\/pages\/35837"}],"wp:featuredmedia":[{"embeddable":true,"href":"https:\/\/www.accuratereviews.com\/it\/wp-json\/wp\/v2\/media\/23930"}],"wp:attachment":[{"href":"https:\/\/www.accuratereviews.com\/it\/wp-json\/wp\/v2\/media?parent=23929"}],"wp:term":[{"taxonomy":"category","embeddable":true,"href":"https:\/\/www.accuratereviews.com\/it\/wp-json\/wp\/v2\/categories?post=23929"},{"taxonomy":"post_tag","embeddable":true,"href":"https:\/\/www.accuratereviews.com\/it\/wp-json\/wp\/v2\/tags?post=23929"},{"taxonomy":"features","embeddable":true,"href":"https:\/\/www.accuratereviews.com\/it\/wp-json\/wp\/v2\/features?post=23929"}],"curies":[{"name":"wp","href":"https:\/\/api.w.org\/{rel}","templated":true}]}}