{"id":23982,"date":"2020-03-05T15:37:56","date_gmt":"2020-03-05T15:37:56","guid":{"rendered":"https:\/\/www.accuratereviews.com\/?page_id=23982"},"modified":"2021-02-05T09:17:13","modified_gmt":"2021-02-05T09:17:13","slug":"white-fuse-recensione","status":"publish","type":"page","link":"https:\/\/www.accuratereviews.com\/it\/gestionale-per-associazioni\/white-fuse-recensione\/","title":{"rendered":"White Fuse"},"content":{"rendered":"<p><strong>White Fuse<\/strong> \u00e8 una <strong>piattaforma di raccolta fondi<\/strong> completa basata su <strong>cloud<\/strong> creata per aiutare le piccole organizzazioni a potenziare la beneficenza, aumentare le donazioni, sensibilizzare e far crescere la loro comunit\u00e0. \u00c8 una soluzione potente che sfrutta la tecnologia multi-tenant per offrire agli utenti un accesso continuo agli ultimi aggiornamenti e miglioramenti del software senza aumentare i costi. La piattaforma fornisce tutti gli strumenti necessari per creare un sito web intuitivo e interagire con membri e sostenitori online. Dispone inoltre di un innovativo<strong> toolkit<\/strong> di raccolta fondi e sistemi digitali che semplifica l&#8217;avvio e l&#8217;esecuzione di campagne. <strong>White Fuse<\/strong> \u00a0presenta un modulo semplice ottimizzato per dispositivi mobili che i nuovi membri possono utilizzare per unirsi alla community.<\/p>\n<h2>WHITE FUSE &#8211; TUTORIAL<\/h2>\n<p>Guardiamo il tutorial per scoprire come creare un sito web con questo<strong> software gestionale per associazioni<\/strong>:<\/p>\n<div id=\"fluid-wrapper-counter-1\" class=\"g1-fluid-wrapper \" style=\"width:686px;\">\n<div style=\"padding-bottom:56.268221574344%;\"><iframe loading=\"lazy\" title=\"Embed A Forum Into Your White Fuse Website\" width=\"515\" height=\"386\" src=\"https:\/\/www.youtube.com\/embed\/_KlCZ8ZQbdw?feature=oembed&amp;wmode=transparent&amp;autohide=1&amp;autoplay=0&amp;disablekb=0&amp;fs=1&amp;loop=0&amp;enablejsapi=1&amp;rel=0&amp;controls=2&amp;showinfo=0&amp;wmode=transparent&amp;autohide=2&amp;autoplay=0&amp;disablekb=0&amp;fs=1&amp;loop=0&amp;enablejsapi=1&amp;rel=0&amp;controls=2&amp;showinfo=1\" frameborder=\"0\" allow=\"accelerometer; autoplay; clipboard-write; encrypted-media; gyroscope; picture-in-picture\" allowfullscreen><\/iframe><\/div>\n<\/div>\n<h3>WHITE FUSE &#8211; CARATTERISTICHE<\/h3>\n<ul>\n<li><strong>Aumenta il traffico:<\/strong> indirizza i visitatori al tuo sito web di appartenenza pubblicando post e risorse interessanti<\/li>\n<li><strong>Iscriviti online<\/strong>: consenti ai nuovi membri di iscriversi in pochi secondi da qualsiasi dispositivo.<\/li>\n<li><strong>Promuovi eventi:<\/strong> pubblicizza il tuo evento e prendi le prenotazioni online. Tieni traccia delle presenze e segui i partecipanti<\/li>\n<li><strong>Crea la tua lista email<\/strong>: utilizza l&#8217;email marketing per condividere approfondimenti e risorse che creano fiducia e promuovono il tuo programma di appartenenza<\/li>\n<li><strong>Community online<\/strong>: fornire un portale per i soci sign-on ricco di risorse<\/li>\n<li><strong>Sconti per i membri<\/strong>: ricompensa membri con biglietti per eventi a prezzo ridotto e altre promozioni<\/li>\n<li><strong>Aiuto in rete<\/strong>: elenca automaticamente i membri nelle directory online e consenti alle persone di comunicare e collaborare<\/li>\n<li><strong>Email marketing segmentato<\/strong>: target group con informazioni e aggiornamenti a cui tengono davvero<\/li>\n<li><strong>Iscrizione online<\/strong>: crea piani di abbonamento a cui le persone possono abbonarsi online e riduci il tempo dedicato alla revisione delle domande e all&#8217;invio delle fatture<\/li>\n<li><strong>Rinnovo automatico<\/strong>: semplifica i pagamenti con l&#8217;addebito diretto in modo da rinnovare automaticamente gli abbonamenti<\/li>\n<li><strong>Rapporti personalizzati<\/strong>: con una vasta gamma di dati di contatto e di attivit\u00e0 tutti in un unico posto, puoi creare potenti report per guidare le tue prossime decisioni<\/li>\n<\/ul>\n<h4>LE RECENSIONI DEGLI UTENTI<\/h4>\n<h4 class=\"font-weight-bold my-1 d-flex align-items-center\">Tim E.\u00a0&#8220;Un nuovo sito Web e un grande passo avanti&#8221;<\/h4>\n<p><strong>Commenti: <\/strong>La nostra esperienza complessiva con White Fuse \u00e8 stata davvero positiva. Ci \u00e8 davvero piaciuto lavorare con [SENSITIVE CONTENT HIDDEN] e il team, e hanno reso i siti web in movimento e mantenendo il nostro nuovo sito il pi\u00f9 semplice e indolore possibile, e ci hanno aiutato a sviluppare la nostra offerta durante tutto il procedimento.<\/p>\n<p><strong>Vantaggi: <\/strong>Abbiamo trovato questo software molto facile da usare &#8211; l&#8217;aggiunta di contenuti \u00e8 semplice e diretta, il design \u00e8 pulito e professionale. Siamo stati in grado di costruire un sito web che ha rappresentato un grande passo avanti per la nostra organizzazione rispetto al nostro sito web precedente che era estremamente datato e non adatto allo scopo.<\/p>\n<p><strong>Inconvenienti: <\/strong>Abbiamo pochissime lamentele. \u00c8 un peccato che al momento non sia possibile pianificare in anticipo i contenuti.<\/p>\n<h4 class=\"font-weight-bold my-1 d-flex align-items-center\">Gerri M.&#8221;Ottimo prodotto, grande squadra&#8221;<\/h4>\n<p><strong>Commenti: <\/strong>Lavoriamo con White Fuse da quasi sei anni. Un team davvero professionale ma amichevole e disponibile con cui lavorare: lungimirante e orientato alle soluzioni. Offrono anche un eccellente supporto clienti e un tasso di risposta molto rapido.<\/p>\n<p><strong>Vantaggi: <\/strong>Il modello Web produce siti puliti, professionali e facili da navigare ed \u00e8 davvero intuitivo;<\/p>\n<p><strong>Inconvenienti: <\/strong>Trovo che usare le tabelle sia ingombrante e n\u00e9 facile da usare n\u00e9 adatto al pubblico<\/p>\n<h4 class=\"font-weight-bold my-1 d-flex align-items-center\">Nicola R.&#8221;Ottimo supporto e ottimo rapporto qualit\u00e0 prezzo&#8221;<\/h4>\n<p><strong>Commenti: <\/strong>Abbiamo usato Whitefuse negli ultimi anni e siamo sempre rimasti colpiti dalla velocit\u00e0 e qualit\u00e0 del supporto che offrono, cos\u00ec come dalla consulenza di esperti. I loro strumenti, modelli e risorse sono stati incredibilmente utili durante il processo di pianificazione. L&#8217;aggiornamento del sito web \u00e8 stato completato molto rapidamente e senza problemi. Sono anche un ottimo rapporto qualit\u00e0-prezzo.<\/p>\n<p><strong>Vantaggi: <\/strong>\u00c8 molto facile da usare e ha uno strumento di aiuto integrato, che rende molto pi\u00f9 facile la raccolta rapida da parte del nuovo personale. Il sito web sembra lucido e di grande impatto. Molto soddisfatto del sito web finito e ho avuto molti feedback positivi.<\/p>\n<p><strong>Inconvenienti: <\/strong>L&#8217;unico problema che ho avuto \u00e8 che alcune delle funzionalit\u00e0 \/ formattazioni WYSIWYG non funzionano cos\u00ec bene su un browser, ma funzionano bene su altri browser.<\/p>\n","protected":false},"excerpt":{"rendered":"<p>White Fuse \u00e8 una piattaforma di raccolta fondi completa basata su cloud creata per aiutare le piccole organizzazioni a potenziare la beneficenza, aumentare le donazioni, sensibilizzare e far crescere la loro comunit\u00e0. \u00c8 una soluzione potente che sfrutta la tecnologia multi-tenant per offrire agli utenti un accesso continuo agli ultimi aggiornamenti e miglioramenti del software senza aumentare i costi.<\/p>\n","protected":false},"author":19,"featured_media":23983,"parent":35837,"menu_order":0,"comment_status":"open","ping_status":"closed","template":"g1_template_page_review_new.php","meta":{"_acf_changed":false,"cwp_meta_box_check":"Yes","cwp_rev_product_name":"","cwp_rev_product_image":"","wppr_links":[],"cwp_rev_price":"","wppr_options":[],"wppr_pros":[],"wppr_cons":[],"_monsterinsights_skip_tracking":false,"_monsterinsights_sitenote_active":false,"_monsterinsights_sitenote_note":"","_monsterinsights_sitenote_category":0,"footnotes":""},"categories":[1943],"tags":[1944,396,2209,2167,1948,2210],"features":[],"class_list":{"0":"post-23982","1":"page","2":"type-page","3":"status-publish","4":"has-post-thumbnail","6":"category-gestionale-per-associazioni-categoria","7":"tag-association-management-software","8":"tag-cloud","9":"tag-piattaforma-di-raccolta-fondi","10":"tag-software-gestionale-associazini","11":"tag-soluzione-gestionale-associazioni","12":"tag-white-fuse"},"wppr_data":{"cwp_meta_box_check":"Yes","cwp_rev_product_name":"","cwp_rev_product_image":"","cwp_image_link":"image","cwp_rev_price":"","wppr_rating":"0.00"},"acf":[],"yoast_head":"<!-- This site is optimized with the Yoast SEO plugin v27.4 - https:\/\/yoast.com\/product\/yoast-seo-wordpress\/ -->\n<title>White Fuse: recensione gestionale per associazioni - Accurate Reviews<\/title>\n<meta name=\"description\" content=\"White Fuse: recensione della piattaforma di raccolta fondi basata sul cloud, creata per aiutare le organizzazioni a potenziare la beneficenza.\" \/>\n<meta name=\"robots\" content=\"index, follow, max-snippet:-1, max-image-preview:large, max-video-preview:-1\" \/>\n<link rel=\"canonical\" href=\"https:\/\/www.accuratereviews.com\/it\/gestionale-per-associazioni\/white-fuse-recensione\/\" \/>\n<meta property=\"og:locale\" content=\"it_IT\" \/>\n<meta property=\"og:type\" content=\"article\" \/>\n<meta property=\"og:title\" content=\"White Fuse: recensione gestionale per associazioni - Accurate Reviews\" \/>\n<meta property=\"og:description\" content=\"White Fuse: recensione della piattaforma di raccolta fondi basata sul cloud, creata per aiutare le organizzazioni a potenziare la beneficenza.\" \/>\n<meta property=\"og:url\" content=\"https:\/\/www.accuratereviews.com\/it\/gestionale-per-associazioni\/white-fuse-recensione\/\" \/>\n<meta property=\"og:site_name\" content=\"Accurate Reviews\" \/>\n<meta property=\"article:modified_time\" content=\"2021-02-05T09:17:13+00:00\" \/>\n<meta property=\"og:image\" content=\"https:\/\/www.accuratereviews.com\/wp-content\/uploads\/2020\/03\/Schermata-2020-03-05-alle-10.20.18.png\" \/>\n\t<meta property=\"og:image:width\" content=\"858\" \/>\n\t<meta property=\"og:image:height\" content=\"216\" \/>\n\t<meta property=\"og:image:type\" content=\"image\/png\" \/>\n<meta name=\"twitter:card\" content=\"summary_large_image\" \/>\n<meta name=\"twitter:label1\" content=\"Tempo di lettura stimato\" \/>\n\t<meta name=\"twitter:data1\" content=\"4 minuti\" \/>\n<script type=\"application\/ld+json\" class=\"yoast-schema-graph\">{\"@context\":\"https:\\\/\\\/schema.org\",\"@graph\":[{\"@type\":\"WebPage\",\"@id\":\"https:\\\/\\\/www.accuratereviews.com\\\/it\\\/gestionale-per-associazioni\\\/white-fuse-recensione\\\/\",\"url\":\"https:\\\/\\\/www.accuratereviews.com\\\/it\\\/gestionale-per-associazioni\\\/white-fuse-recensione\\\/\",\"name\":\"White Fuse: recensione gestionale per associazioni - Accurate Reviews\",\"isPartOf\":{\"@id\":\"https:\\\/\\\/www.accuratereviews.com\\\/it\\\/#website\"},\"primaryImageOfPage\":{\"@id\":\"https:\\\/\\\/www.accuratereviews.com\\\/it\\\/gestionale-per-associazioni\\\/white-fuse-recensione\\\/#primaryimage\"},\"image\":{\"@id\":\"https:\\\/\\\/www.accuratereviews.com\\\/it\\\/gestionale-per-associazioni\\\/white-fuse-recensione\\\/#primaryimage\"},\"thumbnailUrl\":\"https:\\\/\\\/www.accuratereviews.com\\\/wp-content\\\/uploads\\\/2020\\\/03\\\/Schermata-2020-03-05-alle-10.20.18.png\",\"datePublished\":\"2020-03-05T15:37:56+00:00\",\"dateModified\":\"2021-02-05T09:17:13+00:00\",\"description\":\"White Fuse: recensione della piattaforma di raccolta fondi basata sul cloud, creata per aiutare le organizzazioni a potenziare la beneficenza.\",\"breadcrumb\":{\"@id\":\"https:\\\/\\\/www.accuratereviews.com\\\/it\\\/gestionale-per-associazioni\\\/white-fuse-recensione\\\/#breadcrumb\"},\"inLanguage\":\"it-IT\",\"potentialAction\":[{\"@type\":\"ReadAction\",\"target\":[\"https:\\\/\\\/www.accuratereviews.com\\\/it\\\/gestionale-per-associazioni\\\/white-fuse-recensione\\\/\"]}]},{\"@type\":\"ImageObject\",\"inLanguage\":\"it-IT\",\"@id\":\"https:\\\/\\\/www.accuratereviews.com\\\/it\\\/gestionale-per-associazioni\\\/white-fuse-recensione\\\/#primaryimage\",\"url\":\"https:\\\/\\\/www.accuratereviews.com\\\/wp-content\\\/uploads\\\/2020\\\/03\\\/Schermata-2020-03-05-alle-10.20.18.png\",\"contentUrl\":\"https:\\\/\\\/www.accuratereviews.com\\\/wp-content\\\/uploads\\\/2020\\\/03\\\/Schermata-2020-03-05-alle-10.20.18.png\",\"width\":858,\"height\":216},{\"@type\":\"BreadcrumbList\",\"@id\":\"https:\\\/\\\/www.accuratereviews.com\\\/it\\\/gestionale-per-associazioni\\\/white-fuse-recensione\\\/#breadcrumb\",\"itemListElement\":[{\"@type\":\"ListItem\",\"position\":1,\"name\":\"Home\",\"item\":\"https:\\\/\\\/www.accuratereviews.com\\\/it\\\/\"},{\"@type\":\"ListItem\",\"position\":2,\"name\":\"Gestionale per associazioni\",\"item\":\"https:\\\/\\\/www.accuratereviews.com\\\/it\\\/gestionale-per-associazioni\\\/\"},{\"@type\":\"ListItem\",\"position\":3,\"name\":\"White Fuse\"}]},{\"@type\":\"WebSite\",\"@id\":\"https:\\\/\\\/www.accuratereviews.com\\\/it\\\/#website\",\"url\":\"https:\\\/\\\/www.accuratereviews.com\\\/it\\\/\",\"name\":\"Accurate Reviews\",\"description\":\"\",\"potentialAction\":[{\"@type\":\"SearchAction\",\"target\":{\"@type\":\"EntryPoint\",\"urlTemplate\":\"https:\\\/\\\/www.accuratereviews.com\\\/it\\\/?s={search_term_string}\"},\"query-input\":{\"@type\":\"PropertyValueSpecification\",\"valueRequired\":true,\"valueName\":\"search_term_string\"}}],\"inLanguage\":\"it-IT\"}]}<\/script>\n<!-- \/ Yoast SEO plugin. -->","yoast_head_json":{"title":"White Fuse: recensione gestionale per associazioni - Accurate Reviews","description":"White Fuse: recensione della piattaforma di raccolta fondi basata sul cloud, creata per aiutare le organizzazioni a potenziare la beneficenza.","robots":{"index":"index","follow":"follow","max-snippet":"max-snippet:-1","max-image-preview":"max-image-preview:large","max-video-preview":"max-video-preview:-1"},"canonical":"https:\/\/www.accuratereviews.com\/it\/gestionale-per-associazioni\/white-fuse-recensione\/","og_locale":"it_IT","og_type":"article","og_title":"White Fuse: recensione gestionale per associazioni - Accurate Reviews","og_description":"White Fuse: recensione della piattaforma di raccolta fondi basata sul cloud, creata per aiutare le organizzazioni a potenziare la beneficenza.","og_url":"https:\/\/www.accuratereviews.com\/it\/gestionale-per-associazioni\/white-fuse-recensione\/","og_site_name":"Accurate Reviews","article_modified_time":"2021-02-05T09:17:13+00:00","og_image":[{"width":858,"height":216,"url":"https:\/\/www.accuratereviews.com\/wp-content\/uploads\/2020\/03\/Schermata-2020-03-05-alle-10.20.18.png","type":"image\/png"}],"twitter_card":"summary_large_image","twitter_misc":{"Tempo di lettura stimato":"4 minuti"},"schema":{"@context":"https:\/\/schema.org","@graph":[{"@type":"WebPage","@id":"https:\/\/www.accuratereviews.com\/it\/gestionale-per-associazioni\/white-fuse-recensione\/","url":"https:\/\/www.accuratereviews.com\/it\/gestionale-per-associazioni\/white-fuse-recensione\/","name":"White Fuse: recensione gestionale per associazioni - Accurate Reviews","isPartOf":{"@id":"https:\/\/www.accuratereviews.com\/it\/#website"},"primaryImageOfPage":{"@id":"https:\/\/www.accuratereviews.com\/it\/gestionale-per-associazioni\/white-fuse-recensione\/#primaryimage"},"image":{"@id":"https:\/\/www.accuratereviews.com\/it\/gestionale-per-associazioni\/white-fuse-recensione\/#primaryimage"},"thumbnailUrl":"https:\/\/www.accuratereviews.com\/wp-content\/uploads\/2020\/03\/Schermata-2020-03-05-alle-10.20.18.png","datePublished":"2020-03-05T15:37:56+00:00","dateModified":"2021-02-05T09:17:13+00:00","description":"White Fuse: recensione della piattaforma di raccolta fondi basata sul cloud, creata per aiutare le organizzazioni a potenziare la beneficenza.","breadcrumb":{"@id":"https:\/\/www.accuratereviews.com\/it\/gestionale-per-associazioni\/white-fuse-recensione\/#breadcrumb"},"inLanguage":"it-IT","potentialAction":[{"@type":"ReadAction","target":["https:\/\/www.accuratereviews.com\/it\/gestionale-per-associazioni\/white-fuse-recensione\/"]}]},{"@type":"ImageObject","inLanguage":"it-IT","@id":"https:\/\/www.accuratereviews.com\/it\/gestionale-per-associazioni\/white-fuse-recensione\/#primaryimage","url":"https:\/\/www.accuratereviews.com\/wp-content\/uploads\/2020\/03\/Schermata-2020-03-05-alle-10.20.18.png","contentUrl":"https:\/\/www.accuratereviews.com\/wp-content\/uploads\/2020\/03\/Schermata-2020-03-05-alle-10.20.18.png","width":858,"height":216},{"@type":"BreadcrumbList","@id":"https:\/\/www.accuratereviews.com\/it\/gestionale-per-associazioni\/white-fuse-recensione\/#breadcrumb","itemListElement":[{"@type":"ListItem","position":1,"name":"Home","item":"https:\/\/www.accuratereviews.com\/it\/"},{"@type":"ListItem","position":2,"name":"Gestionale per associazioni","item":"https:\/\/www.accuratereviews.com\/it\/gestionale-per-associazioni\/"},{"@type":"ListItem","position":3,"name":"White Fuse"}]},{"@type":"WebSite","@id":"https:\/\/www.accuratereviews.com\/it\/#website","url":"https:\/\/www.accuratereviews.com\/it\/","name":"Accurate Reviews","description":"","potentialAction":[{"@type":"SearchAction","target":{"@type":"EntryPoint","urlTemplate":"https:\/\/www.accuratereviews.com\/it\/?s={search_term_string}"},"query-input":{"@type":"PropertyValueSpecification","valueRequired":true,"valueName":"search_term_string"}}],"inLanguage":"it-IT"}]}},"_links":{"self":[{"href":"https:\/\/www.accuratereviews.com\/it\/wp-json\/wp\/v2\/pages\/23982","targetHints":{"allow":["GET"]}}],"collection":[{"href":"https:\/\/www.accuratereviews.com\/it\/wp-json\/wp\/v2\/pages"}],"about":[{"href":"https:\/\/www.accuratereviews.com\/it\/wp-json\/wp\/v2\/types\/page"}],"author":[{"embeddable":true,"href":"https:\/\/www.accuratereviews.com\/it\/wp-json\/wp\/v2\/users\/19"}],"replies":[{"embeddable":true,"href":"https:\/\/www.accuratereviews.com\/it\/wp-json\/wp\/v2\/comments?post=23982"}],"version-history":[{"count":10,"href":"https:\/\/www.accuratereviews.com\/it\/wp-json\/wp\/v2\/pages\/23982\/revisions"}],"predecessor-version":[{"id":36832,"href":"https:\/\/www.accuratereviews.com\/it\/wp-json\/wp\/v2\/pages\/23982\/revisions\/36832"}],"up":[{"embeddable":true,"href":"https:\/\/www.accuratereviews.com\/it\/wp-json\/wp\/v2\/pages\/35837"}],"wp:featuredmedia":[{"embeddable":true,"href":"https:\/\/www.accuratereviews.com\/it\/wp-json\/wp\/v2\/media\/23983"}],"wp:attachment":[{"href":"https:\/\/www.accuratereviews.com\/it\/wp-json\/wp\/v2\/media?parent=23982"}],"wp:term":[{"taxonomy":"category","embeddable":true,"href":"https:\/\/www.accuratereviews.com\/it\/wp-json\/wp\/v2\/categories?post=23982"},{"taxonomy":"post_tag","embeddable":true,"href":"https:\/\/www.accuratereviews.com\/it\/wp-json\/wp\/v2\/tags?post=23982"},{"taxonomy":"features","embeddable":true,"href":"https:\/\/www.accuratereviews.com\/it\/wp-json\/wp\/v2\/features?post=23982"}],"curies":[{"name":"wp","href":"https:\/\/api.w.org\/{rel}","templated":true}]}}