{"id":24000,"date":"2020-03-05T15:37:02","date_gmt":"2020-03-05T15:37:02","guid":{"rendered":"https:\/\/www.accuratereviews.com\/?page_id=24000"},"modified":"2021-01-27T13:03:29","modified_gmt":"2021-01-27T13:03:29","slug":"disciple-recensione","status":"publish","type":"page","link":"https:\/\/www.accuratereviews.com\/it\/disciple-recensione\/","title":{"rendered":"Disciple"},"content":{"rendered":"<p><strong>Disciple<\/strong> ti aiuta a creare app per creare e <strong>gestire community online<\/strong>. Consente agli utenti di utilizzare le migliori funzionalit\u00e0 interattive dei social media come gruppi, streaming live e profili da utilizzare in uno spazio dedicato. La soluzione si divide in due parti:\u00a0la prima \u00e8 l&#8217;app che funge da luogo di incontro mobile per le comunit\u00e0. La seconda \u00e8 <strong>Disciple Hub<\/strong>, serve da dashboard per l&#8217;amministratore di un gruppo, in cui \u00e8 possibile controllare la pubblicazione dei contenuti e visualizzare le analisi online. Con l&#8217;aiuto di <strong>Discepolo,<\/strong> puoi interagire con la tua community. L&#8217;app ti aiuta a coinvolgere i lead e guidarli attraverso la pipeline di vendita. Ad esempio, \u00e8 possibile agganciare i potenziali clienti con contenuti in base al loro interesse e incanalarli lungo la pipeline con offerte pubblicate su comunit\u00e0 mirate. Puoi generare entrate tramite gli acquisti tramite Apple Pay e altre forme di pagamento via web.<\/p>\n<h2>DISCIPLE &#8211; TUTORIAL<\/h2>\n<p>Ecco come funziona l&#8217;applicazione della community sfruttando le funzionalit\u00e0 di questo software gestionale per associazioni:<\/p>\n<div id=\"fluid-wrapper-counter-1\" class=\"g1-fluid-wrapper \" style=\"width:686px;\">\n<div style=\"padding-bottom:56.268221574344%;\"><iframe loading=\"lazy\" title=\"Disciple: New Web Community Platform Sneak Peek\" width=\"515\" height=\"386\" src=\"https:\/\/www.youtube.com\/embed\/B20T2BQevS0?feature=oembed&amp;wmode=transparent&amp;autohide=1&amp;autoplay=0&amp;disablekb=0&amp;fs=1&amp;loop=0&amp;enablejsapi=1&amp;rel=0&amp;controls=2&amp;showinfo=0&amp;wmode=transparent&amp;autohide=2&amp;autoplay=0&amp;disablekb=0&amp;fs=1&amp;loop=0&amp;enablejsapi=1&amp;rel=0&amp;controls=2&amp;showinfo=1\" frameborder=\"0\" allow=\"accelerometer; autoplay; clipboard-write; encrypted-media; gyroscope; picture-in-picture\" allowfullscreen><\/iframe><\/div>\n<\/div>\n<h3>DISCIPLE &#8211; CARATTERISTICHE<\/h3>\n<ul>\n<li>Personalizza la tua app: \u00e8 facile e veloce ottenere la tua app aggiungendo il tuo logo, colori e risorse. Scegli tra una gamma di funzioni tra cui feed, gruppi, eventi e livestream<\/li>\n<li>Connettiti con la tua community: riunisci i tuoi membri con post multimediali, livestream, hashtag, ricerca, gruppi, notifiche push e altro ancora<\/li>\n<li>&#8220;Vendi&#8221; alla tua community: genera entrate attraverso abbonamenti, pagamenti web, acquisti in-app e Apple Pay. Collega il tuo account Shopify per vendere dal tuo negozio<\/li>\n<li>Pubblica nella tua community: pianifica e pubblica i contenuti direttamente dalla dashboard<\/li>\n<li>Pubblica qualsiasi tipo di contenuto: forma breve, forma lunga, video, foto, gif. Segmenta e invia notifiche push personalizzate. Archivia tutti i tuoi contenuti in un unico posto, non lasciarli scomparire come feed social<\/li>\n<li>Amministra i tuoi membri: gestire e moderare i singoli membri. Gestisci i loro post, invia loro messaggi hai il pieno controllo di tutto quello che succede<\/li>\n<li>Comprendi la tua community: monitora il comportamento della tua comunit\u00e0. I membri pi\u00f9 attivi, i post pi\u00f9 recenti, i contenuti pi\u00f9 popolari<\/li>\n<\/ul>\n<h4>LE RECENSIONI DEGLI UTENTI<\/h4>\n<h4 class=\"h5 font-weight-bold flex-grow-1 mb-4\">Nik K:&#8221;Disciplina la community&#8221;<\/h4>\n<p><strong>Commenti: <\/strong>Grande. facile, efficiente e trasparente con tutti i rapporti con una chiara proposta di valore e una chiara suddivisione di ci\u00f2 che \u00e8 disponibile con le opzioni.<\/p>\n<p><strong>Vantaggi: <\/strong>facile da configurare, grande cms, valore istantaneo per gli utenti. mi ha permesso di concentrarmi su altre aree del business mentre il team poteva continuare concentrandosi sul lancio del prodotto.<\/p>\n<p><strong>Inconvenienti: <\/strong>n \/ a &#8211; tutti i concorrenti promettono pi\u00f9 funzionalit\u00e0 ma sono vaghi su quanto siano buoni o su come vengono consegnati. Qui \u00e8 diverso.<\/p>\n<h4 class=\"font-weight-bold my-1 d-flex align-items-center\">Mark W.\u00a0&#8220;La fantastica piattaforma di app ha dato vita alla nostra community&#8221;<\/h4>\n<p><strong>Commenti: <\/strong>Ottimo prodotto: ben progettato, affidabile, flessibile, orientato alla comunit\u00e0 e facile da usare. E supportato anche da una grande squadra &#8211; super disponibile e reattivo, che d\u00e0 tempo generosamente ogni volta che \u00e8 necessario e va oltre per indagare sui problemi quando necessario.<\/p>\n<p><strong>Vantaggi: <\/strong>Piattaforma collaudata e ben progettata, con una grande funzionalit\u00e0 che ci ha permesso di lanciare un&#8217;app di alta qualit\u00e0 per la nostra community con il minimo sforzo e il massimo impatto. Avevamo grandi speranze e i risultati hanno superato le nostre aspettative. La nostra community ama usare l&#8217;app, ottiene un grande coinvolgimento e il supporto del team Disciple \u00e8 stato di prima classe. Altamente raccomandato<\/p>\n<p><strong>Inconvenienti: <\/strong>Quando abbiamo lanciato per la prima volta c&#8217;erano alcune stranezze secondarie e potenziali aree di miglioramento, come con qualsiasi applicazione. Ma Discepolo ha gi\u00e0 implementato miglioramenti per la maggior parte di questi e sembra avere una solida pipeline di cambiamenti imminenti che miglioreranno ulteriormente l&#8217;esperienza dell&#8217;utente.<\/p>\n<h4 class=\"font-weight-bold my-1 d-flex align-items-center\">Rebecca G.\u00a0&#8220;Estremamente felice, un&#8217;azienda a tutto tondo con un eccellente servizio clienti.&#8221;<\/h4>\n<p><strong>Commenti: <\/strong>La mia esperienza con il programma \u00e8 stata di prim&#8217;ordine. La loro squadra \u00e8 un fantastico gruppo di persone, estremamente disponibile e molto ben informato.<\/p>\n<p><strong>Vantaggi: <\/strong>La facilit\u00e0 d&#8217;uso. Il software Disciple \u00e8 molto facile da usare, adoro la possibilit\u00e0 di inviare notifiche push, avere post amministrativi individuali, capacit\u00e0 di cartelle e sottocartelle e molto altro ancora.<\/p>\n<p><strong>Inconvenienti: <\/strong>Devo vedere il prezzo. \u00c8 un po &#8216;costoso se stai solo costruendo la tua comunit\u00e0. \u00c8 purtroppo il motivo per cui abbiamo finito per migrare su una nuova piattaforma.<\/p>\n","protected":false},"excerpt":{"rendered":"<p>Disciple ti aiuta a creare app per creare e gestire comunit\u00e0 online. Consente agli utenti di utilizzare le migliori funzionalit\u00e0 interattive dei social media come gruppi, streaming live e profili da utilizzare in uno spazio dedicato. La soluzione si divide in due parti:\u00a0la prima \u00e8 l&#8217;app che funge da luogo di incontro mobile per le comunit\u00e0.<\/p>\n","protected":false},"author":19,"featured_media":36192,"parent":0,"menu_order":0,"comment_status":"open","ping_status":"closed","template":"g1_template_page_review_new.php","meta":{"_acf_changed":false,"cwp_meta_box_check":"Yes","cwp_rev_product_name":"","cwp_rev_product_image":"","wppr_links":[],"cwp_rev_price":"","wppr_options":[],"wppr_pros":[],"wppr_cons":[],"_monsterinsights_skip_tracking":false,"_monsterinsights_sitenote_active":false,"_monsterinsights_sitenote_note":"","_monsterinsights_sitenote_category":0,"footnotes":""},"categories":[1943],"tags":[2220,1944,2221,2169,2098,2148],"features":[],"class_list":{"0":"post-24000","1":"page","2":"type-page","3":"status-publish","4":"has-post-thumbnail","6":"category-gestionale-per-associazioni-categoria","7":"tag-applicazione-gestionale-per-associazioni","8":"tag-association-management-software","9":"tag-disciple","10":"tag-gestione-community","11":"tag-piattaforma-gestionale-per-associazioni","12":"tag-soluzione-gestionale-per-associazioni"},"wppr_data":{"cwp_meta_box_check":"Yes","cwp_rev_product_name":"","cwp_rev_product_image":"","cwp_image_link":"image","cwp_rev_price":"","wppr_rating":"0.00"},"acf":[],"yoast_head":"<!-- This site is optimized with the Yoast SEO plugin v27.4 - https:\/\/yoast.com\/product\/yoast-seo-wordpress\/ -->\n<title>Disciple: recensione gestionale per associazioni - Accurate Reviews<\/title>\n<meta name=\"description\" content=\"Disciple: recensione software gestionale di community online che consente agli utenti di utilizzare le migliori funzionalit\u00e0 interattive dei social media.\" \/>\n<meta name=\"robots\" content=\"index, follow, max-snippet:-1, max-image-preview:large, max-video-preview:-1\" \/>\n<link rel=\"canonical\" href=\"https:\/\/www.accuratereviews.com\/it\/disciple-recensione\/\" \/>\n<meta property=\"og:locale\" content=\"it_IT\" \/>\n<meta property=\"og:type\" content=\"article\" \/>\n<meta property=\"og:title\" content=\"Disciple: recensione gestionale per associazioni - Accurate Reviews\" \/>\n<meta property=\"og:description\" content=\"Disciple: recensione software gestionale di community online che consente agli utenti di utilizzare le migliori funzionalit\u00e0 interattive dei social media.\" \/>\n<meta property=\"og:url\" content=\"https:\/\/www.accuratereviews.com\/it\/disciple-recensione\/\" \/>\n<meta property=\"og:site_name\" content=\"Accurate Reviews\" \/>\n<meta property=\"article:modified_time\" content=\"2021-01-27T13:03:29+00:00\" \/>\n<meta property=\"og:image\" content=\"https:\/\/www.accuratereviews.com\/wp-content\/uploads\/2021\/01\/Disciple-Logo-long-form-full-colour.jpg\" \/>\n\t<meta property=\"og:image:width\" content=\"2454\" \/>\n\t<meta property=\"og:image:height\" content=\"563\" \/>\n\t<meta property=\"og:image:type\" content=\"image\/jpeg\" \/>\n<meta name=\"twitter:card\" content=\"summary_large_image\" \/>\n<meta name=\"twitter:label1\" content=\"Tempo di lettura stimato\" \/>\n\t<meta name=\"twitter:data1\" content=\"4 minuti\" \/>\n<script type=\"application\/ld+json\" class=\"yoast-schema-graph\">{\"@context\":\"https:\\\/\\\/schema.org\",\"@graph\":[{\"@type\":\"WebPage\",\"@id\":\"https:\\\/\\\/www.accuratereviews.com\\\/it\\\/disciple-recensione\\\/\",\"url\":\"https:\\\/\\\/www.accuratereviews.com\\\/it\\\/disciple-recensione\\\/\",\"name\":\"Disciple: recensione gestionale per associazioni - Accurate Reviews\",\"isPartOf\":{\"@id\":\"https:\\\/\\\/www.accuratereviews.com\\\/it\\\/#website\"},\"primaryImageOfPage\":{\"@id\":\"https:\\\/\\\/www.accuratereviews.com\\\/it\\\/disciple-recensione\\\/#primaryimage\"},\"image\":{\"@id\":\"https:\\\/\\\/www.accuratereviews.com\\\/it\\\/disciple-recensione\\\/#primaryimage\"},\"thumbnailUrl\":\"https:\\\/\\\/www.accuratereviews.com\\\/wp-content\\\/uploads\\\/2021\\\/01\\\/Disciple-Logo-long-form-full-colour.jpg\",\"datePublished\":\"2020-03-05T15:37:02+00:00\",\"dateModified\":\"2021-01-27T13:03:29+00:00\",\"description\":\"Disciple: recensione software gestionale di community online che consente agli utenti di utilizzare le migliori funzionalit\u00e0 interattive dei social media.\",\"breadcrumb\":{\"@id\":\"https:\\\/\\\/www.accuratereviews.com\\\/it\\\/disciple-recensione\\\/#breadcrumb\"},\"inLanguage\":\"it-IT\",\"potentialAction\":[{\"@type\":\"ReadAction\",\"target\":[\"https:\\\/\\\/www.accuratereviews.com\\\/it\\\/disciple-recensione\\\/\"]}]},{\"@type\":\"ImageObject\",\"inLanguage\":\"it-IT\",\"@id\":\"https:\\\/\\\/www.accuratereviews.com\\\/it\\\/disciple-recensione\\\/#primaryimage\",\"url\":\"https:\\\/\\\/www.accuratereviews.com\\\/wp-content\\\/uploads\\\/2021\\\/01\\\/Disciple-Logo-long-form-full-colour.jpg\",\"contentUrl\":\"https:\\\/\\\/www.accuratereviews.com\\\/wp-content\\\/uploads\\\/2021\\\/01\\\/Disciple-Logo-long-form-full-colour.jpg\",\"width\":2454,\"height\":563},{\"@type\":\"BreadcrumbList\",\"@id\":\"https:\\\/\\\/www.accuratereviews.com\\\/it\\\/disciple-recensione\\\/#breadcrumb\",\"itemListElement\":[{\"@type\":\"ListItem\",\"position\":1,\"name\":\"Home\",\"item\":\"https:\\\/\\\/www.accuratereviews.com\\\/it\\\/\"},{\"@type\":\"ListItem\",\"position\":2,\"name\":\"Disciple\"}]},{\"@type\":\"WebSite\",\"@id\":\"https:\\\/\\\/www.accuratereviews.com\\\/it\\\/#website\",\"url\":\"https:\\\/\\\/www.accuratereviews.com\\\/it\\\/\",\"name\":\"Accurate Reviews\",\"description\":\"\",\"potentialAction\":[{\"@type\":\"SearchAction\",\"target\":{\"@type\":\"EntryPoint\",\"urlTemplate\":\"https:\\\/\\\/www.accuratereviews.com\\\/it\\\/?s={search_term_string}\"},\"query-input\":{\"@type\":\"PropertyValueSpecification\",\"valueRequired\":true,\"valueName\":\"search_term_string\"}}],\"inLanguage\":\"it-IT\"}]}<\/script>\n<!-- \/ Yoast SEO plugin. -->","yoast_head_json":{"title":"Disciple: recensione gestionale per associazioni - Accurate Reviews","description":"Disciple: recensione software gestionale di community online che consente agli utenti di utilizzare le migliori funzionalit\u00e0 interattive dei social media.","robots":{"index":"index","follow":"follow","max-snippet":"max-snippet:-1","max-image-preview":"max-image-preview:large","max-video-preview":"max-video-preview:-1"},"canonical":"https:\/\/www.accuratereviews.com\/it\/disciple-recensione\/","og_locale":"it_IT","og_type":"article","og_title":"Disciple: recensione gestionale per associazioni - Accurate Reviews","og_description":"Disciple: recensione software gestionale di community online che consente agli utenti di utilizzare le migliori funzionalit\u00e0 interattive dei social media.","og_url":"https:\/\/www.accuratereviews.com\/it\/disciple-recensione\/","og_site_name":"Accurate Reviews","article_modified_time":"2021-01-27T13:03:29+00:00","og_image":[{"width":2454,"height":563,"url":"https:\/\/www.accuratereviews.com\/wp-content\/uploads\/2021\/01\/Disciple-Logo-long-form-full-colour.jpg","type":"image\/jpeg"}],"twitter_card":"summary_large_image","twitter_misc":{"Tempo di lettura stimato":"4 minuti"},"schema":{"@context":"https:\/\/schema.org","@graph":[{"@type":"WebPage","@id":"https:\/\/www.accuratereviews.com\/it\/disciple-recensione\/","url":"https:\/\/www.accuratereviews.com\/it\/disciple-recensione\/","name":"Disciple: recensione gestionale per associazioni - Accurate Reviews","isPartOf":{"@id":"https:\/\/www.accuratereviews.com\/it\/#website"},"primaryImageOfPage":{"@id":"https:\/\/www.accuratereviews.com\/it\/disciple-recensione\/#primaryimage"},"image":{"@id":"https:\/\/www.accuratereviews.com\/it\/disciple-recensione\/#primaryimage"},"thumbnailUrl":"https:\/\/www.accuratereviews.com\/wp-content\/uploads\/2021\/01\/Disciple-Logo-long-form-full-colour.jpg","datePublished":"2020-03-05T15:37:02+00:00","dateModified":"2021-01-27T13:03:29+00:00","description":"Disciple: recensione software gestionale di community online che consente agli utenti di utilizzare le migliori funzionalit\u00e0 interattive dei social media.","breadcrumb":{"@id":"https:\/\/www.accuratereviews.com\/it\/disciple-recensione\/#breadcrumb"},"inLanguage":"it-IT","potentialAction":[{"@type":"ReadAction","target":["https:\/\/www.accuratereviews.com\/it\/disciple-recensione\/"]}]},{"@type":"ImageObject","inLanguage":"it-IT","@id":"https:\/\/www.accuratereviews.com\/it\/disciple-recensione\/#primaryimage","url":"https:\/\/www.accuratereviews.com\/wp-content\/uploads\/2021\/01\/Disciple-Logo-long-form-full-colour.jpg","contentUrl":"https:\/\/www.accuratereviews.com\/wp-content\/uploads\/2021\/01\/Disciple-Logo-long-form-full-colour.jpg","width":2454,"height":563},{"@type":"BreadcrumbList","@id":"https:\/\/www.accuratereviews.com\/it\/disciple-recensione\/#breadcrumb","itemListElement":[{"@type":"ListItem","position":1,"name":"Home","item":"https:\/\/www.accuratereviews.com\/it\/"},{"@type":"ListItem","position":2,"name":"Disciple"}]},{"@type":"WebSite","@id":"https:\/\/www.accuratereviews.com\/it\/#website","url":"https:\/\/www.accuratereviews.com\/it\/","name":"Accurate Reviews","description":"","potentialAction":[{"@type":"SearchAction","target":{"@type":"EntryPoint","urlTemplate":"https:\/\/www.accuratereviews.com\/it\/?s={search_term_string}"},"query-input":{"@type":"PropertyValueSpecification","valueRequired":true,"valueName":"search_term_string"}}],"inLanguage":"it-IT"}]}},"_links":{"self":[{"href":"https:\/\/www.accuratereviews.com\/it\/wp-json\/wp\/v2\/pages\/24000","targetHints":{"allow":["GET"]}}],"collection":[{"href":"https:\/\/www.accuratereviews.com\/it\/wp-json\/wp\/v2\/pages"}],"about":[{"href":"https:\/\/www.accuratereviews.com\/it\/wp-json\/wp\/v2\/types\/page"}],"author":[{"embeddable":true,"href":"https:\/\/www.accuratereviews.com\/it\/wp-json\/wp\/v2\/users\/19"}],"replies":[{"embeddable":true,"href":"https:\/\/www.accuratereviews.com\/it\/wp-json\/wp\/v2\/comments?post=24000"}],"version-history":[{"count":8,"href":"https:\/\/www.accuratereviews.com\/it\/wp-json\/wp\/v2\/pages\/24000\/revisions"}],"predecessor-version":[{"id":36195,"href":"https:\/\/www.accuratereviews.com\/it\/wp-json\/wp\/v2\/pages\/24000\/revisions\/36195"}],"wp:featuredmedia":[{"embeddable":true,"href":"https:\/\/www.accuratereviews.com\/it\/wp-json\/wp\/v2\/media\/36192"}],"wp:attachment":[{"href":"https:\/\/www.accuratereviews.com\/it\/wp-json\/wp\/v2\/media?parent=24000"}],"wp:term":[{"taxonomy":"category","embeddable":true,"href":"https:\/\/www.accuratereviews.com\/it\/wp-json\/wp\/v2\/categories?post=24000"},{"taxonomy":"post_tag","embeddable":true,"href":"https:\/\/www.accuratereviews.com\/it\/wp-json\/wp\/v2\/tags?post=24000"},{"taxonomy":"features","embeddable":true,"href":"https:\/\/www.accuratereviews.com\/it\/wp-json\/wp\/v2\/features?post=24000"}],"curies":[{"name":"wp","href":"https:\/\/api.w.org\/{rel}","templated":true}]}}