{"id":24022,"date":"2020-03-06T17:14:40","date_gmt":"2020-03-06T17:14:40","guid":{"rendered":"https:\/\/www.accuratereviews.com\/?page_id=24022"},"modified":"2021-02-04T14:45:16","modified_gmt":"2021-02-04T14:45:16","slug":"tendenci-recensione","status":"publish","type":"page","link":"https:\/\/www.accuratereviews.com\/it\/gestionale-per-associazioni\/tendenci-recensione\/","title":{"rendered":"Tendenci"},"content":{"rendered":"<p><strong>Tendenci<\/strong> \u00e8 un<strong> sistema di gestione delle associazioni<\/strong> <strong>open source<\/strong> e uno strumento di gestione dei donatori con un design reattivo e una solida suite di funzionalit\u00e0. \u00c8 completamente personalizzabile in modo da modificalo in base alle esigenze della tua organizzazione. \u00c8 anche supportato da una comunit\u00e0 di sviluppatori internazionali, quindi puoi discorrere di una vasta gamma di argomenti riguardanti la piattaforma e persino richiedere funzionalit\u00e0. Per quando si tratta dei suoi strumenti, <strong>Tendenci<\/strong> li rende facili da usare. In questo modo, non \u00e8 necessario disporre di conoscenze di sviluppo di alto livello per sfruttare il software della propria associazione. La soluzione si integra con Gravatar per i profili dei membri. Questi ti consentono di vedere ogni dettaglio importante come informazioni di contatto, connessioni professionali, cronologia di\u00a0fatturazione, gruppi e contributi. In questo modo, puoi contattare rapidamente i soci e stabilire subito un rapporto con loro.<\/p>\n<h2>TENDENCI &#8211; TUTORIAL<\/h2>\n<p>Ecco un tutorial in cui spiegacome\u00a0gestire contenuti, eventi, iscrizioni, donazioni utilizzando questo <strong>software gestionale per associazioni<\/strong>:<\/p>\n<div id=\"fluid-wrapper-counter-1\" class=\"g1-fluid-wrapper \" style=\"width:686px;\">\n<div style=\"padding-bottom:56.268221574344%;\"><iframe loading=\"lazy\" title=\"Tendenci Open Source CMS for Nonprofits and Associations\" width=\"686\" height=\"386\" src=\"https:\/\/www.youtube.com\/embed\/zSyIj04a1Ic?feature=oembed&amp;wmode=transparent&amp;autohide=1&amp;autoplay=0&amp;disablekb=0&amp;fs=1&amp;loop=0&amp;enablejsapi=1&amp;rel=0&amp;controls=2&amp;showinfo=0&amp;wmode=transparent&amp;autohide=2&amp;autoplay=0&amp;disablekb=0&amp;fs=1&amp;loop=0&amp;enablejsapi=1&amp;rel=0&amp;controls=2&amp;showinfo=1\" frameborder=\"0\" allow=\"accelerometer; autoplay; clipboard-write; encrypted-media; gyroscope; picture-in-picture\" allowfullscreen><\/iframe><\/div>\n<\/div>\n<h3>TENDENCI &#8211; CARATTERISTICHE<\/h3>\n<ul>\n<li>Un calendario principale che consente una facile registrazione online degli eventi<\/li>\n<li>Gestione dei contenuti web su ogni pagina<\/li>\n<li>Directory di appartenenza sicura<\/li>\n<li>Una commissione di lavoro in cui i potenziali datori di lavoro possono pubblicare posizioni disponibili e opportunit\u00e0 di volontariato<\/li>\n<li>Strumenti: gallerie video, album fotografici, social media<\/li>\n<li>Comunicato stampa e articolo di notizie<\/li>\n<li>Strumenti di segnalazione che forniscono un&#8217;analisi quotidiana del tuo sito web<\/li>\n<li>Registrazione e pagamento online all&#8217;interno del dominio del tuo sito web<\/li>\n<li>Email 1-Click ai partecipanti registrati con aggiornamenti, sondaggi post-evento e altro<\/li>\n<li>Aggiungi un numero illimitato di relatori a un evento per conferenze e panel<\/li>\n<li>Integrazione di Google Maps per non perdere i tuoi iscritti<\/li>\n<li>Riempie la Meta Description per le tue pagine con un riepilogo del contenuto della pagina<\/li>\n<li>Analizza i tuoi contenuti e genera le migliori parole chiave<\/li>\n<li>Crea un URL adatto ai motori di ricerca in base al titolo del contenuto<\/li>\n<li>Puoi anche integrare la tua analisi web per un monitoraggio approfondito in modo da poter misurare tutto il traffico verso<br \/>\nil tuo sito, comprese le pagine principali, i siti di riferimento principali, le parole chiave e motori di ricerca.<\/li>\n<li>Creazione automatica e Sitemap XML aggiornato per elencare i tuoi contenuti nei motori di ricerca<\/li>\n<\/ul>\n<h4>LE RECENSIONI DEGLI UTENTI<\/h4>\n<h4 class=\"font-weight-bold my-1 d-flex align-items-center\">Jonti B.\u00a0&#8220;Pi\u00f9 funzionalit\u00e0 e sicurezza rispetto alla maggior parte dei software aziendali&#8221;<\/h4>\n<p><strong>Commenti: <\/strong>La mia esperienza con Tendenci \u00e8 che sono molto focalizzati sulla sicurezza prima come azienda e come prodotto software. Essendo un software open-source guidato dalla community, i miei clienti sono preoccupati della loro presenza sul web e della protezione delle loro risorse. Far parte di una comunit\u00e0 open source si allinea ai loro valori. La libert\u00e0 \u00e8 buona. Ma hanno anche fiducia nella storia e nel focus di una community dedicata a un prodotto forte. Ospitiamo con Tendenci per sicurezza e funzionalit\u00e0. Come altre soluzioni open source, ci piace sapere che possiamo ospitarci se questa \u00e8 un&#8217;opzione migliore. I nostri clienti non hanno bisogno di fork del software per il proprio uso, perch\u00e9 le funzionalit\u00e0 ci sono. Tendenci ha una maggiore funzionalit\u00e0 e tecnologia recente rispetto alla concorrenza. Molte soluzioni a livello aziendale non sono disponibili con la stessa funzionalit\u00e0 in bundle (\u00e8 presente). Troppo spesso vediamo che i clienti vengono ostacolati con la manutenzione dell&#8217;installazione di moduli e funzionalit\u00e0 aggiuntivi e assicurandoci che siano sicuri con software proprietario. Con Tendenci, le esigenze dei siti web dei nostri clienti sono soddisfatte e sicure. Divulgazione: anni fa ho lavorato presso Tendenci. Lo consiglio ancora ai miei clienti se \u00e8 adatto ai loro obiettivi e lo usiamo per alimentare il nostro sito web.<\/p>\n<p><strong>Vantaggi: <\/strong>Il ricco set di funzionalit\u00e0 e moduli integrati nel software. Dai calendari alle gallerie fino alla pubblicazione di notizie e newsletter. Aiuta a costruire un&#8217;organizzazione immediatamente.<\/p>\n<p><strong>Inconvenienti: <\/strong>Potrebbe utilizzare alcune integrazioni in pi\u00f9 con altri software, ma ne abbiamo superato alcune con la tecnologia IFTT.<\/p>\n<h4 class=\"font-weight-bold my-1 d-flex align-items-center\">Analisa W.&#8221;Tendenci \u00e8 stato fantastico lavorare come no profit imparando a prendere le redini su un sito Web!&#8221;<\/h4>\n<p><strong>Vantaggi: <\/strong>Tendenci rende il software facile da usare e il servizio clienti \u00e8 sempre impeccabile! So sempre se ho problemi a capire qualcosa che mi aiuteranno e mi guideranno nel processo.<\/p>\n<p><strong>Inconvenienti: <\/strong>A volte non \u00e8 flessibile come vorrei, ma il team \u00e8 sempre pronto e disposto ad apportare le modifiche necessarie.<\/p>\n<h4 class=\"font-weight-bold my-1 d-flex align-items-center\">Melinda M.&#8221;Ha lavorato con loro per progettare e costruire un nuovo sito e lo uso quotidianamente. Supporto clienti fantastico!&#8221;<\/h4>\n<p><strong>Vantaggi: <\/strong>La funzionalit\u00e0 &#8230; pu\u00f2 fare quasi tutto ci\u00f2 di cui la nostra azienda ha bisogno per meno soldi di concorrenti simili l\u00e0 fuori. E l&#8217;assistenza clienti non \u00e8 seconda a nessuno.<\/p>\n<p><strong>Inconvenienti: <\/strong>Il software non \u00e8 intuitivo. Non \u00e8 sempre facile risolvere i problemi da solo e spesso devo inviare un&#8217;e-mail al team. Fortunatamente, il team \u00e8 incredibilmente reattivo. Ho iniziato il lavoro senza conoscere alcun tipo di software e ora ho una buona conoscenza della formattazione, ecc.<\/p>\n","protected":false},"excerpt":{"rendered":"<p>Tendenci \u00e8 un sistema di gestione delle associazioni open source e uno strumento di gestione dei donatori con un design reattivo e una solida suite di funzionalit\u00e0. \u00c8 completamente personalizzabile in modo da modificalo in base alle esigenze della tua organizzazione. \u00c8 anche supportato da una comunit\u00e0 di sviluppatori internazionali, quindi puoi discorrere di una vasta gamma di argomenti riguardanti la piattaforma e persino richiedere funzionalit\u00e0.<\/p>\n","protected":false},"author":19,"featured_media":24023,"parent":35837,"menu_order":0,"comment_status":"open","ping_status":"closed","template":"g1_template_page_review_new.php","meta":{"_acf_changed":false,"cwp_meta_box_check":"Yes","cwp_rev_product_name":"","cwp_rev_product_image":"","wppr_links":[],"cwp_rev_price":"","wppr_options":[],"wppr_pros":[],"wppr_cons":[],"_monsterinsights_skip_tracking":false,"_monsterinsights_sitenote_active":false,"_monsterinsights_sitenote_note":"","_monsterinsights_sitenote_category":0,"footnotes":""},"categories":[1943],"tags":[1944,246,1949,2149,1948,2241],"features":[],"class_list":{"0":"post-24022","1":"page","2":"type-page","3":"status-publish","4":"has-post-thumbnail","6":"category-gestionale-per-associazioni-categoria","7":"tag-association-management-software","8":"tag-open-source","9":"tag-programma-gestionale-associazioni","10":"tag-software-gestionale-per-associazioni","11":"tag-soluzione-gestionale-associazioni","12":"tag-tendenci"},"wppr_data":{"cwp_meta_box_check":"Yes","cwp_rev_product_name":"","cwp_rev_product_image":"","cwp_image_link":"image","cwp_rev_price":"","wppr_rating":"0.00"},"acf":[],"yoast_head":"<!-- This site is optimized with the Yoast SEO plugin v27.4 - https:\/\/yoast.com\/product\/yoast-seo-wordpress\/ -->\n<title>Tendenci: recensione gestionale per associazioni - Accurate Reviews<\/title>\n<meta name=\"description\" content=\"Tendenci: recensionevsistema di gestione delle associazioni open source dotato di un design reattivo e una solida suite di funzionalit\u00e0.\" \/>\n<meta name=\"robots\" content=\"index, follow, max-snippet:-1, max-image-preview:large, max-video-preview:-1\" \/>\n<link rel=\"canonical\" href=\"https:\/\/www.accuratereviews.com\/it\/gestionale-per-associazioni\/tendenci-recensione\/\" \/>\n<meta property=\"og:locale\" content=\"it_IT\" \/>\n<meta property=\"og:type\" content=\"article\" \/>\n<meta property=\"og:title\" content=\"Tendenci: recensione gestionale per associazioni - Accurate Reviews\" \/>\n<meta property=\"og:description\" content=\"Tendenci: recensionevsistema di gestione delle associazioni open source dotato di un design reattivo e una solida suite di funzionalit\u00e0.\" \/>\n<meta property=\"og:url\" content=\"https:\/\/www.accuratereviews.com\/it\/gestionale-per-associazioni\/tendenci-recensione\/\" \/>\n<meta property=\"og:site_name\" content=\"Accurate Reviews\" \/>\n<meta property=\"article:modified_time\" content=\"2021-02-04T14:45:16+00:00\" \/>\n<meta property=\"og:image\" content=\"https:\/\/www.accuratereviews.com\/wp-content\/uploads\/2020\/03\/tendenci.jpg\" \/>\n\t<meta property=\"og:image:width\" content=\"353\" \/>\n\t<meta property=\"og:image:height\" content=\"353\" \/>\n\t<meta property=\"og:image:type\" content=\"image\/jpeg\" \/>\n<meta name=\"twitter:card\" content=\"summary_large_image\" \/>\n<meta name=\"twitter:label1\" content=\"Tempo di lettura stimato\" \/>\n\t<meta name=\"twitter:data1\" content=\"4 minuti\" \/>\n<script type=\"application\/ld+json\" class=\"yoast-schema-graph\">{\"@context\":\"https:\\\/\\\/schema.org\",\"@graph\":[{\"@type\":\"WebPage\",\"@id\":\"https:\\\/\\\/www.accuratereviews.com\\\/it\\\/gestionale-per-associazioni\\\/tendenci-recensione\\\/\",\"url\":\"https:\\\/\\\/www.accuratereviews.com\\\/it\\\/gestionale-per-associazioni\\\/tendenci-recensione\\\/\",\"name\":\"Tendenci: recensione gestionale per associazioni - Accurate Reviews\",\"isPartOf\":{\"@id\":\"https:\\\/\\\/www.accuratereviews.com\\\/it\\\/#website\"},\"primaryImageOfPage\":{\"@id\":\"https:\\\/\\\/www.accuratereviews.com\\\/it\\\/gestionale-per-associazioni\\\/tendenci-recensione\\\/#primaryimage\"},\"image\":{\"@id\":\"https:\\\/\\\/www.accuratereviews.com\\\/it\\\/gestionale-per-associazioni\\\/tendenci-recensione\\\/#primaryimage\"},\"thumbnailUrl\":\"https:\\\/\\\/www.accuratereviews.com\\\/wp-content\\\/uploads\\\/2020\\\/03\\\/tendenci.jpg\",\"datePublished\":\"2020-03-06T17:14:40+00:00\",\"dateModified\":\"2021-02-04T14:45:16+00:00\",\"description\":\"Tendenci: recensionevsistema di gestione delle associazioni open source dotato di un design reattivo e una solida suite di funzionalit\u00e0.\",\"breadcrumb\":{\"@id\":\"https:\\\/\\\/www.accuratereviews.com\\\/it\\\/gestionale-per-associazioni\\\/tendenci-recensione\\\/#breadcrumb\"},\"inLanguage\":\"it-IT\",\"potentialAction\":[{\"@type\":\"ReadAction\",\"target\":[\"https:\\\/\\\/www.accuratereviews.com\\\/it\\\/gestionale-per-associazioni\\\/tendenci-recensione\\\/\"]}]},{\"@type\":\"ImageObject\",\"inLanguage\":\"it-IT\",\"@id\":\"https:\\\/\\\/www.accuratereviews.com\\\/it\\\/gestionale-per-associazioni\\\/tendenci-recensione\\\/#primaryimage\",\"url\":\"https:\\\/\\\/www.accuratereviews.com\\\/wp-content\\\/uploads\\\/2020\\\/03\\\/tendenci.jpg\",\"contentUrl\":\"https:\\\/\\\/www.accuratereviews.com\\\/wp-content\\\/uploads\\\/2020\\\/03\\\/tendenci.jpg\",\"width\":353,\"height\":353},{\"@type\":\"BreadcrumbList\",\"@id\":\"https:\\\/\\\/www.accuratereviews.com\\\/it\\\/gestionale-per-associazioni\\\/tendenci-recensione\\\/#breadcrumb\",\"itemListElement\":[{\"@type\":\"ListItem\",\"position\":1,\"name\":\"Home\",\"item\":\"https:\\\/\\\/www.accuratereviews.com\\\/it\\\/\"},{\"@type\":\"ListItem\",\"position\":2,\"name\":\"Gestionale per associazioni\",\"item\":\"https:\\\/\\\/www.accuratereviews.com\\\/it\\\/gestionale-per-associazioni\\\/\"},{\"@type\":\"ListItem\",\"position\":3,\"name\":\"Tendenci\"}]},{\"@type\":\"WebSite\",\"@id\":\"https:\\\/\\\/www.accuratereviews.com\\\/it\\\/#website\",\"url\":\"https:\\\/\\\/www.accuratereviews.com\\\/it\\\/\",\"name\":\"Accurate Reviews\",\"description\":\"\",\"potentialAction\":[{\"@type\":\"SearchAction\",\"target\":{\"@type\":\"EntryPoint\",\"urlTemplate\":\"https:\\\/\\\/www.accuratereviews.com\\\/it\\\/?s={search_term_string}\"},\"query-input\":{\"@type\":\"PropertyValueSpecification\",\"valueRequired\":true,\"valueName\":\"search_term_string\"}}],\"inLanguage\":\"it-IT\"}]}<\/script>\n<!-- \/ Yoast SEO plugin. -->","yoast_head_json":{"title":"Tendenci: recensione gestionale per associazioni - Accurate Reviews","description":"Tendenci: recensionevsistema di gestione delle associazioni open source dotato di un design reattivo e una solida suite di funzionalit\u00e0.","robots":{"index":"index","follow":"follow","max-snippet":"max-snippet:-1","max-image-preview":"max-image-preview:large","max-video-preview":"max-video-preview:-1"},"canonical":"https:\/\/www.accuratereviews.com\/it\/gestionale-per-associazioni\/tendenci-recensione\/","og_locale":"it_IT","og_type":"article","og_title":"Tendenci: recensione gestionale per associazioni - Accurate Reviews","og_description":"Tendenci: recensionevsistema di gestione delle associazioni open source dotato di un design reattivo e una solida suite di funzionalit\u00e0.","og_url":"https:\/\/www.accuratereviews.com\/it\/gestionale-per-associazioni\/tendenci-recensione\/","og_site_name":"Accurate Reviews","article_modified_time":"2021-02-04T14:45:16+00:00","og_image":[{"width":353,"height":353,"url":"https:\/\/www.accuratereviews.com\/wp-content\/uploads\/2020\/03\/tendenci.jpg","type":"image\/jpeg"}],"twitter_card":"summary_large_image","twitter_misc":{"Tempo di lettura stimato":"4 minuti"},"schema":{"@context":"https:\/\/schema.org","@graph":[{"@type":"WebPage","@id":"https:\/\/www.accuratereviews.com\/it\/gestionale-per-associazioni\/tendenci-recensione\/","url":"https:\/\/www.accuratereviews.com\/it\/gestionale-per-associazioni\/tendenci-recensione\/","name":"Tendenci: recensione gestionale per associazioni - Accurate Reviews","isPartOf":{"@id":"https:\/\/www.accuratereviews.com\/it\/#website"},"primaryImageOfPage":{"@id":"https:\/\/www.accuratereviews.com\/it\/gestionale-per-associazioni\/tendenci-recensione\/#primaryimage"},"image":{"@id":"https:\/\/www.accuratereviews.com\/it\/gestionale-per-associazioni\/tendenci-recensione\/#primaryimage"},"thumbnailUrl":"https:\/\/www.accuratereviews.com\/wp-content\/uploads\/2020\/03\/tendenci.jpg","datePublished":"2020-03-06T17:14:40+00:00","dateModified":"2021-02-04T14:45:16+00:00","description":"Tendenci: recensionevsistema di gestione delle associazioni open source dotato di un design reattivo e una solida suite di funzionalit\u00e0.","breadcrumb":{"@id":"https:\/\/www.accuratereviews.com\/it\/gestionale-per-associazioni\/tendenci-recensione\/#breadcrumb"},"inLanguage":"it-IT","potentialAction":[{"@type":"ReadAction","target":["https:\/\/www.accuratereviews.com\/it\/gestionale-per-associazioni\/tendenci-recensione\/"]}]},{"@type":"ImageObject","inLanguage":"it-IT","@id":"https:\/\/www.accuratereviews.com\/it\/gestionale-per-associazioni\/tendenci-recensione\/#primaryimage","url":"https:\/\/www.accuratereviews.com\/wp-content\/uploads\/2020\/03\/tendenci.jpg","contentUrl":"https:\/\/www.accuratereviews.com\/wp-content\/uploads\/2020\/03\/tendenci.jpg","width":353,"height":353},{"@type":"BreadcrumbList","@id":"https:\/\/www.accuratereviews.com\/it\/gestionale-per-associazioni\/tendenci-recensione\/#breadcrumb","itemListElement":[{"@type":"ListItem","position":1,"name":"Home","item":"https:\/\/www.accuratereviews.com\/it\/"},{"@type":"ListItem","position":2,"name":"Gestionale per associazioni","item":"https:\/\/www.accuratereviews.com\/it\/gestionale-per-associazioni\/"},{"@type":"ListItem","position":3,"name":"Tendenci"}]},{"@type":"WebSite","@id":"https:\/\/www.accuratereviews.com\/it\/#website","url":"https:\/\/www.accuratereviews.com\/it\/","name":"Accurate Reviews","description":"","potentialAction":[{"@type":"SearchAction","target":{"@type":"EntryPoint","urlTemplate":"https:\/\/www.accuratereviews.com\/it\/?s={search_term_string}"},"query-input":{"@type":"PropertyValueSpecification","valueRequired":true,"valueName":"search_term_string"}}],"inLanguage":"it-IT"}]}},"_links":{"self":[{"href":"https:\/\/www.accuratereviews.com\/it\/wp-json\/wp\/v2\/pages\/24022","targetHints":{"allow":["GET"]}}],"collection":[{"href":"https:\/\/www.accuratereviews.com\/it\/wp-json\/wp\/v2\/pages"}],"about":[{"href":"https:\/\/www.accuratereviews.com\/it\/wp-json\/wp\/v2\/types\/page"}],"author":[{"embeddable":true,"href":"https:\/\/www.accuratereviews.com\/it\/wp-json\/wp\/v2\/users\/19"}],"replies":[{"embeddable":true,"href":"https:\/\/www.accuratereviews.com\/it\/wp-json\/wp\/v2\/comments?post=24022"}],"version-history":[{"count":6,"href":"https:\/\/www.accuratereviews.com\/it\/wp-json\/wp\/v2\/pages\/24022\/revisions"}],"predecessor-version":[{"id":36807,"href":"https:\/\/www.accuratereviews.com\/it\/wp-json\/wp\/v2\/pages\/24022\/revisions\/36807"}],"up":[{"embeddable":true,"href":"https:\/\/www.accuratereviews.com\/it\/wp-json\/wp\/v2\/pages\/35837"}],"wp:featuredmedia":[{"embeddable":true,"href":"https:\/\/www.accuratereviews.com\/it\/wp-json\/wp\/v2\/media\/24023"}],"wp:attachment":[{"href":"https:\/\/www.accuratereviews.com\/it\/wp-json\/wp\/v2\/media?parent=24022"}],"wp:term":[{"taxonomy":"category","embeddable":true,"href":"https:\/\/www.accuratereviews.com\/it\/wp-json\/wp\/v2\/categories?post=24022"},{"taxonomy":"post_tag","embeddable":true,"href":"https:\/\/www.accuratereviews.com\/it\/wp-json\/wp\/v2\/tags?post=24022"},{"taxonomy":"features","embeddable":true,"href":"https:\/\/www.accuratereviews.com\/it\/wp-json\/wp\/v2\/features?post=24022"}],"curies":[{"name":"wp","href":"https:\/\/api.w.org\/{rel}","templated":true}]}}