{"id":24040,"date":"2020-03-06T17:15:02","date_gmt":"2020-03-06T17:15:02","guid":{"rendered":"https:\/\/www.accuratereviews.com\/?page_id=24040"},"modified":"2021-02-04T14:40:17","modified_gmt":"2021-02-04T14:40:17","slug":"membee-recensione","status":"publish","type":"page","link":"https:\/\/www.accuratereviews.com\/it\/gestionale-per-associazioni\/membee-recensione\/","title":{"rendered":"Membee"},"content":{"rendered":"<p><strong>Membee<\/strong> \u00e8 una <strong>suite di gestione dell&#8217;appartenenza<\/strong> basata su <strong>cloud<\/strong> progettata per supportare dipendenti e volontari di aziende, club e associazioni, con funzionalit\u00e0 automatizzate e accesso self-service per i membri. Composto da pi\u00f9 moduli e una raccolta di 10 widget &#8220;plug &amp; play&#8221;, <strong>Membee<\/strong> incorpora le funzionalit\u00e0 di gestione delle appartenenze in un sito web esistente senza richiedere alcuna programmazione. Le iscrizioni di nuovi membri includono widget personalizzati e la creazione di moduli di iscrizione illimitati, automatizzando ogni fase di iscrizione e fornendo accesso &#8220;solo ai membri&#8221;, ottimizzato per i dispositivi mobili. Gli utenti possono impostare sconti per incrementare le vendite, invitare i membri a memorizzare in modo sicuro i dati della propria carta di credito per acquisti futuri e inviare notifiche per aggiornare gli abbonati su nuove iscrizioni. Gli utenti attuali possono anche effettuare rinnovi, cancellazioni, consegna della fattura e pagamenti di rinnovo.<\/p>\n<h2>MEMBEE &#8211; TUTORIAL<\/h2>\n<p>Guardiamo il video che segue per sfruttare al meglio le funzioni di questo <strong>software gestionale per associazioni<\/strong>:<\/p>\n<div id=\"fluid-wrapper-counter-1\" class=\"g1-fluid-wrapper \" style=\"width:686px;\">\n<div style=\"padding-bottom:56.268221574344%;\"><iframe loading=\"lazy\" title=\"All In One: Membee Complete in 4 Minutes\" width=\"686\" height=\"386\" src=\"https:\/\/www.youtube.com\/embed\/qwPpGQLsrdY?feature=oembed&amp;wmode=transparent&amp;autohide=1&amp;autoplay=0&amp;disablekb=0&amp;fs=1&amp;loop=0&amp;enablejsapi=1&amp;rel=0&amp;controls=2&amp;showinfo=0&amp;wmode=transparent&amp;autohide=2&amp;autoplay=0&amp;disablekb=0&amp;fs=1&amp;loop=0&amp;enablejsapi=1&amp;rel=0&amp;controls=2&amp;showinfo=1\" frameborder=\"0\" allow=\"accelerometer; autoplay; clipboard-write; encrypted-media; gyroscope; picture-in-picture\" allowfullscreen><\/iframe><\/div>\n<\/div>\n<h3>MEMBEE &#8211; CARATTERISTICHE<\/h3>\n<ul>\n<li><strong>Basato sul web<\/strong>: accedi alle informazioni dei tuoi membri in modo sicuro da qualsiasi luogo. Tutto ci\u00f2 che serve \u00e8 il tuo browser preferito e una connessione a Internet<\/li>\n<li><strong>Iscrizione di un nuovo membro completamente automatizzata<\/strong>: semplificare la partecipazione dei nuovi membri dal tuo sito web \u00e8 una chiave per la crescita della tua organizzazione. Il widget Registrazione nuovo membro dell&#8217;iscrizione pu\u00f2 essere aggiunto al tuo sito e automatizzare completamente il processo di registrazione<\/li>\n<li><strong>Moduli e flussi di lavoro illimitati:<\/strong> l&#8217;iscrizione ti consente di creare moduli di iscrizione illimitati che possono essere esportati sulle pagine del tuo sito web. Ci\u00f2 significa che puoi personalizzare un modulo per creare un ottimo processo di iscrizione per i membri di livello<\/li>\n<li><strong>Crea moduli di iscrizione facili da usare<\/strong>: decidi quali campi, in fase di iscrizione, sono obbligatori o facoltativi e il controllo sul campo ti consente di enfatizzare i campi che sono veramente importanti per la loro appartenenza<\/li>\n<li><strong>Memorizza i dettagli della carta di credito per facili checkout e rinnovi futuri<\/strong>: l&#8217;abbonato offre la possibilit\u00e0 per il nuovo membro di archiviare i dettagli della propria carta di credito in modo da facilitare i futuri checkout. Puoi anche dire all&#8217;Iscritto di utilizzare la carta memorizzata per il rinnovo dell&#8217;abbonamento rendendo il rinnovo futuro completamente automatizzato. per te e, soprattutto<\/li>\n<li><strong>Vendi eventi, servizi aggiuntivi, anche donazioni:<\/strong> la funzione Elementi aggiuntivi dei membri semplifica l&#8217;aggiunta di altri prodotti e servizi ai moduli di iscrizione. Decidi se questi elementi aggiuntivi sono opzionali (registrazione o donazione di una conferenza) o richiesti (una quota di iscrizione per un nuovo membro)<\/li>\n<li><strong>Notifiche utente:<\/strong> specifica quali dei tuoi abbonati iscritti vogliono essere avvisati quando si unisce un nuovo membro<\/li>\n<li><strong>Pronto per dispositivi mobili:<\/strong> design reattivo in modo che un nuovo membro possa aderire e pagare da qualsiasi dispositivo mobile<\/li>\n<\/ul>\n<h4>LE RECENSIONI DEGLI UTENTI<\/h4>\n<h4 class=\"font-weight-bold my-1 d-flex align-items-center\">Jeannine C.&#8221;SCW Pickleball Club&#8221;<\/h4>\n<p><strong>Commenti: <\/strong>Abbiamo implementato l&#8217;iscrizione per il nostro Pickleball Club a luglio 2019. Anche se non \u00e8 sempre stata una navigazione fluida, l&#8217;iscrizione \u00e8 sempre stata utile per risolvere eventuali problemi che abbiamo riscontrato. Stiamo ultimando il nostro primo anno e il rinnovo dei nostri soci \u00e8 il pi\u00f9 alto che sia mai stato. Grazie.<\/p>\n<p><strong>Vantaggi: <\/strong>Elaboravo manualmente l&#8217;iscrizione al nostro Pickleball Club, il che significava una settimana di lavoro volontario di 25-30 ore. L&#8217;adesione ha ridotto la quantit\u00e0 di lavoro che faccio di oltre il 50%. Il supporto continuo durante tutto il processo di apprendimento \u00e8 stato meraviglioso. Il team di supporto per i membri \u00e8 stato eccezionale. Se i problemi sono urgenti, il Membro risponde prontamente ed efficacemente. Anche la linea di assistenza Chat quotidiana del mattino \u00e8 stata molto utile per ottenere risposte rapidamente mentre continuiamo a imparare come navigare nel sistema.<\/p>\n<p><strong>Inconvenienti: <\/strong>Abbiamo riscontrato alcuni problemi con i membri (incluso me stesso) che non sono stati in grado di accedere a causa di &#8220;cookie bloccati&#8221; anche se le nostre impostazioni non sono state impostate per bloccare il sito web. Per la maggior parte i nostri membri sono stati in grado di risolvere il problema cancellando la cronologia del browser.<\/p>\n<h4 class=\"font-weight-bold my-1 d-flex align-items-center\">Jodie W.&#8221;L&#8217;iscrizione ha reso la mia vita lavorativa molto pi\u00f9 semplice!&#8221;<\/h4>\n<p><strong>Commenti: <\/strong>L&#8217;adesione ha reso molto pi\u00f9 semplice la gestione delle informazioni dei nostri membri. Le nuove iscrizioni e i rinnovi sono molto pi\u00f9 efficienti e la riscossione delle quote \u00e8 molto pi\u00f9 semplice grazie all&#8217;iscrizione.<\/p>\n<p><strong>Vantaggi: <\/strong>L&#8217;iscrizione funziona perfettamente con il nostro sito web, semplificando la gestione delle iscrizioni ai nostri membri.<br \/>\nL&#8217;automazione fa risparmiare molto tempo e frustrazione e rende molto pi\u00f9 facile la riscossione delle quote associative.<\/p>\n<p><strong>Inconvenienti: <\/strong>A volte pu\u00f2 essere difficile trovare qualcosa che stai cercando (e non usare spesso), tuttavia l&#8217;assistenza clienti \u00e8 ottima, quindi questo non \u00e8 davvero un problema.<\/p>\n<h4 class=\"font-weight-bold my-1 d-flex align-items-center\">Ashley H.\u00a0&#8220;Uso questo programma ogni giorno e lo consiglio vivamente&#8221;<\/h4>\n<p><strong>Commenti: <\/strong>Il programma e il servizio clienti sono incredibili. Ogni volta che ho una domanda, cosa che faccio spesso, perch\u00e9 la nostra attivit\u00e0 sembra sempre venir fuori con idee folli, ovvero opzioni di fatturazione uniche, l&#8217;abbonato mi aiuta SEMPRE a raggiungere il nostro obiettivo con le migliori pratiche commerciali. Sono estremamente utili e il programma mi semplifica il lavoro.<\/p>\n<p><strong>Vantaggi: <\/strong>Il software \u00e8 facile da usare per la nostra azienda e i nostri membri. Gli aggiornamenti sono spesso implementati nel programma per tenere il passo con i progressi della tecnologia e per migliorare la facilit\u00e0 d&#8217;uso. Uso questo programma quotidianamente e la facilit\u00e0 d&#8217;uso semplifica il mio lavoro. Tutti i miei membri e le registrazioni degli eventi sono a portata di mano e con un clic \u00a0riesco a trovare quello che sto cercando.<\/p>\n<p><strong>Inconvenienti: <\/strong>Non c&#8217;\u00e8 nulla nel software che non mi piace. Gli aggiornamenti sono spesso implementati.<\/p>\n","protected":false},"excerpt":{"rendered":"<p>Membee \u00e8 una suite di gestione dell&#8217;appartenenza basata su cloud progettata per supportare dipendenti e volontari di aziende, club e associazioni, con funzionalit\u00e0 automatizzate e accesso self-service per i membri. Composto da pi\u00f9 moduli e una raccolta di 10 widget &#8220;plug &#038; play&#8221;, Membee incorpora le funzionalit\u00e0 di gestione delle appartenenze in un sito web esistente senza richiedere alcuna programmazione.<\/p>\n","protected":false},"author":19,"featured_media":24041,"parent":35837,"menu_order":0,"comment_status":"open","ping_status":"closed","template":"g1_template_page_review_new.php","meta":{"_acf_changed":false,"cwp_meta_box_check":"Yes","cwp_rev_product_name":"","cwp_rev_product_image":"","wppr_links":[],"cwp_rev_price":"","wppr_options":[],"wppr_pros":[],"wppr_cons":[],"_monsterinsights_skip_tracking":false,"_monsterinsights_sitenote_active":false,"_monsterinsights_sitenote_note":"","_monsterinsights_sitenote_category":0,"footnotes":""},"categories":[1943],"tags":[1944,396,2245,2246,2149,2148],"features":[],"class_list":{"0":"post-24040","1":"page","2":"type-page","3":"status-publish","4":"has-post-thumbnail","6":"category-gestionale-per-associazioni-categoria","7":"tag-association-management-software","8":"tag-cloud","9":"tag-gestione-appartenenza","10":"tag-membee","11":"tag-software-gestionale-per-associazioni","12":"tag-soluzione-gestionale-per-associazioni"},"wppr_data":{"cwp_meta_box_check":"Yes","cwp_rev_product_name":"","cwp_rev_product_image":"","cwp_image_link":"image","cwp_rev_price":"","wppr_rating":"0.00"},"acf":[],"yoast_head":"<!-- This site is optimized with the Yoast SEO plugin v27.4 - https:\/\/yoast.com\/product\/yoast-seo-wordpress\/ -->\n<title>Membee: recensione gestionale per associazioni - Accurate Reviews<\/title>\n<meta name=\"description\" content=\"Membee: recensione suite di gestione dell&#039;appartenenza basata su cloud progettata per supportare dipendenti e volontari di aziende, club e associazioni.\" \/>\n<meta name=\"robots\" content=\"index, follow, max-snippet:-1, max-image-preview:large, max-video-preview:-1\" \/>\n<link rel=\"canonical\" href=\"https:\/\/www.accuratereviews.com\/it\/gestionale-per-associazioni\/membee-recensione\/\" \/>\n<meta property=\"og:locale\" content=\"it_IT\" \/>\n<meta property=\"og:type\" content=\"article\" \/>\n<meta property=\"og:title\" content=\"Membee: recensione gestionale per associazioni - Accurate Reviews\" \/>\n<meta property=\"og:description\" content=\"Membee: recensione suite di gestione dell&#039;appartenenza basata su cloud progettata per supportare dipendenti e volontari di aziende, club e associazioni.\" \/>\n<meta property=\"og:url\" content=\"https:\/\/www.accuratereviews.com\/it\/gestionale-per-associazioni\/membee-recensione\/\" \/>\n<meta property=\"og:site_name\" content=\"Accurate Reviews\" \/>\n<meta property=\"article:modified_time\" content=\"2021-02-04T14:40:17+00:00\" \/>\n<meta property=\"og:image\" content=\"https:\/\/www.accuratereviews.com\/wp-content\/uploads\/2020\/03\/Membee.png\" \/>\n\t<meta property=\"og:image:width\" content=\"298\" \/>\n\t<meta property=\"og:image:height\" content=\"298\" \/>\n\t<meta property=\"og:image:type\" content=\"image\/png\" \/>\n<meta name=\"twitter:card\" content=\"summary_large_image\" \/>\n<meta name=\"twitter:label1\" content=\"Tempo di lettura stimato\" \/>\n\t<meta name=\"twitter:data1\" content=\"5 minuti\" \/>\n<script type=\"application\/ld+json\" class=\"yoast-schema-graph\">{\"@context\":\"https:\\\/\\\/schema.org\",\"@graph\":[{\"@type\":\"WebPage\",\"@id\":\"https:\\\/\\\/www.accuratereviews.com\\\/it\\\/gestionale-per-associazioni\\\/membee-recensione\\\/\",\"url\":\"https:\\\/\\\/www.accuratereviews.com\\\/it\\\/gestionale-per-associazioni\\\/membee-recensione\\\/\",\"name\":\"Membee: recensione gestionale per associazioni - Accurate Reviews\",\"isPartOf\":{\"@id\":\"https:\\\/\\\/www.accuratereviews.com\\\/it\\\/#website\"},\"primaryImageOfPage\":{\"@id\":\"https:\\\/\\\/www.accuratereviews.com\\\/it\\\/gestionale-per-associazioni\\\/membee-recensione\\\/#primaryimage\"},\"image\":{\"@id\":\"https:\\\/\\\/www.accuratereviews.com\\\/it\\\/gestionale-per-associazioni\\\/membee-recensione\\\/#primaryimage\"},\"thumbnailUrl\":\"https:\\\/\\\/www.accuratereviews.com\\\/wp-content\\\/uploads\\\/2020\\\/03\\\/Membee.png\",\"datePublished\":\"2020-03-06T17:15:02+00:00\",\"dateModified\":\"2021-02-04T14:40:17+00:00\",\"description\":\"Membee: recensione suite di gestione dell'appartenenza basata su cloud progettata per supportare dipendenti e volontari di aziende, club e associazioni.\",\"breadcrumb\":{\"@id\":\"https:\\\/\\\/www.accuratereviews.com\\\/it\\\/gestionale-per-associazioni\\\/membee-recensione\\\/#breadcrumb\"},\"inLanguage\":\"it-IT\",\"potentialAction\":[{\"@type\":\"ReadAction\",\"target\":[\"https:\\\/\\\/www.accuratereviews.com\\\/it\\\/gestionale-per-associazioni\\\/membee-recensione\\\/\"]}]},{\"@type\":\"ImageObject\",\"inLanguage\":\"it-IT\",\"@id\":\"https:\\\/\\\/www.accuratereviews.com\\\/it\\\/gestionale-per-associazioni\\\/membee-recensione\\\/#primaryimage\",\"url\":\"https:\\\/\\\/www.accuratereviews.com\\\/wp-content\\\/uploads\\\/2020\\\/03\\\/Membee.png\",\"contentUrl\":\"https:\\\/\\\/www.accuratereviews.com\\\/wp-content\\\/uploads\\\/2020\\\/03\\\/Membee.png\",\"width\":298,\"height\":298},{\"@type\":\"BreadcrumbList\",\"@id\":\"https:\\\/\\\/www.accuratereviews.com\\\/it\\\/gestionale-per-associazioni\\\/membee-recensione\\\/#breadcrumb\",\"itemListElement\":[{\"@type\":\"ListItem\",\"position\":1,\"name\":\"Home\",\"item\":\"https:\\\/\\\/www.accuratereviews.com\\\/it\\\/\"},{\"@type\":\"ListItem\",\"position\":2,\"name\":\"Gestionale per associazioni\",\"item\":\"https:\\\/\\\/www.accuratereviews.com\\\/it\\\/gestionale-per-associazioni\\\/\"},{\"@type\":\"ListItem\",\"position\":3,\"name\":\"Membee\"}]},{\"@type\":\"WebSite\",\"@id\":\"https:\\\/\\\/www.accuratereviews.com\\\/it\\\/#website\",\"url\":\"https:\\\/\\\/www.accuratereviews.com\\\/it\\\/\",\"name\":\"Accurate Reviews\",\"description\":\"\",\"potentialAction\":[{\"@type\":\"SearchAction\",\"target\":{\"@type\":\"EntryPoint\",\"urlTemplate\":\"https:\\\/\\\/www.accuratereviews.com\\\/it\\\/?s={search_term_string}\"},\"query-input\":{\"@type\":\"PropertyValueSpecification\",\"valueRequired\":true,\"valueName\":\"search_term_string\"}}],\"inLanguage\":\"it-IT\"}]}<\/script>\n<!-- \/ Yoast SEO plugin. -->","yoast_head_json":{"title":"Membee: recensione gestionale per associazioni - Accurate Reviews","description":"Membee: recensione suite di gestione dell'appartenenza basata su cloud progettata per supportare dipendenti e volontari di aziende, club e associazioni.","robots":{"index":"index","follow":"follow","max-snippet":"max-snippet:-1","max-image-preview":"max-image-preview:large","max-video-preview":"max-video-preview:-1"},"canonical":"https:\/\/www.accuratereviews.com\/it\/gestionale-per-associazioni\/membee-recensione\/","og_locale":"it_IT","og_type":"article","og_title":"Membee: recensione gestionale per associazioni - Accurate Reviews","og_description":"Membee: recensione suite di gestione dell'appartenenza basata su cloud progettata per supportare dipendenti e volontari di aziende, club e associazioni.","og_url":"https:\/\/www.accuratereviews.com\/it\/gestionale-per-associazioni\/membee-recensione\/","og_site_name":"Accurate Reviews","article_modified_time":"2021-02-04T14:40:17+00:00","og_image":[{"width":298,"height":298,"url":"https:\/\/www.accuratereviews.com\/wp-content\/uploads\/2020\/03\/Membee.png","type":"image\/png"}],"twitter_card":"summary_large_image","twitter_misc":{"Tempo di lettura stimato":"5 minuti"},"schema":{"@context":"https:\/\/schema.org","@graph":[{"@type":"WebPage","@id":"https:\/\/www.accuratereviews.com\/it\/gestionale-per-associazioni\/membee-recensione\/","url":"https:\/\/www.accuratereviews.com\/it\/gestionale-per-associazioni\/membee-recensione\/","name":"Membee: recensione gestionale per associazioni - Accurate Reviews","isPartOf":{"@id":"https:\/\/www.accuratereviews.com\/it\/#website"},"primaryImageOfPage":{"@id":"https:\/\/www.accuratereviews.com\/it\/gestionale-per-associazioni\/membee-recensione\/#primaryimage"},"image":{"@id":"https:\/\/www.accuratereviews.com\/it\/gestionale-per-associazioni\/membee-recensione\/#primaryimage"},"thumbnailUrl":"https:\/\/www.accuratereviews.com\/wp-content\/uploads\/2020\/03\/Membee.png","datePublished":"2020-03-06T17:15:02+00:00","dateModified":"2021-02-04T14:40:17+00:00","description":"Membee: recensione suite di gestione dell'appartenenza basata su cloud progettata per supportare dipendenti e volontari di aziende, club e associazioni.","breadcrumb":{"@id":"https:\/\/www.accuratereviews.com\/it\/gestionale-per-associazioni\/membee-recensione\/#breadcrumb"},"inLanguage":"it-IT","potentialAction":[{"@type":"ReadAction","target":["https:\/\/www.accuratereviews.com\/it\/gestionale-per-associazioni\/membee-recensione\/"]}]},{"@type":"ImageObject","inLanguage":"it-IT","@id":"https:\/\/www.accuratereviews.com\/it\/gestionale-per-associazioni\/membee-recensione\/#primaryimage","url":"https:\/\/www.accuratereviews.com\/wp-content\/uploads\/2020\/03\/Membee.png","contentUrl":"https:\/\/www.accuratereviews.com\/wp-content\/uploads\/2020\/03\/Membee.png","width":298,"height":298},{"@type":"BreadcrumbList","@id":"https:\/\/www.accuratereviews.com\/it\/gestionale-per-associazioni\/membee-recensione\/#breadcrumb","itemListElement":[{"@type":"ListItem","position":1,"name":"Home","item":"https:\/\/www.accuratereviews.com\/it\/"},{"@type":"ListItem","position":2,"name":"Gestionale per associazioni","item":"https:\/\/www.accuratereviews.com\/it\/gestionale-per-associazioni\/"},{"@type":"ListItem","position":3,"name":"Membee"}]},{"@type":"WebSite","@id":"https:\/\/www.accuratereviews.com\/it\/#website","url":"https:\/\/www.accuratereviews.com\/it\/","name":"Accurate Reviews","description":"","potentialAction":[{"@type":"SearchAction","target":{"@type":"EntryPoint","urlTemplate":"https:\/\/www.accuratereviews.com\/it\/?s={search_term_string}"},"query-input":{"@type":"PropertyValueSpecification","valueRequired":true,"valueName":"search_term_string"}}],"inLanguage":"it-IT"}]}},"_links":{"self":[{"href":"https:\/\/www.accuratereviews.com\/it\/wp-json\/wp\/v2\/pages\/24040","targetHints":{"allow":["GET"]}}],"collection":[{"href":"https:\/\/www.accuratereviews.com\/it\/wp-json\/wp\/v2\/pages"}],"about":[{"href":"https:\/\/www.accuratereviews.com\/it\/wp-json\/wp\/v2\/types\/page"}],"author":[{"embeddable":true,"href":"https:\/\/www.accuratereviews.com\/it\/wp-json\/wp\/v2\/users\/19"}],"replies":[{"embeddable":true,"href":"https:\/\/www.accuratereviews.com\/it\/wp-json\/wp\/v2\/comments?post=24040"}],"version-history":[{"count":9,"href":"https:\/\/www.accuratereviews.com\/it\/wp-json\/wp\/v2\/pages\/24040\/revisions"}],"predecessor-version":[{"id":36801,"href":"https:\/\/www.accuratereviews.com\/it\/wp-json\/wp\/v2\/pages\/24040\/revisions\/36801"}],"up":[{"embeddable":true,"href":"https:\/\/www.accuratereviews.com\/it\/wp-json\/wp\/v2\/pages\/35837"}],"wp:featuredmedia":[{"embeddable":true,"href":"https:\/\/www.accuratereviews.com\/it\/wp-json\/wp\/v2\/media\/24041"}],"wp:attachment":[{"href":"https:\/\/www.accuratereviews.com\/it\/wp-json\/wp\/v2\/media?parent=24040"}],"wp:term":[{"taxonomy":"category","embeddable":true,"href":"https:\/\/www.accuratereviews.com\/it\/wp-json\/wp\/v2\/categories?post=24040"},{"taxonomy":"post_tag","embeddable":true,"href":"https:\/\/www.accuratereviews.com\/it\/wp-json\/wp\/v2\/tags?post=24040"},{"taxonomy":"features","embeddable":true,"href":"https:\/\/www.accuratereviews.com\/it\/wp-json\/wp\/v2\/features?post=24040"}],"curies":[{"name":"wp","href":"https:\/\/api.w.org\/{rel}","templated":true}]}}