{"id":24053,"date":"2020-03-09T15:09:20","date_gmt":"2020-03-09T15:09:20","guid":{"rendered":"https:\/\/www.accuratereviews.com\/?page_id=24053"},"modified":"2021-02-05T10:38:56","modified_gmt":"2021-02-05T10:38:56","slug":"veryconnect-recensione","status":"publish","type":"page","link":"https:\/\/www.accuratereviews.com\/it\/gestionale-per-associazioni\/veryconnect-recensione\/","title":{"rendered":"VeryConnect"},"content":{"rendered":"<p><strong>VeryConnect<\/strong> \u00e8 una <strong>soluzione di gestione delle associazioni<\/strong> basata su <strong>cloud<\/strong> che fornisce servizi quali raccolta dei dati dei membri, amministrazione delle sottoscrizioni e dei pagamenti, campagne email e creazione di eventi. \u00c8 adatto a organizzazioni di tutte le dimensioni e \u00e8 possibile accedervi da desktop e dispositivi mobili.\u00a0Le funzionalit\u00e0 principali del sistema includono l&#8217;elaborazione dei pagamenti, un database di appartenenza, pagine social per i membri, campagne email, blog e forum, gestione delle donazioni, rapporti sulle attivit\u00e0 dei membri e altro ancora. Il portale self-service consente ai membri di unirsi ai gruppi e rinnovare l&#8217;iscrizione, accedere alle loro informazioni e aggiornare i dettagli di contatto stessi.<\/p>\n<h2>VERYCONNECT &#8211; TUTORIAL<\/h2>\n<p>Guardiamo il tutorial per imparare a creare rapporti con questo software gestionale per le associazioni:<\/p>\n<div id=\"fluid-wrapper-counter-1\" class=\"g1-fluid-wrapper \" style=\"width:686px;\">\n<div style=\"padding-bottom:56.268221574344%;\"><iframe loading=\"lazy\" title=\"VeryConnect Alumni Management Software\" width=\"686\" height=\"386\" src=\"https:\/\/www.youtube.com\/embed\/rBBitzaOUuA?feature=oembed&amp;wmode=transparent&amp;autohide=1&amp;autoplay=0&amp;disablekb=0&amp;fs=1&amp;loop=0&amp;enablejsapi=1&amp;rel=0&amp;controls=2&amp;showinfo=0&amp;wmode=transparent&amp;autohide=2&amp;autoplay=0&amp;disablekb=0&amp;fs=1&amp;loop=0&amp;enablejsapi=1&amp;rel=0&amp;controls=2&amp;showinfo=1\" frameborder=\"0\" allow=\"accelerometer; autoplay; clipboard-write; encrypted-media; gyroscope; picture-in-picture\" allowfullscreen><\/iframe><\/div>\n<\/div>\n<p>&nbsp;<\/p>\n<h3>VERYCONNECT &#8211; CARATTERISTICHE<\/h3>\n<ul>\n<li><strong>Rapporti reali:<\/strong> costruire relazioni durature attraverso comunicazioni personalizzate. Consenti agli ex studenti di connettersi tra loro tramite forum, blog e tutoraggio<\/li>\n<li><strong>Raccolta fondi<\/strong>: i pagamenti internazionali sono facili. Con un database intelligente e un gestore di posta elettronica puoi contattare gli ex studenti al momento giusto<\/li>\n<li><strong>Qualit\u00e0<\/strong>: il team tecnico \u00e8 appassionato nel fornire il miglior software di abbonamento che puoi ottenere<\/li>\n<li><strong>Efficienza<\/strong>: aiutiamovi i clienti a diventare pi\u00f9 efficienti e con i loro osservazioni migliorano sempre il software<\/li>\n<li><strong>Comunit\u00e0<\/strong>: le comunit\u00e0 forti hanno grandi benefici per gli individui e la societ\u00e0, a livello locale, nazionale e internazionale<\/li>\n<li><strong>Risultati<\/strong>: aiuta i clienti a risparmiare tempo, aumentare il coinvolgimento dei membri e migliorare i profitti<\/li>\n<li><strong>Associazione<\/strong>: collabora con tutti i clienti, dalla consulenza pre-vendita alla progettazione di roadmap di sviluppo e supporto continuo<\/li>\n<\/ul>\n<h4>LE RECENSIONE DEGLI UTENTI<\/h4>\n<h5 class=\"font-weight-bold my-1 d-flex align-items-center\">Peter K.\u00a0&#8220;Soddisfatto delle aspettative&#8221;<\/h5>\n<p><strong>Commenti: <\/strong>Con risorse limitate non eravamo soddisfatti della nostra capacit\u00e0 di comunicare con i nostri clienti, volontari, tutor, partner e sostenitori. Il software VeryConnect ha risolto questo problema. Tutte le promesse sono state mantenute e il supporto ricevuto \u00e8 stato tutto ci\u00f2 che avremmo potuto sperare.<\/p>\n<p><strong>Vantaggi: <\/strong>La funzionalit\u00e0, la facilit\u00e0 d&#8217;uso, il supporto pre-lancio e il rapido supporto post-vendita sono tutti di prima classe. I nostri clienti e volontari hanno anche trovato facile da usare e siamo molto soddisfatti della velocit\u00e0 con cui la nostra comunit\u00e0 sta crescendo. Abbiamo trascorso 8 mesi a riesaminare il mercato, creato un breve elenco iniziale di 25 e infine ridotto questo a 3. Molto connessi sono stati gli eventuali vincitori, in base al rapporto qualit\u00e0-prezzo, funzionalit\u00e0 e facilit\u00e0 d&#8217;uso.<br \/>\nLe funzionalit\u00e0 pi\u00f9 utilizzate dai nostri membri sono i forum, i feed di notizie, la biblioteca e anche la funzione di donazioni molto flessibile con la sua funzione di aiuto regalo.<br \/>\nIl supporto che abbiamo ricevuto non \u00e8 secondo a nessuno e devo anche dire che la loro disponibilit\u00e0 ad ascoltare e considerare suggerimenti per i miglioramenti del prodotto \u00e8 molto rinfrescante.<br \/>\nLa nostra community \u00e8 diventata attiva nell&#8217;ottobre 2018 e non ci siamo pentiti della nostra decisione.<\/p>\n<p><strong>Inconvenienti: <\/strong>Attenzione, il software diventa avvincente !!!<\/p>\n<h4 class=\"font-weight-bold my-1 d-flex align-items-center\">Belinda B.\u00a0&#8220;Esperienza straordinaria di membri e proprietari.&#8221;<\/h4>\n<p><strong>Commenti: <\/strong>Gestiamo un sito di appartenenza da 10 anni. A causa di mal di testa con hosting, sicurezza, aggiornamenti software, risoluzione dei problemi tecnici e incapacit\u00e0 di evolvere la piattaforma man mano che crescevamo, volevamo migrare verso una soluzione completamente supportata, personalizzabile e basata su cloud. Dopo molte ricerche, ho deciso VeryConnect. Sono contento di averlo fatto! Il processo di sviluppo delle specifiche, costruzione e test \u00e8 stato molto approfondito. \u00c8 stata una vera partnership. Dopo essere passati dal vivo ci sono stati aggiornamenti regolari per aggiungere nuove funzionalit\u00e0 e migliorare l&#8217;usabilit\u00e0. La piattaforma \u00e8 molto flessibile in termini di possibilit\u00e0 di personalizzare le funzionalit\u00e0 e aggiungere funzionalit\u00e0 col passare del tempo. Essere in grado di farlo in base al feedback dei membri ha avuto un grande impatto sulla nostra capacit\u00e0 di migliorare la fidelizzazione dei membri e far crescere il business. Un forum responsive mobile di facile utilizzo \u00e8 fondamentale per noi e la soluzione VeryConnect \u00e8 di livello mondiale. \u00c8 utilizzato dai membri pesantemente su base giornaliera ed \u00e8 molto solido. VeryConnect \u00e8 stato anche molto utile per impostare tutti i livelli di abbonamento richiesti e abbiamo in programma opzioni di upgrade \/ downgrade per il futuro, quindi tutto \u00e8 completamente automatizzato. L&#8217;interfaccia utente sia per i membri che per l&#8217;amministratore \u00e8 pulita, intuitiva e facile da usare. Infine, il supporto \u00e8 eccellente. Comunicazione chiara senza sorprese. I problemi vengono risolti rapidamente e il tempo di risposta \u00e8 eccezionale nonostante le differenze di fuso orario. Altamente raccomandato.<\/p>\n<p><strong>Vantaggi: <\/strong>Personalizzabile, facile da usare e affidabile.<\/p>\n<p><strong>Inconvenienti: <\/strong>Nulla da dire qui se non che mi pento di non averlo trovato prima!<\/p>\n<h4 class=\"font-weight-bold my-1 d-flex align-items-center\">Joshie H.\u00a0&#8220;Sistema di successo e ottimo servizio clienti&#8221;<\/h4>\n<p><strong>Commenti: <\/strong>Penso di aver spiegato pi\u00f9 o meno la sezione &#8220;Cosa mi \u00e8 piaciuto di pi\u00f9&#8221;, ma s\u00ec, l&#8217;esperienza \u00e8 stata molto piacevole. Consiglio vivamente questa azienda.<br \/>\nIl sistema Veryconnect \u00e8 eccezionale, ma anche i loro vantaggi competitivi unici, che non si trovano in altre societ\u00e0 di software.<br \/>\nLavorano duramente per creare qualcosa che soddisfi le tue esigenze, comunicazioni straordinarie, devozione straordinaria e risultati sorprendenti.<br \/>\nGrazie CSR, sei un grande leader, un grande project manager, hai un ottimo team e un ottimo prodotto.<br \/>\nLa tua azienda dovrebbe essere il modello per altre societ\u00e0 di software.<br \/>\nVeramente incentrato sul cliente!<\/p>\n<p><strong>Vantaggi: <\/strong>Ci sono molte cose fantastiche, ma devo dire il servizio clienti e la comunicazione.<br \/>\nIn termini di collaborazione con la societ\u00e0 di software, penso che la cosa pi\u00f9 difficile sia la comunicazione.<br \/>\nNon importa quanto sia grande il prodotto se la societ\u00e0 non \u00e8 in grado di comprendere le esigenze dei nostri clienti e trovare un approccio giusto, non funzioner\u00e0 mai. Ma Veryconnect, CSR, fa sempre del suo meglio per vedere le cose nelle nostre prospettive e capire dal nostro punto di vista.<br \/>\nHa una mentalit\u00e0 innovativa, che \u00e8 un elemento cruciale per un leader che deve connettersi con i clienti e anche motivare il team.<br \/>\nLui \u00e8 in Scozia e la nostra compagnia \u00e8 a Sydney. Ma devo dire che la comunicazione non \u00e8 mai stata ritardata, in realt\u00e0 molto meglio delle aziende di Sydney.<br \/>\nGrazie a lui e al suo team, siamo stati in grado di creare qualcosa su misura per le esigenze dei nostri clienti e anche per le esigenze del nostro personale.<br \/>\nNaturalmente la qualit\u00e0 del sistema Veryconnect \u00e8 eccezionale, ma hanno anche qualcos&#8217;altro che gli altri non hanno, ecco perch\u00e9 la mia recensione si \u00e8 concentrata sugli esclusivi vantaggi competitivi che Veryconnect ha.<\/p>\n<p><strong>Inconvenienti: <\/strong>Niente \u00e8 perfetto in questo mondo, ma il modo in cui cercano di renderlo perfetto per i loro clienti, ecco perch\u00e9 qui non c&#8217;\u00e8 niente da dire.<\/p>\n","protected":false},"excerpt":{"rendered":"<p>VeryConnect \u00e8 una soluzione di gestione delle associazioni basata su cloud che fornisce servizi quali raccolta dei dati dei membri, amministrazione delle sottoscrizioni e dei pagamenti, campagne email e creazione di eventi. \u00c8 adatto a organizzazioni di tutte le dimensioni e \u00e8 possibile accedervi da desktop e dispositivi mobili.<\/p>\n","protected":false},"author":19,"featured_media":24054,"parent":35837,"menu_order":0,"comment_status":"open","ping_status":"closed","template":"g1_template_page_review_new.php","meta":{"_acf_changed":false,"cwp_meta_box_check":"Yes","cwp_rev_product_name":"","cwp_rev_product_image":"","wppr_links":[],"cwp_rev_price":"","wppr_options":[],"wppr_pros":[],"wppr_cons":[],"_monsterinsights_skip_tracking":false,"_monsterinsights_sitenote_active":false,"_monsterinsights_sitenote_note":"","_monsterinsights_sitenote_category":0,"footnotes":""},"categories":[1943],"tags":[1944,396,1949,1947,1948,2250],"features":[],"class_list":{"0":"post-24053","1":"page","2":"type-page","3":"status-publish","4":"has-post-thumbnail","6":"category-gestionale-per-associazioni-categoria","7":"tag-association-management-software","8":"tag-cloud","9":"tag-programma-gestionale-associazioni","10":"tag-software-gestionale-associazioni","11":"tag-soluzione-gestionale-associazioni","12":"tag-veryconnect"},"wppr_data":{"cwp_meta_box_check":"Yes","cwp_rev_product_name":"","cwp_rev_product_image":"","cwp_image_link":"image","cwp_rev_price":"","wppr_rating":"0.00"},"acf":[],"yoast_head":"<!-- This site is optimized with the Yoast SEO plugin v27.4 - https:\/\/yoast.com\/product\/yoast-seo-wordpress\/ -->\n<title>VeryConnect : recensione gestionale per associazioni - Accurate Reviews<\/title>\n<meta name=\"description\" content=\"VeryConnect: recensione soluzione di gestione delle associazioni basata su cloud che fornisce servizi quali raccolta dati dei membri e amministrazione.\" \/>\n<meta name=\"robots\" content=\"index, follow, max-snippet:-1, max-image-preview:large, max-video-preview:-1\" \/>\n<link rel=\"canonical\" href=\"https:\/\/www.accuratereviews.com\/it\/gestionale-per-associazioni\/veryconnect-recensione\/\" \/>\n<meta property=\"og:locale\" content=\"it_IT\" \/>\n<meta property=\"og:type\" content=\"article\" \/>\n<meta property=\"og:title\" content=\"VeryConnect : recensione gestionale per associazioni - Accurate Reviews\" \/>\n<meta property=\"og:description\" content=\"VeryConnect: recensione soluzione di gestione delle associazioni basata su cloud che fornisce servizi quali raccolta dati dei membri e amministrazione.\" \/>\n<meta property=\"og:url\" content=\"https:\/\/www.accuratereviews.com\/it\/gestionale-per-associazioni\/veryconnect-recensione\/\" \/>\n<meta property=\"og:site_name\" content=\"Accurate Reviews\" \/>\n<meta property=\"article:modified_time\" content=\"2021-02-05T10:38:56+00:00\" \/>\n<meta property=\"og:image\" content=\"https:\/\/www.accuratereviews.com\/wp-content\/uploads\/2020\/03\/very.png\" \/>\n\t<meta property=\"og:image:width\" content=\"229\" \/>\n\t<meta property=\"og:image:height\" content=\"220\" \/>\n\t<meta property=\"og:image:type\" content=\"image\/png\" \/>\n<meta name=\"twitter:card\" content=\"summary_large_image\" \/>\n<meta name=\"twitter:label1\" content=\"Tempo di lettura stimato\" \/>\n\t<meta name=\"twitter:data1\" content=\"5 minuti\" \/>\n<script type=\"application\/ld+json\" class=\"yoast-schema-graph\">{\"@context\":\"https:\\\/\\\/schema.org\",\"@graph\":[{\"@type\":\"WebPage\",\"@id\":\"https:\\\/\\\/www.accuratereviews.com\\\/it\\\/gestionale-per-associazioni\\\/veryconnect-recensione\\\/\",\"url\":\"https:\\\/\\\/www.accuratereviews.com\\\/it\\\/gestionale-per-associazioni\\\/veryconnect-recensione\\\/\",\"name\":\"VeryConnect : recensione gestionale per associazioni - Accurate Reviews\",\"isPartOf\":{\"@id\":\"https:\\\/\\\/www.accuratereviews.com\\\/it\\\/#website\"},\"primaryImageOfPage\":{\"@id\":\"https:\\\/\\\/www.accuratereviews.com\\\/it\\\/gestionale-per-associazioni\\\/veryconnect-recensione\\\/#primaryimage\"},\"image\":{\"@id\":\"https:\\\/\\\/www.accuratereviews.com\\\/it\\\/gestionale-per-associazioni\\\/veryconnect-recensione\\\/#primaryimage\"},\"thumbnailUrl\":\"https:\\\/\\\/www.accuratereviews.com\\\/wp-content\\\/uploads\\\/2020\\\/03\\\/very.png\",\"datePublished\":\"2020-03-09T15:09:20+00:00\",\"dateModified\":\"2021-02-05T10:38:56+00:00\",\"description\":\"VeryConnect: recensione soluzione di gestione delle associazioni basata su cloud che fornisce servizi quali raccolta dati dei membri e amministrazione.\",\"breadcrumb\":{\"@id\":\"https:\\\/\\\/www.accuratereviews.com\\\/it\\\/gestionale-per-associazioni\\\/veryconnect-recensione\\\/#breadcrumb\"},\"inLanguage\":\"it-IT\",\"potentialAction\":[{\"@type\":\"ReadAction\",\"target\":[\"https:\\\/\\\/www.accuratereviews.com\\\/it\\\/gestionale-per-associazioni\\\/veryconnect-recensione\\\/\"]}]},{\"@type\":\"ImageObject\",\"inLanguage\":\"it-IT\",\"@id\":\"https:\\\/\\\/www.accuratereviews.com\\\/it\\\/gestionale-per-associazioni\\\/veryconnect-recensione\\\/#primaryimage\",\"url\":\"https:\\\/\\\/www.accuratereviews.com\\\/wp-content\\\/uploads\\\/2020\\\/03\\\/very.png\",\"contentUrl\":\"https:\\\/\\\/www.accuratereviews.com\\\/wp-content\\\/uploads\\\/2020\\\/03\\\/very.png\",\"width\":229,\"height\":220},{\"@type\":\"BreadcrumbList\",\"@id\":\"https:\\\/\\\/www.accuratereviews.com\\\/it\\\/gestionale-per-associazioni\\\/veryconnect-recensione\\\/#breadcrumb\",\"itemListElement\":[{\"@type\":\"ListItem\",\"position\":1,\"name\":\"Home\",\"item\":\"https:\\\/\\\/www.accuratereviews.com\\\/it\\\/\"},{\"@type\":\"ListItem\",\"position\":2,\"name\":\"Gestionale per associazioni\",\"item\":\"https:\\\/\\\/www.accuratereviews.com\\\/it\\\/gestionale-per-associazioni\\\/\"},{\"@type\":\"ListItem\",\"position\":3,\"name\":\"VeryConnect\"}]},{\"@type\":\"WebSite\",\"@id\":\"https:\\\/\\\/www.accuratereviews.com\\\/it\\\/#website\",\"url\":\"https:\\\/\\\/www.accuratereviews.com\\\/it\\\/\",\"name\":\"Accurate Reviews\",\"description\":\"\",\"potentialAction\":[{\"@type\":\"SearchAction\",\"target\":{\"@type\":\"EntryPoint\",\"urlTemplate\":\"https:\\\/\\\/www.accuratereviews.com\\\/it\\\/?s={search_term_string}\"},\"query-input\":{\"@type\":\"PropertyValueSpecification\",\"valueRequired\":true,\"valueName\":\"search_term_string\"}}],\"inLanguage\":\"it-IT\"}]}<\/script>\n<!-- \/ Yoast SEO plugin. -->","yoast_head_json":{"title":"VeryConnect : recensione gestionale per associazioni - Accurate Reviews","description":"VeryConnect: recensione soluzione di gestione delle associazioni basata su cloud che fornisce servizi quali raccolta dati dei membri e amministrazione.","robots":{"index":"index","follow":"follow","max-snippet":"max-snippet:-1","max-image-preview":"max-image-preview:large","max-video-preview":"max-video-preview:-1"},"canonical":"https:\/\/www.accuratereviews.com\/it\/gestionale-per-associazioni\/veryconnect-recensione\/","og_locale":"it_IT","og_type":"article","og_title":"VeryConnect : recensione gestionale per associazioni - Accurate Reviews","og_description":"VeryConnect: recensione soluzione di gestione delle associazioni basata su cloud che fornisce servizi quali raccolta dati dei membri e amministrazione.","og_url":"https:\/\/www.accuratereviews.com\/it\/gestionale-per-associazioni\/veryconnect-recensione\/","og_site_name":"Accurate Reviews","article_modified_time":"2021-02-05T10:38:56+00:00","og_image":[{"width":229,"height":220,"url":"https:\/\/www.accuratereviews.com\/wp-content\/uploads\/2020\/03\/very.png","type":"image\/png"}],"twitter_card":"summary_large_image","twitter_misc":{"Tempo di lettura stimato":"5 minuti"},"schema":{"@context":"https:\/\/schema.org","@graph":[{"@type":"WebPage","@id":"https:\/\/www.accuratereviews.com\/it\/gestionale-per-associazioni\/veryconnect-recensione\/","url":"https:\/\/www.accuratereviews.com\/it\/gestionale-per-associazioni\/veryconnect-recensione\/","name":"VeryConnect : recensione gestionale per associazioni - Accurate Reviews","isPartOf":{"@id":"https:\/\/www.accuratereviews.com\/it\/#website"},"primaryImageOfPage":{"@id":"https:\/\/www.accuratereviews.com\/it\/gestionale-per-associazioni\/veryconnect-recensione\/#primaryimage"},"image":{"@id":"https:\/\/www.accuratereviews.com\/it\/gestionale-per-associazioni\/veryconnect-recensione\/#primaryimage"},"thumbnailUrl":"https:\/\/www.accuratereviews.com\/wp-content\/uploads\/2020\/03\/very.png","datePublished":"2020-03-09T15:09:20+00:00","dateModified":"2021-02-05T10:38:56+00:00","description":"VeryConnect: recensione soluzione di gestione delle associazioni basata su cloud che fornisce servizi quali raccolta dati dei membri e amministrazione.","breadcrumb":{"@id":"https:\/\/www.accuratereviews.com\/it\/gestionale-per-associazioni\/veryconnect-recensione\/#breadcrumb"},"inLanguage":"it-IT","potentialAction":[{"@type":"ReadAction","target":["https:\/\/www.accuratereviews.com\/it\/gestionale-per-associazioni\/veryconnect-recensione\/"]}]},{"@type":"ImageObject","inLanguage":"it-IT","@id":"https:\/\/www.accuratereviews.com\/it\/gestionale-per-associazioni\/veryconnect-recensione\/#primaryimage","url":"https:\/\/www.accuratereviews.com\/wp-content\/uploads\/2020\/03\/very.png","contentUrl":"https:\/\/www.accuratereviews.com\/wp-content\/uploads\/2020\/03\/very.png","width":229,"height":220},{"@type":"BreadcrumbList","@id":"https:\/\/www.accuratereviews.com\/it\/gestionale-per-associazioni\/veryconnect-recensione\/#breadcrumb","itemListElement":[{"@type":"ListItem","position":1,"name":"Home","item":"https:\/\/www.accuratereviews.com\/it\/"},{"@type":"ListItem","position":2,"name":"Gestionale per associazioni","item":"https:\/\/www.accuratereviews.com\/it\/gestionale-per-associazioni\/"},{"@type":"ListItem","position":3,"name":"VeryConnect"}]},{"@type":"WebSite","@id":"https:\/\/www.accuratereviews.com\/it\/#website","url":"https:\/\/www.accuratereviews.com\/it\/","name":"Accurate Reviews","description":"","potentialAction":[{"@type":"SearchAction","target":{"@type":"EntryPoint","urlTemplate":"https:\/\/www.accuratereviews.com\/it\/?s={search_term_string}"},"query-input":{"@type":"PropertyValueSpecification","valueRequired":true,"valueName":"search_term_string"}}],"inLanguage":"it-IT"}]}},"_links":{"self":[{"href":"https:\/\/www.accuratereviews.com\/it\/wp-json\/wp\/v2\/pages\/24053","targetHints":{"allow":["GET"]}}],"collection":[{"href":"https:\/\/www.accuratereviews.com\/it\/wp-json\/wp\/v2\/pages"}],"about":[{"href":"https:\/\/www.accuratereviews.com\/it\/wp-json\/wp\/v2\/types\/page"}],"author":[{"embeddable":true,"href":"https:\/\/www.accuratereviews.com\/it\/wp-json\/wp\/v2\/users\/19"}],"replies":[{"embeddable":true,"href":"https:\/\/www.accuratereviews.com\/it\/wp-json\/wp\/v2\/comments?post=24053"}],"version-history":[{"count":7,"href":"https:\/\/www.accuratereviews.com\/it\/wp-json\/wp\/v2\/pages\/24053\/revisions"}],"predecessor-version":[{"id":36870,"href":"https:\/\/www.accuratereviews.com\/it\/wp-json\/wp\/v2\/pages\/24053\/revisions\/36870"}],"up":[{"embeddable":true,"href":"https:\/\/www.accuratereviews.com\/it\/wp-json\/wp\/v2\/pages\/35837"}],"wp:featuredmedia":[{"embeddable":true,"href":"https:\/\/www.accuratereviews.com\/it\/wp-json\/wp\/v2\/media\/24054"}],"wp:attachment":[{"href":"https:\/\/www.accuratereviews.com\/it\/wp-json\/wp\/v2\/media?parent=24053"}],"wp:term":[{"taxonomy":"category","embeddable":true,"href":"https:\/\/www.accuratereviews.com\/it\/wp-json\/wp\/v2\/categories?post=24053"},{"taxonomy":"post_tag","embeddable":true,"href":"https:\/\/www.accuratereviews.com\/it\/wp-json\/wp\/v2\/tags?post=24053"},{"taxonomy":"features","embeddable":true,"href":"https:\/\/www.accuratereviews.com\/it\/wp-json\/wp\/v2\/features?post=24053"}],"curies":[{"name":"wp","href":"https:\/\/api.w.org\/{rel}","templated":true}]}}