{"id":24077,"date":"2020-03-09T15:08:31","date_gmt":"2020-03-09T15:08:31","guid":{"rendered":"https:\/\/www.accuratereviews.com\/?page_id=24077"},"modified":"2021-02-05T09:11:06","modified_gmt":"2021-02-05T09:11:06","slug":"findjoo-recensione","status":"publish","type":"page","link":"https:\/\/www.accuratereviews.com\/it\/gestionale-per-associazioni\/findjoo-recensione\/","title":{"rendered":"Findjoo"},"content":{"rendered":"<div class=\"gallery-container align-items-center\">\n<div class=\"gal screenshot-0\"><strong>Findjoo<\/strong> \u00e8 una <strong>soluzione di gestione delle associazioni<\/strong> sviluppata con funzionalit\u00e0 come la pianificazione degli eventi, i pagamenti online, i rinnovi, l&#8217;email marketing e altro ancora. I membri possono accedere ai dettagli e ai pagamenti della propria iscrizione dal portale e visualizzare la loro cronologia, comprese le visite e gli acquisti. Le prenotazioni e le iscrizioni possono essere raccolte incorporando un widget nel sito web aziendale. Con <strong>Findjoo<\/strong> puoi anche progettare e ospitare un sito web personalizzato per attirare pi\u00f9 clienti. Le campagne di email marketing possono essere create e inviate a segmenti di utenti filtrati e monitorate le aperture e le conversioni.\u00a0Gli eventi possono essere programmati e aggiunti al calendario e biglietti elettronici possono essere venduti e distribuiti online via email.<\/div>\n<\/div>\n<h2>FINDJOO &#8211; TUTORIAL<\/h2>\n<p>Ecco un video in cui spiega i benefici nell&#8217;usare questo <strong>software gestionale per associazioni<\/strong>:<\/p>\n<div id=\"fluid-wrapper-counter-1\" class=\"g1-fluid-wrapper \" style=\"width:686px;\">\n<div style=\"padding-bottom:56.268221574344%;\"><iframe loading=\"lazy\" title=\"Findjoo Overview\" width=\"686\" height=\"386\" src=\"https:\/\/www.youtube.com\/embed\/O079CQGJlgg?feature=oembed&amp;wmode=transparent&amp;autohide=1&amp;autoplay=0&amp;disablekb=0&amp;fs=1&amp;loop=0&amp;enablejsapi=1&amp;rel=0&amp;controls=2&amp;showinfo=0&amp;wmode=transparent&amp;autohide=2&amp;autoplay=0&amp;disablekb=0&amp;fs=1&amp;loop=0&amp;enablejsapi=1&amp;rel=0&amp;controls=2&amp;showinfo=1\" frameborder=\"0\" allow=\"accelerometer; autoplay; clipboard-write; encrypted-media; gyroscope; picture-in-picture\" allowfullscreen><\/iframe><\/div>\n<\/div>\n<h3>FINDJOO &#8211; CARATTERISTICHE<\/h3>\n<ul>\n<li><strong>Gestione clienti \/ CRM:<\/strong> amministrazione dei tuoi clienti, crea i tuoi campi, aggiungi note, stampa lettere e visualizza le loro informazioni complete<\/li>\n<li><strong>Integrazione del sito web<\/strong>: inserisci il widget della soluzione nel tuo sito web ovunque tu abbia bisogno. Una semplice copia e incolla e il gioco \u00e8 fatto<\/li>\n<li><strong>Elaborazione di pagamenti online<\/strong>: accetta pagamenti con carta di credito online per prenotazioni, registrazioni, abbonamenti o qualsiasi altra cosa<\/li>\n<li><strong>Prodotti<\/strong>: promuovi e vendi abbonamenti, merce o qualsiasi altro servizio che offri. Il tuo punto vendita \u00e8 disponibile per essere integrato nel tuo sito web<\/li>\n<li><strong>Monitoraggio email marketing<\/strong>: tieni traccia di tutte le email inviate ai tuoi clienti e crea campagne di email marketing filtrando il tuo database<\/li>\n<li><strong>Modelli<\/strong>: crea le tue email aziendali e personalizza i messaggi per contattare i tuoi clienti<\/li>\n<li><strong>Contabilit\u00e0:<\/strong> rintraccia le tue vendite, clienti e inventario. Crea rapporti sulle entrate o sulle vendite e confrontali con l&#8217;anno precedente. Crea fatture e sincronizzare tutto con QuickBooks per incorporare fornitori, stipendi e spese<\/li>\n<li><strong>Biglietti elettronici<\/strong>: configurare i biglietti elettronici inviati automaticamente con l&#8217;email di conferma. Il biglietto \u00e8 personalizzabile con tutte le informazioni dalla registrazione<\/li>\n<li><strong>Donazioni<\/strong>: ricevi donazioni online, donazioni ricorrenti e invia ricevute automatiche. Puoi tenere traccia dei donatori e della loro storia<\/li>\n<li><strong>Raccolte di fondi:<\/strong> avvia una raccolta fondi e mostra ai visitatori il tuo obiettivo e lo stato attuale. Puoi facilmente tenere traccia dello stato della tua raccolta fondi<\/li>\n<li><strong>App Findjoo (iOS e Android)<\/strong>: l&#8217;app ti consente di rimanere in contatto con tutti i tuoi clienti con notifiche push. Puoi anche scansionare i biglietti per gli eventi e molto altro<\/li>\n<li><strong>Gestione del volontariato<\/strong>: crea moduli di volontariato con quote per attivit\u00e0. Tieni traccia del tuo elenco di volontari, delle loro disponibilit\u00e0, della loro storia e preferenze<\/li>\n<li><strong>Promemoria \/ SMS<\/strong>: ricorda ai tuoi clienti via SMS o email che hanno una prenotazione imminente<\/li>\n<li><strong>Sincronizzazione del calendario:<\/strong> sincronizza le tue prenotazioni con il tuo calendario personale su Google<\/li>\n<\/ul>\n<h4>LE RECENSIONI DEGLI UTENTI<\/h4>\n<h4 class=\"font-weight-bold my-1 d-flex align-items-center\">Heather P.&#8221;Comunicazione senza soluzione di continuit\u00e0&#8221;<\/h4>\n<p><strong>Commenti: <\/strong>La nostra esperienza complessiva con Findjoo \u00e8 stata perfetta. A volte pu\u00f2 essere difficile trovare un&#8217;azienda che abbia il software pi\u00f9 la comunicazione che Findjoo offre. Il nostro account executive supera le nostre aspettative, il che gioca davvero un ruolo enorme nel superare le esigenze dei nostri pazienti. Quello che facciamo \u00e8 uno sforzo di squadra e Findjoo fa parte del nostro team.<\/p>\n<p><strong>Vantaggi: <\/strong>Abbiamo scelto questo software affinch\u00e9 i nostri pazienti si iscrivessero alle lezioni di educazione e anche un sistema di flusso di lavoro per il nostro dipartimento. Volevamo un processo semplice che fosse facile da usare ma anche conveniente per il nostro flusso di lavoro. Il software \u00e8 esattamente ci\u00f2 di cui avevamo bisogno, ma soprattutto \u00e8 un&#8217;incredibile comunicazione con il nostro account executive. In caso di domande o novit\u00e0, vorremmo provare il nostro account executive, [SENSITIVE CONTENT HIDDEN] \u00e8 una chiamata \/ e-mail. La comunicazione \u00e8 la mia preferita perch\u00e9 siamo sempre in crescita e in costante cambiamento per soddisfare le esigenze dei nostri pazienti e le nostre esigenze di servizio. Il software insieme alla comunicazione ci consente di raggiungere i nostri obiettivi ogni giorno e ci consente di continuare a provare nuove idee.<\/p>\n<p><strong>Inconvenienti: <\/strong>Non c&#8217;\u00e8 nulla da segnalare qui &#8230;.. tutto ci\u00f2 di cui abbiamo bisogno o che il sistema non ha, Findjoo \u00e8 sempre disposto a lavorare con noi per trovare una soluzione.<\/p>\n<h4 class=\"font-weight-bold my-1 d-flex align-items-center\">Caitlin S.\u00a0&#8220;Recensione Redattori Canada Findjoo&#8221;<\/h4>\n<p><strong>Commenti: <\/strong>Siamo stati in grado di implementare un nuovo livello di appartenenza in base al fatto che un membro fosse stato in precedenza un affiliato studentesco che avremmo dovuto tracciare manualmente se non fosse stato in grado di costruirlo per noi.<\/p>\n<p><strong>Vantaggi: <\/strong>Molto personalizzabile! La nostra associazione ha molte caratteristiche e livelli di appartenenza unici ed \u00e8 stato in grado di aiutarci a impostare tutto in modo da acquisire i dati corretti.<\/p>\n<p><strong>Inconvenienti: <\/strong>Sarebbe bello avere qualche altro template predefinito. Abbiamo dovuto dedicare un po &#8216;di tempo a capire quali informazioni sono necessarie per le entrate fiscali e cose del genere. Sarebbe utile se fosse gi\u00e0 stato codificato in Findjoo.<\/p>\n<h4 class=\"font-weight-bold my-1 d-flex align-items-center\">Xavi F.&#8221;99% tutto in uno&#8221;<\/h4>\n<p><strong>Commenti: <\/strong>grande<\/p>\n<p><strong>Vantaggi: <\/strong>Davvero bello avere un software che accompagni il tuo cliente dall&#8217;inizio alla fine e poi tenerlo nel tuo CRM. Normalmente hai bisogno di software diversi e qui usi solo questo.<\/p>\n<p><strong>Inconvenienti: <\/strong>\u00c8 difficile provare a trovare altre funzionalit\u00e0 che potrebbero essere utili per una piccola azienda come la mia. Forse alcune automazioni specifiche ma altri software possono completarlo.<\/p>\n<p>&nbsp;<\/p>\n","protected":false},"excerpt":{"rendered":"<p>Findjoo \u00e8 una soluzione di gestione delle associazioni\u00a0sviluppato con funzionalit\u00e0 come la pianificazione degli eventi, i pagamenti online, i rinnovi, l&#8217;email marketing e altro ancora. I membri possono accedere ai dettagli e ai pagamenti della propria iscrizione dal portale e visualizzare la loro cronologia, comprese le visite e gli acquisti.<\/p>\n","protected":false},"author":19,"featured_media":24080,"parent":35837,"menu_order":0,"comment_status":"open","ping_status":"closed","template":"g1_template_page_review_new.php","meta":{"_acf_changed":false,"cwp_meta_box_check":"Yes","cwp_rev_product_name":"","cwp_rev_product_image":"","wppr_links":[],"cwp_rev_price":"","wppr_options":[],"wppr_pros":[],"wppr_cons":[],"_monsterinsights_skip_tracking":false,"_monsterinsights_sitenote_active":false,"_monsterinsights_sitenote_note":"","_monsterinsights_sitenote_category":0,"footnotes":""},"categories":[1943],"tags":[1944,2252,2098,2253,2251,2148],"features":[],"class_list":{"0":"post-24077","1":"page","2":"type-page","3":"status-publish","4":"has-post-thumbnail","6":"category-gestionale-per-associazioni-categoria","7":"tag-association-management-software","8":"tag-findjoo","9":"tag-piattaforma-gestionale-per-associazioni","10":"tag-programma-gestionale-per-associazioni","11":"tag-software-gestionale-per-associazini","12":"tag-soluzione-gestionale-per-associazioni"},"wppr_data":{"cwp_meta_box_check":"Yes","cwp_rev_product_name":"","cwp_rev_product_image":"","cwp_image_link":"image","cwp_rev_price":"","wppr_rating":"0.00"},"acf":[],"yoast_head":"<!-- This site is optimized with the Yoast SEO plugin v27.4 - https:\/\/yoast.com\/product\/yoast-seo-wordpress\/ -->\n<title>Findjoo: recensione gestionale per associazioni - Accurate Reviews<\/title>\n<meta name=\"description\" content=\"Findjoo: recensione soluzione di gestione delle associazioni\u00a0sviluppato con funzionalit\u00e0 avanzate per l&#039;amministrazine della tua organizzazione.\" \/>\n<meta name=\"robots\" content=\"index, follow, max-snippet:-1, max-image-preview:large, max-video-preview:-1\" \/>\n<link rel=\"canonical\" href=\"https:\/\/www.accuratereviews.com\/it\/gestionale-per-associazioni\/findjoo-recensione\/\" \/>\n<meta property=\"og:locale\" content=\"it_IT\" \/>\n<meta property=\"og:type\" content=\"article\" \/>\n<meta property=\"og:title\" content=\"Findjoo: recensione gestionale per associazioni - Accurate Reviews\" \/>\n<meta property=\"og:description\" content=\"Findjoo: recensione soluzione di gestione delle associazioni\u00a0sviluppato con funzionalit\u00e0 avanzate per l&#039;amministrazine della tua organizzazione.\" \/>\n<meta property=\"og:url\" content=\"https:\/\/www.accuratereviews.com\/it\/gestionale-per-associazioni\/findjoo-recensione\/\" \/>\n<meta property=\"og:site_name\" content=\"Accurate Reviews\" \/>\n<meta property=\"article:modified_time\" content=\"2021-02-05T09:11:06+00:00\" \/>\n<meta property=\"og:image\" content=\"https:\/\/www.accuratereviews.com\/wp-content\/uploads\/2020\/03\/findjoo.png\" \/>\n\t<meta property=\"og:image:width\" content=\"310\" \/>\n\t<meta property=\"og:image:height\" content=\"310\" \/>\n\t<meta property=\"og:image:type\" content=\"image\/png\" \/>\n<meta name=\"twitter:card\" content=\"summary_large_image\" \/>\n<meta name=\"twitter:label1\" content=\"Tempo di lettura stimato\" \/>\n\t<meta name=\"twitter:data1\" content=\"4 minuti\" \/>\n<script type=\"application\/ld+json\" class=\"yoast-schema-graph\">{\"@context\":\"https:\\\/\\\/schema.org\",\"@graph\":[{\"@type\":\"WebPage\",\"@id\":\"https:\\\/\\\/www.accuratereviews.com\\\/it\\\/gestionale-per-associazioni\\\/findjoo-recensione\\\/\",\"url\":\"https:\\\/\\\/www.accuratereviews.com\\\/it\\\/gestionale-per-associazioni\\\/findjoo-recensione\\\/\",\"name\":\"Findjoo: recensione gestionale per associazioni - Accurate Reviews\",\"isPartOf\":{\"@id\":\"https:\\\/\\\/www.accuratereviews.com\\\/it\\\/#website\"},\"primaryImageOfPage\":{\"@id\":\"https:\\\/\\\/www.accuratereviews.com\\\/it\\\/gestionale-per-associazioni\\\/findjoo-recensione\\\/#primaryimage\"},\"image\":{\"@id\":\"https:\\\/\\\/www.accuratereviews.com\\\/it\\\/gestionale-per-associazioni\\\/findjoo-recensione\\\/#primaryimage\"},\"thumbnailUrl\":\"https:\\\/\\\/www.accuratereviews.com\\\/wp-content\\\/uploads\\\/2020\\\/03\\\/findjoo.png\",\"datePublished\":\"2020-03-09T15:08:31+00:00\",\"dateModified\":\"2021-02-05T09:11:06+00:00\",\"description\":\"Findjoo: recensione soluzione di gestione delle associazioni\u00a0sviluppato con funzionalit\u00e0 avanzate per l'amministrazine della tua organizzazione.\",\"breadcrumb\":{\"@id\":\"https:\\\/\\\/www.accuratereviews.com\\\/it\\\/gestionale-per-associazioni\\\/findjoo-recensione\\\/#breadcrumb\"},\"inLanguage\":\"it-IT\",\"potentialAction\":[{\"@type\":\"ReadAction\",\"target\":[\"https:\\\/\\\/www.accuratereviews.com\\\/it\\\/gestionale-per-associazioni\\\/findjoo-recensione\\\/\"]}]},{\"@type\":\"ImageObject\",\"inLanguage\":\"it-IT\",\"@id\":\"https:\\\/\\\/www.accuratereviews.com\\\/it\\\/gestionale-per-associazioni\\\/findjoo-recensione\\\/#primaryimage\",\"url\":\"https:\\\/\\\/www.accuratereviews.com\\\/wp-content\\\/uploads\\\/2020\\\/03\\\/findjoo.png\",\"contentUrl\":\"https:\\\/\\\/www.accuratereviews.com\\\/wp-content\\\/uploads\\\/2020\\\/03\\\/findjoo.png\",\"width\":310,\"height\":310},{\"@type\":\"BreadcrumbList\",\"@id\":\"https:\\\/\\\/www.accuratereviews.com\\\/it\\\/gestionale-per-associazioni\\\/findjoo-recensione\\\/#breadcrumb\",\"itemListElement\":[{\"@type\":\"ListItem\",\"position\":1,\"name\":\"Home\",\"item\":\"https:\\\/\\\/www.accuratereviews.com\\\/it\\\/\"},{\"@type\":\"ListItem\",\"position\":2,\"name\":\"Gestionale per associazioni\",\"item\":\"https:\\\/\\\/www.accuratereviews.com\\\/it\\\/gestionale-per-associazioni\\\/\"},{\"@type\":\"ListItem\",\"position\":3,\"name\":\"Findjoo\"}]},{\"@type\":\"WebSite\",\"@id\":\"https:\\\/\\\/www.accuratereviews.com\\\/it\\\/#website\",\"url\":\"https:\\\/\\\/www.accuratereviews.com\\\/it\\\/\",\"name\":\"Accurate Reviews\",\"description\":\"\",\"potentialAction\":[{\"@type\":\"SearchAction\",\"target\":{\"@type\":\"EntryPoint\",\"urlTemplate\":\"https:\\\/\\\/www.accuratereviews.com\\\/it\\\/?s={search_term_string}\"},\"query-input\":{\"@type\":\"PropertyValueSpecification\",\"valueRequired\":true,\"valueName\":\"search_term_string\"}}],\"inLanguage\":\"it-IT\"}]}<\/script>\n<!-- \/ Yoast SEO plugin. -->","yoast_head_json":{"title":"Findjoo: recensione gestionale per associazioni - Accurate Reviews","description":"Findjoo: recensione soluzione di gestione delle associazioni\u00a0sviluppato con funzionalit\u00e0 avanzate per l'amministrazine della tua organizzazione.","robots":{"index":"index","follow":"follow","max-snippet":"max-snippet:-1","max-image-preview":"max-image-preview:large","max-video-preview":"max-video-preview:-1"},"canonical":"https:\/\/www.accuratereviews.com\/it\/gestionale-per-associazioni\/findjoo-recensione\/","og_locale":"it_IT","og_type":"article","og_title":"Findjoo: recensione gestionale per associazioni - Accurate Reviews","og_description":"Findjoo: recensione soluzione di gestione delle associazioni\u00a0sviluppato con funzionalit\u00e0 avanzate per l'amministrazine della tua organizzazione.","og_url":"https:\/\/www.accuratereviews.com\/it\/gestionale-per-associazioni\/findjoo-recensione\/","og_site_name":"Accurate Reviews","article_modified_time":"2021-02-05T09:11:06+00:00","og_image":[{"width":310,"height":310,"url":"https:\/\/www.accuratereviews.com\/wp-content\/uploads\/2020\/03\/findjoo.png","type":"image\/png"}],"twitter_card":"summary_large_image","twitter_misc":{"Tempo di lettura stimato":"4 minuti"},"schema":{"@context":"https:\/\/schema.org","@graph":[{"@type":"WebPage","@id":"https:\/\/www.accuratereviews.com\/it\/gestionale-per-associazioni\/findjoo-recensione\/","url":"https:\/\/www.accuratereviews.com\/it\/gestionale-per-associazioni\/findjoo-recensione\/","name":"Findjoo: recensione gestionale per associazioni - Accurate Reviews","isPartOf":{"@id":"https:\/\/www.accuratereviews.com\/it\/#website"},"primaryImageOfPage":{"@id":"https:\/\/www.accuratereviews.com\/it\/gestionale-per-associazioni\/findjoo-recensione\/#primaryimage"},"image":{"@id":"https:\/\/www.accuratereviews.com\/it\/gestionale-per-associazioni\/findjoo-recensione\/#primaryimage"},"thumbnailUrl":"https:\/\/www.accuratereviews.com\/wp-content\/uploads\/2020\/03\/findjoo.png","datePublished":"2020-03-09T15:08:31+00:00","dateModified":"2021-02-05T09:11:06+00:00","description":"Findjoo: recensione soluzione di gestione delle associazioni\u00a0sviluppato con funzionalit\u00e0 avanzate per l'amministrazine della tua organizzazione.","breadcrumb":{"@id":"https:\/\/www.accuratereviews.com\/it\/gestionale-per-associazioni\/findjoo-recensione\/#breadcrumb"},"inLanguage":"it-IT","potentialAction":[{"@type":"ReadAction","target":["https:\/\/www.accuratereviews.com\/it\/gestionale-per-associazioni\/findjoo-recensione\/"]}]},{"@type":"ImageObject","inLanguage":"it-IT","@id":"https:\/\/www.accuratereviews.com\/it\/gestionale-per-associazioni\/findjoo-recensione\/#primaryimage","url":"https:\/\/www.accuratereviews.com\/wp-content\/uploads\/2020\/03\/findjoo.png","contentUrl":"https:\/\/www.accuratereviews.com\/wp-content\/uploads\/2020\/03\/findjoo.png","width":310,"height":310},{"@type":"BreadcrumbList","@id":"https:\/\/www.accuratereviews.com\/it\/gestionale-per-associazioni\/findjoo-recensione\/#breadcrumb","itemListElement":[{"@type":"ListItem","position":1,"name":"Home","item":"https:\/\/www.accuratereviews.com\/it\/"},{"@type":"ListItem","position":2,"name":"Gestionale per associazioni","item":"https:\/\/www.accuratereviews.com\/it\/gestionale-per-associazioni\/"},{"@type":"ListItem","position":3,"name":"Findjoo"}]},{"@type":"WebSite","@id":"https:\/\/www.accuratereviews.com\/it\/#website","url":"https:\/\/www.accuratereviews.com\/it\/","name":"Accurate Reviews","description":"","potentialAction":[{"@type":"SearchAction","target":{"@type":"EntryPoint","urlTemplate":"https:\/\/www.accuratereviews.com\/it\/?s={search_term_string}"},"query-input":{"@type":"PropertyValueSpecification","valueRequired":true,"valueName":"search_term_string"}}],"inLanguage":"it-IT"}]}},"_links":{"self":[{"href":"https:\/\/www.accuratereviews.com\/it\/wp-json\/wp\/v2\/pages\/24077","targetHints":{"allow":["GET"]}}],"collection":[{"href":"https:\/\/www.accuratereviews.com\/it\/wp-json\/wp\/v2\/pages"}],"about":[{"href":"https:\/\/www.accuratereviews.com\/it\/wp-json\/wp\/v2\/types\/page"}],"author":[{"embeddable":true,"href":"https:\/\/www.accuratereviews.com\/it\/wp-json\/wp\/v2\/users\/19"}],"replies":[{"embeddable":true,"href":"https:\/\/www.accuratereviews.com\/it\/wp-json\/wp\/v2\/comments?post=24077"}],"version-history":[{"count":6,"href":"https:\/\/www.accuratereviews.com\/it\/wp-json\/wp\/v2\/pages\/24077\/revisions"}],"predecessor-version":[{"id":36828,"href":"https:\/\/www.accuratereviews.com\/it\/wp-json\/wp\/v2\/pages\/24077\/revisions\/36828"}],"up":[{"embeddable":true,"href":"https:\/\/www.accuratereviews.com\/it\/wp-json\/wp\/v2\/pages\/35837"}],"wp:featuredmedia":[{"embeddable":true,"href":"https:\/\/www.accuratereviews.com\/it\/wp-json\/wp\/v2\/media\/24080"}],"wp:attachment":[{"href":"https:\/\/www.accuratereviews.com\/it\/wp-json\/wp\/v2\/media?parent=24077"}],"wp:term":[{"taxonomy":"category","embeddable":true,"href":"https:\/\/www.accuratereviews.com\/it\/wp-json\/wp\/v2\/categories?post=24077"},{"taxonomy":"post_tag","embeddable":true,"href":"https:\/\/www.accuratereviews.com\/it\/wp-json\/wp\/v2\/tags?post=24077"},{"taxonomy":"features","embeddable":true,"href":"https:\/\/www.accuratereviews.com\/it\/wp-json\/wp\/v2\/features?post=24077"}],"curies":[{"name":"wp","href":"https:\/\/api.w.org\/{rel}","templated":true}]}}