{"id":24109,"date":"2020-03-10T14:03:00","date_gmt":"2020-03-10T14:03:00","guid":{"rendered":"https:\/\/www.accuratereviews.com\/?page_id=24109"},"modified":"2021-02-04T14:43:32","modified_gmt":"2021-02-04T14:43:32","slug":"brilliant-directories-recensione","status":"publish","type":"page","link":"https:\/\/www.accuratereviews.com\/it\/gestionale-per-associazioni\/brilliant-directories-recensione\/","title":{"rendered":"Brilliant Directories"},"content":{"rendered":"<p><strong>Brilliant Directories<\/strong> \u00e8 un <strong>software di directory<\/strong> basato su <strong>cloud<\/strong> che consente agli utenti di creare siti web utilizzando temi integrati, con strumenti per la generazione di lead, la gestione dei membri, l&#8217;elaborazione dei pagamenti e altro ancora. \u00c8 possibile caricare il logo e le immagini dell&#8217;azienda e gli utenti possono controllare il layout, i colori e gli stili dei caratteri delle pagine del sito. Sono inclusi anche strumenti per sviluppatori, che consentono la personalizzazione avanzata del sito, la modifica dei widget e la creazione di temi. \u00c8 possibile visualizzare e tenere traccia degli abbonamenti dei membri, della cronologia delle transazioni e delle email e di altre informazioni. I dati dei membri possono essere importati da file CSV, geocodificati e ordinati in categorie. Il sistema di pagamento integrato consente di elaborare pagamenti una tantum e vendere abbonamenti con pagamenti ricorrenti automatizzati e strumenti per la gestione di rimborsi, insoluti e altro.<\/p>\n<h2>BRILLIANT DIRECTORIES &#8211; TUTORIAL<\/h2>\n<p>Il tutorial che segue mostra come creare un sito web con questo<strong> software gestionale per le associazioni<\/strong>:<\/p>\n<div id=\"fluid-wrapper-counter-1\" class=\"g1-fluid-wrapper \" style=\"width:686px;\">\n<div style=\"padding-bottom:56.268221574344%;\"><iframe loading=\"lazy\" title=\"How to Setup a Directory Website in 15 Minutes\" width=\"686\" height=\"386\" src=\"https:\/\/www.youtube.com\/embed\/UMc21cOQGGg?feature=oembed&amp;wmode=transparent&amp;autohide=1&amp;autoplay=0&amp;disablekb=0&amp;fs=1&amp;loop=0&amp;enablejsapi=1&amp;rel=0&amp;controls=2&amp;showinfo=0&amp;wmode=transparent&amp;autohide=2&amp;autoplay=0&amp;disablekb=0&amp;fs=1&amp;loop=0&amp;enablejsapi=1&amp;rel=0&amp;controls=2&amp;showinfo=1\" frameborder=\"0\" allow=\"accelerometer; autoplay; clipboard-write; encrypted-media; gyroscope; picture-in-picture\" allowfullscreen><\/iframe><\/div>\n<\/div>\n<h3>BRILLIANT DIRECTORIES &#8211; CARATTERISTICHE<\/h3>\n<ul>\n<li><strong>Design e branding<\/strong>: costruisci siti web di directory professionali con questa soluzione. Che tu sia un principiante o uno sviluppatore professionista, puoi facilmente e rapidamente regolare le impostazioni di progettazione e caricare i tuoi loghi e immagini per mostrare il tuo marchio<\/li>\n<li><strong>Gestione dei membri<\/strong>: crea rapidamente piani di abbonamento diversi, importa nuovi membri, gestisci membri esistenti e personalizza i campi modulo per raccogliere le informazioni che desideri degli associati<\/li>\n<li><strong>Processo di pagamento<\/strong>: gli strumenti di elaborazione dei pagamenti all-in-one ti consentono di collegare senza interruzioni il tuo sito al tuo gateway di pagamento preferito come PayPal e Authorize.net. Gestisci le tue iscrizioni, transazioni e pagamenti scaduti da un unico luogo<\/li>\n<li><strong>Marketing via email<\/strong>:\u00a0puoi raccogliere abbonati alla newsletter e inviare email ai tuoi elenchi di contatti. I visitatori possono facilmente iscriversi alle newsletter settimanali \/ mensili e puoi programmare campagne da inviare in orari specifici<\/li>\n<li><strong>Strumenti di Lead-Gen:<\/strong> il tuo sito attirer\u00e0 i visitatori che vogliono contattare i tuoi membri &#8211; chiamiamo queste richieste LEADS. Il tuo sito inizier\u00e0 a generare molti lead che puoi vendere ai tuoi membri. Gli strumenti di generazione di lead inclusi sono automatizzati e richiedono pochissimo tempo e gestione<\/li>\n<li><strong>SEO e contenuti<\/strong>: la soluzione include tutto ci\u00f2 di cui hai bisogno per posizionarti bene nei motori di ricerca come Google, Yahoo e Bing. Ottimizzare il tuo sito \u00e8 semplice: basta puntare, fare clic e digitare. Il posizionamento in alto nei motori di ricerca porta pi\u00f9 visitatori al tuo sito e utenti in prospettiva nella tua directory<\/li>\n<li><strong>Hosting e sicurezza: <\/strong>utilizzando le ultime tecnologie di hosting, il team di gestione dei server lavora continuamente per garantire velocit\u00e0 e sicurezza ottimali<\/li>\n<\/ul>\n<h4>LE RECENSIONE DEGLI UTENTI<\/h4>\n<h4 class=\"font-weight-bold my-1 d-flex align-items-center\">William B.\u00a0&#8220;Consiglio vivamente Brilliant Directories!&#8221;<\/h4>\n<p><strong>Commenti: <\/strong>Sono stato con Brilliant Directories per diversi anni. La loro piattaforma \u00e8 la migliore in assoluto per eseguire una potente directory. Lavorare con le ripetizioni \u00e8 davvero fenomenale. \u00c8 davvero sorprendente per me poter configurare ed eseguire facilmente un potente sito web di appartenenza. Quello che amo di pi\u00f9 di Brilliant Directories \u00e8 il loro eccezionale staff di supporto, centinaia di video passo-passo online e ampia documentazione online. Le persone che lavorano in questa azienda non vogliono solo venderti un pacchetto di siti Web. Invece, si tratta solo di creare relazioni commerciali di successo! Comprendono pienamente che il successo dei loro clienti \u00e8 il loro successo futuro. Il loro framework Bootstrap offre la flessibilit\u00e0 necessaria per ogni particolare esigenza aziendale. Grazie a Dio non ho pi\u00f9 a che fare con il tentativo di ottenere un tema e un numero infinito di plugin per lavorare insieme. Al momento ho 4 siti Web con directory brillanti e ho intenzione di aggiungerne molti altri in futuro. Se stai cercando di mettere online la tua attivit\u00e0, consiglio vivamente directory brillanti. Sono il numero 1 per un motivo!<\/p>\n<p><strong>Vantaggi: <\/strong>Avere gli oltre 50 componenti aggiuntivi dinamici mi offre un sito web paragonabile a quelli delle aziende da miliardi di dollari.<\/p>\n<p><strong>Inconvenienti: <\/strong>La mia esperienza con Brilliant Directories \u00e8 stata PERFETTA.<\/p>\n<h4 class=\"font-weight-bold my-1 d-flex align-items-center\">Mainul S.&#8221;Brilliant Directory \u00e8 un prodotto da sogno per la soluzione di directory&#8221;<\/h4>\n<p><strong>Commenti: <\/strong>Li trovo molto professionali nel servizio. Ottimo materiale di formazione e documentazione.<\/p>\n<p><strong>Vantaggi: <\/strong>La parte migliore di Brilliant Directory \u00e8 la soluzione integrata completa che esamina quasi tutti gli aspetti necessari al gruppo aziendale, alle associazioni o alla comunit\u00e0. A partire dall&#8217;appartenenza al settore immobiliare, al catalogo dei prodotti, quasi tutto \u00e8 l\u00ec per servire un gruppo aziendale o una comunit\u00e0. Prima di venire su BD, ho provato molte altre soluzioni che risolvono pezzi del puzzle ma non offrono tutto in un&#8217;unica piattaforma composita. Funzionalit\u00e0 o servizi aggiuntivi integrati nel sistema, offrono ulteriore forza commerciabile per il cliente se uno guarda dal punto di vista aziendale. Dal punto di vista dell&#8217;assistenza, nella maggior parte dei casi ho ricevuto risposte o soluzioni entro 24 ore. Finora non ho riscontrato alcun bug. I componenti aggiuntivi VIP sono davvero potenti e gli utenti finali non hanno mai detto di no quando ho spiegato loro le funzionalit\u00e0. Il rappresentante fa sempre miglia extra per rendere felice il cliente e guadagna la nostra indiscussa lealt\u00e0.<\/p>\n<p><strong>Inconvenienti: <\/strong>Inizialmente il prezzo sembrava essere sul lato superiore rispetto ad altre soluzioni sul mercato. Ma una volta iniziato a usarlo ed esplorare le funzionalit\u00e0, valeva la pena investire. Se uno intende davvero rimanere nel business da molto tempo, il prezzo \u00a0inizier\u00e0 a dare un senso. La funzione di post moderazione potrebbe essere stata parte integrante dall&#8217;inizio, ma ora \u00e8 l\u00ec.<\/p>\n<h4 class=\"font-weight-bold my-1 d-flex align-items-center\">Anthony S.&#8221;Brilliant Directories \u00e8 fantastico!&#8221;<\/h4>\n<p><strong>Commenti: <\/strong>Grande esperienza!<\/p>\n<p><strong>Vantaggi: <\/strong>Elenchi brillanti,\u00a0La funzionalit\u00e0 Brilliant Directories fornisce al proprietario uno strumento estremamente semplice per la progettazione di siti Web. Alcuni degli strumenti disponibili includono webinar, centinaia di video online, documentazione online, uno staff di supporto molto professionale e un sito web a vita. Non vedo l&#8217;ora di utilizzare la tua piattaforma per costruire i nostri siti web.<\/p>\n<p><strong>Inconvenienti: <\/strong>Non ci sono svantaggi su questo software. Software eccellente.<\/p>\n<p>&nbsp;<\/p>\n","protected":false},"excerpt":{"rendered":"<p>Brilliant Directories \u00e8 un software di directory basato su cloud che consente agli utenti di creare siti web utilizzando temi integrati, con strumenti per la generazione di lead, la gestione dei membri, l&#8217;elaborazione dei pagamenti e altro ancora. \u00c8 possibile caricare il logo e le immagini dell&#8217;azienda e gli utenti possono controllare il layout, i colori e gli stili dei caratteri delle pagine del sito.<\/p>\n","protected":false},"author":19,"featured_media":24110,"parent":35837,"menu_order":0,"comment_status":"open","ping_status":"closed","template":"g1_template_page_review_new.php","meta":{"_acf_changed":false,"cwp_meta_box_check":"Yes","cwp_rev_product_name":"","cwp_rev_product_image":"","wppr_links":[],"cwp_rev_price":"","wppr_options":[],"wppr_pros":[],"wppr_cons":[],"_monsterinsights_skip_tracking":false,"_monsterinsights_sitenote_active":false,"_monsterinsights_sitenote_note":"","_monsterinsights_sitenote_category":0,"footnotes":""},"categories":[1943],"tags":[1944,2255,396,2256,2149,2148],"features":[],"class_list":{"0":"post-24109","1":"page","2":"type-page","3":"status-publish","4":"has-post-thumbnail","6":"category-gestionale-per-associazioni-categoria","7":"tag-association-management-software","8":"tag-brilliant-directories","9":"tag-cloud","10":"tag-software-di-directory","11":"tag-software-gestionale-per-associazioni","12":"tag-soluzione-gestionale-per-associazioni"},"wppr_data":{"cwp_meta_box_check":"Yes","cwp_rev_product_name":"","cwp_rev_product_image":"","cwp_image_link":"image","cwp_rev_price":"","wppr_rating":"0.00"},"acf":[],"yoast_head":"<!-- This site is optimized with the Yoast SEO plugin v27.4 - https:\/\/yoast.com\/product\/yoast-seo-wordpress\/ -->\n<title>Brilliant Directories: recensione gestionale associazioni - Accurate Reviews<\/title>\n<meta name=\"description\" content=\"Brilliant Directories: recensione software di directory basato su cloud che consente agli utenti di creare siti web, generazione lead e gestione dei membri.\" \/>\n<meta name=\"robots\" content=\"index, follow, max-snippet:-1, max-image-preview:large, max-video-preview:-1\" \/>\n<link rel=\"canonical\" href=\"https:\/\/www.accuratereviews.com\/it\/gestionale-per-associazioni\/brilliant-directories-recensione\/\" \/>\n<meta property=\"og:locale\" content=\"it_IT\" \/>\n<meta property=\"og:type\" content=\"article\" \/>\n<meta property=\"og:title\" content=\"Brilliant Directories: recensione gestionale associazioni - Accurate Reviews\" \/>\n<meta property=\"og:description\" content=\"Brilliant Directories: recensione software di directory basato su cloud che consente agli utenti di creare siti web, generazione lead e gestione dei membri.\" \/>\n<meta property=\"og:url\" content=\"https:\/\/www.accuratereviews.com\/it\/gestionale-per-associazioni\/brilliant-directories-recensione\/\" \/>\n<meta property=\"og:site_name\" content=\"Accurate Reviews\" \/>\n<meta property=\"article:modified_time\" content=\"2021-02-04T14:43:32+00:00\" \/>\n<meta property=\"og:image\" content=\"https:\/\/www.accuratereviews.com\/wp-content\/uploads\/2020\/03\/brillant.png\" \/>\n\t<meta property=\"og:image:width\" content=\"900\" \/>\n\t<meta property=\"og:image:height\" content=\"900\" \/>\n\t<meta property=\"og:image:type\" content=\"image\/png\" \/>\n<meta name=\"twitter:card\" content=\"summary_large_image\" \/>\n<meta name=\"twitter:label1\" content=\"Tempo di lettura stimato\" \/>\n\t<meta name=\"twitter:data1\" content=\"5 minuti\" \/>\n<script type=\"application\/ld+json\" class=\"yoast-schema-graph\">{\"@context\":\"https:\\\/\\\/schema.org\",\"@graph\":[{\"@type\":\"WebPage\",\"@id\":\"https:\\\/\\\/www.accuratereviews.com\\\/it\\\/gestionale-per-associazioni\\\/brilliant-directories-recensione\\\/\",\"url\":\"https:\\\/\\\/www.accuratereviews.com\\\/it\\\/gestionale-per-associazioni\\\/brilliant-directories-recensione\\\/\",\"name\":\"Brilliant Directories: recensione gestionale associazioni - Accurate Reviews\",\"isPartOf\":{\"@id\":\"https:\\\/\\\/www.accuratereviews.com\\\/it\\\/#website\"},\"primaryImageOfPage\":{\"@id\":\"https:\\\/\\\/www.accuratereviews.com\\\/it\\\/gestionale-per-associazioni\\\/brilliant-directories-recensione\\\/#primaryimage\"},\"image\":{\"@id\":\"https:\\\/\\\/www.accuratereviews.com\\\/it\\\/gestionale-per-associazioni\\\/brilliant-directories-recensione\\\/#primaryimage\"},\"thumbnailUrl\":\"https:\\\/\\\/www.accuratereviews.com\\\/wp-content\\\/uploads\\\/2020\\\/03\\\/brillant.png\",\"datePublished\":\"2020-03-10T14:03:00+00:00\",\"dateModified\":\"2021-02-04T14:43:32+00:00\",\"description\":\"Brilliant Directories: recensione software di directory basato su cloud che consente agli utenti di creare siti web, generazione lead e gestione dei membri.\",\"breadcrumb\":{\"@id\":\"https:\\\/\\\/www.accuratereviews.com\\\/it\\\/gestionale-per-associazioni\\\/brilliant-directories-recensione\\\/#breadcrumb\"},\"inLanguage\":\"it-IT\",\"potentialAction\":[{\"@type\":\"ReadAction\",\"target\":[\"https:\\\/\\\/www.accuratereviews.com\\\/it\\\/gestionale-per-associazioni\\\/brilliant-directories-recensione\\\/\"]}]},{\"@type\":\"ImageObject\",\"inLanguage\":\"it-IT\",\"@id\":\"https:\\\/\\\/www.accuratereviews.com\\\/it\\\/gestionale-per-associazioni\\\/brilliant-directories-recensione\\\/#primaryimage\",\"url\":\"https:\\\/\\\/www.accuratereviews.com\\\/wp-content\\\/uploads\\\/2020\\\/03\\\/brillant.png\",\"contentUrl\":\"https:\\\/\\\/www.accuratereviews.com\\\/wp-content\\\/uploads\\\/2020\\\/03\\\/brillant.png\",\"width\":900,\"height\":900},{\"@type\":\"BreadcrumbList\",\"@id\":\"https:\\\/\\\/www.accuratereviews.com\\\/it\\\/gestionale-per-associazioni\\\/brilliant-directories-recensione\\\/#breadcrumb\",\"itemListElement\":[{\"@type\":\"ListItem\",\"position\":1,\"name\":\"Home\",\"item\":\"https:\\\/\\\/www.accuratereviews.com\\\/it\\\/\"},{\"@type\":\"ListItem\",\"position\":2,\"name\":\"Gestionale per associazioni\",\"item\":\"https:\\\/\\\/www.accuratereviews.com\\\/it\\\/gestionale-per-associazioni\\\/\"},{\"@type\":\"ListItem\",\"position\":3,\"name\":\"Brilliant Directories\"}]},{\"@type\":\"WebSite\",\"@id\":\"https:\\\/\\\/www.accuratereviews.com\\\/it\\\/#website\",\"url\":\"https:\\\/\\\/www.accuratereviews.com\\\/it\\\/\",\"name\":\"Accurate Reviews\",\"description\":\"\",\"potentialAction\":[{\"@type\":\"SearchAction\",\"target\":{\"@type\":\"EntryPoint\",\"urlTemplate\":\"https:\\\/\\\/www.accuratereviews.com\\\/it\\\/?s={search_term_string}\"},\"query-input\":{\"@type\":\"PropertyValueSpecification\",\"valueRequired\":true,\"valueName\":\"search_term_string\"}}],\"inLanguage\":\"it-IT\"}]}<\/script>\n<!-- \/ Yoast SEO plugin. -->","yoast_head_json":{"title":"Brilliant Directories: recensione gestionale associazioni - Accurate Reviews","description":"Brilliant Directories: recensione software di directory basato su cloud che consente agli utenti di creare siti web, generazione lead e gestione dei membri.","robots":{"index":"index","follow":"follow","max-snippet":"max-snippet:-1","max-image-preview":"max-image-preview:large","max-video-preview":"max-video-preview:-1"},"canonical":"https:\/\/www.accuratereviews.com\/it\/gestionale-per-associazioni\/brilliant-directories-recensione\/","og_locale":"it_IT","og_type":"article","og_title":"Brilliant Directories: recensione gestionale associazioni - Accurate Reviews","og_description":"Brilliant Directories: recensione software di directory basato su cloud che consente agli utenti di creare siti web, generazione lead e gestione dei membri.","og_url":"https:\/\/www.accuratereviews.com\/it\/gestionale-per-associazioni\/brilliant-directories-recensione\/","og_site_name":"Accurate Reviews","article_modified_time":"2021-02-04T14:43:32+00:00","og_image":[{"width":900,"height":900,"url":"https:\/\/www.accuratereviews.com\/wp-content\/uploads\/2020\/03\/brillant.png","type":"image\/png"}],"twitter_card":"summary_large_image","twitter_misc":{"Tempo di lettura stimato":"5 minuti"},"schema":{"@context":"https:\/\/schema.org","@graph":[{"@type":"WebPage","@id":"https:\/\/www.accuratereviews.com\/it\/gestionale-per-associazioni\/brilliant-directories-recensione\/","url":"https:\/\/www.accuratereviews.com\/it\/gestionale-per-associazioni\/brilliant-directories-recensione\/","name":"Brilliant Directories: recensione gestionale associazioni - Accurate Reviews","isPartOf":{"@id":"https:\/\/www.accuratereviews.com\/it\/#website"},"primaryImageOfPage":{"@id":"https:\/\/www.accuratereviews.com\/it\/gestionale-per-associazioni\/brilliant-directories-recensione\/#primaryimage"},"image":{"@id":"https:\/\/www.accuratereviews.com\/it\/gestionale-per-associazioni\/brilliant-directories-recensione\/#primaryimage"},"thumbnailUrl":"https:\/\/www.accuratereviews.com\/wp-content\/uploads\/2020\/03\/brillant.png","datePublished":"2020-03-10T14:03:00+00:00","dateModified":"2021-02-04T14:43:32+00:00","description":"Brilliant Directories: recensione software di directory basato su cloud che consente agli utenti di creare siti web, generazione lead e gestione dei membri.","breadcrumb":{"@id":"https:\/\/www.accuratereviews.com\/it\/gestionale-per-associazioni\/brilliant-directories-recensione\/#breadcrumb"},"inLanguage":"it-IT","potentialAction":[{"@type":"ReadAction","target":["https:\/\/www.accuratereviews.com\/it\/gestionale-per-associazioni\/brilliant-directories-recensione\/"]}]},{"@type":"ImageObject","inLanguage":"it-IT","@id":"https:\/\/www.accuratereviews.com\/it\/gestionale-per-associazioni\/brilliant-directories-recensione\/#primaryimage","url":"https:\/\/www.accuratereviews.com\/wp-content\/uploads\/2020\/03\/brillant.png","contentUrl":"https:\/\/www.accuratereviews.com\/wp-content\/uploads\/2020\/03\/brillant.png","width":900,"height":900},{"@type":"BreadcrumbList","@id":"https:\/\/www.accuratereviews.com\/it\/gestionale-per-associazioni\/brilliant-directories-recensione\/#breadcrumb","itemListElement":[{"@type":"ListItem","position":1,"name":"Home","item":"https:\/\/www.accuratereviews.com\/it\/"},{"@type":"ListItem","position":2,"name":"Gestionale per associazioni","item":"https:\/\/www.accuratereviews.com\/it\/gestionale-per-associazioni\/"},{"@type":"ListItem","position":3,"name":"Brilliant Directories"}]},{"@type":"WebSite","@id":"https:\/\/www.accuratereviews.com\/it\/#website","url":"https:\/\/www.accuratereviews.com\/it\/","name":"Accurate Reviews","description":"","potentialAction":[{"@type":"SearchAction","target":{"@type":"EntryPoint","urlTemplate":"https:\/\/www.accuratereviews.com\/it\/?s={search_term_string}"},"query-input":{"@type":"PropertyValueSpecification","valueRequired":true,"valueName":"search_term_string"}}],"inLanguage":"it-IT"}]}},"_links":{"self":[{"href":"https:\/\/www.accuratereviews.com\/it\/wp-json\/wp\/v2\/pages\/24109","targetHints":{"allow":["GET"]}}],"collection":[{"href":"https:\/\/www.accuratereviews.com\/it\/wp-json\/wp\/v2\/pages"}],"about":[{"href":"https:\/\/www.accuratereviews.com\/it\/wp-json\/wp\/v2\/types\/page"}],"author":[{"embeddable":true,"href":"https:\/\/www.accuratereviews.com\/it\/wp-json\/wp\/v2\/users\/19"}],"replies":[{"embeddable":true,"href":"https:\/\/www.accuratereviews.com\/it\/wp-json\/wp\/v2\/comments?post=24109"}],"version-history":[{"count":9,"href":"https:\/\/www.accuratereviews.com\/it\/wp-json\/wp\/v2\/pages\/24109\/revisions"}],"predecessor-version":[{"id":36806,"href":"https:\/\/www.accuratereviews.com\/it\/wp-json\/wp\/v2\/pages\/24109\/revisions\/36806"}],"up":[{"embeddable":true,"href":"https:\/\/www.accuratereviews.com\/it\/wp-json\/wp\/v2\/pages\/35837"}],"wp:featuredmedia":[{"embeddable":true,"href":"https:\/\/www.accuratereviews.com\/it\/wp-json\/wp\/v2\/media\/24110"}],"wp:attachment":[{"href":"https:\/\/www.accuratereviews.com\/it\/wp-json\/wp\/v2\/media?parent=24109"}],"wp:term":[{"taxonomy":"category","embeddable":true,"href":"https:\/\/www.accuratereviews.com\/it\/wp-json\/wp\/v2\/categories?post=24109"},{"taxonomy":"post_tag","embeddable":true,"href":"https:\/\/www.accuratereviews.com\/it\/wp-json\/wp\/v2\/tags?post=24109"},{"taxonomy":"features","embeddable":true,"href":"https:\/\/www.accuratereviews.com\/it\/wp-json\/wp\/v2\/features?post=24109"}],"curies":[{"name":"wp","href":"https:\/\/api.w.org\/{rel}","templated":true}]}}