{"id":24168,"date":"2019-09-10T14:24:09","date_gmt":"2019-09-10T14:24:09","guid":{"rendered":"https:\/\/www.accuratereviews.com\/video-editing-lista-software\/kapwing-review\/"},"modified":"2023-02-09T10:30:56","modified_gmt":"2023-02-09T10:30:56","slug":"kapwing-recensione","status":"publish","type":"page","link":"https:\/\/www.accuratereviews.com\/it\/video-editing-lista-software\/kapwing-recensione\/","title":{"rendered":"Kapwing"},"content":{"rendered":"<p><strong>Kapwing<\/strong> \u00e8 <strong>video editor<\/strong> online che permette di modificare immagini, GIF e video aggiungendo numerosi effetti, transizioni e titoli cos\u00ec da realizzare un vero capolavoro. \u00c8 semplice da usare poich\u00e9 davvero intuitivo e accessibile a chiunque abbia una minima idea di come si produce un video quindi non \u00e8 necessario essere esperti di <strong>video editing<\/strong> per usarlo. \u00c8 uno strumento ideale soprattutto per i <strong>social media manager e per gli imprenditor<\/strong>i che promuovo aziende, servizi o marchi su piattaforme online, ma lo \u00e8 anche per <strong>insegnanti e studenti<\/strong> che lo utilizzano nelle scuole per realizzare progetti e presentazioni.<br \/>\nCon <strong>Kapwing<\/strong> puoi sbizzarrirti e far uscire tutta la creativit\u00e0 che \u00e8 in te, generando meme, immagini animate, tagliando i singoli video per poi collegarli in loop, aggiungendo la musica che pi\u00f9 ti piace come sottofondo e molto altro ancora. Una volta <strong>creato e montato il tuo video<\/strong>, potrai direttamente caricarlo sui tuoi canali social, che sia Facebook o YouTube in modo da condividerlo subito con i tuoi amici e followers.<\/p>\n<h2>COME REALIZZARE VIDEO CON KAPWING &#8211; TUTORIAL<\/h2>\n<p>Ecco un video tutorial che ci mostrer\u00e0 come sfruttare al meglio Kapwing:<\/p>\n<p>&nbsp;<\/p>\n<div id=\"fluid-wrapper-counter-1\" class=\"g1-fluid-wrapper \" style=\"width:686px;\">\n<div style=\"padding-bottom:56.268221574344%;\"><iframe loading=\"lazy\" title=\"Kapwing online video editor\" width=\"686\" height=\"386\" src=\"https:\/\/www.youtube.com\/embed\/PpP8wL3k1rc?feature=oembed&amp;wmode=transparent&amp;autohide=1&amp;autoplay=0&amp;disablekb=0&amp;fs=1&amp;loop=0&amp;enablejsapi=1&amp;rel=0&amp;controls=2&amp;showinfo=0&amp;wmode=transparent&amp;autohide=2&amp;autoplay=0&amp;disablekb=0&amp;fs=1&amp;loop=0&amp;enablejsapi=1&amp;rel=0&amp;controls=2&amp;showinfo=1\" frameborder=\"0\" allow=\"accelerometer; autoplay; clipboard-write; encrypted-media; gyroscope; picture-in-picture; web-share\" allowfullscreen><\/iframe><\/div>\n<\/div>\n<h3>KAPWING &#8211; CARATTERISTICHE<\/h3>\n<p>Ecco le sue principali caratteristiche:<\/p>\n<ul>\n<li><strong>Funzioni di editing<\/strong>: taglia il tuo video, ruotalo, modificane le dimensioni, dividi i clip per poi collegarli in un loop realizzando il tuo capolavoro<\/li>\n<li><strong>Ampia raccolta multimediale<\/strong>: scegli tra i numerosi effetti, transizioni, testi e filtri da applicare al tuo video<\/li>\n<li><strong>Generatore di GIF e meme<\/strong>: crea immagini animate e meme da aggiungere al video cos\u00ec da renderlo pi\u00f9 simpatico<\/li>\n<li><strong>Convertitore di immagini in video<\/strong><\/li>\n<li><strong>Audio<\/strong>: scegli se aggiungere un brano musicale al tuo video o se togliere l\u2019audio lasciandolo muto<\/li>\n<li><strong>Sottotitoli<\/strong>: aggiungi i sottotitoli in lingua straniera al tuo video cos\u00ec da raggiungere un pubblico pi\u00f9 vasto<\/li>\n<li><strong>Condivisione social<\/strong>: una volta ottenuto il tuo video, condividilo subito sui tuoi canali social.<\/li>\n<\/ul>\n<h4>LE RECENSIONI DEGLI UTENTI<\/h4>\n<p><strong>Laura&#8221;Personalizza i tuoi video con Kapwing&#8221;<\/strong><br \/>\n<strong>Commenti<\/strong>: Molto bene, soprattutto perch\u00e9 sono stato in grado di fare ci\u00f2 di cui avevo bisogno in termini di aggiunta immediata di didascalie ai video esistenti. Molti dei recenti aggiornamenti mi permetteranno di espandere ci\u00f2 che sto facendo con i miei video e renderli facilmente pi\u00f9 uniformi e brandizzati.<br \/>\n<strong>Pro<\/strong>: Molto facile caricare video esistenti per la modifica e l&#8217;aggiunta di didascalie. \u00c8 possibile creare uno sfondo video per una registrazione solo audio che pu\u00f2 essere facilmente caricata e condivisa su YouTube.<br \/>\n<strong>Contro<\/strong>: Come la maggior parte dei software di oggi, inizia molto pulito e semplice e poi i progettisti aggiungono sempre pi\u00f9 funzionalit\u00e0. Questo \u00e8 sia bene che male. Buono perch\u00e9 alcune funzionalit\u00e0 sono utili per la mia attivit\u00e0. Cattivo perch\u00e9 rende pi\u00f9 complicato quello che era un processo semplice e pulito.<\/p>\n<p><strong>Connor&#8221;Prendi Kapwing e pubblica effettivamente i tuoi contenuti&#8221;<\/strong><br \/>\n<strong>Commenti<\/strong>: \u00c8 incredibile. Sono cos\u00ec felice di poter portare avanti la nostra strategia di contenuti.<br \/>\n<strong>Pro<\/strong>: Kapwing \u00e8 senza dubbio la cosa pi\u00f9 importante che mi sia capitata all&#8217;interno di un video. Mi ci \u00e8 voluto dall&#8217;arrendermi alla creazione di contenuti, per far uscire effettivamente le cose nel mondo una volta ogni due settimane: rendono molto pi\u00f9 facile pubblicare video raffinati senza molto tempo \/ lavoro \/ conoscenza tecnica.<br \/>\n<strong>Contro<\/strong>: Alcune delle funzionalit\u00e0 davvero pesanti in Premiere non sono in Kapwing. Ma francamente non so come usarli comunque e tutto ci\u00f2 che sono \u00e8 un ostacolo per me ottenere contenuti l\u00e0 fuori.<\/p>\n<p><strong>oshal&#8221;Recensione di Kapwing&#8221;<\/strong><br \/>\n<strong>Commenti<\/strong>: Bene<br \/>\n<strong>Pro<\/strong>: Mi piace poter modificare i video e mi piace il modo in cui vengono fuori alla fine<br \/>\n<strong>Contro<\/strong>: il trascinamento della selezione non funziona sempre bene e non riesco sempre a unire due file audio o a posizionarne uno sopra l&#8217;altro<\/p>\n","protected":false},"excerpt":{"rendered":"<p>Kapwing \u00e8 video editor online che permette di modificare immagini, GIF e video aggiungendo numerosi effetti, transizioni e titoli cos\u00ec da realizzare un vero capolavoro. \u00c8 semplice da usare poich\u00e9 davvero intuitivo e accessibile a chiunque abbia una minima idea di come si produce un video quindi non \u00e8 necessario essere esperti di video editing per usarlo. <\/p>\n","protected":false},"author":17,"featured_media":18062,"parent":7571,"menu_order":0,"comment_status":"open","ping_status":"closed","template":"g1_template_page_review_new.php","meta":{"_acf_changed":false,"cwp_meta_box_check":"Yes","cwp_rev_product_name":"","cwp_rev_product_image":"","wppr_links":[],"cwp_rev_price":"","wppr_options":[{"name":"Usability","value":"0"},{"name":"Speed","value":"0"},{"name":"Features","value":"0"},{"name":"Support","value":"0"},{"name":"Pricing","value":"0"}],"wppr_pros":["","","","",""],"wppr_cons":["","","","",""],"_monsterinsights_skip_tracking":false,"_monsterinsights_sitenote_active":false,"_monsterinsights_sitenote_note":"","_monsterinsights_sitenote_category":0,"footnotes":""},"categories":[169],"tags":[198,204,831,202,1629,832,201,219],"features":[],"class_list":{"0":"post-24168","1":"page","2":"type-page","3":"status-publish","4":"has-post-thumbnail","6":"category-video-editing-software-it","7":"tag-come-modificare-un-video","8":"tag-how-to-edit-a-video","9":"tag-video-editing-2-it","10":"tag-video-editing","11":"tag-video-editing-software-it","12":"tag-video-editor-2-it","13":"tag-video-editor","14":"tag-video-making"},"wppr_data":{"cwp_meta_box_check":"Yes","cwp_rev_product_name":"","_wppr_review_template":"default","cwp_rev_product_image":"","cwp_image_link":"image","wppr_links":[],"cwp_rev_price":"","wppr_pros":["","","","",""],"wppr_cons":["","","","",""],"wppr_rating":"0.00","wppr_options":{"1":{"name":"Usability","value":"0"},"2":{"name":"Speed","value":"0"},"3":{"name":"Features","value":"0"},"4":{"name":"Support","value":"0"},"5":{"name":"Pricing","value":"0"}},"wppr_review_type":"Product","wppr_review_custom_fields":{"additionalProperty":"","additionalType":"","aggregateRating":"","alternateName":"","audience":"","award":"","awards":"","brand":"","color":"","depth":"","description":"","disambiguatingDescription":"","gtin12":"","gtin13":"","gtin14":"","gtin8":"","height":"","identifier":"","image":"","isAccessoryOrSparePartFor":"","isConsumableFor":"","isRelatedTo":"","isSimilarTo":"","itemCondition":"","logo":"","mainEntityOfPage":"","manufacturer":"","material":"","model":"","mpn":"","name":"","offers":"","potentialAction":"","productID":"","productionDate":"","purchaseDate":"","releaseDate":"","review":"","reviews":"","sameAs":"","sku":"","slogan":"","subjectOf":"","url":"","weight":"","width":""}},"acf":[],"yoast_head":"<!-- This site is optimized with the Yoast SEO plugin v27.4 - https:\/\/yoast.com\/product\/yoast-seo-wordpress\/ -->\n<title>Kapwing: video editor recensione - Accurate Reviews<\/title>\n<meta name=\"description\" content=\"Kapwing: recensione del video editor online che permette di modificare immagini, GIF e video aggiungendo numerosi effetti, transizioni e titoli.\" \/>\n<meta name=\"robots\" content=\"index, follow, max-snippet:-1, max-image-preview:large, max-video-preview:-1\" \/>\n<link rel=\"canonical\" href=\"https:\/\/www.accuratereviews.com\/it\/video-editing-lista-software\/kapwing-recensione\/\" \/>\n<meta property=\"og:locale\" content=\"it_IT\" \/>\n<meta property=\"og:type\" content=\"article\" \/>\n<meta property=\"og:title\" content=\"Kapwing: video editor recensione - Accurate Reviews\" \/>\n<meta property=\"og:description\" content=\"Kapwing: recensione del video editor online che permette di modificare immagini, GIF e video aggiungendo numerosi effetti, transizioni e titoli.\" \/>\n<meta property=\"og:url\" content=\"https:\/\/www.accuratereviews.com\/it\/video-editing-lista-software\/kapwing-recensione\/\" \/>\n<meta property=\"og:site_name\" content=\"Accurate Reviews\" \/>\n<meta property=\"article:modified_time\" content=\"2023-02-09T10:30:56+00:00\" \/>\n<meta property=\"og:image\" content=\"https:\/\/www.accuratereviews.com\/wp-content\/uploads\/2019\/09\/Kapwing-Square-Transparent-with-Text-and-Background.png\" \/>\n\t<meta property=\"og:image:width\" content=\"1500\" \/>\n\t<meta property=\"og:image:height\" content=\"1500\" \/>\n\t<meta property=\"og:image:type\" content=\"image\/png\" \/>\n<meta name=\"twitter:card\" content=\"summary_large_image\" \/>\n<meta name=\"twitter:label1\" content=\"Tempo di lettura stimato\" \/>\n\t<meta name=\"twitter:data1\" content=\"4 minuti\" \/>\n<script type=\"application\/ld+json\" class=\"yoast-schema-graph\">{\"@context\":\"https:\\\/\\\/schema.org\",\"@graph\":[{\"@type\":\"WebPage\",\"@id\":\"https:\\\/\\\/www.accuratereviews.com\\\/it\\\/video-editing-lista-software\\\/kapwing-recensione\\\/\",\"url\":\"https:\\\/\\\/www.accuratereviews.com\\\/it\\\/video-editing-lista-software\\\/kapwing-recensione\\\/\",\"name\":\"Kapwing: video editor recensione - Accurate Reviews\",\"isPartOf\":{\"@id\":\"https:\\\/\\\/www.accuratereviews.com\\\/it\\\/#website\"},\"primaryImageOfPage\":{\"@id\":\"https:\\\/\\\/www.accuratereviews.com\\\/it\\\/video-editing-lista-software\\\/kapwing-recensione\\\/#primaryimage\"},\"image\":{\"@id\":\"https:\\\/\\\/www.accuratereviews.com\\\/it\\\/video-editing-lista-software\\\/kapwing-recensione\\\/#primaryimage\"},\"thumbnailUrl\":\"https:\\\/\\\/www.accuratereviews.com\\\/wp-content\\\/uploads\\\/2019\\\/09\\\/Kapwing-Square-Transparent-with-Text-and-Background.png\",\"datePublished\":\"2019-09-10T14:24:09+00:00\",\"dateModified\":\"2023-02-09T10:30:56+00:00\",\"description\":\"Kapwing: recensione del video editor online che permette di modificare immagini, GIF e video aggiungendo numerosi effetti, transizioni e titoli.\",\"breadcrumb\":{\"@id\":\"https:\\\/\\\/www.accuratereviews.com\\\/it\\\/video-editing-lista-software\\\/kapwing-recensione\\\/#breadcrumb\"},\"inLanguage\":\"it-IT\",\"potentialAction\":[{\"@type\":\"ReadAction\",\"target\":[\"https:\\\/\\\/www.accuratereviews.com\\\/it\\\/video-editing-lista-software\\\/kapwing-recensione\\\/\"]}]},{\"@type\":\"ImageObject\",\"inLanguage\":\"it-IT\",\"@id\":\"https:\\\/\\\/www.accuratereviews.com\\\/it\\\/video-editing-lista-software\\\/kapwing-recensione\\\/#primaryimage\",\"url\":\"https:\\\/\\\/www.accuratereviews.com\\\/wp-content\\\/uploads\\\/2019\\\/09\\\/Kapwing-Square-Transparent-with-Text-and-Background.png\",\"contentUrl\":\"https:\\\/\\\/www.accuratereviews.com\\\/wp-content\\\/uploads\\\/2019\\\/09\\\/Kapwing-Square-Transparent-with-Text-and-Background.png\",\"width\":1500,\"height\":1500},{\"@type\":\"BreadcrumbList\",\"@id\":\"https:\\\/\\\/www.accuratereviews.com\\\/it\\\/video-editing-lista-software\\\/kapwing-recensione\\\/#breadcrumb\",\"itemListElement\":[{\"@type\":\"ListItem\",\"position\":1,\"name\":\"Home\",\"item\":\"https:\\\/\\\/www.accuratereviews.com\\\/it\\\/\"},{\"@type\":\"ListItem\",\"position\":2,\"name\":\"Software per il video editing\",\"item\":\"https:\\\/\\\/www.accuratereviews.com\\\/it\\\/video-editing-lista-software\\\/\"},{\"@type\":\"ListItem\",\"position\":3,\"name\":\"Kapwing\"}]},{\"@type\":\"WebSite\",\"@id\":\"https:\\\/\\\/www.accuratereviews.com\\\/it\\\/#website\",\"url\":\"https:\\\/\\\/www.accuratereviews.com\\\/it\\\/\",\"name\":\"Accurate Reviews\",\"description\":\"\",\"potentialAction\":[{\"@type\":\"SearchAction\",\"target\":{\"@type\":\"EntryPoint\",\"urlTemplate\":\"https:\\\/\\\/www.accuratereviews.com\\\/it\\\/?s={search_term_string}\"},\"query-input\":{\"@type\":\"PropertyValueSpecification\",\"valueRequired\":true,\"valueName\":\"search_term_string\"}}],\"inLanguage\":\"it-IT\"}]}<\/script>\n<!-- \/ Yoast SEO plugin. -->","yoast_head_json":{"title":"Kapwing: video editor recensione - Accurate Reviews","description":"Kapwing: recensione del video editor online che permette di modificare immagini, GIF e video aggiungendo numerosi effetti, transizioni e titoli.","robots":{"index":"index","follow":"follow","max-snippet":"max-snippet:-1","max-image-preview":"max-image-preview:large","max-video-preview":"max-video-preview:-1"},"canonical":"https:\/\/www.accuratereviews.com\/it\/video-editing-lista-software\/kapwing-recensione\/","og_locale":"it_IT","og_type":"article","og_title":"Kapwing: video editor recensione - Accurate Reviews","og_description":"Kapwing: recensione del video editor online che permette di modificare immagini, GIF e video aggiungendo numerosi effetti, transizioni e titoli.","og_url":"https:\/\/www.accuratereviews.com\/it\/video-editing-lista-software\/kapwing-recensione\/","og_site_name":"Accurate Reviews","article_modified_time":"2023-02-09T10:30:56+00:00","og_image":[{"width":1500,"height":1500,"url":"https:\/\/www.accuratereviews.com\/wp-content\/uploads\/2019\/09\/Kapwing-Square-Transparent-with-Text-and-Background.png","type":"image\/png"}],"twitter_card":"summary_large_image","twitter_misc":{"Tempo di lettura stimato":"4 minuti"},"schema":{"@context":"https:\/\/schema.org","@graph":[{"@type":"WebPage","@id":"https:\/\/www.accuratereviews.com\/it\/video-editing-lista-software\/kapwing-recensione\/","url":"https:\/\/www.accuratereviews.com\/it\/video-editing-lista-software\/kapwing-recensione\/","name":"Kapwing: video editor recensione - Accurate Reviews","isPartOf":{"@id":"https:\/\/www.accuratereviews.com\/it\/#website"},"primaryImageOfPage":{"@id":"https:\/\/www.accuratereviews.com\/it\/video-editing-lista-software\/kapwing-recensione\/#primaryimage"},"image":{"@id":"https:\/\/www.accuratereviews.com\/it\/video-editing-lista-software\/kapwing-recensione\/#primaryimage"},"thumbnailUrl":"https:\/\/www.accuratereviews.com\/wp-content\/uploads\/2019\/09\/Kapwing-Square-Transparent-with-Text-and-Background.png","datePublished":"2019-09-10T14:24:09+00:00","dateModified":"2023-02-09T10:30:56+00:00","description":"Kapwing: recensione del video editor online che permette di modificare immagini, GIF e video aggiungendo numerosi effetti, transizioni e titoli.","breadcrumb":{"@id":"https:\/\/www.accuratereviews.com\/it\/video-editing-lista-software\/kapwing-recensione\/#breadcrumb"},"inLanguage":"it-IT","potentialAction":[{"@type":"ReadAction","target":["https:\/\/www.accuratereviews.com\/it\/video-editing-lista-software\/kapwing-recensione\/"]}]},{"@type":"ImageObject","inLanguage":"it-IT","@id":"https:\/\/www.accuratereviews.com\/it\/video-editing-lista-software\/kapwing-recensione\/#primaryimage","url":"https:\/\/www.accuratereviews.com\/wp-content\/uploads\/2019\/09\/Kapwing-Square-Transparent-with-Text-and-Background.png","contentUrl":"https:\/\/www.accuratereviews.com\/wp-content\/uploads\/2019\/09\/Kapwing-Square-Transparent-with-Text-and-Background.png","width":1500,"height":1500},{"@type":"BreadcrumbList","@id":"https:\/\/www.accuratereviews.com\/it\/video-editing-lista-software\/kapwing-recensione\/#breadcrumb","itemListElement":[{"@type":"ListItem","position":1,"name":"Home","item":"https:\/\/www.accuratereviews.com\/it\/"},{"@type":"ListItem","position":2,"name":"Software per il video editing","item":"https:\/\/www.accuratereviews.com\/it\/video-editing-lista-software\/"},{"@type":"ListItem","position":3,"name":"Kapwing"}]},{"@type":"WebSite","@id":"https:\/\/www.accuratereviews.com\/it\/#website","url":"https:\/\/www.accuratereviews.com\/it\/","name":"Accurate Reviews","description":"","potentialAction":[{"@type":"SearchAction","target":{"@type":"EntryPoint","urlTemplate":"https:\/\/www.accuratereviews.com\/it\/?s={search_term_string}"},"query-input":{"@type":"PropertyValueSpecification","valueRequired":true,"valueName":"search_term_string"}}],"inLanguage":"it-IT"}]}},"_links":{"self":[{"href":"https:\/\/www.accuratereviews.com\/it\/wp-json\/wp\/v2\/pages\/24168","targetHints":{"allow":["GET"]}}],"collection":[{"href":"https:\/\/www.accuratereviews.com\/it\/wp-json\/wp\/v2\/pages"}],"about":[{"href":"https:\/\/www.accuratereviews.com\/it\/wp-json\/wp\/v2\/types\/page"}],"author":[{"embeddable":true,"href":"https:\/\/www.accuratereviews.com\/it\/wp-json\/wp\/v2\/users\/17"}],"replies":[{"embeddable":true,"href":"https:\/\/www.accuratereviews.com\/it\/wp-json\/wp\/v2\/comments?post=24168"}],"version-history":[{"count":7,"href":"https:\/\/www.accuratereviews.com\/it\/wp-json\/wp\/v2\/pages\/24168\/revisions"}],"predecessor-version":[{"id":67108,"href":"https:\/\/www.accuratereviews.com\/it\/wp-json\/wp\/v2\/pages\/24168\/revisions\/67108"}],"up":[{"embeddable":true,"href":"https:\/\/www.accuratereviews.com\/it\/wp-json\/wp\/v2\/pages\/7571"}],"wp:featuredmedia":[{"embeddable":true,"href":"https:\/\/www.accuratereviews.com\/it\/wp-json\/wp\/v2\/media\/18062"}],"wp:attachment":[{"href":"https:\/\/www.accuratereviews.com\/it\/wp-json\/wp\/v2\/media?parent=24168"}],"wp:term":[{"taxonomy":"category","embeddable":true,"href":"https:\/\/www.accuratereviews.com\/it\/wp-json\/wp\/v2\/categories?post=24168"},{"taxonomy":"post_tag","embeddable":true,"href":"https:\/\/www.accuratereviews.com\/it\/wp-json\/wp\/v2\/tags?post=24168"},{"taxonomy":"features","embeddable":true,"href":"https:\/\/www.accuratereviews.com\/it\/wp-json\/wp\/v2\/features?post=24168"}],"curies":[{"name":"wp","href":"https:\/\/api.w.org\/{rel}","templated":true}]}}