{"id":24192,"date":"2020-03-12T10:42:17","date_gmt":"2020-03-12T10:42:17","guid":{"rendered":"https:\/\/www.accuratereviews.com\/?page_id=24192"},"modified":"2021-02-05T09:51:25","modified_gmt":"2021-02-05T09:51:25","slug":"donor-engine-recensione","status":"publish","type":"page","link":"https:\/\/www.accuratereviews.com\/it\/gestionale-per-associazioni\/donor-engine-recensione\/","title":{"rendered":"Donor Engine"},"content":{"rendered":"<p><strong>Donor Engine<\/strong> \u00e8 una <strong>soluzione di gestione delle associazioni<\/strong> che aiuta le organizzazioni senza scopo di lucro a semplificare i processi relativi a iscrizioni, raccolta fondi, biglietteria e altro. Consente agli utenti di tracciare automaticamente le finanze, tra cui donazioni, acquisti e impegni su una piattaforma centralizzata.\u00a0<strong>Donor Engine<\/strong> integra le informazioni sui donatori con la piattaforma di posta elettronica e condivide automaticamente le ricevute con i donatori dopo aver ricevuto i contributi. Inoltre, consente agli utenti di connettere la piattaforma con gateway di pagamento tra cui <strong>PayPal, Payeezy e Authorize.Net,<\/strong> per facilitare le donazioni online. La funzionalit\u00e0 di marketing e comunicazione permette agli utenti di registrare le preferenze dei membri e gestire le campagne di raccolta fondi unificando le informazioni sulle donazioni online e offline. La piattaforma \u00e8 dotata di uno strumento di ticketing, che consente agli utenti di trasmettere i dettagli dell&#8217;evento, vendere biglietti e registrare le presenze.<\/p>\n<h2>DONOR ENGINE &#8211; TUTORIAL<\/h2>\n<p>Guardando il tutorial impariamo a creare dashboard colorate e comprensibili con questo <strong>software gestionale per associazioni:<\/strong><\/p>\n<div id=\"fluid-wrapper-counter-1\" class=\"g1-fluid-wrapper \" style=\"width:686px;\">\n<div style=\"padding-bottom:56.268221574344%;\"><iframe loading=\"lazy\" title=\"Donor Engine - Introduction and Dashboard walk-through\" width=\"686\" height=\"386\" src=\"https:\/\/www.youtube.com\/embed\/EKRQfIdudBg?feature=oembed&amp;wmode=transparent&amp;autohide=1&amp;autoplay=0&amp;disablekb=0&amp;fs=1&amp;loop=0&amp;enablejsapi=1&amp;rel=0&amp;controls=2&amp;showinfo=0&amp;wmode=transparent&amp;autohide=2&amp;autoplay=0&amp;disablekb=0&amp;fs=1&amp;loop=0&amp;enablejsapi=1&amp;rel=0&amp;controls=2&amp;showinfo=1\" frameborder=\"0\" allow=\"accelerometer; autoplay; clipboard-write; encrypted-media; gyroscope; picture-in-picture\" allowfullscreen><\/iframe><\/div>\n<\/div>\n<h3>DONOR ENGINE &#8211; CARATTERISTICHE<\/h3>\n<ul>\n<li><strong>Pannello di controllo<\/strong>: la dashboard mostra tutti i tuoi dati in una pagina. Drag and drop widget che mostrano dati importanti. Trova rapidamente solo i dati necessari e nient&#8217;altro<\/li>\n<li><strong>Donazioni e acquisti<\/strong>: gestisci facilmente ogni aspetto delle tue finanze, dalle donazioni tramite carta di credito, contanti o assegni e anche donazioni ricorrenti (sia carta di credito che EFT). Traccia automaticamente le donazioni e gli acquisti separatamente<\/li>\n<li><strong>Automazione e flusso di lavoro intelligente<\/strong>: genera automaticamente lettere ed email in base al comportamento dei donatori. Invia messaggi con la lettera del donatore appropriata e stampa lettere e ricevute da un unico file. Consenti ai membri di ricevere ricevute istantanee via email o ricevute stampate via mail<\/li>\n<li><strong>Database aggiornato<\/strong>: una visione a 360 gradi di qualsiasi donatore, organizzazione o individuo connesso a te. Consulta le informazioni di contatto, le donazioni, gli acquisti e le comunicazioni a colpo d&#8217;occhio o cerca informazioni dettagliate. Il tutto supportato da un registro di controllo che tiene traccia di ogni singola modifica apportata da ogni singolo utente<\/li>\n<li><strong>Gestione dei soci:<\/strong> crea facilmente discussioni \/ comunicazioni private tra gli associati e fornisci l&#8217;accesso ai soli vantaggi per i membri per favorire il coinvolgimento<\/li>\n<li><strong>Sicurezza<\/strong>: dagli elementi di base del software all&#8217;utente finale, la sicurezza \u00e8 un aspetto fondamentale. Ogni fase del processo garantisce che i dati rimangano protetti<\/li>\n<li><strong>Eventi e biglietti:<\/strong> gestione dei biglietti end-to-end integrata direttamente con il database dei donatori. Vendi i biglietti senza interruzioni a gal\u00e0, tornei di golf e molto altro, allegando automaticamente la cronologia delle presenze ai record dei componenti<\/li>\n<\/ul>\n<h4>LE RECENSIONI DEGLI UTENTI<\/h4>\n<h4 class=\"font-weight-bold my-1 d-flex align-items-center\">Brian H.\u00a0&#8220;Prossimo livello senza scopo di lucro&#8221;<\/h4>\n<p><strong>Commenti: <\/strong>I benefici si sono moltiplicati durante l&#8217;intero processo. L&#8217;intero team di Donor Engine \u00e8 straordinario con cui lavorare. La capacit\u00e0 di creare, personalizzare ed eliminare eventuali ostacoli per avere successo. Comunicazione veloce e professionale sempre. Il team di Donor Engine \u00e8 alla ricerca dei propri clienti e migliora costantemente a tutti i livelli a beneficio del bene superiore. Ci piace lavorare con loro.<\/p>\n<p><strong>Vantaggi: <\/strong>La personalizzazione del nostro evento in ogni modo. La capacit\u00e0 di navigare in ogni area della nostra organizzazione da una dashboard personalizzata.<\/p>\n<p><strong>Inconvenienti: <\/strong>Nessuna antipatia, la curva di apprendimento \u00e8 sempre qualcosa che affronteremo con software nuovi e migliorati.<\/p>\n<h4 class=\"font-weight-bold my-1 d-flex align-items-center\">Adele G. &#8220;Donor Engine Recensione&#8221;<\/h4>\n<p><strong>Commenti: <\/strong>Fenomenale. L&#8217;assistenza clienti \u00e8 di livello successivo. L&#8217;intero team era sempre in standby per aiutarci a garantire che tutto ci\u00f2 di cui avevamo bisogno fosse completato.<\/p>\n<p><strong>Vantaggi: <\/strong>Sito Web \/ motore donatore facile da usare, molto user-friendly e molto professionale.<\/p>\n<p><strong>Inconvenienti: <\/strong>Niente di veramente, ma se devo dire qualcosa, direi che \u00e8 la curva di apprendimento che viene fornita con qualsiasi nuovo software.<\/p>\n<h4 class=\"font-weight-bold my-1 d-flex align-items-center\">Colleen W.&#8221;Donor Engine&#8221;<\/h4>\n<p><strong>Commenti: <\/strong>Usandolo cinque giorni alla settimana per 40 ore \u00e8 difficile definire i dettagli a causa della mia comodit\u00e0. \u00c8 il pi\u00f9 affidabile possibile quanto la tecnologia pu\u00f2 essere. Penso che sia un ottimo prodotto e l&#8217;azienda fa uno sforzo tremendo per affrontare il singhiozzo e per continuare a migliorare funzionalit\u00e0 e vantaggi.<\/p>\n<p><strong>Vantaggi: <\/strong>\u00c8 facile da navigare. \u00c8 ben pensato e offre molte funzionalit\u00e0 per acquisire informazioni utili ed elaborare donazioni del ministero. \u00c8 un programma \u00a0in via di sviluppo che migliora le sue caratteristiche e i suoi vantaggi, il che \u00e8 fantastico !!<\/p>\n<p><strong>Inconvenienti: <\/strong>Non tutto \u00e8 completamente attivato, ma \u00e8 un processo e importanti esigenze sono soddisfatte dal mio punto di vista e utilizzo.<\/p>\n","protected":false},"excerpt":{"rendered":"<p>Donor Engine \u00e8 una soluzione di gestione delle associazioni che aiuta le organizzazioni senza scopo di lucro a semplificare i processi relativi a iscrizioni, raccolta fondi, biglietteria e altro. Consente agli utenti di tracciare automaticamente le finanze, tra cui donazioni, acquisti e impegni su una piattaforma centralizzata.\u00a0<\/p>\n","protected":false},"author":19,"featured_media":24193,"parent":35837,"menu_order":0,"comment_status":"open","ping_status":"closed","template":"g1_template_page_review_new.php","meta":{"_acf_changed":false,"cwp_meta_box_check":"Yes","cwp_rev_product_name":"","cwp_rev_product_image":"","wppr_links":[],"cwp_rev_price":"","wppr_options":[],"wppr_pros":[],"wppr_cons":[],"_monsterinsights_skip_tracking":false,"_monsterinsights_sitenote_active":false,"_monsterinsights_sitenote_note":"","_monsterinsights_sitenote_category":0,"footnotes":""},"categories":[1943],"tags":[1944,396,2271,2253,2149,2148],"features":[],"class_list":{"0":"post-24192","1":"page","2":"type-page","3":"status-publish","4":"has-post-thumbnail","6":"category-gestionale-per-associazioni-categoria","7":"tag-association-management-software","8":"tag-cloud","9":"tag-donor-engine","10":"tag-programma-gestionale-per-associazioni","11":"tag-software-gestionale-per-associazioni","12":"tag-soluzione-gestionale-per-associazioni"},"wppr_data":{"cwp_meta_box_check":"Yes","cwp_rev_product_name":"","cwp_rev_product_image":"","cwp_image_link":"image","cwp_rev_price":"","wppr_rating":"0.00"},"acf":[],"yoast_head":"<!-- This site is optimized with the Yoast SEO plugin v27.4 - https:\/\/yoast.com\/product\/yoast-seo-wordpress\/ -->\n<title>Donor Engine: recensione gestionale per associazioni - Accurate Reviews<\/title>\n<meta name=\"description\" content=\"Donor Engine: recensione soluzione gestione delle associazioni che aiuta le organizzazioni a semplificare i processi amministrativi.\" \/>\n<meta name=\"robots\" content=\"index, follow, max-snippet:-1, max-image-preview:large, max-video-preview:-1\" \/>\n<link rel=\"canonical\" href=\"https:\/\/www.accuratereviews.com\/it\/gestionale-per-associazioni\/donor-engine-recensione\/\" \/>\n<meta property=\"og:locale\" content=\"it_IT\" \/>\n<meta property=\"og:type\" content=\"article\" \/>\n<meta property=\"og:title\" content=\"Donor Engine: recensione gestionale per associazioni - Accurate Reviews\" \/>\n<meta property=\"og:description\" content=\"Donor Engine: recensione soluzione gestione delle associazioni che aiuta le organizzazioni a semplificare i processi amministrativi.\" \/>\n<meta property=\"og:url\" content=\"https:\/\/www.accuratereviews.com\/it\/gestionale-per-associazioni\/donor-engine-recensione\/\" \/>\n<meta property=\"og:site_name\" content=\"Accurate Reviews\" \/>\n<meta property=\"article:modified_time\" content=\"2021-02-05T09:51:25+00:00\" \/>\n<meta property=\"og:image\" content=\"https:\/\/www.accuratereviews.com\/wp-content\/uploads\/2020\/03\/DONOR.jpg\" \/>\n\t<meta property=\"og:image:width\" content=\"1340\" \/>\n\t<meta property=\"og:image:height\" content=\"508\" \/>\n\t<meta property=\"og:image:type\" content=\"image\/jpeg\" \/>\n<meta name=\"twitter:card\" content=\"summary_large_image\" \/>\n<meta name=\"twitter:label1\" content=\"Tempo di lettura stimato\" \/>\n\t<meta name=\"twitter:data1\" content=\"4 minuti\" \/>\n<script type=\"application\/ld+json\" class=\"yoast-schema-graph\">{\"@context\":\"https:\\\/\\\/schema.org\",\"@graph\":[{\"@type\":\"WebPage\",\"@id\":\"https:\\\/\\\/www.accuratereviews.com\\\/it\\\/gestionale-per-associazioni\\\/donor-engine-recensione\\\/\",\"url\":\"https:\\\/\\\/www.accuratereviews.com\\\/it\\\/gestionale-per-associazioni\\\/donor-engine-recensione\\\/\",\"name\":\"Donor Engine: recensione gestionale per associazioni - Accurate Reviews\",\"isPartOf\":{\"@id\":\"https:\\\/\\\/www.accuratereviews.com\\\/it\\\/#website\"},\"primaryImageOfPage\":{\"@id\":\"https:\\\/\\\/www.accuratereviews.com\\\/it\\\/gestionale-per-associazioni\\\/donor-engine-recensione\\\/#primaryimage\"},\"image\":{\"@id\":\"https:\\\/\\\/www.accuratereviews.com\\\/it\\\/gestionale-per-associazioni\\\/donor-engine-recensione\\\/#primaryimage\"},\"thumbnailUrl\":\"https:\\\/\\\/www.accuratereviews.com\\\/wp-content\\\/uploads\\\/2020\\\/03\\\/DONOR.jpg\",\"datePublished\":\"2020-03-12T10:42:17+00:00\",\"dateModified\":\"2021-02-05T09:51:25+00:00\",\"description\":\"Donor Engine: recensione soluzione gestione delle associazioni che aiuta le organizzazioni a semplificare i processi amministrativi.\",\"breadcrumb\":{\"@id\":\"https:\\\/\\\/www.accuratereviews.com\\\/it\\\/gestionale-per-associazioni\\\/donor-engine-recensione\\\/#breadcrumb\"},\"inLanguage\":\"it-IT\",\"potentialAction\":[{\"@type\":\"ReadAction\",\"target\":[\"https:\\\/\\\/www.accuratereviews.com\\\/it\\\/gestionale-per-associazioni\\\/donor-engine-recensione\\\/\"]}]},{\"@type\":\"ImageObject\",\"inLanguage\":\"it-IT\",\"@id\":\"https:\\\/\\\/www.accuratereviews.com\\\/it\\\/gestionale-per-associazioni\\\/donor-engine-recensione\\\/#primaryimage\",\"url\":\"https:\\\/\\\/www.accuratereviews.com\\\/wp-content\\\/uploads\\\/2020\\\/03\\\/DONOR.jpg\",\"contentUrl\":\"https:\\\/\\\/www.accuratereviews.com\\\/wp-content\\\/uploads\\\/2020\\\/03\\\/DONOR.jpg\",\"width\":1340,\"height\":508},{\"@type\":\"BreadcrumbList\",\"@id\":\"https:\\\/\\\/www.accuratereviews.com\\\/it\\\/gestionale-per-associazioni\\\/donor-engine-recensione\\\/#breadcrumb\",\"itemListElement\":[{\"@type\":\"ListItem\",\"position\":1,\"name\":\"Home\",\"item\":\"https:\\\/\\\/www.accuratereviews.com\\\/it\\\/\"},{\"@type\":\"ListItem\",\"position\":2,\"name\":\"Gestionale per associazioni\",\"item\":\"https:\\\/\\\/www.accuratereviews.com\\\/it\\\/gestionale-per-associazioni\\\/\"},{\"@type\":\"ListItem\",\"position\":3,\"name\":\"Donor Engine\"}]},{\"@type\":\"WebSite\",\"@id\":\"https:\\\/\\\/www.accuratereviews.com\\\/it\\\/#website\",\"url\":\"https:\\\/\\\/www.accuratereviews.com\\\/it\\\/\",\"name\":\"Accurate Reviews\",\"description\":\"\",\"potentialAction\":[{\"@type\":\"SearchAction\",\"target\":{\"@type\":\"EntryPoint\",\"urlTemplate\":\"https:\\\/\\\/www.accuratereviews.com\\\/it\\\/?s={search_term_string}\"},\"query-input\":{\"@type\":\"PropertyValueSpecification\",\"valueRequired\":true,\"valueName\":\"search_term_string\"}}],\"inLanguage\":\"it-IT\"}]}<\/script>\n<!-- \/ Yoast SEO plugin. -->","yoast_head_json":{"title":"Donor Engine: recensione gestionale per associazioni - Accurate Reviews","description":"Donor Engine: recensione soluzione gestione delle associazioni che aiuta le organizzazioni a semplificare i processi amministrativi.","robots":{"index":"index","follow":"follow","max-snippet":"max-snippet:-1","max-image-preview":"max-image-preview:large","max-video-preview":"max-video-preview:-1"},"canonical":"https:\/\/www.accuratereviews.com\/it\/gestionale-per-associazioni\/donor-engine-recensione\/","og_locale":"it_IT","og_type":"article","og_title":"Donor Engine: recensione gestionale per associazioni - Accurate Reviews","og_description":"Donor Engine: recensione soluzione gestione delle associazioni che aiuta le organizzazioni a semplificare i processi amministrativi.","og_url":"https:\/\/www.accuratereviews.com\/it\/gestionale-per-associazioni\/donor-engine-recensione\/","og_site_name":"Accurate Reviews","article_modified_time":"2021-02-05T09:51:25+00:00","og_image":[{"width":1340,"height":508,"url":"https:\/\/www.accuratereviews.com\/wp-content\/uploads\/2020\/03\/DONOR.jpg","type":"image\/jpeg"}],"twitter_card":"summary_large_image","twitter_misc":{"Tempo di lettura stimato":"4 minuti"},"schema":{"@context":"https:\/\/schema.org","@graph":[{"@type":"WebPage","@id":"https:\/\/www.accuratereviews.com\/it\/gestionale-per-associazioni\/donor-engine-recensione\/","url":"https:\/\/www.accuratereviews.com\/it\/gestionale-per-associazioni\/donor-engine-recensione\/","name":"Donor Engine: recensione gestionale per associazioni - Accurate Reviews","isPartOf":{"@id":"https:\/\/www.accuratereviews.com\/it\/#website"},"primaryImageOfPage":{"@id":"https:\/\/www.accuratereviews.com\/it\/gestionale-per-associazioni\/donor-engine-recensione\/#primaryimage"},"image":{"@id":"https:\/\/www.accuratereviews.com\/it\/gestionale-per-associazioni\/donor-engine-recensione\/#primaryimage"},"thumbnailUrl":"https:\/\/www.accuratereviews.com\/wp-content\/uploads\/2020\/03\/DONOR.jpg","datePublished":"2020-03-12T10:42:17+00:00","dateModified":"2021-02-05T09:51:25+00:00","description":"Donor Engine: recensione soluzione gestione delle associazioni che aiuta le organizzazioni a semplificare i processi amministrativi.","breadcrumb":{"@id":"https:\/\/www.accuratereviews.com\/it\/gestionale-per-associazioni\/donor-engine-recensione\/#breadcrumb"},"inLanguage":"it-IT","potentialAction":[{"@type":"ReadAction","target":["https:\/\/www.accuratereviews.com\/it\/gestionale-per-associazioni\/donor-engine-recensione\/"]}]},{"@type":"ImageObject","inLanguage":"it-IT","@id":"https:\/\/www.accuratereviews.com\/it\/gestionale-per-associazioni\/donor-engine-recensione\/#primaryimage","url":"https:\/\/www.accuratereviews.com\/wp-content\/uploads\/2020\/03\/DONOR.jpg","contentUrl":"https:\/\/www.accuratereviews.com\/wp-content\/uploads\/2020\/03\/DONOR.jpg","width":1340,"height":508},{"@type":"BreadcrumbList","@id":"https:\/\/www.accuratereviews.com\/it\/gestionale-per-associazioni\/donor-engine-recensione\/#breadcrumb","itemListElement":[{"@type":"ListItem","position":1,"name":"Home","item":"https:\/\/www.accuratereviews.com\/it\/"},{"@type":"ListItem","position":2,"name":"Gestionale per associazioni","item":"https:\/\/www.accuratereviews.com\/it\/gestionale-per-associazioni\/"},{"@type":"ListItem","position":3,"name":"Donor Engine"}]},{"@type":"WebSite","@id":"https:\/\/www.accuratereviews.com\/it\/#website","url":"https:\/\/www.accuratereviews.com\/it\/","name":"Accurate Reviews","description":"","potentialAction":[{"@type":"SearchAction","target":{"@type":"EntryPoint","urlTemplate":"https:\/\/www.accuratereviews.com\/it\/?s={search_term_string}"},"query-input":{"@type":"PropertyValueSpecification","valueRequired":true,"valueName":"search_term_string"}}],"inLanguage":"it-IT"}]}},"_links":{"self":[{"href":"https:\/\/www.accuratereviews.com\/it\/wp-json\/wp\/v2\/pages\/24192","targetHints":{"allow":["GET"]}}],"collection":[{"href":"https:\/\/www.accuratereviews.com\/it\/wp-json\/wp\/v2\/pages"}],"about":[{"href":"https:\/\/www.accuratereviews.com\/it\/wp-json\/wp\/v2\/types\/page"}],"author":[{"embeddable":true,"href":"https:\/\/www.accuratereviews.com\/it\/wp-json\/wp\/v2\/users\/19"}],"replies":[{"embeddable":true,"href":"https:\/\/www.accuratereviews.com\/it\/wp-json\/wp\/v2\/comments?post=24192"}],"version-history":[{"count":11,"href":"https:\/\/www.accuratereviews.com\/it\/wp-json\/wp\/v2\/pages\/24192\/revisions"}],"predecessor-version":[{"id":36860,"href":"https:\/\/www.accuratereviews.com\/it\/wp-json\/wp\/v2\/pages\/24192\/revisions\/36860"}],"up":[{"embeddable":true,"href":"https:\/\/www.accuratereviews.com\/it\/wp-json\/wp\/v2\/pages\/35837"}],"wp:featuredmedia":[{"embeddable":true,"href":"https:\/\/www.accuratereviews.com\/it\/wp-json\/wp\/v2\/media\/24193"}],"wp:attachment":[{"href":"https:\/\/www.accuratereviews.com\/it\/wp-json\/wp\/v2\/media?parent=24192"}],"wp:term":[{"taxonomy":"category","embeddable":true,"href":"https:\/\/www.accuratereviews.com\/it\/wp-json\/wp\/v2\/categories?post=24192"},{"taxonomy":"post_tag","embeddable":true,"href":"https:\/\/www.accuratereviews.com\/it\/wp-json\/wp\/v2\/tags?post=24192"},{"taxonomy":"features","embeddable":true,"href":"https:\/\/www.accuratereviews.com\/it\/wp-json\/wp\/v2\/features?post=24192"}],"curies":[{"name":"wp","href":"https:\/\/api.w.org\/{rel}","templated":true}]}}