{"id":24203,"date":"2020-03-12T10:53:32","date_gmt":"2020-03-12T10:53:32","guid":{"rendered":"https:\/\/www.accuratereviews.com\/?page_id=24203"},"modified":"2021-02-05T09:19:02","modified_gmt":"2021-02-05T09:19:02","slug":"xcatalyst-recensione","status":"publish","type":"page","link":"https:\/\/www.accuratereviews.com\/it\/gestionale-per-associazioni\/xcatalyst-recensione\/","title":{"rendered":"xCatalyst"},"content":{"rendered":"<p><strong>xCatalyst<\/strong> \u00e8 una <strong>soluzione di gestione delle associazioni<\/strong> basata su <strong>cloud<\/strong> progettata per aiutare le organizzazioni di piccole e grandi dimensioni a gestire iscrizioni, eventi, donazioni e siti web. Il modulo di gestione delle appartenenze consente agli amministratori di utilizzare moduli online, funzionalit\u00e0 di tracciamento della cronologia e una directory integrata per semplificare i processi relativi a profili dei membri, iscrizioni, rinnovi, pagamenti, contatti e altro. La piattaforma \u00e8 dotata di un sistema di gestione degli eventi, che consente ai manager di creare, gestire e promuovere eventi tramite inviti online, valutazioni di eventi e report. Inoltre, gli utenti possono anche generare elenchi eventi ed esportare dati in fogli di presenza e altri formati di file. La soluzione si integra con varie applicazioni di terze parti come <strong>QuickBooks, ReadyTalk, MailChimp, PayPal, VoteVoice e Moodle<\/strong>.<\/p>\n<h2><a href=\"https:\/\/www.accuratereviews.com\/wp-content\/uploads\/2020\/03\/Schermata-2020-03-12-alle-10.21.29.png\"><img loading=\"lazy\" decoding=\"async\" class=\"alignnone size-full wp-image-24207\" src=\"https:\/\/www.accuratereviews.com\/wp-content\/uploads\/2020\/03\/Schermata-2020-03-12-alle-10.21.29.png\" alt=\"\" width=\"2580\" height=\"1558\" srcset=\"https:\/\/www.accuratereviews.com\/wp-content\/uploads\/2020\/03\/Schermata-2020-03-12-alle-10.21.29.png 2580w, https:\/\/www.accuratereviews.com\/wp-content\/uploads\/2020\/03\/Schermata-2020-03-12-alle-10.21.29-300x181.png 300w, https:\/\/www.accuratereviews.com\/wp-content\/uploads\/2020\/03\/Schermata-2020-03-12-alle-10.21.29-1024x618.png 1024w, https:\/\/www.accuratereviews.com\/wp-content\/uploads\/2020\/03\/Schermata-2020-03-12-alle-10.21.29-768x464.png 768w, https:\/\/www.accuratereviews.com\/wp-content\/uploads\/2020\/03\/Schermata-2020-03-12-alle-10.21.29-1536x928.png 1536w, https:\/\/www.accuratereviews.com\/wp-content\/uploads\/2020\/03\/Schermata-2020-03-12-alle-10.21.29-2048x1237.png 2048w, https:\/\/www.accuratereviews.com\/wp-content\/uploads\/2020\/03\/Schermata-2020-03-12-alle-10.21.29-207x125.png 207w, https:\/\/www.accuratereviews.com\/wp-content\/uploads\/2020\/03\/Schermata-2020-03-12-alle-10.21.29-50x30.png 50w, https:\/\/www.accuratereviews.com\/wp-content\/uploads\/2020\/03\/Schermata-2020-03-12-alle-10.21.29-968x585.png 968w, https:\/\/www.accuratereviews.com\/wp-content\/uploads\/2020\/03\/Schermata-2020-03-12-alle-10.21.29-636x384.png 636w, https:\/\/www.accuratereviews.com\/wp-content\/uploads\/2020\/03\/Schermata-2020-03-12-alle-10.21.29-320x193.png 320w, https:\/\/www.accuratereviews.com\/wp-content\/uploads\/2020\/03\/Schermata-2020-03-12-alle-10.21.29-239x144.png 239w\" sizes=\"auto, (max-width: 2580px) 100vw, 2580px\" \/><\/a><\/h2>\n<h2>XCATALYST &#8211; CARATTERISTICHE<\/h2>\n<ul>\n<li><strong>Gestione Membri<\/strong>: potenti moduli di gestione delle associazioni e delle appartenenze per aiutarti ad accedere rapidamente<\/li>\n<li><strong>Eventi<\/strong>: creazione intuitiva di eventi, registrazione e pagamento degli manifestazioni, marketing degli eventi e report<\/li>\n<li><strong>Sito web<\/strong>: gestisci il tuo intero sito web con un design personalizzabile, contenuti facilmente aggiornabili e opzioni della community online<\/li>\n<li><strong>Applicazioni per dispositivi \u00a0mobili<\/strong>: crea e alimenta direttamente la tua app IOS e Google Play dedicata dai tuoi eventi. Invia notifiche push e personalizza la tua app<\/li>\n<li><strong>Donazioni:<\/strong> \u00a0\u00e8 possibile tenere traccia dei donatori, gestire pi\u00f9 campagne e inviare email e lettere in un unico sistema facile da usare<\/li>\n<li><strong>Negozio virtuale<\/strong>: amministra le vendite di prodotti scaricabili e \/ o fisici, inventario dei prodotti, costi di spedizione, tasse e livelli multipli di prezzi<\/li>\n<li><strong>Database contatti e file:<\/strong> una soluzione completa di repository di file \/ documenti che consente l&#8217;accesso, la ricerca, la codifica, le valutazioni e altro solo agli amministratori<\/li>\n<li><strong>Directory di iscrizione<\/strong>: crea automaticamente una directory di appartenenza stampabile su richiesta, con parametri di ricerca definiti dall&#8217;utente finale<\/li>\n<\/ul>\n<h3>LE RECENSIONI DEGLI UTENTI<\/h3>\n<h4 class=\"font-weight-bold my-1 d-flex align-items-center\">Alexa H.&#8221;Revisione generale&#8221;<\/h4>\n<p><strong>Vantaggi: <\/strong>\u00c8 stato in grado di produrre report specifici senza complicazioni.<\/p>\n<p><strong>Inconvenienti: <\/strong>Non \u00e8 stato in grado di produrre badge nominativi con un sistema di numerazione.<\/p>\n<h4 class=\"font-weight-bold my-1 d-flex align-items-center\">Stacie H.\u00a0&#8220;Ottimo prodotto, ottima compagnia&#8221;<\/h4>\n<p><strong>Commenti: <\/strong>Ci piace avere abbonamenti, eventi, donazioni, sito web, e-blasts, gruppi di rete e amministrazione disponibili attraverso un&#8217;unica piattaforma. Il sistema \u00e8 completamente personalizzabile e se non fa ci\u00f2 che desideri ora, di solito possono trovare un modo per farlo accadere. ESX fornisce un supporto eccellente ed \u00e8 sempre pronto ad ascoltare e fornire suggerimenti in caso di nuove esigenze o progetti. Fanno anche un ottimo lavoro tenendoci informati sulle ultime tendenze del web e della tecnologia. Usiamo il sistema dal 2011. Abbiamo avuto un processo di implementazione e conversione dei dati molto fluido. Siamo stati in grado di aggiungere nuovi servizi per i membri legati al web ogni anno. Consiglio vivamente xCatalyst come prodotto e ESX come azienda. Lavorare con loro \u00e8 stata una grande esperienza e li consideriamo davvero partner in ci\u00f2 che facciamo.<\/p>\n<h4 class=\"font-weight-bold my-1 d-flex align-items-center\">Dori R.&#8221;Servizio molto affidabile, professionale e rapido&#8221;<\/h4>\n<p><strong>Commenti: <\/strong>Lavorare con tutti in ESX \u00e8 stata una grande esperienza. Sono estremamente rapidi nel rispondere alle domande e nel risolvere i problemi. Vorrei aver scelto ESX quando inizialmente ho iniziato con un programma LMS. Ho perso tempo prezioso e migliaia di dollari con Evolve Learning, che ha dimostrato che a loro non importa davvero se il programma funziona o no. Usare ESX \u00e8 stata una boccata d&#8217;aria fresca &#8211; veri professionisti! Ascoltano molto attentamente ci\u00f2 di cui hai bisogno e escogitano diversi modi per soddisfare tali esigenze nell&#8217;ambito del software. Inoltre, sono molto consapevoli delle scadenze e mantengono davvero il progetto in procinto di lanciarsi. Il supporto continuo con Patty, Sebastian e Jorge \u00e8 sempre affidabile, amichevole e abile.<\/p>\n<p><strong>Vantaggi: <\/strong>L&#8217;esperienza dell&#8217;utente finale con il software \u00e8 semplice e chiara.\u00a0In grado di impostare un processo piuttosto complesso che \u00e8 unico per la mia azienda.\u00a0Il personale \u00e8 disponibile quando necessario &#8211; anche quando faccio la stessa domanda un paio di volte!<\/p>\n<p><strong>Inconvenienti: <\/strong>Imparare tutti i campi durante l&#8217;installazione \u00e8 stato un po &#8216;troppo a volte. Vorrei vedere una documentazione pi\u00f9 dettagliata. Tuttavia, il personale \u00e8 felice di aiutare e lo far\u00e0 prontamente. E una volta installato, funziona abbastanza bene.<\/p>\n","protected":false},"excerpt":{"rendered":"<p>xCatalyst \u00e8 una soluzione di gestione delle associazioni basata su cloud progettata per aiutare le organizzazioni di piccole e grandi dimensioni a gestire iscrizioni, eventi, donazioni e siti web. Il modulo di gestione delle appartenenze consente agli amministratori di utilizzare moduli online, funzionalit\u00e0 di tracciamento della cronologia e una directory integrata per semplificare i processi relativi a profili dei membri, iscrizioni, rinnovi, pagamenti, contatti e altro.<\/p>\n","protected":false},"author":19,"featured_media":24204,"parent":35837,"menu_order":0,"comment_status":"open","ping_status":"closed","template":"g1_template_page_review_new.php","meta":{"_acf_changed":false,"cwp_meta_box_check":"Yes","cwp_rev_product_name":"","cwp_rev_product_image":"","wppr_links":[],"cwp_rev_price":"","wppr_options":[],"wppr_pros":[],"wppr_cons":[],"_monsterinsights_skip_tracking":false,"_monsterinsights_sitenote_active":false,"_monsterinsights_sitenote_note":"","_monsterinsights_sitenote_category":0,"footnotes":""},"categories":[1943],"tags":[1944,396,495,2276,2274,2272,2273,2149,2148,2275],"features":[],"class_list":{"0":"post-24203","1":"page","2":"type-page","3":"status-publish","4":"has-post-thumbnail","6":"category-gestionale-per-associazioni-categoria","7":"tag-association-management-software","8":"tag-cloud","9":"tag-mailchimp","10":"tag-moodle","11":"tag-paypal","12":"tag-quickbooks","13":"tag-readytalk","14":"tag-software-gestionale-per-associazioni","15":"tag-soluzione-gestionale-per-associazioni","16":"tag-votevoice"},"wppr_data":{"cwp_meta_box_check":"Yes","cwp_rev_product_name":"","cwp_rev_product_image":"","cwp_image_link":"image","cwp_rev_price":"","wppr_rating":"0.00"},"acf":[],"yoast_head":"<!-- This site is optimized with the Yoast SEO plugin v27.4 - https:\/\/yoast.com\/product\/yoast-seo-wordpress\/ -->\n<title>xCatalyst: recensione gestionale per associazioni - Accurate Reviews<\/title>\n<meta name=\"description\" content=\"xCatalyst: recensione soluzione di gestione delle associazioni basata su cloud progettata per aiutare le organizzazioni di piccole e grandi dimensioni.\" \/>\n<meta name=\"robots\" content=\"index, follow, max-snippet:-1, max-image-preview:large, max-video-preview:-1\" \/>\n<link rel=\"canonical\" href=\"https:\/\/www.accuratereviews.com\/it\/gestionale-per-associazioni\/xcatalyst-recensione\/\" \/>\n<meta property=\"og:locale\" content=\"it_IT\" \/>\n<meta property=\"og:type\" content=\"article\" \/>\n<meta property=\"og:title\" content=\"xCatalyst: recensione gestionale per associazioni - Accurate Reviews\" \/>\n<meta property=\"og:description\" content=\"xCatalyst: recensione soluzione di gestione delle associazioni basata su cloud progettata per aiutare le organizzazioni di piccole e grandi dimensioni.\" \/>\n<meta property=\"og:url\" content=\"https:\/\/www.accuratereviews.com\/it\/gestionale-per-associazioni\/xcatalyst-recensione\/\" \/>\n<meta property=\"og:site_name\" content=\"Accurate Reviews\" \/>\n<meta property=\"article:modified_time\" content=\"2021-02-05T09:19:02+00:00\" \/>\n<meta property=\"og:image\" content=\"https:\/\/www.accuratereviews.com\/wp-content\/uploads\/2020\/03\/xCat-logo.png\" \/>\n\t<meta property=\"og:image:width\" content=\"590\" \/>\n\t<meta property=\"og:image:height\" content=\"207\" \/>\n\t<meta property=\"og:image:type\" content=\"image\/png\" \/>\n<meta name=\"twitter:card\" content=\"summary_large_image\" \/>\n<meta name=\"twitter:label1\" content=\"Tempo di lettura stimato\" \/>\n\t<meta name=\"twitter:data1\" content=\"3 minuti\" \/>\n<script type=\"application\/ld+json\" class=\"yoast-schema-graph\">{\"@context\":\"https:\\\/\\\/schema.org\",\"@graph\":[{\"@type\":\"WebPage\",\"@id\":\"https:\\\/\\\/www.accuratereviews.com\\\/it\\\/gestionale-per-associazioni\\\/xcatalyst-recensione\\\/\",\"url\":\"https:\\\/\\\/www.accuratereviews.com\\\/it\\\/gestionale-per-associazioni\\\/xcatalyst-recensione\\\/\",\"name\":\"xCatalyst: recensione gestionale per associazioni - Accurate Reviews\",\"isPartOf\":{\"@id\":\"https:\\\/\\\/www.accuratereviews.com\\\/it\\\/#website\"},\"primaryImageOfPage\":{\"@id\":\"https:\\\/\\\/www.accuratereviews.com\\\/it\\\/gestionale-per-associazioni\\\/xcatalyst-recensione\\\/#primaryimage\"},\"image\":{\"@id\":\"https:\\\/\\\/www.accuratereviews.com\\\/it\\\/gestionale-per-associazioni\\\/xcatalyst-recensione\\\/#primaryimage\"},\"thumbnailUrl\":\"https:\\\/\\\/www.accuratereviews.com\\\/wp-content\\\/uploads\\\/2020\\\/03\\\/xCat-logo.png\",\"datePublished\":\"2020-03-12T10:53:32+00:00\",\"dateModified\":\"2021-02-05T09:19:02+00:00\",\"description\":\"xCatalyst: recensione soluzione di gestione delle associazioni basata su cloud progettata per aiutare le organizzazioni di piccole e grandi dimensioni.\",\"breadcrumb\":{\"@id\":\"https:\\\/\\\/www.accuratereviews.com\\\/it\\\/gestionale-per-associazioni\\\/xcatalyst-recensione\\\/#breadcrumb\"},\"inLanguage\":\"it-IT\",\"potentialAction\":[{\"@type\":\"ReadAction\",\"target\":[\"https:\\\/\\\/www.accuratereviews.com\\\/it\\\/gestionale-per-associazioni\\\/xcatalyst-recensione\\\/\"]}]},{\"@type\":\"ImageObject\",\"inLanguage\":\"it-IT\",\"@id\":\"https:\\\/\\\/www.accuratereviews.com\\\/it\\\/gestionale-per-associazioni\\\/xcatalyst-recensione\\\/#primaryimage\",\"url\":\"https:\\\/\\\/www.accuratereviews.com\\\/wp-content\\\/uploads\\\/2020\\\/03\\\/xCat-logo.png\",\"contentUrl\":\"https:\\\/\\\/www.accuratereviews.com\\\/wp-content\\\/uploads\\\/2020\\\/03\\\/xCat-logo.png\",\"width\":590,\"height\":207},{\"@type\":\"BreadcrumbList\",\"@id\":\"https:\\\/\\\/www.accuratereviews.com\\\/it\\\/gestionale-per-associazioni\\\/xcatalyst-recensione\\\/#breadcrumb\",\"itemListElement\":[{\"@type\":\"ListItem\",\"position\":1,\"name\":\"Home\",\"item\":\"https:\\\/\\\/www.accuratereviews.com\\\/it\\\/\"},{\"@type\":\"ListItem\",\"position\":2,\"name\":\"Gestionale per associazioni\",\"item\":\"https:\\\/\\\/www.accuratereviews.com\\\/it\\\/gestionale-per-associazioni\\\/\"},{\"@type\":\"ListItem\",\"position\":3,\"name\":\"xCatalyst\"}]},{\"@type\":\"WebSite\",\"@id\":\"https:\\\/\\\/www.accuratereviews.com\\\/it\\\/#website\",\"url\":\"https:\\\/\\\/www.accuratereviews.com\\\/it\\\/\",\"name\":\"Accurate Reviews\",\"description\":\"\",\"potentialAction\":[{\"@type\":\"SearchAction\",\"target\":{\"@type\":\"EntryPoint\",\"urlTemplate\":\"https:\\\/\\\/www.accuratereviews.com\\\/it\\\/?s={search_term_string}\"},\"query-input\":{\"@type\":\"PropertyValueSpecification\",\"valueRequired\":true,\"valueName\":\"search_term_string\"}}],\"inLanguage\":\"it-IT\"}]}<\/script>\n<!-- \/ Yoast SEO plugin. -->","yoast_head_json":{"title":"xCatalyst: recensione gestionale per associazioni - Accurate Reviews","description":"xCatalyst: recensione soluzione di gestione delle associazioni basata su cloud progettata per aiutare le organizzazioni di piccole e grandi dimensioni.","robots":{"index":"index","follow":"follow","max-snippet":"max-snippet:-1","max-image-preview":"max-image-preview:large","max-video-preview":"max-video-preview:-1"},"canonical":"https:\/\/www.accuratereviews.com\/it\/gestionale-per-associazioni\/xcatalyst-recensione\/","og_locale":"it_IT","og_type":"article","og_title":"xCatalyst: recensione gestionale per associazioni - Accurate Reviews","og_description":"xCatalyst: recensione soluzione di gestione delle associazioni basata su cloud progettata per aiutare le organizzazioni di piccole e grandi dimensioni.","og_url":"https:\/\/www.accuratereviews.com\/it\/gestionale-per-associazioni\/xcatalyst-recensione\/","og_site_name":"Accurate Reviews","article_modified_time":"2021-02-05T09:19:02+00:00","og_image":[{"width":590,"height":207,"url":"https:\/\/www.accuratereviews.com\/wp-content\/uploads\/2020\/03\/xCat-logo.png","type":"image\/png"}],"twitter_card":"summary_large_image","twitter_misc":{"Tempo di lettura stimato":"3 minuti"},"schema":{"@context":"https:\/\/schema.org","@graph":[{"@type":"WebPage","@id":"https:\/\/www.accuratereviews.com\/it\/gestionale-per-associazioni\/xcatalyst-recensione\/","url":"https:\/\/www.accuratereviews.com\/it\/gestionale-per-associazioni\/xcatalyst-recensione\/","name":"xCatalyst: recensione gestionale per associazioni - Accurate Reviews","isPartOf":{"@id":"https:\/\/www.accuratereviews.com\/it\/#website"},"primaryImageOfPage":{"@id":"https:\/\/www.accuratereviews.com\/it\/gestionale-per-associazioni\/xcatalyst-recensione\/#primaryimage"},"image":{"@id":"https:\/\/www.accuratereviews.com\/it\/gestionale-per-associazioni\/xcatalyst-recensione\/#primaryimage"},"thumbnailUrl":"https:\/\/www.accuratereviews.com\/wp-content\/uploads\/2020\/03\/xCat-logo.png","datePublished":"2020-03-12T10:53:32+00:00","dateModified":"2021-02-05T09:19:02+00:00","description":"xCatalyst: recensione soluzione di gestione delle associazioni basata su cloud progettata per aiutare le organizzazioni di piccole e grandi dimensioni.","breadcrumb":{"@id":"https:\/\/www.accuratereviews.com\/it\/gestionale-per-associazioni\/xcatalyst-recensione\/#breadcrumb"},"inLanguage":"it-IT","potentialAction":[{"@type":"ReadAction","target":["https:\/\/www.accuratereviews.com\/it\/gestionale-per-associazioni\/xcatalyst-recensione\/"]}]},{"@type":"ImageObject","inLanguage":"it-IT","@id":"https:\/\/www.accuratereviews.com\/it\/gestionale-per-associazioni\/xcatalyst-recensione\/#primaryimage","url":"https:\/\/www.accuratereviews.com\/wp-content\/uploads\/2020\/03\/xCat-logo.png","contentUrl":"https:\/\/www.accuratereviews.com\/wp-content\/uploads\/2020\/03\/xCat-logo.png","width":590,"height":207},{"@type":"BreadcrumbList","@id":"https:\/\/www.accuratereviews.com\/it\/gestionale-per-associazioni\/xcatalyst-recensione\/#breadcrumb","itemListElement":[{"@type":"ListItem","position":1,"name":"Home","item":"https:\/\/www.accuratereviews.com\/it\/"},{"@type":"ListItem","position":2,"name":"Gestionale per associazioni","item":"https:\/\/www.accuratereviews.com\/it\/gestionale-per-associazioni\/"},{"@type":"ListItem","position":3,"name":"xCatalyst"}]},{"@type":"WebSite","@id":"https:\/\/www.accuratereviews.com\/it\/#website","url":"https:\/\/www.accuratereviews.com\/it\/","name":"Accurate Reviews","description":"","potentialAction":[{"@type":"SearchAction","target":{"@type":"EntryPoint","urlTemplate":"https:\/\/www.accuratereviews.com\/it\/?s={search_term_string}"},"query-input":{"@type":"PropertyValueSpecification","valueRequired":true,"valueName":"search_term_string"}}],"inLanguage":"it-IT"}]}},"_links":{"self":[{"href":"https:\/\/www.accuratereviews.com\/it\/wp-json\/wp\/v2\/pages\/24203","targetHints":{"allow":["GET"]}}],"collection":[{"href":"https:\/\/www.accuratereviews.com\/it\/wp-json\/wp\/v2\/pages"}],"about":[{"href":"https:\/\/www.accuratereviews.com\/it\/wp-json\/wp\/v2\/types\/page"}],"author":[{"embeddable":true,"href":"https:\/\/www.accuratereviews.com\/it\/wp-json\/wp\/v2\/users\/19"}],"replies":[{"embeddable":true,"href":"https:\/\/www.accuratereviews.com\/it\/wp-json\/wp\/v2\/comments?post=24203"}],"version-history":[{"count":8,"href":"https:\/\/www.accuratereviews.com\/it\/wp-json\/wp\/v2\/pages\/24203\/revisions"}],"predecessor-version":[{"id":36834,"href":"https:\/\/www.accuratereviews.com\/it\/wp-json\/wp\/v2\/pages\/24203\/revisions\/36834"}],"up":[{"embeddable":true,"href":"https:\/\/www.accuratereviews.com\/it\/wp-json\/wp\/v2\/pages\/35837"}],"wp:featuredmedia":[{"embeddable":true,"href":"https:\/\/www.accuratereviews.com\/it\/wp-json\/wp\/v2\/media\/24204"}],"wp:attachment":[{"href":"https:\/\/www.accuratereviews.com\/it\/wp-json\/wp\/v2\/media?parent=24203"}],"wp:term":[{"taxonomy":"category","embeddable":true,"href":"https:\/\/www.accuratereviews.com\/it\/wp-json\/wp\/v2\/categories?post=24203"},{"taxonomy":"post_tag","embeddable":true,"href":"https:\/\/www.accuratereviews.com\/it\/wp-json\/wp\/v2\/tags?post=24203"},{"taxonomy":"features","embeddable":true,"href":"https:\/\/www.accuratereviews.com\/it\/wp-json\/wp\/v2\/features?post=24203"}],"curies":[{"name":"wp","href":"https:\/\/api.w.org\/{rel}","templated":true}]}}