{"id":24262,"date":"2020-03-13T11:52:37","date_gmt":"2020-03-13T11:52:37","guid":{"rendered":"https:\/\/www.accuratereviews.com\/?page_id=24262"},"modified":"2021-02-04T11:17:51","modified_gmt":"2021-02-04T11:17:51","slug":"member-evolution-recensione","status":"publish","type":"page","link":"https:\/\/www.accuratereviews.com\/it\/gestionale-per-associazioni\/member-evolution-recensione\/","title":{"rendered":"Member Evolution"},"content":{"rendered":"<p><strong>Member Evolution<\/strong> \u00e8 la soluzione completa per <strong>la gestione dei membri delle associazioni online<\/strong>. Il software basato su cloud consente una gestione NFP efficace, una migliore automazione aziendale, crescita e fidelizzazione dei membri, nonch\u00e9 una governance appropriata. Avere tutti i dati in una posizione <strong>CRM centralizzata<\/strong> riduce costi e tempi. Inoltre i membri possono aggiornare i dettagli, acquistare i biglietti per eventi, inserire punti CPD e rinnovare le iscrizioni online.\u00a0Il programma \u00e8 ricco set di funzionalit\u00e0 tra cui; eventi, notizie, newsletter, CRM, portale dei membri, risorse, FAQ e integrazione con software di contabilit\u00e0 e apprendimento. La soluzione offre anche siti Web reattivi, gestione delle conferenze e monitoraggio delle notifiche.<\/p>\n<h2><strong>MEMBER EVOLUTION &#8211; TUTORIAL<\/strong><\/h2>\n<p>Guardiamo questo tutorial per capire le principali funzioni di questo <strong>software gestionale per associazioni:<\/strong><\/p>\n<div id=\"fluid-wrapper-counter-1\" class=\"g1-fluid-wrapper \" style=\"width:686px;\">\n<div style=\"padding-bottom:56.268221574344%;\"><iframe loading=\"lazy\" title=\"Member Engagement Webinar\" width=\"686\" height=\"386\" src=\"https:\/\/www.youtube.com\/embed\/lEnQWv1GK_I?feature=oembed&amp;wmode=transparent&amp;autohide=1&amp;autoplay=0&amp;disablekb=0&amp;fs=1&amp;loop=0&amp;enablejsapi=1&amp;rel=0&amp;controls=2&amp;showinfo=0&amp;wmode=transparent&amp;autohide=2&amp;autoplay=0&amp;disablekb=0&amp;fs=1&amp;loop=0&amp;enablejsapi=1&amp;rel=0&amp;controls=2&amp;showinfo=1\" frameborder=\"0\" allow=\"accelerometer; autoplay; clipboard-write; encrypted-media; gyroscope; picture-in-picture\" allowfullscreen><\/iframe><\/div>\n<\/div>\n<h2><strong>MEMBER EVOLUTION &#8211; CARATTERISTICHE<\/strong><\/h2>\n<ul>\n<li><strong>Google Reporting<\/strong>: accedi a Google Analytics per segnalare statistiche complete sul sito web e tenere traccia delle campagne di marketing<\/li>\n<li><strong>Manager degli indirizzi<\/strong>: raccogli e gestisci gli indirizzi personali, commerciali e di filiale con la verifica utilizzando Google Maps<\/li>\n<li><strong>Estrazione dei dati:<\/strong> strutture e reportistica sofisticati per la segmentazione di utenti e membri<\/li>\n<li><strong>Storia dei membri:<\/strong> cronologia dei membri con l&#8217;ultima data di corrispondenza inviata per posta e chiamata<\/li>\n<li><strong>Segmentazione del contatto:<\/strong> segmenta i contatti con regioni, gruppi di interesse speciale, comitati, campagne e programmi<\/li>\n<li><strong>Cronologia delle attivit\u00e0<\/strong>: tieni traccia delle attivit\u00e0 e delle azioni relative ai tuoi contatti e account aziendali<\/li>\n<li><strong>Backup automatici:<\/strong> backup notturni con un&#8217;intera copia archiviata in due posizioni per la massima tranquillit\u00e0<\/li>\n<li><strong>Ricerca personale:<\/strong> un database interno composto da numeri di telefono e dati di contatto di ogni persona nella tua azienda<\/li>\n<li><strong>Flessibile e modulare<\/strong>: oltre 27.000 moduli esistenti disponibili gratuitamente per personalizzare la tua soluzione<\/li>\n<li><strong>Multilingue<\/strong>: crea un sito web multilingue per un pubblico internazionale<\/li>\n<li><strong>Admin Audit Trail<\/strong>: tutte le attivit\u00e0 e gli eventi di sistema vengono acquisiti in un registro eventi<\/li>\n<li><strong>Percorsi dei clienti<\/strong>: aiuta i visitatori \/ utenti a navigare e interagire con il tuo sito, riducendo l&#8217;abbandono dei visitatori<\/li>\n<li><strong>Login sicuro<\/strong>: fornisci un accesso esterno sicuro assegnando password crittografate e autorizzazioni per il contenuto dell&#8217;utente<\/li>\n<li>P<strong>ubblicazione di notizie<\/strong>: pubblica rapidamente e facilmente le ultime notizie e i comunicati stampa direttamente sul tuo sito web<\/li>\n<li><strong>Fatturazione automatizzata<\/strong>: imposta abbonamenti con fatturazione ricorrente ricorrente e opzioni di pagamento proporzionale o annuale<\/li>\n<li><strong>Storico dei pagamenti:<\/strong> registra una cronologia dettagliata di ogni transazione elaborata tramite il sito web o il CRM di gestione dei membri<\/li>\n<li><strong>Dashboard degli eventi:<\/strong> tieni traccia di registrazioni, ricevute di pagamento e entrate per eventi a livello di organizzazione da un&#8217;unica dashboard<\/li>\n<li><strong>Processi di iscrizione:<\/strong> consenti agli utenti di registrarsi utilizzando i processi Express o Webfriend<\/li>\n<\/ul>\n<h4>LE RECENSIONI DEGLI UTENTI<\/h4>\n<h4 class=\"font-weight-bold my-1 d-flex align-items-center\">Matthew M. &#8220;Accelerare la crescita e l&#8217;impegno&#8221;<\/h4>\n<p><strong>Commenti: <\/strong>Member Evolution ci ha permesso di disporre dell&#8217;infrastruttura digitale necessaria che ha portato a un numero maggiore di iscrizioni in modo molto pi\u00f9 efficiente rispetto alla nostra precedente esperienza di onboarding. L&#8217;automazione per i rinnovi dell&#8217;iscrizione ha comportato una percentuale pi\u00f9 alta di conservazione dell&#8217;iscrizione. Ho scoperto che le funzioni di reporting consentono un reporting semplice e accurato al nostro consiglio. Il sistema di gestione degli eventi migliora anche la cattura dei partecipanti (membri e non membri). Abbiamo organizzato una cena di premiazione con oltre 420 ospiti e una conferenza con oltre 220 partecipanti che utilizzano il sistema senza problemi. Soprattutto il feedback dei nostri membri \u00e8 stato estremamente positivo. Il loro accesso a transazioni, gruppi di interesse speciali ed eventi \u00e8 stato un grande vantaggio. Il prodotto Member Evolution ha consentito al management di dedicare pi\u00f9 tempo a svolgere attivit\u00e0 commerciali, relazioni e sviluppo di prodotti pi\u00f9 importanti anzich\u00e9 attivit\u00e0 noiose e spesso ripetitive. 5 stelle!<\/p>\n<p><strong>Vantaggi: <\/strong>La capacit\u00e0 di centralizzare tutta la gestione, le comunicazioni, gli eventi, i biglietti e i report dei nostri membri in un sistema centralizzato. \u00c8 molto facile da usare e il supporto nell&#8217;implementazione e nella post-implementazione \u00e8 stato eccezionale.<\/p>\n<p><strong>Inconvenienti: <\/strong>Non ho avuto esperienze negative. Tutte le mie domande sono state adeguatamente affrontate quando sollevate. Ogni sistema ha i suoi limiti, ma il team di Member Evolution\u00a0migliora costantemente e implementa gli aggiornamenti.<\/p>\n<h4 class=\"font-weight-bold my-1 d-flex align-items-center\">Janette A.&#8221;Nuova creazione di siti Web e database&#8221;<\/h4>\n<p><strong>Commenti: <\/strong>All&#8217;inizio, il software era piuttosto lento e grosso (a causa della nostra mancanza di conoscenza) e non sembrava essere intuitivo per il funzionamento di un database. Attraverso un esauriente periodo di consulenza e formazione con Member Evolution, ora abbiamo un prodotto che sembra contemporaneo e i nostri membri ritengono che sia un miglioramento significativo rispetto al precedente portale di accesso per i membri. Come per qualsiasi cosa, siamo sempre alla ricerca di modi migliori per fare le cose e ME \u00e8 pi\u00f9 che disposto a discutere le nostre idee da implementare, ora o in futuro, oltre ad aiutarci in ogni modo possibile. Abbiamo anche il vantaggio di eventuali idee, feedback, modifiche, miglioramenti identificati da altri utenti di ME che vengono aggiornati sul nostro sito. Nel complesso, siamo soddisfatti del prodotto e non vediamo l&#8217;ora che il nostro sito cresca e si evolva.<\/p>\n<h4 class=\"font-weight-bold my-1 d-flex align-items-center\">David P.&#8221;Altri rinnovi online&#8221;<\/h4>\n<p><strong>Commenti: <\/strong>Nel complesso il prodotto ha fornito le funzionalit\u00e0 necessarie per gestire la nostra associazione. Ci \u00e8 piaciuto che il sito web fosse collegato al database, nonch\u00e9 a marketing, eventi e CPD. Abbiamo riscontrato un maggiore assorbimento di rinnovi prima della data di scadenza perch\u00e9 i nostri membri ricevono lead nella directory. Abbiamo avuto la possibilit\u00e0 di lasciare membri o rimuoverli il giorno della scadenza. I vantaggi di rimanere nella directory avevano sicuramente i membri che pagavano le fatture prima del normale. La formazione iniziale ci ha impiegato un po &#8216;di tempo per abituarci al sistema, ma ora esiste una versione online che semplifica le cose.<\/p>\n","protected":false},"excerpt":{"rendered":"<p>Member Evolution \u00e8 la soluzione completa per la gestione dei membri delle associazioni online. Il software basato su cloud consente una gestione NFP efficace, una migliore automazione aziendale, crescita e fidelizzazione dei membri, nonch\u00e9 una governance appropriata. Avere tutti i dati in una posizione CRM centralizzata riduce costi e tempi.<\/p>\n","protected":false},"author":19,"featured_media":24263,"parent":35837,"menu_order":0,"comment_status":"open","ping_status":"closed","template":"g1_template_page_review_new.php","meta":{"_acf_changed":false,"cwp_meta_box_check":"Yes","cwp_rev_product_name":"","cwp_rev_product_image":"","wppr_links":[],"cwp_rev_price":"","wppr_options":[],"wppr_pros":[],"wppr_cons":[],"_monsterinsights_skip_tracking":false,"_monsterinsights_sitenote_active":false,"_monsterinsights_sitenote_note":"","_monsterinsights_sitenote_category":0,"footnotes":""},"categories":[1943],"tags":[1944,1707,2291,2253,2149,2148],"features":[],"class_list":{"0":"post-24262","1":"page","2":"type-page","3":"status-publish","4":"has-post-thumbnail","6":"category-gestionale-per-associazioni-categoria","7":"tag-association-management-software","8":"tag-crm-integrato","9":"tag-member-evolution","10":"tag-programma-gestionale-per-associazioni","11":"tag-software-gestionale-per-associazioni","12":"tag-soluzione-gestionale-per-associazioni"},"wppr_data":{"cwp_meta_box_check":"Yes","cwp_rev_product_name":"","cwp_rev_product_image":"","cwp_image_link":"image","cwp_rev_price":"","wppr_rating":"0.00"},"acf":[],"yoast_head":"<!-- This site is optimized with the Yoast SEO plugin v27.4 - https:\/\/yoast.com\/product\/yoast-seo-wordpress\/ -->\n<title>Memeber Evolution: recensione gestionale associazioni Accurate Reviews<\/title>\n<meta name=\"description\" content=\"Member Evolution: recensione software gestionale per associazioni sviluppato da Aspedia che fornisce intuitive soluzioni di marketing e database aggiornati.\" \/>\n<meta name=\"robots\" content=\"index, follow, max-snippet:-1, max-image-preview:large, max-video-preview:-1\" \/>\n<link rel=\"canonical\" href=\"https:\/\/www.accuratereviews.com\/it\/gestionale-per-associazioni\/member-evolution-recensione\/\" \/>\n<meta property=\"og:locale\" content=\"it_IT\" \/>\n<meta property=\"og:type\" content=\"article\" \/>\n<meta property=\"og:title\" content=\"Memeber Evolution: recensione gestionale associazioni Accurate Reviews\" \/>\n<meta property=\"og:description\" content=\"Member Evolution: recensione software gestionale per associazioni sviluppato da Aspedia che fornisce intuitive soluzioni di marketing e database aggiornati.\" \/>\n<meta property=\"og:url\" content=\"https:\/\/www.accuratereviews.com\/it\/gestionale-per-associazioni\/member-evolution-recensione\/\" \/>\n<meta property=\"og:site_name\" content=\"Accurate Reviews\" \/>\n<meta property=\"article:modified_time\" content=\"2021-02-04T11:17:51+00:00\" \/>\n<meta property=\"og:image\" content=\"https:\/\/www.accuratereviews.com\/wp-content\/uploads\/2020\/03\/Member-Evolution.png\" \/>\n\t<meta property=\"og:image:width\" content=\"200\" \/>\n\t<meta property=\"og:image:height\" content=\"200\" \/>\n\t<meta property=\"og:image:type\" content=\"image\/png\" \/>\n<meta name=\"twitter:card\" content=\"summary_large_image\" \/>\n<meta name=\"twitter:label1\" content=\"Tempo di lettura stimato\" \/>\n\t<meta name=\"twitter:data1\" content=\"5 minuti\" \/>\n<script type=\"application\/ld+json\" class=\"yoast-schema-graph\">{\"@context\":\"https:\\\/\\\/schema.org\",\"@graph\":[{\"@type\":\"WebPage\",\"@id\":\"https:\\\/\\\/www.accuratereviews.com\\\/it\\\/gestionale-per-associazioni\\\/member-evolution-recensione\\\/\",\"url\":\"https:\\\/\\\/www.accuratereviews.com\\\/it\\\/gestionale-per-associazioni\\\/member-evolution-recensione\\\/\",\"name\":\"Memeber Evolution: recensione gestionale associazioni Accurate Reviews\",\"isPartOf\":{\"@id\":\"https:\\\/\\\/www.accuratereviews.com\\\/it\\\/#website\"},\"primaryImageOfPage\":{\"@id\":\"https:\\\/\\\/www.accuratereviews.com\\\/it\\\/gestionale-per-associazioni\\\/member-evolution-recensione\\\/#primaryimage\"},\"image\":{\"@id\":\"https:\\\/\\\/www.accuratereviews.com\\\/it\\\/gestionale-per-associazioni\\\/member-evolution-recensione\\\/#primaryimage\"},\"thumbnailUrl\":\"https:\\\/\\\/www.accuratereviews.com\\\/wp-content\\\/uploads\\\/2020\\\/03\\\/Member-Evolution.png\",\"datePublished\":\"2020-03-13T11:52:37+00:00\",\"dateModified\":\"2021-02-04T11:17:51+00:00\",\"description\":\"Member Evolution: recensione software gestionale per associazioni sviluppato da Aspedia che fornisce intuitive soluzioni di marketing e database aggiornati.\",\"breadcrumb\":{\"@id\":\"https:\\\/\\\/www.accuratereviews.com\\\/it\\\/gestionale-per-associazioni\\\/member-evolution-recensione\\\/#breadcrumb\"},\"inLanguage\":\"it-IT\",\"potentialAction\":[{\"@type\":\"ReadAction\",\"target\":[\"https:\\\/\\\/www.accuratereviews.com\\\/it\\\/gestionale-per-associazioni\\\/member-evolution-recensione\\\/\"]}]},{\"@type\":\"ImageObject\",\"inLanguage\":\"it-IT\",\"@id\":\"https:\\\/\\\/www.accuratereviews.com\\\/it\\\/gestionale-per-associazioni\\\/member-evolution-recensione\\\/#primaryimage\",\"url\":\"https:\\\/\\\/www.accuratereviews.com\\\/wp-content\\\/uploads\\\/2020\\\/03\\\/Member-Evolution.png\",\"contentUrl\":\"https:\\\/\\\/www.accuratereviews.com\\\/wp-content\\\/uploads\\\/2020\\\/03\\\/Member-Evolution.png\",\"width\":200,\"height\":200},{\"@type\":\"BreadcrumbList\",\"@id\":\"https:\\\/\\\/www.accuratereviews.com\\\/it\\\/gestionale-per-associazioni\\\/member-evolution-recensione\\\/#breadcrumb\",\"itemListElement\":[{\"@type\":\"ListItem\",\"position\":1,\"name\":\"Home\",\"item\":\"https:\\\/\\\/www.accuratereviews.com\\\/it\\\/\"},{\"@type\":\"ListItem\",\"position\":2,\"name\":\"Gestionale per associazioni\",\"item\":\"https:\\\/\\\/www.accuratereviews.com\\\/it\\\/gestionale-per-associazioni\\\/\"},{\"@type\":\"ListItem\",\"position\":3,\"name\":\"Member Evolution\"}]},{\"@type\":\"WebSite\",\"@id\":\"https:\\\/\\\/www.accuratereviews.com\\\/it\\\/#website\",\"url\":\"https:\\\/\\\/www.accuratereviews.com\\\/it\\\/\",\"name\":\"Accurate Reviews\",\"description\":\"\",\"potentialAction\":[{\"@type\":\"SearchAction\",\"target\":{\"@type\":\"EntryPoint\",\"urlTemplate\":\"https:\\\/\\\/www.accuratereviews.com\\\/it\\\/?s={search_term_string}\"},\"query-input\":{\"@type\":\"PropertyValueSpecification\",\"valueRequired\":true,\"valueName\":\"search_term_string\"}}],\"inLanguage\":\"it-IT\"}]}<\/script>\n<!-- \/ Yoast SEO plugin. -->","yoast_head_json":{"title":"Memeber Evolution: recensione gestionale associazioni Accurate Reviews","description":"Member Evolution: recensione software gestionale per associazioni sviluppato da Aspedia che fornisce intuitive soluzioni di marketing e database aggiornati.","robots":{"index":"index","follow":"follow","max-snippet":"max-snippet:-1","max-image-preview":"max-image-preview:large","max-video-preview":"max-video-preview:-1"},"canonical":"https:\/\/www.accuratereviews.com\/it\/gestionale-per-associazioni\/member-evolution-recensione\/","og_locale":"it_IT","og_type":"article","og_title":"Memeber Evolution: recensione gestionale associazioni Accurate Reviews","og_description":"Member Evolution: recensione software gestionale per associazioni sviluppato da Aspedia che fornisce intuitive soluzioni di marketing e database aggiornati.","og_url":"https:\/\/www.accuratereviews.com\/it\/gestionale-per-associazioni\/member-evolution-recensione\/","og_site_name":"Accurate Reviews","article_modified_time":"2021-02-04T11:17:51+00:00","og_image":[{"width":200,"height":200,"url":"https:\/\/www.accuratereviews.com\/wp-content\/uploads\/2020\/03\/Member-Evolution.png","type":"image\/png"}],"twitter_card":"summary_large_image","twitter_misc":{"Tempo di lettura stimato":"5 minuti"},"schema":{"@context":"https:\/\/schema.org","@graph":[{"@type":"WebPage","@id":"https:\/\/www.accuratereviews.com\/it\/gestionale-per-associazioni\/member-evolution-recensione\/","url":"https:\/\/www.accuratereviews.com\/it\/gestionale-per-associazioni\/member-evolution-recensione\/","name":"Memeber Evolution: recensione gestionale associazioni Accurate Reviews","isPartOf":{"@id":"https:\/\/www.accuratereviews.com\/it\/#website"},"primaryImageOfPage":{"@id":"https:\/\/www.accuratereviews.com\/it\/gestionale-per-associazioni\/member-evolution-recensione\/#primaryimage"},"image":{"@id":"https:\/\/www.accuratereviews.com\/it\/gestionale-per-associazioni\/member-evolution-recensione\/#primaryimage"},"thumbnailUrl":"https:\/\/www.accuratereviews.com\/wp-content\/uploads\/2020\/03\/Member-Evolution.png","datePublished":"2020-03-13T11:52:37+00:00","dateModified":"2021-02-04T11:17:51+00:00","description":"Member Evolution: recensione software gestionale per associazioni sviluppato da Aspedia che fornisce intuitive soluzioni di marketing e database aggiornati.","breadcrumb":{"@id":"https:\/\/www.accuratereviews.com\/it\/gestionale-per-associazioni\/member-evolution-recensione\/#breadcrumb"},"inLanguage":"it-IT","potentialAction":[{"@type":"ReadAction","target":["https:\/\/www.accuratereviews.com\/it\/gestionale-per-associazioni\/member-evolution-recensione\/"]}]},{"@type":"ImageObject","inLanguage":"it-IT","@id":"https:\/\/www.accuratereviews.com\/it\/gestionale-per-associazioni\/member-evolution-recensione\/#primaryimage","url":"https:\/\/www.accuratereviews.com\/wp-content\/uploads\/2020\/03\/Member-Evolution.png","contentUrl":"https:\/\/www.accuratereviews.com\/wp-content\/uploads\/2020\/03\/Member-Evolution.png","width":200,"height":200},{"@type":"BreadcrumbList","@id":"https:\/\/www.accuratereviews.com\/it\/gestionale-per-associazioni\/member-evolution-recensione\/#breadcrumb","itemListElement":[{"@type":"ListItem","position":1,"name":"Home","item":"https:\/\/www.accuratereviews.com\/it\/"},{"@type":"ListItem","position":2,"name":"Gestionale per associazioni","item":"https:\/\/www.accuratereviews.com\/it\/gestionale-per-associazioni\/"},{"@type":"ListItem","position":3,"name":"Member Evolution"}]},{"@type":"WebSite","@id":"https:\/\/www.accuratereviews.com\/it\/#website","url":"https:\/\/www.accuratereviews.com\/it\/","name":"Accurate Reviews","description":"","potentialAction":[{"@type":"SearchAction","target":{"@type":"EntryPoint","urlTemplate":"https:\/\/www.accuratereviews.com\/it\/?s={search_term_string}"},"query-input":{"@type":"PropertyValueSpecification","valueRequired":true,"valueName":"search_term_string"}}],"inLanguage":"it-IT"}]}},"_links":{"self":[{"href":"https:\/\/www.accuratereviews.com\/it\/wp-json\/wp\/v2\/pages\/24262","targetHints":{"allow":["GET"]}}],"collection":[{"href":"https:\/\/www.accuratereviews.com\/it\/wp-json\/wp\/v2\/pages"}],"about":[{"href":"https:\/\/www.accuratereviews.com\/it\/wp-json\/wp\/v2\/types\/page"}],"author":[{"embeddable":true,"href":"https:\/\/www.accuratereviews.com\/it\/wp-json\/wp\/v2\/users\/19"}],"replies":[{"embeddable":true,"href":"https:\/\/www.accuratereviews.com\/it\/wp-json\/wp\/v2\/comments?post=24262"}],"version-history":[{"count":11,"href":"https:\/\/www.accuratereviews.com\/it\/wp-json\/wp\/v2\/pages\/24262\/revisions"}],"predecessor-version":[{"id":36768,"href":"https:\/\/www.accuratereviews.com\/it\/wp-json\/wp\/v2\/pages\/24262\/revisions\/36768"}],"up":[{"embeddable":true,"href":"https:\/\/www.accuratereviews.com\/it\/wp-json\/wp\/v2\/pages\/35837"}],"wp:featuredmedia":[{"embeddable":true,"href":"https:\/\/www.accuratereviews.com\/it\/wp-json\/wp\/v2\/media\/24263"}],"wp:attachment":[{"href":"https:\/\/www.accuratereviews.com\/it\/wp-json\/wp\/v2\/media?parent=24262"}],"wp:term":[{"taxonomy":"category","embeddable":true,"href":"https:\/\/www.accuratereviews.com\/it\/wp-json\/wp\/v2\/categories?post=24262"},{"taxonomy":"post_tag","embeddable":true,"href":"https:\/\/www.accuratereviews.com\/it\/wp-json\/wp\/v2\/tags?post=24262"},{"taxonomy":"features","embeddable":true,"href":"https:\/\/www.accuratereviews.com\/it\/wp-json\/wp\/v2\/features?post=24262"}],"curies":[{"name":"wp","href":"https:\/\/api.w.org\/{rel}","templated":true}]}}