{"id":24273,"date":"2020-03-13T11:53:37","date_gmt":"2020-03-13T11:53:37","guid":{"rendered":"https:\/\/www.accuratereviews.com\/?page_id=24273"},"modified":"2021-02-04T11:15:08","modified_gmt":"2021-02-04T11:15:08","slug":"engagifii-recensione","status":"publish","type":"page","link":"https:\/\/www.accuratereviews.com\/it\/gestionale-per-associazioni\/engagifii-recensione\/","title":{"rendered":"Engagifii"},"content":{"rendered":"<p><strong>Engagifii<\/strong> \u00e8 un <strong>software integrato di gestione delle associazioni<\/strong> a piattaforma singola che fornisce una suite di strumenti tra cui CRM, campagne email, gestione degli eventi, sondaggi tra i membri e altro, per le associazioni commerciali, professionali e governative. Oltre alla gestione di eventi e conferenze, la piattaforma aiuta le associazioni a migliorare il coinvolgimento e la comunicazione dei membri e ad aumentare le entrate. La soluzione offre supporto online e tramite documentazione, webinar e live online insegna ai propri utenti come utilizzare al meglio le funzioni di questo potente software.<\/p>\n<p><a href=\"https:\/\/www.accuratereviews.com\/wp-content\/uploads\/2020\/03\/Schermata-2020-03-13-alle-11.50.01.png\"><img loading=\"lazy\" decoding=\"async\" class=\"alignnone size-full wp-image-24277\" src=\"https:\/\/www.accuratereviews.com\/wp-content\/uploads\/2020\/03\/Schermata-2020-03-13-alle-11.50.01.png\" alt=\"\" width=\"2358\" height=\"1014\" srcset=\"https:\/\/www.accuratereviews.com\/wp-content\/uploads\/2020\/03\/Schermata-2020-03-13-alle-11.50.01.png 2358w, https:\/\/www.accuratereviews.com\/wp-content\/uploads\/2020\/03\/Schermata-2020-03-13-alle-11.50.01-300x129.png 300w, https:\/\/www.accuratereviews.com\/wp-content\/uploads\/2020\/03\/Schermata-2020-03-13-alle-11.50.01-1024x440.png 1024w, https:\/\/www.accuratereviews.com\/wp-content\/uploads\/2020\/03\/Schermata-2020-03-13-alle-11.50.01-768x330.png 768w, https:\/\/www.accuratereviews.com\/wp-content\/uploads\/2020\/03\/Schermata-2020-03-13-alle-11.50.01-1536x661.png 1536w, https:\/\/www.accuratereviews.com\/wp-content\/uploads\/2020\/03\/Schermata-2020-03-13-alle-11.50.01-2048x881.png 2048w, https:\/\/www.accuratereviews.com\/wp-content\/uploads\/2020\/03\/Schermata-2020-03-13-alle-11.50.01-260x112.png 260w, https:\/\/www.accuratereviews.com\/wp-content\/uploads\/2020\/03\/Schermata-2020-03-13-alle-11.50.01-50x22.png 50w, https:\/\/www.accuratereviews.com\/wp-content\/uploads\/2020\/03\/Schermata-2020-03-13-alle-11.50.01-968x416.png 968w, https:\/\/www.accuratereviews.com\/wp-content\/uploads\/2020\/03\/Schermata-2020-03-13-alle-11.50.01-636x273.png 636w, https:\/\/www.accuratereviews.com\/wp-content\/uploads\/2020\/03\/Schermata-2020-03-13-alle-11.50.01-320x138.png 320w, https:\/\/www.accuratereviews.com\/wp-content\/uploads\/2020\/03\/Schermata-2020-03-13-alle-11.50.01-239x103.png 239w\" sizes=\"auto, (max-width: 2358px) 100vw, 2358px\" \/><\/a><\/p>\n<h2>ENGAGIFII &#8211; CARATTERISTICHE<\/h2>\n<ul>\n<li><strong>Campi personalizzati e record dei contatti:<\/strong>\u00a0utilizza un numero qualsiasi delle centinaia di campi disponibili o crea campi personalizzati per assicurarti di poter tenere traccia di tutti i dati di cui hai bisogno. Progetta il layout dei tuoi record di contatto per portare in primo piano le informazioni pi\u00f9 importanti<\/li>\n<li><strong>Potente soluzione integrata<\/strong>: costruisci il record dei membri finale con informazioni sugli eventi, crediti formativi, sostegno e contributi PAC. Gli aggiornamenti al tuo CRM vengono visualizzati in tempo reale sul tuo sito web e sulla tua app mobile<\/li>\n<li><strong>App mobile personalizzata<\/strong>: applicazione personalizzata per migliorare la comunicazione e il coinvolgimento dei membri<\/li>\n<li><strong>Comunicazione membro:<\/strong> invia campagne email mirate ai tuoi membri e invia notifica push tramite un&#8217;app mobile<\/li>\n<li><strong>Sondaggi sui membri:<\/strong> strumento di sondaggio completamente integrato che consente un feedback immediato su eventi, conferenze e corsi di formazione<\/li>\n<li><strong>Mgmt di eventi e conferenze<\/strong>: suite completa di strumenti per la gestione di conferenze ed eventi &#8211; dalla registrazione online alle mappe degli eventi<\/li>\n<li><strong>Sito web personalizzato<\/strong>: sito web con marchio personalizzato che offre piena integrazione con i tuoi calendari di eventi \/ formazione, directory dei membri e altro<\/li>\n<\/ul>\n<h3>LE RECENSIONI DEGLI UTENTI<\/h3>\n<h4 class=\"font-weight-bold my-1 d-flex align-items-center\">Heidi V.&#8221;Adoro lavorare con il mio responsabile del servizio clienti che ha esperienza nelle piattaforme web.&#8221;<\/h4>\n<p><strong>Vantaggi: <\/strong>Questo sistema ha migliorato gli sforzi globali di comunicazione della nostra organizzazione. Ora possiamo vedere se i nostri messaggi sono stati recapitati e aperti. Siamo in grado di utilizzare il codice o creare modelli all&#8217;interno del sistema per scopi di branding e marketing.<\/p>\n<p><strong>Inconvenienti: <\/strong>L&#8217;interfaccia della piattaforma non \u00e8 visivamente accattivante, ma esegue il lavoro. Se l&#8217;utente non ha familiarit\u00e0 con il sistema, pu\u00f2 sembrare intimidatorio a causa di tutte le funzioni disponibili.<\/p>\n<h4 class=\"font-weight-bold my-1 d-flex align-items-center\">Robin S.\u00a0&#8220;La nostra relazione di lunga data continua a dimostrare che sono egualmente focalizzati sui nostri obiettivi!&#8221;<\/h4>\n<p><strong>Commenti: <\/strong>Funzionalit\u00e0 aggiornata! Pagine fresche e nitide! Possiamo integrare pi\u00f9 di ci\u00f2 che vogliamo condividere con i nostri clienti.<\/p>\n<p><strong>Vantaggi: <\/strong>Il software aggiornato ci d\u00e0 l&#8217;opportunit\u00e0 di avere un aspetto fresco, pulito e attuale, che \u00e8 attraente per i nostri clienti. Qualsiasi modifica \u00e8 difficile, ma il supporto e la facilit\u00e0 d&#8217;uso continuano a rendere indolore la transizione.<\/p>\n<p><strong>Inconvenienti: <\/strong>Il software stesso non \u00e8 il problema. Dobbiamo imparare a usarlo ed \u00e8 completamente diverso da quello che stavamo usando. Questo \u00e8 il nostro problema Non il prodotto, ma la chiave \u00e8 stata il supporto!<\/p>\n<h4 class=\"font-weight-bold my-1 d-flex align-items-center\">Tim B.\u00a0&#8220;La facilit\u00e0 d&#8217;uso e la funzionalit\u00e0 ci ha permesso di comunicare con i nostri membri in nuovi modi.&#8221;<\/h4>\n<p><strong>Vantaggi: <\/strong>La capacit\u00e0 di comunicare e scambiare informazioni, nonch\u00e9 di pubblicare informazioni per la revisione e il commento a pi\u00f9 utenti ci ha dato un enorme vantaggio sui nostri programmi di advocacy come la legislazione.<\/p>\n<p><strong>Inconvenienti: <\/strong>Quando si lavora con questo software, la capacit\u00e0 o la facilit\u00e0 di aggiornare email e report \u00e8 a volte difficile e complessa. La modifica, ad esempio, rende difficile importare immagini o documenti Word e PowerPoint.<\/p>\n","protected":false},"excerpt":{"rendered":"<p>Engagifii \u00e8 un software integrato di gestione delle associazioni a piattaforma singola che fornisce una suite di strumenti tra cui CRM, campagne email, gestione degli eventi, sondaggi tra i membri e altro, per le associazioni commerciali, professionali e governative. Oltre alla gestione di eventi e conferenze, la piattaforma aiuta le associazioni a migliorare il coinvolgimento e la comunicazione dei membri e ad aumentare le entrate.<\/p>\n","protected":false},"author":19,"featured_media":24274,"parent":35837,"menu_order":0,"comment_status":"open","ping_status":"closed","template":"g1_template_page_review_new.php","meta":{"_acf_changed":false,"cwp_meta_box_check":"Yes","cwp_rev_product_name":"","cwp_rev_product_image":"","wppr_links":[],"cwp_rev_price":"","wppr_options":[],"wppr_pros":[],"wppr_cons":[],"_monsterinsights_skip_tracking":false,"_monsterinsights_sitenote_active":false,"_monsterinsights_sitenote_note":"","_monsterinsights_sitenote_category":0,"footnotes":""},"categories":[1943],"tags":[1944,2292,2293,2253,2149,2148],"features":[],"class_list":{"0":"post-24273","1":"page","2":"type-page","3":"status-publish","4":"has-post-thumbnail","6":"category-gestionale-per-associazioni-categoria","7":"tag-association-management-software","8":"tag-engagifii","9":"tag-piattaforma-unica-per-gestione-associazioni","10":"tag-programma-gestionale-per-associazioni","11":"tag-software-gestionale-per-associazioni","12":"tag-soluzione-gestionale-per-associazioni"},"wppr_data":{"cwp_meta_box_check":"Yes","cwp_rev_product_name":"","cwp_rev_product_image":"","cwp_image_link":"image","cwp_rev_price":"","wppr_rating":"0.00"},"acf":[],"yoast_head":"<!-- This site is optimized with the Yoast SEO plugin v27.4 - https:\/\/yoast.com\/product\/yoast-seo-wordpress\/ -->\n<title>Engagifii: recensione gestionale per associazioni - Accurate Reviews<\/title>\n<meta name=\"description\" content=\"Engagifii: recensione software integrato di gestione delle associazioni a piattaforma singola che fornisce una suite di strumenti potenti e completi.\" \/>\n<meta name=\"robots\" content=\"index, follow, max-snippet:-1, max-image-preview:large, max-video-preview:-1\" \/>\n<link rel=\"canonical\" href=\"https:\/\/www.accuratereviews.com\/it\/gestionale-per-associazioni\/engagifii-recensione\/\" \/>\n<meta property=\"og:locale\" content=\"it_IT\" \/>\n<meta property=\"og:type\" content=\"article\" \/>\n<meta property=\"og:title\" content=\"Engagifii: recensione gestionale per associazioni - Accurate Reviews\" \/>\n<meta property=\"og:description\" content=\"Engagifii: recensione software integrato di gestione delle associazioni a piattaforma singola che fornisce una suite di strumenti potenti e completi.\" \/>\n<meta property=\"og:url\" content=\"https:\/\/www.accuratereviews.com\/it\/gestionale-per-associazioni\/engagifii-recensione\/\" \/>\n<meta property=\"og:site_name\" content=\"Accurate Reviews\" \/>\n<meta property=\"article:modified_time\" content=\"2021-02-04T11:15:08+00:00\" \/>\n<meta property=\"og:image\" content=\"https:\/\/www.accuratereviews.com\/wp-content\/uploads\/2020\/03\/Engagifii.png\" \/>\n\t<meta property=\"og:image:width\" content=\"1231\" \/>\n\t<meta property=\"og:image:height\" content=\"351\" \/>\n\t<meta property=\"og:image:type\" content=\"image\/png\" \/>\n<meta name=\"twitter:card\" content=\"summary_large_image\" \/>\n<meta name=\"twitter:label1\" content=\"Tempo di lettura stimato\" \/>\n\t<meta name=\"twitter:data1\" content=\"3 minuti\" \/>\n<script type=\"application\/ld+json\" class=\"yoast-schema-graph\">{\"@context\":\"https:\\\/\\\/schema.org\",\"@graph\":[{\"@type\":\"WebPage\",\"@id\":\"https:\\\/\\\/www.accuratereviews.com\\\/it\\\/gestionale-per-associazioni\\\/engagifii-recensione\\\/\",\"url\":\"https:\\\/\\\/www.accuratereviews.com\\\/it\\\/gestionale-per-associazioni\\\/engagifii-recensione\\\/\",\"name\":\"Engagifii: recensione gestionale per associazioni - Accurate Reviews\",\"isPartOf\":{\"@id\":\"https:\\\/\\\/www.accuratereviews.com\\\/it\\\/#website\"},\"primaryImageOfPage\":{\"@id\":\"https:\\\/\\\/www.accuratereviews.com\\\/it\\\/gestionale-per-associazioni\\\/engagifii-recensione\\\/#primaryimage\"},\"image\":{\"@id\":\"https:\\\/\\\/www.accuratereviews.com\\\/it\\\/gestionale-per-associazioni\\\/engagifii-recensione\\\/#primaryimage\"},\"thumbnailUrl\":\"https:\\\/\\\/www.accuratereviews.com\\\/wp-content\\\/uploads\\\/2020\\\/03\\\/Engagifii.png\",\"datePublished\":\"2020-03-13T11:53:37+00:00\",\"dateModified\":\"2021-02-04T11:15:08+00:00\",\"description\":\"Engagifii: recensione software integrato di gestione delle associazioni a piattaforma singola che fornisce una suite di strumenti potenti e completi.\",\"breadcrumb\":{\"@id\":\"https:\\\/\\\/www.accuratereviews.com\\\/it\\\/gestionale-per-associazioni\\\/engagifii-recensione\\\/#breadcrumb\"},\"inLanguage\":\"it-IT\",\"potentialAction\":[{\"@type\":\"ReadAction\",\"target\":[\"https:\\\/\\\/www.accuratereviews.com\\\/it\\\/gestionale-per-associazioni\\\/engagifii-recensione\\\/\"]}]},{\"@type\":\"ImageObject\",\"inLanguage\":\"it-IT\",\"@id\":\"https:\\\/\\\/www.accuratereviews.com\\\/it\\\/gestionale-per-associazioni\\\/engagifii-recensione\\\/#primaryimage\",\"url\":\"https:\\\/\\\/www.accuratereviews.com\\\/wp-content\\\/uploads\\\/2020\\\/03\\\/Engagifii.png\",\"contentUrl\":\"https:\\\/\\\/www.accuratereviews.com\\\/wp-content\\\/uploads\\\/2020\\\/03\\\/Engagifii.png\",\"width\":1231,\"height\":351},{\"@type\":\"BreadcrumbList\",\"@id\":\"https:\\\/\\\/www.accuratereviews.com\\\/it\\\/gestionale-per-associazioni\\\/engagifii-recensione\\\/#breadcrumb\",\"itemListElement\":[{\"@type\":\"ListItem\",\"position\":1,\"name\":\"Home\",\"item\":\"https:\\\/\\\/www.accuratereviews.com\\\/it\\\/\"},{\"@type\":\"ListItem\",\"position\":2,\"name\":\"Gestionale per associazioni\",\"item\":\"https:\\\/\\\/www.accuratereviews.com\\\/it\\\/gestionale-per-associazioni\\\/\"},{\"@type\":\"ListItem\",\"position\":3,\"name\":\"Engagifii\"}]},{\"@type\":\"WebSite\",\"@id\":\"https:\\\/\\\/www.accuratereviews.com\\\/it\\\/#website\",\"url\":\"https:\\\/\\\/www.accuratereviews.com\\\/it\\\/\",\"name\":\"Accurate Reviews\",\"description\":\"\",\"potentialAction\":[{\"@type\":\"SearchAction\",\"target\":{\"@type\":\"EntryPoint\",\"urlTemplate\":\"https:\\\/\\\/www.accuratereviews.com\\\/it\\\/?s={search_term_string}\"},\"query-input\":{\"@type\":\"PropertyValueSpecification\",\"valueRequired\":true,\"valueName\":\"search_term_string\"}}],\"inLanguage\":\"it-IT\"}]}<\/script>\n<!-- \/ Yoast SEO plugin. -->","yoast_head_json":{"title":"Engagifii: recensione gestionale per associazioni - Accurate Reviews","description":"Engagifii: recensione software integrato di gestione delle associazioni a piattaforma singola che fornisce una suite di strumenti potenti e completi.","robots":{"index":"index","follow":"follow","max-snippet":"max-snippet:-1","max-image-preview":"max-image-preview:large","max-video-preview":"max-video-preview:-1"},"canonical":"https:\/\/www.accuratereviews.com\/it\/gestionale-per-associazioni\/engagifii-recensione\/","og_locale":"it_IT","og_type":"article","og_title":"Engagifii: recensione gestionale per associazioni - Accurate Reviews","og_description":"Engagifii: recensione software integrato di gestione delle associazioni a piattaforma singola che fornisce una suite di strumenti potenti e completi.","og_url":"https:\/\/www.accuratereviews.com\/it\/gestionale-per-associazioni\/engagifii-recensione\/","og_site_name":"Accurate Reviews","article_modified_time":"2021-02-04T11:15:08+00:00","og_image":[{"width":1231,"height":351,"url":"https:\/\/www.accuratereviews.com\/wp-content\/uploads\/2020\/03\/Engagifii.png","type":"image\/png"}],"twitter_card":"summary_large_image","twitter_misc":{"Tempo di lettura stimato":"3 minuti"},"schema":{"@context":"https:\/\/schema.org","@graph":[{"@type":"WebPage","@id":"https:\/\/www.accuratereviews.com\/it\/gestionale-per-associazioni\/engagifii-recensione\/","url":"https:\/\/www.accuratereviews.com\/it\/gestionale-per-associazioni\/engagifii-recensione\/","name":"Engagifii: recensione gestionale per associazioni - Accurate Reviews","isPartOf":{"@id":"https:\/\/www.accuratereviews.com\/it\/#website"},"primaryImageOfPage":{"@id":"https:\/\/www.accuratereviews.com\/it\/gestionale-per-associazioni\/engagifii-recensione\/#primaryimage"},"image":{"@id":"https:\/\/www.accuratereviews.com\/it\/gestionale-per-associazioni\/engagifii-recensione\/#primaryimage"},"thumbnailUrl":"https:\/\/www.accuratereviews.com\/wp-content\/uploads\/2020\/03\/Engagifii.png","datePublished":"2020-03-13T11:53:37+00:00","dateModified":"2021-02-04T11:15:08+00:00","description":"Engagifii: recensione software integrato di gestione delle associazioni a piattaforma singola che fornisce una suite di strumenti potenti e completi.","breadcrumb":{"@id":"https:\/\/www.accuratereviews.com\/it\/gestionale-per-associazioni\/engagifii-recensione\/#breadcrumb"},"inLanguage":"it-IT","potentialAction":[{"@type":"ReadAction","target":["https:\/\/www.accuratereviews.com\/it\/gestionale-per-associazioni\/engagifii-recensione\/"]}]},{"@type":"ImageObject","inLanguage":"it-IT","@id":"https:\/\/www.accuratereviews.com\/it\/gestionale-per-associazioni\/engagifii-recensione\/#primaryimage","url":"https:\/\/www.accuratereviews.com\/wp-content\/uploads\/2020\/03\/Engagifii.png","contentUrl":"https:\/\/www.accuratereviews.com\/wp-content\/uploads\/2020\/03\/Engagifii.png","width":1231,"height":351},{"@type":"BreadcrumbList","@id":"https:\/\/www.accuratereviews.com\/it\/gestionale-per-associazioni\/engagifii-recensione\/#breadcrumb","itemListElement":[{"@type":"ListItem","position":1,"name":"Home","item":"https:\/\/www.accuratereviews.com\/it\/"},{"@type":"ListItem","position":2,"name":"Gestionale per associazioni","item":"https:\/\/www.accuratereviews.com\/it\/gestionale-per-associazioni\/"},{"@type":"ListItem","position":3,"name":"Engagifii"}]},{"@type":"WebSite","@id":"https:\/\/www.accuratereviews.com\/it\/#website","url":"https:\/\/www.accuratereviews.com\/it\/","name":"Accurate Reviews","description":"","potentialAction":[{"@type":"SearchAction","target":{"@type":"EntryPoint","urlTemplate":"https:\/\/www.accuratereviews.com\/it\/?s={search_term_string}"},"query-input":{"@type":"PropertyValueSpecification","valueRequired":true,"valueName":"search_term_string"}}],"inLanguage":"it-IT"}]}},"_links":{"self":[{"href":"https:\/\/www.accuratereviews.com\/it\/wp-json\/wp\/v2\/pages\/24273","targetHints":{"allow":["GET"]}}],"collection":[{"href":"https:\/\/www.accuratereviews.com\/it\/wp-json\/wp\/v2\/pages"}],"about":[{"href":"https:\/\/www.accuratereviews.com\/it\/wp-json\/wp\/v2\/types\/page"}],"author":[{"embeddable":true,"href":"https:\/\/www.accuratereviews.com\/it\/wp-json\/wp\/v2\/users\/19"}],"replies":[{"embeddable":true,"href":"https:\/\/www.accuratereviews.com\/it\/wp-json\/wp\/v2\/comments?post=24273"}],"version-history":[{"count":10,"href":"https:\/\/www.accuratereviews.com\/it\/wp-json\/wp\/v2\/pages\/24273\/revisions"}],"predecessor-version":[{"id":36767,"href":"https:\/\/www.accuratereviews.com\/it\/wp-json\/wp\/v2\/pages\/24273\/revisions\/36767"}],"up":[{"embeddable":true,"href":"https:\/\/www.accuratereviews.com\/it\/wp-json\/wp\/v2\/pages\/35837"}],"wp:featuredmedia":[{"embeddable":true,"href":"https:\/\/www.accuratereviews.com\/it\/wp-json\/wp\/v2\/media\/24274"}],"wp:attachment":[{"href":"https:\/\/www.accuratereviews.com\/it\/wp-json\/wp\/v2\/media?parent=24273"}],"wp:term":[{"taxonomy":"category","embeddable":true,"href":"https:\/\/www.accuratereviews.com\/it\/wp-json\/wp\/v2\/categories?post=24273"},{"taxonomy":"post_tag","embeddable":true,"href":"https:\/\/www.accuratereviews.com\/it\/wp-json\/wp\/v2\/tags?post=24273"},{"taxonomy":"features","embeddable":true,"href":"https:\/\/www.accuratereviews.com\/it\/wp-json\/wp\/v2\/features?post=24273"}],"curies":[{"name":"wp","href":"https:\/\/api.w.org\/{rel}","templated":true}]}}