{"id":24317,"date":"2020-03-16T14:29:28","date_gmt":"2020-03-16T14:29:28","guid":{"rendered":"https:\/\/www.accuratereviews.com\/?page_id=24317"},"modified":"2021-04-15T19:25:41","modified_gmt":"2021-04-15T19:25:41","slug":"zoho-mail-recensione","status":"publish","type":"page","link":"https:\/\/www.accuratereviews.com\/it\/client-di-posta\/zoho-mail-recensione\/","title":{"rendered":"Zoho Mail"},"content":{"rendered":"<p><strong>Zoho Mail<\/strong> \u00e8 un&#8217;incredibile <strong>piattaforma di posta elettronica<\/strong> che offre una combinazione di interfaccia senza pubblicit\u00e0, pulita e potenti funzionalit\u00e0 che sono pensate per un uso professionale. Crea regole per aiutare a gestire la posta elettronica in arrivo e automatizzare le attivit\u00e0 noiose. Ad esempio, utilizzare le regole per contrassegnare un&#8217;email come letta o assegnarla come attivit\u00e0. Puoi persino creare una regola per evidenziare le email di una persona o spostarle automaticamente in una cartella specifica.<strong> Zoho Mail<\/strong> ti consente di creare modelli di email riutilizzabili per le email che invii ripetutamente. Ad esempio, se invii un&#8217;email a tutti i tuoi colleghi alla fine di ogni mese chiedendo un rapporto sul progetto, puoi semplicemente redigere l&#8217;email una volta, salvarla come modello e utilizzarla ogni volta che la vuoi inviare.<\/p>\n<h2>ZOHO MAIL &#8211; TUTORIAL<\/h2>\n<p>Guardiamo il tutorial per capire come condividere una discussione via email taggando qualcuno invece di inoltrare il messaggio con questo <strong>software di posta<\/strong>:<\/p>\n<div id=\"fluid-wrapper-counter-1\" class=\"g1-fluid-wrapper \" style=\"width:686px;\">\n<div style=\"padding-bottom:56.268221574344%;\"><iframe loading=\"lazy\" title=\"Zoho Mail - The next generation email\" width=\"686\" height=\"386\" src=\"https:\/\/www.youtube.com\/embed\/QPTep2tkpaE?feature=oembed&amp;wmode=transparent&amp;autohide=1&amp;autoplay=0&amp;disablekb=0&amp;fs=1&amp;loop=0&amp;enablejsapi=1&amp;rel=0&amp;controls=2&amp;showinfo=0&amp;wmode=transparent&amp;autohide=2&amp;autoplay=0&amp;disablekb=0&amp;fs=1&amp;loop=0&amp;enablejsapi=1&amp;rel=0&amp;controls=2&amp;showinfo=1\" frameborder=\"0\" allow=\"accelerometer; autoplay; clipboard-write; encrypted-media; gyroscope; picture-in-picture\" allowfullscreen><\/iframe><\/div>\n<\/div>\n<h3>ZOHO MAIL &#8211; CARATTERISTICHE<\/h3>\n<ul>\n<li>Crea contestualmente eventi, attivit\u00e0 e note da qualsiasi contenuto in un&#8217;e-mail o dai post<\/li>\n<li>La soluzione ti aiuta a scomporre il tuo lavoro e creare pianificazioni di attivit\u00e0 gestibili<\/li>\n<li>Aggiungi note adesive virtuali nel colore che preferisci<\/li>\n<li>Organizza tutti i tuoi contatti in un unico posto<\/li>\n<li>Set avanzato di strumenti che ti aiuta a proteggere i dati della tua azienda<\/li>\n<li>I limiti di dimensione dell&#8217;allegato non saranno pi\u00f9 motivo di preoccupazione. Questa funzione consente di allegare file fino a 250 MB alle e-mail<\/li>\n<li>Con la soluzione di archiviazione, puoi impostare criteri di conservazione personalizzati e sospensioni e utilizzare eDiscovery per setacciare facilmente le informazioni archiviate<\/li>\n<li>L&#8217;app di posta elettronica \u00e8 disponibile per dispositivi iOS e Android<\/li>\n<\/ul>\n<h4>LE RECENSIONI DEGLI UTENTI<\/h4>\n<h4 class=\"font-weight-bold my-1 d-flex align-items-center\">Denise H\u00a0&#8220;Ottima alternativa per creare posta aziendale&#8221;<\/h4>\n<p><strong>Commenti: <\/strong>La nostra presenza aziendale \u00e8 notevolmente migliorata. Da quando ci contatta tramite le nostre email aziendali aumenta la nostra affidabilit\u00e0 per i nostri abbonati o potenziali clienti<\/p>\n<p><strong>Vantaggi: <\/strong>* Zoho mail &#8220;Ha la capacit\u00e0 di integrare un gruppo di persone con diverse email sulla lavagna, il che semplifica il modo in cui comunichiamo individualmente con aziende o altre persone. * L&#8217;aspetto \u00e8 simile a quello della posta web ma ha caratteristiche uniche che altri potrebbe non averlo. * L&#8217;applicazione mobile sembra semplice ma efficace, ha alcune caratteristiche interessanti, come cambiare il colore della scheda, ha un calendario in cui possiamo impostare un giorno per un progetto o un&#8217;attivit\u00e0 specifici, inoltre consente per importare contatti e tra le altre funzioni. * Ha una buona capacit\u00e0 di integrazione con terze parti, come Gmail, Outlook, Office 365.<\/p>\n<p><strong>Inconvenienti: <\/strong>L&#8217;unica cosa che trovo negativa \u00e8 la mancanza di informazioni su come configurare &#8220;DKIM&#8221;, MX, TX, anche se c&#8217;\u00e8 un video esplicativo ci sono stati dei problemi durante la cancellazione o l&#8217;aggiunta di quei file una volta risolto. Ricevo ancora una notifica che qualcosa non va con il &#8220;DKIM&#8221; nonostante ci\u00f2, non ho avuto problemi a ricevere o inviare dalla mia email aziendale<\/p>\n<h4 class=\"font-weight-bold my-1 d-flex align-items-center\">Alexander H.&#8221;Notevole gratuitamente&#8221;<\/h4>\n<p><strong>Commenti: <\/strong>Ho risolto la possibilit\u00e0 di configurare account di posta elettronica gratuiti per i domini di nostra propriet\u00e0. Siamo in grado di impostare l&#8217;inoltro della posta con relativa facilit\u00e0 e probabilmente aggiorner\u00f2 Zoho Mail piuttosto che passare a G-Suite se le mie esigenze si espandono.<\/p>\n<p><strong>Vantaggi:\u00a0<\/strong>\u00e8 gratuito. In realt\u00e0, per domini personali e discutibili, probabilmente non \u00e8 necessario il sovraccarico di G-Suite \/ Office 365. Il mio requisito principale era avere un indirizzo email IMAP gratuito per vari domini. Gestisce questo compito incredibilmente bene, cio\u00e8 non ho mai visto i loro servizi andare gi\u00f9.<\/p>\n<p><strong>Inconvenienti: <\/strong>Se accedi alla posta elettronica principalmente tramite un&#8217;interfaccia web, rispetto ai moderni client di posta elettronica online, Zoho Mail \u00e8 piuttosto scarso. L&#8217;interfaccia utente \u00e8 decisamente &#8230; retr\u00f2, che non \u00e8 la cosa peggiore. Non aspettarti che sia completo come GSuite et al.<\/p>\n<h4 class=\"font-weight-bold my-1 d-flex align-items-center\">Saminu E.&#8221;Configurare Zoho Mail \u00e8 cos\u00ec facile che ti piacer\u00e0!&#8221;<\/h4>\n<p><strong>Commenti: <\/strong>Bene, \u00e8 cos\u00ec bello e creare account di posta elettronica per il resto del mio team \u00e8 ancora meglio. Lo consiglierei sicuramente a chiunque cerchi di usare qualcosa di cos\u00ec semplice ma super efficace.<\/p>\n<p><strong>Vantaggi: <\/strong>Ho smesso di ricevere email su uno dei nomi di dominio che possiedo a causa di problemi di web hosting e stavo cercando di ricevere email il pi\u00f9 rapidamente possibile ed ero molto felice di aver provato Zoho Mail per primo. Dall&#8217;iscrizione alla configurazione del nome di dominio, tutto \u00e8 stato cos\u00ec semplice e non credo di utilizzare nuovamente il servizio di posta elettronica del mio host web &#8230; Grazie Zoho Mail!<\/p>\n<p><strong>Inconvenienti: <\/strong>Ho iniziato a usarlo in meno di una settimana e finora non ho visto nulla che mi abbia dato problemi, l&#8217;esperienza \u00e8 stata davvero buona!<\/p>\n","protected":false},"excerpt":{"rendered":"<p>Zoho Mail \u00e8 un&#8217;incredibile piattaforma di posta elettronica che offre una combinazione di interfaccia senza pubblicit\u00e0, pulita e potenti funzionalit\u00e0 che sono pensate per un uso professionale.\u00a0Controlla immediatamente la tua casella di posta e ottieni la libert\u00e0 di cui hai bisogno. Crea regole per aiutare a gestire la posta elettronica in arrivo e automatizzare le attivit\u00e0 noiose.<\/p>\n","protected":false},"author":19,"featured_media":24320,"parent":5913,"menu_order":0,"comment_status":"open","ping_status":"closed","template":"g1_template_page_review_new.php","meta":{"_acf_changed":false,"cwp_meta_box_check":"Yes","cwp_rev_product_name":"","cwp_rev_product_image":"","wppr_links":[],"cwp_rev_price":"","wppr_options":[],"wppr_pros":[],"wppr_cons":[],"_monsterinsights_skip_tracking":false,"_monsterinsights_sitenote_active":false,"_monsterinsights_sitenote_note":"","_monsterinsights_sitenote_category":0,"footnotes":""},"categories":[119,5594],"tags":[2310,2312,2311,2313,2314],"features":[],"class_list":{"0":"post-24317","1":"page","2":"type-page","3":"status-publish","4":"has-post-thumbnail","6":"category-i-migliori-client-di-posta","7":"category-client-di-posta-per-dispositivi-mobile-categoria","8":"tag-email-client-software","9":"tag-piattaforma-client-di-posta","10":"tag-software-client-di-posta","11":"tag-soluzione-client-di-posta","12":"tag-zoho-mail"},"wppr_data":{"cwp_meta_box_check":"Yes","cwp_rev_product_name":"","cwp_rev_product_image":"","cwp_image_link":"image","cwp_rev_price":"","wppr_rating":"0.00"},"acf":[],"yoast_head":"<!-- This site is optimized with the Yoast SEO plugin v27.4 - https:\/\/yoast.com\/product\/yoast-seo-wordpress\/ -->\n<title>Zoho Mail: recensione software client di posta - Accurate Reviews<\/title>\n<meta name=\"description\" content=\"Zoho Mai: recensione piattaforma di posta elettronica che offre una combinazione di interfaccia senza pubblicit\u00e0, pulita e potenti funzionalit\u00e0.\" \/>\n<meta name=\"robots\" content=\"index, follow, max-snippet:-1, max-image-preview:large, max-video-preview:-1\" \/>\n<link rel=\"canonical\" href=\"https:\/\/www.accuratereviews.com\/it\/client-di-posta\/zoho-mail-recensione\/\" \/>\n<meta property=\"og:locale\" content=\"it_IT\" \/>\n<meta property=\"og:type\" content=\"article\" \/>\n<meta property=\"og:title\" content=\"Zoho Mail: recensione software client di posta - Accurate Reviews\" \/>\n<meta property=\"og:description\" content=\"Zoho Mai: recensione piattaforma di posta elettronica che offre una combinazione di interfaccia senza pubblicit\u00e0, pulita e potenti funzionalit\u00e0.\" \/>\n<meta property=\"og:url\" content=\"https:\/\/www.accuratereviews.com\/it\/client-di-posta\/zoho-mail-recensione\/\" \/>\n<meta property=\"og:site_name\" content=\"Accurate Reviews\" \/>\n<meta property=\"article:modified_time\" content=\"2021-04-15T19:25:41+00:00\" \/>\n<meta property=\"og:image\" content=\"https:\/\/www.accuratereviews.com\/wp-content\/uploads\/2020\/03\/zoho-mail.jpg\" \/>\n\t<meta property=\"og:image:width\" content=\"1026\" \/>\n\t<meta property=\"og:image:height\" content=\"578\" \/>\n\t<meta property=\"og:image:type\" content=\"image\/jpeg\" \/>\n<meta name=\"twitter:card\" content=\"summary_large_image\" \/>\n<meta name=\"twitter:label1\" content=\"Tempo di lettura stimato\" \/>\n\t<meta name=\"twitter:data1\" content=\"4 minuti\" \/>\n<script type=\"application\/ld+json\" class=\"yoast-schema-graph\">{\"@context\":\"https:\\\/\\\/schema.org\",\"@graph\":[{\"@type\":\"WebPage\",\"@id\":\"https:\\\/\\\/www.accuratereviews.com\\\/it\\\/client-di-posta\\\/zoho-mail-recensione\\\/\",\"url\":\"https:\\\/\\\/www.accuratereviews.com\\\/it\\\/client-di-posta\\\/zoho-mail-recensione\\\/\",\"name\":\"Zoho Mail: recensione software client di posta - Accurate Reviews\",\"isPartOf\":{\"@id\":\"https:\\\/\\\/www.accuratereviews.com\\\/it\\\/#website\"},\"primaryImageOfPage\":{\"@id\":\"https:\\\/\\\/www.accuratereviews.com\\\/it\\\/client-di-posta\\\/zoho-mail-recensione\\\/#primaryimage\"},\"image\":{\"@id\":\"https:\\\/\\\/www.accuratereviews.com\\\/it\\\/client-di-posta\\\/zoho-mail-recensione\\\/#primaryimage\"},\"thumbnailUrl\":\"https:\\\/\\\/www.accuratereviews.com\\\/wp-content\\\/uploads\\\/2020\\\/03\\\/zoho-mail.jpg\",\"datePublished\":\"2020-03-16T14:29:28+00:00\",\"dateModified\":\"2021-04-15T19:25:41+00:00\",\"description\":\"Zoho Mai: recensione piattaforma di posta elettronica che offre una combinazione di interfaccia senza pubblicit\u00e0, pulita e potenti funzionalit\u00e0.\",\"breadcrumb\":{\"@id\":\"https:\\\/\\\/www.accuratereviews.com\\\/it\\\/client-di-posta\\\/zoho-mail-recensione\\\/#breadcrumb\"},\"inLanguage\":\"it-IT\",\"potentialAction\":[{\"@type\":\"ReadAction\",\"target\":[\"https:\\\/\\\/www.accuratereviews.com\\\/it\\\/client-di-posta\\\/zoho-mail-recensione\\\/\"]}]},{\"@type\":\"ImageObject\",\"inLanguage\":\"it-IT\",\"@id\":\"https:\\\/\\\/www.accuratereviews.com\\\/it\\\/client-di-posta\\\/zoho-mail-recensione\\\/#primaryimage\",\"url\":\"https:\\\/\\\/www.accuratereviews.com\\\/wp-content\\\/uploads\\\/2020\\\/03\\\/zoho-mail.jpg\",\"contentUrl\":\"https:\\\/\\\/www.accuratereviews.com\\\/wp-content\\\/uploads\\\/2020\\\/03\\\/zoho-mail.jpg\",\"width\":1026,\"height\":578},{\"@type\":\"BreadcrumbList\",\"@id\":\"https:\\\/\\\/www.accuratereviews.com\\\/it\\\/client-di-posta\\\/zoho-mail-recensione\\\/#breadcrumb\",\"itemListElement\":[{\"@type\":\"ListItem\",\"position\":1,\"name\":\"Home\",\"item\":\"https:\\\/\\\/www.accuratereviews.com\\\/it\\\/\"},{\"@type\":\"ListItem\",\"position\":2,\"name\":\"Client di posta\",\"item\":\"https:\\\/\\\/www.accuratereviews.com\\\/it\\\/client-di-posta\\\/\"},{\"@type\":\"ListItem\",\"position\":3,\"name\":\"Zoho Mail\"}]},{\"@type\":\"WebSite\",\"@id\":\"https:\\\/\\\/www.accuratereviews.com\\\/it\\\/#website\",\"url\":\"https:\\\/\\\/www.accuratereviews.com\\\/it\\\/\",\"name\":\"Accurate Reviews\",\"description\":\"\",\"potentialAction\":[{\"@type\":\"SearchAction\",\"target\":{\"@type\":\"EntryPoint\",\"urlTemplate\":\"https:\\\/\\\/www.accuratereviews.com\\\/it\\\/?s={search_term_string}\"},\"query-input\":{\"@type\":\"PropertyValueSpecification\",\"valueRequired\":true,\"valueName\":\"search_term_string\"}}],\"inLanguage\":\"it-IT\"}]}<\/script>\n<!-- \/ Yoast SEO plugin. -->","yoast_head_json":{"title":"Zoho Mail: recensione software client di posta - Accurate Reviews","description":"Zoho Mai: recensione piattaforma di posta elettronica che offre una combinazione di interfaccia senza pubblicit\u00e0, pulita e potenti funzionalit\u00e0.","robots":{"index":"index","follow":"follow","max-snippet":"max-snippet:-1","max-image-preview":"max-image-preview:large","max-video-preview":"max-video-preview:-1"},"canonical":"https:\/\/www.accuratereviews.com\/it\/client-di-posta\/zoho-mail-recensione\/","og_locale":"it_IT","og_type":"article","og_title":"Zoho Mail: recensione software client di posta - Accurate Reviews","og_description":"Zoho Mai: recensione piattaforma di posta elettronica che offre una combinazione di interfaccia senza pubblicit\u00e0, pulita e potenti funzionalit\u00e0.","og_url":"https:\/\/www.accuratereviews.com\/it\/client-di-posta\/zoho-mail-recensione\/","og_site_name":"Accurate Reviews","article_modified_time":"2021-04-15T19:25:41+00:00","og_image":[{"width":1026,"height":578,"url":"https:\/\/www.accuratereviews.com\/wp-content\/uploads\/2020\/03\/zoho-mail.jpg","type":"image\/jpeg"}],"twitter_card":"summary_large_image","twitter_misc":{"Tempo di lettura stimato":"4 minuti"},"schema":{"@context":"https:\/\/schema.org","@graph":[{"@type":"WebPage","@id":"https:\/\/www.accuratereviews.com\/it\/client-di-posta\/zoho-mail-recensione\/","url":"https:\/\/www.accuratereviews.com\/it\/client-di-posta\/zoho-mail-recensione\/","name":"Zoho Mail: recensione software client di posta - Accurate Reviews","isPartOf":{"@id":"https:\/\/www.accuratereviews.com\/it\/#website"},"primaryImageOfPage":{"@id":"https:\/\/www.accuratereviews.com\/it\/client-di-posta\/zoho-mail-recensione\/#primaryimage"},"image":{"@id":"https:\/\/www.accuratereviews.com\/it\/client-di-posta\/zoho-mail-recensione\/#primaryimage"},"thumbnailUrl":"https:\/\/www.accuratereviews.com\/wp-content\/uploads\/2020\/03\/zoho-mail.jpg","datePublished":"2020-03-16T14:29:28+00:00","dateModified":"2021-04-15T19:25:41+00:00","description":"Zoho Mai: recensione piattaforma di posta elettronica che offre una combinazione di interfaccia senza pubblicit\u00e0, pulita e potenti funzionalit\u00e0.","breadcrumb":{"@id":"https:\/\/www.accuratereviews.com\/it\/client-di-posta\/zoho-mail-recensione\/#breadcrumb"},"inLanguage":"it-IT","potentialAction":[{"@type":"ReadAction","target":["https:\/\/www.accuratereviews.com\/it\/client-di-posta\/zoho-mail-recensione\/"]}]},{"@type":"ImageObject","inLanguage":"it-IT","@id":"https:\/\/www.accuratereviews.com\/it\/client-di-posta\/zoho-mail-recensione\/#primaryimage","url":"https:\/\/www.accuratereviews.com\/wp-content\/uploads\/2020\/03\/zoho-mail.jpg","contentUrl":"https:\/\/www.accuratereviews.com\/wp-content\/uploads\/2020\/03\/zoho-mail.jpg","width":1026,"height":578},{"@type":"BreadcrumbList","@id":"https:\/\/www.accuratereviews.com\/it\/client-di-posta\/zoho-mail-recensione\/#breadcrumb","itemListElement":[{"@type":"ListItem","position":1,"name":"Home","item":"https:\/\/www.accuratereviews.com\/it\/"},{"@type":"ListItem","position":2,"name":"Client di posta","item":"https:\/\/www.accuratereviews.com\/it\/client-di-posta\/"},{"@type":"ListItem","position":3,"name":"Zoho Mail"}]},{"@type":"WebSite","@id":"https:\/\/www.accuratereviews.com\/it\/#website","url":"https:\/\/www.accuratereviews.com\/it\/","name":"Accurate Reviews","description":"","potentialAction":[{"@type":"SearchAction","target":{"@type":"EntryPoint","urlTemplate":"https:\/\/www.accuratereviews.com\/it\/?s={search_term_string}"},"query-input":{"@type":"PropertyValueSpecification","valueRequired":true,"valueName":"search_term_string"}}],"inLanguage":"it-IT"}]}},"_links":{"self":[{"href":"https:\/\/www.accuratereviews.com\/it\/wp-json\/wp\/v2\/pages\/24317","targetHints":{"allow":["GET"]}}],"collection":[{"href":"https:\/\/www.accuratereviews.com\/it\/wp-json\/wp\/v2\/pages"}],"about":[{"href":"https:\/\/www.accuratereviews.com\/it\/wp-json\/wp\/v2\/types\/page"}],"author":[{"embeddable":true,"href":"https:\/\/www.accuratereviews.com\/it\/wp-json\/wp\/v2\/users\/19"}],"replies":[{"embeddable":true,"href":"https:\/\/www.accuratereviews.com\/it\/wp-json\/wp\/v2\/comments?post=24317"}],"version-history":[{"count":11,"href":"https:\/\/www.accuratereviews.com\/it\/wp-json\/wp\/v2\/pages\/24317\/revisions"}],"predecessor-version":[{"id":40035,"href":"https:\/\/www.accuratereviews.com\/it\/wp-json\/wp\/v2\/pages\/24317\/revisions\/40035"}],"up":[{"embeddable":true,"href":"https:\/\/www.accuratereviews.com\/it\/wp-json\/wp\/v2\/pages\/5913"}],"wp:featuredmedia":[{"embeddable":true,"href":"https:\/\/www.accuratereviews.com\/it\/wp-json\/wp\/v2\/media\/24320"}],"wp:attachment":[{"href":"https:\/\/www.accuratereviews.com\/it\/wp-json\/wp\/v2\/media?parent=24317"}],"wp:term":[{"taxonomy":"category","embeddable":true,"href":"https:\/\/www.accuratereviews.com\/it\/wp-json\/wp\/v2\/categories?post=24317"},{"taxonomy":"post_tag","embeddable":true,"href":"https:\/\/www.accuratereviews.com\/it\/wp-json\/wp\/v2\/tags?post=24317"},{"taxonomy":"features","embeddable":true,"href":"https:\/\/www.accuratereviews.com\/it\/wp-json\/wp\/v2\/features?post=24317"}],"curies":[{"name":"wp","href":"https:\/\/api.w.org\/{rel}","templated":true}]}}