{"id":24355,"date":"2020-03-17T13:01:03","date_gmt":"2020-03-17T13:01:03","guid":{"rendered":"https:\/\/www.accuratereviews.com\/?page_id=24355"},"modified":"2020-08-11T16:55:10","modified_gmt":"2020-08-11T16:55:10","slug":"front-recensione","status":"publish","type":"page","link":"https:\/\/www.accuratereviews.com\/it\/client-di-posta\/front-recensione\/","title":{"rendered":"Front"},"content":{"rendered":"<p><strong>Front<\/strong> \u00e8 una soluzione progettata per aiutare i team a <strong>gestire in modo efficiente la posta in arrivo,<\/strong> raccogliendo messaggi interni ed esterni in una casella di posta consolidata.\u00a0La soluzione pu\u00f2 essere integrata con una serie di software esistenti che vanno da Github a Salesforce, rendendo la comunicazione pi\u00f9 organizzata, tempestiva e reattiva. I messaggi possono essere assegnati ai membri del team sia automaticamente che manualmente. Le persone che hanno familiarit\u00e0 con altri client di posta elettronica come <strong>Gmail e Outlook<\/strong> trovano la piattaforma <strong>Front<\/strong> molto facile da usare in quanto \u00e8 stata sviluppata come altri client di posta elettronica, ma con molte funzionalit\u00e0 extra e un&#8217;interfaccia utente migliore. Inoltre, la soluzione \u00e8 facile da connettere a qualsiasi app su cui si basa la tua azienda, inclusi strumenti CRM, sistemi di gestione dei progetti, help desk e altro ancora.<\/p>\n<h2>FRONT &#8211; TUTORIAL<\/h2>\n<p>Fai un tour, guardando questo tutorial, su il<strong> client di posta Front<\/strong> e scopri come impostare la tua casella di posta con questo software:<\/p>\n<div id=\"fluid-wrapper-counter-1\" class=\"g1-fluid-wrapper \" style=\"width:686px;\">\n<div style=\"padding-bottom:56.268221574344%;\"><iframe loading=\"lazy\" title=\"Full Demo \u2013 Front for Professional Services\" width=\"686\" height=\"386\" src=\"https:\/\/www.youtube.com\/embed\/wIoXUyQnt7A?feature=oembed&amp;wmode=transparent&amp;autohide=1&amp;autoplay=0&amp;disablekb=0&amp;fs=1&amp;loop=0&amp;enablejsapi=1&amp;rel=0&amp;controls=2&amp;showinfo=0&amp;wmode=transparent&amp;autohide=2&amp;autoplay=0&amp;disablekb=0&amp;fs=1&amp;loop=0&amp;enablejsapi=1&amp;rel=0&amp;controls=2&amp;showinfo=1\" frameborder=\"0\" allow=\"accelerometer; autoplay; encrypted-media; gyroscope; picture-in-picture\" allowfullscreen><\/iframe><\/div>\n<\/div>\n<h3>FRONT &#8211; CARATTERISTICHE<\/h3>\n<ul>\n<li><strong>Caselle di posta condivise e individuali<\/strong>: gestisci singole email, indirizzi email condivisi e altri canali di messaggistica dei clienti in un unico posto<\/li>\n<li><strong>Compiti<\/strong>: incarica i membri del team a determinati progetti e controlla i progressi<\/li>\n<li><strong>Commenti e opinioni:<\/strong> scopri i commenti o le opinioni del tuo gruppo su un progetto<\/li>\n<li><strong>Regole:<\/strong> crea flussi di lavoro automatici per ordinare i nuovi messaggi, indirizzarli alla persona giusta e persino gestire gli SLA<\/li>\n<li><strong>Tag<\/strong>: mantieniti organizzato e segnala problemi con etichette per clienti, regioni, aggiornamenti di ordini e altro ancora<\/li>\n<li><strong>Risposte predefinite:<\/strong> Risposte con modelli di email salvati per risposte pi\u00f9 rapide<\/li>\n<li><strong>Controlla il tuo calendario<\/strong>: collega il tuo calendario Google o Office 365 per gestire le riunioni e pianificare senza problemi<\/li>\n<li><strong>Collega le tue app preferite<\/strong>: la soluzione si integra con oltre 50 app come Salesforce, Asana e Drift per aiutarti a mantenere il lavoro sincronizzato<\/li>\n<li><strong>Personalizzata<\/strong>: le API aperte consentono di integrare facilmente qualsiasi servizio di messaggistica, estrarre dati dai sistemi di back-end e altro ancora<\/li>\n<\/ul>\n<h4>LE RECENSIONI DEGLI UTENTI<\/h4>\n<h4 class=\"font-weight-bold my-1 d-flex align-items-center\">Carlos mario S.\u00a0&#8220;Passa a Front e non devi pi\u00f9 Cc!&#8221;<\/h4>\n<p><strong>Commenti: <\/strong>Nel complesso, Front \u00e8 fantastico! Ha pi\u00f9 opzioni e funzionalit\u00e0 per semplificarti la vita. Puoi creare &#8220;tag&#8221; per le tue email e archiviarle nella stessa cartella. Puoi anche &#8220;posticipare&#8221; un&#8217;email per un determinato giorno e ora in modo da non dimenticartene. C&#8217;\u00e8 qualcosa che mi piace davvero ed \u00e8 la funzione &#8220;nuova discussione&#8221; in cui puoi selezionare i tuoi compagni di squadra, argomento di discussione, aggiungere commenti piuttosto che inviare una email regolare (questo ti aiuter\u00e0 a evitare centinaia di email per il stessa discussione)<\/p>\n<p><strong>Vantaggi: <\/strong>Quello che mi piace di pi\u00f9 di Front \u00e8 che non devo pi\u00f9 usare l&#8217;opzione Cc nelle email. Front ha molte opzioni fantastiche e una di queste si chiama &#8220;menzione&#8221; Supponiamo che un cliente ti scriva e tu non sei la persona di contatto corretta per quell&#8217;email: con il nostro precedente fornitore di posta elettronica abbiamo dovuto esaminarlo e scrivi qualcosa come &#8220;Sto copiando Karen qui che ti aiuter\u00e0 con la tua richiesta&#8221; e copia il nome di Karen nello spazio Cc. Ma con Front ora dobbiamo solo &#8220;assegnare&#8221; quell&#8217;e-mail al collega giusto e scomparir\u00e0 dalla tua casella di posta. Quindi passer\u00e0 automaticamente alla persona giusta e lui o lei risponder\u00e0 (senza che il cliente veda troppi reindirizzamenti di email alla parte corretta)<\/p>\n<p><strong>Inconvenienti: <\/strong>C&#8217;\u00e8 qualcosa che non ho trovato su Front ed \u00e8 l&#8217;opzione chiamata &#8220;richiama messaggio&#8221;. Quando si invia un messaggio, esiste un intervallo di 5 secondi per annullarlo, ma una volta inviato non \u00e8 possibile richiamarlo<\/p>\n<h4 class=\"font-weight-bold my-1 d-flex align-items-center\">Ari P.&#8221;Monitoraggio email condiviso senza la necessit\u00e0 di biglietti&#8221;<\/h4>\n<p><strong>Commenti: <\/strong>Avevamo troppe email da gestire per una cassetta postale di Outlook, nessuna integrazione con SMS o funzionalit\u00e0 di chat. Abbiamo risolto tutto questo con Front. Ora tutte le nostre comunicazioni sono in un unico posto per facilit\u00e0 d&#8217;uso e gestione.<\/p>\n<p><strong>Vantaggi: <\/strong>Front consente a pi\u00f9 team all&#8217;interno della mia azienda di gestire enormi quantit\u00e0 di email nelle caselle di posta condivise, soddisfare o superare gli SLA dei clienti e integrare perfettamente le nostre comunicazioni con i nostri sistemi di gestione. Ci piace anche che otteniamo tutte le stesse funzionalit\u00e0 del monitoraggio dei biglietti email, ma senza la necessit\u00e0 di comunicare le risposte e gli ID standard dei biglietti ai nostri clienti. Consente un impegno pi\u00f9 personale con i nostri clienti.<\/p>\n<p><strong>Inconvenienti: <\/strong>Il nostro team ha impiegato un po &#8216;di tempo per abituarsi alla nuova interfaccia in quanto era difficile separarsi da Outlook. Tuttavia, una volta acquisito il controllo di Front, hanno adorato le capacit\u00e0 di integrazione e monitoraggio che Outlook non ha.<\/p>\n<h4 class=\"font-weight-bold my-1 d-flex align-items-center\">Jake M.\u00a0&#8220;Collaborazione resa semplice!&#8221;<\/h4>\n<p><strong>Commenti: <\/strong>Consiglio vivamente Front al servizio clienti basato su team o ai team di supporto che possono trarre vantaggio da bozze, commenti, assegnazioni di thread, tag e snoozing condivisi. Il nostro team lavora con elevati rapporti con i clienti, per lo pi\u00f9 reattivi ma con un certo raggio d&#8217;azione proattivo, e Front ci consente di lavorare in modo collaborativo per guidare il successo dei clienti su larga scala in modo efficiente e coerente.<\/p>\n<p><strong>Vantaggi: <\/strong>In qualit\u00e0 di membro di un team di successo del cliente modello di team su larga scala, Front semplifica la collaborazione consentendo trasparenza su ci\u00f2 su cui il resto del team sta lavorando e con chi stanno parlando, facilit\u00e0 d&#8217;uso condividendo discussioni e contesto tra i team. Approfondimento delle comunicazioni passate con i clienti e integrazioni solide con G Suite e il nostro CRM tra le altre piattaforme. Il team di Front sta costantemente innovando oltre alle funzionalit\u00e0 esistenti per rendere la piattaforma sempre pi\u00f9 user-friendly e divertente da usare. Mi piace sicuramente l&#8217;interfaccia utente molto pi\u00f9 che lavorare su Gmail.<\/p>\n<p><strong>Inconvenienti: <\/strong>Preferisco la versione dell&#8217;app web di Front rispetto all&#8217;app desktop semplicemente perch\u00e9 mi piace avere tutti i miei strumenti in una finestra del browser e adoro le scorciatoie da tastiera esistenti sull&#8217;app web, ma so che ce ne sono molti altri su l&#8217;app desktop che mi piacerebbe vedere ha abilitato l&#8217;app web. A parte questo, non ho troppi reclami! Il loro team di prodotti risponde sempre ai feedback e quando ho un problema rispondono rapidamente alle mie preoccupazioni<\/p>\n","protected":false},"excerpt":{"rendered":"<p>Front \u00e8 una soluzione progettata per aiutare i team a gestire in modo efficiente la posta in arrivo, raccogliendo messaggi interni ed esterni in una casella di posta consolidata.\u00a0La soluzione pu\u00f2 essere integrata con una serie di software esistenti che vanno da Github a Salesforce, rendendo la comunicazione pi\u00f9 organizzata, tempestiva e reattiva.<\/p>\n","protected":false},"author":19,"featured_media":24356,"parent":5913,"menu_order":0,"comment_status":"open","ping_status":"closed","template":"g1_template_page_review_new.php","meta":{"_acf_changed":false,"cwp_meta_box_check":"Yes","cwp_rev_product_name":"","cwp_rev_product_image":"","wppr_links":[],"cwp_rev_price":"","wppr_options":[],"wppr_pros":[],"wppr_cons":[],"_monsterinsights_skip_tracking":false,"_monsterinsights_sitenote_active":false,"_monsterinsights_sitenote_note":"","_monsterinsights_sitenote_category":0,"footnotes":""},"categories":[119],"tags":[2310,2321,2323,2324,2312,2322,2311,2313],"features":[],"class_list":{"0":"post-24355","1":"page","2":"type-page","3":"status-publish","4":"has-post-thumbnail","6":"category-i-migliori-client-di-posta","7":"tag-email-client-software","8":"tag-front","9":"tag-gestione-email","10":"tag-gestione-messaggi-posta-elettronica","11":"tag-piattaforma-client-di-posta","12":"tag-programma-client-di-posta","13":"tag-software-client-di-posta","14":"tag-soluzione-client-di-posta"},"wppr_data":{"cwp_meta_box_check":"Yes","cwp_rev_product_name":"","cwp_rev_product_image":"","cwp_image_link":"image","cwp_rev_price":"","wppr_rating":"0.00"},"acf":[],"yoast_head":"<!-- This site is optimized with the Yoast SEO plugin v27.4 - https:\/\/yoast.com\/product\/yoast-seo-wordpress\/ -->\n<title>Front: recensione software client di posta - Accurate Reviews<\/title>\n<meta name=\"description\" content=\"Front: recensione soluzione progettata per i team a gestire in modo efficiente la posta in arrivo, raccogliendo messaggi in un&#039;unica casella di posta.\" \/>\n<meta name=\"robots\" content=\"index, follow, max-snippet:-1, max-image-preview:large, max-video-preview:-1\" \/>\n<link rel=\"canonical\" href=\"https:\/\/www.accuratereviews.com\/it\/client-di-posta\/front-recensione\/\" \/>\n<meta property=\"og:locale\" content=\"it_IT\" \/>\n<meta property=\"og:type\" content=\"article\" \/>\n<meta property=\"og:title\" content=\"Front: recensione software client di posta - Accurate Reviews\" \/>\n<meta property=\"og:description\" content=\"Front: recensione soluzione progettata per i team a gestire in modo efficiente la posta in arrivo, raccogliendo messaggi in un&#039;unica casella di posta.\" \/>\n<meta property=\"og:url\" content=\"https:\/\/www.accuratereviews.com\/it\/client-di-posta\/front-recensione\/\" \/>\n<meta property=\"og:site_name\" content=\"Accurate Reviews\" \/>\n<meta property=\"article:modified_time\" content=\"2020-08-11T16:55:10+00:00\" \/>\n<meta property=\"og:image\" content=\"https:\/\/www.accuratereviews.com\/wp-content\/uploads\/2020\/03\/FRONT.jpg\" \/>\n\t<meta property=\"og:image:width\" content=\"800\" \/>\n\t<meta property=\"og:image:height\" content=\"600\" \/>\n\t<meta property=\"og:image:type\" content=\"image\/jpeg\" \/>\n<meta name=\"twitter:card\" content=\"summary_large_image\" \/>\n<meta name=\"twitter:label1\" content=\"Tempo di lettura stimato\" \/>\n\t<meta name=\"twitter:data1\" content=\"5 minuti\" \/>\n<script type=\"application\/ld+json\" class=\"yoast-schema-graph\">{\"@context\":\"https:\\\/\\\/schema.org\",\"@graph\":[{\"@type\":\"WebPage\",\"@id\":\"https:\\\/\\\/www.accuratereviews.com\\\/it\\\/client-di-posta\\\/front-recensione\\\/\",\"url\":\"https:\\\/\\\/www.accuratereviews.com\\\/it\\\/client-di-posta\\\/front-recensione\\\/\",\"name\":\"Front: recensione software client di posta - Accurate Reviews\",\"isPartOf\":{\"@id\":\"https:\\\/\\\/www.accuratereviews.com\\\/it\\\/#website\"},\"primaryImageOfPage\":{\"@id\":\"https:\\\/\\\/www.accuratereviews.com\\\/it\\\/client-di-posta\\\/front-recensione\\\/#primaryimage\"},\"image\":{\"@id\":\"https:\\\/\\\/www.accuratereviews.com\\\/it\\\/client-di-posta\\\/front-recensione\\\/#primaryimage\"},\"thumbnailUrl\":\"https:\\\/\\\/www.accuratereviews.com\\\/wp-content\\\/uploads\\\/2020\\\/03\\\/FRONT.jpg\",\"datePublished\":\"2020-03-17T13:01:03+00:00\",\"dateModified\":\"2020-08-11T16:55:10+00:00\",\"description\":\"Front: recensione soluzione progettata per i team a gestire in modo efficiente la posta in arrivo, raccogliendo messaggi in un'unica casella di posta.\",\"breadcrumb\":{\"@id\":\"https:\\\/\\\/www.accuratereviews.com\\\/it\\\/client-di-posta\\\/front-recensione\\\/#breadcrumb\"},\"inLanguage\":\"it-IT\",\"potentialAction\":[{\"@type\":\"ReadAction\",\"target\":[\"https:\\\/\\\/www.accuratereviews.com\\\/it\\\/client-di-posta\\\/front-recensione\\\/\"]}]},{\"@type\":\"ImageObject\",\"inLanguage\":\"it-IT\",\"@id\":\"https:\\\/\\\/www.accuratereviews.com\\\/it\\\/client-di-posta\\\/front-recensione\\\/#primaryimage\",\"url\":\"https:\\\/\\\/www.accuratereviews.com\\\/wp-content\\\/uploads\\\/2020\\\/03\\\/FRONT.jpg\",\"contentUrl\":\"https:\\\/\\\/www.accuratereviews.com\\\/wp-content\\\/uploads\\\/2020\\\/03\\\/FRONT.jpg\",\"width\":800,\"height\":600},{\"@type\":\"BreadcrumbList\",\"@id\":\"https:\\\/\\\/www.accuratereviews.com\\\/it\\\/client-di-posta\\\/front-recensione\\\/#breadcrumb\",\"itemListElement\":[{\"@type\":\"ListItem\",\"position\":1,\"name\":\"Home\",\"item\":\"https:\\\/\\\/www.accuratereviews.com\\\/it\\\/\"},{\"@type\":\"ListItem\",\"position\":2,\"name\":\"Client di posta\",\"item\":\"https:\\\/\\\/www.accuratereviews.com\\\/it\\\/client-di-posta\\\/\"},{\"@type\":\"ListItem\",\"position\":3,\"name\":\"Front\"}]},{\"@type\":\"WebSite\",\"@id\":\"https:\\\/\\\/www.accuratereviews.com\\\/it\\\/#website\",\"url\":\"https:\\\/\\\/www.accuratereviews.com\\\/it\\\/\",\"name\":\"Accurate Reviews\",\"description\":\"\",\"potentialAction\":[{\"@type\":\"SearchAction\",\"target\":{\"@type\":\"EntryPoint\",\"urlTemplate\":\"https:\\\/\\\/www.accuratereviews.com\\\/it\\\/?s={search_term_string}\"},\"query-input\":{\"@type\":\"PropertyValueSpecification\",\"valueRequired\":true,\"valueName\":\"search_term_string\"}}],\"inLanguage\":\"it-IT\"}]}<\/script>\n<!-- \/ Yoast SEO plugin. -->","yoast_head_json":{"title":"Front: recensione software client di posta - Accurate Reviews","description":"Front: recensione soluzione progettata per i team a gestire in modo efficiente la posta in arrivo, raccogliendo messaggi in un'unica casella di posta.","robots":{"index":"index","follow":"follow","max-snippet":"max-snippet:-1","max-image-preview":"max-image-preview:large","max-video-preview":"max-video-preview:-1"},"canonical":"https:\/\/www.accuratereviews.com\/it\/client-di-posta\/front-recensione\/","og_locale":"it_IT","og_type":"article","og_title":"Front: recensione software client di posta - Accurate Reviews","og_description":"Front: recensione soluzione progettata per i team a gestire in modo efficiente la posta in arrivo, raccogliendo messaggi in un'unica casella di posta.","og_url":"https:\/\/www.accuratereviews.com\/it\/client-di-posta\/front-recensione\/","og_site_name":"Accurate Reviews","article_modified_time":"2020-08-11T16:55:10+00:00","og_image":[{"width":800,"height":600,"url":"https:\/\/www.accuratereviews.com\/wp-content\/uploads\/2020\/03\/FRONT.jpg","type":"image\/jpeg"}],"twitter_card":"summary_large_image","twitter_misc":{"Tempo di lettura stimato":"5 minuti"},"schema":{"@context":"https:\/\/schema.org","@graph":[{"@type":"WebPage","@id":"https:\/\/www.accuratereviews.com\/it\/client-di-posta\/front-recensione\/","url":"https:\/\/www.accuratereviews.com\/it\/client-di-posta\/front-recensione\/","name":"Front: recensione software client di posta - Accurate Reviews","isPartOf":{"@id":"https:\/\/www.accuratereviews.com\/it\/#website"},"primaryImageOfPage":{"@id":"https:\/\/www.accuratereviews.com\/it\/client-di-posta\/front-recensione\/#primaryimage"},"image":{"@id":"https:\/\/www.accuratereviews.com\/it\/client-di-posta\/front-recensione\/#primaryimage"},"thumbnailUrl":"https:\/\/www.accuratereviews.com\/wp-content\/uploads\/2020\/03\/FRONT.jpg","datePublished":"2020-03-17T13:01:03+00:00","dateModified":"2020-08-11T16:55:10+00:00","description":"Front: recensione soluzione progettata per i team a gestire in modo efficiente la posta in arrivo, raccogliendo messaggi in un'unica casella di posta.","breadcrumb":{"@id":"https:\/\/www.accuratereviews.com\/it\/client-di-posta\/front-recensione\/#breadcrumb"},"inLanguage":"it-IT","potentialAction":[{"@type":"ReadAction","target":["https:\/\/www.accuratereviews.com\/it\/client-di-posta\/front-recensione\/"]}]},{"@type":"ImageObject","inLanguage":"it-IT","@id":"https:\/\/www.accuratereviews.com\/it\/client-di-posta\/front-recensione\/#primaryimage","url":"https:\/\/www.accuratereviews.com\/wp-content\/uploads\/2020\/03\/FRONT.jpg","contentUrl":"https:\/\/www.accuratereviews.com\/wp-content\/uploads\/2020\/03\/FRONT.jpg","width":800,"height":600},{"@type":"BreadcrumbList","@id":"https:\/\/www.accuratereviews.com\/it\/client-di-posta\/front-recensione\/#breadcrumb","itemListElement":[{"@type":"ListItem","position":1,"name":"Home","item":"https:\/\/www.accuratereviews.com\/it\/"},{"@type":"ListItem","position":2,"name":"Client di posta","item":"https:\/\/www.accuratereviews.com\/it\/client-di-posta\/"},{"@type":"ListItem","position":3,"name":"Front"}]},{"@type":"WebSite","@id":"https:\/\/www.accuratereviews.com\/it\/#website","url":"https:\/\/www.accuratereviews.com\/it\/","name":"Accurate Reviews","description":"","potentialAction":[{"@type":"SearchAction","target":{"@type":"EntryPoint","urlTemplate":"https:\/\/www.accuratereviews.com\/it\/?s={search_term_string}"},"query-input":{"@type":"PropertyValueSpecification","valueRequired":true,"valueName":"search_term_string"}}],"inLanguage":"it-IT"}]}},"_links":{"self":[{"href":"https:\/\/www.accuratereviews.com\/it\/wp-json\/wp\/v2\/pages\/24355","targetHints":{"allow":["GET"]}}],"collection":[{"href":"https:\/\/www.accuratereviews.com\/it\/wp-json\/wp\/v2\/pages"}],"about":[{"href":"https:\/\/www.accuratereviews.com\/it\/wp-json\/wp\/v2\/types\/page"}],"author":[{"embeddable":true,"href":"https:\/\/www.accuratereviews.com\/it\/wp-json\/wp\/v2\/users\/19"}],"replies":[{"embeddable":true,"href":"https:\/\/www.accuratereviews.com\/it\/wp-json\/wp\/v2\/comments?post=24355"}],"version-history":[{"count":9,"href":"https:\/\/www.accuratereviews.com\/it\/wp-json\/wp\/v2\/pages\/24355\/revisions"}],"predecessor-version":[{"id":29581,"href":"https:\/\/www.accuratereviews.com\/it\/wp-json\/wp\/v2\/pages\/24355\/revisions\/29581"}],"up":[{"embeddable":true,"href":"https:\/\/www.accuratereviews.com\/it\/wp-json\/wp\/v2\/pages\/5913"}],"wp:featuredmedia":[{"embeddable":true,"href":"https:\/\/www.accuratereviews.com\/it\/wp-json\/wp\/v2\/media\/24356"}],"wp:attachment":[{"href":"https:\/\/www.accuratereviews.com\/it\/wp-json\/wp\/v2\/media?parent=24355"}],"wp:term":[{"taxonomy":"category","embeddable":true,"href":"https:\/\/www.accuratereviews.com\/it\/wp-json\/wp\/v2\/categories?post=24355"},{"taxonomy":"post_tag","embeddable":true,"href":"https:\/\/www.accuratereviews.com\/it\/wp-json\/wp\/v2\/tags?post=24355"},{"taxonomy":"features","embeddable":true,"href":"https:\/\/www.accuratereviews.com\/it\/wp-json\/wp\/v2\/features?post=24355"}],"curies":[{"name":"wp","href":"https:\/\/api.w.org\/{rel}","templated":true}]}}