{"id":24372,"date":"2020-03-17T13:01:55","date_gmt":"2020-03-17T13:01:55","guid":{"rendered":"https:\/\/www.accuratereviews.com\/?page_id=24372"},"modified":"2021-04-15T20:31:13","modified_gmt":"2021-04-15T20:31:13","slug":"gmail-recensione","status":"publish","type":"page","link":"https:\/\/www.accuratereviews.com\/it\/client-di-posta\/gmail-recensione\/","title":{"rendered":"Gmail"},"content":{"rendered":"<p><strong>Gmail<\/strong> \u00e8 un<strong> sistema di webmail gratuito<\/strong> e un servizio di posta elettronica di <strong>Google<\/strong> a cui gli utenti possono accedere su un browser web, tramite la sua app per dispositivi mobili Android e iOS o utilizzando programmi di terze parti. Fornisce una memoria email da 15 GB e la possibilit\u00e0 di inviare un messaggio con un massimo di 50 megabyte di file allegati. Inoltre, il programma, organizza email in cartelle e schede in cui i messaggi vengono inviati automaticamente a cartelle specifiche in base al loro tipo e sono classificate come principali, social, promozioni e altro. In pi\u00f9,\u00a0<strong>Gmail<\/strong> utilizza il thread delle conversazioni che organizza i messaggi e le conversazioni in thread, consentendo agli utenti di accedere ai precedenti messaggi correlati. Il sistema di webmail esegue automaticamente la scansione delle email per verificare eventuali allegati che potrebbero contenere virus o malware. Offre una funzionalit\u00e0 di filtro antispam che riconosce e tagga automaticamente tali messaggi e li archivia in una cartella spam.<\/p>\n<p>La versione a pagamento permette domini personalizzati, spazio maggiore, riunioni video, filtri antispam pi\u00f9 potenti.<\/p>\n<h2>GMAIL &#8211; TUTORIAL<\/h2>\n<p>Guardando il tutorial impareremo a creare e impostare al meglio questo strumento di<strong> client di posta<\/strong> creato da Google:<\/p>\n<div id=\"fluid-wrapper-counter-1\" class=\"g1-fluid-wrapper \" style=\"width:686px;\">\n<div style=\"padding-bottom:56.268221574344%;\"><iframe loading=\"lazy\" title=\"Gmail Tutorial - Quick Start Training\" width=\"686\" height=\"386\" src=\"https:\/\/www.youtube.com\/embed\/0D7H4p_luvs?feature=oembed&amp;wmode=transparent&amp;autohide=1&amp;autoplay=0&amp;disablekb=0&amp;fs=1&amp;loop=0&amp;enablejsapi=1&amp;rel=0&amp;controls=2&amp;showinfo=0&amp;wmode=transparent&amp;autohide=2&amp;autoplay=0&amp;disablekb=0&amp;fs=1&amp;loop=0&amp;enablejsapi=1&amp;rel=0&amp;controls=2&amp;showinfo=1\" frameborder=\"0\" allow=\"accelerometer; autoplay; clipboard-write; encrypted-media; gyroscope; picture-in-picture\" allowfullscreen><\/iframe><\/div>\n<\/div>\n<h3>GMAIL &#8211; CARATTERISTICHE<\/h3>\n<div class=\"content__title\">\n<ul>\n<li><strong>Aumenta la produttivit\u00e0<\/strong>: ti aiuta a risparmiare tempo e a fare pi\u00f9 cose con la tua posta in arrivo<\/li>\n<li><strong>Email protetta e senza pubblicit\u00e0<\/strong>: la soluzione ti mantiene aggiornato con notifiche dei messaggi in tempo reale e archivia in modo protetto le email e i dati pi\u00f9 importanti. Gli amministratori IT possono gestire gli account di tutta l&#8217;organizzazione e per tutti i dispositivi<\/li>\n<li><strong>Utilizza un indirizzo email personalizzato<\/strong>: assegna a tutti gli utenti della tua azienda un indirizzo email professionale nel dominio. Puoi anche creare mailing list di gruppo<\/li>\n<li><strong>Lavora senza interruzioni:<\/strong> accedi alla tua email sempre e ovunque, su qualsiasi dispositivo Non \u00e8 necessaria una connessione Internet. Leggi e scrivi bozze di messaggi per poi inviarle non appena sarai di nuovo online<\/li>\n<li class=\"h-c-headline h-c-headline--two\"><strong>Organizzati in un istante<\/strong>: guarda velocemente cosa c&#8217;\u00e8 di nuovo e decidi quali email leggere e a quali rispondere<\/li>\n<li class=\"h-c-headline h-c-headline--two\"><strong>Non restare indietro<\/strong>: ricevi solleciti che ti ricordino di rispondere ai messaggi, in modo che niente possa sfuggirti<\/li>\n<li class=\"h-c-headline h-c-headline--two\"><strong>Scegli cosa fare direttamente dalla posta in arrivo:<\/strong> visualizza gli allegati, conferma la tua presenza agli eventi, posticipa i messaggi e altro ancora senza aprire nessuna email<\/li>\n<li class=\"h-c-headline h-c-headline--two\"><strong>Evita le email sospette:<\/strong> la piattaforma blocca il 99,9% delle email pericolose prima che ti raggiungano<\/li>\n<\/ul>\n<h4>LE RECENSIONI DEGLI UTENTI<\/h4>\n<p><strong>Kate J: &#8220;Combatter\u00f2 sempre per usare Gmail&#8221;<\/strong><br \/>\nAttualmente utilizzo Gmail e Gsuite in tre aziende e mi consente di risparmiare una quantit\u00e0 incommensurabile di tempo e denaro.<br \/>\n<strong>Pro<\/strong>: gmail \u00e8 molto pi\u00f9 potente di quanto molti credano! Esistono cos\u00ec tante automazioni, regole, integrazioni, strumenti, etichette che possono essere sfruttate per * effettivamente ridurre * il carico di lavoro. Ho usato Office365 e davvero non credo che Outlook si avvicini nemmeno a coprire tutte le cose che Gmail pu\u00f2 fare. Anche le alterazioni visive che puoi apportare, per renderlo pi\u00f9 piacevole e unico sono fantastiche. Consiglio vivamente Gmail e prenditi il tempo per leggere quanto \u00e8 veramente potente!<br \/>\n<strong>Contro<\/strong>: non c&#8217;\u00e8 letteralmente niente che non mi piace di Gmail. Qualsiasi e-mail \/ mx inbox che ho avuto, ho sempre utilizzato Gmail.<\/p>\n<p><strong>Travis M. &#8220;Gmail la mia recensione&#8221;<\/strong><br \/>\nBene, ho avuto i miei momenti in cui ho dovuto letteralmente implorare di avere accesso a uno dei miei account a causa della dimenticanza delle mie password. Ma in questi giorni utilizzo il servizio di inoltro per incanalare tutte le mie e-mail in 1 casella di posta. \u00c8 cos\u00ec bello!<br \/>\n<strong>Pro<\/strong>: mi \u00e8 piaciuto che fosse un servizio gratuito che faceva parte delle offerte di Google. Il mio primo account email \u00e8 stato semplicissimo da configurare e adoro il fatto che chiunque abbia accesso a Internet possa creare un account.<br \/>\n<strong>Contro<\/strong>:\u00a0Non apprezzo davvero tutte le email di marketing che invadono la mia casella di posta dopo aver effettuato ricerche di servizi o articoli. Capisco che sia un ottimo modo per guadagnare vendendo queste informazioni a societ\u00e0 che pagano profumatamente per queste informazioni e che \u00e8 utile per attirare affari e conversazioni. Se ho bisogno di un idraulico, sono in grado di cercarlo e trovarne uno da solo. Onestamente, \u00e8 quasi sempre troppo piccolo, troppo tardi quando inizio a ricevere email che mi informano di un nuovo servizio in citt\u00e0 che sembra essere un servizio idraulico. Molto intelligente per\u00f2.<\/p>\n<p><strong>Maddie C. &#8220;Ti piace scrivere? Gmail \u00e8 il migliore!&#8221;<\/strong><br \/>\nDurante i miei anni di utilizzo, posso dire che, Gmail \u00e8 il pi\u00f9 facile da usare, non ha grandi complicazioni e ha misure di sicurezza sufficienti per proteggere i nostri dati pi\u00f9 preziosi, oltre al compito di dividere anche le email personali dei professionisti, inviando e ricevendo email facilmente. Diventando cos\u00ec, la migliore posta oggi. Lo consiglio vivamente!<br \/>\n<strong>Pro<\/strong>:\u00a0Gmail \u00e8 incredibilmente elegante e facile da usare, la sua funzione di chat in fondo \u00e8 fantastica, l&#8217;opzione per evidenziare i messaggi importanti \u00e8 perfetta. In generale, \u00e8 assolutamente affidabile ricevere e inviare e-mail in modo sicuro e, molto semplice, \u00e8 consentito utilizzarlo in modo professionale in aziende che proteggono in modo sicuro e affidabile, si pu\u00f2 dire che \u00e8 uno dei migliore e che collega anche il tuo account Gmail a programmi diversi pu\u00f2 fornire le tue informazioni se lo desideri. Considera che \u00e8 un&#8217;email eccellente per scrivere e ricevere informazioni preziose. Usalo!<br \/>\n<strong>Contro<\/strong>: a\u00a0volte Gmail, diventa un po &#8216;datato; in confronto, il client di posta mac \u00e8 pi\u00f9 moderno. Nessuno degli strumenti di segmentazione funziona. Per esempio; Non vi \u00e8 alcun vantaggio nel dividere le email &#8220;social&#8221; da &#8220;promozioni&#8221;. Pertanto, non lo uso, penso che questo sarebbe un punto di miglioramento.<\/p>\n<\/div>\n","protected":false},"excerpt":{"rendered":"<p>Gmail \u00e8 un sistema di webmail gratuito e un servizio di posta elettronica di Google a cui gli utenti possono accedere su un browser web, tramite la sua app per dispositivi mobili Android e iOS o utilizzando programmi di terze parti. Fornisce una memoria email da 15 GB e la possibilit\u00e0 di inviare un messaggio con un massimo di 50 megabyte di file allegati.<\/p>\n","protected":false},"author":19,"featured_media":24373,"parent":5913,"menu_order":0,"comment_status":"open","ping_status":"closed","template":"g1_template_page_review_new.php","meta":{"_acf_changed":false,"cwp_meta_box_check":"Yes","cwp_rev_product_name":"","cwp_rev_product_image":"","wppr_links":[],"cwp_rev_price":"","wppr_options":[],"wppr_pros":[],"wppr_cons":[],"_monsterinsights_skip_tracking":false,"_monsterinsights_sitenote_active":false,"_monsterinsights_sitenote_note":"","_monsterinsights_sitenote_category":0,"footnotes":""},"categories":[119,5594],"tags":[2328,2329,2310,428,1011,2312,2311,2313],"features":[],"class_list":{"0":"post-24372","1":"page","2":"type-page","3":"status-publish","4":"has-post-thumbnail","6":"category-i-migliori-client-di-posta","7":"category-client-di-posta-per-dispositivi-mobile-categoria","8":"tag-app-per-android","9":"tag-app-per-ios","10":"tag-email-client-software","11":"tag-gmail","12":"tag-google","13":"tag-piattaforma-client-di-posta","14":"tag-software-client-di-posta","15":"tag-soluzione-client-di-posta"},"wppr_data":{"cwp_meta_box_check":"Yes","cwp_rev_product_name":"","cwp_rev_product_image":"","cwp_image_link":"image","cwp_rev_price":"","wppr_rating":"0.00"},"acf":[],"yoast_head":"<!-- This site is optimized with the Yoast SEO plugin v27.4 - https:\/\/yoast.com\/product\/yoast-seo-wordpress\/ -->\n<title>Gmail: recensione software client di posta - Accurate Reviews<\/title>\n<meta name=\"description\" content=\"Gmail: recensione sistema di client di posta elettronica sviluppato da Google ideale per avere tutti gli strumenti di cui hai bisogno a portata di mano.\" \/>\n<meta name=\"robots\" content=\"index, follow, max-snippet:-1, max-image-preview:large, max-video-preview:-1\" \/>\n<link rel=\"canonical\" href=\"https:\/\/www.accuratereviews.com\/it\/client-di-posta\/gmail-recensione\/\" \/>\n<meta property=\"og:locale\" content=\"it_IT\" \/>\n<meta property=\"og:type\" content=\"article\" \/>\n<meta property=\"og:title\" content=\"Gmail: recensione software client di posta - Accurate Reviews\" \/>\n<meta property=\"og:description\" content=\"Gmail: recensione sistema di client di posta elettronica sviluppato da Google ideale per avere tutti gli strumenti di cui hai bisogno a portata di mano.\" \/>\n<meta property=\"og:url\" content=\"https:\/\/www.accuratereviews.com\/it\/client-di-posta\/gmail-recensione\/\" \/>\n<meta property=\"og:site_name\" content=\"Accurate Reviews\" \/>\n<meta property=\"article:modified_time\" content=\"2021-04-15T20:31:13+00:00\" \/>\n<meta property=\"og:image\" content=\"https:\/\/www.accuratereviews.com\/wp-content\/uploads\/2020\/03\/GMAIL.jpg\" \/>\n\t<meta property=\"og:image:width\" content=\"760\" \/>\n\t<meta property=\"og:image:height\" content=\"380\" \/>\n\t<meta property=\"og:image:type\" content=\"image\/jpeg\" \/>\n<meta name=\"twitter:card\" content=\"summary_large_image\" \/>\n<meta name=\"twitter:label1\" content=\"Tempo di lettura stimato\" \/>\n\t<meta name=\"twitter:data1\" content=\"5 minuti\" \/>\n<script type=\"application\/ld+json\" class=\"yoast-schema-graph\">{\"@context\":\"https:\\\/\\\/schema.org\",\"@graph\":[{\"@type\":\"WebPage\",\"@id\":\"https:\\\/\\\/www.accuratereviews.com\\\/it\\\/client-di-posta\\\/gmail-recensione\\\/\",\"url\":\"https:\\\/\\\/www.accuratereviews.com\\\/it\\\/client-di-posta\\\/gmail-recensione\\\/\",\"name\":\"Gmail: recensione software client di posta - Accurate Reviews\",\"isPartOf\":{\"@id\":\"https:\\\/\\\/www.accuratereviews.com\\\/it\\\/#website\"},\"primaryImageOfPage\":{\"@id\":\"https:\\\/\\\/www.accuratereviews.com\\\/it\\\/client-di-posta\\\/gmail-recensione\\\/#primaryimage\"},\"image\":{\"@id\":\"https:\\\/\\\/www.accuratereviews.com\\\/it\\\/client-di-posta\\\/gmail-recensione\\\/#primaryimage\"},\"thumbnailUrl\":\"https:\\\/\\\/www.accuratereviews.com\\\/wp-content\\\/uploads\\\/2020\\\/03\\\/GMAIL.jpg\",\"datePublished\":\"2020-03-17T13:01:55+00:00\",\"dateModified\":\"2021-04-15T20:31:13+00:00\",\"description\":\"Gmail: recensione sistema di client di posta elettronica sviluppato da Google ideale per avere tutti gli strumenti di cui hai bisogno a portata di mano.\",\"breadcrumb\":{\"@id\":\"https:\\\/\\\/www.accuratereviews.com\\\/it\\\/client-di-posta\\\/gmail-recensione\\\/#breadcrumb\"},\"inLanguage\":\"it-IT\",\"potentialAction\":[{\"@type\":\"ReadAction\",\"target\":[\"https:\\\/\\\/www.accuratereviews.com\\\/it\\\/client-di-posta\\\/gmail-recensione\\\/\"]}]},{\"@type\":\"ImageObject\",\"inLanguage\":\"it-IT\",\"@id\":\"https:\\\/\\\/www.accuratereviews.com\\\/it\\\/client-di-posta\\\/gmail-recensione\\\/#primaryimage\",\"url\":\"https:\\\/\\\/www.accuratereviews.com\\\/wp-content\\\/uploads\\\/2020\\\/03\\\/GMAIL.jpg\",\"contentUrl\":\"https:\\\/\\\/www.accuratereviews.com\\\/wp-content\\\/uploads\\\/2020\\\/03\\\/GMAIL.jpg\",\"width\":760,\"height\":380},{\"@type\":\"BreadcrumbList\",\"@id\":\"https:\\\/\\\/www.accuratereviews.com\\\/it\\\/client-di-posta\\\/gmail-recensione\\\/#breadcrumb\",\"itemListElement\":[{\"@type\":\"ListItem\",\"position\":1,\"name\":\"Home\",\"item\":\"https:\\\/\\\/www.accuratereviews.com\\\/it\\\/\"},{\"@type\":\"ListItem\",\"position\":2,\"name\":\"Client di posta\",\"item\":\"https:\\\/\\\/www.accuratereviews.com\\\/it\\\/client-di-posta\\\/\"},{\"@type\":\"ListItem\",\"position\":3,\"name\":\"Gmail\"}]},{\"@type\":\"WebSite\",\"@id\":\"https:\\\/\\\/www.accuratereviews.com\\\/it\\\/#website\",\"url\":\"https:\\\/\\\/www.accuratereviews.com\\\/it\\\/\",\"name\":\"Accurate Reviews\",\"description\":\"\",\"potentialAction\":[{\"@type\":\"SearchAction\",\"target\":{\"@type\":\"EntryPoint\",\"urlTemplate\":\"https:\\\/\\\/www.accuratereviews.com\\\/it\\\/?s={search_term_string}\"},\"query-input\":{\"@type\":\"PropertyValueSpecification\",\"valueRequired\":true,\"valueName\":\"search_term_string\"}}],\"inLanguage\":\"it-IT\"}]}<\/script>\n<!-- \/ Yoast SEO plugin. -->","yoast_head_json":{"title":"Gmail: recensione software client di posta - Accurate Reviews","description":"Gmail: recensione sistema di client di posta elettronica sviluppato da Google ideale per avere tutti gli strumenti di cui hai bisogno a portata di mano.","robots":{"index":"index","follow":"follow","max-snippet":"max-snippet:-1","max-image-preview":"max-image-preview:large","max-video-preview":"max-video-preview:-1"},"canonical":"https:\/\/www.accuratereviews.com\/it\/client-di-posta\/gmail-recensione\/","og_locale":"it_IT","og_type":"article","og_title":"Gmail: recensione software client di posta - Accurate Reviews","og_description":"Gmail: recensione sistema di client di posta elettronica sviluppato da Google ideale per avere tutti gli strumenti di cui hai bisogno a portata di mano.","og_url":"https:\/\/www.accuratereviews.com\/it\/client-di-posta\/gmail-recensione\/","og_site_name":"Accurate Reviews","article_modified_time":"2021-04-15T20:31:13+00:00","og_image":[{"width":760,"height":380,"url":"https:\/\/www.accuratereviews.com\/wp-content\/uploads\/2020\/03\/GMAIL.jpg","type":"image\/jpeg"}],"twitter_card":"summary_large_image","twitter_misc":{"Tempo di lettura stimato":"5 minuti"},"schema":{"@context":"https:\/\/schema.org","@graph":[{"@type":"WebPage","@id":"https:\/\/www.accuratereviews.com\/it\/client-di-posta\/gmail-recensione\/","url":"https:\/\/www.accuratereviews.com\/it\/client-di-posta\/gmail-recensione\/","name":"Gmail: recensione software client di posta - Accurate Reviews","isPartOf":{"@id":"https:\/\/www.accuratereviews.com\/it\/#website"},"primaryImageOfPage":{"@id":"https:\/\/www.accuratereviews.com\/it\/client-di-posta\/gmail-recensione\/#primaryimage"},"image":{"@id":"https:\/\/www.accuratereviews.com\/it\/client-di-posta\/gmail-recensione\/#primaryimage"},"thumbnailUrl":"https:\/\/www.accuratereviews.com\/wp-content\/uploads\/2020\/03\/GMAIL.jpg","datePublished":"2020-03-17T13:01:55+00:00","dateModified":"2021-04-15T20:31:13+00:00","description":"Gmail: recensione sistema di client di posta elettronica sviluppato da Google ideale per avere tutti gli strumenti di cui hai bisogno a portata di mano.","breadcrumb":{"@id":"https:\/\/www.accuratereviews.com\/it\/client-di-posta\/gmail-recensione\/#breadcrumb"},"inLanguage":"it-IT","potentialAction":[{"@type":"ReadAction","target":["https:\/\/www.accuratereviews.com\/it\/client-di-posta\/gmail-recensione\/"]}]},{"@type":"ImageObject","inLanguage":"it-IT","@id":"https:\/\/www.accuratereviews.com\/it\/client-di-posta\/gmail-recensione\/#primaryimage","url":"https:\/\/www.accuratereviews.com\/wp-content\/uploads\/2020\/03\/GMAIL.jpg","contentUrl":"https:\/\/www.accuratereviews.com\/wp-content\/uploads\/2020\/03\/GMAIL.jpg","width":760,"height":380},{"@type":"BreadcrumbList","@id":"https:\/\/www.accuratereviews.com\/it\/client-di-posta\/gmail-recensione\/#breadcrumb","itemListElement":[{"@type":"ListItem","position":1,"name":"Home","item":"https:\/\/www.accuratereviews.com\/it\/"},{"@type":"ListItem","position":2,"name":"Client di posta","item":"https:\/\/www.accuratereviews.com\/it\/client-di-posta\/"},{"@type":"ListItem","position":3,"name":"Gmail"}]},{"@type":"WebSite","@id":"https:\/\/www.accuratereviews.com\/it\/#website","url":"https:\/\/www.accuratereviews.com\/it\/","name":"Accurate Reviews","description":"","potentialAction":[{"@type":"SearchAction","target":{"@type":"EntryPoint","urlTemplate":"https:\/\/www.accuratereviews.com\/it\/?s={search_term_string}"},"query-input":{"@type":"PropertyValueSpecification","valueRequired":true,"valueName":"search_term_string"}}],"inLanguage":"it-IT"}]}},"_links":{"self":[{"href":"https:\/\/www.accuratereviews.com\/it\/wp-json\/wp\/v2\/pages\/24372","targetHints":{"allow":["GET"]}}],"collection":[{"href":"https:\/\/www.accuratereviews.com\/it\/wp-json\/wp\/v2\/pages"}],"about":[{"href":"https:\/\/www.accuratereviews.com\/it\/wp-json\/wp\/v2\/types\/page"}],"author":[{"embeddable":true,"href":"https:\/\/www.accuratereviews.com\/it\/wp-json\/wp\/v2\/users\/19"}],"replies":[{"embeddable":true,"href":"https:\/\/www.accuratereviews.com\/it\/wp-json\/wp\/v2\/comments?post=24372"}],"version-history":[{"count":16,"href":"https:\/\/www.accuratereviews.com\/it\/wp-json\/wp\/v2\/pages\/24372\/revisions"}],"predecessor-version":[{"id":40056,"href":"https:\/\/www.accuratereviews.com\/it\/wp-json\/wp\/v2\/pages\/24372\/revisions\/40056"}],"up":[{"embeddable":true,"href":"https:\/\/www.accuratereviews.com\/it\/wp-json\/wp\/v2\/pages\/5913"}],"wp:featuredmedia":[{"embeddable":true,"href":"https:\/\/www.accuratereviews.com\/it\/wp-json\/wp\/v2\/media\/24373"}],"wp:attachment":[{"href":"https:\/\/www.accuratereviews.com\/it\/wp-json\/wp\/v2\/media?parent=24372"}],"wp:term":[{"taxonomy":"category","embeddable":true,"href":"https:\/\/www.accuratereviews.com\/it\/wp-json\/wp\/v2\/categories?post=24372"},{"taxonomy":"post_tag","embeddable":true,"href":"https:\/\/www.accuratereviews.com\/it\/wp-json\/wp\/v2\/tags?post=24372"},{"taxonomy":"features","embeddable":true,"href":"https:\/\/www.accuratereviews.com\/it\/wp-json\/wp\/v2\/features?post=24372"}],"curies":[{"name":"wp","href":"https:\/\/api.w.org\/{rel}","templated":true}]}}