{"id":24488,"date":"2020-03-19T14:24:51","date_gmt":"2020-03-19T14:24:51","guid":{"rendered":"https:\/\/www.accuratereviews.com\/?page_id=24488"},"modified":"2021-12-01T08:39:52","modified_gmt":"2021-12-01T08:39:52","slug":"topsec-email-security-recensione","status":"publish","type":"page","link":"https:\/\/www.accuratereviews.com\/it\/client-di-posta\/topsec-email-security-recensione\/","title":{"rendered":"Topsec Email Security"},"content":{"rendered":"<p><strong>Topsec Email Security<\/strong> \u00e8 un servizio di <strong>filtro e-mail basato sul web<\/strong> che fornisce protezione da virus e spam e aiuta le organizzazioni a prevenire minacce nuove ed emergenti alla propria rete. Questa soluzione <strong>analizza tutta la posta in arrivo<\/strong> alla ricerca di spam e in caso ne rilevi \u00a0li mette in quarantena secondo la politica dell&#8217;azienda. Ha pi\u00f9 livelli di controlli di sicurezza che vengono applicati alle email sia in entrata che in uscita. Questo software offre agli utenti una visibilit\u00e0 completa tramite dashboard, funzioni di riepilogo e reportistica. La funzionalit\u00e0 di archiviazione delle email consente agli utenti di conservare i messaggi e offre una rapida capacit\u00e0 di ricerca. Questo aiuta a prevenire la perdita di dati o qualsiasi danno al valore del marchio di un&#8217;azienda.<\/p>\n<p><a href=\"https:\/\/www.accuratereviews.com\/wp-content\/uploads\/2020\/03\/Schermata-2020-03-19-alle-12.45.13-copia.png\"><img loading=\"lazy\" decoding=\"async\" class=\"alignnone size-full wp-image-24496\" src=\"https:\/\/www.accuratereviews.com\/wp-content\/uploads\/2020\/03\/Schermata-2020-03-19-alle-12.45.13-copia.png\" alt=\"\" width=\"1136\" height=\"442\" srcset=\"https:\/\/www.accuratereviews.com\/wp-content\/uploads\/2020\/03\/Schermata-2020-03-19-alle-12.45.13-copia.png 1136w, https:\/\/www.accuratereviews.com\/wp-content\/uploads\/2020\/03\/Schermata-2020-03-19-alle-12.45.13-copia-300x117.png 300w, https:\/\/www.accuratereviews.com\/wp-content\/uploads\/2020\/03\/Schermata-2020-03-19-alle-12.45.13-copia-1024x398.png 1024w, https:\/\/www.accuratereviews.com\/wp-content\/uploads\/2020\/03\/Schermata-2020-03-19-alle-12.45.13-copia-768x299.png 768w, https:\/\/www.accuratereviews.com\/wp-content\/uploads\/2020\/03\/Schermata-2020-03-19-alle-12.45.13-copia-260x101.png 260w, https:\/\/www.accuratereviews.com\/wp-content\/uploads\/2020\/03\/Schermata-2020-03-19-alle-12.45.13-copia-50x19.png 50w, https:\/\/www.accuratereviews.com\/wp-content\/uploads\/2020\/03\/Schermata-2020-03-19-alle-12.45.13-copia-968x377.png 968w, https:\/\/www.accuratereviews.com\/wp-content\/uploads\/2020\/03\/Schermata-2020-03-19-alle-12.45.13-copia-636x247.png 636w, https:\/\/www.accuratereviews.com\/wp-content\/uploads\/2020\/03\/Schermata-2020-03-19-alle-12.45.13-copia-320x125.png 320w, https:\/\/www.accuratereviews.com\/wp-content\/uploads\/2020\/03\/Schermata-2020-03-19-alle-12.45.13-copia-239x93.png 239w\" sizes=\"auto, (max-width: 1136px) 100vw, 1136px\" \/><\/a><\/p>\n<p>&nbsp;<\/p>\n<h2>TOPSEC EMAIL SECURITY &#8211; CARATTERISTICHE<\/h2>\n<ul>\n<li>Fornisce un servizio di filtro della posta elettronica per il contenuto e gli allegati della posta elettronica<\/li>\n<li>Rete globale sicura fornisce rassicurazioni sulla comunicazione online della tua azienda, impedendo allo spam indesiderato di raggiungere la tua rete<\/li>\n<li>Supporto 24 ore su 24 garantisce che la tua azienda sia sempre protetta<\/li>\n<li>Facile da implementare con una semplice modifica ai record MX e non richiede hardware o software<\/li>\n<li>Dashboard, riepilogo, report dettagliati e pianificati che offrono piena visibilit\u00e0 sulle prestazioni del servizio e sulle potenziali minacce e modelli di utilizzo all&#8217;interno dell&#8217;azienda<\/li>\n<li>Offre tranquillit\u00e0 e prestazioni garantite che consentono di concentrarsi sulla propria attivit\u00e0<\/li>\n<li>Protegge la larghezza di banda aziendale per web, VoIP e altri sistemi critici<\/li>\n<li>Offre un&#8217;efficace protezione anti-spam dalle tecniche di spam nuove ed emergenti<\/li>\n<\/ul>\n<p><strong>LE RECENSIONI DEGLI UTENTI<\/strong><\/p>\n<h4 class=\"font-weight-bold my-1 d-flex align-items-center\">David I.\u00a0&#8220;Recensione di Topsec&#8221;<\/h4>\n<p><strong>Commenti: <\/strong>Dal primo giorno Topsec e il team hanno reso tutto perfetto per noi e per i nostri clienti. Come rivenditore ci affidiamo a prodotti di alto livello con servizi di supporto adeguati e Topsec offre questo!\u00a0Non esiterei a raccomandare sia loro che i loro prodotti a chiunque cerchi di migliorare la propria sicurezza.<\/p>\n<p><strong>Vantaggi: <\/strong>Il software Topsec si \u00e8 dimostrato pi\u00f9 volte. Il loro portale \u00e8 facile da usare e la sicurezza non \u00e8 seconda a nessuno.<\/p>\n<p><strong>Inconvenienti: <\/strong>Non ha avuto un singolo problema con nessuna delle nostre installazioni.<\/p>\n<h4 class=\"font-weight-bold my-1 d-flex align-items-center\">Patrice C.\u00a0&#8220;Top Sec Sicurezza email&#8221;<\/h4>\n<p><strong>Commenti: <\/strong>Ho avuto un&#8217;ottima esperienza con Topsec. Il personale \u00e8 sempre pronto e molto disponibile<\/p>\n<p><strong>Vantaggi: <\/strong>La sicurezza dei nostri sistemi interni \u00e8 ben protetta in quanto le email con virus vengono bloccate prima dell&#8217;accesso al sistema.<\/p>\n<p><strong>Inconvenienti: <\/strong>Breve periodo di tempo per cui viene trattenuta un&#8217;e-mail bloccata.<\/p>\n<h4 class=\"font-weight-bold my-1 d-flex align-items-center\">Des M.\u00a0&#8220;Prodotto eccellente&#8221;<\/h4>\n<p><strong>Commenti: <\/strong>Topsec Email Security \u00e8 stato il nostro sistema di filtro antispam preferito negli ultimi 3-4 anni e continuiamo a raccomandarlo.<\/p>\n<p><strong>Vantaggi: <\/strong>Utilizziamo questo prodotto da diversi anni e lo consigliamo a tutti i nostri clienti per il filtro email.\u00a0\u00c8 molto facile da installare: Topsec configura e gestisce le regole come richiesto.\u00a0I nostri clienti possono gestire la propria quarantena e whitelist oppure possiamo gestirli per loro, se necessario.\u00a0Il filtro URL per i collegamenti nelle -mail aggiunge un ulteriore livello di protezione.\u00a0Il supporto di Topsec \u00e8 eccellente.<\/p>\n<p><strong>Inconvenienti: <\/strong>Molto poco.\u00a0Posso accedere al portale solo da indirizzi IP specifici che possono essere un po &#8216;restrittivi quando siamo fuori sede.<\/p>\n","protected":false},"excerpt":{"rendered":"<p>Topsec Email Security \u00e8 un servizio di filtro e-mail basato sul web che fornisce protezione da virus e spam e aiuta le organizzazioni a prevenire minacce nuove ed emergenti alla propria rete. Questa soluzione analizza tutta la posta in arrivo alla ricerca di spam e in caso ne rilevi \u00a0li mette in quarantena secondo la politica dell&#8217;azienda.<\/p>\n","protected":false},"author":19,"featured_media":24490,"parent":5913,"menu_order":0,"comment_status":"open","ping_status":"closed","template":"g1_template_page_review_new.php","meta":{"_acf_changed":false,"cwp_meta_box_check":"Yes","cwp_rev_product_name":"","cwp_rev_product_image":"","wppr_links":[],"cwp_rev_price":"","wppr_options":[],"wppr_pros":[],"wppr_cons":[],"_monsterinsights_skip_tracking":false,"_monsterinsights_sitenote_active":false,"_monsterinsights_sitenote_note":"","_monsterinsights_sitenote_category":0,"footnotes":""},"categories":[119],"tags":[2310,2312,2322,2311,2313,2352],"features":[],"class_list":{"0":"post-24488","1":"page","2":"type-page","3":"status-publish","4":"has-post-thumbnail","6":"category-i-migliori-client-di-posta","7":"tag-email-client-software","8":"tag-piattaforma-client-di-posta","9":"tag-programma-client-di-posta","10":"tag-software-client-di-posta","11":"tag-soluzione-client-di-posta","12":"tag-topsec-email-security"},"wppr_data":{"cwp_meta_box_check":"Yes","cwp_rev_product_name":"","cwp_rev_product_image":"","cwp_image_link":"image","cwp_rev_price":"","wppr_rating":"0.00"},"acf":[],"yoast_head":"<!-- This site is optimized with the Yoast SEO plugin v27.4 - https:\/\/yoast.com\/product\/yoast-seo-wordpress\/ -->\n<title>Topsec Email Security: recensione client di posta - Accurate Reviews<\/title>\n<meta name=\"description\" content=\"Topsec Email Security: recensione servizio di filtro email basato sul web che fornisce protezione da virus e spam e aiuta le aziende a prevenire minacce.\" \/>\n<meta name=\"robots\" content=\"index, follow, max-snippet:-1, max-image-preview:large, max-video-preview:-1\" \/>\n<link rel=\"canonical\" href=\"https:\/\/www.accuratereviews.com\/it\/client-di-posta\/topsec-email-security-recensione\/\" \/>\n<meta property=\"og:locale\" content=\"it_IT\" \/>\n<meta property=\"og:type\" content=\"article\" \/>\n<meta property=\"og:title\" content=\"Topsec Email Security: recensione client di posta - Accurate Reviews\" \/>\n<meta property=\"og:description\" content=\"Topsec Email Security: recensione servizio di filtro email basato sul web che fornisce protezione da virus e spam e aiuta le aziende a prevenire minacce.\" \/>\n<meta property=\"og:url\" content=\"https:\/\/www.accuratereviews.com\/it\/client-di-posta\/topsec-email-security-recensione\/\" \/>\n<meta property=\"og:site_name\" content=\"Accurate Reviews\" \/>\n<meta property=\"article:modified_time\" content=\"2021-12-01T08:39:52+00:00\" \/>\n<meta property=\"og:image\" content=\"https:\/\/www.accuratereviews.com\/wp-content\/uploads\/2020\/03\/Topsec-Email-Security.jpg\" \/>\n\t<meta property=\"og:image:width\" content=\"1052\" \/>\n\t<meta property=\"og:image:height\" content=\"1078\" \/>\n\t<meta property=\"og:image:type\" content=\"image\/jpeg\" \/>\n<meta name=\"twitter:card\" content=\"summary_large_image\" \/>\n<meta name=\"twitter:label1\" content=\"Tempo di lettura stimato\" \/>\n\t<meta name=\"twitter:data1\" content=\"3 minuti\" \/>\n<script type=\"application\/ld+json\" class=\"yoast-schema-graph\">{\"@context\":\"https:\\\/\\\/schema.org\",\"@graph\":[{\"@type\":\"WebPage\",\"@id\":\"https:\\\/\\\/www.accuratereviews.com\\\/it\\\/client-di-posta\\\/topsec-email-security-recensione\\\/\",\"url\":\"https:\\\/\\\/www.accuratereviews.com\\\/it\\\/client-di-posta\\\/topsec-email-security-recensione\\\/\",\"name\":\"Topsec Email Security: recensione client di posta - Accurate Reviews\",\"isPartOf\":{\"@id\":\"https:\\\/\\\/www.accuratereviews.com\\\/it\\\/#website\"},\"primaryImageOfPage\":{\"@id\":\"https:\\\/\\\/www.accuratereviews.com\\\/it\\\/client-di-posta\\\/topsec-email-security-recensione\\\/#primaryimage\"},\"image\":{\"@id\":\"https:\\\/\\\/www.accuratereviews.com\\\/it\\\/client-di-posta\\\/topsec-email-security-recensione\\\/#primaryimage\"},\"thumbnailUrl\":\"https:\\\/\\\/www.accuratereviews.com\\\/wp-content\\\/uploads\\\/2020\\\/03\\\/Topsec-Email-Security.jpg\",\"datePublished\":\"2020-03-19T14:24:51+00:00\",\"dateModified\":\"2021-12-01T08:39:52+00:00\",\"description\":\"Topsec Email Security: recensione servizio di filtro email basato sul web che fornisce protezione da virus e spam e aiuta le aziende a prevenire minacce.\",\"breadcrumb\":{\"@id\":\"https:\\\/\\\/www.accuratereviews.com\\\/it\\\/client-di-posta\\\/topsec-email-security-recensione\\\/#breadcrumb\"},\"inLanguage\":\"it-IT\",\"potentialAction\":[{\"@type\":\"ReadAction\",\"target\":[\"https:\\\/\\\/www.accuratereviews.com\\\/it\\\/client-di-posta\\\/topsec-email-security-recensione\\\/\"]}]},{\"@type\":\"ImageObject\",\"inLanguage\":\"it-IT\",\"@id\":\"https:\\\/\\\/www.accuratereviews.com\\\/it\\\/client-di-posta\\\/topsec-email-security-recensione\\\/#primaryimage\",\"url\":\"https:\\\/\\\/www.accuratereviews.com\\\/wp-content\\\/uploads\\\/2020\\\/03\\\/Topsec-Email-Security.jpg\",\"contentUrl\":\"https:\\\/\\\/www.accuratereviews.com\\\/wp-content\\\/uploads\\\/2020\\\/03\\\/Topsec-Email-Security.jpg\",\"width\":1052,\"height\":1078},{\"@type\":\"BreadcrumbList\",\"@id\":\"https:\\\/\\\/www.accuratereviews.com\\\/it\\\/client-di-posta\\\/topsec-email-security-recensione\\\/#breadcrumb\",\"itemListElement\":[{\"@type\":\"ListItem\",\"position\":1,\"name\":\"Home\",\"item\":\"https:\\\/\\\/www.accuratereviews.com\\\/it\\\/\"},{\"@type\":\"ListItem\",\"position\":2,\"name\":\"Client di posta\",\"item\":\"https:\\\/\\\/www.accuratereviews.com\\\/it\\\/client-di-posta\\\/\"},{\"@type\":\"ListItem\",\"position\":3,\"name\":\"Topsec Email Security\"}]},{\"@type\":\"WebSite\",\"@id\":\"https:\\\/\\\/www.accuratereviews.com\\\/it\\\/#website\",\"url\":\"https:\\\/\\\/www.accuratereviews.com\\\/it\\\/\",\"name\":\"Accurate Reviews\",\"description\":\"\",\"potentialAction\":[{\"@type\":\"SearchAction\",\"target\":{\"@type\":\"EntryPoint\",\"urlTemplate\":\"https:\\\/\\\/www.accuratereviews.com\\\/it\\\/?s={search_term_string}\"},\"query-input\":{\"@type\":\"PropertyValueSpecification\",\"valueRequired\":true,\"valueName\":\"search_term_string\"}}],\"inLanguage\":\"it-IT\"}]}<\/script>\n<!-- \/ Yoast SEO plugin. -->","yoast_head_json":{"title":"Topsec Email Security: recensione client di posta - Accurate Reviews","description":"Topsec Email Security: recensione servizio di filtro email basato sul web che fornisce protezione da virus e spam e aiuta le aziende a prevenire minacce.","robots":{"index":"index","follow":"follow","max-snippet":"max-snippet:-1","max-image-preview":"max-image-preview:large","max-video-preview":"max-video-preview:-1"},"canonical":"https:\/\/www.accuratereviews.com\/it\/client-di-posta\/topsec-email-security-recensione\/","og_locale":"it_IT","og_type":"article","og_title":"Topsec Email Security: recensione client di posta - Accurate Reviews","og_description":"Topsec Email Security: recensione servizio di filtro email basato sul web che fornisce protezione da virus e spam e aiuta le aziende a prevenire minacce.","og_url":"https:\/\/www.accuratereviews.com\/it\/client-di-posta\/topsec-email-security-recensione\/","og_site_name":"Accurate Reviews","article_modified_time":"2021-12-01T08:39:52+00:00","og_image":[{"width":1052,"height":1078,"url":"https:\/\/www.accuratereviews.com\/wp-content\/uploads\/2020\/03\/Topsec-Email-Security.jpg","type":"image\/jpeg"}],"twitter_card":"summary_large_image","twitter_misc":{"Tempo di lettura stimato":"3 minuti"},"schema":{"@context":"https:\/\/schema.org","@graph":[{"@type":"WebPage","@id":"https:\/\/www.accuratereviews.com\/it\/client-di-posta\/topsec-email-security-recensione\/","url":"https:\/\/www.accuratereviews.com\/it\/client-di-posta\/topsec-email-security-recensione\/","name":"Topsec Email Security: recensione client di posta - Accurate Reviews","isPartOf":{"@id":"https:\/\/www.accuratereviews.com\/it\/#website"},"primaryImageOfPage":{"@id":"https:\/\/www.accuratereviews.com\/it\/client-di-posta\/topsec-email-security-recensione\/#primaryimage"},"image":{"@id":"https:\/\/www.accuratereviews.com\/it\/client-di-posta\/topsec-email-security-recensione\/#primaryimage"},"thumbnailUrl":"https:\/\/www.accuratereviews.com\/wp-content\/uploads\/2020\/03\/Topsec-Email-Security.jpg","datePublished":"2020-03-19T14:24:51+00:00","dateModified":"2021-12-01T08:39:52+00:00","description":"Topsec Email Security: recensione servizio di filtro email basato sul web che fornisce protezione da virus e spam e aiuta le aziende a prevenire minacce.","breadcrumb":{"@id":"https:\/\/www.accuratereviews.com\/it\/client-di-posta\/topsec-email-security-recensione\/#breadcrumb"},"inLanguage":"it-IT","potentialAction":[{"@type":"ReadAction","target":["https:\/\/www.accuratereviews.com\/it\/client-di-posta\/topsec-email-security-recensione\/"]}]},{"@type":"ImageObject","inLanguage":"it-IT","@id":"https:\/\/www.accuratereviews.com\/it\/client-di-posta\/topsec-email-security-recensione\/#primaryimage","url":"https:\/\/www.accuratereviews.com\/wp-content\/uploads\/2020\/03\/Topsec-Email-Security.jpg","contentUrl":"https:\/\/www.accuratereviews.com\/wp-content\/uploads\/2020\/03\/Topsec-Email-Security.jpg","width":1052,"height":1078},{"@type":"BreadcrumbList","@id":"https:\/\/www.accuratereviews.com\/it\/client-di-posta\/topsec-email-security-recensione\/#breadcrumb","itemListElement":[{"@type":"ListItem","position":1,"name":"Home","item":"https:\/\/www.accuratereviews.com\/it\/"},{"@type":"ListItem","position":2,"name":"Client di posta","item":"https:\/\/www.accuratereviews.com\/it\/client-di-posta\/"},{"@type":"ListItem","position":3,"name":"Topsec Email Security"}]},{"@type":"WebSite","@id":"https:\/\/www.accuratereviews.com\/it\/#website","url":"https:\/\/www.accuratereviews.com\/it\/","name":"Accurate Reviews","description":"","potentialAction":[{"@type":"SearchAction","target":{"@type":"EntryPoint","urlTemplate":"https:\/\/www.accuratereviews.com\/it\/?s={search_term_string}"},"query-input":{"@type":"PropertyValueSpecification","valueRequired":true,"valueName":"search_term_string"}}],"inLanguage":"it-IT"}]}},"_links":{"self":[{"href":"https:\/\/www.accuratereviews.com\/it\/wp-json\/wp\/v2\/pages\/24488","targetHints":{"allow":["GET"]}}],"collection":[{"href":"https:\/\/www.accuratereviews.com\/it\/wp-json\/wp\/v2\/pages"}],"about":[{"href":"https:\/\/www.accuratereviews.com\/it\/wp-json\/wp\/v2\/types\/page"}],"author":[{"embeddable":true,"href":"https:\/\/www.accuratereviews.com\/it\/wp-json\/wp\/v2\/users\/19"}],"replies":[{"embeddable":true,"href":"https:\/\/www.accuratereviews.com\/it\/wp-json\/wp\/v2\/comments?post=24488"}],"version-history":[{"count":8,"href":"https:\/\/www.accuratereviews.com\/it\/wp-json\/wp\/v2\/pages\/24488\/revisions"}],"predecessor-version":[{"id":24903,"href":"https:\/\/www.accuratereviews.com\/it\/wp-json\/wp\/v2\/pages\/24488\/revisions\/24903"}],"up":[{"embeddable":true,"href":"https:\/\/www.accuratereviews.com\/it\/wp-json\/wp\/v2\/pages\/5913"}],"wp:featuredmedia":[{"embeddable":true,"href":"https:\/\/www.accuratereviews.com\/it\/wp-json\/wp\/v2\/media\/24490"}],"wp:attachment":[{"href":"https:\/\/www.accuratereviews.com\/it\/wp-json\/wp\/v2\/media?parent=24488"}],"wp:term":[{"taxonomy":"category","embeddable":true,"href":"https:\/\/www.accuratereviews.com\/it\/wp-json\/wp\/v2\/categories?post=24488"},{"taxonomy":"post_tag","embeddable":true,"href":"https:\/\/www.accuratereviews.com\/it\/wp-json\/wp\/v2\/tags?post=24488"},{"taxonomy":"features","embeddable":true,"href":"https:\/\/www.accuratereviews.com\/it\/wp-json\/wp\/v2\/features?post=24488"}],"curies":[{"name":"wp","href":"https:\/\/api.w.org\/{rel}","templated":true}]}}