{"id":24545,"date":"2020-03-20T14:33:10","date_gmt":"2020-03-20T14:33:10","guid":{"rendered":"https:\/\/www.accuratereviews.com\/?page_id=24545"},"modified":"2021-04-15T17:06:31","modified_gmt":"2021-04-15T17:06:31","slug":"shift-recensione","status":"publish","type":"page","link":"https:\/\/www.accuratereviews.com\/it\/client-di-posta\/shift-recensione\/","title":{"rendered":"Shift"},"content":{"rendered":"<p>Scelto da centinaia di migliaia di appassionati di produttivit\u00e0 in tutto il mondo, Shift \u00e8 un software completo che semplifica i flussi di lavoro in modo da poter svolgere le attivit\u00e0 in modo efficiente. Stanco di accedere e uscire da pi\u00f9 account? Gli utenti <strong>Shift<\/strong> possono entrate con un solo clic su oltre 800 delle applicazioni, estensioni, <strong>account<\/strong> <strong>di posta<\/strong> e servizi <strong>cloud<\/strong> pi\u00f9 popolari del webs. Shift \u00e8 l&#8217;hack della produttivit\u00e0 che cambia tutto per imprenditori, CEO e team. Gestisci tutte le tue app, i social media e gli account e-mail da una bellissima app desktop.<\/p>\n<h2>SHIFT &#8211; TUTORIAL<\/h2>\n<p>Guardiamo insieme questo tutorial in cui illustra le funzionalit\u00e0 di questo software:<\/p>\n<div id=\"fluid-wrapper-counter-1\" class=\"g1-fluid-wrapper \" style=\"width:686px;\">\n<div style=\"padding-bottom:56.268221574344%;\"><iframe loading=\"lazy\" title=\"Shift 2019 Introduction Productivity App Beginner Tutorial\" width=\"686\" height=\"386\" src=\"https:\/\/www.youtube.com\/embed\/cDbyJlE2zEY?feature=oembed&amp;wmode=transparent&amp;autohide=1&amp;autoplay=0&amp;disablekb=0&amp;fs=1&amp;loop=0&amp;enablejsapi=1&amp;rel=0&amp;controls=2&amp;showinfo=0&amp;wmode=transparent&amp;autohide=2&amp;autoplay=0&amp;disablekb=0&amp;fs=1&amp;loop=0&amp;enablejsapi=1&amp;rel=0&amp;controls=2&amp;showinfo=1\" frameborder=\"0\" allow=\"accelerometer; autoplay; clipboard-write; encrypted-media; gyroscope; picture-in-picture\" allowfullscreen><\/iframe><\/div>\n<\/div>\n<h3><\/h3>\n<h3>SHIFT &#8211; CARATTERISTICHE<\/h3>\n<ul>\n<li><strong>Ricerca unificata<\/strong>: il modo pi\u00f9 rapido per trovare quello che stai cercando, su uno qualsiasi dei tuoi account Mail, Calendar o Drive<\/li>\n<li><strong>Google Apps<\/strong>: aggiungi tutti i tuoi account Google, da Gmail, Calendar &amp; Drive a Presentazioni, Fogli, AdWords a questo software<\/li>\n<li><strong>Personalizzabile<\/strong>: mescola e abbina i tuoi strumenti preferiti per trovare il flusso di lavoro perfetto<\/li>\n<li><strong>Adatto ad ogni piattaforma<\/strong>: la soluzione funziona per Mac, Windows e Linux. Accedi al tuo account per riprendere da dove eri rimasto su qualsiasi dispositivo<\/li>\n<li><strong>Navigazione mirata per account<\/strong>: prova schede web mirate all&#8217;interno del programma per un&#8217;esperienza pi\u00f9 produttiva<\/li>\n<li><strong>Estremamente flessibile<\/strong>: aggiungi le tue estensioni preferite come ad esempio Boomerang, Grammarly, Dropbox, Gmelius, GoToMeeting, HubSpot, Mailtrack, Lastpass, MixMax, Todoist, Zoom, Streak e molti altri<\/li>\n<li><strong>Account email<\/strong>: \u00a0passa tra pi\u00f9 account Gmail, Outlook e Office 365 senza problemi<\/li>\n<\/ul>\n<h4>LE RECENSIONI DEGLI UTENTI<\/h4>\n<h4 class=\"font-weight-bold my-1 d-flex align-items-center\">Spencer K\u00a0&#8220;Grazie per aver creato SHIFT!&#8221;<\/h4>\n<p><strong>Commenti: <\/strong>\u00c8 stupefacente. Spero che il prezzo scender\u00e0 in futuro, ma vedremo.<\/p>\n<p><strong>Vantaggi: <\/strong>Shift mi ha aiutato a rimanere pi\u00f9 organizzato e non ho sempre aperto 100 schede. Si collega a tutte le app che utilizzo quotidianamente.<\/p>\n<p><strong>Inconvenienti: <\/strong>Ancora niente. Lo pago personalmente poich\u00e9 la mia azienda non lo pagher\u00e0. Non so cosa farei senza.<\/p>\n<h4 class=\"font-weight-bold my-1 d-flex align-items-center\">Caron C.\u00a0&#8220;Ha cambiato la mia vita&#8221;<\/h4>\n<p><strong>Commenti: <\/strong>Gestisco pi\u00f9 account Gmail, sia account interni che account client, e Shift mi ha cambiato la vita. Avevo costantemente problemi di essere connesso a troppi account Gmail e di dover disconnettermi e accedere nuovamente. Shift ha aggiunto seriamente del tempo ai miei tempi. Ora lo uso anche per gestire account Slack, Trello, Toggl e altro. Adoro questo software.<\/p>\n<p><strong>Vantaggi: <\/strong>La possibilit\u00e0 di gestire pi\u00f9 applicazioni email e web in un unico posto. La possibilit\u00e0 di spostarsi tra gli account con un clic. La possibilit\u00e0 di vedere tutte le notifiche dei badge in modo da poter tendere agli account che richiedono attenzione e ignorare quelli che non lo fanno senza dover accedere a ognuno.<\/p>\n<p><strong>Inconvenienti: <\/strong>Di tanto in tanto, sembra che il programma venga sopraffatto e si blocchi. Quando ci\u00f2 accade, in genere lo riavvio due volte prima che riprenda normalmente.<\/p>\n<h4 class=\"font-weight-bold my-1 d-flex align-items-center\">James H.\u00a0&#8220;Game Changer&#8221;<\/h4>\n<p><strong>Vantaggi: <\/strong>Shift \u00e8 davvero un punto di svolta. In qualsiasi momento ho 3 e-mail personali \/ professionali, oltre a mostrare e-mail specifiche. Molti di loro sono account GSuite a pagamento, ma molti non lo sono. La capacit\u00e0 di gestire diverse e-mail e unit\u00e0 senza dover accedere \/ uscire consente di risparmiare ore e tempo per ogni progetto. Essere in grado di aggiungere app come Dropbox e Spotify \u00e8 il livello successivo. Sembra quasi di avere un sistema operativo separato e semplice.<\/p>\n<p><strong>Inconvenienti: <\/strong>A parte alcuni difetti che vengono rapidamente rattoppati, non ho lamentele.<\/p>\n","protected":false},"excerpt":{"rendered":"<p>Scelto da centinaia di migliaia di appassionati di produttivit\u00e0 in tutto il mondo, Shift \u00e8 un software completo che semplifica i flussi di lavoro in modo da poter svolgere le attivit\u00e0 in modo efficiente. Stanco di accedere e uscire da pi\u00f9 account? Gli utenti Shift possono entrate con un solo clic su oltre 800 delle applicazioni web, estensioni, account di posta e servizi cloud pi\u00f9 popolari di Webs.<\/p>\n","protected":false},"author":19,"featured_media":24546,"parent":5913,"menu_order":0,"comment_status":"open","ping_status":"closed","template":"g1_template_page_review_new.php","meta":{"_acf_changed":false,"cwp_meta_box_check":"Yes","cwp_rev_product_name":"","cwp_rev_product_image":"","wppr_links":[],"cwp_rev_price":"","wppr_options":[],"wppr_pros":[],"wppr_cons":[],"_monsterinsights_skip_tracking":false,"_monsterinsights_sitenote_active":false,"_monsterinsights_sitenote_note":"","_monsterinsights_sitenote_category":0,"footnotes":""},"categories":[119,5676,5675,5677],"tags":[396,2310,2383,2311,2385,2384],"features":[],"class_list":{"0":"post-24545","1":"page","2":"type-page","3":"status-publish","4":"has-post-thumbnail","6":"category-i-migliori-client-di-posta","7":"category-client-di-posta-per-linux-categoria","8":"category-client-di-posta-per-mac-categoria","9":"category-client-di-posta-per-windows-categoria","10":"tag-cloud","11":"tag-email-client-software","12":"tag-shift","13":"tag-software-client-di-posta","14":"tag-soluzione-gestione-account-mail","15":"tag-soluzione-per-la-produttivita"},"wppr_data":{"cwp_meta_box_check":"Yes","cwp_rev_product_name":"","cwp_rev_product_image":"","cwp_image_link":"image","cwp_rev_price":"","wppr_rating":"0.00"},"acf":[],"yoast_head":"<!-- This site is optimized with the Yoast SEO plugin v27.4 - https:\/\/yoast.com\/product\/yoast-seo-wordpress\/ -->\n<title>Shift: recensione software client di posta - Accurate Reviews<\/title>\n<meta name=\"description\" content=\"Shift: recensione soluzione client di posta valida e flessibile per aiutare la tua attivit\u00e0 ad essere pi\u00f9 produttiva e pi\u00f9 efficiente.\" \/>\n<meta name=\"robots\" content=\"index, follow, max-snippet:-1, max-image-preview:large, max-video-preview:-1\" \/>\n<link rel=\"canonical\" href=\"https:\/\/www.accuratereviews.com\/it\/client-di-posta\/shift-recensione\/\" \/>\n<meta property=\"og:locale\" content=\"it_IT\" \/>\n<meta property=\"og:type\" content=\"article\" \/>\n<meta property=\"og:title\" content=\"Shift: recensione software client di posta - Accurate Reviews\" \/>\n<meta property=\"og:description\" content=\"Shift: recensione soluzione client di posta valida e flessibile per aiutare la tua attivit\u00e0 ad essere pi\u00f9 produttiva e pi\u00f9 efficiente.\" \/>\n<meta property=\"og:url\" content=\"https:\/\/www.accuratereviews.com\/it\/client-di-posta\/shift-recensione\/\" \/>\n<meta property=\"og:site_name\" content=\"Accurate Reviews\" \/>\n<meta property=\"article:modified_time\" content=\"2021-04-15T17:06:31+00:00\" \/>\n<meta property=\"og:image\" content=\"https:\/\/www.accuratereviews.com\/wp-content\/uploads\/2020\/03\/shiftcom.jpg\" \/>\n\t<meta property=\"og:image:width\" content=\"500\" \/>\n\t<meta property=\"og:image:height\" content=\"500\" \/>\n\t<meta property=\"og:image:type\" content=\"image\/jpeg\" \/>\n<meta name=\"twitter:card\" content=\"summary_large_image\" \/>\n<meta name=\"twitter:label1\" content=\"Tempo di lettura stimato\" \/>\n\t<meta name=\"twitter:data1\" content=\"3 minuti\" \/>\n<script type=\"application\/ld+json\" class=\"yoast-schema-graph\">{\"@context\":\"https:\\\/\\\/schema.org\",\"@graph\":[{\"@type\":\"WebPage\",\"@id\":\"https:\\\/\\\/www.accuratereviews.com\\\/it\\\/client-di-posta\\\/shift-recensione\\\/\",\"url\":\"https:\\\/\\\/www.accuratereviews.com\\\/it\\\/client-di-posta\\\/shift-recensione\\\/\",\"name\":\"Shift: recensione software client di posta - Accurate Reviews\",\"isPartOf\":{\"@id\":\"https:\\\/\\\/www.accuratereviews.com\\\/it\\\/#website\"},\"primaryImageOfPage\":{\"@id\":\"https:\\\/\\\/www.accuratereviews.com\\\/it\\\/client-di-posta\\\/shift-recensione\\\/#primaryimage\"},\"image\":{\"@id\":\"https:\\\/\\\/www.accuratereviews.com\\\/it\\\/client-di-posta\\\/shift-recensione\\\/#primaryimage\"},\"thumbnailUrl\":\"https:\\\/\\\/www.accuratereviews.com\\\/wp-content\\\/uploads\\\/2020\\\/03\\\/shiftcom.jpg\",\"datePublished\":\"2020-03-20T14:33:10+00:00\",\"dateModified\":\"2021-04-15T17:06:31+00:00\",\"description\":\"Shift: recensione soluzione client di posta valida e flessibile per aiutare la tua attivit\u00e0 ad essere pi\u00f9 produttiva e pi\u00f9 efficiente.\",\"breadcrumb\":{\"@id\":\"https:\\\/\\\/www.accuratereviews.com\\\/it\\\/client-di-posta\\\/shift-recensione\\\/#breadcrumb\"},\"inLanguage\":\"it-IT\",\"potentialAction\":[{\"@type\":\"ReadAction\",\"target\":[\"https:\\\/\\\/www.accuratereviews.com\\\/it\\\/client-di-posta\\\/shift-recensione\\\/\"]}]},{\"@type\":\"ImageObject\",\"inLanguage\":\"it-IT\",\"@id\":\"https:\\\/\\\/www.accuratereviews.com\\\/it\\\/client-di-posta\\\/shift-recensione\\\/#primaryimage\",\"url\":\"https:\\\/\\\/www.accuratereviews.com\\\/wp-content\\\/uploads\\\/2020\\\/03\\\/shiftcom.jpg\",\"contentUrl\":\"https:\\\/\\\/www.accuratereviews.com\\\/wp-content\\\/uploads\\\/2020\\\/03\\\/shiftcom.jpg\",\"width\":500,\"height\":500},{\"@type\":\"BreadcrumbList\",\"@id\":\"https:\\\/\\\/www.accuratereviews.com\\\/it\\\/client-di-posta\\\/shift-recensione\\\/#breadcrumb\",\"itemListElement\":[{\"@type\":\"ListItem\",\"position\":1,\"name\":\"Home\",\"item\":\"https:\\\/\\\/www.accuratereviews.com\\\/it\\\/\"},{\"@type\":\"ListItem\",\"position\":2,\"name\":\"Client di posta\",\"item\":\"https:\\\/\\\/www.accuratereviews.com\\\/it\\\/client-di-posta\\\/\"},{\"@type\":\"ListItem\",\"position\":3,\"name\":\"Shift\"}]},{\"@type\":\"WebSite\",\"@id\":\"https:\\\/\\\/www.accuratereviews.com\\\/it\\\/#website\",\"url\":\"https:\\\/\\\/www.accuratereviews.com\\\/it\\\/\",\"name\":\"Accurate Reviews\",\"description\":\"\",\"potentialAction\":[{\"@type\":\"SearchAction\",\"target\":{\"@type\":\"EntryPoint\",\"urlTemplate\":\"https:\\\/\\\/www.accuratereviews.com\\\/it\\\/?s={search_term_string}\"},\"query-input\":{\"@type\":\"PropertyValueSpecification\",\"valueRequired\":true,\"valueName\":\"search_term_string\"}}],\"inLanguage\":\"it-IT\"}]}<\/script>\n<!-- \/ Yoast SEO plugin. -->","yoast_head_json":{"title":"Shift: recensione software client di posta - Accurate Reviews","description":"Shift: recensione soluzione client di posta valida e flessibile per aiutare la tua attivit\u00e0 ad essere pi\u00f9 produttiva e pi\u00f9 efficiente.","robots":{"index":"index","follow":"follow","max-snippet":"max-snippet:-1","max-image-preview":"max-image-preview:large","max-video-preview":"max-video-preview:-1"},"canonical":"https:\/\/www.accuratereviews.com\/it\/client-di-posta\/shift-recensione\/","og_locale":"it_IT","og_type":"article","og_title":"Shift: recensione software client di posta - Accurate Reviews","og_description":"Shift: recensione soluzione client di posta valida e flessibile per aiutare la tua attivit\u00e0 ad essere pi\u00f9 produttiva e pi\u00f9 efficiente.","og_url":"https:\/\/www.accuratereviews.com\/it\/client-di-posta\/shift-recensione\/","og_site_name":"Accurate Reviews","article_modified_time":"2021-04-15T17:06:31+00:00","og_image":[{"width":500,"height":500,"url":"https:\/\/www.accuratereviews.com\/wp-content\/uploads\/2020\/03\/shiftcom.jpg","type":"image\/jpeg"}],"twitter_card":"summary_large_image","twitter_misc":{"Tempo di lettura stimato":"3 minuti"},"schema":{"@context":"https:\/\/schema.org","@graph":[{"@type":"WebPage","@id":"https:\/\/www.accuratereviews.com\/it\/client-di-posta\/shift-recensione\/","url":"https:\/\/www.accuratereviews.com\/it\/client-di-posta\/shift-recensione\/","name":"Shift: recensione software client di posta - Accurate Reviews","isPartOf":{"@id":"https:\/\/www.accuratereviews.com\/it\/#website"},"primaryImageOfPage":{"@id":"https:\/\/www.accuratereviews.com\/it\/client-di-posta\/shift-recensione\/#primaryimage"},"image":{"@id":"https:\/\/www.accuratereviews.com\/it\/client-di-posta\/shift-recensione\/#primaryimage"},"thumbnailUrl":"https:\/\/www.accuratereviews.com\/wp-content\/uploads\/2020\/03\/shiftcom.jpg","datePublished":"2020-03-20T14:33:10+00:00","dateModified":"2021-04-15T17:06:31+00:00","description":"Shift: recensione soluzione client di posta valida e flessibile per aiutare la tua attivit\u00e0 ad essere pi\u00f9 produttiva e pi\u00f9 efficiente.","breadcrumb":{"@id":"https:\/\/www.accuratereviews.com\/it\/client-di-posta\/shift-recensione\/#breadcrumb"},"inLanguage":"it-IT","potentialAction":[{"@type":"ReadAction","target":["https:\/\/www.accuratereviews.com\/it\/client-di-posta\/shift-recensione\/"]}]},{"@type":"ImageObject","inLanguage":"it-IT","@id":"https:\/\/www.accuratereviews.com\/it\/client-di-posta\/shift-recensione\/#primaryimage","url":"https:\/\/www.accuratereviews.com\/wp-content\/uploads\/2020\/03\/shiftcom.jpg","contentUrl":"https:\/\/www.accuratereviews.com\/wp-content\/uploads\/2020\/03\/shiftcom.jpg","width":500,"height":500},{"@type":"BreadcrumbList","@id":"https:\/\/www.accuratereviews.com\/it\/client-di-posta\/shift-recensione\/#breadcrumb","itemListElement":[{"@type":"ListItem","position":1,"name":"Home","item":"https:\/\/www.accuratereviews.com\/it\/"},{"@type":"ListItem","position":2,"name":"Client di posta","item":"https:\/\/www.accuratereviews.com\/it\/client-di-posta\/"},{"@type":"ListItem","position":3,"name":"Shift"}]},{"@type":"WebSite","@id":"https:\/\/www.accuratereviews.com\/it\/#website","url":"https:\/\/www.accuratereviews.com\/it\/","name":"Accurate Reviews","description":"","potentialAction":[{"@type":"SearchAction","target":{"@type":"EntryPoint","urlTemplate":"https:\/\/www.accuratereviews.com\/it\/?s={search_term_string}"},"query-input":{"@type":"PropertyValueSpecification","valueRequired":true,"valueName":"search_term_string"}}],"inLanguage":"it-IT"}]}},"_links":{"self":[{"href":"https:\/\/www.accuratereviews.com\/it\/wp-json\/wp\/v2\/pages\/24545","targetHints":{"allow":["GET"]}}],"collection":[{"href":"https:\/\/www.accuratereviews.com\/it\/wp-json\/wp\/v2\/pages"}],"about":[{"href":"https:\/\/www.accuratereviews.com\/it\/wp-json\/wp\/v2\/types\/page"}],"author":[{"embeddable":true,"href":"https:\/\/www.accuratereviews.com\/it\/wp-json\/wp\/v2\/users\/19"}],"replies":[{"embeddable":true,"href":"https:\/\/www.accuratereviews.com\/it\/wp-json\/wp\/v2\/comments?post=24545"}],"version-history":[{"count":8,"href":"https:\/\/www.accuratereviews.com\/it\/wp-json\/wp\/v2\/pages\/24545\/revisions"}],"predecessor-version":[{"id":40027,"href":"https:\/\/www.accuratereviews.com\/it\/wp-json\/wp\/v2\/pages\/24545\/revisions\/40027"}],"up":[{"embeddable":true,"href":"https:\/\/www.accuratereviews.com\/it\/wp-json\/wp\/v2\/pages\/5913"}],"wp:featuredmedia":[{"embeddable":true,"href":"https:\/\/www.accuratereviews.com\/it\/wp-json\/wp\/v2\/media\/24546"}],"wp:attachment":[{"href":"https:\/\/www.accuratereviews.com\/it\/wp-json\/wp\/v2\/media?parent=24545"}],"wp:term":[{"taxonomy":"category","embeddable":true,"href":"https:\/\/www.accuratereviews.com\/it\/wp-json\/wp\/v2\/categories?post=24545"},{"taxonomy":"post_tag","embeddable":true,"href":"https:\/\/www.accuratereviews.com\/it\/wp-json\/wp\/v2\/tags?post=24545"},{"taxonomy":"features","embeddable":true,"href":"https:\/\/www.accuratereviews.com\/it\/wp-json\/wp\/v2\/features?post=24545"}],"curies":[{"name":"wp","href":"https:\/\/api.w.org\/{rel}","templated":true}]}}