{"id":24553,"date":"2020-03-20T14:32:36","date_gmt":"2020-03-20T14:32:36","guid":{"rendered":"https:\/\/www.accuratereviews.com\/?page_id=24553"},"modified":"2021-12-01T08:39:58","modified_gmt":"2021-12-01T08:39:58","slug":"amazon-workmail-recensione","status":"publish","type":"page","link":"https:\/\/www.accuratereviews.com\/it\/client-di-posta\/amazon-workmail-recensione\/","title":{"rendered":"Amazon WorkMail"},"content":{"rendered":"<p><strong>Amazon WorkMail<\/strong> \u00e8 un <strong>servizio di email<\/strong> e calendario aziendale sicuro e gestito con supporto per le applicazioni client di posta elettronica desktop e mobili.<strong> Amazon WorkMail<\/strong> offre agli utenti la possibilit\u00e0 di accedere senza problemi a email, contatti e calendario utilizzando l&#8217;applicazione client di loro scelta, tra cui<strong> Microsoft Outlook<\/strong>, applicazioni di posta elettronica native <strong>iOS e Android<\/strong>, e qualsiasi applicazione client che supporti il \u200b\u200b<strong>protocollo IMAP<\/strong> o direttamente tramite un browser web. Puoi anche impostare l&#8217;interoperabilit\u00e0 con Microsoft Exchange Server e gestire in modo programmatico utenti, gruppi e risorse.<\/p>\n<h2>AMAZON WORKMAIL &#8211; TUTORIAL<\/h2>\n<p>In questo video vedremo come impostare la posta elettronica per il tuo dominio usando questo <strong>software di client di posta<\/strong>:<\/p>\n<div id=\"fluid-wrapper-counter-1\" class=\"g1-fluid-wrapper \" style=\"width:686px;\">\n<div style=\"padding-bottom:56.268221574344%;\"><iframe loading=\"lazy\" title=\"Setup Amazon WorkMail with a Custom Domain\" width=\"686\" height=\"386\" src=\"https:\/\/www.youtube.com\/embed\/Aw0jyYVb7Tg?feature=oembed&amp;wmode=transparent&amp;autohide=1&amp;autoplay=0&amp;disablekb=0&amp;fs=1&amp;loop=0&amp;enablejsapi=1&amp;rel=0&amp;controls=2&amp;showinfo=0&amp;wmode=transparent&amp;autohide=2&amp;autoplay=0&amp;disablekb=0&amp;fs=1&amp;loop=0&amp;enablejsapi=1&amp;rel=0&amp;controls=2&amp;showinfo=1\" frameborder=\"0\" allow=\"accelerometer; autoplay; clipboard-write; encrypted-media; gyroscope; picture-in-picture\" allowfullscreen><\/iframe><\/div>\n<\/div>\n<h3>AMAZON WORKMAIL &#8211; CARATTERISTICHE<\/h3>\n<ul>\n<li><strong>Elevata efficacia del recapito<\/strong>: la soluzionemantiene sempre una reputazione di alto livello tra tutti i fornitori di mailbox, filtrando attivamente spam e contenuti dannosi<\/li>\n<li><strong>Personalizzazione dei contenuti<\/strong>:\u00a0 crea modelli di email personalizzate che contengono tag di sostituzione per ciascun destinatario<\/li>\n<li><strong>Indirizzi IP dedicati<\/strong>:i soggetti che inviano grandi volumi di posta possono richiedere indirizzi IP dedicati riservati che utilizzeranno esclusivamente loro. Quando viene inviata un&#8217;email da un indirizzo IP dedicato, la reputazione del mittente \u00e8 basata esclusivamente sulle prassi di invio dello specifico utente<\/li>\n<li><strong>Monitoraggio<\/strong>: la soluzione fornisce diversi metodi di monitoraggio delle attivit\u00e0 di invio di posta, in modo da semplificare l&#8217;ottimizzazione della strategia. Sarai in grado di catturare le informazioni sull&#8217;intera situazione dei tuoi messaggi come: numeri di invii, consegne, aperture, clic, mancati recapiti, reclami e rifiuti<\/li>\n<li><strong>Gestione della reputazione del mittente:<\/strong> \u00e8 possibile monitorare i problemi che potrebbero inficiare l&#8217;efficacia del recapito delle e-mail. La dashboard\u00a0tiene traccia delle percentuali di mancati recapiti e di reclami dell&#8217;account, tiene informati sugli eventi che possono pregiudicare l&#8217;efficacia del recapito (ad esempio spamtrap), fa riferimento ai domini bloccati nelle e-mail e crea report da risorse antispam affidabili<\/li>\n<\/ul>\n<h4>LE RECENSIONI DEGLI UTENTI<\/h4>\n<h4 class=\"font-weight-bold my-1 d-flex align-items-center\">Nicholas S.\u00a0&#8220;Servizio email facile e scalabile&#8221;<\/h4>\n<p><strong>Commenti: <\/strong>Abbiamo notifiche di sistemi interni regolari configurate correttamente con AWS SES. Si \u00e8 integrato bene nella nostra base di codice ed \u00e8 raccomandato come servizio.<\/p>\n<p><strong>Vantaggi: <\/strong>\u00c8 un servizio di posta elettronica facile da usare che si integra bene con qualsiasi base di codice che hai impostato, \u00e8 facile da usare per le notifiche di sistema. \u00c8 anche abbastanza facile per gli utenti abilitare il proprio indirizzo e-mail a ricevere e-mail, che \u00e8 una buona funzionalit\u00e0 per evitare anche lo spam. CLI e SDK sono anche abbastanza facili da usare e implementare.<\/p>\n<p><strong>Inconvenienti: <\/strong>Inizialmente i limiti delle email possono essere piuttosto piccoli, il che pu\u00f2 essere una seccatura quando si tenta di impostare sistemi di notifica interni.<\/p>\n<h4 class=\"font-weight-bold my-1 d-flex align-items-center\">Jose G.\u00a0&#8220;Email transazionali facili&#8221;<\/h4>\n<p><strong>Commenti: <\/strong>Se non hai bisogno di tracciare nulla con le e-mail ma hai solo la necessit\u00e0 di inviare e-mail, questa \u00e8 di gran lunga la scelta migliore.<\/p>\n<p><strong>Vantaggi: <\/strong>La possibilit\u00e0 di inviare email tramite protocollo SMTP e un&#8217;API. Con l&#8217;API possono raggiungere velocit\u00e0 in millisecondi per inviare e-mail. \u00c8 molto conveniente.<\/p>\n<p><strong>Inconvenienti: <\/strong>Alcune delle opzioni di configurazione sono un po &#8216;complicate e richiedono l&#8217;acquisto di altri prodotti da AWS.<\/p>\n<h4 class=\"font-weight-bold my-1 d-flex align-items-center\">Stuart T.\u00a0&#8220;Il miglior servizio e-mail di AWS, \u00e8 economico e facile da inviare e-mail&#8221;<\/h4>\n<p><strong>Commenti: <\/strong>\u00c8 sicuramente un&#8217;ottima soluzione di posta elettronica aziendale e la consiglierei ad altri. Questo \u00e8 adatto per le email di marketing ed \u00e8 semplice da usare dopo averlo impostato una volta e si parte.<\/p>\n<p><strong>Vantaggi: <\/strong>Ho scoperto che \u00e8 molto efficace e in grado di monitorare le tue attivit\u00e0 di mailing. Mi fa piacere che invii notifiche e-mail e tu paghi solo per quello che usi. Amazon SES \u00e8 molto pi\u00f9 economico di altre soluzioni. Ha una configurazione semplice e costa solo pochi dollari al mese.<\/p>\n<p><strong>Inconvenienti: <\/strong>Ho scoperto che non \u00e8 cos\u00ec facile navigare nei menu, vorrei che fossero pi\u00f9 intuitivi. Esistono limiti sandbox iniziali troppo bassi per un&#8217;applicazione di produzione<\/p>\n","protected":false},"excerpt":{"rendered":"<p>Amazon WorkMail \u00e8 un servizio di email e calendario aziendale sicuro e gestito con supporto per le applicazioni client di posta elettronica desktop e mobili. Amazon WorkMail offre agli utenti la possibilit\u00e0 di accedere senza problemi a email, contatti e calendario utilizzando l&#8217;applicazione client di loro scelta.<\/p>\n","protected":false},"author":19,"featured_media":24554,"parent":5913,"menu_order":0,"comment_status":"open","ping_status":"closed","template":"g1_template_page_review_new.php","meta":{"_acf_changed":false,"cwp_meta_box_check":"Yes","cwp_rev_product_name":"","cwp_rev_product_image":"","wppr_links":[],"cwp_rev_price":"","wppr_options":[],"wppr_pros":[],"wppr_cons":[],"_monsterinsights_skip_tracking":false,"_monsterinsights_sitenote_active":false,"_monsterinsights_sitenote_note":"","_monsterinsights_sitenote_category":0,"footnotes":""},"categories":[119],"tags":[2386,396,2310,2312,2322,2311,2313],"features":[],"class_list":{"0":"post-24553","1":"page","2":"type-page","3":"status-publish","4":"has-post-thumbnail","6":"category-i-migliori-client-di-posta","7":"tag-amazon-workmail","8":"tag-cloud","9":"tag-email-client-software","10":"tag-piattaforma-client-di-posta","11":"tag-programma-client-di-posta","12":"tag-software-client-di-posta","13":"tag-soluzione-client-di-posta"},"wppr_data":{"cwp_meta_box_check":"Yes","cwp_rev_product_name":"","cwp_rev_product_image":"","cwp_image_link":"image","cwp_rev_price":"","wppr_rating":"0.00"},"acf":[],"yoast_head":"<!-- This site is optimized with the Yoast SEO plugin v27.4 - https:\/\/yoast.com\/product\/yoast-seo-wordpress\/ -->\n<title>Amazon Workmail: recensione software client di posta - Accurate Reviews<\/title>\n<meta name=\"description\" content=\"Amazon WorkMail: recensione\u00a0servizio di posta elettronica sicuro e affidabile basato su cloud adatto soprattutto per le aziende.\" \/>\n<meta name=\"robots\" content=\"index, follow, max-snippet:-1, max-image-preview:large, max-video-preview:-1\" \/>\n<link rel=\"canonical\" href=\"https:\/\/www.accuratereviews.com\/it\/client-di-posta\/amazon-workmail-recensione\/\" \/>\n<meta property=\"og:locale\" content=\"it_IT\" \/>\n<meta property=\"og:type\" content=\"article\" \/>\n<meta property=\"og:title\" content=\"Amazon Workmail: recensione software client di posta - Accurate Reviews\" \/>\n<meta property=\"og:description\" content=\"Amazon WorkMail: recensione\u00a0servizio di posta elettronica sicuro e affidabile basato su cloud adatto soprattutto per le aziende.\" \/>\n<meta property=\"og:url\" content=\"https:\/\/www.accuratereviews.com\/it\/client-di-posta\/amazon-workmail-recensione\/\" \/>\n<meta property=\"og:site_name\" content=\"Accurate Reviews\" \/>\n<meta property=\"article:modified_time\" content=\"2021-12-01T08:39:58+00:00\" \/>\n<meta property=\"og:image\" content=\"https:\/\/www.accuratereviews.com\/wp-content\/uploads\/2020\/03\/amazon.png\" \/>\n\t<meta property=\"og:image:width\" content=\"398\" \/>\n\t<meta property=\"og:image:height\" content=\"298\" \/>\n\t<meta property=\"og:image:type\" content=\"image\/png\" \/>\n<meta name=\"twitter:card\" content=\"summary_large_image\" \/>\n<meta name=\"twitter:label1\" content=\"Tempo di lettura stimato\" \/>\n\t<meta name=\"twitter:data1\" content=\"3 minuti\" \/>\n<script type=\"application\/ld+json\" class=\"yoast-schema-graph\">{\"@context\":\"https:\\\/\\\/schema.org\",\"@graph\":[{\"@type\":\"WebPage\",\"@id\":\"https:\\\/\\\/www.accuratereviews.com\\\/it\\\/client-di-posta\\\/amazon-workmail-recensione\\\/\",\"url\":\"https:\\\/\\\/www.accuratereviews.com\\\/it\\\/client-di-posta\\\/amazon-workmail-recensione\\\/\",\"name\":\"Amazon Workmail: recensione software client di posta - Accurate Reviews\",\"isPartOf\":{\"@id\":\"https:\\\/\\\/www.accuratereviews.com\\\/it\\\/#website\"},\"primaryImageOfPage\":{\"@id\":\"https:\\\/\\\/www.accuratereviews.com\\\/it\\\/client-di-posta\\\/amazon-workmail-recensione\\\/#primaryimage\"},\"image\":{\"@id\":\"https:\\\/\\\/www.accuratereviews.com\\\/it\\\/client-di-posta\\\/amazon-workmail-recensione\\\/#primaryimage\"},\"thumbnailUrl\":\"https:\\\/\\\/www.accuratereviews.com\\\/wp-content\\\/uploads\\\/2020\\\/03\\\/amazon.png\",\"datePublished\":\"2020-03-20T14:32:36+00:00\",\"dateModified\":\"2021-12-01T08:39:58+00:00\",\"description\":\"Amazon WorkMail: recensione\u00a0servizio di posta elettronica sicuro e affidabile basato su cloud adatto soprattutto per le aziende.\",\"breadcrumb\":{\"@id\":\"https:\\\/\\\/www.accuratereviews.com\\\/it\\\/client-di-posta\\\/amazon-workmail-recensione\\\/#breadcrumb\"},\"inLanguage\":\"it-IT\",\"potentialAction\":[{\"@type\":\"ReadAction\",\"target\":[\"https:\\\/\\\/www.accuratereviews.com\\\/it\\\/client-di-posta\\\/amazon-workmail-recensione\\\/\"]}]},{\"@type\":\"ImageObject\",\"inLanguage\":\"it-IT\",\"@id\":\"https:\\\/\\\/www.accuratereviews.com\\\/it\\\/client-di-posta\\\/amazon-workmail-recensione\\\/#primaryimage\",\"url\":\"https:\\\/\\\/www.accuratereviews.com\\\/wp-content\\\/uploads\\\/2020\\\/03\\\/amazon.png\",\"contentUrl\":\"https:\\\/\\\/www.accuratereviews.com\\\/wp-content\\\/uploads\\\/2020\\\/03\\\/amazon.png\",\"width\":398,\"height\":298},{\"@type\":\"BreadcrumbList\",\"@id\":\"https:\\\/\\\/www.accuratereviews.com\\\/it\\\/client-di-posta\\\/amazon-workmail-recensione\\\/#breadcrumb\",\"itemListElement\":[{\"@type\":\"ListItem\",\"position\":1,\"name\":\"Home\",\"item\":\"https:\\\/\\\/www.accuratereviews.com\\\/it\\\/\"},{\"@type\":\"ListItem\",\"position\":2,\"name\":\"Client di posta\",\"item\":\"https:\\\/\\\/www.accuratereviews.com\\\/it\\\/client-di-posta\\\/\"},{\"@type\":\"ListItem\",\"position\":3,\"name\":\"Amazon WorkMail\"}]},{\"@type\":\"WebSite\",\"@id\":\"https:\\\/\\\/www.accuratereviews.com\\\/it\\\/#website\",\"url\":\"https:\\\/\\\/www.accuratereviews.com\\\/it\\\/\",\"name\":\"Accurate Reviews\",\"description\":\"\",\"potentialAction\":[{\"@type\":\"SearchAction\",\"target\":{\"@type\":\"EntryPoint\",\"urlTemplate\":\"https:\\\/\\\/www.accuratereviews.com\\\/it\\\/?s={search_term_string}\"},\"query-input\":{\"@type\":\"PropertyValueSpecification\",\"valueRequired\":true,\"valueName\":\"search_term_string\"}}],\"inLanguage\":\"it-IT\"}]}<\/script>\n<!-- \/ Yoast SEO plugin. -->","yoast_head_json":{"title":"Amazon Workmail: recensione software client di posta - Accurate Reviews","description":"Amazon WorkMail: recensione\u00a0servizio di posta elettronica sicuro e affidabile basato su cloud adatto soprattutto per le aziende.","robots":{"index":"index","follow":"follow","max-snippet":"max-snippet:-1","max-image-preview":"max-image-preview:large","max-video-preview":"max-video-preview:-1"},"canonical":"https:\/\/www.accuratereviews.com\/it\/client-di-posta\/amazon-workmail-recensione\/","og_locale":"it_IT","og_type":"article","og_title":"Amazon Workmail: recensione software client di posta - Accurate Reviews","og_description":"Amazon WorkMail: recensione\u00a0servizio di posta elettronica sicuro e affidabile basato su cloud adatto soprattutto per le aziende.","og_url":"https:\/\/www.accuratereviews.com\/it\/client-di-posta\/amazon-workmail-recensione\/","og_site_name":"Accurate Reviews","article_modified_time":"2021-12-01T08:39:58+00:00","og_image":[{"width":398,"height":298,"url":"https:\/\/www.accuratereviews.com\/wp-content\/uploads\/2020\/03\/amazon.png","type":"image\/png"}],"twitter_card":"summary_large_image","twitter_misc":{"Tempo di lettura stimato":"3 minuti"},"schema":{"@context":"https:\/\/schema.org","@graph":[{"@type":"WebPage","@id":"https:\/\/www.accuratereviews.com\/it\/client-di-posta\/amazon-workmail-recensione\/","url":"https:\/\/www.accuratereviews.com\/it\/client-di-posta\/amazon-workmail-recensione\/","name":"Amazon Workmail: recensione software client di posta - Accurate Reviews","isPartOf":{"@id":"https:\/\/www.accuratereviews.com\/it\/#website"},"primaryImageOfPage":{"@id":"https:\/\/www.accuratereviews.com\/it\/client-di-posta\/amazon-workmail-recensione\/#primaryimage"},"image":{"@id":"https:\/\/www.accuratereviews.com\/it\/client-di-posta\/amazon-workmail-recensione\/#primaryimage"},"thumbnailUrl":"https:\/\/www.accuratereviews.com\/wp-content\/uploads\/2020\/03\/amazon.png","datePublished":"2020-03-20T14:32:36+00:00","dateModified":"2021-12-01T08:39:58+00:00","description":"Amazon WorkMail: recensione\u00a0servizio di posta elettronica sicuro e affidabile basato su cloud adatto soprattutto per le aziende.","breadcrumb":{"@id":"https:\/\/www.accuratereviews.com\/it\/client-di-posta\/amazon-workmail-recensione\/#breadcrumb"},"inLanguage":"it-IT","potentialAction":[{"@type":"ReadAction","target":["https:\/\/www.accuratereviews.com\/it\/client-di-posta\/amazon-workmail-recensione\/"]}]},{"@type":"ImageObject","inLanguage":"it-IT","@id":"https:\/\/www.accuratereviews.com\/it\/client-di-posta\/amazon-workmail-recensione\/#primaryimage","url":"https:\/\/www.accuratereviews.com\/wp-content\/uploads\/2020\/03\/amazon.png","contentUrl":"https:\/\/www.accuratereviews.com\/wp-content\/uploads\/2020\/03\/amazon.png","width":398,"height":298},{"@type":"BreadcrumbList","@id":"https:\/\/www.accuratereviews.com\/it\/client-di-posta\/amazon-workmail-recensione\/#breadcrumb","itemListElement":[{"@type":"ListItem","position":1,"name":"Home","item":"https:\/\/www.accuratereviews.com\/it\/"},{"@type":"ListItem","position":2,"name":"Client di posta","item":"https:\/\/www.accuratereviews.com\/it\/client-di-posta\/"},{"@type":"ListItem","position":3,"name":"Amazon WorkMail"}]},{"@type":"WebSite","@id":"https:\/\/www.accuratereviews.com\/it\/#website","url":"https:\/\/www.accuratereviews.com\/it\/","name":"Accurate Reviews","description":"","potentialAction":[{"@type":"SearchAction","target":{"@type":"EntryPoint","urlTemplate":"https:\/\/www.accuratereviews.com\/it\/?s={search_term_string}"},"query-input":{"@type":"PropertyValueSpecification","valueRequired":true,"valueName":"search_term_string"}}],"inLanguage":"it-IT"}]}},"_links":{"self":[{"href":"https:\/\/www.accuratereviews.com\/it\/wp-json\/wp\/v2\/pages\/24553","targetHints":{"allow":["GET"]}}],"collection":[{"href":"https:\/\/www.accuratereviews.com\/it\/wp-json\/wp\/v2\/pages"}],"about":[{"href":"https:\/\/www.accuratereviews.com\/it\/wp-json\/wp\/v2\/types\/page"}],"author":[{"embeddable":true,"href":"https:\/\/www.accuratereviews.com\/it\/wp-json\/wp\/v2\/users\/19"}],"replies":[{"embeddable":true,"href":"https:\/\/www.accuratereviews.com\/it\/wp-json\/wp\/v2\/comments?post=24553"}],"version-history":[{"count":8,"href":"https:\/\/www.accuratereviews.com\/it\/wp-json\/wp\/v2\/pages\/24553\/revisions"}],"predecessor-version":[{"id":24913,"href":"https:\/\/www.accuratereviews.com\/it\/wp-json\/wp\/v2\/pages\/24553\/revisions\/24913"}],"up":[{"embeddable":true,"href":"https:\/\/www.accuratereviews.com\/it\/wp-json\/wp\/v2\/pages\/5913"}],"wp:featuredmedia":[{"embeddable":true,"href":"https:\/\/www.accuratereviews.com\/it\/wp-json\/wp\/v2\/media\/24554"}],"wp:attachment":[{"href":"https:\/\/www.accuratereviews.com\/it\/wp-json\/wp\/v2\/media?parent=24553"}],"wp:term":[{"taxonomy":"category","embeddable":true,"href":"https:\/\/www.accuratereviews.com\/it\/wp-json\/wp\/v2\/categories?post=24553"},{"taxonomy":"post_tag","embeddable":true,"href":"https:\/\/www.accuratereviews.com\/it\/wp-json\/wp\/v2\/tags?post=24553"},{"taxonomy":"features","embeddable":true,"href":"https:\/\/www.accuratereviews.com\/it\/wp-json\/wp\/v2\/features?post=24553"}],"curies":[{"name":"wp","href":"https:\/\/api.w.org\/{rel}","templated":true}]}}