{"id":24602,"date":"2020-03-23T11:37:35","date_gmt":"2020-03-23T11:37:35","guid":{"rendered":"https:\/\/www.accuratereviews.com\/?page_id=24602"},"modified":"2021-04-15T19:42:00","modified_gmt":"2021-04-15T19:42:00","slug":"hiri-recensione","status":"publish","type":"page","link":"https:\/\/www.accuratereviews.com\/it\/client-di-posta\/hiri-recensione\/","title":{"rendered":"Hiri"},"content":{"rendered":"<p><strong>Hiri<\/strong> \u00e8 un <strong>client di posta elettronica premium<\/strong> a pagamento progettato principalmente per gli utenti aziendali possessori di <strong>account Microsft<\/strong>. Se ti ritrovi a passare troppo tempo a gestire, leggere e rispondere alle email, questa \u00e8 la soluzione che fa per te. Include una dashboard intelligente che ti consente di vedere quanti messaggi non letti hai a colpo d&#8217;occhio. La finestra di composizione \u00e8 stata progettata per farti risparmiare tempo, offrendo solo le opzioni essenziali e includendo l&#8217;oggetto al di sotto del corpo del messaggio in modo da non doverlo scrivere fino a quando non sai come riassumere l&#8217;email da inviare. Questi piccoli tocchi rendono <strong>Hiri<\/strong> un <strong>client<\/strong> davvero eccezionale.<\/p>\n<h2>HIRI &#8211; TUTORIAL<\/h2>\n<p>Ecco un tutorial per scoprire gli strumenti questo <strong>software di client di posta<\/strong>:<\/p>\n<div id=\"fluid-wrapper-counter-1\" class=\"g1-fluid-wrapper \" style=\"width:686px;\">\n<div style=\"padding-bottom:56.268221574344%;\"><iframe loading=\"lazy\" title=\"Hiri email client walkthrough\" width=\"686\" height=\"386\" src=\"https:\/\/www.youtube.com\/embed\/sUqVrVZSexA?feature=oembed&amp;wmode=transparent&amp;autohide=1&amp;autoplay=0&amp;disablekb=0&amp;fs=1&amp;loop=0&amp;enablejsapi=1&amp;rel=0&amp;controls=2&amp;showinfo=0&amp;wmode=transparent&amp;autohide=2&amp;autoplay=0&amp;disablekb=0&amp;fs=1&amp;loop=0&amp;enablejsapi=1&amp;rel=0&amp;controls=2&amp;showinfo=1\" frameborder=\"0\" allow=\"accelerometer; autoplay; clipboard-write; encrypted-media; gyroscope; picture-in-picture\" allowfullscreen><\/iframe><\/div>\n<\/div>\n<h3>HIRI &#8211; CARATTERISTICHE<\/h3>\n<ul>\n<li><strong>Modalit\u00e0 offline<\/strong>: accedi alla tua email dovunque tu sia. Crea bozze pronte per l&#8217;invio in un secondo momento. Invia email mentre lavori offline<\/li>\n<li><strong>Promemoria<\/strong>: non perdere mai pi\u00f9 traccia di un messaggio. Posticipa un&#8217;email e verr\u00e0 aggiunta all&#8217;elenco delle attivit\u00e0<\/li>\n<li><strong>Calendari condivisi:<\/strong> puoi facilmente trovare e aggiungere calendari condivisi e pubblici. Aggiungi i tuoi eventi o fai sapere ai tuoi colleghi quando sei in vacanza<\/li>\n<li><strong>Elenco indirizzi globale<\/strong>: il sistema utilizza il protocollo Microsoft Active Directory. Ci\u00f2 significa che puoi accedere all&#8217;intera directory dei contatti della tua azienda<\/li>\n<li><strong>Sicuro:<\/strong> il programma non utilizza servizi di terze parti per elaborare email, contatti, attivit\u00e0 o elementi del calendario<\/li>\n<li><strong>Archivio MS:<\/strong> compatibile con lo strumento di archiviazione di Microsoft puoi archiviare le email con il clic di un pulsante<\/li>\n<\/ul>\n<h4>LE RECENSIONI DEGLI UTENTI<\/h4>\n<h4>Ana G.:\u00a0&#8220;Molto soddisfatta&#8221;<\/h4>\n<p><strong>Commenti: <\/strong>Dal momento che sono un utente di Outlook, Hiri \u00e8 stato molto utile per gestire la mia Posta in arrivo.\u00a0Adoro il modo in cui puoi separare le email in due sezioni (FIY e actionable) e sono una grande fan del dashboard. Hiri \u00e8 davvero uno strumento che vale la pena provare!<\/p>\n<p><strong>Vantaggi: <\/strong>Caratteristiche, UI \/ UX, interfaccia<\/p>\n<h4 class=\"font-weight-bold my-1 d-flex align-items-center\">Tony M.:\u00a0&#8220;Buon client di posta elettronica, ottima integrazione di Exchange.&#8221;<\/h4>\n<p><strong>Vantaggi: <\/strong>Mi piace la dashboard e la funzione delegato. La sezione delle competenze sembra promettente. Sono sempre alla ricerca di modi per sfruttare al meglio le email. Questo prodotto sembra utile.<\/p>\n<p><strong>Inconvenienti:\u00a0<\/strong>Il layout \u00e8 un po&#8217; scarso su schermi grandi \/ ad alta risoluzione. Un sacco di spazio che potrei usare per ottenere maggiori informazioni sulla posta elettronica. Non sono sicuro del perch\u00e9, ma gran parte della mia email viene visualizzata come attivit\u00e0. Non sono sicuro di avere l&#8217;approccio a codice chiuso.<\/p>\n","protected":false},"excerpt":{"rendered":"<p>Hiri \u00e8 un client di posta elettronica premium a pagamento progettato principalmente per gli utenti aziendali. Se ti ritrovi a passare troppo tempo a gestire, leggere e rispondere alle email, questa \u00e8 la soluzione che fa per te. Include una dashboard intelligente che ti consente di vedere quanti messaggi non letti hai a colpo d&#8217;occhio.<\/p>\n","protected":false},"author":19,"featured_media":24606,"parent":5913,"menu_order":0,"comment_status":"open","ping_status":"closed","template":"g1_template_page_review_new.php","meta":{"_acf_changed":false,"cwp_meta_box_check":"Yes","cwp_rev_product_name":"","cwp_rev_product_image":"","wppr_links":[],"cwp_rev_price":"","wppr_options":[],"wppr_pros":[],"wppr_cons":[],"_monsterinsights_skip_tracking":false,"_monsterinsights_sitenote_active":false,"_monsterinsights_sitenote_note":"","_monsterinsights_sitenote_category":0,"footnotes":""},"categories":[119,5676,5675,5677],"tags":[396,2310,2395,2322,2311,2313],"features":[],"class_list":{"0":"post-24602","1":"page","2":"type-page","3":"status-publish","4":"has-post-thumbnail","6":"category-i-migliori-client-di-posta","7":"category-client-di-posta-per-linux-categoria","8":"category-client-di-posta-per-mac-categoria","9":"category-client-di-posta-per-windows-categoria","10":"tag-cloud","11":"tag-email-client-software","12":"tag-hiri","13":"tag-programma-client-di-posta","14":"tag-software-client-di-posta","15":"tag-soluzione-client-di-posta"},"wppr_data":{"cwp_meta_box_check":"Yes","cwp_rev_product_name":"","cwp_rev_product_image":"","cwp_image_link":"image","cwp_rev_price":"","wppr_rating":"0.00"},"acf":[],"yoast_head":"<!-- This site is optimized with the Yoast SEO plugin v27.4 - https:\/\/yoast.com\/product\/yoast-seo-wordpress\/ -->\n<title>Hiri: recensione software client di posta - Accurate Reviews<\/title>\n<meta name=\"description\" content=\"Hiri: recensione client di posta elettronica premium a pagamento progettato principalmente per gli utenti aziendali che utilizzano account Microsoft.\" \/>\n<meta name=\"robots\" content=\"index, follow, max-snippet:-1, max-image-preview:large, max-video-preview:-1\" \/>\n<link rel=\"canonical\" href=\"https:\/\/www.accuratereviews.com\/it\/client-di-posta\/hiri-recensione\/\" \/>\n<meta property=\"og:locale\" content=\"it_IT\" \/>\n<meta property=\"og:type\" content=\"article\" \/>\n<meta property=\"og:title\" content=\"Hiri: recensione software client di posta - Accurate Reviews\" \/>\n<meta property=\"og:description\" content=\"Hiri: recensione client di posta elettronica premium a pagamento progettato principalmente per gli utenti aziendali che utilizzano account Microsoft.\" \/>\n<meta property=\"og:url\" content=\"https:\/\/www.accuratereviews.com\/it\/client-di-posta\/hiri-recensione\/\" \/>\n<meta property=\"og:site_name\" content=\"Accurate Reviews\" \/>\n<meta property=\"article:modified_time\" content=\"2021-04-15T19:42:00+00:00\" \/>\n<meta property=\"og:image\" content=\"https:\/\/www.accuratereviews.com\/wp-content\/uploads\/2020\/03\/hiri1.png\" \/>\n\t<meta property=\"og:image:width\" content=\"400\" \/>\n\t<meta property=\"og:image:height\" content=\"400\" \/>\n\t<meta property=\"og:image:type\" content=\"image\/png\" \/>\n<meta name=\"twitter:card\" content=\"summary_large_image\" \/>\n<meta name=\"twitter:label1\" content=\"Tempo di lettura stimato\" \/>\n\t<meta name=\"twitter:data1\" content=\"2 minuti\" \/>\n<script type=\"application\/ld+json\" class=\"yoast-schema-graph\">{\"@context\":\"https:\\\/\\\/schema.org\",\"@graph\":[{\"@type\":\"WebPage\",\"@id\":\"https:\\\/\\\/www.accuratereviews.com\\\/it\\\/client-di-posta\\\/hiri-recensione\\\/\",\"url\":\"https:\\\/\\\/www.accuratereviews.com\\\/it\\\/client-di-posta\\\/hiri-recensione\\\/\",\"name\":\"Hiri: recensione software client di posta - Accurate Reviews\",\"isPartOf\":{\"@id\":\"https:\\\/\\\/www.accuratereviews.com\\\/it\\\/#website\"},\"primaryImageOfPage\":{\"@id\":\"https:\\\/\\\/www.accuratereviews.com\\\/it\\\/client-di-posta\\\/hiri-recensione\\\/#primaryimage\"},\"image\":{\"@id\":\"https:\\\/\\\/www.accuratereviews.com\\\/it\\\/client-di-posta\\\/hiri-recensione\\\/#primaryimage\"},\"thumbnailUrl\":\"https:\\\/\\\/www.accuratereviews.com\\\/wp-content\\\/uploads\\\/2020\\\/03\\\/hiri1.png\",\"datePublished\":\"2020-03-23T11:37:35+00:00\",\"dateModified\":\"2021-04-15T19:42:00+00:00\",\"description\":\"Hiri: recensione client di posta elettronica premium a pagamento progettato principalmente per gli utenti aziendali che utilizzano account Microsoft.\",\"breadcrumb\":{\"@id\":\"https:\\\/\\\/www.accuratereviews.com\\\/it\\\/client-di-posta\\\/hiri-recensione\\\/#breadcrumb\"},\"inLanguage\":\"it-IT\",\"potentialAction\":[{\"@type\":\"ReadAction\",\"target\":[\"https:\\\/\\\/www.accuratereviews.com\\\/it\\\/client-di-posta\\\/hiri-recensione\\\/\"]}]},{\"@type\":\"ImageObject\",\"inLanguage\":\"it-IT\",\"@id\":\"https:\\\/\\\/www.accuratereviews.com\\\/it\\\/client-di-posta\\\/hiri-recensione\\\/#primaryimage\",\"url\":\"https:\\\/\\\/www.accuratereviews.com\\\/wp-content\\\/uploads\\\/2020\\\/03\\\/hiri1.png\",\"contentUrl\":\"https:\\\/\\\/www.accuratereviews.com\\\/wp-content\\\/uploads\\\/2020\\\/03\\\/hiri1.png\",\"width\":400,\"height\":400},{\"@type\":\"BreadcrumbList\",\"@id\":\"https:\\\/\\\/www.accuratereviews.com\\\/it\\\/client-di-posta\\\/hiri-recensione\\\/#breadcrumb\",\"itemListElement\":[{\"@type\":\"ListItem\",\"position\":1,\"name\":\"Home\",\"item\":\"https:\\\/\\\/www.accuratereviews.com\\\/it\\\/\"},{\"@type\":\"ListItem\",\"position\":2,\"name\":\"Client di posta\",\"item\":\"https:\\\/\\\/www.accuratereviews.com\\\/it\\\/client-di-posta\\\/\"},{\"@type\":\"ListItem\",\"position\":3,\"name\":\"Hiri\"}]},{\"@type\":\"WebSite\",\"@id\":\"https:\\\/\\\/www.accuratereviews.com\\\/it\\\/#website\",\"url\":\"https:\\\/\\\/www.accuratereviews.com\\\/it\\\/\",\"name\":\"Accurate Reviews\",\"description\":\"\",\"potentialAction\":[{\"@type\":\"SearchAction\",\"target\":{\"@type\":\"EntryPoint\",\"urlTemplate\":\"https:\\\/\\\/www.accuratereviews.com\\\/it\\\/?s={search_term_string}\"},\"query-input\":{\"@type\":\"PropertyValueSpecification\",\"valueRequired\":true,\"valueName\":\"search_term_string\"}}],\"inLanguage\":\"it-IT\"}]}<\/script>\n<!-- \/ Yoast SEO plugin. -->","yoast_head_json":{"title":"Hiri: recensione software client di posta - Accurate Reviews","description":"Hiri: recensione client di posta elettronica premium a pagamento progettato principalmente per gli utenti aziendali che utilizzano account Microsoft.","robots":{"index":"index","follow":"follow","max-snippet":"max-snippet:-1","max-image-preview":"max-image-preview:large","max-video-preview":"max-video-preview:-1"},"canonical":"https:\/\/www.accuratereviews.com\/it\/client-di-posta\/hiri-recensione\/","og_locale":"it_IT","og_type":"article","og_title":"Hiri: recensione software client di posta - Accurate Reviews","og_description":"Hiri: recensione client di posta elettronica premium a pagamento progettato principalmente per gli utenti aziendali che utilizzano account Microsoft.","og_url":"https:\/\/www.accuratereviews.com\/it\/client-di-posta\/hiri-recensione\/","og_site_name":"Accurate Reviews","article_modified_time":"2021-04-15T19:42:00+00:00","og_image":[{"width":400,"height":400,"url":"https:\/\/www.accuratereviews.com\/wp-content\/uploads\/2020\/03\/hiri1.png","type":"image\/png"}],"twitter_card":"summary_large_image","twitter_misc":{"Tempo di lettura stimato":"2 minuti"},"schema":{"@context":"https:\/\/schema.org","@graph":[{"@type":"WebPage","@id":"https:\/\/www.accuratereviews.com\/it\/client-di-posta\/hiri-recensione\/","url":"https:\/\/www.accuratereviews.com\/it\/client-di-posta\/hiri-recensione\/","name":"Hiri: recensione software client di posta - Accurate Reviews","isPartOf":{"@id":"https:\/\/www.accuratereviews.com\/it\/#website"},"primaryImageOfPage":{"@id":"https:\/\/www.accuratereviews.com\/it\/client-di-posta\/hiri-recensione\/#primaryimage"},"image":{"@id":"https:\/\/www.accuratereviews.com\/it\/client-di-posta\/hiri-recensione\/#primaryimage"},"thumbnailUrl":"https:\/\/www.accuratereviews.com\/wp-content\/uploads\/2020\/03\/hiri1.png","datePublished":"2020-03-23T11:37:35+00:00","dateModified":"2021-04-15T19:42:00+00:00","description":"Hiri: recensione client di posta elettronica premium a pagamento progettato principalmente per gli utenti aziendali che utilizzano account Microsoft.","breadcrumb":{"@id":"https:\/\/www.accuratereviews.com\/it\/client-di-posta\/hiri-recensione\/#breadcrumb"},"inLanguage":"it-IT","potentialAction":[{"@type":"ReadAction","target":["https:\/\/www.accuratereviews.com\/it\/client-di-posta\/hiri-recensione\/"]}]},{"@type":"ImageObject","inLanguage":"it-IT","@id":"https:\/\/www.accuratereviews.com\/it\/client-di-posta\/hiri-recensione\/#primaryimage","url":"https:\/\/www.accuratereviews.com\/wp-content\/uploads\/2020\/03\/hiri1.png","contentUrl":"https:\/\/www.accuratereviews.com\/wp-content\/uploads\/2020\/03\/hiri1.png","width":400,"height":400},{"@type":"BreadcrumbList","@id":"https:\/\/www.accuratereviews.com\/it\/client-di-posta\/hiri-recensione\/#breadcrumb","itemListElement":[{"@type":"ListItem","position":1,"name":"Home","item":"https:\/\/www.accuratereviews.com\/it\/"},{"@type":"ListItem","position":2,"name":"Client di posta","item":"https:\/\/www.accuratereviews.com\/it\/client-di-posta\/"},{"@type":"ListItem","position":3,"name":"Hiri"}]},{"@type":"WebSite","@id":"https:\/\/www.accuratereviews.com\/it\/#website","url":"https:\/\/www.accuratereviews.com\/it\/","name":"Accurate Reviews","description":"","potentialAction":[{"@type":"SearchAction","target":{"@type":"EntryPoint","urlTemplate":"https:\/\/www.accuratereviews.com\/it\/?s={search_term_string}"},"query-input":{"@type":"PropertyValueSpecification","valueRequired":true,"valueName":"search_term_string"}}],"inLanguage":"it-IT"}]}},"_links":{"self":[{"href":"https:\/\/www.accuratereviews.com\/it\/wp-json\/wp\/v2\/pages\/24602","targetHints":{"allow":["GET"]}}],"collection":[{"href":"https:\/\/www.accuratereviews.com\/it\/wp-json\/wp\/v2\/pages"}],"about":[{"href":"https:\/\/www.accuratereviews.com\/it\/wp-json\/wp\/v2\/types\/page"}],"author":[{"embeddable":true,"href":"https:\/\/www.accuratereviews.com\/it\/wp-json\/wp\/v2\/users\/19"}],"replies":[{"embeddable":true,"href":"https:\/\/www.accuratereviews.com\/it\/wp-json\/wp\/v2\/comments?post=24602"}],"version-history":[{"count":9,"href":"https:\/\/www.accuratereviews.com\/it\/wp-json\/wp\/v2\/pages\/24602\/revisions"}],"predecessor-version":[{"id":40041,"href":"https:\/\/www.accuratereviews.com\/it\/wp-json\/wp\/v2\/pages\/24602\/revisions\/40041"}],"up":[{"embeddable":true,"href":"https:\/\/www.accuratereviews.com\/it\/wp-json\/wp\/v2\/pages\/5913"}],"wp:featuredmedia":[{"embeddable":true,"href":"https:\/\/www.accuratereviews.com\/it\/wp-json\/wp\/v2\/media\/24606"}],"wp:attachment":[{"href":"https:\/\/www.accuratereviews.com\/it\/wp-json\/wp\/v2\/media?parent=24602"}],"wp:term":[{"taxonomy":"category","embeddable":true,"href":"https:\/\/www.accuratereviews.com\/it\/wp-json\/wp\/v2\/categories?post=24602"},{"taxonomy":"post_tag","embeddable":true,"href":"https:\/\/www.accuratereviews.com\/it\/wp-json\/wp\/v2\/tags?post=24602"},{"taxonomy":"features","embeddable":true,"href":"https:\/\/www.accuratereviews.com\/it\/wp-json\/wp\/v2\/features?post=24602"}],"curies":[{"name":"wp","href":"https:\/\/api.w.org\/{rel}","templated":true}]}}