{"id":24614,"date":"2020-03-23T11:38:10","date_gmt":"2020-03-23T11:38:10","guid":{"rendered":"https:\/\/www.accuratereviews.com\/?page_id=24614"},"modified":"2021-04-15T19:32:40","modified_gmt":"2021-04-15T19:32:40","slug":"mail-and-calendar-recensione","status":"publish","type":"page","link":"https:\/\/www.accuratereviews.com\/it\/client-di-posta\/mail-and-calendar-recensione\/","title":{"rendered":"Posta e Calendario"},"content":{"rendered":"<p>Mentre Outlook \u00e8 un punto fermo nel mondo degli affari, Microsoft ha da tempo capito che \u00e8 eccessivo per molti utenti domestici, quindi c&#8217;\u00e8 un <strong>client di posta elettronica leggero<\/strong> integrato in Windows. Molto tempo fa, questo client era Outlook Express, ma da allora si \u00e8 evoluto e nell&#8217;ultima versione del sistema operativo desktop, \u00e8 noto come <strong>Mail and Calendar <\/strong>(Posta e Calendario).\u00a0Per qualsiasi utente di Windows, il client di posta \u00e8 una scelta ovvia, poich\u00e9 quando si accede a <strong>Windows 10<\/strong> con un indirizzo Hotmail, Live o Outlook.com, l&#8217;account viene gi\u00e0 aggiunto automaticamente. Pu\u00f2 anche funzionare con altri account popolari, tra cui Yahoo, Gmail e iCloud. Ha una funzione utile nota come Azioni rapide che, ad esempio, consente all&#8217;utente di contrassegnare o archiviare facilmente un messaggio.<\/p>\n<h2><strong>MAIL AND CALENDAR &#8211; TUTORIAL<\/strong><\/h2>\n<p>Guardiamo come creare e inviare una mail con questo <strong>client di posta<\/strong> integrato:<\/p>\n<div id=\"fluid-wrapper-counter-1\" class=\"g1-fluid-wrapper \" style=\"width:686px;\">\n<div style=\"padding-bottom:56.268221574344%;\"><iframe loading=\"lazy\" title=\"How to Add an Email to the Windows 10 Mail App - Tutorial\" width=\"686\" height=\"386\" src=\"https:\/\/www.youtube.com\/embed\/2hWeOespw28?feature=oembed&amp;wmode=transparent&amp;autohide=1&amp;autoplay=0&amp;disablekb=0&amp;fs=1&amp;loop=0&amp;enablejsapi=1&amp;rel=0&amp;controls=2&amp;showinfo=0&amp;wmode=transparent&amp;autohide=2&amp;autoplay=0&amp;disablekb=0&amp;fs=1&amp;loop=0&amp;enablejsapi=1&amp;rel=0&amp;controls=2&amp;showinfo=1\" frameborder=\"0\" allow=\"accelerometer; autoplay; clipboard-write; encrypted-media; gyroscope; picture-in-picture\" allowfullscreen><\/iframe><\/div>\n<\/div>\n<p>&nbsp;<\/p>\n<h2><strong>MAIL AND CALENDAR &#8211; CARATTERISTICHE<\/strong><\/h2>\n<ul>\n<li>Creare email non \u00e8 mai stato cos\u00ec facile o potente, con la familiare e ricca funzionalit\u00e0 di Microsoft Word integrata. Basta inserire tabelle, aggiungere immagini e usare i punti elenco<\/li>\n<li>Calendar \u00e8 ottimizzato per Exchange, con un supporto completo per l&#8217;organizzazione di riunioni e la gestione di un programma intenso<\/li>\n<li>Resta al passo con la tua casella di posta con nuovi gesti tattili che ti aiutano a leggere, ordinare e archiviare la tua posta<\/li>\n<li>La barra di navigazione fornisce un interruttore rapido, che ti consente di spostarti liberamente tra la tua email e il tuo calendario per fare le cose<\/li>\n<li>Calendar offre visualizzazioni utili e potenti del tuo programma come giorno, settimana e mese.<\/li>\n<li>Scaricare e salvare tutti gli allegati in una e-mail contemporaneamente<\/li>\n<li>Sfogliare e selezionare i contatti dal selettore persone di Windows quando si indirizza la posta elettronica<\/li>\n<\/ul>\n<h4>LE RECENSIONI DEGLI UTENTI<\/h4>\n<h4 class=\"c-subheading-5 review-user-name\">Giovanni: &#8220;Perfetta&#8221;<\/h4>\n<p>Utile e intuitiva, questa app funziona benissimo!! grazie microsoft<\/p>\n<h4 class=\"c-subheading-5 review-user-name\">Francesco &#8220;Pulita ed efficiente&#8221;<\/h4>\n<p>L&#8217; app ha un buon design pulito. La uso per gestire 5 account di posta e mi trovo molto bene risolti i problemi di due anni fa (gli allegati) e dell&#8217;anno scorso (mancanza di impostazioni utili).<\/p>\n<h4 class=\"c-subheading-5 review-user-name\">Gianmario &#8220;Comoda, pratica, veloce, ma si \u00e8 presentato un BUG&#8221;<\/h4>\n<p class=\"c-paragraph-3 review-card-text\">Ottima se vuoi un client di posta versatile e leggero. Testata anche con diversi account non canonici, funziona quasi perfettamente. Purtroppo \u00e8 capitato che un paio di volte non abbia mostrato gli allegati alle mail ricevute ed \u00e8 stato necessario recuperarli dal sito del provider.<\/p>\n<p>&nbsp;<\/p>\n","protected":false},"excerpt":{"rendered":"<p>Mentre Outlook \u00e8 un punto fermo nel mondo degli affari, Microsoft ha da tempo capito che \u00e8 eccessivo per molti utenti domestici, quindi c&#8217;\u00e8 un client di posta elettronica leggero integrato in Windows. Molto tempo fa, questo client era Outlook Express, ma da allora si \u00e8 evoluto e nell&#8217;ultima versione del sistema operativo desktop, \u00e8 noto come Mail and Calendar (Posta e Calendario)<\/p>\n","protected":false},"author":19,"featured_media":24730,"parent":5913,"menu_order":0,"comment_status":"open","ping_status":"closed","template":"g1_template_page_review_new.php","meta":{"_acf_changed":false,"cwp_meta_box_check":"Yes","cwp_rev_product_name":"","cwp_rev_product_image":"","wppr_links":[],"cwp_rev_price":"","wppr_options":[],"wppr_pros":[],"wppr_cons":[],"_monsterinsights_skip_tracking":false,"_monsterinsights_sitenote_active":false,"_monsterinsights_sitenote_note":"","_monsterinsights_sitenote_category":0,"footnotes":""},"categories":[119,5677],"tags":[396,2310,2396,2397,2311,2313],"features":[],"class_list":{"0":"post-24614","1":"page","2":"type-page","3":"status-publish","4":"has-post-thumbnail","6":"category-i-migliori-client-di-posta","7":"category-client-di-posta-per-windows-categoria","8":"tag-cloud","9":"tag-email-client-software","10":"tag-mail-and-calendar","11":"tag-posta-e-calendario","12":"tag-software-client-di-posta","13":"tag-soluzione-client-di-posta"},"wppr_data":{"cwp_meta_box_check":"Yes","cwp_rev_product_name":"","cwp_rev_product_image":"","cwp_image_link":"image","cwp_rev_price":"","wppr_rating":"0.00"},"acf":[],"yoast_head":"<!-- This site is optimized with the Yoast SEO plugin v27.4 - https:\/\/yoast.com\/product\/yoast-seo-wordpress\/ -->\n<title>Mail and Calendar: recensione software client di posta - Accurate Reviews<\/title>\n<meta name=\"description\" content=\"Mail and Calendar: recensione soluzione client di posta elettronica semplice e leggera integrata nei sistemi operativi di Windows.\" \/>\n<meta name=\"robots\" content=\"index, follow, max-snippet:-1, max-image-preview:large, max-video-preview:-1\" \/>\n<link rel=\"canonical\" href=\"https:\/\/www.accuratereviews.com\/it\/client-di-posta\/mail-and-calendar-recensione\/\" \/>\n<meta property=\"og:locale\" content=\"it_IT\" \/>\n<meta property=\"og:type\" content=\"article\" \/>\n<meta property=\"og:title\" content=\"Mail and Calendar: recensione software client di posta - Accurate Reviews\" \/>\n<meta property=\"og:description\" content=\"Mail and Calendar: recensione soluzione client di posta elettronica semplice e leggera integrata nei sistemi operativi di Windows.\" \/>\n<meta property=\"og:url\" content=\"https:\/\/www.accuratereviews.com\/it\/client-di-posta\/mail-and-calendar-recensione\/\" \/>\n<meta property=\"og:site_name\" content=\"Accurate Reviews\" \/>\n<meta property=\"article:modified_time\" content=\"2021-04-15T19:32:40+00:00\" \/>\n<meta property=\"og:image\" content=\"https:\/\/www.accuratereviews.com\/wp-content\/uploads\/2020\/03\/mail2.png\" \/>\n\t<meta property=\"og:image:width\" content=\"512\" \/>\n\t<meta property=\"og:image:height\" content=\"472\" \/>\n\t<meta property=\"og:image:type\" content=\"image\/png\" \/>\n<meta name=\"twitter:card\" content=\"summary_large_image\" \/>\n<meta name=\"twitter:label1\" content=\"Tempo di lettura stimato\" \/>\n\t<meta name=\"twitter:data1\" content=\"2 minuti\" \/>\n<script type=\"application\/ld+json\" class=\"yoast-schema-graph\">{\"@context\":\"https:\\\/\\\/schema.org\",\"@graph\":[{\"@type\":\"WebPage\",\"@id\":\"https:\\\/\\\/www.accuratereviews.com\\\/it\\\/client-di-posta\\\/mail-and-calendar-recensione\\\/\",\"url\":\"https:\\\/\\\/www.accuratereviews.com\\\/it\\\/client-di-posta\\\/mail-and-calendar-recensione\\\/\",\"name\":\"Mail and Calendar: recensione software client di posta - Accurate Reviews\",\"isPartOf\":{\"@id\":\"https:\\\/\\\/www.accuratereviews.com\\\/it\\\/#website\"},\"primaryImageOfPage\":{\"@id\":\"https:\\\/\\\/www.accuratereviews.com\\\/it\\\/client-di-posta\\\/mail-and-calendar-recensione\\\/#primaryimage\"},\"image\":{\"@id\":\"https:\\\/\\\/www.accuratereviews.com\\\/it\\\/client-di-posta\\\/mail-and-calendar-recensione\\\/#primaryimage\"},\"thumbnailUrl\":\"https:\\\/\\\/www.accuratereviews.com\\\/wp-content\\\/uploads\\\/2020\\\/03\\\/mail2.png\",\"datePublished\":\"2020-03-23T11:38:10+00:00\",\"dateModified\":\"2021-04-15T19:32:40+00:00\",\"description\":\"Mail and Calendar: recensione soluzione client di posta elettronica semplice e leggera integrata nei sistemi operativi di Windows.\",\"breadcrumb\":{\"@id\":\"https:\\\/\\\/www.accuratereviews.com\\\/it\\\/client-di-posta\\\/mail-and-calendar-recensione\\\/#breadcrumb\"},\"inLanguage\":\"it-IT\",\"potentialAction\":[{\"@type\":\"ReadAction\",\"target\":[\"https:\\\/\\\/www.accuratereviews.com\\\/it\\\/client-di-posta\\\/mail-and-calendar-recensione\\\/\"]}]},{\"@type\":\"ImageObject\",\"inLanguage\":\"it-IT\",\"@id\":\"https:\\\/\\\/www.accuratereviews.com\\\/it\\\/client-di-posta\\\/mail-and-calendar-recensione\\\/#primaryimage\",\"url\":\"https:\\\/\\\/www.accuratereviews.com\\\/wp-content\\\/uploads\\\/2020\\\/03\\\/mail2.png\",\"contentUrl\":\"https:\\\/\\\/www.accuratereviews.com\\\/wp-content\\\/uploads\\\/2020\\\/03\\\/mail2.png\",\"width\":512,\"height\":472},{\"@type\":\"BreadcrumbList\",\"@id\":\"https:\\\/\\\/www.accuratereviews.com\\\/it\\\/client-di-posta\\\/mail-and-calendar-recensione\\\/#breadcrumb\",\"itemListElement\":[{\"@type\":\"ListItem\",\"position\":1,\"name\":\"Home\",\"item\":\"https:\\\/\\\/www.accuratereviews.com\\\/it\\\/\"},{\"@type\":\"ListItem\",\"position\":2,\"name\":\"Client di posta\",\"item\":\"https:\\\/\\\/www.accuratereviews.com\\\/it\\\/client-di-posta\\\/\"},{\"@type\":\"ListItem\",\"position\":3,\"name\":\"Posta e Calendario\"}]},{\"@type\":\"WebSite\",\"@id\":\"https:\\\/\\\/www.accuratereviews.com\\\/it\\\/#website\",\"url\":\"https:\\\/\\\/www.accuratereviews.com\\\/it\\\/\",\"name\":\"Accurate Reviews\",\"description\":\"\",\"potentialAction\":[{\"@type\":\"SearchAction\",\"target\":{\"@type\":\"EntryPoint\",\"urlTemplate\":\"https:\\\/\\\/www.accuratereviews.com\\\/it\\\/?s={search_term_string}\"},\"query-input\":{\"@type\":\"PropertyValueSpecification\",\"valueRequired\":true,\"valueName\":\"search_term_string\"}}],\"inLanguage\":\"it-IT\"}]}<\/script>\n<!-- \/ Yoast SEO plugin. -->","yoast_head_json":{"title":"Mail and Calendar: recensione software client di posta - Accurate Reviews","description":"Mail and Calendar: recensione soluzione client di posta elettronica semplice e leggera integrata nei sistemi operativi di Windows.","robots":{"index":"index","follow":"follow","max-snippet":"max-snippet:-1","max-image-preview":"max-image-preview:large","max-video-preview":"max-video-preview:-1"},"canonical":"https:\/\/www.accuratereviews.com\/it\/client-di-posta\/mail-and-calendar-recensione\/","og_locale":"it_IT","og_type":"article","og_title":"Mail and Calendar: recensione software client di posta - Accurate Reviews","og_description":"Mail and Calendar: recensione soluzione client di posta elettronica semplice e leggera integrata nei sistemi operativi di Windows.","og_url":"https:\/\/www.accuratereviews.com\/it\/client-di-posta\/mail-and-calendar-recensione\/","og_site_name":"Accurate Reviews","article_modified_time":"2021-04-15T19:32:40+00:00","og_image":[{"width":512,"height":472,"url":"https:\/\/www.accuratereviews.com\/wp-content\/uploads\/2020\/03\/mail2.png","type":"image\/png"}],"twitter_card":"summary_large_image","twitter_misc":{"Tempo di lettura stimato":"2 minuti"},"schema":{"@context":"https:\/\/schema.org","@graph":[{"@type":"WebPage","@id":"https:\/\/www.accuratereviews.com\/it\/client-di-posta\/mail-and-calendar-recensione\/","url":"https:\/\/www.accuratereviews.com\/it\/client-di-posta\/mail-and-calendar-recensione\/","name":"Mail and Calendar: recensione software client di posta - Accurate Reviews","isPartOf":{"@id":"https:\/\/www.accuratereviews.com\/it\/#website"},"primaryImageOfPage":{"@id":"https:\/\/www.accuratereviews.com\/it\/client-di-posta\/mail-and-calendar-recensione\/#primaryimage"},"image":{"@id":"https:\/\/www.accuratereviews.com\/it\/client-di-posta\/mail-and-calendar-recensione\/#primaryimage"},"thumbnailUrl":"https:\/\/www.accuratereviews.com\/wp-content\/uploads\/2020\/03\/mail2.png","datePublished":"2020-03-23T11:38:10+00:00","dateModified":"2021-04-15T19:32:40+00:00","description":"Mail and Calendar: recensione soluzione client di posta elettronica semplice e leggera integrata nei sistemi operativi di Windows.","breadcrumb":{"@id":"https:\/\/www.accuratereviews.com\/it\/client-di-posta\/mail-and-calendar-recensione\/#breadcrumb"},"inLanguage":"it-IT","potentialAction":[{"@type":"ReadAction","target":["https:\/\/www.accuratereviews.com\/it\/client-di-posta\/mail-and-calendar-recensione\/"]}]},{"@type":"ImageObject","inLanguage":"it-IT","@id":"https:\/\/www.accuratereviews.com\/it\/client-di-posta\/mail-and-calendar-recensione\/#primaryimage","url":"https:\/\/www.accuratereviews.com\/wp-content\/uploads\/2020\/03\/mail2.png","contentUrl":"https:\/\/www.accuratereviews.com\/wp-content\/uploads\/2020\/03\/mail2.png","width":512,"height":472},{"@type":"BreadcrumbList","@id":"https:\/\/www.accuratereviews.com\/it\/client-di-posta\/mail-and-calendar-recensione\/#breadcrumb","itemListElement":[{"@type":"ListItem","position":1,"name":"Home","item":"https:\/\/www.accuratereviews.com\/it\/"},{"@type":"ListItem","position":2,"name":"Client di posta","item":"https:\/\/www.accuratereviews.com\/it\/client-di-posta\/"},{"@type":"ListItem","position":3,"name":"Posta e Calendario"}]},{"@type":"WebSite","@id":"https:\/\/www.accuratereviews.com\/it\/#website","url":"https:\/\/www.accuratereviews.com\/it\/","name":"Accurate Reviews","description":"","potentialAction":[{"@type":"SearchAction","target":{"@type":"EntryPoint","urlTemplate":"https:\/\/www.accuratereviews.com\/it\/?s={search_term_string}"},"query-input":{"@type":"PropertyValueSpecification","valueRequired":true,"valueName":"search_term_string"}}],"inLanguage":"it-IT"}]}},"_links":{"self":[{"href":"https:\/\/www.accuratereviews.com\/it\/wp-json\/wp\/v2\/pages\/24614","targetHints":{"allow":["GET"]}}],"collection":[{"href":"https:\/\/www.accuratereviews.com\/it\/wp-json\/wp\/v2\/pages"}],"about":[{"href":"https:\/\/www.accuratereviews.com\/it\/wp-json\/wp\/v2\/types\/page"}],"author":[{"embeddable":true,"href":"https:\/\/www.accuratereviews.com\/it\/wp-json\/wp\/v2\/users\/19"}],"replies":[{"embeddable":true,"href":"https:\/\/www.accuratereviews.com\/it\/wp-json\/wp\/v2\/comments?post=24614"}],"version-history":[{"count":10,"href":"https:\/\/www.accuratereviews.com\/it\/wp-json\/wp\/v2\/pages\/24614\/revisions"}],"predecessor-version":[{"id":40039,"href":"https:\/\/www.accuratereviews.com\/it\/wp-json\/wp\/v2\/pages\/24614\/revisions\/40039"}],"up":[{"embeddable":true,"href":"https:\/\/www.accuratereviews.com\/it\/wp-json\/wp\/v2\/pages\/5913"}],"wp:featuredmedia":[{"embeddable":true,"href":"https:\/\/www.accuratereviews.com\/it\/wp-json\/wp\/v2\/media\/24730"}],"wp:attachment":[{"href":"https:\/\/www.accuratereviews.com\/it\/wp-json\/wp\/v2\/media?parent=24614"}],"wp:term":[{"taxonomy":"category","embeddable":true,"href":"https:\/\/www.accuratereviews.com\/it\/wp-json\/wp\/v2\/categories?post=24614"},{"taxonomy":"post_tag","embeddable":true,"href":"https:\/\/www.accuratereviews.com\/it\/wp-json\/wp\/v2\/tags?post=24614"},{"taxonomy":"features","embeddable":true,"href":"https:\/\/www.accuratereviews.com\/it\/wp-json\/wp\/v2\/features?post=24614"}],"curies":[{"name":"wp","href":"https:\/\/api.w.org\/{rel}","templated":true}]}}