{"id":24632,"date":"2020-03-24T12:09:08","date_gmt":"2020-03-24T12:09:08","guid":{"rendered":"https:\/\/www.accuratereviews.com\/?page_id=24632"},"modified":"2020-03-24T12:09:08","modified_gmt":"2020-03-24T12:09:08","slug":"zimbra-collaboration-recensione","status":"publish","type":"page","link":"https:\/\/www.accuratereviews.com\/it\/client-di-posta\/zimbra-collaboration-recensione\/","title":{"rendered":"Zimbra Collaboration"},"content":{"rendered":"<p><strong>Zimbra\u00a0Collaboration\u00a0<\/strong>\u00e8 un\u00a0<strong>software di collaborazione<\/strong> che offre una suite completa di strumenti social che include blog e microblog, forum e wiki, editing di contenuti e pagine web, gallerie multimediali e integrazione di video, tag e molto altro. Inoltre puoi impostare il tuo profilo personale, trovarne altri e inviare richieste di amicizia, creare eventi e sondaggi, lasciare commenti ecc.\u00a0<strong>Zimbra<\/strong>, pu\u00f2 essere utilizza anche come <strong>client di posta<\/strong> con il quale \u00e8 possibile utilizzare le funzionalit\u00e0 di voce, attivit\u00e0, rubrica e calendario, file e condivisione dei file. Puoi utilizzare vari strumenti per rimanere in contatto con i membri del team in ogni fuso orario. I file e le cartelle possono essere condivisi in modo sicuro con questo software. Grazie all&#8217;integrazione con Cisco e Mitel, \u00e8 possibile ottenere messaggistica istantanea, posta vocale e click-to-call e cronologia delle chiamate.<\/p>\n<h2>ZIMBRA COLLABORATION &#8211; TUTORIAL<\/h2>\n<p>Il tutorial che segue mostra i principali strumenti di questo<strong> software di client di posta<\/strong>:<\/p>\n<p>&nbsp;<\/p>\n<div id=\"fluid-wrapper-counter-1\" class=\"g1-fluid-wrapper \" style=\"width:686px;\">\n<div style=\"padding-bottom:56.268221574344%;\"><iframe loading=\"lazy\" title=\"Zimbra #01 introduction of Open Source Email Collaboration Solution\" width=\"686\" height=\"386\" src=\"https:\/\/www.youtube.com\/embed\/AgwtOHyHE8I?feature=oembed&amp;wmode=transparent&amp;autohide=1&amp;autoplay=0&amp;disablekb=0&amp;fs=1&amp;loop=0&amp;enablejsapi=1&amp;rel=0&amp;controls=2&amp;showinfo=0&amp;wmode=transparent&amp;autohide=2&amp;autoplay=0&amp;disablekb=0&amp;fs=1&amp;loop=0&amp;enablejsapi=1&amp;rel=0&amp;controls=2&amp;showinfo=1\" frameborder=\"0\" allow=\"accelerometer; autoplay; encrypted-media; gyroscope; picture-in-picture\" allowfullscreen><\/iframe><\/div>\n<\/div>\n<h3>ZIMBRA COLLABORATION &#8211; CARATTERISTICHE<\/h3>\n<ul>\n<li>Connetti gli utenti ai loro cloud personali con una client di posta intelligente che integra email, attivit\u00e0, rubrica, calendario, file e applicazioni aziendali<\/li>\n<li>Scegli pi\u00f9 opzioni di distribuzione in un cloud privato come appliance virtuale o ospitato in un cloud pubblico<\/li>\n<li>Resta connesso ovunque su qualsiasi smartphone o altro dispositivo con IMAP \/ POP, CalDAV e CarDAV<\/li>\n<li>Lavora online o offline con Zimbra Desktop o client come Microsoft Outlook utilizzando IMAP \/ POP, CalDAV e CarDAV<\/li>\n<li>Integrazione con directory esterne per autenticazione, elenchi di indirizzi e provisioning<\/li>\n<li>Comunica con altri utenti direttamente da Zimbra Web Client<\/li>\n<li>Invita e rimuovi utenti dall&#8217;elenco dei compagni e assegna soprannomi<\/li>\n<li>Inizia a chattare con un semplice clic<\/li>\n<li>Mostra il tuo umore in chat con emoji<\/li>\n<li>Passa tra quattro messaggi di stato: Disponibile, Assente, Non disturbare o Invisibile.<\/li>\n<li>Scheda di ricerca dedicata con filtri comuni e facili da personalizzare<\/li>\n<li>Invia e ricevi facilmente messaggi di posta elettronica autenticati e crittografati utilizzando S \/ MIME o OpenPGP Zimlet<\/li>\n<li>Gestione produttiva dei documenti, check in \/ out, condivisione istantanea di documenti e cartelle<\/li>\n<li>Servizi integrati anti-spam, antivirus e di directory (LDAP, Active Directory)<\/li>\n<li>Gestisci funzionalit\u00e0, quote, criteri di archiviazione per l&#8217;utente finale tramite Class-of-Service (CoS)<\/li>\n<li>Sincronizzazione con smartphone e tablet iOS (iPhone, iPad), Windows e Android, utilizzando IMAP \/ POP, CalDAV e CarDAV<\/li>\n<li>Ricca esperienza basata su browser per email, contatti, calendario e file su qualsiasi dispositivo compatibile con xHTML<\/li>\n<\/ul>\n<h4>LE RECENSIONI DEGLI UTENTI<\/h4>\n<h4 class=\"font-weight-bold my-1 d-flex align-items-center\">Giridhar S.\u00a0&#8220;Il miglior software client di posta elettronica&#8221;<\/h4>\n<p><strong>Commenti: <\/strong>Zimbra, un client di configurazione della posta istantanea che \u00e8 il migliore per il settore aziendale in quanto possiamo facilmente consegnare messaggi e ricevere gli stessi che funzionano in tempo reale. Ho usato il server di posta Zimbra negli ultimi 2 anni e funziona in modo eccellente fino al momento in cui non ho nemmeno consegne in ritardo n\u00e9 attivit\u00e0 in ritardo su di esso. Le funzionalit\u00e0 sono state ben costruite per un dipendente che lo usava quotidianamente e pu\u00f2 interagire con i propri colleghi \/ membri dello staff \/ clienti in modo facile e puntuale.<\/p>\n<p><strong>Vantaggi: <\/strong>Il massimo che mi piace in Zimbra \u00e8:<br \/>\n1. Consegna delle e-mail in tempo reale<br \/>\n2. Puoi aggiungere la firma email a su tutte le nostre email<br \/>\n3. Pu\u00f2 inviare inviti a eventi \/ riunioni<br \/>\n4. Responsabilit\u00e0 dell&#8217;utente nella progettazione e software lite speed<br \/>\n5. Puoi utilizzare l&#8217;opzione Fuori sede se sei in congedo e inviare loro un&#8217;email reattiva automatica<br \/>\n6. Pu\u00f2 importare \/ eseguire il backup di tutte le email \/ contatti con un solo clic<br \/>\n7. Cerca tra tutte le nostre e-mail utilizzando le opzioni di ricerca<br \/>\n8. \u00c8 presente un calendario integrato per la ricerca rapida delle nostre riunioni<\/p>\n<p><strong>Inconvenienti: <\/strong>Hmm .. Al momento, non ci sono svantaggi o almeno mi piace di questo software poich\u00e9 lo uso da 2 anni e vado alla stessa velocit\u00e0 fino ad ora :)<\/p>\n<h4 class=\"font-weight-bold my-1 d-flex align-items-center\">Cynthia R.<span style=\"font-size: 16px;\">&#8220;Transizione Zimbra&#8221;<\/span><\/h4>\n<div class=\"i18n-translation_container review-card pt-4 py-3 py-md-5 i18n-translation_translated\" data-translation-id=\"1078474\" data-translation-target=\"original\" data-container-view=\"ca-review\">\n<div class=\"container\">\n<div class=\"row\">\n<div class=\"col-lg-6 pl-lg-5\">\n<p><strong>Commenti: <\/strong>Zimbra \u00e8 stato scelto come suite preferita per la nostra azienda perch\u00e9 consente a un cliente semplice che ogni membro della nostra forza lavoro potrebbe utilizzare senza sentirsi sopraffatto da Outlook o Office 365. Con Zimbra \u00e8 stato pi\u00f9 facile incoraggiare la collaborazione con diversi team. I membri del team pi\u00f9 esperti che hanno bisogno o desiderano Outlook possono impostare facilmente Zimbra in Outlook.<\/p>\n<p><strong>Vantaggi: <\/strong>Ok, cominciamo con il bene. Zimbra \u00e8 una suite che include il calendario di base, l&#8217;elenco dei contatti e la possibilit\u00e0 di creare attivit\u00e0. Ti consente di impostare promemoria, attivit\u00e0 e appuntamenti e condividerli rapidamente con i colleghi. Questa \u00e8 forse la migliore funzionalit\u00e0 di questo software. \u00c8 un programma relativamente semplice senza frozoli come Outlook. \u00c8 la semplicit\u00e0 di questo software e la sicurezza che lo rendono ideale per la nostra azienda. Siamo appena migrati su Zimbra e il lancio per la maggior parte ha avuto successo. Una cosa che adoro di Zimbra \u00e8 la possibilit\u00e0 di configurarla in Outlook. Questo mi d\u00e0 la collaborazione all&#8217;interno del mio team utilizzando Zimbra e le funzionalit\u00e0 che ho imparato ad apprezzare in Outlook.<\/p>\n<p><strong>Inconvenienti: <\/strong>Se sei abituato alla pi\u00f9 ampia e potente suite di collaborazione nota come Office 365, rimarrai un po &#8216;deluso da Zimbra. Zimbra non ti cercher\u00e0, non ti parler\u00e0 o manterr\u00e0 le tue email per sempre. Quello che troverai \u00e8 un semplice programma che ti consente di collaborare con i tuoi colleghi e la tua gestione. \u00a0Pu\u00f2 essere una delusione se sei abituato a una suite pi\u00f9 ampia. La comunicazione \u00e8 limitata alla sola risposta a un&#8217;email e le email sono impostate su un limite di conservazione di 30 giorni. Tuttavia, puoi utilizzare uno &#8220;Zimlet&#8221; per acquisire e salvare email. Come detto sopra, essere in grado di incorporare Zimbra in Outlook \u00e8 un modo per superare alcune delle limitazioni di Zimbra.<\/p>\n<h4 class=\"font-weight-bold my-1 d-flex align-items-center\">Howard O.&#8221;Uno strumento integrale per le questioni gestionali&#8221;<\/h4>\n<p><strong>Commenti: <\/strong>Penso che Zimbra sia uno strumento perfetto per l&#8217;emailing e la gestione. Nonostante alcuni problemi, \u00e8 molto semplice implementare il servizio e aiuta a comunicare con clienti e colleghi nel modo pi\u00f9 pratico.<\/p>\n<p><strong>Vantaggi: <\/strong>A mio avviso, \u00e8 fantastico che Zimbra offra l&#8217;opportunit\u00e0 di condividere un calendario tra colleghi e clienti. Ci aiuta a condividere tutti i dati e le riunioni importanti in qualsiasi momento. Un altro vantaggio \u00e8 un design semplice e intuitivo. \u00c8 perfetto sia per utenti qualificati che per le persone che lo usano per la prima volta. E, naturalmente, l&#8217;email stessa \u00e8 ai massimi livelli. \u00c8 facile da personalizzare e apportare le modifiche necessarie. Zimbra \u00e8 un software open source con la possibilit\u00e0 di inviare email, mantenere contatti e prendere appunti nel calendario. Questo servizio \u00e8 perfetto per il lavoro remoto perch\u00e9 posso tenere d&#8217;occhio tutto ed essere sicuro che tutti sanno cosa devono fare.<\/p>\n<p><strong>Inconvenienti: <\/strong>Sono convinto che Zimbra abbia pi\u00f9 vantaggi che svantaggi. Tuttavia, ci sono alcuni problemi da risolvere. Innanzitutto, i filtri sono difficili da usare e da capire, perch\u00e9 non sono affatto flessibili. In secondo luogo, il software stesso \u00e8 piuttosto difficile da utilizzare. Nonostante tutti i vantaggi, il servizio richiede ancora alcune competenze IT di base. In terzo luogo, potrebbero esserci alcuni problemi con l&#8217;esportazione e il backup dei dati, poich\u00e9 il software dipende dai server.<\/p>\n<\/div>\n<\/div>\n<\/div>\n<\/div>\n<p>&nbsp;<\/p>\n","protected":false},"excerpt":{"rendered":"<p>Zimbra\u00a0Collaboration\u00a0\u00e8 software di collaborazione che offre una suite completa di strumenti social che include blog e microblog, forum e wiki, editing di contenuti e pagine web, gallerie multimediali e integrazione di video, tag e molto altro. Inoltre puoi impostare il tuo profilo personale, trovarne altri e inviare richieste di amicizia, creare eventi e sondaggi, lasciare commenti ecc.\u00a0<\/p>\n","protected":false},"author":19,"featured_media":24633,"parent":5913,"menu_order":0,"comment_status":"open","ping_status":"closed","template":"g1_template_page_review_new.php","meta":{"_acf_changed":false,"cwp_meta_box_check":"Yes","cwp_rev_product_name":"","cwp_rev_product_image":"","wppr_links":[],"cwp_rev_price":"","wppr_options":[],"wppr_pros":[],"wppr_cons":[],"_monsterinsights_skip_tracking":false,"_monsterinsights_sitenote_active":false,"_monsterinsights_sitenote_note":"","_monsterinsights_sitenote_category":0,"footnotes":""},"categories":[119],"tags":[396,2310,246,2311,2402,2313,2401],"features":[],"class_list":{"0":"post-24632","1":"page","2":"type-page","3":"status-publish","4":"has-post-thumbnail","6":"category-i-migliori-client-di-posta","7":"tag-cloud","8":"tag-email-client-software","9":"tag-open-source","10":"tag-software-client-di-posta","11":"tag-software-di-collaborazione","12":"tag-soluzione-client-di-posta","13":"tag-zimbra-collaboration"},"wppr_data":{"cwp_meta_box_check":"Yes","cwp_rev_product_name":"","cwp_rev_product_image":"","cwp_image_link":"image","cwp_rev_price":"","wppr_rating":"0.00"},"acf":[],"yoast_head":"<!-- This site is optimized with the Yoast SEO plugin v27.4 - https:\/\/yoast.com\/product\/yoast-seo-wordpress\/ -->\n<title>Zimbra Collaboration: recensione software client posta - Accurate Reviews<\/title>\n<meta name=\"description\" content=\"Zimbra Collaboration: recensione client di posta con il quale \u00e8 possibile utilizzare le funzionalit\u00e0 di voce, rubrica, calendario e condivisione file.\" \/>\n<meta name=\"robots\" content=\"index, follow, max-snippet:-1, max-image-preview:large, max-video-preview:-1\" \/>\n<link rel=\"canonical\" href=\"https:\/\/www.accuratereviews.com\/it\/client-di-posta\/zimbra-collaboration-recensione\/\" \/>\n<meta property=\"og:locale\" content=\"it_IT\" \/>\n<meta property=\"og:type\" content=\"article\" \/>\n<meta property=\"og:title\" content=\"Zimbra Collaboration: recensione software client posta - Accurate Reviews\" \/>\n<meta property=\"og:description\" content=\"Zimbra Collaboration: recensione client di posta con il quale \u00e8 possibile utilizzare le funzionalit\u00e0 di voce, rubrica, calendario e condivisione file.\" \/>\n<meta property=\"og:url\" content=\"https:\/\/www.accuratereviews.com\/it\/client-di-posta\/zimbra-collaboration-recensione\/\" \/>\n<meta property=\"og:site_name\" content=\"Accurate Reviews\" \/>\n<meta property=\"og:image\" content=\"https:\/\/www.accuratereviews.com\/wp-content\/uploads\/2020\/03\/zimbra.jpg\" \/>\n\t<meta property=\"og:image:width\" content=\"225\" \/>\n\t<meta property=\"og:image:height\" content=\"225\" \/>\n\t<meta property=\"og:image:type\" content=\"image\/jpeg\" \/>\n<meta name=\"twitter:card\" content=\"summary_large_image\" \/>\n<meta name=\"twitter:label1\" content=\"Tempo di lettura stimato\" \/>\n\t<meta name=\"twitter:data1\" content=\"6 minuti\" \/>\n<script type=\"application\/ld+json\" class=\"yoast-schema-graph\">{\"@context\":\"https:\\\/\\\/schema.org\",\"@graph\":[{\"@type\":\"WebPage\",\"@id\":\"https:\\\/\\\/www.accuratereviews.com\\\/it\\\/client-di-posta\\\/zimbra-collaboration-recensione\\\/\",\"url\":\"https:\\\/\\\/www.accuratereviews.com\\\/it\\\/client-di-posta\\\/zimbra-collaboration-recensione\\\/\",\"name\":\"Zimbra Collaboration: recensione software client posta - Accurate Reviews\",\"isPartOf\":{\"@id\":\"https:\\\/\\\/www.accuratereviews.com\\\/it\\\/#website\"},\"primaryImageOfPage\":{\"@id\":\"https:\\\/\\\/www.accuratereviews.com\\\/it\\\/client-di-posta\\\/zimbra-collaboration-recensione\\\/#primaryimage\"},\"image\":{\"@id\":\"https:\\\/\\\/www.accuratereviews.com\\\/it\\\/client-di-posta\\\/zimbra-collaboration-recensione\\\/#primaryimage\"},\"thumbnailUrl\":\"https:\\\/\\\/www.accuratereviews.com\\\/wp-content\\\/uploads\\\/2020\\\/03\\\/zimbra.jpg\",\"datePublished\":\"2020-03-24T12:09:08+00:00\",\"description\":\"Zimbra Collaboration: recensione client di posta con il quale \u00e8 possibile utilizzare le funzionalit\u00e0 di voce, rubrica, calendario e condivisione file.\",\"breadcrumb\":{\"@id\":\"https:\\\/\\\/www.accuratereviews.com\\\/it\\\/client-di-posta\\\/zimbra-collaboration-recensione\\\/#breadcrumb\"},\"inLanguage\":\"it-IT\",\"potentialAction\":[{\"@type\":\"ReadAction\",\"target\":[\"https:\\\/\\\/www.accuratereviews.com\\\/it\\\/client-di-posta\\\/zimbra-collaboration-recensione\\\/\"]}]},{\"@type\":\"ImageObject\",\"inLanguage\":\"it-IT\",\"@id\":\"https:\\\/\\\/www.accuratereviews.com\\\/it\\\/client-di-posta\\\/zimbra-collaboration-recensione\\\/#primaryimage\",\"url\":\"https:\\\/\\\/www.accuratereviews.com\\\/wp-content\\\/uploads\\\/2020\\\/03\\\/zimbra.jpg\",\"contentUrl\":\"https:\\\/\\\/www.accuratereviews.com\\\/wp-content\\\/uploads\\\/2020\\\/03\\\/zimbra.jpg\",\"width\":225,\"height\":225},{\"@type\":\"BreadcrumbList\",\"@id\":\"https:\\\/\\\/www.accuratereviews.com\\\/it\\\/client-di-posta\\\/zimbra-collaboration-recensione\\\/#breadcrumb\",\"itemListElement\":[{\"@type\":\"ListItem\",\"position\":1,\"name\":\"Home\",\"item\":\"https:\\\/\\\/www.accuratereviews.com\\\/it\\\/\"},{\"@type\":\"ListItem\",\"position\":2,\"name\":\"Client di posta\",\"item\":\"https:\\\/\\\/www.accuratereviews.com\\\/it\\\/client-di-posta\\\/\"},{\"@type\":\"ListItem\",\"position\":3,\"name\":\"Zimbra Collaboration\"}]},{\"@type\":\"WebSite\",\"@id\":\"https:\\\/\\\/www.accuratereviews.com\\\/it\\\/#website\",\"url\":\"https:\\\/\\\/www.accuratereviews.com\\\/it\\\/\",\"name\":\"Accurate Reviews\",\"description\":\"\",\"potentialAction\":[{\"@type\":\"SearchAction\",\"target\":{\"@type\":\"EntryPoint\",\"urlTemplate\":\"https:\\\/\\\/www.accuratereviews.com\\\/it\\\/?s={search_term_string}\"},\"query-input\":{\"@type\":\"PropertyValueSpecification\",\"valueRequired\":true,\"valueName\":\"search_term_string\"}}],\"inLanguage\":\"it-IT\"}]}<\/script>\n<!-- \/ Yoast SEO plugin. -->","yoast_head_json":{"title":"Zimbra Collaboration: recensione software client posta - Accurate Reviews","description":"Zimbra Collaboration: recensione client di posta con il quale \u00e8 possibile utilizzare le funzionalit\u00e0 di voce, rubrica, calendario e condivisione file.","robots":{"index":"index","follow":"follow","max-snippet":"max-snippet:-1","max-image-preview":"max-image-preview:large","max-video-preview":"max-video-preview:-1"},"canonical":"https:\/\/www.accuratereviews.com\/it\/client-di-posta\/zimbra-collaboration-recensione\/","og_locale":"it_IT","og_type":"article","og_title":"Zimbra Collaboration: recensione software client posta - Accurate Reviews","og_description":"Zimbra Collaboration: recensione client di posta con il quale \u00e8 possibile utilizzare le funzionalit\u00e0 di voce, rubrica, calendario e condivisione file.","og_url":"https:\/\/www.accuratereviews.com\/it\/client-di-posta\/zimbra-collaboration-recensione\/","og_site_name":"Accurate Reviews","og_image":[{"width":225,"height":225,"url":"https:\/\/www.accuratereviews.com\/wp-content\/uploads\/2020\/03\/zimbra.jpg","type":"image\/jpeg"}],"twitter_card":"summary_large_image","twitter_misc":{"Tempo di lettura stimato":"6 minuti"},"schema":{"@context":"https:\/\/schema.org","@graph":[{"@type":"WebPage","@id":"https:\/\/www.accuratereviews.com\/it\/client-di-posta\/zimbra-collaboration-recensione\/","url":"https:\/\/www.accuratereviews.com\/it\/client-di-posta\/zimbra-collaboration-recensione\/","name":"Zimbra Collaboration: recensione software client posta - Accurate Reviews","isPartOf":{"@id":"https:\/\/www.accuratereviews.com\/it\/#website"},"primaryImageOfPage":{"@id":"https:\/\/www.accuratereviews.com\/it\/client-di-posta\/zimbra-collaboration-recensione\/#primaryimage"},"image":{"@id":"https:\/\/www.accuratereviews.com\/it\/client-di-posta\/zimbra-collaboration-recensione\/#primaryimage"},"thumbnailUrl":"https:\/\/www.accuratereviews.com\/wp-content\/uploads\/2020\/03\/zimbra.jpg","datePublished":"2020-03-24T12:09:08+00:00","description":"Zimbra Collaboration: recensione client di posta con il quale \u00e8 possibile utilizzare le funzionalit\u00e0 di voce, rubrica, calendario e condivisione file.","breadcrumb":{"@id":"https:\/\/www.accuratereviews.com\/it\/client-di-posta\/zimbra-collaboration-recensione\/#breadcrumb"},"inLanguage":"it-IT","potentialAction":[{"@type":"ReadAction","target":["https:\/\/www.accuratereviews.com\/it\/client-di-posta\/zimbra-collaboration-recensione\/"]}]},{"@type":"ImageObject","inLanguage":"it-IT","@id":"https:\/\/www.accuratereviews.com\/it\/client-di-posta\/zimbra-collaboration-recensione\/#primaryimage","url":"https:\/\/www.accuratereviews.com\/wp-content\/uploads\/2020\/03\/zimbra.jpg","contentUrl":"https:\/\/www.accuratereviews.com\/wp-content\/uploads\/2020\/03\/zimbra.jpg","width":225,"height":225},{"@type":"BreadcrumbList","@id":"https:\/\/www.accuratereviews.com\/it\/client-di-posta\/zimbra-collaboration-recensione\/#breadcrumb","itemListElement":[{"@type":"ListItem","position":1,"name":"Home","item":"https:\/\/www.accuratereviews.com\/it\/"},{"@type":"ListItem","position":2,"name":"Client di posta","item":"https:\/\/www.accuratereviews.com\/it\/client-di-posta\/"},{"@type":"ListItem","position":3,"name":"Zimbra Collaboration"}]},{"@type":"WebSite","@id":"https:\/\/www.accuratereviews.com\/it\/#website","url":"https:\/\/www.accuratereviews.com\/it\/","name":"Accurate Reviews","description":"","potentialAction":[{"@type":"SearchAction","target":{"@type":"EntryPoint","urlTemplate":"https:\/\/www.accuratereviews.com\/it\/?s={search_term_string}"},"query-input":{"@type":"PropertyValueSpecification","valueRequired":true,"valueName":"search_term_string"}}],"inLanguage":"it-IT"}]}},"_links":{"self":[{"href":"https:\/\/www.accuratereviews.com\/it\/wp-json\/wp\/v2\/pages\/24632","targetHints":{"allow":["GET"]}}],"collection":[{"href":"https:\/\/www.accuratereviews.com\/it\/wp-json\/wp\/v2\/pages"}],"about":[{"href":"https:\/\/www.accuratereviews.com\/it\/wp-json\/wp\/v2\/types\/page"}],"author":[{"embeddable":true,"href":"https:\/\/www.accuratereviews.com\/it\/wp-json\/wp\/v2\/users\/19"}],"replies":[{"embeddable":true,"href":"https:\/\/www.accuratereviews.com\/it\/wp-json\/wp\/v2\/comments?post=24632"}],"version-history":[{"count":10,"href":"https:\/\/www.accuratereviews.com\/it\/wp-json\/wp\/v2\/pages\/24632\/revisions"}],"predecessor-version":[{"id":24655,"href":"https:\/\/www.accuratereviews.com\/it\/wp-json\/wp\/v2\/pages\/24632\/revisions\/24655"}],"up":[{"embeddable":true,"href":"https:\/\/www.accuratereviews.com\/it\/wp-json\/wp\/v2\/pages\/5913"}],"wp:featuredmedia":[{"embeddable":true,"href":"https:\/\/www.accuratereviews.com\/it\/wp-json\/wp\/v2\/media\/24633"}],"wp:attachment":[{"href":"https:\/\/www.accuratereviews.com\/it\/wp-json\/wp\/v2\/media?parent=24632"}],"wp:term":[{"taxonomy":"category","embeddable":true,"href":"https:\/\/www.accuratereviews.com\/it\/wp-json\/wp\/v2\/categories?post=24632"},{"taxonomy":"post_tag","embeddable":true,"href":"https:\/\/www.accuratereviews.com\/it\/wp-json\/wp\/v2\/tags?post=24632"},{"taxonomy":"features","embeddable":true,"href":"https:\/\/www.accuratereviews.com\/it\/wp-json\/wp\/v2\/features?post=24632"}],"curies":[{"name":"wp","href":"https:\/\/api.w.org\/{rel}","templated":true}]}}