{"id":24658,"date":"2020-03-25T11:25:05","date_gmt":"2020-03-25T11:25:05","guid":{"rendered":"https:\/\/www.accuratereviews.com\/?page_id=24658"},"modified":"2021-04-15T19:53:01","modified_gmt":"2021-04-15T19:53:01","slug":"the-bat-recensione","status":"publish","type":"page","link":"https:\/\/www.accuratereviews.com\/it\/client-di-posta\/the-bat-recensione\/","title":{"rendered":"The Bat"},"content":{"rendered":"<p><strong>The Bat<\/strong> \u00e8 un<strong> client di posta elettronica<\/strong> sicuro che pu\u00f2 essere installato come programma desktop o come applicazione server, creato da <strong>Ritlabs<\/strong>, una societ\u00e0 di software fondata nel 1998. L&#8217;obiettivo dell&#8217;azienda \u00e8 creare vari prodotti di comunicazione sicura per clienti privati \u200b\u200be aziendali. Il software\u00a0consente di lavorare con un numero illimitato di caselle di posta, ha potenti filtri di ordinamento, modelli di messaggi completamente personalizzabili, Mail Dispatcher e molte altre funzionalit\u00e0. Tutti gli strumenti di <strong>The Bat<\/strong> si adattano perfettamente a qualsiasi sistema operativo Windows. Questo software \u00e8 dotato di un avanzato sistema di <strong>crittografia end-to-end.<\/strong><\/p>\n<h2>THE BAT &#8211; TUTORIAL<\/h2>\n<p>Guardiamo come installare questo programma di <strong>client di posta<\/strong> sul nostro pc:<\/p>\n<div id=\"fluid-wrapper-counter-1\" class=\"g1-fluid-wrapper \" style=\"width:686px;\">\n<div style=\"padding-bottom:56.268221574344%;\"><iframe loading=\"lazy\" title=\"How to setup your email account in the Bat\" width=\"515\" height=\"386\" src=\"https:\/\/www.youtube.com\/embed\/667qjQIknfM?feature=oembed&amp;wmode=transparent&amp;autohide=1&amp;autoplay=0&amp;disablekb=0&amp;fs=1&amp;loop=0&amp;enablejsapi=1&amp;rel=0&amp;controls=2&amp;showinfo=0&amp;wmode=transparent&amp;autohide=2&amp;autoplay=0&amp;disablekb=0&amp;fs=1&amp;loop=0&amp;enablejsapi=1&amp;rel=0&amp;controls=2&amp;showinfo=1\" frameborder=\"0\" allow=\"accelerometer; autoplay; clipboard-write; encrypted-media; gyroscope; picture-in-picture\" allowfullscreen><\/iframe><\/div>\n<\/div>\n<h3>THE BAT &#8211; CARATTERITICHE<\/h3>\n<ul>\n<li><strong>Tutela della privacy:<\/strong> \u00e8 il supporto pi\u00f9 diffuso dei protocolli di autenticazione e della crittografia mentre si lavora con i server di posta. Provvisto di \u00a0pulsanti di sicurezza intelligenti per ogni messaggio che aiutano a rendere le informazioni degli utenti davvero private<\/li>\n<li><strong>Difesa antivirus:\u00a0<\/strong>protezione contro codici dannosi. Questo gestore combatte con successo codici dannosi inseriti in immagini HTML<\/li>\n<li><strong>Smistamento intelligente: \u00a0<\/strong>the Sorting Office \u00e8 un potente sistema di filtraggio che non solo ordina i messaggi in arrivo, in uscita, letti e risposte alle cartelle, ma pu\u00f2 anche rispondere automaticamente; rinviate risposte con un modello personalizzato; inoltra, reindirizza, stampa o esporta messaggi; inviare conferme di lettura; eseguire un programma esterno e altro<\/li>\n<li><strong>Modelli di messaggi<\/strong>: oltre alle firme, la soluzione consente di creare modelli di messaggi.Qualsiasi casella di posta, cartella o voce nella Rubrica pu\u00f2 avere una serie di modelli per il nuovo messaggio, risposta o inoltro. Questi modelli accelereranno notevolmente il processo di composizione del messaggio, specialmente quando il messaggio ha del testo standard o comune<\/li>\n<li><strong>Message Parking<\/strong>: il parcheggio dei messaggi \u00e8 progettato per impedire la cancellazione accidentale di un messaggio prezioso. Quando un messaggio viene parcheggiato, non sar\u00e0 possibile spostarlo in un&#8217;altra cartella, n\u00e9 verr\u00e0 eliminato<\/li>\n<li><strong>Modelli rapidi<\/strong>: questa funzione ti far\u00e0 risparmiare ore di digitazione. Inserisci blocchi di testo &#8211; anche da file su disco &#8211; aggiungi informazioni personalizzate sui messaggi, allega file e vCard e altro ancora, il tutto con un paio di sequenze di tasti e senza usare i comandi di menu<\/li>\n<li><strong>Backup e ripristino integrati:<\/strong> \u00e8 possibile eseguire il backup di tutte le impostazioni di configurazione, rubriche e cartelle e ripristinare tali informazioni dal file di backup in caso di perdita accidentale dei dati. \u00c8 inoltre possibile aggiungere un commento al file di backup, selezionare quali account eseguire il backup e persino proteggere con password il file di archivio<\/li>\n<li><strong>Crittografia avanzata<\/strong>: l&#8217;implementazione PGP interna, basata sul pluripremiato OpenSSL, consente di crittografare i messaggi e firmarli con firme digitali<\/li>\n<\/ul>\n","protected":false},"excerpt":{"rendered":"<p>The Bat \u00e8 un client di posta elettronica sicuro che pu\u00f2 essere installato come programma desktop o come applicazione server, creato da Ritlabs, una societ\u00e0 di software fondata nel 1998. L&#8217;obiettivo dell&#8217;azienda \u00e8 creare vari prodotti di comunicazione sicura per clienti privati \u200b\u200be aziendali.<\/p>\n","protected":false},"author":19,"featured_media":24659,"parent":5913,"menu_order":0,"comment_status":"open","ping_status":"closed","template":"g1_template_page_review_new.php","meta":{"_acf_changed":false,"cwp_meta_box_check":"Yes","cwp_rev_product_name":"","cwp_rev_product_image":"","wppr_links":[],"cwp_rev_price":"","wppr_options":[],"wppr_pros":[],"wppr_cons":[],"_monsterinsights_skip_tracking":false,"_monsterinsights_sitenote_active":false,"_monsterinsights_sitenote_note":"","_monsterinsights_sitenote_category":0,"footnotes":""},"categories":[119,5677],"tags":[724,2310,2322,2311,2313,2408],"features":[],"class_list":{"0":"post-24658","1":"page","2":"type-page","3":"status-publish","4":"has-post-thumbnail","6":"category-i-migliori-client-di-posta","7":"category-client-di-posta-per-windows-categoria","8":"tag-crittografia-end-to-end","9":"tag-email-client-software","10":"tag-programma-client-di-posta","11":"tag-software-client-di-posta","12":"tag-soluzione-client-di-posta","13":"tag-the-bat"},"wppr_data":{"cwp_meta_box_check":"Yes","cwp_rev_product_name":"","cwp_rev_product_image":"","cwp_image_link":"image","cwp_rev_price":"","wppr_rating":"0.00"},"acf":[],"yoast_head":"<!-- This site is optimized with the Yoast SEO plugin v27.4 - https:\/\/yoast.com\/product\/yoast-seo-wordpress\/ -->\n<title>The Bat: recensione software client di posta - Accurate Reviews<\/title>\n<meta name=\"description\" content=\"The Bat: recensione client di posta elettronica che pu\u00f2 essere installato come software desktop o come applicazione server creato dalla societ\u00e0 Ritlabs.\" \/>\n<meta name=\"robots\" content=\"index, follow, max-snippet:-1, max-image-preview:large, max-video-preview:-1\" \/>\n<link rel=\"canonical\" href=\"https:\/\/www.accuratereviews.com\/it\/client-di-posta\/the-bat-recensione\/\" \/>\n<meta property=\"og:locale\" content=\"it_IT\" \/>\n<meta property=\"og:type\" content=\"article\" \/>\n<meta property=\"og:title\" content=\"The Bat: recensione software client di posta - Accurate Reviews\" \/>\n<meta property=\"og:description\" content=\"The Bat: recensione client di posta elettronica che pu\u00f2 essere installato come software desktop o come applicazione server creato dalla societ\u00e0 Ritlabs.\" \/>\n<meta property=\"og:url\" content=\"https:\/\/www.accuratereviews.com\/it\/client-di-posta\/the-bat-recensione\/\" \/>\n<meta property=\"og:site_name\" content=\"Accurate Reviews\" \/>\n<meta property=\"article:modified_time\" content=\"2021-04-15T19:53:01+00:00\" \/>\n<meta property=\"og:image\" content=\"https:\/\/www.accuratereviews.com\/wp-content\/uploads\/2020\/03\/BAT.png\" \/>\n\t<meta property=\"og:image:width\" content=\"1297\" \/>\n\t<meta property=\"og:image:height\" content=\"1368\" \/>\n\t<meta property=\"og:image:type\" content=\"image\/png\" \/>\n<meta name=\"twitter:card\" content=\"summary_large_image\" \/>\n<meta name=\"twitter:label1\" content=\"Tempo di lettura stimato\" \/>\n\t<meta name=\"twitter:data1\" content=\"2 minuti\" \/>\n<script type=\"application\/ld+json\" class=\"yoast-schema-graph\">{\"@context\":\"https:\\\/\\\/schema.org\",\"@graph\":[{\"@type\":\"WebPage\",\"@id\":\"https:\\\/\\\/www.accuratereviews.com\\\/it\\\/client-di-posta\\\/the-bat-recensione\\\/\",\"url\":\"https:\\\/\\\/www.accuratereviews.com\\\/it\\\/client-di-posta\\\/the-bat-recensione\\\/\",\"name\":\"The Bat: recensione software client di posta - Accurate Reviews\",\"isPartOf\":{\"@id\":\"https:\\\/\\\/www.accuratereviews.com\\\/it\\\/#website\"},\"primaryImageOfPage\":{\"@id\":\"https:\\\/\\\/www.accuratereviews.com\\\/it\\\/client-di-posta\\\/the-bat-recensione\\\/#primaryimage\"},\"image\":{\"@id\":\"https:\\\/\\\/www.accuratereviews.com\\\/it\\\/client-di-posta\\\/the-bat-recensione\\\/#primaryimage\"},\"thumbnailUrl\":\"https:\\\/\\\/www.accuratereviews.com\\\/wp-content\\\/uploads\\\/2020\\\/03\\\/BAT.png\",\"datePublished\":\"2020-03-25T11:25:05+00:00\",\"dateModified\":\"2021-04-15T19:53:01+00:00\",\"description\":\"The Bat: recensione client di posta elettronica che pu\u00f2 essere installato come software desktop o come applicazione server creato dalla societ\u00e0 Ritlabs.\",\"breadcrumb\":{\"@id\":\"https:\\\/\\\/www.accuratereviews.com\\\/it\\\/client-di-posta\\\/the-bat-recensione\\\/#breadcrumb\"},\"inLanguage\":\"it-IT\",\"potentialAction\":[{\"@type\":\"ReadAction\",\"target\":[\"https:\\\/\\\/www.accuratereviews.com\\\/it\\\/client-di-posta\\\/the-bat-recensione\\\/\"]}]},{\"@type\":\"ImageObject\",\"inLanguage\":\"it-IT\",\"@id\":\"https:\\\/\\\/www.accuratereviews.com\\\/it\\\/client-di-posta\\\/the-bat-recensione\\\/#primaryimage\",\"url\":\"https:\\\/\\\/www.accuratereviews.com\\\/wp-content\\\/uploads\\\/2020\\\/03\\\/BAT.png\",\"contentUrl\":\"https:\\\/\\\/www.accuratereviews.com\\\/wp-content\\\/uploads\\\/2020\\\/03\\\/BAT.png\",\"width\":1297,\"height\":1368},{\"@type\":\"BreadcrumbList\",\"@id\":\"https:\\\/\\\/www.accuratereviews.com\\\/it\\\/client-di-posta\\\/the-bat-recensione\\\/#breadcrumb\",\"itemListElement\":[{\"@type\":\"ListItem\",\"position\":1,\"name\":\"Home\",\"item\":\"https:\\\/\\\/www.accuratereviews.com\\\/it\\\/\"},{\"@type\":\"ListItem\",\"position\":2,\"name\":\"Client di posta\",\"item\":\"https:\\\/\\\/www.accuratereviews.com\\\/it\\\/client-di-posta\\\/\"},{\"@type\":\"ListItem\",\"position\":3,\"name\":\"The Bat\"}]},{\"@type\":\"WebSite\",\"@id\":\"https:\\\/\\\/www.accuratereviews.com\\\/it\\\/#website\",\"url\":\"https:\\\/\\\/www.accuratereviews.com\\\/it\\\/\",\"name\":\"Accurate Reviews\",\"description\":\"\",\"potentialAction\":[{\"@type\":\"SearchAction\",\"target\":{\"@type\":\"EntryPoint\",\"urlTemplate\":\"https:\\\/\\\/www.accuratereviews.com\\\/it\\\/?s={search_term_string}\"},\"query-input\":{\"@type\":\"PropertyValueSpecification\",\"valueRequired\":true,\"valueName\":\"search_term_string\"}}],\"inLanguage\":\"it-IT\"}]}<\/script>\n<!-- \/ Yoast SEO plugin. -->","yoast_head_json":{"title":"The Bat: recensione software client di posta - Accurate Reviews","description":"The Bat: recensione client di posta elettronica che pu\u00f2 essere installato come software desktop o come applicazione server creato dalla societ\u00e0 Ritlabs.","robots":{"index":"index","follow":"follow","max-snippet":"max-snippet:-1","max-image-preview":"max-image-preview:large","max-video-preview":"max-video-preview:-1"},"canonical":"https:\/\/www.accuratereviews.com\/it\/client-di-posta\/the-bat-recensione\/","og_locale":"it_IT","og_type":"article","og_title":"The Bat: recensione software client di posta - Accurate Reviews","og_description":"The Bat: recensione client di posta elettronica che pu\u00f2 essere installato come software desktop o come applicazione server creato dalla societ\u00e0 Ritlabs.","og_url":"https:\/\/www.accuratereviews.com\/it\/client-di-posta\/the-bat-recensione\/","og_site_name":"Accurate Reviews","article_modified_time":"2021-04-15T19:53:01+00:00","og_image":[{"width":1297,"height":1368,"url":"https:\/\/www.accuratereviews.com\/wp-content\/uploads\/2020\/03\/BAT.png","type":"image\/png"}],"twitter_card":"summary_large_image","twitter_misc":{"Tempo di lettura stimato":"2 minuti"},"schema":{"@context":"https:\/\/schema.org","@graph":[{"@type":"WebPage","@id":"https:\/\/www.accuratereviews.com\/it\/client-di-posta\/the-bat-recensione\/","url":"https:\/\/www.accuratereviews.com\/it\/client-di-posta\/the-bat-recensione\/","name":"The Bat: recensione software client di posta - Accurate Reviews","isPartOf":{"@id":"https:\/\/www.accuratereviews.com\/it\/#website"},"primaryImageOfPage":{"@id":"https:\/\/www.accuratereviews.com\/it\/client-di-posta\/the-bat-recensione\/#primaryimage"},"image":{"@id":"https:\/\/www.accuratereviews.com\/it\/client-di-posta\/the-bat-recensione\/#primaryimage"},"thumbnailUrl":"https:\/\/www.accuratereviews.com\/wp-content\/uploads\/2020\/03\/BAT.png","datePublished":"2020-03-25T11:25:05+00:00","dateModified":"2021-04-15T19:53:01+00:00","description":"The Bat: recensione client di posta elettronica che pu\u00f2 essere installato come software desktop o come applicazione server creato dalla societ\u00e0 Ritlabs.","breadcrumb":{"@id":"https:\/\/www.accuratereviews.com\/it\/client-di-posta\/the-bat-recensione\/#breadcrumb"},"inLanguage":"it-IT","potentialAction":[{"@type":"ReadAction","target":["https:\/\/www.accuratereviews.com\/it\/client-di-posta\/the-bat-recensione\/"]}]},{"@type":"ImageObject","inLanguage":"it-IT","@id":"https:\/\/www.accuratereviews.com\/it\/client-di-posta\/the-bat-recensione\/#primaryimage","url":"https:\/\/www.accuratereviews.com\/wp-content\/uploads\/2020\/03\/BAT.png","contentUrl":"https:\/\/www.accuratereviews.com\/wp-content\/uploads\/2020\/03\/BAT.png","width":1297,"height":1368},{"@type":"BreadcrumbList","@id":"https:\/\/www.accuratereviews.com\/it\/client-di-posta\/the-bat-recensione\/#breadcrumb","itemListElement":[{"@type":"ListItem","position":1,"name":"Home","item":"https:\/\/www.accuratereviews.com\/it\/"},{"@type":"ListItem","position":2,"name":"Client di posta","item":"https:\/\/www.accuratereviews.com\/it\/client-di-posta\/"},{"@type":"ListItem","position":3,"name":"The Bat"}]},{"@type":"WebSite","@id":"https:\/\/www.accuratereviews.com\/it\/#website","url":"https:\/\/www.accuratereviews.com\/it\/","name":"Accurate Reviews","description":"","potentialAction":[{"@type":"SearchAction","target":{"@type":"EntryPoint","urlTemplate":"https:\/\/www.accuratereviews.com\/it\/?s={search_term_string}"},"query-input":{"@type":"PropertyValueSpecification","valueRequired":true,"valueName":"search_term_string"}}],"inLanguage":"it-IT"}]}},"_links":{"self":[{"href":"https:\/\/www.accuratereviews.com\/it\/wp-json\/wp\/v2\/pages\/24658","targetHints":{"allow":["GET"]}}],"collection":[{"href":"https:\/\/www.accuratereviews.com\/it\/wp-json\/wp\/v2\/pages"}],"about":[{"href":"https:\/\/www.accuratereviews.com\/it\/wp-json\/wp\/v2\/types\/page"}],"author":[{"embeddable":true,"href":"https:\/\/www.accuratereviews.com\/it\/wp-json\/wp\/v2\/users\/19"}],"replies":[{"embeddable":true,"href":"https:\/\/www.accuratereviews.com\/it\/wp-json\/wp\/v2\/comments?post=24658"}],"version-history":[{"count":10,"href":"https:\/\/www.accuratereviews.com\/it\/wp-json\/wp\/v2\/pages\/24658\/revisions"}],"predecessor-version":[{"id":40045,"href":"https:\/\/www.accuratereviews.com\/it\/wp-json\/wp\/v2\/pages\/24658\/revisions\/40045"}],"up":[{"embeddable":true,"href":"https:\/\/www.accuratereviews.com\/it\/wp-json\/wp\/v2\/pages\/5913"}],"wp:featuredmedia":[{"embeddable":true,"href":"https:\/\/www.accuratereviews.com\/it\/wp-json\/wp\/v2\/media\/24659"}],"wp:attachment":[{"href":"https:\/\/www.accuratereviews.com\/it\/wp-json\/wp\/v2\/media?parent=24658"}],"wp:term":[{"taxonomy":"category","embeddable":true,"href":"https:\/\/www.accuratereviews.com\/it\/wp-json\/wp\/v2\/categories?post=24658"},{"taxonomy":"post_tag","embeddable":true,"href":"https:\/\/www.accuratereviews.com\/it\/wp-json\/wp\/v2\/tags?post=24658"},{"taxonomy":"features","embeddable":true,"href":"https:\/\/www.accuratereviews.com\/it\/wp-json\/wp\/v2\/features?post=24658"}],"curies":[{"name":"wp","href":"https:\/\/api.w.org\/{rel}","templated":true}]}}