{"id":24679,"date":"2020-03-25T11:23:17","date_gmt":"2020-03-25T11:23:17","guid":{"rendered":"https:\/\/www.accuratereviews.com\/?page_id=24679"},"modified":"2021-04-15T18:40:20","modified_gmt":"2021-04-15T18:40:20","slug":"pegasus-mail-recensione","status":"publish","type":"page","link":"https:\/\/www.accuratereviews.com\/it\/client-di-posta\/pegasus-mail-recensione\/","title":{"rendered":"Pegasus Mail"},"content":{"rendered":"<p><strong>Pegasus Mail<\/strong> \u00e8 un<strong> client di posta elettronica<\/strong> multilingue ricco di funzionalit\u00e0 che supporta pi\u00f9 utenti e pu\u00f2 essere installato su singoli computer, ma anche su reti locali. In pi\u00f9 supporta i protocolli standard (SMTP, IMAP, POP3, LDAP e PH) e ti fornisce un set completo di strumenti per la gestione della tua casella di posta.\u00a0Dopo aver impostato il tuo account di posta, l&#8217;applicazione ti consente di visualizzare i contenuti della tua casella utilizzando l&#8217;interfaccia multi-riquadro, organizzando i messaggi in diverse cartelle, che puoi anche aprire in una finestra separata.\u00a0Uno dei principali vantaggi dell&#8217;applicazione \u00e8 la capacit\u00e0 avanzata di filtraggio della posta, che consente di organizzare i messaggi utilizzando regole diverse. Inoltre, il programma pu\u00f2 ricordare i file che classifichi come &#8220;spam&#8221; e inoltrare automaticamente simili messaggi di posta elettronica indesiderati ogni volta che li ricevi.<\/p>\n<h2>PEGASUS MAIL &#8211; TUTORIAL<\/h2>\n<p>Questa soluzione ti consente di inviare, ricevere e gestire la tua email, sia sulla tua rete che su Gmail, Yahoo o altri account basati sul web. Guardiamo insieme il tutorial:<\/p>\n<div id=\"fluid-wrapper-counter-1\" class=\"g1-fluid-wrapper \" style=\"width:686px;\">\n<div style=\"padding-bottom:56.268221574344%;\"><iframe loading=\"lazy\" title=\"Pegasus Mail - Manage your email with a full-featured email client - Download Video Previews\" width=\"686\" height=\"386\" src=\"https:\/\/www.youtube.com\/embed\/i9RYmHOpIqE?feature=oembed&amp;wmode=transparent&amp;autohide=1&amp;autoplay=0&amp;disablekb=0&amp;fs=1&amp;loop=0&amp;enablejsapi=1&amp;rel=0&amp;controls=2&amp;showinfo=0&amp;wmode=transparent&amp;autohide=2&amp;autoplay=0&amp;disablekb=0&amp;fs=1&amp;loop=0&amp;enablejsapi=1&amp;rel=0&amp;controls=2&amp;showinfo=1\" frameborder=\"0\" allow=\"accelerometer; autoplay; clipboard-write; encrypted-media; gyroscope; picture-in-picture\" allowfullscreen><\/iframe><\/div>\n<\/div>\n<h3>PEGASUS MAIL &#8211; CARATTERISTICHE<\/h3>\n<ul>\n<li>Disponibilit\u00e0 multilingue interfaccia completamente tradotte in francese, tedesco e italiano, nonch\u00e9 in inglese<\/li>\n<li>La soluzione ti protegge anche dai peggiori virus e trojan di origine HTML e protegge la tua privacy intercettando i bug del web<\/li>\n<li>MailMerge ti consente di creare lettere personalizzate per pi\u00f9 destinatari<\/li>\n<li>Filtro bayesiano questo filtro incorporato impara a memorizzare lo spam che ricevi e lo archivia automaticamente nella cartella della posta indesiderata.\u00a0Il controllo del contenuto consente di applicare regole complete per intercettare spam e posta indesiderata<\/li>\n<li>Supporto per tutti i principali protocolli relativi alla posta Internet: SMTP, POP3, IMAP4, LDAP, PH<\/li>\n<li>Le liste di distribuzione consentono una facile gestione di grandi database postali<\/li>\n<li>Supporto per pi\u00f9 utenti sullo stesso computer e su reti<\/li>\n<li>Potente editor di messaggi con funzionalit\u00e0 di formattazione complete<\/li>\n<li>Supporto completo per il protocollo MIME Internet, inclusi digest e tipi di messaggi alternativi<\/li>\n<li>Generazione di posta HTML completa, in una forma responsabile. Niente immagini remote, script o altri errori, solo una buona gamma di tabelle, immagini e le altre formattazioni necessarie per la posta<\/li>\n<li>Potenti e multiple rubriche con aliasing e record dettagliati dell&#8217;utente<\/li>\n<li>Elenco automatico degli utenti locali<\/li>\n<li>Supporto completo per le reti locali Novell NetWare, sia in modalit\u00e0 NDS che Bindery<\/li>\n<li>Il download selettivo consente di visualizzare in anteprima una cassetta postale POP3 prima di scaricarla<\/li>\n<li>Il funzionamento offline consente di leggere e comporre la posta mentre non si \u00e8 connessi a Internet<\/li>\n<li>I plug-in consentono di sviluppare estensioni e moduli di posta di terze parti<\/li>\n<li>L&#8217;interfaccia del modello consente di progettare moduli di posta complessi utilizzando un semplice editor di testo<\/li>\n<li>Controllo ortografico, con dizionario inglese britannico e inglese americano e aggiunte al dizionario utente.<\/li>\n<li>Evidenzia i messaggi significativi usando le tue combinazioni di colori<\/li>\n<li>Ordina la tua posta per data, dimensione, mittente, oggetto, colore o filo, in ordine crescente o decrescente<\/li>\n<li>Visualizza gli allegati direttamente dall&#8217;interno del programma<\/li>\n<li>Supporta la conferma della lettura e la conferma delle richieste di consegna<\/li>\n<li>I glossari consentono di archiviare testi di uso comune e di espanderli con una singola sequenza di tasti<\/li>\n<li>Risposte automatiche e inoltro automatico se interfacciati con il server di posta Mercury<\/li>\n<li>Il programma ha un proprio codificatore e, aggiungendo plugin prontamente disponibili, pu\u00f2 supportare crittografi come PGP<\/li>\n<li>Le bacheche consentono la pubblicazione e la lettura controllate nelle aree di posta pubblica, proprio come le notizie su Internet<\/li>\n<li>Copie opzionali su self (&#8220;posta inviata&#8221; in altri programmi), con la possibilit\u00e0 di richiedere una cartella in cui collocare la copia e supporto completo per il filtraggio della posta per archiviare le copie<\/li>\n<li>Barre degli strumenti selezionabili e regolabili dall&#8217;utente<\/li>\n<li>Set di preferenze incredibilmente ricco ti consente di controllare praticamente ogni aspetto del programma<\/li>\n<li>Opzioni ricche per la segnalazione di nuova posta mentre il programma \u00e8 ridotto a icona sul desktop<\/li>\n<li>Collegamento ipertestuale automatico di URL e indirizzi e-mail, anche nei messaggi non HTML<\/li>\n<li>I blocchi note offrono uno spazio di lavoro facilmente accessibile per la memorizzazione di note e lavori in corso<\/li>\n<li>Modulo di messaggio telefonico per l&#8217;ambiente dell&#8217;ufficio<\/li>\n<li>Supporto per pi\u00f9 cassette postali POP3 e IMAP contemporaneamente accessibili<\/li>\n<\/ul>\n","protected":false},"excerpt":{"rendered":"<p>Pegasus Mail \u00e8 un client di posta elettronica multilingue ricco di funzionalit\u00e0 che supporta pi\u00f9 utenti e pu\u00f2 essere installato su singoli computer, ma anche su reti locali. Supporta i protocolli standard (SMTP, IMAP, POP3, LDAP e PH) e ti fornisce un set completo di strumenti per la gestione della tua casella di posta.<\/p>\n","protected":false},"author":19,"featured_media":24689,"parent":5913,"menu_order":0,"comment_status":"open","ping_status":"closed","template":"g1_template_page_review_new.php","meta":{"_acf_changed":false,"cwp_meta_box_check":"Yes","cwp_rev_product_name":"","cwp_rev_product_image":"","wppr_links":[],"cwp_rev_price":"","wppr_options":[],"wppr_pros":[],"wppr_cons":[],"_monsterinsights_skip_tracking":false,"_monsterinsights_sitenote_active":false,"_monsterinsights_sitenote_note":"","_monsterinsights_sitenote_category":0,"footnotes":""},"categories":[119,5677],"tags":[2310,2409,2412,2311,2410,2313,2411],"features":[],"class_list":{"0":"post-24679","1":"page","2":"type-page","3":"status-publish","4":"has-post-thumbnail","6":"category-i-migliori-client-di-posta","7":"category-client-di-posta-per-windows-categoria","8":"tag-email-client-software","9":"tag-free-email-client-software","10":"tag-pegasus-mail","11":"tag-software-client-di-posta","12":"tag-software-client-di-posta-gratuita","13":"tag-soluzione-client-di-posta","14":"tag-soluzione-client-di-posta-gratuita"},"wppr_data":{"cwp_meta_box_check":"Yes","cwp_rev_product_name":"","cwp_rev_product_image":"","cwp_image_link":"image","cwp_rev_price":"","wppr_rating":"0.00"},"acf":[],"yoast_head":"<!-- This site is optimized with the Yoast SEO plugin v27.4 - https:\/\/yoast.com\/product\/yoast-seo-wordpress\/ -->\n<title>Pegasus Mail: recensine software client di posta - Accurate Reviews<\/title>\n<meta name=\"description\" content=\"Pegasus Mail: recensione client di posta elettronica multilingue ricco di funzionalit\u00e0 che supporta pi\u00f9 utenti e pu\u00f2 essere installato su singoli computer.\" \/>\n<meta name=\"robots\" content=\"index, follow, max-snippet:-1, max-image-preview:large, max-video-preview:-1\" \/>\n<link rel=\"canonical\" href=\"https:\/\/www.accuratereviews.com\/it\/client-di-posta\/pegasus-mail-recensione\/\" \/>\n<meta property=\"og:locale\" content=\"it_IT\" \/>\n<meta property=\"og:type\" content=\"article\" \/>\n<meta property=\"og:title\" content=\"Pegasus Mail: recensine software client di posta - Accurate Reviews\" \/>\n<meta property=\"og:description\" content=\"Pegasus Mail: recensione client di posta elettronica multilingue ricco di funzionalit\u00e0 che supporta pi\u00f9 utenti e pu\u00f2 essere installato su singoli computer.\" \/>\n<meta property=\"og:url\" content=\"https:\/\/www.accuratereviews.com\/it\/client-di-posta\/pegasus-mail-recensione\/\" \/>\n<meta property=\"og:site_name\" content=\"Accurate Reviews\" \/>\n<meta property=\"article:modified_time\" content=\"2021-04-15T18:40:20+00:00\" \/>\n<meta property=\"og:image\" content=\"https:\/\/www.accuratereviews.com\/wp-content\/uploads\/2020\/03\/pegasus.jpg\" \/>\n\t<meta property=\"og:image:width\" content=\"317\" \/>\n\t<meta property=\"og:image:height\" content=\"401\" \/>\n\t<meta property=\"og:image:type\" content=\"image\/jpeg\" \/>\n<meta name=\"twitter:card\" content=\"summary_large_image\" \/>\n<meta name=\"twitter:label1\" content=\"Tempo di lettura stimato\" \/>\n\t<meta name=\"twitter:data1\" content=\"3 minuti\" \/>\n<script type=\"application\/ld+json\" class=\"yoast-schema-graph\">{\"@context\":\"https:\\\/\\\/schema.org\",\"@graph\":[{\"@type\":\"WebPage\",\"@id\":\"https:\\\/\\\/www.accuratereviews.com\\\/it\\\/client-di-posta\\\/pegasus-mail-recensione\\\/\",\"url\":\"https:\\\/\\\/www.accuratereviews.com\\\/it\\\/client-di-posta\\\/pegasus-mail-recensione\\\/\",\"name\":\"Pegasus Mail: recensine software client di posta - Accurate Reviews\",\"isPartOf\":{\"@id\":\"https:\\\/\\\/www.accuratereviews.com\\\/it\\\/#website\"},\"primaryImageOfPage\":{\"@id\":\"https:\\\/\\\/www.accuratereviews.com\\\/it\\\/client-di-posta\\\/pegasus-mail-recensione\\\/#primaryimage\"},\"image\":{\"@id\":\"https:\\\/\\\/www.accuratereviews.com\\\/it\\\/client-di-posta\\\/pegasus-mail-recensione\\\/#primaryimage\"},\"thumbnailUrl\":\"https:\\\/\\\/www.accuratereviews.com\\\/wp-content\\\/uploads\\\/2020\\\/03\\\/pegasus.jpg\",\"datePublished\":\"2020-03-25T11:23:17+00:00\",\"dateModified\":\"2021-04-15T18:40:20+00:00\",\"description\":\"Pegasus Mail: recensione client di posta elettronica multilingue ricco di funzionalit\u00e0 che supporta pi\u00f9 utenti e pu\u00f2 essere installato su singoli computer.\",\"breadcrumb\":{\"@id\":\"https:\\\/\\\/www.accuratereviews.com\\\/it\\\/client-di-posta\\\/pegasus-mail-recensione\\\/#breadcrumb\"},\"inLanguage\":\"it-IT\",\"potentialAction\":[{\"@type\":\"ReadAction\",\"target\":[\"https:\\\/\\\/www.accuratereviews.com\\\/it\\\/client-di-posta\\\/pegasus-mail-recensione\\\/\"]}]},{\"@type\":\"ImageObject\",\"inLanguage\":\"it-IT\",\"@id\":\"https:\\\/\\\/www.accuratereviews.com\\\/it\\\/client-di-posta\\\/pegasus-mail-recensione\\\/#primaryimage\",\"url\":\"https:\\\/\\\/www.accuratereviews.com\\\/wp-content\\\/uploads\\\/2020\\\/03\\\/pegasus.jpg\",\"contentUrl\":\"https:\\\/\\\/www.accuratereviews.com\\\/wp-content\\\/uploads\\\/2020\\\/03\\\/pegasus.jpg\",\"width\":317,\"height\":401},{\"@type\":\"BreadcrumbList\",\"@id\":\"https:\\\/\\\/www.accuratereviews.com\\\/it\\\/client-di-posta\\\/pegasus-mail-recensione\\\/#breadcrumb\",\"itemListElement\":[{\"@type\":\"ListItem\",\"position\":1,\"name\":\"Home\",\"item\":\"https:\\\/\\\/www.accuratereviews.com\\\/it\\\/\"},{\"@type\":\"ListItem\",\"position\":2,\"name\":\"Client di posta\",\"item\":\"https:\\\/\\\/www.accuratereviews.com\\\/it\\\/client-di-posta\\\/\"},{\"@type\":\"ListItem\",\"position\":3,\"name\":\"Pegasus Mail\"}]},{\"@type\":\"WebSite\",\"@id\":\"https:\\\/\\\/www.accuratereviews.com\\\/it\\\/#website\",\"url\":\"https:\\\/\\\/www.accuratereviews.com\\\/it\\\/\",\"name\":\"Accurate Reviews\",\"description\":\"\",\"potentialAction\":[{\"@type\":\"SearchAction\",\"target\":{\"@type\":\"EntryPoint\",\"urlTemplate\":\"https:\\\/\\\/www.accuratereviews.com\\\/it\\\/?s={search_term_string}\"},\"query-input\":{\"@type\":\"PropertyValueSpecification\",\"valueRequired\":true,\"valueName\":\"search_term_string\"}}],\"inLanguage\":\"it-IT\"}]}<\/script>\n<!-- \/ Yoast SEO plugin. -->","yoast_head_json":{"title":"Pegasus Mail: recensine software client di posta - Accurate Reviews","description":"Pegasus Mail: recensione client di posta elettronica multilingue ricco di funzionalit\u00e0 che supporta pi\u00f9 utenti e pu\u00f2 essere installato su singoli computer.","robots":{"index":"index","follow":"follow","max-snippet":"max-snippet:-1","max-image-preview":"max-image-preview:large","max-video-preview":"max-video-preview:-1"},"canonical":"https:\/\/www.accuratereviews.com\/it\/client-di-posta\/pegasus-mail-recensione\/","og_locale":"it_IT","og_type":"article","og_title":"Pegasus Mail: recensine software client di posta - Accurate Reviews","og_description":"Pegasus Mail: recensione client di posta elettronica multilingue ricco di funzionalit\u00e0 che supporta pi\u00f9 utenti e pu\u00f2 essere installato su singoli computer.","og_url":"https:\/\/www.accuratereviews.com\/it\/client-di-posta\/pegasus-mail-recensione\/","og_site_name":"Accurate Reviews","article_modified_time":"2021-04-15T18:40:20+00:00","og_image":[{"width":317,"height":401,"url":"https:\/\/www.accuratereviews.com\/wp-content\/uploads\/2020\/03\/pegasus.jpg","type":"image\/jpeg"}],"twitter_card":"summary_large_image","twitter_misc":{"Tempo di lettura stimato":"3 minuti"},"schema":{"@context":"https:\/\/schema.org","@graph":[{"@type":"WebPage","@id":"https:\/\/www.accuratereviews.com\/it\/client-di-posta\/pegasus-mail-recensione\/","url":"https:\/\/www.accuratereviews.com\/it\/client-di-posta\/pegasus-mail-recensione\/","name":"Pegasus Mail: recensine software client di posta - Accurate Reviews","isPartOf":{"@id":"https:\/\/www.accuratereviews.com\/it\/#website"},"primaryImageOfPage":{"@id":"https:\/\/www.accuratereviews.com\/it\/client-di-posta\/pegasus-mail-recensione\/#primaryimage"},"image":{"@id":"https:\/\/www.accuratereviews.com\/it\/client-di-posta\/pegasus-mail-recensione\/#primaryimage"},"thumbnailUrl":"https:\/\/www.accuratereviews.com\/wp-content\/uploads\/2020\/03\/pegasus.jpg","datePublished":"2020-03-25T11:23:17+00:00","dateModified":"2021-04-15T18:40:20+00:00","description":"Pegasus Mail: recensione client di posta elettronica multilingue ricco di funzionalit\u00e0 che supporta pi\u00f9 utenti e pu\u00f2 essere installato su singoli computer.","breadcrumb":{"@id":"https:\/\/www.accuratereviews.com\/it\/client-di-posta\/pegasus-mail-recensione\/#breadcrumb"},"inLanguage":"it-IT","potentialAction":[{"@type":"ReadAction","target":["https:\/\/www.accuratereviews.com\/it\/client-di-posta\/pegasus-mail-recensione\/"]}]},{"@type":"ImageObject","inLanguage":"it-IT","@id":"https:\/\/www.accuratereviews.com\/it\/client-di-posta\/pegasus-mail-recensione\/#primaryimage","url":"https:\/\/www.accuratereviews.com\/wp-content\/uploads\/2020\/03\/pegasus.jpg","contentUrl":"https:\/\/www.accuratereviews.com\/wp-content\/uploads\/2020\/03\/pegasus.jpg","width":317,"height":401},{"@type":"BreadcrumbList","@id":"https:\/\/www.accuratereviews.com\/it\/client-di-posta\/pegasus-mail-recensione\/#breadcrumb","itemListElement":[{"@type":"ListItem","position":1,"name":"Home","item":"https:\/\/www.accuratereviews.com\/it\/"},{"@type":"ListItem","position":2,"name":"Client di posta","item":"https:\/\/www.accuratereviews.com\/it\/client-di-posta\/"},{"@type":"ListItem","position":3,"name":"Pegasus Mail"}]},{"@type":"WebSite","@id":"https:\/\/www.accuratereviews.com\/it\/#website","url":"https:\/\/www.accuratereviews.com\/it\/","name":"Accurate Reviews","description":"","potentialAction":[{"@type":"SearchAction","target":{"@type":"EntryPoint","urlTemplate":"https:\/\/www.accuratereviews.com\/it\/?s={search_term_string}"},"query-input":{"@type":"PropertyValueSpecification","valueRequired":true,"valueName":"search_term_string"}}],"inLanguage":"it-IT"}]}},"_links":{"self":[{"href":"https:\/\/www.accuratereviews.com\/it\/wp-json\/wp\/v2\/pages\/24679","targetHints":{"allow":["GET"]}}],"collection":[{"href":"https:\/\/www.accuratereviews.com\/it\/wp-json\/wp\/v2\/pages"}],"about":[{"href":"https:\/\/www.accuratereviews.com\/it\/wp-json\/wp\/v2\/types\/page"}],"author":[{"embeddable":true,"href":"https:\/\/www.accuratereviews.com\/it\/wp-json\/wp\/v2\/users\/19"}],"replies":[{"embeddable":true,"href":"https:\/\/www.accuratereviews.com\/it\/wp-json\/wp\/v2\/comments?post=24679"}],"version-history":[{"count":5,"href":"https:\/\/www.accuratereviews.com\/it\/wp-json\/wp\/v2\/pages\/24679\/revisions"}],"predecessor-version":[{"id":40030,"href":"https:\/\/www.accuratereviews.com\/it\/wp-json\/wp\/v2\/pages\/24679\/revisions\/40030"}],"up":[{"embeddable":true,"href":"https:\/\/www.accuratereviews.com\/it\/wp-json\/wp\/v2\/pages\/5913"}],"wp:featuredmedia":[{"embeddable":true,"href":"https:\/\/www.accuratereviews.com\/it\/wp-json\/wp\/v2\/media\/24689"}],"wp:attachment":[{"href":"https:\/\/www.accuratereviews.com\/it\/wp-json\/wp\/v2\/media?parent=24679"}],"wp:term":[{"taxonomy":"category","embeddable":true,"href":"https:\/\/www.accuratereviews.com\/it\/wp-json\/wp\/v2\/categories?post=24679"},{"taxonomy":"post_tag","embeddable":true,"href":"https:\/\/www.accuratereviews.com\/it\/wp-json\/wp\/v2\/tags?post=24679"},{"taxonomy":"features","embeddable":true,"href":"https:\/\/www.accuratereviews.com\/it\/wp-json\/wp\/v2\/features?post=24679"}],"curies":[{"name":"wp","href":"https:\/\/api.w.org\/{rel}","templated":true}]}}