{"id":24734,"date":"2020-03-26T09:43:31","date_gmt":"2020-03-26T09:43:31","guid":{"rendered":"https:\/\/www.accuratereviews.com\/?page_id=24734"},"modified":"2021-04-15T20:37:35","modified_gmt":"2021-04-15T20:37:35","slug":"foxmail-recensione","status":"publish","type":"page","link":"https:\/\/www.accuratereviews.com\/it\/client-di-posta\/foxmail-recensione\/","title":{"rendered":"Foxmail"},"content":{"rendered":"<p><strong>Foxmail<\/strong> \u00e8 un<strong> client di posta elettronica<\/strong>\u00a0<strong>gratuito,\u00a0<\/strong>sviluppato nel 1998 dalla societ\u00e0 cinese Tencent, \u00e8 in grado di gestire pi\u00f9 account contemporaneamente. Offre supporto per i tipi di server POP3, IMAP ed Exchange e include una vasta gamma di opzioni utili per gestire facilmente le email, come un calendario, un filtro di posta, allarmi e molto altro. L&#8217;interfaccia \u00e8 \u00a0intuitiva cosa che dovrebbe essere soddisfacente per tutti i tipi di utenti dai \u00a0principianti agli esperti.<\/p>\n<h2>FOXMAIL &#8211; TUTORIAL<\/h2>\n<p>Ecco un tutorial che mostra come installare questa soluzione di <strong>client di posta<\/strong>:<\/p>\n<div id=\"fluid-wrapper-counter-1\" class=\"g1-fluid-wrapper \" style=\"width:686px;\">\n<div style=\"padding-bottom:56.268221574344%;\"><iframe loading=\"lazy\" title=\"FoxMail 7.1 - review by SoftPlanet\" width=\"686\" height=\"386\" src=\"https:\/\/www.youtube.com\/embed\/OEzCUcfezrM?feature=oembed&amp;wmode=transparent&amp;autohide=1&amp;autoplay=0&amp;disablekb=0&amp;fs=1&amp;loop=0&amp;enablejsapi=1&amp;rel=0&amp;controls=2&amp;showinfo=0&amp;wmode=transparent&amp;autohide=2&amp;autoplay=0&amp;disablekb=0&amp;fs=1&amp;loop=0&amp;enablejsapi=1&amp;rel=0&amp;controls=2&amp;showinfo=1\" frameborder=\"0\" allow=\"accelerometer; autoplay; clipboard-write; encrypted-media; gyroscope; picture-in-picture\" allowfullscreen><\/iframe><\/div>\n<\/div>\n<h2>FOXMAIL &#8211; CARATTERISTICHE<\/h2>\n<ul>\n<li>Account multipli (per gestione autonoma o multi-utente), ciascun account pu\u00f2 rilevare pi\u00f9 server POP3<\/li>\n<li>Protezione degli account con password e cifratura delle caselle di posta personali<\/li>\n<li>Mail in formato testo o HTML<\/li>\n<li>Amministrazione degli account POP a distanza<\/li>\n<li>Filtri, modelli e gestione delle ricevute di ritorno (conferme di lettura)<\/li>\n<li>Supporto S\/MIME e SSL per maggior sicurezza\/privacy<\/li>\n<li>Filtraggio Anti-Spam evoluto<\/li>\n<li>Supporto Unicode<\/li>\n<li>Utilizzo su supporti removibili (Chiavette USB, CM Flash, dischi Zip&#8230;).<\/li>\n<li>Colorazione del testo<\/li>\n<li>Aggregatore di flussi RSS<\/li>\n<li>Mail Express per l&#8217;invio di e-mail direttamente al dominio del destinatario<\/li>\n<li>Importazione rapida degli account e messaggi di posta da Outlook-Express<\/li>\n<li>Supporto IMAP<\/li>\n<li>Importa le rubriche indirizzi in formato wab, testo e csv<\/li>\n<\/ul>\n<p>&nbsp;<\/p>\n","protected":false},"excerpt":{"rendered":"<p>Foxmail \u00e8 un client di posta elettronica\u00a0gratuito,\u00a0sviluppato nel 1998 dalla societ\u00e0 cinese Tencent, \u00e8 in grado di gestire pi\u00f9 account contemporaneamente. Offre supporto per i tipi di server POP3, IMAP ed Exchange e include una vasta gamma di opzioni utili per gestire facilmente le email, come un calendario, un filtro di posta, allarmi e molto altro.<\/p>\n","protected":false},"author":19,"featured_media":24735,"parent":5913,"menu_order":0,"comment_status":"open","ping_status":"closed","template":"g1_template_page_review_new.php","meta":{"_acf_changed":false,"cwp_meta_box_check":"Yes","cwp_rev_product_name":"","cwp_rev_product_image":"","wppr_links":[],"cwp_rev_price":"","wppr_options":[],"wppr_pros":[],"wppr_cons":[],"_monsterinsights_skip_tracking":false,"_monsterinsights_sitenote_active":false,"_monsterinsights_sitenote_note":"","_monsterinsights_sitenote_category":0,"footnotes":""},"categories":[119,5675,5677],"tags":[2310,2420,2409,2311,2410,2313,2411],"features":[],"class_list":{"0":"post-24734","1":"page","2":"type-page","3":"status-publish","4":"has-post-thumbnail","6":"category-i-migliori-client-di-posta","7":"category-client-di-posta-per-mac-categoria","8":"category-client-di-posta-per-windows-categoria","9":"tag-email-client-software","10":"tag-foxmail","11":"tag-free-email-client-software","12":"tag-software-client-di-posta","13":"tag-software-client-di-posta-gratuita","14":"tag-soluzione-client-di-posta","15":"tag-soluzione-client-di-posta-gratuita"},"wppr_data":{"cwp_meta_box_check":"Yes","cwp_rev_product_name":"","cwp_rev_product_image":"","cwp_image_link":"image","cwp_rev_price":"","wppr_rating":"0.00"},"acf":[],"yoast_head":"<!-- This site is optimized with the Yoast SEO plugin v27.4 - https:\/\/yoast.com\/product\/yoast-seo-wordpress\/ -->\n<title>FoxMail: recensione software client di posta - Accurate Reviews<\/title>\n<meta name=\"description\" content=\"Foxmail: recensione client di posta elettronica\u00a0gratuito, sviluppato nel 1998 dalla societ\u00e0 cinese Tencent, \u00e8 in grado di gestire pi\u00f9 account.\" \/>\n<meta name=\"robots\" content=\"index, follow, max-snippet:-1, max-image-preview:large, max-video-preview:-1\" \/>\n<link rel=\"canonical\" href=\"https:\/\/www.accuratereviews.com\/it\/client-di-posta\/foxmail-recensione\/\" \/>\n<meta property=\"og:locale\" content=\"it_IT\" \/>\n<meta property=\"og:type\" content=\"article\" \/>\n<meta property=\"og:title\" content=\"FoxMail: recensione software client di posta - Accurate Reviews\" \/>\n<meta property=\"og:description\" content=\"Foxmail: recensione client di posta elettronica\u00a0gratuito, sviluppato nel 1998 dalla societ\u00e0 cinese Tencent, \u00e8 in grado di gestire pi\u00f9 account.\" \/>\n<meta property=\"og:url\" content=\"https:\/\/www.accuratereviews.com\/it\/client-di-posta\/foxmail-recensione\/\" \/>\n<meta property=\"og:site_name\" content=\"Accurate Reviews\" \/>\n<meta property=\"article:modified_time\" content=\"2021-04-15T20:37:35+00:00\" \/>\n<meta property=\"og:image\" content=\"https:\/\/www.accuratereviews.com\/wp-content\/uploads\/2020\/03\/Foxmail.png\" \/>\n\t<meta property=\"og:image:width\" content=\"660\" \/>\n\t<meta property=\"og:image:height\" content=\"320\" \/>\n\t<meta property=\"og:image:type\" content=\"image\/png\" \/>\n<meta name=\"twitter:card\" content=\"summary_large_image\" \/>\n<meta name=\"twitter:label1\" content=\"Tempo di lettura stimato\" \/>\n\t<meta name=\"twitter:data1\" content=\"1 minuto\" \/>\n<script type=\"application\/ld+json\" class=\"yoast-schema-graph\">{\"@context\":\"https:\\\/\\\/schema.org\",\"@graph\":[{\"@type\":\"WebPage\",\"@id\":\"https:\\\/\\\/www.accuratereviews.com\\\/it\\\/client-di-posta\\\/foxmail-recensione\\\/\",\"url\":\"https:\\\/\\\/www.accuratereviews.com\\\/it\\\/client-di-posta\\\/foxmail-recensione\\\/\",\"name\":\"FoxMail: recensione software client di posta - Accurate Reviews\",\"isPartOf\":{\"@id\":\"https:\\\/\\\/www.accuratereviews.com\\\/it\\\/#website\"},\"primaryImageOfPage\":{\"@id\":\"https:\\\/\\\/www.accuratereviews.com\\\/it\\\/client-di-posta\\\/foxmail-recensione\\\/#primaryimage\"},\"image\":{\"@id\":\"https:\\\/\\\/www.accuratereviews.com\\\/it\\\/client-di-posta\\\/foxmail-recensione\\\/#primaryimage\"},\"thumbnailUrl\":\"https:\\\/\\\/www.accuratereviews.com\\\/wp-content\\\/uploads\\\/2020\\\/03\\\/Foxmail.png\",\"datePublished\":\"2020-03-26T09:43:31+00:00\",\"dateModified\":\"2021-04-15T20:37:35+00:00\",\"description\":\"Foxmail: recensione client di posta elettronica\u00a0gratuito, sviluppato nel 1998 dalla societ\u00e0 cinese Tencent, \u00e8 in grado di gestire pi\u00f9 account.\",\"breadcrumb\":{\"@id\":\"https:\\\/\\\/www.accuratereviews.com\\\/it\\\/client-di-posta\\\/foxmail-recensione\\\/#breadcrumb\"},\"inLanguage\":\"it-IT\",\"potentialAction\":[{\"@type\":\"ReadAction\",\"target\":[\"https:\\\/\\\/www.accuratereviews.com\\\/it\\\/client-di-posta\\\/foxmail-recensione\\\/\"]}]},{\"@type\":\"ImageObject\",\"inLanguage\":\"it-IT\",\"@id\":\"https:\\\/\\\/www.accuratereviews.com\\\/it\\\/client-di-posta\\\/foxmail-recensione\\\/#primaryimage\",\"url\":\"https:\\\/\\\/www.accuratereviews.com\\\/wp-content\\\/uploads\\\/2020\\\/03\\\/Foxmail.png\",\"contentUrl\":\"https:\\\/\\\/www.accuratereviews.com\\\/wp-content\\\/uploads\\\/2020\\\/03\\\/Foxmail.png\",\"width\":660,\"height\":320},{\"@type\":\"BreadcrumbList\",\"@id\":\"https:\\\/\\\/www.accuratereviews.com\\\/it\\\/client-di-posta\\\/foxmail-recensione\\\/#breadcrumb\",\"itemListElement\":[{\"@type\":\"ListItem\",\"position\":1,\"name\":\"Home\",\"item\":\"https:\\\/\\\/www.accuratereviews.com\\\/it\\\/\"},{\"@type\":\"ListItem\",\"position\":2,\"name\":\"Client di posta\",\"item\":\"https:\\\/\\\/www.accuratereviews.com\\\/it\\\/client-di-posta\\\/\"},{\"@type\":\"ListItem\",\"position\":3,\"name\":\"Foxmail\"}]},{\"@type\":\"WebSite\",\"@id\":\"https:\\\/\\\/www.accuratereviews.com\\\/it\\\/#website\",\"url\":\"https:\\\/\\\/www.accuratereviews.com\\\/it\\\/\",\"name\":\"Accurate Reviews\",\"description\":\"\",\"potentialAction\":[{\"@type\":\"SearchAction\",\"target\":{\"@type\":\"EntryPoint\",\"urlTemplate\":\"https:\\\/\\\/www.accuratereviews.com\\\/it\\\/?s={search_term_string}\"},\"query-input\":{\"@type\":\"PropertyValueSpecification\",\"valueRequired\":true,\"valueName\":\"search_term_string\"}}],\"inLanguage\":\"it-IT\"}]}<\/script>\n<!-- \/ Yoast SEO plugin. -->","yoast_head_json":{"title":"FoxMail: recensione software client di posta - Accurate Reviews","description":"Foxmail: recensione client di posta elettronica\u00a0gratuito, sviluppato nel 1998 dalla societ\u00e0 cinese Tencent, \u00e8 in grado di gestire pi\u00f9 account.","robots":{"index":"index","follow":"follow","max-snippet":"max-snippet:-1","max-image-preview":"max-image-preview:large","max-video-preview":"max-video-preview:-1"},"canonical":"https:\/\/www.accuratereviews.com\/it\/client-di-posta\/foxmail-recensione\/","og_locale":"it_IT","og_type":"article","og_title":"FoxMail: recensione software client di posta - Accurate Reviews","og_description":"Foxmail: recensione client di posta elettronica\u00a0gratuito, sviluppato nel 1998 dalla societ\u00e0 cinese Tencent, \u00e8 in grado di gestire pi\u00f9 account.","og_url":"https:\/\/www.accuratereviews.com\/it\/client-di-posta\/foxmail-recensione\/","og_site_name":"Accurate Reviews","article_modified_time":"2021-04-15T20:37:35+00:00","og_image":[{"width":660,"height":320,"url":"https:\/\/www.accuratereviews.com\/wp-content\/uploads\/2020\/03\/Foxmail.png","type":"image\/png"}],"twitter_card":"summary_large_image","twitter_misc":{"Tempo di lettura stimato":"1 minuto"},"schema":{"@context":"https:\/\/schema.org","@graph":[{"@type":"WebPage","@id":"https:\/\/www.accuratereviews.com\/it\/client-di-posta\/foxmail-recensione\/","url":"https:\/\/www.accuratereviews.com\/it\/client-di-posta\/foxmail-recensione\/","name":"FoxMail: recensione software client di posta - Accurate Reviews","isPartOf":{"@id":"https:\/\/www.accuratereviews.com\/it\/#website"},"primaryImageOfPage":{"@id":"https:\/\/www.accuratereviews.com\/it\/client-di-posta\/foxmail-recensione\/#primaryimage"},"image":{"@id":"https:\/\/www.accuratereviews.com\/it\/client-di-posta\/foxmail-recensione\/#primaryimage"},"thumbnailUrl":"https:\/\/www.accuratereviews.com\/wp-content\/uploads\/2020\/03\/Foxmail.png","datePublished":"2020-03-26T09:43:31+00:00","dateModified":"2021-04-15T20:37:35+00:00","description":"Foxmail: recensione client di posta elettronica\u00a0gratuito, sviluppato nel 1998 dalla societ\u00e0 cinese Tencent, \u00e8 in grado di gestire pi\u00f9 account.","breadcrumb":{"@id":"https:\/\/www.accuratereviews.com\/it\/client-di-posta\/foxmail-recensione\/#breadcrumb"},"inLanguage":"it-IT","potentialAction":[{"@type":"ReadAction","target":["https:\/\/www.accuratereviews.com\/it\/client-di-posta\/foxmail-recensione\/"]}]},{"@type":"ImageObject","inLanguage":"it-IT","@id":"https:\/\/www.accuratereviews.com\/it\/client-di-posta\/foxmail-recensione\/#primaryimage","url":"https:\/\/www.accuratereviews.com\/wp-content\/uploads\/2020\/03\/Foxmail.png","contentUrl":"https:\/\/www.accuratereviews.com\/wp-content\/uploads\/2020\/03\/Foxmail.png","width":660,"height":320},{"@type":"BreadcrumbList","@id":"https:\/\/www.accuratereviews.com\/it\/client-di-posta\/foxmail-recensione\/#breadcrumb","itemListElement":[{"@type":"ListItem","position":1,"name":"Home","item":"https:\/\/www.accuratereviews.com\/it\/"},{"@type":"ListItem","position":2,"name":"Client di posta","item":"https:\/\/www.accuratereviews.com\/it\/client-di-posta\/"},{"@type":"ListItem","position":3,"name":"Foxmail"}]},{"@type":"WebSite","@id":"https:\/\/www.accuratereviews.com\/it\/#website","url":"https:\/\/www.accuratereviews.com\/it\/","name":"Accurate Reviews","description":"","potentialAction":[{"@type":"SearchAction","target":{"@type":"EntryPoint","urlTemplate":"https:\/\/www.accuratereviews.com\/it\/?s={search_term_string}"},"query-input":{"@type":"PropertyValueSpecification","valueRequired":true,"valueName":"search_term_string"}}],"inLanguage":"it-IT"}]}},"_links":{"self":[{"href":"https:\/\/www.accuratereviews.com\/it\/wp-json\/wp\/v2\/pages\/24734","targetHints":{"allow":["GET"]}}],"collection":[{"href":"https:\/\/www.accuratereviews.com\/it\/wp-json\/wp\/v2\/pages"}],"about":[{"href":"https:\/\/www.accuratereviews.com\/it\/wp-json\/wp\/v2\/types\/page"}],"author":[{"embeddable":true,"href":"https:\/\/www.accuratereviews.com\/it\/wp-json\/wp\/v2\/users\/19"}],"replies":[{"embeddable":true,"href":"https:\/\/www.accuratereviews.com\/it\/wp-json\/wp\/v2\/comments?post=24734"}],"version-history":[{"count":7,"href":"https:\/\/www.accuratereviews.com\/it\/wp-json\/wp\/v2\/pages\/24734\/revisions"}],"predecessor-version":[{"id":40057,"href":"https:\/\/www.accuratereviews.com\/it\/wp-json\/wp\/v2\/pages\/24734\/revisions\/40057"}],"up":[{"embeddable":true,"href":"https:\/\/www.accuratereviews.com\/it\/wp-json\/wp\/v2\/pages\/5913"}],"wp:featuredmedia":[{"embeddable":true,"href":"https:\/\/www.accuratereviews.com\/it\/wp-json\/wp\/v2\/media\/24735"}],"wp:attachment":[{"href":"https:\/\/www.accuratereviews.com\/it\/wp-json\/wp\/v2\/media?parent=24734"}],"wp:term":[{"taxonomy":"category","embeddable":true,"href":"https:\/\/www.accuratereviews.com\/it\/wp-json\/wp\/v2\/categories?post=24734"},{"taxonomy":"post_tag","embeddable":true,"href":"https:\/\/www.accuratereviews.com\/it\/wp-json\/wp\/v2\/tags?post=24734"},{"taxonomy":"features","embeddable":true,"href":"https:\/\/www.accuratereviews.com\/it\/wp-json\/wp\/v2\/features?post=24734"}],"curies":[{"name":"wp","href":"https:\/\/api.w.org\/{rel}","templated":true}]}}