{"id":24746,"date":"2020-03-26T09:39:48","date_gmt":"2020-03-26T09:39:48","guid":{"rendered":"https:\/\/www.accuratereviews.com\/?page_id=24746"},"modified":"2021-04-19T13:12:54","modified_gmt":"2021-04-19T13:12:54","slug":"geary-recensione","status":"publish","type":"page","link":"https:\/\/www.accuratereviews.com\/it\/client-di-posta\/geary-recensione\/","title":{"rendered":"Geary"},"content":{"rendered":"<p><strong>Geary<\/strong> \u00e8 una <strong>soluzione client di posta<\/strong> elettronica desktop <strong>gratuita e open source<\/strong>, sviluppata per gli utenti Linux scritto in Vala. \u00c8 semplice e diretto da configurare e ha un&#8217;interfaccia utente moderna. Mostra i messaggi di posta elettronica come conversazioni che ti consentono di leggere una discussione completa senza dover trovare e fare clic da un messaggio all&#8217;altro.\u00a0Supporta quasi tutti i principali provider di posta elettronica come <strong>Yahoo, Gmail, Outlook<\/strong> e cos\u00ec via, nonch\u00e9 altri servizi di posta elettronica di tua propriet\u00e0 o di qualche azienda che utilizza la configurazione IMAP. Ti avvisa per la nuova email utilizzando le notifiche desktop in modo da non perdere mai un messaggio. L&#8217;interfaccia \u00e8 semplice e intuitiva e la configurazione della posta elettronica \u00e8 abbastanza semplice. Inoltre, ti consente di cercare e organizzare facilmente le tue email.<\/p>\n<h2>GEARY &#8211; TUTORIAL<\/h2>\n<p>Scoprimo, guardando il tutorial, come configurare pi\u00f9 account mail su questo<strong> client di posta<\/strong>:<\/p>\n<div id=\"fluid-wrapper-counter-1\" class=\"g1-fluid-wrapper \" style=\"width:686px;\">\n<div style=\"padding-bottom:56.268221574344%;\"><iframe loading=\"lazy\" title=\"Geary Mail - App Reviews\" width=\"686\" height=\"386\" src=\"https:\/\/www.youtube.com\/embed\/eLOO4fi-CUk?feature=oembed&amp;wmode=transparent&amp;autohide=1&amp;autoplay=0&amp;disablekb=0&amp;fs=1&amp;loop=0&amp;enablejsapi=1&amp;rel=0&amp;controls=2&amp;showinfo=0&amp;wmode=transparent&amp;autohide=2&amp;autoplay=0&amp;disablekb=0&amp;fs=1&amp;loop=0&amp;enablejsapi=1&amp;rel=0&amp;controls=2&amp;showinfo=1\" frameborder=\"0\" allow=\"accelerometer; autoplay; clipboard-write; encrypted-media; gyroscope; picture-in-picture\" allowfullscreen><\/iframe><\/div>\n<\/div>\n<h2>GEARY &#8211; CARATTERISTICHE<\/h2>\n<ul>\n<li>Interfaccia moderna e diretta<\/li>\n<li>Configurazione\u00a0account rapido<\/li>\n<li>Supporta Gmail , Yahoo! Mail , Outlook.com e popolari server IMAP ( Dovecot , Cyrus , Zimbra , ecc.)<\/li>\n<li>Mail organizzata da conversazioni<\/li>\n<li>Possibilit\u00e0 di rispondere direttamente nelle conversazioni o aprirlo in una finestra separata<\/li>\n<li>Firma<\/li>\n<li>Supporto per l\u2019invio come altra identit\u00e0<\/li>\n<li>Compositore di posta HTML completo di tutte le funzionalit\u00e0<\/li>\n<li>Ricerca rapida di parole chiave con valori come from:john , is:read , is:unread ed is:starred<\/li>\n<li>Notifica desktop di nuovi messaggi<\/li>\n<\/ul>\n","protected":false},"excerpt":{"rendered":"<p>Geary \u00e8 una soluzione client di posta elettronica desktop gratuita e open source, sviluppata per gli utenti Linux scritto in Vala. \u00c8 semplice e diretto da configurare e ha un&#8217;interfaccia utente moderna. Mostra i messaggi di posta elettronica come conversazioni che ti consentono di leggere una discussione completa senza dover trovare e fare clic da un messaggio all&#8217;altro.<\/p>\n","protected":false},"author":19,"featured_media":24747,"parent":5913,"menu_order":0,"comment_status":"open","ping_status":"closed","template":"g1_template_page_review_new.php","meta":{"_acf_changed":false,"cwp_meta_box_check":"Yes","cwp_rev_product_name":"","cwp_rev_product_image":"","wppr_links":[],"cwp_rev_price":"","wppr_options":[],"wppr_pros":[],"wppr_cons":[],"_monsterinsights_skip_tracking":false,"_monsterinsights_sitenote_active":false,"_monsterinsights_sitenote_note":"","_monsterinsights_sitenote_category":0,"footnotes":""},"categories":[119,5676],"tags":[2310,2418,2409,2419,246,2311,2410,2411,2417],"features":[],"class_list":{"0":"post-24746","1":"page","2":"type-page","3":"status-publish","4":"has-post-thumbnail","6":"category-i-migliori-client-di-posta","7":"category-client-di-posta-per-linux-categoria","8":"tag-email-client-software","9":"tag-email-client-software-linux","10":"tag-free-email-client-software","11":"tag-geary","12":"tag-open-source","13":"tag-software-client-di-posta","14":"tag-software-client-di-posta-gratuita","15":"tag-soluzione-client-di-posta-gratuita","16":"tag-soluzione-client-di-posta-per-linux"},"wppr_data":{"cwp_meta_box_check":"Yes","cwp_rev_product_name":"","cwp_rev_product_image":"","cwp_image_link":"image","cwp_rev_price":"","wppr_rating":"0.00"},"acf":[],"yoast_head":"<!-- This site is optimized with the Yoast SEO plugin v27.4 - https:\/\/yoast.com\/product\/yoast-seo-wordpress\/ -->\n<title>Geary: recensione software client di posta - Accurate Reviews<\/title>\n<meta name=\"description\" content=\"Geary: recensione soluzione client di posta elettronica desktop gratuita e open source, sviluppata per gli utenti Linux scritto in Vala.\" \/>\n<meta name=\"robots\" content=\"index, follow, max-snippet:-1, max-image-preview:large, max-video-preview:-1\" \/>\n<link rel=\"canonical\" href=\"https:\/\/www.accuratereviews.com\/it\/client-di-posta\/geary-recensione\/\" \/>\n<meta property=\"og:locale\" content=\"it_IT\" \/>\n<meta property=\"og:type\" content=\"article\" \/>\n<meta property=\"og:title\" content=\"Geary: recensione software client di posta - Accurate Reviews\" \/>\n<meta property=\"og:description\" content=\"Geary: recensione soluzione client di posta elettronica desktop gratuita e open source, sviluppata per gli utenti Linux scritto in Vala.\" \/>\n<meta property=\"og:url\" content=\"https:\/\/www.accuratereviews.com\/it\/client-di-posta\/geary-recensione\/\" \/>\n<meta property=\"og:site_name\" content=\"Accurate Reviews\" \/>\n<meta property=\"article:modified_time\" content=\"2021-04-19T13:12:54+00:00\" \/>\n<meta property=\"og:image\" content=\"https:\/\/www.accuratereviews.com\/wp-content\/uploads\/2020\/03\/Geary.png\" \/>\n\t<meta property=\"og:image:width\" content=\"1024\" \/>\n\t<meta property=\"og:image:height\" content=\"1024\" \/>\n\t<meta property=\"og:image:type\" content=\"image\/png\" \/>\n<meta name=\"twitter:card\" content=\"summary_large_image\" \/>\n<meta name=\"twitter:label1\" content=\"Tempo di lettura stimato\" \/>\n\t<meta name=\"twitter:data1\" content=\"1 minuto\" \/>\n<script type=\"application\/ld+json\" class=\"yoast-schema-graph\">{\"@context\":\"https:\\\/\\\/schema.org\",\"@graph\":[{\"@type\":\"WebPage\",\"@id\":\"https:\\\/\\\/www.accuratereviews.com\\\/it\\\/client-di-posta\\\/geary-recensione\\\/\",\"url\":\"https:\\\/\\\/www.accuratereviews.com\\\/it\\\/client-di-posta\\\/geary-recensione\\\/\",\"name\":\"Geary: recensione software client di posta - Accurate Reviews\",\"isPartOf\":{\"@id\":\"https:\\\/\\\/www.accuratereviews.com\\\/it\\\/#website\"},\"primaryImageOfPage\":{\"@id\":\"https:\\\/\\\/www.accuratereviews.com\\\/it\\\/client-di-posta\\\/geary-recensione\\\/#primaryimage\"},\"image\":{\"@id\":\"https:\\\/\\\/www.accuratereviews.com\\\/it\\\/client-di-posta\\\/geary-recensione\\\/#primaryimage\"},\"thumbnailUrl\":\"https:\\\/\\\/www.accuratereviews.com\\\/wp-content\\\/uploads\\\/2020\\\/03\\\/Geary.png\",\"datePublished\":\"2020-03-26T09:39:48+00:00\",\"dateModified\":\"2021-04-19T13:12:54+00:00\",\"description\":\"Geary: recensione soluzione client di posta elettronica desktop gratuita e open source, sviluppata per gli utenti Linux scritto in Vala.\",\"breadcrumb\":{\"@id\":\"https:\\\/\\\/www.accuratereviews.com\\\/it\\\/client-di-posta\\\/geary-recensione\\\/#breadcrumb\"},\"inLanguage\":\"it-IT\",\"potentialAction\":[{\"@type\":\"ReadAction\",\"target\":[\"https:\\\/\\\/www.accuratereviews.com\\\/it\\\/client-di-posta\\\/geary-recensione\\\/\"]}]},{\"@type\":\"ImageObject\",\"inLanguage\":\"it-IT\",\"@id\":\"https:\\\/\\\/www.accuratereviews.com\\\/it\\\/client-di-posta\\\/geary-recensione\\\/#primaryimage\",\"url\":\"https:\\\/\\\/www.accuratereviews.com\\\/wp-content\\\/uploads\\\/2020\\\/03\\\/Geary.png\",\"contentUrl\":\"https:\\\/\\\/www.accuratereviews.com\\\/wp-content\\\/uploads\\\/2020\\\/03\\\/Geary.png\",\"width\":1024,\"height\":1024},{\"@type\":\"BreadcrumbList\",\"@id\":\"https:\\\/\\\/www.accuratereviews.com\\\/it\\\/client-di-posta\\\/geary-recensione\\\/#breadcrumb\",\"itemListElement\":[{\"@type\":\"ListItem\",\"position\":1,\"name\":\"Home\",\"item\":\"https:\\\/\\\/www.accuratereviews.com\\\/it\\\/\"},{\"@type\":\"ListItem\",\"position\":2,\"name\":\"Client di posta\",\"item\":\"https:\\\/\\\/www.accuratereviews.com\\\/it\\\/client-di-posta\\\/\"},{\"@type\":\"ListItem\",\"position\":3,\"name\":\"Geary\"}]},{\"@type\":\"WebSite\",\"@id\":\"https:\\\/\\\/www.accuratereviews.com\\\/it\\\/#website\",\"url\":\"https:\\\/\\\/www.accuratereviews.com\\\/it\\\/\",\"name\":\"Accurate Reviews\",\"description\":\"\",\"potentialAction\":[{\"@type\":\"SearchAction\",\"target\":{\"@type\":\"EntryPoint\",\"urlTemplate\":\"https:\\\/\\\/www.accuratereviews.com\\\/it\\\/?s={search_term_string}\"},\"query-input\":{\"@type\":\"PropertyValueSpecification\",\"valueRequired\":true,\"valueName\":\"search_term_string\"}}],\"inLanguage\":\"it-IT\"}]}<\/script>\n<!-- \/ Yoast SEO plugin. -->","yoast_head_json":{"title":"Geary: recensione software client di posta - Accurate Reviews","description":"Geary: recensione soluzione client di posta elettronica desktop gratuita e open source, sviluppata per gli utenti Linux scritto in Vala.","robots":{"index":"index","follow":"follow","max-snippet":"max-snippet:-1","max-image-preview":"max-image-preview:large","max-video-preview":"max-video-preview:-1"},"canonical":"https:\/\/www.accuratereviews.com\/it\/client-di-posta\/geary-recensione\/","og_locale":"it_IT","og_type":"article","og_title":"Geary: recensione software client di posta - Accurate Reviews","og_description":"Geary: recensione soluzione client di posta elettronica desktop gratuita e open source, sviluppata per gli utenti Linux scritto in Vala.","og_url":"https:\/\/www.accuratereviews.com\/it\/client-di-posta\/geary-recensione\/","og_site_name":"Accurate Reviews","article_modified_time":"2021-04-19T13:12:54+00:00","og_image":[{"width":1024,"height":1024,"url":"https:\/\/www.accuratereviews.com\/wp-content\/uploads\/2020\/03\/Geary.png","type":"image\/png"}],"twitter_card":"summary_large_image","twitter_misc":{"Tempo di lettura stimato":"1 minuto"},"schema":{"@context":"https:\/\/schema.org","@graph":[{"@type":"WebPage","@id":"https:\/\/www.accuratereviews.com\/it\/client-di-posta\/geary-recensione\/","url":"https:\/\/www.accuratereviews.com\/it\/client-di-posta\/geary-recensione\/","name":"Geary: recensione software client di posta - Accurate Reviews","isPartOf":{"@id":"https:\/\/www.accuratereviews.com\/it\/#website"},"primaryImageOfPage":{"@id":"https:\/\/www.accuratereviews.com\/it\/client-di-posta\/geary-recensione\/#primaryimage"},"image":{"@id":"https:\/\/www.accuratereviews.com\/it\/client-di-posta\/geary-recensione\/#primaryimage"},"thumbnailUrl":"https:\/\/www.accuratereviews.com\/wp-content\/uploads\/2020\/03\/Geary.png","datePublished":"2020-03-26T09:39:48+00:00","dateModified":"2021-04-19T13:12:54+00:00","description":"Geary: recensione soluzione client di posta elettronica desktop gratuita e open source, sviluppata per gli utenti Linux scritto in Vala.","breadcrumb":{"@id":"https:\/\/www.accuratereviews.com\/it\/client-di-posta\/geary-recensione\/#breadcrumb"},"inLanguage":"it-IT","potentialAction":[{"@type":"ReadAction","target":["https:\/\/www.accuratereviews.com\/it\/client-di-posta\/geary-recensione\/"]}]},{"@type":"ImageObject","inLanguage":"it-IT","@id":"https:\/\/www.accuratereviews.com\/it\/client-di-posta\/geary-recensione\/#primaryimage","url":"https:\/\/www.accuratereviews.com\/wp-content\/uploads\/2020\/03\/Geary.png","contentUrl":"https:\/\/www.accuratereviews.com\/wp-content\/uploads\/2020\/03\/Geary.png","width":1024,"height":1024},{"@type":"BreadcrumbList","@id":"https:\/\/www.accuratereviews.com\/it\/client-di-posta\/geary-recensione\/#breadcrumb","itemListElement":[{"@type":"ListItem","position":1,"name":"Home","item":"https:\/\/www.accuratereviews.com\/it\/"},{"@type":"ListItem","position":2,"name":"Client di posta","item":"https:\/\/www.accuratereviews.com\/it\/client-di-posta\/"},{"@type":"ListItem","position":3,"name":"Geary"}]},{"@type":"WebSite","@id":"https:\/\/www.accuratereviews.com\/it\/#website","url":"https:\/\/www.accuratereviews.com\/it\/","name":"Accurate Reviews","description":"","potentialAction":[{"@type":"SearchAction","target":{"@type":"EntryPoint","urlTemplate":"https:\/\/www.accuratereviews.com\/it\/?s={search_term_string}"},"query-input":{"@type":"PropertyValueSpecification","valueRequired":true,"valueName":"search_term_string"}}],"inLanguage":"it-IT"}]}},"_links":{"self":[{"href":"https:\/\/www.accuratereviews.com\/it\/wp-json\/wp\/v2\/pages\/24746","targetHints":{"allow":["GET"]}}],"collection":[{"href":"https:\/\/www.accuratereviews.com\/it\/wp-json\/wp\/v2\/pages"}],"about":[{"href":"https:\/\/www.accuratereviews.com\/it\/wp-json\/wp\/v2\/types\/page"}],"author":[{"embeddable":true,"href":"https:\/\/www.accuratereviews.com\/it\/wp-json\/wp\/v2\/users\/19"}],"replies":[{"embeddable":true,"href":"https:\/\/www.accuratereviews.com\/it\/wp-json\/wp\/v2\/comments?post=24746"}],"version-history":[{"count":5,"href":"https:\/\/www.accuratereviews.com\/it\/wp-json\/wp\/v2\/pages\/24746\/revisions"}],"predecessor-version":[{"id":40380,"href":"https:\/\/www.accuratereviews.com\/it\/wp-json\/wp\/v2\/pages\/24746\/revisions\/40380"}],"up":[{"embeddable":true,"href":"https:\/\/www.accuratereviews.com\/it\/wp-json\/wp\/v2\/pages\/5913"}],"wp:featuredmedia":[{"embeddable":true,"href":"https:\/\/www.accuratereviews.com\/it\/wp-json\/wp\/v2\/media\/24747"}],"wp:attachment":[{"href":"https:\/\/www.accuratereviews.com\/it\/wp-json\/wp\/v2\/media?parent=24746"}],"wp:term":[{"taxonomy":"category","embeddable":true,"href":"https:\/\/www.accuratereviews.com\/it\/wp-json\/wp\/v2\/categories?post=24746"},{"taxonomy":"post_tag","embeddable":true,"href":"https:\/\/www.accuratereviews.com\/it\/wp-json\/wp\/v2\/tags?post=24746"},{"taxonomy":"features","embeddable":true,"href":"https:\/\/www.accuratereviews.com\/it\/wp-json\/wp\/v2\/features?post=24746"}],"curies":[{"name":"wp","href":"https:\/\/api.w.org\/{rel}","templated":true}]}}