{"id":24828,"date":"2020-03-30T10:54:55","date_gmt":"2020-03-30T10:54:55","guid":{"rendered":"https:\/\/www.accuratereviews.com\/?page_id=24828"},"modified":"2020-03-30T10:54:55","modified_gmt":"2020-03-30T10:54:55","slug":"procore-recensione","status":"publish","type":"page","link":"https:\/\/www.accuratereviews.com\/it\/procore-recensione\/","title":{"rendered":"Procore"},"content":{"rendered":"<p><strong>Procore<\/strong> \u00e8 un <strong>sistema di gestione dell&#8217;edilizia<\/strong> che offre un hub centralizzato per connettere perfettamente persone, dispositivi e applicazioni. Offrendo una piattaforma unificata, \u00e8 possibile visualizzare facilmente i dati pi\u00f9 critici e potenziare le operazioni standardizzate. Questo, a sua volta, ti consente di ottenere informazioni fondamentali per prendere decisioni e proiezioni basate sui dati per i tuoi progetti di costruzione. Gli utenti gestiscono tutti i tipi di progetti tra cui centri commerciali, strutture universitarie, complessi di appartamenti, edifici per uffici, impianti industriali e altro ancora. Procore \u00e8 stato lanciato nel 2003 e si basa su tre idee fondamentali: ascoltare i problemi dei clienti, sviluppare soluzioni di facile utilizzo per questi problemi e garantisce che i clienti siano in grado di utilizzare immediatamente il software per iniziare a lavorare.<\/p>\n<h2>PROCORE &#8211; TUTORIAL<\/h2>\n<p>Guardiamo il video per capire come utilizzare al meglio questo <strong>software per la gestione dell&#8217;edilizia<\/strong>:<\/p>\n<div id=\"fluid-wrapper-counter-1\" class=\"g1-fluid-wrapper \" style=\"width:686px;\">\n<div style=\"padding-bottom:56.268221574344%;\"><iframe loading=\"lazy\" title=\"Procore Project Management Product Demo\" width=\"686\" height=\"386\" src=\"https:\/\/www.youtube.com\/embed\/4mUxlHnnJb4?feature=oembed&amp;wmode=transparent&amp;autohide=1&amp;autoplay=0&amp;disablekb=0&amp;fs=1&amp;loop=0&amp;enablejsapi=1&amp;rel=0&amp;controls=2&amp;showinfo=0&amp;wmode=transparent&amp;autohide=2&amp;autoplay=0&amp;disablekb=0&amp;fs=1&amp;loop=0&amp;enablejsapi=1&amp;rel=0&amp;controls=2&amp;showinfo=1\" frameborder=\"0\" allow=\"accelerometer; autoplay; encrypted-media; gyroscope; picture-in-picture\" allowfullscreen><\/iframe><\/div>\n<\/div>\n<h3>PROCORE &#8211; CARATTERISTICHE<\/h3>\n<ul>\n<li><strong>Collaborative<\/strong>: offre accesso a utenti illimitati senza costi aggiuntivi. \u00c8 possibile coinvolgere l&#8217;intero team di progetto, inclusi consulenti e subappaltatori di terze parti<\/li>\n<li><strong>Disegno-centric<\/strong>: I progetti iniziano e terminano con i disegni. In quanto centro interattivo della gestione dei progetti, i disegni possono essere contrassegnati e allegati alla documentazione correlata come RFI e invii<\/li>\n<li><strong>Mobile:<\/strong> le app Android e iOS della soluzione forniscono informazioni ai costruttori sul campo, con o senza una connessione Internet, assicurando che i membri del team rimangano aggiornati sui piani attuali<\/li>\n<li><strong>Piattaforma aperta<\/strong>: l&#8217;API aperta consente l&#8217;integrazione con altri sistemi. Ci\u00f2 include software di reportistica, archiviazione, pianificazione, contabilit\u00e0 e altro<\/li>\n<li><strong>Connect Field e Office<\/strong>: \u00e8 possibile visualizzare il progetto dalla stessa prospettiva pur trovandosi in posizioni diverse. Mantieni i team in luoghi diversi utilizzando il potere della mobilit\u00e0<\/li>\n<li><strong>Dashboard<\/strong>: visualizza rapidamente lo stato degli elementi importanti in un progetto e visualizza gli avvisi per problemi che richiedono la tua attenzione immediata<\/li>\n<li><strong>Directory di progetto<\/strong>: archivia tutti i dati di contatto per i membri del team di progetto e i fornitori e abilita le autorizzazioni per controllare l&#8217;accesso ai dati<\/li>\n<li><strong>Sage 300 CRE Connector<\/strong>: allinea la gestione e la contabilit\u00e0 del progetto integrandosi con Sage 300 CRE<\/li>\n<\/ul>\n<h4>LE RECENSIONI DEGLI UTENTI<\/h4>\n<h4 class=\"font-weight-bold my-1 d-flex align-items-center\">Lee M.&#8221;Procore con integrazione ERP SAGE 300&#8243;<\/h4>\n<p><strong>Commenti<\/strong>: Il costo \u00e8 stato elevato, ma nel complesso il prodotto ci sta bene e continuano a lavorare per migliorare il software. Sembrano preoccuparsi di ci\u00f2 che deve essere risolto per migliorare il software e consentiranno ai gruppi beta di clienti in uscita. Abbiamo avuto un&#8217;esperienza positiva.<\/p>\n<p><strong>Vantaggi<\/strong>: Procore \u00e8 stato in grado di integrarsi con il nostro software di contabilit\u00e0 (SAGE 300) per contribuire a ridurre le voci duplicate.<br \/>\nProcore ha un&#8217;ottima interfaccia utente ed \u00e8 stato adottato bene anche sul campo.\u00a0Procore continua a migliorare il software e le integrazioni per aumentare il valore e l&#8217;usabilit\u00e0.<\/p>\n<p><strong>Inconvenienti<\/strong>: il costo \u00e8 superiore a quello che vorremmo. Alcuni strumenti non sono ancora completamente connessi a SAGE, quindi le funzionalit\u00e0 non sono altrettanto utili. Ad esempio, la fatturazione del subappaltatore \u00e8 ancora connessa.<\/p>\n<h4 class=\"font-weight-bold my-1 d-flex align-items-center\">Todd A.&#8221;Miglioramento continuo&#8221;<\/h4>\n<p><strong>Commenti<\/strong>: Nel complesso, il programma mi semplifica la vita in campo edile. E stanno sempre migliorando. Proprio questa settimana mi hanno contattato per aiutarli a migliorare la scheda di pianificazione. Si rivolgono sempre a noi utenti finali per assicurarsi che stiano al passo con noi e le nostre esigenze.<\/p>\n<p><strong>Vantaggi<\/strong>: porta tutti i componenti per la costruzione in un unico posto. \u00c8 mobile e facile da usare. E la ricerca di informazioni \u00e8 semplice. Cerca anche nei documenti per trovare le parole chiave.<\/p>\n<p><strong>Inconvenienti<\/strong>: nelle aree in cui si dispone di un servizio Internet minimo. Crea un ostacolo. La scheda Disegno e la scheda Pianificazione devono funzionare. Vorrei che potessero incorporare Bluebeam Revu nei disegni.<\/p>\n<h4 class=\"font-weight-bold my-1 d-flex align-items-center\">Frederick B.&#8221;Software di gestione del progetto&#8221;<\/h4>\n<p><strong>Commenti<\/strong>: Finora il software \u00e8 stato un buon modo per la nostra azienda di migliorare i nostri processi di gestione dei progetti e diventare complessivamente pi\u00f9 efficienti.<\/p>\n<p><strong>Vantaggi<\/strong>: buona integrazione iniziale e formazione da parte dell&#8217;azienda. Questo \u00e8 stato molto utile, quindi l&#8217;IT non ha dovuto allenarsi. Facile da amministrare. Siamo stati in grado di formare un utente per facilitare parte della responsabilit\u00e0 dell&#8217;amministratore. I disegni sono facili da modificare e l&#8217;archiviazione dei file \u00e8 utile. Il flusso del progetto \u00e8 eccezionale ed \u00e8 stato utile.<\/p>\n<p><strong>Inconvenienti<\/strong>: non \u00e8 facile integrarsi con altre piattaforme e richiede assistenza da parte dell&#8217;azienda. Dovrebbero rendere questo un processo pi\u00f9 semplice. L&#8217;app del telefono \u00e8 buona ma ha margini di miglioramento.<\/p>\n","protected":false},"excerpt":{"rendered":"<p>Procore \u00e8 un sistema di gestione dell&#8217;edilizia che offre un hub centralizzato per connettere perfettamente persone, dispositivi e applicazioni. Offrendo una piattaforma unificata, \u00e8 possibile visualizzare facilmente i dati pi\u00f9 critici e potenziare le operazioni standardizzate. Questo, a sua volta, ti consente di ottenere informazioni fondamentali per prendere decisioni e proiezioni basate sui dati per i tuoi progetti di costruzione.<\/p>\n","protected":false},"author":19,"featured_media":24832,"parent":0,"menu_order":0,"comment_status":"open","ping_status":"closed","template":"g1_template_page_review_new.php","meta":{"_acf_changed":false,"cwp_meta_box_check":"Yes","cwp_rev_product_name":"","cwp_rev_product_image":"","wppr_links":[],"cwp_rev_price":"","wppr_options":[],"wppr_pros":[],"wppr_cons":[],"_monsterinsights_skip_tracking":false,"_monsterinsights_sitenote_active":false,"_monsterinsights_sitenote_note":"","_monsterinsights_sitenote_category":0,"footnotes":""},"categories":[2459],"tags":[396,2460,2463,2461,2462],"features":[],"class_list":{"0":"post-24828","1":"page","2":"type-page","3":"status-publish","4":"has-post-thumbnail","6":"category-gestionale-per-edilizia-cat","7":"tag-cloud","8":"tag-construction-management-software","9":"tag-procore","10":"tag-software-gestionale-per-lediizia","11":"tag-soluzione-gestionale-per-ledilizia"},"wppr_data":{"cwp_meta_box_check":"Yes","cwp_rev_product_name":"","cwp_rev_product_image":"","cwp_image_link":"image","cwp_rev_price":"","wppr_rating":"0.00"},"acf":[],"yoast_head":"<!-- This site is optimized with the Yoast SEO plugin v27.4 - https:\/\/yoast.com\/product\/yoast-seo-wordpress\/ -->\n<title>Procore: recensione software gestionale per edilizia - Accurate Reviews<\/title>\n<meta name=\"description\" content=\"Procore: recensione software gestionale per l&#039;edilizia che amministra i tuoi progetti, le risorse e dati finanziari dei tuoi progetti.\" \/>\n<meta name=\"robots\" content=\"index, follow, max-snippet:-1, max-image-preview:large, max-video-preview:-1\" \/>\n<link rel=\"canonical\" href=\"https:\/\/www.accuratereviews.com\/it\/procore-recensione\/\" \/>\n<meta property=\"og:locale\" content=\"it_IT\" \/>\n<meta property=\"og:type\" content=\"article\" \/>\n<meta property=\"og:title\" content=\"Procore: recensione software gestionale per edilizia - Accurate Reviews\" \/>\n<meta property=\"og:description\" content=\"Procore: recensione software gestionale per l&#039;edilizia che amministra i tuoi progetti, le risorse e dati finanziari dei tuoi progetti.\" \/>\n<meta property=\"og:url\" content=\"https:\/\/www.accuratereviews.com\/it\/procore-recensione\/\" \/>\n<meta property=\"og:site_name\" content=\"Accurate Reviews\" \/>\n<meta property=\"og:image\" content=\"https:\/\/www.accuratereviews.com\/wp-content\/uploads\/2020\/03\/procore_company_logo.54b58e51ea760.jpg\" \/>\n\t<meta property=\"og:image:width\" content=\"960\" \/>\n\t<meta property=\"og:image:height\" content=\"222\" \/>\n\t<meta property=\"og:image:type\" content=\"image\/jpeg\" \/>\n<meta name=\"twitter:card\" content=\"summary_large_image\" \/>\n<meta name=\"twitter:label1\" content=\"Tempo di lettura stimato\" \/>\n\t<meta name=\"twitter:data1\" content=\"4 minuti\" \/>\n<script type=\"application\/ld+json\" class=\"yoast-schema-graph\">{\"@context\":\"https:\\\/\\\/schema.org\",\"@graph\":[{\"@type\":\"WebPage\",\"@id\":\"https:\\\/\\\/www.accuratereviews.com\\\/it\\\/procore-recensione\\\/\",\"url\":\"https:\\\/\\\/www.accuratereviews.com\\\/it\\\/procore-recensione\\\/\",\"name\":\"Procore: recensione software gestionale per edilizia - Accurate Reviews\",\"isPartOf\":{\"@id\":\"https:\\\/\\\/www.accuratereviews.com\\\/it\\\/#website\"},\"primaryImageOfPage\":{\"@id\":\"https:\\\/\\\/www.accuratereviews.com\\\/it\\\/procore-recensione\\\/#primaryimage\"},\"image\":{\"@id\":\"https:\\\/\\\/www.accuratereviews.com\\\/it\\\/procore-recensione\\\/#primaryimage\"},\"thumbnailUrl\":\"https:\\\/\\\/www.accuratereviews.com\\\/wp-content\\\/uploads\\\/2020\\\/03\\\/procore_company_logo.54b58e51ea760.jpg\",\"datePublished\":\"2020-03-30T10:54:55+00:00\",\"description\":\"Procore: recensione software gestionale per l'edilizia che amministra i tuoi progetti, le risorse e dati finanziari dei tuoi progetti.\",\"breadcrumb\":{\"@id\":\"https:\\\/\\\/www.accuratereviews.com\\\/it\\\/procore-recensione\\\/#breadcrumb\"},\"inLanguage\":\"it-IT\",\"potentialAction\":[{\"@type\":\"ReadAction\",\"target\":[\"https:\\\/\\\/www.accuratereviews.com\\\/it\\\/procore-recensione\\\/\"]}]},{\"@type\":\"ImageObject\",\"inLanguage\":\"it-IT\",\"@id\":\"https:\\\/\\\/www.accuratereviews.com\\\/it\\\/procore-recensione\\\/#primaryimage\",\"url\":\"https:\\\/\\\/www.accuratereviews.com\\\/wp-content\\\/uploads\\\/2020\\\/03\\\/procore_company_logo.54b58e51ea760.jpg\",\"contentUrl\":\"https:\\\/\\\/www.accuratereviews.com\\\/wp-content\\\/uploads\\\/2020\\\/03\\\/procore_company_logo.54b58e51ea760.jpg\",\"width\":960,\"height\":222},{\"@type\":\"BreadcrumbList\",\"@id\":\"https:\\\/\\\/www.accuratereviews.com\\\/it\\\/procore-recensione\\\/#breadcrumb\",\"itemListElement\":[{\"@type\":\"ListItem\",\"position\":1,\"name\":\"Home\",\"item\":\"https:\\\/\\\/www.accuratereviews.com\\\/it\\\/\"},{\"@type\":\"ListItem\",\"position\":2,\"name\":\"Procore\"}]},{\"@type\":\"WebSite\",\"@id\":\"https:\\\/\\\/www.accuratereviews.com\\\/it\\\/#website\",\"url\":\"https:\\\/\\\/www.accuratereviews.com\\\/it\\\/\",\"name\":\"Accurate Reviews\",\"description\":\"\",\"potentialAction\":[{\"@type\":\"SearchAction\",\"target\":{\"@type\":\"EntryPoint\",\"urlTemplate\":\"https:\\\/\\\/www.accuratereviews.com\\\/it\\\/?s={search_term_string}\"},\"query-input\":{\"@type\":\"PropertyValueSpecification\",\"valueRequired\":true,\"valueName\":\"search_term_string\"}}],\"inLanguage\":\"it-IT\"}]}<\/script>\n<!-- \/ Yoast SEO plugin. -->","yoast_head_json":{"title":"Procore: recensione software gestionale per edilizia - Accurate Reviews","description":"Procore: recensione software gestionale per l'edilizia che amministra i tuoi progetti, le risorse e dati finanziari dei tuoi progetti.","robots":{"index":"index","follow":"follow","max-snippet":"max-snippet:-1","max-image-preview":"max-image-preview:large","max-video-preview":"max-video-preview:-1"},"canonical":"https:\/\/www.accuratereviews.com\/it\/procore-recensione\/","og_locale":"it_IT","og_type":"article","og_title":"Procore: recensione software gestionale per edilizia - Accurate Reviews","og_description":"Procore: recensione software gestionale per l'edilizia che amministra i tuoi progetti, le risorse e dati finanziari dei tuoi progetti.","og_url":"https:\/\/www.accuratereviews.com\/it\/procore-recensione\/","og_site_name":"Accurate Reviews","og_image":[{"width":960,"height":222,"url":"https:\/\/www.accuratereviews.com\/wp-content\/uploads\/2020\/03\/procore_company_logo.54b58e51ea760.jpg","type":"image\/jpeg"}],"twitter_card":"summary_large_image","twitter_misc":{"Tempo di lettura stimato":"4 minuti"},"schema":{"@context":"https:\/\/schema.org","@graph":[{"@type":"WebPage","@id":"https:\/\/www.accuratereviews.com\/it\/procore-recensione\/","url":"https:\/\/www.accuratereviews.com\/it\/procore-recensione\/","name":"Procore: recensione software gestionale per edilizia - Accurate Reviews","isPartOf":{"@id":"https:\/\/www.accuratereviews.com\/it\/#website"},"primaryImageOfPage":{"@id":"https:\/\/www.accuratereviews.com\/it\/procore-recensione\/#primaryimage"},"image":{"@id":"https:\/\/www.accuratereviews.com\/it\/procore-recensione\/#primaryimage"},"thumbnailUrl":"https:\/\/www.accuratereviews.com\/wp-content\/uploads\/2020\/03\/procore_company_logo.54b58e51ea760.jpg","datePublished":"2020-03-30T10:54:55+00:00","description":"Procore: recensione software gestionale per l'edilizia che amministra i tuoi progetti, le risorse e dati finanziari dei tuoi progetti.","breadcrumb":{"@id":"https:\/\/www.accuratereviews.com\/it\/procore-recensione\/#breadcrumb"},"inLanguage":"it-IT","potentialAction":[{"@type":"ReadAction","target":["https:\/\/www.accuratereviews.com\/it\/procore-recensione\/"]}]},{"@type":"ImageObject","inLanguage":"it-IT","@id":"https:\/\/www.accuratereviews.com\/it\/procore-recensione\/#primaryimage","url":"https:\/\/www.accuratereviews.com\/wp-content\/uploads\/2020\/03\/procore_company_logo.54b58e51ea760.jpg","contentUrl":"https:\/\/www.accuratereviews.com\/wp-content\/uploads\/2020\/03\/procore_company_logo.54b58e51ea760.jpg","width":960,"height":222},{"@type":"BreadcrumbList","@id":"https:\/\/www.accuratereviews.com\/it\/procore-recensione\/#breadcrumb","itemListElement":[{"@type":"ListItem","position":1,"name":"Home","item":"https:\/\/www.accuratereviews.com\/it\/"},{"@type":"ListItem","position":2,"name":"Procore"}]},{"@type":"WebSite","@id":"https:\/\/www.accuratereviews.com\/it\/#website","url":"https:\/\/www.accuratereviews.com\/it\/","name":"Accurate Reviews","description":"","potentialAction":[{"@type":"SearchAction","target":{"@type":"EntryPoint","urlTemplate":"https:\/\/www.accuratereviews.com\/it\/?s={search_term_string}"},"query-input":{"@type":"PropertyValueSpecification","valueRequired":true,"valueName":"search_term_string"}}],"inLanguage":"it-IT"}]}},"_links":{"self":[{"href":"https:\/\/www.accuratereviews.com\/it\/wp-json\/wp\/v2\/pages\/24828","targetHints":{"allow":["GET"]}}],"collection":[{"href":"https:\/\/www.accuratereviews.com\/it\/wp-json\/wp\/v2\/pages"}],"about":[{"href":"https:\/\/www.accuratereviews.com\/it\/wp-json\/wp\/v2\/types\/page"}],"author":[{"embeddable":true,"href":"https:\/\/www.accuratereviews.com\/it\/wp-json\/wp\/v2\/users\/19"}],"replies":[{"embeddable":true,"href":"https:\/\/www.accuratereviews.com\/it\/wp-json\/wp\/v2\/comments?post=24828"}],"version-history":[{"count":6,"href":"https:\/\/www.accuratereviews.com\/it\/wp-json\/wp\/v2\/pages\/24828\/revisions"}],"predecessor-version":[{"id":24860,"href":"https:\/\/www.accuratereviews.com\/it\/wp-json\/wp\/v2\/pages\/24828\/revisions\/24860"}],"wp:featuredmedia":[{"embeddable":true,"href":"https:\/\/www.accuratereviews.com\/it\/wp-json\/wp\/v2\/media\/24832"}],"wp:attachment":[{"href":"https:\/\/www.accuratereviews.com\/it\/wp-json\/wp\/v2\/media?parent=24828"}],"wp:term":[{"taxonomy":"category","embeddable":true,"href":"https:\/\/www.accuratereviews.com\/it\/wp-json\/wp\/v2\/categories?post=24828"},{"taxonomy":"post_tag","embeddable":true,"href":"https:\/\/www.accuratereviews.com\/it\/wp-json\/wp\/v2\/tags?post=24828"},{"taxonomy":"features","embeddable":true,"href":"https:\/\/www.accuratereviews.com\/it\/wp-json\/wp\/v2\/features?post=24828"}],"curies":[{"name":"wp","href":"https:\/\/api.w.org\/{rel}","templated":true}]}}