{"id":24839,"date":"2020-03-30T10:54:45","date_gmt":"2020-03-30T10:54:45","guid":{"rendered":"https:\/\/www.accuratereviews.com\/?page_id=24839"},"modified":"2023-07-29T08:00:06","modified_gmt":"2023-07-29T08:00:06","slug":"coconstruct-recensione","status":"publish","type":"page","link":"https:\/\/www.accuratereviews.com\/it\/software-gestionali-edilizia\/coconstruct-recensione\/","title":{"rendered":"CoConstruct"},"content":{"rendered":"<p><strong>CoConstruct<\/strong> \u00e8 un <strong>software di gestione per l&#8217;edilizia<\/strong> basato sul web che ottimizza le operazioni quotidiane di costruttori, modellisti e aziende di progettazione. Con tre moduli di funzionalit\u00e0 ben formulati, la soluzione aiuta i costruttori ad affrontare le sfide comuni relative ai loro progetti, che si tratti di budget, comunicazione con il cliente e pianificazione delle attivit\u00e0. Completamente ospitato su <strong>cloud<\/strong>, <strong>CoConstruct<\/strong> elimina tutte le seccature legate a installazioni complesse e costose manutenzioni e offre un&#8217;interfaccia intuitiva che lo render\u00e0 lo strumento di lavoro preferito del tuo team. Il programma\u00a0integra inoltre un modulo finanziario completo utilizzato per gestire le stime e le proposte, gestire le offerte ed elaborare riepiloghi per previsioni intelligenti.<\/p>\n<h2>COCONSTRUCT &#8211; TUTORIAL<\/h2>\n<p><a href=\"https:\/\/cdn.embedly.com\/widgets\/media.html?src=https%3A%2F%2Ffast.wistia.net%2Fembed%2Fiframe%2Fewn9v7g2j3&amp;display_name=Wistia%2C%2BInc.&amp;url=https%3A%2F%2Fco-construct.wistia.com%2Fmedias%2Fewn9v7g2j3&amp;image=https%3A%2F%2Fembed-ssl.wistia.com%2Fdeliveries%2Fe1b269e7ba3496004b667381a0cee578.jpg%3Fimage_crop_resized%3D960x540&amp;key=96f1f04c5f4143bcb0f2e68c87d65feb&amp;type=text%2Fhtml&amp;schema=wistia&amp;wvideo=ewn9v7g2j3\"><img loading=\"lazy\" decoding=\"async\" class=\"aligncenter\" src=\"https:\/\/embed-ssl.wistia.com\/deliveries\/903bb973290e4ca78148b0a9c1e384c5.jpg?wistia_video-ewn9v7g2j3-video-thumbnail=1&amp;image_play_button_size=2x&amp;image_crop_resized=960x540&amp;image_play_button=1&amp;image_play_button_color=cacacae0\" width=\"400\" height=\"225\" \/><\/a><\/p>\n<p><a href=\"https:\/\/cdn.embedly.com\/widgets\/media.html?src=https%3A%2F%2Ffast.wistia.net%2Fembed%2Fiframe%2Fewn9v7g2j3&amp;display_name=Wistia%2C%2BInc.&amp;url=https%3A%2F%2Fco-construct.wistia.com%2Fmedias%2Fewn9v7g2j3&amp;image=https%3A%2F%2Fembed-ssl.wistia.com%2Fdeliveries%2Fe1b269e7ba3496004b667381a0cee578.jpg%3Fimage_crop_resized%3D960x540&amp;key=96f1f04c5f4143bcb0f2e68c87d65feb&amp;type=text%2Fhtml&amp;schema=wistia&amp;wvideo=ewn9v7g2j3\">JP Barlow (Rebranded)<\/a><\/p>\n<h3>COCONSTRUCT &#8211; CARATTERISTICHE<\/h3>\n<ul>\n<li><strong>Gestisci in viaggio<\/strong>: aggiungi cose da fare, fai il check-in, sposta le pianificazioni, controlla le selezioni, aggiungi commenti e altro in movimento<\/li>\n<li><strong>Nessuna errata comunicazione<\/strong>: il tuo team, i tuoi clienti e le tue attivit\u00e0 commerciali hanno accesso a conversazioni, immagini e altro ancora da qualsiasi luogo<\/li>\n<li><strong>Utilizza pi\u00f9 dispositivi<\/strong>: disponibile su iPhone, iPad, iPod e dispositivi Android<\/li>\n<li><strong>Risparmia tempo nelle riunioni<\/strong>: risparmia tempo prezioso per le riunioni visualizzando la cronologia giornaliera di un lavoro o visualizzando tutto ci\u00f2 che \u00e8 accaduto in un giorno in tutti i tuoi progetti<\/li>\n<li><strong>Clienti informati<\/strong>: fai conoscere ai tuoi clienti i progressi, senza alcuno sforzo aggiuntivo, scegliendo quali note di registro possono vedere<\/li>\n<li><strong>Inserisci aggiornamenti<\/strong>: i membri del team possono inserire note di registro tramite l&#8217;app per dispositivi mobili in pochi secondi digitando o usando la sintesi vocale<\/li>\n<li><strong>Facile per te e i tuoi clienti<\/strong>: presenta chiaramente specifiche, prezzi e file in modo che il tuo team e i tuoi clienti possano capire<\/li>\n<li><strong>Mantieni tutto in un unico posto<\/strong>: tramite web, cellulare, email o SMS e dal tuo team, clienti o commerci, puoi visualizzare tutte le comunicazioni su un determinato argomento su una schermata<\/li>\n<li><strong>Traccia senza alcuno sforzo<\/strong>: la soluzione acquisisce automaticamente le comunicazioni su un argomento, anche se rispondi semplicemente tramite un&#8217;email &#8220;normale&#8221;<\/li>\n<\/ul>\n<h4>LE RECENSIONI DEGLI UTENTI<\/h4>\n<h4 class=\"font-weight-bold my-1 d-flex align-items-center\">Shawn J.&#8221;CoConstruct&#8221;<\/h4>\n<p><strong>Commenti<\/strong>: \u00c8 stato un po &#8216;complicato, ma lo \u00e8 anche gestire un&#8217;azienda. CoConstruct fa di tutto per aiutarti ad imparare come usarlo. Esistono diversi modi per configurare il sistema. Il servizio clienti conosce il software e risponder\u00e0 completamente alle tue domande. Devi capire esattamente come usarlo per soddisfare al meglio le tue esigenze.<\/p>\n<p><strong>Vantaggi<\/strong>: dopo 2 anni di utilizzo nel software le funzionalit\u00e0 extra o inutili sono scarse. Pi\u00f9 ne usiamo, meglio diventa. Non ho rimpianti nell&#8217;acquisto anche se non ha ancora pagato per se stesso.<\/p>\n<p><strong>Inconvenienti<\/strong>: ci \u00e8 voluto un po &#8216;per raggiungere il livello in cui lo usiamo. Ci\u00f2 non \u00e8 necessariamente negativo per il software, ma tanto per la natura del settore edile. Fare qualche lavoro all&#8217;anno non ti d\u00e0 molte opportunit\u00e0 di cambiare la tua procedura quando trovi un modo migliore. Ci\u00f2 ha richiesto pazienza ma ha dato i suoi frutti. Non implementerai questo software rapidamente.<\/p>\n<h4 class=\"font-weight-bold my-1 d-flex align-items-center\">John B.&#8221; Il migliore\u00a0per la gestione dei progetti di costruzione&#8221;<\/h4>\n<p><strong>Commenti<\/strong>: L&#8217;esperienza complessiva \u00e8 stata fantastica. Devo dire che ogni volta che chiamo al supporto tecnico, la tecnologia che risponde \u00e8 sempre stata in grado di risolvere il mio problema o rispondere alla mia domanda senza passarmi da qualcun altro. Raro in questo mondo guidato da software di supporto tecnico straniero \/ passaggio lungo la linea.<\/p>\n<p><strong>Vantaggi<\/strong>: i nostri clienti, commerci e tutto il team hanno UN SOLO sito, sia computer che mobile, da visitare per accedere a tutte le informazioni necessarie, le specifiche, i budget, i programmi di lavoro, ecc.<\/p>\n<p><strong>Inconvenienti<\/strong>: ho bisogno di un&#8217;integrazione di stima aggiuntiva con il mio software di stima e attualmente devo inserire manualmente le mie stime anzich\u00e9 inserire i dati in tempo reale direttamente nelle mie stime. Spero che arriver\u00e0 col tempo!<\/p>\n<h4 class=\"font-weight-bold my-1 d-flex align-items-center\">Shellina E.\u00a0&#8220;Prodotto eccellente !!!&#8221;<\/h4>\n<p><strong>Commenti: <\/strong>Sono in grado di fornire un preventivo rapido ai miei potenziali clienti e questo \u00e8 stato il problema pi\u00f9 grande che abbiamo avuto e ora \u00e8 facile e tempestivo, il che ci aiuta a ottenere pi\u00f9 progetti. Posso monitorare i miei partner commerciali e modificare i programmi in modo efficiente.<br \/>\nLa cosa migliore \u00e8 essere in grado di tenere traccia delle spese del progetto e modificare gli ordini da parte del cliente.<\/p>\n<p><strong>Vantaggi: <\/strong>Com&#8217;\u00e8 facile da usare, rende il nostro lavoro quotidiano molto pi\u00f9 efficiente e produttivo. esegue lo streaming di tutti i nostri fogli di calcolo in un&#8217;unica posizione, la disponibilit\u00e0 delle informazioni dei clienti e dei partner commerciali \u00e8 ora disponibile con un clic di un pulsante.<br \/>\nIl team di installazione e supporto \u00e8 stato finora fantastico. ritiene che l&#8217;assistenza clienti si preoccupi davvero dei tuoi successi.<\/p>\n<p><strong>Inconvenienti: <\/strong>Non sono in grado di fornire un feedback su ci\u00f2 che non mi \u00e8 piaciuto poich\u00e9 finora \u00e8 stato eccezionale e soddisfa tutte le nostre aspettative.<\/p>\n<p>&nbsp;<\/p>\n","protected":false},"excerpt":{"rendered":"<p>CoConstruct \u00e8 un software di gestione per l&#8217;edilizia basato sul web che ottimizza le operazioni quotidiane di costruttori, modellisti e aziende di progettazione. Con tre moduli di funzionalit\u00e0 ben formulati, la soluzione aiuta i costruttori ad affrontare le sfide comuni relative ai loro progetti, che si tratti di budget, comunicazione con il cliente e pianificazione delle attivit\u00e0.<\/p>\n","protected":false},"author":19,"featured_media":24840,"parent":70458,"menu_order":0,"comment_status":"open","ping_status":"closed","template":"g1_template_page_review_new.php","meta":{"_acf_changed":false,"cwp_meta_box_check":"Yes","cwp_rev_product_name":"","cwp_rev_product_image":"","wppr_links":[],"cwp_rev_price":"","wppr_options":[{"name":"Usability","value":"0"},{"name":"Speed","value":"0"},{"name":"Features","value":"0"},{"name":"Support","value":"0"},{"name":"Pricing","value":"0"}],"wppr_pros":["","","","",""],"wppr_cons":["","","","",""],"_monsterinsights_skip_tracking":false,"_monsterinsights_sitenote_active":false,"_monsterinsights_sitenote_note":"","_monsterinsights_sitenote_category":0,"footnotes":""},"categories":[2459],"tags":[396,2474,2460,2473,2461,2462],"features":[],"class_list":{"0":"post-24839","1":"page","2":"type-page","3":"status-publish","4":"has-post-thumbnail","6":"category-gestionale-per-edilizia-cat","7":"tag-cloud","8":"tag-coconstruct","9":"tag-construction-management-software","10":"tag-programma-gestionale-per-ledilizia","11":"tag-software-gestionale-per-lediizia","12":"tag-soluzione-gestionale-per-ledilizia"},"wppr_data":{"cwp_meta_box_check":"Yes","cwp_rev_product_name":"","_wppr_review_template":"default","cwp_rev_product_image":"","cwp_image_link":"image","wppr_links":[],"cwp_rev_price":"","wppr_pros":["","","","",""],"wppr_cons":["","","","",""],"wppr_rating":"0.00","wppr_options":{"1":{"name":"Usability","value":"0"},"2":{"name":"Speed","value":"0"},"3":{"name":"Features","value":"0"},"4":{"name":"Support","value":"0"},"5":{"name":"Pricing","value":"0"}},"wppr_review_type":"Product","wppr_review_custom_fields":{"additionalProperty":"","additionalType":"","aggregateRating":"","alternateName":"","audience":"","award":"","awards":"","brand":"","color":"","depth":"","description":"","disambiguatingDescription":"","gtin12":"","gtin13":"","gtin14":"","gtin8":"","height":"","identifier":"","image":"","isAccessoryOrSparePartFor":"","isConsumableFor":"","isRelatedTo":"","isSimilarTo":"","itemCondition":"","logo":"","mainEntityOfPage":"","manufacturer":"","material":"","model":"","mpn":"","name":"","offers":"","potentialAction":"","productID":"","productionDate":"","purchaseDate":"","releaseDate":"","review":"","reviews":"","sameAs":"","sku":"","slogan":"","subjectOf":"","url":"","weight":"","width":""}},"acf":[],"yoast_head":"<!-- This site is optimized with the Yoast SEO plugin v27.4 - https:\/\/yoast.com\/product\/yoast-seo-wordpress\/ -->\n<title>CoConstruct: recensione gestionale edilizia - Accurate Reviews<\/title>\n<meta name=\"description\" content=\"CoConstruct: recensione software di gestione per l&#039;edilizia basato sul web che ottimizza le operazioni di costruttori, modellisti e aziende di progettazione\" \/>\n<meta name=\"robots\" content=\"index, follow, max-snippet:-1, max-image-preview:large, max-video-preview:-1\" \/>\n<link rel=\"canonical\" href=\"https:\/\/www.accuratereviews.com\/it\/software-gestionali-edilizia\/coconstruct-recensione\/\" \/>\n<meta property=\"og:locale\" content=\"it_IT\" \/>\n<meta property=\"og:type\" content=\"article\" \/>\n<meta property=\"og:title\" content=\"CoConstruct: recensione gestionale edilizia - Accurate Reviews\" \/>\n<meta property=\"og:description\" content=\"CoConstruct: recensione software di gestione per l&#039;edilizia basato sul web che ottimizza le operazioni di costruttori, modellisti e aziende di progettazione\" \/>\n<meta property=\"og:url\" content=\"https:\/\/www.accuratereviews.com\/it\/software-gestionali-edilizia\/coconstruct-recensione\/\" \/>\n<meta property=\"og:site_name\" content=\"Accurate Reviews\" \/>\n<meta property=\"article:modified_time\" content=\"2023-07-29T08:00:06+00:00\" \/>\n<meta property=\"og:image\" content=\"https:\/\/www.accuratereviews.com\/wp-content\/uploads\/2020\/03\/Co-construction.jpg\" \/>\n\t<meta property=\"og:image:width\" content=\"2160\" \/>\n\t<meta property=\"og:image:height\" content=\"1440\" \/>\n\t<meta property=\"og:image:type\" content=\"image\/jpeg\" \/>\n<meta name=\"twitter:card\" content=\"summary_large_image\" \/>\n<meta name=\"twitter:label1\" content=\"Tempo di lettura stimato\" \/>\n\t<meta name=\"twitter:data1\" content=\"5 minuti\" \/>\n<script type=\"application\/ld+json\" class=\"yoast-schema-graph\">{\"@context\":\"https:\\\/\\\/schema.org\",\"@graph\":[{\"@type\":\"WebPage\",\"@id\":\"https:\\\/\\\/www.accuratereviews.com\\\/it\\\/software-gestionali-edilizia\\\/coconstruct-recensione\\\/\",\"url\":\"https:\\\/\\\/www.accuratereviews.com\\\/it\\\/software-gestionali-edilizia\\\/coconstruct-recensione\\\/\",\"name\":\"CoConstruct: recensione gestionale edilizia - Accurate Reviews\",\"isPartOf\":{\"@id\":\"https:\\\/\\\/www.accuratereviews.com\\\/it\\\/#website\"},\"primaryImageOfPage\":{\"@id\":\"https:\\\/\\\/www.accuratereviews.com\\\/it\\\/software-gestionali-edilizia\\\/coconstruct-recensione\\\/#primaryimage\"},\"image\":{\"@id\":\"https:\\\/\\\/www.accuratereviews.com\\\/it\\\/software-gestionali-edilizia\\\/coconstruct-recensione\\\/#primaryimage\"},\"thumbnailUrl\":\"https:\\\/\\\/www.accuratereviews.com\\\/wp-content\\\/uploads\\\/2020\\\/03\\\/Co-construction.jpg\",\"datePublished\":\"2020-03-30T10:54:45+00:00\",\"dateModified\":\"2023-07-29T08:00:06+00:00\",\"description\":\"CoConstruct: recensione software di gestione per l'edilizia basato sul web che ottimizza le operazioni di costruttori, modellisti e aziende di progettazione\",\"breadcrumb\":{\"@id\":\"https:\\\/\\\/www.accuratereviews.com\\\/it\\\/software-gestionali-edilizia\\\/coconstruct-recensione\\\/#breadcrumb\"},\"inLanguage\":\"it-IT\",\"potentialAction\":[{\"@type\":\"ReadAction\",\"target\":[\"https:\\\/\\\/www.accuratereviews.com\\\/it\\\/software-gestionali-edilizia\\\/coconstruct-recensione\\\/\"]}]},{\"@type\":\"ImageObject\",\"inLanguage\":\"it-IT\",\"@id\":\"https:\\\/\\\/www.accuratereviews.com\\\/it\\\/software-gestionali-edilizia\\\/coconstruct-recensione\\\/#primaryimage\",\"url\":\"https:\\\/\\\/www.accuratereviews.com\\\/wp-content\\\/uploads\\\/2020\\\/03\\\/Co-construction.jpg\",\"contentUrl\":\"https:\\\/\\\/www.accuratereviews.com\\\/wp-content\\\/uploads\\\/2020\\\/03\\\/Co-construction.jpg\",\"width\":2160,\"height\":1440},{\"@type\":\"BreadcrumbList\",\"@id\":\"https:\\\/\\\/www.accuratereviews.com\\\/it\\\/software-gestionali-edilizia\\\/coconstruct-recensione\\\/#breadcrumb\",\"itemListElement\":[{\"@type\":\"ListItem\",\"position\":1,\"name\":\"Home\",\"item\":\"https:\\\/\\\/www.accuratereviews.com\\\/it\\\/\"},{\"@type\":\"ListItem\",\"position\":2,\"name\":\"Software gestionali per edilizia\",\"item\":\"https:\\\/\\\/www.accuratereviews.com\\\/it\\\/software-gestionali-edilizia\\\/\"},{\"@type\":\"ListItem\",\"position\":3,\"name\":\"CoConstruct\"}]},{\"@type\":\"WebSite\",\"@id\":\"https:\\\/\\\/www.accuratereviews.com\\\/it\\\/#website\",\"url\":\"https:\\\/\\\/www.accuratereviews.com\\\/it\\\/\",\"name\":\"Accurate Reviews\",\"description\":\"\",\"potentialAction\":[{\"@type\":\"SearchAction\",\"target\":{\"@type\":\"EntryPoint\",\"urlTemplate\":\"https:\\\/\\\/www.accuratereviews.com\\\/it\\\/?s={search_term_string}\"},\"query-input\":{\"@type\":\"PropertyValueSpecification\",\"valueRequired\":true,\"valueName\":\"search_term_string\"}}],\"inLanguage\":\"it-IT\"}]}<\/script>\n<!-- \/ Yoast SEO plugin. -->","yoast_head_json":{"title":"CoConstruct: recensione gestionale edilizia - Accurate Reviews","description":"CoConstruct: recensione software di gestione per l'edilizia basato sul web che ottimizza le operazioni di costruttori, modellisti e aziende di progettazione","robots":{"index":"index","follow":"follow","max-snippet":"max-snippet:-1","max-image-preview":"max-image-preview:large","max-video-preview":"max-video-preview:-1"},"canonical":"https:\/\/www.accuratereviews.com\/it\/software-gestionali-edilizia\/coconstruct-recensione\/","og_locale":"it_IT","og_type":"article","og_title":"CoConstruct: recensione gestionale edilizia - Accurate Reviews","og_description":"CoConstruct: recensione software di gestione per l'edilizia basato sul web che ottimizza le operazioni di costruttori, modellisti e aziende di progettazione","og_url":"https:\/\/www.accuratereviews.com\/it\/software-gestionali-edilizia\/coconstruct-recensione\/","og_site_name":"Accurate Reviews","article_modified_time":"2023-07-29T08:00:06+00:00","og_image":[{"width":2160,"height":1440,"url":"https:\/\/www.accuratereviews.com\/wp-content\/uploads\/2020\/03\/Co-construction.jpg","type":"image\/jpeg"}],"twitter_card":"summary_large_image","twitter_misc":{"Tempo di lettura stimato":"5 minuti"},"schema":{"@context":"https:\/\/schema.org","@graph":[{"@type":"WebPage","@id":"https:\/\/www.accuratereviews.com\/it\/software-gestionali-edilizia\/coconstruct-recensione\/","url":"https:\/\/www.accuratereviews.com\/it\/software-gestionali-edilizia\/coconstruct-recensione\/","name":"CoConstruct: recensione gestionale edilizia - Accurate Reviews","isPartOf":{"@id":"https:\/\/www.accuratereviews.com\/it\/#website"},"primaryImageOfPage":{"@id":"https:\/\/www.accuratereviews.com\/it\/software-gestionali-edilizia\/coconstruct-recensione\/#primaryimage"},"image":{"@id":"https:\/\/www.accuratereviews.com\/it\/software-gestionali-edilizia\/coconstruct-recensione\/#primaryimage"},"thumbnailUrl":"https:\/\/www.accuratereviews.com\/wp-content\/uploads\/2020\/03\/Co-construction.jpg","datePublished":"2020-03-30T10:54:45+00:00","dateModified":"2023-07-29T08:00:06+00:00","description":"CoConstruct: recensione software di gestione per l'edilizia basato sul web che ottimizza le operazioni di costruttori, modellisti e aziende di progettazione","breadcrumb":{"@id":"https:\/\/www.accuratereviews.com\/it\/software-gestionali-edilizia\/coconstruct-recensione\/#breadcrumb"},"inLanguage":"it-IT","potentialAction":[{"@type":"ReadAction","target":["https:\/\/www.accuratereviews.com\/it\/software-gestionali-edilizia\/coconstruct-recensione\/"]}]},{"@type":"ImageObject","inLanguage":"it-IT","@id":"https:\/\/www.accuratereviews.com\/it\/software-gestionali-edilizia\/coconstruct-recensione\/#primaryimage","url":"https:\/\/www.accuratereviews.com\/wp-content\/uploads\/2020\/03\/Co-construction.jpg","contentUrl":"https:\/\/www.accuratereviews.com\/wp-content\/uploads\/2020\/03\/Co-construction.jpg","width":2160,"height":1440},{"@type":"BreadcrumbList","@id":"https:\/\/www.accuratereviews.com\/it\/software-gestionali-edilizia\/coconstruct-recensione\/#breadcrumb","itemListElement":[{"@type":"ListItem","position":1,"name":"Home","item":"https:\/\/www.accuratereviews.com\/it\/"},{"@type":"ListItem","position":2,"name":"Software gestionali per edilizia","item":"https:\/\/www.accuratereviews.com\/it\/software-gestionali-edilizia\/"},{"@type":"ListItem","position":3,"name":"CoConstruct"}]},{"@type":"WebSite","@id":"https:\/\/www.accuratereviews.com\/it\/#website","url":"https:\/\/www.accuratereviews.com\/it\/","name":"Accurate Reviews","description":"","potentialAction":[{"@type":"SearchAction","target":{"@type":"EntryPoint","urlTemplate":"https:\/\/www.accuratereviews.com\/it\/?s={search_term_string}"},"query-input":{"@type":"PropertyValueSpecification","valueRequired":true,"valueName":"search_term_string"}}],"inLanguage":"it-IT"}]}},"_links":{"self":[{"href":"https:\/\/www.accuratereviews.com\/it\/wp-json\/wp\/v2\/pages\/24839","targetHints":{"allow":["GET"]}}],"collection":[{"href":"https:\/\/www.accuratereviews.com\/it\/wp-json\/wp\/v2\/pages"}],"about":[{"href":"https:\/\/www.accuratereviews.com\/it\/wp-json\/wp\/v2\/types\/page"}],"author":[{"embeddable":true,"href":"https:\/\/www.accuratereviews.com\/it\/wp-json\/wp\/v2\/users\/19"}],"replies":[{"embeddable":true,"href":"https:\/\/www.accuratereviews.com\/it\/wp-json\/wp\/v2\/comments?post=24839"}],"version-history":[{"count":8,"href":"https:\/\/www.accuratereviews.com\/it\/wp-json\/wp\/v2\/pages\/24839\/revisions"}],"predecessor-version":[{"id":70969,"href":"https:\/\/www.accuratereviews.com\/it\/wp-json\/wp\/v2\/pages\/24839\/revisions\/70969"}],"up":[{"embeddable":true,"href":"https:\/\/www.accuratereviews.com\/it\/wp-json\/wp\/v2\/pages\/70458"}],"wp:featuredmedia":[{"embeddable":true,"href":"https:\/\/www.accuratereviews.com\/it\/wp-json\/wp\/v2\/media\/24840"}],"wp:attachment":[{"href":"https:\/\/www.accuratereviews.com\/it\/wp-json\/wp\/v2\/media?parent=24839"}],"wp:term":[{"taxonomy":"category","embeddable":true,"href":"https:\/\/www.accuratereviews.com\/it\/wp-json\/wp\/v2\/categories?post=24839"},{"taxonomy":"post_tag","embeddable":true,"href":"https:\/\/www.accuratereviews.com\/it\/wp-json\/wp\/v2\/tags?post=24839"},{"taxonomy":"features","embeddable":true,"href":"https:\/\/www.accuratereviews.com\/it\/wp-json\/wp\/v2\/features?post=24839"}],"curies":[{"name":"wp","href":"https:\/\/api.w.org\/{rel}","templated":true}]}}