{"id":24872,"date":"2020-03-31T09:48:15","date_gmt":"2020-03-31T09:48:15","guid":{"rendered":"https:\/\/www.accuratereviews.com\/?page_id=24872"},"modified":"2023-08-19T09:06:54","modified_gmt":"2023-08-19T09:06:54","slug":"redteam-recensione","status":"publish","type":"page","link":"https:\/\/www.accuratereviews.com\/it\/redteam-recensione\/","title":{"rendered":"RedTeam"},"content":{"rendered":"<p><strong>RedTeam<\/strong> \u00e8 un <strong>software di gestione dell&#8217;edilizia<\/strong> basato su <strong>cloud<\/strong> ideale per le imprese di costruzione e gli appaltatori indipendenti. Essendo una soluzione in grado di fornirti gli strumenti di cui hai bisogno per lo sviluppo del business, la precostruzione, la gestione dei progetti, il controllo dei costi, la fatturazione e la gestione dei campi, <strong>RedTeam<\/strong> determina un notevole aumento delle prestazioni per tutte le parti interessate del team di qualsiasi tipo di progetto.\u00a0Il programma si rivela utile nel ridurre i rischi, abbattere le barriere comunicative, favorire la coerenza e catturare l&#8217;intera storia in tutte le fasi del ciclo di costruzione. Con il software che offre anche applicazioni mobili per la gestione sul campo progettate per l&#8217;appaltatore commerciale (FieldShare) e il subappaltatore (TeamPlayer), al tuo team sar\u00e0 concesso l&#8217;accesso di cui ha bisogno ovunque e in qualsiasi momento per una gestione pi\u00f9 dinamica.<\/p>\n<h2>REDTEAM &#8211; TUTORIAL<\/h2>\n<p>Il tutorial che segue illustra le funzioni di questo<strong> software gestionale per l&#8217;edilizia<\/strong> presente nella Demo:<\/p>\n<div id=\"fluid-wrapper-counter-1\" class=\"g1-fluid-wrapper \" style=\"width:686px;\">\n<div style=\"padding-bottom:56.268221574344%;\"><iframe loading=\"lazy\" title=\"Redteam Demo\" width=\"686\" height=\"386\" src=\"https:\/\/www.youtube.com\/embed\/6gV_ZaOhiAw?feature=oembed&amp;wmode=transparent&amp;autohide=1&amp;autoplay=0&amp;disablekb=0&amp;fs=1&amp;loop=0&amp;enablejsapi=1&amp;rel=0&amp;controls=2&amp;showinfo=0&amp;wmode=transparent&amp;autohide=2&amp;autoplay=0&amp;disablekb=0&amp;fs=1&amp;loop=0&amp;enablejsapi=1&amp;rel=0&amp;controls=2&amp;showinfo=1\" frameborder=\"0\" allow=\"accelerometer; autoplay; clipboard-write; encrypted-media; gyroscope; picture-in-picture; web-share\" allowfullscreen><\/iframe><\/div>\n<\/div>\n<h3>REDTEAM &#8211; CARATTERISTICHE<\/h3>\n<ul>\n<li><strong>Consolle Collaborativa<\/strong>: invita facilmente parti esterne a collaborare senza la necessit\u00e0 di creare un account per loro. Ogni interazione all&#8217;interno della console collaborativa si collega direttamente al documento condiviso. Tutti i collaboratori vengono monitorati e timestamp con eventuali modifiche o commenti. Lavora in remoto pur avendo tutti i membri del team presenti<\/li>\n<li><strong>Metadata<\/strong>: tieni traccia di tutti i metadati tra le parti che condividono documenti, il che consente di monitorare quando un report viene inviato e quando \u00e8 stato aperto, stampato o elaborato.<\/li>\n<li><strong>Interazioni:<\/strong> gestisci tutti gli aspetti dello sviluppo aziendale. Tieni traccia delle tue interazioni con potenziali progetti imminenti in modo da poter fare clic su Converti quando sei pronto per preparare un&#8217;offerta. Registra tutti gli eventi correlati con l&#8217;opportunit\u00e0 e accedi all&#8217;esperienza del tuo team con l&#8217;account per costruire una relazione con i clienti<\/li>\n<li><strong>Opportunit\u00e0:<\/strong> gestisci un numero illimitato di opportunit\u00e0 all&#8217;interno della soluzione confronta il tuo punteggio competitivo con i peer contractor. Utilizza lo strumento di reportistica sulla gestione delle opportunit\u00e0 per essere pi\u00f9 aggressivo nelle opportunit\u00e0 future<\/li>\n<li><strong>Offerte<\/strong>: richiedi preventivi dal database del fornitore e imposta le qualifiche in base ai requisiti assicurativi, alle sedi e ai livelli di esperienza. Invia richieste ai tuoi fornitori tramite il modulo di stima. Una volta inviati, i fornitori saranno quindi in grado di rispondere direttamente dalle richieste e iniziare a caricare tutta la documentazione richiesta. Una volta caricato, puoi confrontare queste citazioni fornitore per selezionare l&#8217;offerta pi\u00f9 qualificata<\/li>\n<li><strong>Preventivi:<\/strong> seleziona codici di costo per creare il proprio modello di stima dei costi. Aggiungi markup supplementari per i costi pass-through come premi assicurativi o obbligazionari, nonch\u00e9 markup dei prezzi per spese generali e commissioni<br \/>\nOrari: avrai accesso a uno strumento di pianificazione Gantt molto simile a Microsoft Project. Puoi importare ed esportare file con Microsoft Project. Man mano che inizi ad aggiornare il tuo programma Gantt, le informazioni saranno immediatamente disponibili su tutti i tuoi dispositivi mobili e nella planroom<\/li>\n<li><strong>Informazioni su progressi:<\/strong> aggiungi foto sul sito di lavoro, osservazioni e monitoraggio dei fornitori, nonch\u00e9 di essere in grado di includere condizioni meteorologiche in tempo reale per i report e la gestione completa dei campi. Tutte le immagini possono essere catturate sul campo e allegate al rapporto giornaliero richiesto per quel giorno. Il tempo viene anche inserito in base alla posizione GPS del progetto in modo da poter vedere se le proiezioni del giorno cambieranno e procederanno nei tempi previsti<\/li>\n<li><strong>Fatturazione:<\/strong> produci fatturazioni dettagliate in stile AIA come fatture di avanzamento o fatturazione a costo maggiorato. \u00c8 quindi possibile invitare i clienti a collaborare alla preparazione di questi documenti e tenere un registro accurato di tutte le comunicazioni che avvengono durante il processo di costruzione. Utilizzare contratti precaricati in stile AIA G702 \/ 703 per la conformit\u00e0 dei clienti. Fatturazione completa dei progressi sulle applicazioni in stile AIA per fatture di pagamento o in stile lettera<\/li>\n<\/ul>\n<h4>LE RECENSIONI DEGLI UTENTI<\/h4>\n<p class=\"font-weight-bold my-1 d-flex align-items-center\"><strong>Mario S.\u00a0&#8220;Recensione di Mario&#8221;<\/strong><\/p>\n<p class=\"font-weight-bold my-1 d-flex align-items-center\"><strong>Commenti: <\/strong>Il loro servizio di assistenza svolge davvero bene il suo lavoro e finora mi ha aiutato a risolvere qualsiasi problema.<\/p>\n<p class=\"font-weight-bold my-1 d-flex align-items-center\"><strong>Vantaggi: <\/strong>Questo software copre quasi tutte le funzionalit\u00e0 necessarie per il processo di costruzione. Non \u00e8 necessario un software aggiuntivo.<\/p>\n<p><strong>Inconvenienti: <\/strong>L&#8217;interfaccia utente non \u00e8 affatto intuitiva. Uso questo software da pi\u00f9 di 2 anni e faccio ancora fatica a trovare determinate funzionalit\u00e0 di tanto in tanto.<\/p>\n<h4 class=\"font-weight-bold my-1 d-flex align-items-center\">Sharon S.&#8221;Software professionale per appaltatori &#8211; e facile da usare&#8221;<\/h4>\n<p><strong>Commenti: <\/strong>Questo \u00e8 un ottimo centro per la nostra attivit\u00e0 a cui tutti possono accedere.<\/p>\n<p><strong>Vantaggi: <\/strong>Quello che mi piace di pi\u00f9 di Red Team \u00e8 se qualcosa non funziona il dipartimento IT lavora\u00a0con te per farlo funzionare per la tua azienda.<\/p>\n<p><strong>Inconvenienti: <\/strong>Non ho davvero trovato nulla che non mi piacesse<\/p>\n<p class=\"font-weight-bold my-1 d-flex align-items-center\"><strong>Kirk K.\u00a0&#8220;Software Redteam PM&#8221;<\/strong><\/p>\n<p><strong>Commenti: <\/strong>Sono contento di Redteam. Come Operations Manager, ho tutti i lavori in un unico posto e per la maggior parte, tutti hanno lo stesso input.<\/p>\n<p><strong>Vantaggi: <\/strong>\u00c8 connettivit\u00e0 a costi e fatturazioni. La disponibilit\u00e0 di documenti dal cloud.<\/p>\n<p><strong>Inconvenienti: <\/strong>La formattazione dei documenti per la stampa \u00e8 pessima: i caratteri celesti e grigi non vengono stampati o copiati correttamente. Inoltre \u00e8 formattato in modo tale che utilizza molta carta per stampare e potrebbe essere condensato.<br \/>\nLe fasi di presentazione sono molto ingombranti. Meglio avere meno categorie per passare attraverso il processo di approvazione.<br \/>\n\u00c8 stato discusso con Redteam che ci sarebbe un modo pi\u00f9 facile da usare per archiviare file elettronici, PDF, foto, ecc. Usiamo le caselle &#8220;problemi&#8221; in Dialog ma non cerca molto bene.\u00a0L&#8217;app del telefono dovrebbe consentire l&#8217;accesso a pi\u00f9 documenti e audit finanziari.<\/p>\n<p>&nbsp;<\/p>\n","protected":false},"excerpt":{"rendered":"<p>RedTeam \u00e8 un software di gestione dell&#8217;edilizia basato su cloud ideale per le imprese di costruzione e gli appaltatori indipendenti. Essendo una soluzione in grado di fornirti gli strumenti di cui hai bisogno per lo sviluppo del business, la precostruzione, la gestione dei progetti, il controllo dei costi, la fatturazione e la gestione dei campi, RedTeam determina un notevole aumento delle prestazioni per tutte le parti interessate del team di qualsiasi tipo di progetto.<\/p>\n","protected":false},"author":19,"featured_media":24873,"parent":0,"menu_order":0,"comment_status":"open","ping_status":"closed","template":"g1_template_page_review_new.php","meta":{"_acf_changed":false,"cwp_meta_box_check":"Yes","cwp_rev_product_name":"","cwp_rev_product_image":"","wppr_links":[],"cwp_rev_price":"","wppr_options":[{"name":"Usability","value":"0"},{"name":"Speed","value":"0"},{"name":"Features","value":"0"},{"name":"Support","value":"0"},{"name":"Pricing","value":"0"}],"wppr_pros":["","","","",""],"wppr_cons":["","","","",""],"_monsterinsights_skip_tracking":false,"_monsterinsights_sitenote_active":false,"_monsterinsights_sitenote_note":"","_monsterinsights_sitenote_category":0,"footnotes":""},"categories":[2459],"tags":[396,2460,2473,2483,2461,2462],"features":[],"class_list":{"0":"post-24872","1":"page","2":"type-page","3":"status-publish","4":"has-post-thumbnail","6":"category-gestionale-per-edilizia-cat","7":"tag-cloud","8":"tag-construction-management-software","9":"tag-programma-gestionale-per-ledilizia","10":"tag-redteam","11":"tag-software-gestionale-per-lediizia","12":"tag-soluzione-gestionale-per-ledilizia"},"wppr_data":{"cwp_meta_box_check":"Yes","cwp_rev_product_name":"","_wppr_review_template":"default","cwp_rev_product_image":"","cwp_image_link":"image","wppr_links":[],"cwp_rev_price":"","wppr_pros":["","","","",""],"wppr_cons":["","","","",""],"wppr_rating":"0.00","wppr_options":{"1":{"name":"Usability","value":"0"},"2":{"name":"Speed","value":"0"},"3":{"name":"Features","value":"0"},"4":{"name":"Support","value":"0"},"5":{"name":"Pricing","value":"0"}},"wppr_review_type":"Product","wppr_review_custom_fields":{"additionalProperty":"","additionalType":"","aggregateRating":"","alternateName":"","audience":"","award":"","awards":"","brand":"","color":"","depth":"","description":"","disambiguatingDescription":"","gtin12":"","gtin13":"","gtin14":"","gtin8":"","height":"","identifier":"","image":"","isAccessoryOrSparePartFor":"","isConsumableFor":"","isRelatedTo":"","isSimilarTo":"","itemCondition":"","logo":"","mainEntityOfPage":"","manufacturer":"","material":"","model":"","mpn":"","name":"","offers":"","potentialAction":"","productID":"","productionDate":"","purchaseDate":"","releaseDate":"","review":"","reviews":"","sameAs":"","sku":"","slogan":"","subjectOf":"","url":"","weight":"","width":""}},"acf":[],"yoast_head":"<!-- This site is optimized with the Yoast SEO plugin v27.4 - https:\/\/yoast.com\/product\/yoast-seo-wordpress\/ -->\n<title>RedTeam: recensione software gestionale per edilizia - Accurate Reviews<\/title>\n<meta name=\"description\" content=\"RedTeam: recensione software di gestione dell&#039;edilizia basato su cloud ideale per le imprese di costruzione e gli appaltatori indipendenti.\" \/>\n<meta name=\"robots\" content=\"index, follow, max-snippet:-1, max-image-preview:large, max-video-preview:-1\" \/>\n<link rel=\"canonical\" href=\"https:\/\/www.accuratereviews.com\/it\/redteam-recensione\/\" \/>\n<meta property=\"og:locale\" content=\"it_IT\" \/>\n<meta property=\"og:type\" content=\"article\" \/>\n<meta property=\"og:title\" content=\"RedTeam: recensione software gestionale per edilizia - Accurate Reviews\" \/>\n<meta property=\"og:description\" content=\"RedTeam: recensione software di gestione dell&#039;edilizia basato su cloud ideale per le imprese di costruzione e gli appaltatori indipendenti.\" \/>\n<meta property=\"og:url\" content=\"https:\/\/www.accuratereviews.com\/it\/redteam-recensione\/\" \/>\n<meta property=\"og:site_name\" content=\"Accurate Reviews\" \/>\n<meta property=\"article:modified_time\" content=\"2023-08-19T09:06:54+00:00\" \/>\n<meta property=\"og:image\" content=\"https:\/\/www.accuratereviews.com\/wp-content\/uploads\/2020\/03\/RedTeam.png\" \/>\n\t<meta property=\"og:image:width\" content=\"1980\" \/>\n\t<meta property=\"og:image:height\" content=\"479\" \/>\n\t<meta property=\"og:image:type\" content=\"image\/png\" \/>\n<meta name=\"twitter:card\" content=\"summary_large_image\" \/>\n<meta name=\"twitter:label1\" content=\"Tempo di lettura stimato\" \/>\n\t<meta name=\"twitter:data1\" content=\"5 minuti\" \/>\n<script type=\"application\/ld+json\" class=\"yoast-schema-graph\">{\"@context\":\"https:\\\/\\\/schema.org\",\"@graph\":[{\"@type\":\"WebPage\",\"@id\":\"https:\\\/\\\/www.accuratereviews.com\\\/it\\\/redteam-recensione\\\/\",\"url\":\"https:\\\/\\\/www.accuratereviews.com\\\/it\\\/redteam-recensione\\\/\",\"name\":\"RedTeam: recensione software gestionale per edilizia - Accurate Reviews\",\"isPartOf\":{\"@id\":\"https:\\\/\\\/www.accuratereviews.com\\\/it\\\/#website\"},\"primaryImageOfPage\":{\"@id\":\"https:\\\/\\\/www.accuratereviews.com\\\/it\\\/redteam-recensione\\\/#primaryimage\"},\"image\":{\"@id\":\"https:\\\/\\\/www.accuratereviews.com\\\/it\\\/redteam-recensione\\\/#primaryimage\"},\"thumbnailUrl\":\"https:\\\/\\\/www.accuratereviews.com\\\/wp-content\\\/uploads\\\/2020\\\/03\\\/RedTeam.png\",\"datePublished\":\"2020-03-31T09:48:15+00:00\",\"dateModified\":\"2023-08-19T09:06:54+00:00\",\"description\":\"RedTeam: recensione software di gestione dell'edilizia basato su cloud ideale per le imprese di costruzione e gli appaltatori indipendenti.\",\"breadcrumb\":{\"@id\":\"https:\\\/\\\/www.accuratereviews.com\\\/it\\\/redteam-recensione\\\/#breadcrumb\"},\"inLanguage\":\"it-IT\",\"potentialAction\":[{\"@type\":\"ReadAction\",\"target\":[\"https:\\\/\\\/www.accuratereviews.com\\\/it\\\/redteam-recensione\\\/\"]}]},{\"@type\":\"ImageObject\",\"inLanguage\":\"it-IT\",\"@id\":\"https:\\\/\\\/www.accuratereviews.com\\\/it\\\/redteam-recensione\\\/#primaryimage\",\"url\":\"https:\\\/\\\/www.accuratereviews.com\\\/wp-content\\\/uploads\\\/2020\\\/03\\\/RedTeam.png\",\"contentUrl\":\"https:\\\/\\\/www.accuratereviews.com\\\/wp-content\\\/uploads\\\/2020\\\/03\\\/RedTeam.png\",\"width\":1980,\"height\":479},{\"@type\":\"BreadcrumbList\",\"@id\":\"https:\\\/\\\/www.accuratereviews.com\\\/it\\\/redteam-recensione\\\/#breadcrumb\",\"itemListElement\":[{\"@type\":\"ListItem\",\"position\":1,\"name\":\"Home\",\"item\":\"https:\\\/\\\/www.accuratereviews.com\\\/it\\\/\"},{\"@type\":\"ListItem\",\"position\":2,\"name\":\"RedTeam\"}]},{\"@type\":\"WebSite\",\"@id\":\"https:\\\/\\\/www.accuratereviews.com\\\/it\\\/#website\",\"url\":\"https:\\\/\\\/www.accuratereviews.com\\\/it\\\/\",\"name\":\"Accurate Reviews\",\"description\":\"\",\"potentialAction\":[{\"@type\":\"SearchAction\",\"target\":{\"@type\":\"EntryPoint\",\"urlTemplate\":\"https:\\\/\\\/www.accuratereviews.com\\\/it\\\/?s={search_term_string}\"},\"query-input\":{\"@type\":\"PropertyValueSpecification\",\"valueRequired\":true,\"valueName\":\"search_term_string\"}}],\"inLanguage\":\"it-IT\"}]}<\/script>\n<!-- \/ Yoast SEO plugin. -->","yoast_head_json":{"title":"RedTeam: recensione software gestionale per edilizia - Accurate Reviews","description":"RedTeam: recensione software di gestione dell'edilizia basato su cloud ideale per le imprese di costruzione e gli appaltatori indipendenti.","robots":{"index":"index","follow":"follow","max-snippet":"max-snippet:-1","max-image-preview":"max-image-preview:large","max-video-preview":"max-video-preview:-1"},"canonical":"https:\/\/www.accuratereviews.com\/it\/redteam-recensione\/","og_locale":"it_IT","og_type":"article","og_title":"RedTeam: recensione software gestionale per edilizia - Accurate Reviews","og_description":"RedTeam: recensione software di gestione dell'edilizia basato su cloud ideale per le imprese di costruzione e gli appaltatori indipendenti.","og_url":"https:\/\/www.accuratereviews.com\/it\/redteam-recensione\/","og_site_name":"Accurate Reviews","article_modified_time":"2023-08-19T09:06:54+00:00","og_image":[{"width":1980,"height":479,"url":"https:\/\/www.accuratereviews.com\/wp-content\/uploads\/2020\/03\/RedTeam.png","type":"image\/png"}],"twitter_card":"summary_large_image","twitter_misc":{"Tempo di lettura stimato":"5 minuti"},"schema":{"@context":"https:\/\/schema.org","@graph":[{"@type":"WebPage","@id":"https:\/\/www.accuratereviews.com\/it\/redteam-recensione\/","url":"https:\/\/www.accuratereviews.com\/it\/redteam-recensione\/","name":"RedTeam: recensione software gestionale per edilizia - Accurate Reviews","isPartOf":{"@id":"https:\/\/www.accuratereviews.com\/it\/#website"},"primaryImageOfPage":{"@id":"https:\/\/www.accuratereviews.com\/it\/redteam-recensione\/#primaryimage"},"image":{"@id":"https:\/\/www.accuratereviews.com\/it\/redteam-recensione\/#primaryimage"},"thumbnailUrl":"https:\/\/www.accuratereviews.com\/wp-content\/uploads\/2020\/03\/RedTeam.png","datePublished":"2020-03-31T09:48:15+00:00","dateModified":"2023-08-19T09:06:54+00:00","description":"RedTeam: recensione software di gestione dell'edilizia basato su cloud ideale per le imprese di costruzione e gli appaltatori indipendenti.","breadcrumb":{"@id":"https:\/\/www.accuratereviews.com\/it\/redteam-recensione\/#breadcrumb"},"inLanguage":"it-IT","potentialAction":[{"@type":"ReadAction","target":["https:\/\/www.accuratereviews.com\/it\/redteam-recensione\/"]}]},{"@type":"ImageObject","inLanguage":"it-IT","@id":"https:\/\/www.accuratereviews.com\/it\/redteam-recensione\/#primaryimage","url":"https:\/\/www.accuratereviews.com\/wp-content\/uploads\/2020\/03\/RedTeam.png","contentUrl":"https:\/\/www.accuratereviews.com\/wp-content\/uploads\/2020\/03\/RedTeam.png","width":1980,"height":479},{"@type":"BreadcrumbList","@id":"https:\/\/www.accuratereviews.com\/it\/redteam-recensione\/#breadcrumb","itemListElement":[{"@type":"ListItem","position":1,"name":"Home","item":"https:\/\/www.accuratereviews.com\/it\/"},{"@type":"ListItem","position":2,"name":"RedTeam"}]},{"@type":"WebSite","@id":"https:\/\/www.accuratereviews.com\/it\/#website","url":"https:\/\/www.accuratereviews.com\/it\/","name":"Accurate Reviews","description":"","potentialAction":[{"@type":"SearchAction","target":{"@type":"EntryPoint","urlTemplate":"https:\/\/www.accuratereviews.com\/it\/?s={search_term_string}"},"query-input":{"@type":"PropertyValueSpecification","valueRequired":true,"valueName":"search_term_string"}}],"inLanguage":"it-IT"}]}},"_links":{"self":[{"href":"https:\/\/www.accuratereviews.com\/it\/wp-json\/wp\/v2\/pages\/24872","targetHints":{"allow":["GET"]}}],"collection":[{"href":"https:\/\/www.accuratereviews.com\/it\/wp-json\/wp\/v2\/pages"}],"about":[{"href":"https:\/\/www.accuratereviews.com\/it\/wp-json\/wp\/v2\/types\/page"}],"author":[{"embeddable":true,"href":"https:\/\/www.accuratereviews.com\/it\/wp-json\/wp\/v2\/users\/19"}],"replies":[{"embeddable":true,"href":"https:\/\/www.accuratereviews.com\/it\/wp-json\/wp\/v2\/comments?post=24872"}],"version-history":[{"count":9,"href":"https:\/\/www.accuratereviews.com\/it\/wp-json\/wp\/v2\/pages\/24872\/revisions"}],"predecessor-version":[{"id":71404,"href":"https:\/\/www.accuratereviews.com\/it\/wp-json\/wp\/v2\/pages\/24872\/revisions\/71404"}],"wp:featuredmedia":[{"embeddable":true,"href":"https:\/\/www.accuratereviews.com\/it\/wp-json\/wp\/v2\/media\/24873"}],"wp:attachment":[{"href":"https:\/\/www.accuratereviews.com\/it\/wp-json\/wp\/v2\/media?parent=24872"}],"wp:term":[{"taxonomy":"category","embeddable":true,"href":"https:\/\/www.accuratereviews.com\/it\/wp-json\/wp\/v2\/categories?post=24872"},{"taxonomy":"post_tag","embeddable":true,"href":"https:\/\/www.accuratereviews.com\/it\/wp-json\/wp\/v2\/tags?post=24872"},{"taxonomy":"features","embeddable":true,"href":"https:\/\/www.accuratereviews.com\/it\/wp-json\/wp\/v2\/features?post=24872"}],"curies":[{"name":"wp","href":"https:\/\/api.w.org\/{rel}","templated":true}]}}