{"id":24918,"date":"2020-04-01T11:52:50","date_gmt":"2020-04-01T11:52:50","guid":{"rendered":"https:\/\/www.accuratereviews.com\/?page_id=24918"},"modified":"2020-04-22T15:39:51","modified_gmt":"2020-04-22T15:39:51","slug":"jonas-recensione","status":"publish","type":"page","link":"https:\/\/www.accuratereviews.com\/it\/jonas-recensione\/","title":{"rendered":"Jonas"},"content":{"rendered":"<p><strong>Jonas<\/strong> \u00e8 un <strong>software di gestione dell&#8217;edilizia<\/strong> <strong>cloud<\/strong> progettato per coprire i processi chiave della tua attivit\u00e0 di costruzione. \u00c8 composto da dieci moduli che coprono aree di business quali contabilit\u00e0, gestione dei progetti, app mobile sul campo, ordini di acquisto, tempi e spese per il tuo progetto e amministrazione delle scorte. Questo\u00a0software \u00e8 ideale per appaltatori generali, progettisti e costruttori di case. Offre anche soluzioni verticali per settori specifici come HVAC, elettrico e idraulico, escavatori e estrattori petroliferi e di gas.\u00a0Le sue funzionalit\u00e0 ti aiutano ad automatizzare i processi, ottimizzare la comunicazione e centralizzare l&#8217;accesso ai dati in modo che le informazioni siano sincronizzate e coerenti. La funzione Data Mart consente un reporting SQL completo con accesso a tutti i codici dati all&#8217;interno del programma.<\/p>\n<h2>JONAS &#8211; TUTORIAL<\/h2>\n<p>Diamo un occhiata al tutorial per comprendere meglio come sfruttare gli strumenti di questo <strong>software gestionale per l&#8217;edilizia<\/strong>:<\/p>\n<div id=\"fluid-wrapper-counter-1\" class=\"g1-fluid-wrapper \" style=\"width:686px;\">\n<div style=\"padding-bottom:56.268221574344%;\"><iframe loading=\"lazy\" title=\"Jonas Premier Product Tour (Microsite - NO CTA)\" width=\"686\" height=\"386\" src=\"https:\/\/www.youtube.com\/embed\/arYBMWyW8DY?feature=oembed&amp;wmode=transparent&amp;autohide=1&amp;autoplay=0&amp;disablekb=0&amp;fs=1&amp;loop=0&amp;enablejsapi=1&amp;rel=0&amp;controls=2&amp;showinfo=0&amp;wmode=transparent&amp;autohide=2&amp;autoplay=0&amp;disablekb=0&amp;fs=1&amp;loop=0&amp;enablejsapi=1&amp;rel=0&amp;controls=2&amp;showinfo=1\" frameborder=\"0\" allow=\"accelerometer; autoplay; encrypted-media; gyroscope; picture-in-picture\" allowfullscreen><\/iframe><\/div>\n<\/div>\n<h3>JONAS &#8211; CARATTERISTICHE<\/h3>\n<p>Ecco alcune funzioni su questo programma:<\/p>\n<ul>\n<li><strong>Debiti verso clienti<\/strong>: potrai controllare l&#8217;intero processo di flusso di cassa e ti consente di assumere il controllo del processo di contabilit\u00e0 fornitori<\/li>\n<li><strong>Contabilit\u00e0 generale:<\/strong> questo modulo mantiene tutte le informazioni necessarie per tenere traccia della redditivit\u00e0 e prendere decisioni finanziarie<\/li>\n<li><strong>Rapporti drill down<\/strong>: consente di completare facilmente la gestione e la rendicontazione finanziaria utilizzando i modelli<\/li>\n<li><strong>Percorsi di audit completi:<\/strong> hai la possibilit\u00e0 di visionare le transazioni finanziarie passate e analizzare eventuali irregolarit\u00e0 che potrebbero essere state trascurate<\/li>\n<li><strong>Sicurezza<\/strong>: imposta restrizioni su chi pu\u00f2 accedere a informazioni specifiche all&#8217;interno di ciascuna area del software<\/li>\n<li><strong>Contabilit\u00e0 multi-azienda e multi-divisione<\/strong>: gestisci facilmente i dati finanziari di pi\u00f9 aziende e divisioni con la contabilit\u00e0 automatica interaziendale, il tutto all&#8217;interno di una soluzione software di contabilit\u00e0 completamente integrata<\/li>\n<li><strong>Periodi contabili multipli aperti<\/strong>: riconosci automaticamente i ricavi o le spese prepagate in pi\u00f9 periodi GL. Inoltre, mantieni le tue informazioni finanziarie dettagliate organizzate e accurate con la possibilit\u00e0 di creare e utilizzare \u00a0registri secondari<\/li>\n<li><strong>Rapporti accurati:<\/strong> \u00e8 possibile creare facilmente report accurati che riflettano le informazioni pi\u00f9 aggiornate disponibili nel sistema. Tutti gli aspetti sono definibili dall&#8217;utente e personalizzabili. Puoi progettare i tuoi report con il supporto dello strumento di business intelligence integrato e completamente integrato del programma<\/li>\n<li><strong>Previsioni automatizzate:\u00a0<\/strong>hai la capacit\u00e0 di completare previsioni automatizzate con proiezioni intelligenti<\/li>\n<\/ul>\n<h4>LE RECENSIONI DEGLI UTENTI<\/h4>\n<h4 class=\"font-weight-bold my-1 d-flex align-items-center\">Theodore C.&#8221;Recensione corrente di Jonas Mechanical&#8221;<\/h4>\n<p><strong>Commenti: <\/strong>Ora stiamo facendo di pi\u00f9 con meno personale grazie all&#8217;efficienza che Jonas ha messo in relazione con l&#8217;inserimento dei tempi e la revisione dei documenti utilizzando Jonas Documents, ora i nostri manager possono visualizzare fatture per lavori e ordini di lavoro senza dover cercare file di grandi dimensioni. Abbiamo anche migliorato l&#8217;immissione dei dati con le buste paga grazie alla capacit\u00e0 di caricamento da Field Time ed eMobile.<\/p>\n<p><strong>Vantaggi: <\/strong>Le funzionalit\u00e0 che hanno avuto il maggiore impatto sarebbero le applicazioni eMobile e Field Time che ci hanno permesso di andare senza carta in ufficio e diventare pi\u00f9 efficienti nella gestione dei nostri lavori e degli ordini di lavoro. Il prodotto \u00e8 facile da usare e il supporto \u00e8 sempre in grado di dare una mano quando necessario, cos\u00ec come i trainer coinvolti in ogni sistema. L&#8217;integrazione con i nostri processi aziendali esistenti \u00e8 stata facile.<\/p>\n<p><strong>Inconvenienti: <\/strong>L&#8217;unica cosa che non ci \u00e8 piaciuta \u00e8 il server ospitato tramite Contegix, ma ci stiamo trasferendo all&#8217;inizio di maggio 2020 a Jonas Azure e abbiamo sentito parlare dell&#8217;offerta di servizi.<\/p>\n<h4 class=\"font-weight-bold my-1 d-flex align-items-center\">Jennifer T.\u00a0&#8220;Jonas &amp; Emobile&#8221;<\/h4>\n<p><strong>Commenti: <\/strong>Essere in grado di utilizzare Jonas e Jonas Emobile ha reso le cose molto pi\u00f9 semplici ed ha eliminato la duplicazione dell&#8217;esecuzione di due sistemi separati.<\/p>\n<p><strong>Vantaggi: <\/strong>Mi piace il fatto che tutti possiamo usare un sistema, dall&#8217;amministrazione, alla contabilit\u00e0 e ai tecnici che utilizzano l&#8217;applicazione Emobile. \u00c8 possibile estrarre facilmente informazioni sul servizio, informazioni sulla manutenzione o informazioni relative alla contabilit\u00e0.<\/p>\n<p><strong>Inconvenienti: <\/strong>Creare report e creare i tuoi documenti non \u00e8 facile. E sebbene amiamo l&#8217;aggiunta di Emobile, ci imbattiamo in problemi che richiedono l&#8217;aiuto del Jonas Support Team.<\/p>\n<h4 class=\"font-weight-bold my-1 d-flex align-items-center\">Patsy R.&#8221;Jonas per l&#8217;edilizia&#8221;<\/h4>\n<p><strong>Commenti: <\/strong>Jonas ha davvero semplificato i nostri processi contabili e ci ha reso pi\u00f9 efficienti.<\/p>\n<p><strong>Vantaggi: <\/strong>Il motivo principale per cui siamo passati a Jonas \u00e8 stato per la funzione Job Costing e continua a semplificarci la vita. Il libro paga ha anche dimostrato di renderci pi\u00f9 efficienti, in particolare per quanto riguarda la gestione di pi\u00f9 accordi sindacali.<\/p>\n<p><strong>Inconvenienti: <\/strong>Quello che mi piace di meno di Jonas \u00e8 la funzionalit\u00e0 di Report Design. Trovo difficile gestirlo e creare i rapporti di cui ho bisogno.<\/p>\n","protected":false},"excerpt":{"rendered":"<p>Jonas \u00e8 un software di gestione dell&#8217;edilizia cloud progettato per coprire i processi chiave della tua attivit\u00e0 di costruzione. \u00c8 composto da dieci moduli che coprono aree di business quali contabilit\u00e0, gestione dei progetti, app mobile sul campo, ordini di acquisto, tempi e spese per il tuo progetto e amministrazione delle scorte.<\/p>\n","protected":false},"author":19,"featured_media":24919,"parent":0,"menu_order":0,"comment_status":"open","ping_status":"closed","template":"g1_template_page_review_new.php","meta":{"_acf_changed":false,"cwp_meta_box_check":"Yes","cwp_rev_product_name":"","cwp_rev_product_image":"","wppr_links":[],"cwp_rev_price":"","wppr_options":[],"wppr_pros":[],"wppr_cons":[],"_monsterinsights_skip_tracking":false,"_monsterinsights_sitenote_active":false,"_monsterinsights_sitenote_note":"","_monsterinsights_sitenote_category":0,"footnotes":""},"categories":[2459],"tags":[396,2460,2493,2485,2473,2461,2462],"features":[],"class_list":{"0":"post-24918","1":"page","2":"type-page","3":"status-publish","4":"has-post-thumbnail","6":"category-gestionale-per-edilizia-cat","7":"tag-cloud","8":"tag-construction-management-software","9":"tag-jonas","10":"tag-piattaforma-gestionale-per-edilizia","11":"tag-programma-gestionale-per-ledilizia","12":"tag-software-gestionale-per-lediizia","13":"tag-soluzione-gestionale-per-ledilizia"},"wppr_data":{"cwp_meta_box_check":"Yes","cwp_rev_product_name":"","cwp_rev_product_image":"","cwp_image_link":"image","cwp_rev_price":"","wppr_rating":"0.00"},"acf":[],"yoast_head":"<!-- This site is optimized with the Yoast SEO plugin v27.4 - https:\/\/yoast.com\/product\/yoast-seo-wordpress\/ -->\n<title>Jonas: recensione software gestionale per edilizia - Accurate Reviews<\/title>\n<meta name=\"description\" content=\"Jonas: recensione soluzione di gestione dell&#039;edilizia intuitiva e integrata che opera nel settore costruzioni da oltre 25 anni.\" \/>\n<meta name=\"robots\" content=\"index, follow, max-snippet:-1, max-image-preview:large, max-video-preview:-1\" \/>\n<link rel=\"canonical\" href=\"https:\/\/www.accuratereviews.com\/it\/jonas-recensione\/\" \/>\n<meta property=\"og:locale\" content=\"it_IT\" \/>\n<meta property=\"og:type\" content=\"article\" \/>\n<meta property=\"og:title\" content=\"Jonas: recensione software gestionale per edilizia - Accurate Reviews\" \/>\n<meta property=\"og:description\" content=\"Jonas: recensione soluzione di gestione dell&#039;edilizia intuitiva e integrata che opera nel settore costruzioni da oltre 25 anni.\" \/>\n<meta property=\"og:url\" content=\"https:\/\/www.accuratereviews.com\/it\/jonas-recensione\/\" \/>\n<meta property=\"og:site_name\" content=\"Accurate Reviews\" \/>\n<meta property=\"article:modified_time\" content=\"2020-04-22T15:39:51+00:00\" \/>\n<meta property=\"og:image\" content=\"https:\/\/www.accuratereviews.com\/wp-content\/uploads\/2020\/04\/jonas_construction_software_logo.png\" \/>\n\t<meta property=\"og:image:width\" content=\"200\" \/>\n\t<meta property=\"og:image:height\" content=\"200\" \/>\n\t<meta property=\"og:image:type\" content=\"image\/png\" \/>\n<meta name=\"twitter:card\" content=\"summary_large_image\" \/>\n<meta name=\"twitter:label1\" content=\"Tempo di lettura stimato\" \/>\n\t<meta name=\"twitter:data1\" content=\"4 minuti\" \/>\n<script type=\"application\/ld+json\" class=\"yoast-schema-graph\">{\"@context\":\"https:\\\/\\\/schema.org\",\"@graph\":[{\"@type\":\"WebPage\",\"@id\":\"https:\\\/\\\/www.accuratereviews.com\\\/it\\\/jonas-recensione\\\/\",\"url\":\"https:\\\/\\\/www.accuratereviews.com\\\/it\\\/jonas-recensione\\\/\",\"name\":\"Jonas: recensione software gestionale per edilizia - Accurate Reviews\",\"isPartOf\":{\"@id\":\"https:\\\/\\\/www.accuratereviews.com\\\/it\\\/#website\"},\"primaryImageOfPage\":{\"@id\":\"https:\\\/\\\/www.accuratereviews.com\\\/it\\\/jonas-recensione\\\/#primaryimage\"},\"image\":{\"@id\":\"https:\\\/\\\/www.accuratereviews.com\\\/it\\\/jonas-recensione\\\/#primaryimage\"},\"thumbnailUrl\":\"https:\\\/\\\/www.accuratereviews.com\\\/wp-content\\\/uploads\\\/2020\\\/04\\\/jonas_construction_software_logo.png\",\"datePublished\":\"2020-04-01T11:52:50+00:00\",\"dateModified\":\"2020-04-22T15:39:51+00:00\",\"description\":\"Jonas: recensione soluzione di gestione dell'edilizia intuitiva e integrata che opera nel settore costruzioni da oltre 25 anni.\",\"breadcrumb\":{\"@id\":\"https:\\\/\\\/www.accuratereviews.com\\\/it\\\/jonas-recensione\\\/#breadcrumb\"},\"inLanguage\":\"it-IT\",\"potentialAction\":[{\"@type\":\"ReadAction\",\"target\":[\"https:\\\/\\\/www.accuratereviews.com\\\/it\\\/jonas-recensione\\\/\"]}]},{\"@type\":\"ImageObject\",\"inLanguage\":\"it-IT\",\"@id\":\"https:\\\/\\\/www.accuratereviews.com\\\/it\\\/jonas-recensione\\\/#primaryimage\",\"url\":\"https:\\\/\\\/www.accuratereviews.com\\\/wp-content\\\/uploads\\\/2020\\\/04\\\/jonas_construction_software_logo.png\",\"contentUrl\":\"https:\\\/\\\/www.accuratereviews.com\\\/wp-content\\\/uploads\\\/2020\\\/04\\\/jonas_construction_software_logo.png\",\"width\":200,\"height\":200},{\"@type\":\"BreadcrumbList\",\"@id\":\"https:\\\/\\\/www.accuratereviews.com\\\/it\\\/jonas-recensione\\\/#breadcrumb\",\"itemListElement\":[{\"@type\":\"ListItem\",\"position\":1,\"name\":\"Home\",\"item\":\"https:\\\/\\\/www.accuratereviews.com\\\/it\\\/\"},{\"@type\":\"ListItem\",\"position\":2,\"name\":\"Jonas\"}]},{\"@type\":\"WebSite\",\"@id\":\"https:\\\/\\\/www.accuratereviews.com\\\/it\\\/#website\",\"url\":\"https:\\\/\\\/www.accuratereviews.com\\\/it\\\/\",\"name\":\"Accurate Reviews\",\"description\":\"\",\"potentialAction\":[{\"@type\":\"SearchAction\",\"target\":{\"@type\":\"EntryPoint\",\"urlTemplate\":\"https:\\\/\\\/www.accuratereviews.com\\\/it\\\/?s={search_term_string}\"},\"query-input\":{\"@type\":\"PropertyValueSpecification\",\"valueRequired\":true,\"valueName\":\"search_term_string\"}}],\"inLanguage\":\"it-IT\"}]}<\/script>\n<!-- \/ Yoast SEO plugin. -->","yoast_head_json":{"title":"Jonas: recensione software gestionale per edilizia - Accurate Reviews","description":"Jonas: recensione soluzione di gestione dell'edilizia intuitiva e integrata che opera nel settore costruzioni da oltre 25 anni.","robots":{"index":"index","follow":"follow","max-snippet":"max-snippet:-1","max-image-preview":"max-image-preview:large","max-video-preview":"max-video-preview:-1"},"canonical":"https:\/\/www.accuratereviews.com\/it\/jonas-recensione\/","og_locale":"it_IT","og_type":"article","og_title":"Jonas: recensione software gestionale per edilizia - Accurate Reviews","og_description":"Jonas: recensione soluzione di gestione dell'edilizia intuitiva e integrata che opera nel settore costruzioni da oltre 25 anni.","og_url":"https:\/\/www.accuratereviews.com\/it\/jonas-recensione\/","og_site_name":"Accurate Reviews","article_modified_time":"2020-04-22T15:39:51+00:00","og_image":[{"width":200,"height":200,"url":"https:\/\/www.accuratereviews.com\/wp-content\/uploads\/2020\/04\/jonas_construction_software_logo.png","type":"image\/png"}],"twitter_card":"summary_large_image","twitter_misc":{"Tempo di lettura stimato":"4 minuti"},"schema":{"@context":"https:\/\/schema.org","@graph":[{"@type":"WebPage","@id":"https:\/\/www.accuratereviews.com\/it\/jonas-recensione\/","url":"https:\/\/www.accuratereviews.com\/it\/jonas-recensione\/","name":"Jonas: recensione software gestionale per edilizia - Accurate Reviews","isPartOf":{"@id":"https:\/\/www.accuratereviews.com\/it\/#website"},"primaryImageOfPage":{"@id":"https:\/\/www.accuratereviews.com\/it\/jonas-recensione\/#primaryimage"},"image":{"@id":"https:\/\/www.accuratereviews.com\/it\/jonas-recensione\/#primaryimage"},"thumbnailUrl":"https:\/\/www.accuratereviews.com\/wp-content\/uploads\/2020\/04\/jonas_construction_software_logo.png","datePublished":"2020-04-01T11:52:50+00:00","dateModified":"2020-04-22T15:39:51+00:00","description":"Jonas: recensione soluzione di gestione dell'edilizia intuitiva e integrata che opera nel settore costruzioni da oltre 25 anni.","breadcrumb":{"@id":"https:\/\/www.accuratereviews.com\/it\/jonas-recensione\/#breadcrumb"},"inLanguage":"it-IT","potentialAction":[{"@type":"ReadAction","target":["https:\/\/www.accuratereviews.com\/it\/jonas-recensione\/"]}]},{"@type":"ImageObject","inLanguage":"it-IT","@id":"https:\/\/www.accuratereviews.com\/it\/jonas-recensione\/#primaryimage","url":"https:\/\/www.accuratereviews.com\/wp-content\/uploads\/2020\/04\/jonas_construction_software_logo.png","contentUrl":"https:\/\/www.accuratereviews.com\/wp-content\/uploads\/2020\/04\/jonas_construction_software_logo.png","width":200,"height":200},{"@type":"BreadcrumbList","@id":"https:\/\/www.accuratereviews.com\/it\/jonas-recensione\/#breadcrumb","itemListElement":[{"@type":"ListItem","position":1,"name":"Home","item":"https:\/\/www.accuratereviews.com\/it\/"},{"@type":"ListItem","position":2,"name":"Jonas"}]},{"@type":"WebSite","@id":"https:\/\/www.accuratereviews.com\/it\/#website","url":"https:\/\/www.accuratereviews.com\/it\/","name":"Accurate Reviews","description":"","potentialAction":[{"@type":"SearchAction","target":{"@type":"EntryPoint","urlTemplate":"https:\/\/www.accuratereviews.com\/it\/?s={search_term_string}"},"query-input":{"@type":"PropertyValueSpecification","valueRequired":true,"valueName":"search_term_string"}}],"inLanguage":"it-IT"}]}},"_links":{"self":[{"href":"https:\/\/www.accuratereviews.com\/it\/wp-json\/wp\/v2\/pages\/24918","targetHints":{"allow":["GET"]}}],"collection":[{"href":"https:\/\/www.accuratereviews.com\/it\/wp-json\/wp\/v2\/pages"}],"about":[{"href":"https:\/\/www.accuratereviews.com\/it\/wp-json\/wp\/v2\/types\/page"}],"author":[{"embeddable":true,"href":"https:\/\/www.accuratereviews.com\/it\/wp-json\/wp\/v2\/users\/19"}],"replies":[{"embeddable":true,"href":"https:\/\/www.accuratereviews.com\/it\/wp-json\/wp\/v2\/comments?post=24918"}],"version-history":[{"count":6,"href":"https:\/\/www.accuratereviews.com\/it\/wp-json\/wp\/v2\/pages\/24918\/revisions"}],"predecessor-version":[{"id":25611,"href":"https:\/\/www.accuratereviews.com\/it\/wp-json\/wp\/v2\/pages\/24918\/revisions\/25611"}],"wp:featuredmedia":[{"embeddable":true,"href":"https:\/\/www.accuratereviews.com\/it\/wp-json\/wp\/v2\/media\/24919"}],"wp:attachment":[{"href":"https:\/\/www.accuratereviews.com\/it\/wp-json\/wp\/v2\/media?parent=24918"}],"wp:term":[{"taxonomy":"category","embeddable":true,"href":"https:\/\/www.accuratereviews.com\/it\/wp-json\/wp\/v2\/categories?post=24918"},{"taxonomy":"post_tag","embeddable":true,"href":"https:\/\/www.accuratereviews.com\/it\/wp-json\/wp\/v2\/tags?post=24918"},{"taxonomy":"features","embeddable":true,"href":"https:\/\/www.accuratereviews.com\/it\/wp-json\/wp\/v2\/features?post=24918"}],"curies":[{"name":"wp","href":"https:\/\/api.w.org\/{rel}","templated":true}]}}