{"id":24926,"date":"2020-04-01T11:53:14","date_gmt":"2020-04-01T11:53:14","guid":{"rendered":"https:\/\/www.accuratereviews.com\/?page_id=24926"},"modified":"2020-04-22T15:23:56","modified_gmt":"2020-04-22T15:23:56","slug":"foundation-recensione","status":"publish","type":"page","link":"https:\/\/www.accuratereviews.com\/it\/foundation-recensione\/","title":{"rendered":"Foundation"},"content":{"rendered":"<p><strong>Foundation<\/strong> \u00e8 un <strong>software per la gestione edilizia<\/strong>\u00a0che offre una soluzione completamente integrata e flessibile per automatizzare la produzione e la gestione di informazioni finanziarie complesse e critiche nel settore delle costruzioni. Ad esempio puoi conservare la documentazione, generare buste paga certificate, controllare ordini di acquisto e subappalti, costo del lavoro, somma forfettaria e costi unitari, contabilit\u00e0 fornitori, periodi fiscali, spese e altre informazioni specifiche per la costruzione. Inoltre la soluzione \u00e8 basata<strong> su cloud<\/strong> e sono state create applicazioni per i dispositivi mobili per avere sempre a portata di mano questo programma efficiente.<\/p>\n<h2>FONDATION &#8211; TUTORIAL<\/h2>\n<p>Il tutorial che segue mostra come immettere, gestire e approvare le schede temporali e acquisire i dati direttamente sull&#8217;applicazione mobile di questo <strong>software gestionale per l&#8217;edilizia:<\/strong><\/p>\n<div id=\"fluid-wrapper-counter-1\" class=\"g1-fluid-wrapper \" style=\"width:686px;\">\n<div style=\"padding-bottom:56.268221574344%;\"><iframe loading=\"lazy\" title=\"FOUNDATION mobile\u00ae Product Overview\" width=\"686\" height=\"386\" src=\"https:\/\/www.youtube.com\/embed\/7ILSQva3_H8?feature=oembed&amp;wmode=transparent&amp;autohide=1&amp;autoplay=0&amp;disablekb=0&amp;fs=1&amp;loop=0&amp;enablejsapi=1&amp;rel=0&amp;controls=2&amp;showinfo=0&amp;wmode=transparent&amp;autohide=2&amp;autoplay=0&amp;disablekb=0&amp;fs=1&amp;loop=0&amp;enablejsapi=1&amp;rel=0&amp;controls=2&amp;showinfo=1\" frameborder=\"0\" allow=\"accelerometer; autoplay; encrypted-media; gyroscope; picture-in-picture\" allowfullscreen><\/iframe><\/div>\n<\/div>\n<h3>FONDATION &#8211; CARATTERISTICHE<\/h3>\n<ul>\n<li><strong>Costi di lavoro<\/strong>: \u00e8 sufficiente creare budget dettagliati e potenti report sui costi dei lavori per una corretta gestione dei lavori<\/li>\n<li><strong>Libro paga<\/strong>: automatizza la gestione dei salari<\/li>\n<li><strong>Crediti<\/strong>: velocizza\u00a0i flussi di lavoro con pi\u00f9 formati di fatturazione.Libro mastro generale: traccia e gestisci con sicurezza e chiarezza il flusso di cassa<\/li>\n<li><strong>Rapporti:<\/strong> compila tutti i rapporti finanziari e contabili relativi alle tue esigenze di CPA in un&#8217;unica posizione, con un&#8217;interfaccia intuitiva<\/li>\n<li><strong>Programma di costruzione<\/strong>: gestisci le risorse, evita i conflitti e limita i ritardi dei progetti, per aiutarti a tenere traccia delle tue operazioni<\/li>\n<li><strong>Dashboard:<\/strong> accedi rapidamente a semplici grafici e diagrammi per una panoramica di alto livello dei dati della tua attivit\u00e0<\/li>\n<li><strong>Gestione del progetto<\/strong>: organizza i documenti, traccia e invia la corrispondenza e indirizza i tuoi lavori nella giusta direzione<\/li>\n<li><strong>Inventario<\/strong>: ottieni un monitoraggio dettagliato di ordini, quantit\u00e0, livelli di prezzo e posizioni per gestire le tue scorte<\/li>\n<li><strong>Tempo e materiale<\/strong>: ottieni spese di lavoro fatturabili, automatizza i markup e produce fatture dall&#8217;aspetto professionale<\/li>\n<li><strong>Monitoraggio delle attrezzature<\/strong>: tieni traccia dell&#8217;utilizzo delle attrezzature da costruzione, automatizza gli ordini di lavoro e calcola i profitti e gli ammortamenti<\/li>\n<\/ul>\n<h4>LE RECENSIONI DEGLI UTENTI<\/h4>\n<h5 class=\"font-weight-bold my-1 d-flex align-items-center\">Annette N.&#8221;Adoro il programma Fondation&#8221;<\/h5>\n<p><strong>Commenti: <\/strong>La funzione di contabilit\u00e0 in FONDATION \u00e8 cos\u00ec facile da usare &#8230; inserisci i dati e si occupa di tutto il resto. I rapporti che puoi stampare aiutano a risparmiare tempo e denaro dell&#8217;azienda, e tutto ci\u00f2 che devi fare \u00e8 premere Stampa. FONDATION ti consente anche di esportare il rapporto in un file Excel che puoi facilmente ordinare.<\/p>\n<p><strong>Vantaggi: <\/strong>Ogni aspetto di FOUNDATION \u00e8 intuitivo! Se riscontro problemi, il team di supporto \u00e8 straordinario. FOUNDATION si occupa di tutte le funzioni nel settore delle costruzioni, inclusa la conservazione dell&#8217;inventario per te, in modo da non dover passare l&#8217;intero weekend a scricchiolare i numeri. Non ho mai parlato con un team di supporto pi\u00f9 felice di quello che FONDAZIONE ha &#8230; scelgono e addestrano i loro dipendenti con la massima cura, e sono estremamente pazienti e accomodanti se non capisci dopo aver spiegato. Trascorrono il tempo necessario con te per aiutarti a comprendere ogni aspetto.<\/p>\n<p><strong>Inconvenienti: <\/strong>Ho avuto solo un esperienza in cui non sono riuscito a ottenere qualcosa dal software. Ecco ed \u00e8 stato aggiunto nel prossimo aggiornamento del software. FONDATION ascolta i propri clienti e apporta miglioramenti sulla base di tali suggerimenti.<\/p>\n<h4 class=\"font-weight-bold my-1 d-flex align-items-center\">Marc B.\u00a0&#8220;Ottima soluzione per le nostre esigenze&#8221;<\/h4>\n<p><strong>Commenti: <\/strong>Estremamente soddisfatto del prodotto. Molto funzionale e dall&#8217;ottimo rapporto qualit\u00e0-prezzo.<\/p>\n<p><strong>Vantaggi: <\/strong>L&#8217;interfaccia \u00e8 molto intuitiva e l&#8217;esecuzione di MS Query attraverso il database SQL consente numerosi report diversi.<\/p>\n<p><strong>Inconvenienti: <\/strong>Alcuni report integrati standard nel modulo buste paga non sono cos\u00ec completi.<\/p>\n<h4 class=\"font-weight-bold my-1 d-flex align-items-center\">Mendy R.\u00a0&#8220;Fondation&#8221;<\/h4>\n<p><strong>Commenti: <\/strong>L&#8217;esperienza complessiva \u00e8 stata buona dopo l&#8217;installazione iniziale. Una volta appreso il programma, \u00e8 stato facile navigare<\/p>\n<p><strong>Vantaggi: <\/strong>Il software era facile da usare dopo la formazione iniziale. gli allegati di fatturazione erano nuovi per noi, quindi \u00e8 stato molto utile.<\/p>\n<p><strong>Inconvenienti: <\/strong>I rapporti contenevano i dettagli di ci\u00f2 di cui avevo bisogno, ma quando cercavo di esportarli sono usciti illeggibili.<\/p>\n","protected":false},"excerpt":{"rendered":"<p>Foundation \u00e8 un software per la gestione edilizia\u00a0che offre una soluzione completamente integrata e flessibile per automatizzare la produzione e la gestione di informazioni finanziarie complesse e critiche nel settore delle costruzioni. Inoltre la soluzione \u00e8 basata su cloud e sono state create applicazioni per i dispositivi mobili per avere sempre a portata di mano questo programma efficiente.<\/p>\n","protected":false},"author":19,"featured_media":24927,"parent":0,"menu_order":0,"comment_status":"open","ping_status":"closed","template":"g1_template_page_review_new.php","meta":{"_acf_changed":false,"cwp_meta_box_check":"Yes","cwp_rev_product_name":"","cwp_rev_product_image":"","wppr_links":[],"cwp_rev_price":"","wppr_options":[],"wppr_pros":[],"wppr_cons":[],"_monsterinsights_skip_tracking":false,"_monsterinsights_sitenote_active":false,"_monsterinsights_sitenote_note":"","_monsterinsights_sitenote_category":0,"footnotes":""},"categories":[2459],"tags":[396,2460,2494,2496,2461,2495,2462],"features":[],"class_list":{"0":"post-24926","1":"page","2":"type-page","3":"status-publish","4":"has-post-thumbnail","6":"category-gestionale-per-edilizia-cat","7":"tag-cloud","8":"tag-construction-management-software","9":"tag-foundation","10":"tag-software-gestionale-per-costruzioni","11":"tag-software-gestionale-per-lediizia","12":"tag-soluzione-gestionale-per-costruzioni","13":"tag-soluzione-gestionale-per-ledilizia"},"wppr_data":{"cwp_meta_box_check":"Yes","cwp_rev_product_name":"","cwp_rev_product_image":"","cwp_image_link":"image","cwp_rev_price":"","wppr_rating":"0.00"},"acf":[],"yoast_head":"<!-- This site is optimized with the Yoast SEO plugin v27.4 - https:\/\/yoast.com\/product\/yoast-seo-wordpress\/ -->\n<title>Fondation: recensione software gestionale per edilizia - Accurate Reviews<\/title>\n<meta name=\"description\" content=\"Foundation: recensione software per la gestione edilizia\u00a0che offre una soluzione completamente integrata e flessibile per la tua azienda di costruzioni.\" \/>\n<meta name=\"robots\" content=\"index, follow, max-snippet:-1, max-image-preview:large, max-video-preview:-1\" \/>\n<link rel=\"canonical\" href=\"https:\/\/www.accuratereviews.com\/it\/foundation-recensione\/\" \/>\n<meta property=\"og:locale\" content=\"it_IT\" \/>\n<meta property=\"og:type\" content=\"article\" \/>\n<meta property=\"og:title\" content=\"Fondation: recensione software gestionale per edilizia - Accurate Reviews\" \/>\n<meta property=\"og:description\" content=\"Foundation: recensione software per la gestione edilizia\u00a0che offre una soluzione completamente integrata e flessibile per la tua azienda di costruzioni.\" \/>\n<meta property=\"og:url\" content=\"https:\/\/www.accuratereviews.com\/it\/foundation-recensione\/\" \/>\n<meta property=\"og:site_name\" content=\"Accurate Reviews\" \/>\n<meta property=\"article:modified_time\" content=\"2020-04-22T15:23:56+00:00\" \/>\n<meta property=\"og:image\" content=\"https:\/\/www.accuratereviews.com\/wp-content\/uploads\/2020\/04\/Foundation.png\" \/>\n\t<meta property=\"og:image:width\" content=\"900\" \/>\n\t<meta property=\"og:image:height\" content=\"500\" \/>\n\t<meta property=\"og:image:type\" content=\"image\/png\" \/>\n<meta name=\"twitter:card\" content=\"summary_large_image\" \/>\n<meta name=\"twitter:label1\" content=\"Tempo di lettura stimato\" \/>\n\t<meta name=\"twitter:data1\" content=\"3 minuti\" \/>\n<script type=\"application\/ld+json\" class=\"yoast-schema-graph\">{\"@context\":\"https:\\\/\\\/schema.org\",\"@graph\":[{\"@type\":\"WebPage\",\"@id\":\"https:\\\/\\\/www.accuratereviews.com\\\/it\\\/foundation-recensione\\\/\",\"url\":\"https:\\\/\\\/www.accuratereviews.com\\\/it\\\/foundation-recensione\\\/\",\"name\":\"Fondation: recensione software gestionale per edilizia - Accurate Reviews\",\"isPartOf\":{\"@id\":\"https:\\\/\\\/www.accuratereviews.com\\\/it\\\/#website\"},\"primaryImageOfPage\":{\"@id\":\"https:\\\/\\\/www.accuratereviews.com\\\/it\\\/foundation-recensione\\\/#primaryimage\"},\"image\":{\"@id\":\"https:\\\/\\\/www.accuratereviews.com\\\/it\\\/foundation-recensione\\\/#primaryimage\"},\"thumbnailUrl\":\"https:\\\/\\\/www.accuratereviews.com\\\/wp-content\\\/uploads\\\/2020\\\/04\\\/Foundation.png\",\"datePublished\":\"2020-04-01T11:53:14+00:00\",\"dateModified\":\"2020-04-22T15:23:56+00:00\",\"description\":\"Foundation: recensione software per la gestione edilizia\u00a0che offre una soluzione completamente integrata e flessibile per la tua azienda di costruzioni.\",\"breadcrumb\":{\"@id\":\"https:\\\/\\\/www.accuratereviews.com\\\/it\\\/foundation-recensione\\\/#breadcrumb\"},\"inLanguage\":\"it-IT\",\"potentialAction\":[{\"@type\":\"ReadAction\",\"target\":[\"https:\\\/\\\/www.accuratereviews.com\\\/it\\\/foundation-recensione\\\/\"]}]},{\"@type\":\"ImageObject\",\"inLanguage\":\"it-IT\",\"@id\":\"https:\\\/\\\/www.accuratereviews.com\\\/it\\\/foundation-recensione\\\/#primaryimage\",\"url\":\"https:\\\/\\\/www.accuratereviews.com\\\/wp-content\\\/uploads\\\/2020\\\/04\\\/Foundation.png\",\"contentUrl\":\"https:\\\/\\\/www.accuratereviews.com\\\/wp-content\\\/uploads\\\/2020\\\/04\\\/Foundation.png\",\"width\":900,\"height\":500},{\"@type\":\"BreadcrumbList\",\"@id\":\"https:\\\/\\\/www.accuratereviews.com\\\/it\\\/foundation-recensione\\\/#breadcrumb\",\"itemListElement\":[{\"@type\":\"ListItem\",\"position\":1,\"name\":\"Home\",\"item\":\"https:\\\/\\\/www.accuratereviews.com\\\/it\\\/\"},{\"@type\":\"ListItem\",\"position\":2,\"name\":\"Foundation\"}]},{\"@type\":\"WebSite\",\"@id\":\"https:\\\/\\\/www.accuratereviews.com\\\/it\\\/#website\",\"url\":\"https:\\\/\\\/www.accuratereviews.com\\\/it\\\/\",\"name\":\"Accurate Reviews\",\"description\":\"\",\"potentialAction\":[{\"@type\":\"SearchAction\",\"target\":{\"@type\":\"EntryPoint\",\"urlTemplate\":\"https:\\\/\\\/www.accuratereviews.com\\\/it\\\/?s={search_term_string}\"},\"query-input\":{\"@type\":\"PropertyValueSpecification\",\"valueRequired\":true,\"valueName\":\"search_term_string\"}}],\"inLanguage\":\"it-IT\"}]}<\/script>\n<!-- \/ Yoast SEO plugin. -->","yoast_head_json":{"title":"Fondation: recensione software gestionale per edilizia - Accurate Reviews","description":"Foundation: recensione software per la gestione edilizia\u00a0che offre una soluzione completamente integrata e flessibile per la tua azienda di costruzioni.","robots":{"index":"index","follow":"follow","max-snippet":"max-snippet:-1","max-image-preview":"max-image-preview:large","max-video-preview":"max-video-preview:-1"},"canonical":"https:\/\/www.accuratereviews.com\/it\/foundation-recensione\/","og_locale":"it_IT","og_type":"article","og_title":"Fondation: recensione software gestionale per edilizia - Accurate Reviews","og_description":"Foundation: recensione software per la gestione edilizia\u00a0che offre una soluzione completamente integrata e flessibile per la tua azienda di costruzioni.","og_url":"https:\/\/www.accuratereviews.com\/it\/foundation-recensione\/","og_site_name":"Accurate Reviews","article_modified_time":"2020-04-22T15:23:56+00:00","og_image":[{"width":900,"height":500,"url":"https:\/\/www.accuratereviews.com\/wp-content\/uploads\/2020\/04\/Foundation.png","type":"image\/png"}],"twitter_card":"summary_large_image","twitter_misc":{"Tempo di lettura stimato":"3 minuti"},"schema":{"@context":"https:\/\/schema.org","@graph":[{"@type":"WebPage","@id":"https:\/\/www.accuratereviews.com\/it\/foundation-recensione\/","url":"https:\/\/www.accuratereviews.com\/it\/foundation-recensione\/","name":"Fondation: recensione software gestionale per edilizia - Accurate Reviews","isPartOf":{"@id":"https:\/\/www.accuratereviews.com\/it\/#website"},"primaryImageOfPage":{"@id":"https:\/\/www.accuratereviews.com\/it\/foundation-recensione\/#primaryimage"},"image":{"@id":"https:\/\/www.accuratereviews.com\/it\/foundation-recensione\/#primaryimage"},"thumbnailUrl":"https:\/\/www.accuratereviews.com\/wp-content\/uploads\/2020\/04\/Foundation.png","datePublished":"2020-04-01T11:53:14+00:00","dateModified":"2020-04-22T15:23:56+00:00","description":"Foundation: recensione software per la gestione edilizia\u00a0che offre una soluzione completamente integrata e flessibile per la tua azienda di costruzioni.","breadcrumb":{"@id":"https:\/\/www.accuratereviews.com\/it\/foundation-recensione\/#breadcrumb"},"inLanguage":"it-IT","potentialAction":[{"@type":"ReadAction","target":["https:\/\/www.accuratereviews.com\/it\/foundation-recensione\/"]}]},{"@type":"ImageObject","inLanguage":"it-IT","@id":"https:\/\/www.accuratereviews.com\/it\/foundation-recensione\/#primaryimage","url":"https:\/\/www.accuratereviews.com\/wp-content\/uploads\/2020\/04\/Foundation.png","contentUrl":"https:\/\/www.accuratereviews.com\/wp-content\/uploads\/2020\/04\/Foundation.png","width":900,"height":500},{"@type":"BreadcrumbList","@id":"https:\/\/www.accuratereviews.com\/it\/foundation-recensione\/#breadcrumb","itemListElement":[{"@type":"ListItem","position":1,"name":"Home","item":"https:\/\/www.accuratereviews.com\/it\/"},{"@type":"ListItem","position":2,"name":"Foundation"}]},{"@type":"WebSite","@id":"https:\/\/www.accuratereviews.com\/it\/#website","url":"https:\/\/www.accuratereviews.com\/it\/","name":"Accurate Reviews","description":"","potentialAction":[{"@type":"SearchAction","target":{"@type":"EntryPoint","urlTemplate":"https:\/\/www.accuratereviews.com\/it\/?s={search_term_string}"},"query-input":{"@type":"PropertyValueSpecification","valueRequired":true,"valueName":"search_term_string"}}],"inLanguage":"it-IT"}]}},"_links":{"self":[{"href":"https:\/\/www.accuratereviews.com\/it\/wp-json\/wp\/v2\/pages\/24926","targetHints":{"allow":["GET"]}}],"collection":[{"href":"https:\/\/www.accuratereviews.com\/it\/wp-json\/wp\/v2\/pages"}],"about":[{"href":"https:\/\/www.accuratereviews.com\/it\/wp-json\/wp\/v2\/types\/page"}],"author":[{"embeddable":true,"href":"https:\/\/www.accuratereviews.com\/it\/wp-json\/wp\/v2\/users\/19"}],"replies":[{"embeddable":true,"href":"https:\/\/www.accuratereviews.com\/it\/wp-json\/wp\/v2\/comments?post=24926"}],"version-history":[{"count":5,"href":"https:\/\/www.accuratereviews.com\/it\/wp-json\/wp\/v2\/pages\/24926\/revisions"}],"predecessor-version":[{"id":25604,"href":"https:\/\/www.accuratereviews.com\/it\/wp-json\/wp\/v2\/pages\/24926\/revisions\/25604"}],"wp:featuredmedia":[{"embeddable":true,"href":"https:\/\/www.accuratereviews.com\/it\/wp-json\/wp\/v2\/media\/24927"}],"wp:attachment":[{"href":"https:\/\/www.accuratereviews.com\/it\/wp-json\/wp\/v2\/media?parent=24926"}],"wp:term":[{"taxonomy":"category","embeddable":true,"href":"https:\/\/www.accuratereviews.com\/it\/wp-json\/wp\/v2\/categories?post=24926"},{"taxonomy":"post_tag","embeddable":true,"href":"https:\/\/www.accuratereviews.com\/it\/wp-json\/wp\/v2\/tags?post=24926"},{"taxonomy":"features","embeddable":true,"href":"https:\/\/www.accuratereviews.com\/it\/wp-json\/wp\/v2\/features?post=24926"}],"curies":[{"name":"wp","href":"https:\/\/api.w.org\/{rel}","templated":true}]}}