{"id":24975,"date":"2020-04-02T09:54:16","date_gmt":"2020-04-02T09:54:16","guid":{"rendered":"https:\/\/www.accuratereviews.com\/?page_id=24975"},"modified":"2020-04-02T09:54:55","modified_gmt":"2020-04-02T09:54:55","slug":"accubuild-recensione","status":"publish","type":"page","link":"https:\/\/www.accuratereviews.com\/it\/accubuild-recensione\/","title":{"rendered":"AccuBuild"},"content":{"rendered":"<p>La <strong>soluzione di gestione dell&#8217;edilizia<\/strong> di <strong>AccuBuild<\/strong> \u00e8 una suite di software basata su <strong>cloud<\/strong> completamente integrata progettata per aiutare gli appaltatori generali e i subappaltatori specializzati di qualsiasi dimensione a standardizzare e automatizzare i processi finanziari, operativi e della forza lavoro.\u00a0La contabilit\u00e0, la gestione dei progetti, la conservazione dei documenti e le applicazioni mobili sul campo di <strong>AccuBuild<\/strong> rendono questa soluzione completa e efficente. Con <strong>AccuBuild Analytics<\/strong> avrai report dettagliati sull&#8217;andamento e i costi di ogni singolo lavoro. \u00c8 possibile accedere alla piattaforma su pi\u00f9 dispositivi utilizzando i sistemi operativi Windows, Apple o Android.<\/p>\n<h2>ACCUBUILD &#8211; TUTORIAL<\/h2>\n<p>Ecco un tutorial in cui spiega in breve le principali funzioni di questo <strong>software gestionale per l&#8217;edilizia<\/strong>:<\/p>\n<div id=\"fluid-wrapper-counter-1\" class=\"g1-fluid-wrapper \" style=\"width:686px;\">\n<div style=\"padding-bottom:56.268221574344%;\"><iframe loading=\"lazy\" title=\"AccuBuild Construction Software Overview Demo\" width=\"686\" height=\"386\" src=\"https:\/\/www.youtube.com\/embed\/UGqnko4dZCM?feature=oembed&amp;wmode=transparent&amp;autohide=1&amp;autoplay=0&amp;disablekb=0&amp;fs=1&amp;loop=0&amp;enablejsapi=1&amp;rel=0&amp;controls=2&amp;showinfo=0&amp;wmode=transparent&amp;autohide=2&amp;autoplay=0&amp;disablekb=0&amp;fs=1&amp;loop=0&amp;enablejsapi=1&amp;rel=0&amp;controls=2&amp;showinfo=1\" frameborder=\"0\" allow=\"accelerometer; autoplay; encrypted-media; gyroscope; picture-in-picture\" allowfullscreen><\/iframe><\/div>\n<\/div>\n<h3>ACCUBUILD &#8211; CARATTERISTICHE<\/h3>\n<p>Ecco alcune funzionalit\u00e0:<\/p>\n<ul>\n<li>Crea e monitora RFI, COR, CO, presentazioni, rapporti giornalieri, verbali delle riunioni, chiusura di progetti e molto altro<\/li>\n<li>Gestisci le attivit\u00e0 quotidiane e gli eventi del calendario e sincronizza gli elementi con Outlook<\/li>\n<li>Crea cartelle di documenti illimitate per l&#8217;archiviazione di qualsiasi file digitale, ad esempio: MS Word, MS Excel pdf e scansioni<\/li>\n<li>Copia il verbale della riunione del giorno precedente<\/li>\n<li>Crea un modello di lavoro con strutture e file di cartelle predefiniti per la copia in nuovi progetti<\/li>\n<li>Le dashboard forniscono grafici che mostrano gli elementi eccezionali per singolo progetto o tutti i progetti<\/li>\n<li>Copia i rapporti giornalieri del giorno precedente<\/li>\n<li>Moduli personalizzabili<\/li>\n<li>Crea team di progetto da contatti esistenti<\/li>\n<li>Categorie, specifiche, piani degli edifici e stanze definiti dall&#8217;utente<\/li>\n<li>Integrazione completa con MS Office<\/li>\n<li>Esporta registri in Excel<\/li>\n<li>Crea campi definiti dall&#8217;utente per tenere traccia delle informazioni personalizzate nei registri<\/li>\n<li>Visualizzazioni registro personalizzabili<\/li>\n<li>Ordina, filtra e raggruppa per qualsiasi campo di registro<\/li>\n<li>Imposta i costi stimati e le informazioni di fatturazione con dettagli illimitati<\/li>\n<li>Le fatturazioni possono essere basate su percentuale, importo completo o unit\u00e0 complete<\/li>\n<li>Crea un elenco personalizzato di categorie di costo da utilizzare su tutti i lavori<\/li>\n<\/ul>\n<h4>LE RECENSIONI DEGLI UTENTI<\/h4>\n<h4 class=\"font-weight-bold my-1 d-flex align-items-center\">Wayne K.\u00a0&#8220;Facile utilizzare, software completo per gli appaltatori&#8221;<\/h4>\n<p><strong>Commenti: <\/strong>Elaborazione che comprende tutto per tutte le funzioni contabili e rapporti dettagliati per i lavori.<\/p>\n<p><strong>Vantaggi: <\/strong>Oltre ad avere i dettagli dei costi disponibili nel foglio dei costi dei lavori, mi piace in particolare che puoi inviare rapporti per eccellere oltre alle stampe in pdf.<\/p>\n<p><strong>Inconvenienti: <\/strong>Sebbene i report Excel siano ci\u00f2 che mi piace di pi\u00f9, affermer\u00f2 che anche questo fa parte dell&#8217;essere il minimo (poich\u00e9 mi piace la maggior parte di AccuBuild) poich\u00e9 molti report devono essere formattati correttamente poich\u00e9 i dati saranno in colonne diverse in tutto il rapporto.<\/p>\n<h4 class=\"font-weight-bold my-1 d-flex align-items-center\">Paul F.\u00a0&#8220;L&#8217;UNICO software di contabilit\u00e0 realmente progettato per funzionare con i subappaltatori per la costruzione di nuove abitazioni&#8221;<\/h4>\n<p><strong>Commenti: <\/strong>Un buon rapporto qualit\u00e0-prezzo, un supporto decente per gli utenti, un&#8217;eccellente adattabilit\u00e0 per i subappaltatori, potrebbe essere migliore nei rapporti, nell&#8217;iscrizione alla contabilit\u00e0 generale e nel pagamento delle fatture con carte di credito.<\/p>\n<p><strong>Vantaggi: <\/strong>Se lavori nel mercato delle costruzioni di case nuove e ti occupi di &#8220;opzioni dell&#8217;acquirente&#8221; devi acquistare questo pacchetto. \u00c8 l&#8217;unico pacchetto software che ho visto che si rivolge alle opzioni dell&#8217;acquirente.<\/p>\n<p><strong>Inconvenienti: <\/strong>Il software \u00e8 almeno in parte progettato per funzionare anche con general contractor e costruttori, quindi in alcuni casi ha qualche problema ad incrociarsi con i subappaltatori. Tuttavia, nel complesso \u00e8 il miglior pacchetto orientato al subappaltatore che ho visto sul mercato e il prezzo \u00e8 molto interessante.<\/p>\n<h5 class=\"font-weight-bold my-1 d-flex align-items-center\">Pam R. &#8220;Il progetto che mi \u00e8 stato assegnato, utilizziamo AccuBuild su un grande contratto per la realizzazione di autostrada e ponte&#8221;.<\/h5>\n<p><strong>Commenti: <\/strong>Vengo da un ambiente QuickBooks, quindi questo software \u00e8 molto pi\u00f9 orientato ai dettagli. L&#8217;instradamento dei documenti \u00e8 fantastico e anche molti report sono in grado di eseguire il drill-down per visualizzare il documento.<\/p>\n<p><strong>Vantaggi: <\/strong>Di facile utilizzo. Il supporto \u00e8 rapido ed efficiente. Il routing dei documenti \u00e8 fantastico e riduce i documenti e i file cartacei in ufficio. Facciamo parte del team di implementazione, quindi possiamo condividere idee e richieste. Essere in grado di esportare informazioni in pdf e \/ o Excel \u00e8 un vantaggio.<\/p>\n<p><strong>Inconvenienti: <\/strong>Non ci sono molti contro, specialmente se si fa parte del team di implementazione. Occasionalmente ci sono dei problemi, ma ci\u00f2 pu\u00f2 essere causato dalla nostra connessione Internet.<\/p>\n","protected":false},"excerpt":{"rendered":"<p>La soluzione di gestione dell&#8217;edilizia di AccuBuild \u00e8 una suite di software basata su cloud completamente integrata progettata per aiutare gli appaltatori generali e i subappaltatori specializzati di qualsiasi dimensione a standardizzare e automatizzare i processi finanziari, operativi e della forza lavoro.\u00a0<\/p>\n","protected":false},"author":19,"featured_media":24976,"parent":0,"menu_order":0,"comment_status":"open","ping_status":"closed","template":"g1_template_page_review_new.php","meta":{"_acf_changed":false,"cwp_meta_box_check":"Yes","cwp_rev_product_name":"","cwp_rev_product_image":"","wppr_links":[],"cwp_rev_price":"","wppr_options":[],"wppr_pros":[],"wppr_cons":[],"_monsterinsights_skip_tracking":false,"_monsterinsights_sitenote_active":false,"_monsterinsights_sitenote_note":"","_monsterinsights_sitenote_category":0,"footnotes":""},"categories":[2459],"tags":[2505,396,2460,2506,2473,2496,2461,2495,2462],"features":[],"class_list":{"0":"post-24975","1":"page","2":"type-page","3":"status-publish","4":"has-post-thumbnail","6":"category-gestionale-per-edilizia-cat","7":"tag-accubuild","8":"tag-cloud","9":"tag-construction-management-software","10":"tag-programma-gestionale-per-costruzioni","11":"tag-programma-gestionale-per-ledilizia","12":"tag-software-gestionale-per-costruzioni","13":"tag-software-gestionale-per-lediizia","14":"tag-soluzione-gestionale-per-costruzioni","15":"tag-soluzione-gestionale-per-ledilizia"},"wppr_data":{"cwp_meta_box_check":"Yes","cwp_rev_product_name":"","cwp_rev_product_image":"","cwp_image_link":"image","cwp_rev_price":"","wppr_rating":"0.00"},"acf":[],"yoast_head":"<!-- This site is optimized with the Yoast SEO plugin v27.4 - https:\/\/yoast.com\/product\/yoast-seo-wordpress\/ -->\n<title>AccuBuild: recensine software gestionale per edilizia - Accurate Reviews<\/title>\n<meta name=\"description\" content=\"AccuBuild: recensione software di gestione dell&#039;edilizia completo che\u00a0offre soluzioni end-to-end progettate per applicazioni web.\" \/>\n<meta name=\"robots\" content=\"index, follow, max-snippet:-1, max-image-preview:large, max-video-preview:-1\" \/>\n<link rel=\"canonical\" href=\"https:\/\/www.accuratereviews.com\/it\/accubuild-recensione\/\" \/>\n<meta property=\"og:locale\" content=\"it_IT\" \/>\n<meta property=\"og:type\" content=\"article\" \/>\n<meta property=\"og:title\" content=\"AccuBuild: recensine software gestionale per edilizia - Accurate Reviews\" \/>\n<meta property=\"og:description\" content=\"AccuBuild: recensione software di gestione dell&#039;edilizia completo che\u00a0offre soluzioni end-to-end progettate per applicazioni web.\" \/>\n<meta property=\"og:url\" content=\"https:\/\/www.accuratereviews.com\/it\/accubuild-recensione\/\" \/>\n<meta property=\"og:site_name\" content=\"Accurate Reviews\" \/>\n<meta property=\"article:modified_time\" content=\"2020-04-02T09:54:55+00:00\" \/>\n<meta property=\"og:image\" content=\"https:\/\/www.accuratereviews.com\/wp-content\/uploads\/2020\/04\/Accubuild_AB_Logo_Horizontal_RGB.png\" \/>\n\t<meta property=\"og:image:width\" content=\"1643\" \/>\n\t<meta property=\"og:image:height\" content=\"296\" \/>\n\t<meta property=\"og:image:type\" content=\"image\/png\" \/>\n<meta name=\"twitter:card\" content=\"summary_large_image\" \/>\n<meta name=\"twitter:label1\" content=\"Tempo di lettura stimato\" \/>\n\t<meta name=\"twitter:data1\" content=\"3 minuti\" \/>\n<script type=\"application\/ld+json\" class=\"yoast-schema-graph\">{\"@context\":\"https:\\\/\\\/schema.org\",\"@graph\":[{\"@type\":\"WebPage\",\"@id\":\"https:\\\/\\\/www.accuratereviews.com\\\/it\\\/accubuild-recensione\\\/\",\"url\":\"https:\\\/\\\/www.accuratereviews.com\\\/it\\\/accubuild-recensione\\\/\",\"name\":\"AccuBuild: recensine software gestionale per edilizia - Accurate Reviews\",\"isPartOf\":{\"@id\":\"https:\\\/\\\/www.accuratereviews.com\\\/it\\\/#website\"},\"primaryImageOfPage\":{\"@id\":\"https:\\\/\\\/www.accuratereviews.com\\\/it\\\/accubuild-recensione\\\/#primaryimage\"},\"image\":{\"@id\":\"https:\\\/\\\/www.accuratereviews.com\\\/it\\\/accubuild-recensione\\\/#primaryimage\"},\"thumbnailUrl\":\"https:\\\/\\\/www.accuratereviews.com\\\/wp-content\\\/uploads\\\/2020\\\/04\\\/Accubuild_AB_Logo_Horizontal_RGB.png\",\"datePublished\":\"2020-04-02T09:54:16+00:00\",\"dateModified\":\"2020-04-02T09:54:55+00:00\",\"description\":\"AccuBuild: recensione software di gestione dell'edilizia completo che\u00a0offre soluzioni end-to-end progettate per applicazioni web.\",\"breadcrumb\":{\"@id\":\"https:\\\/\\\/www.accuratereviews.com\\\/it\\\/accubuild-recensione\\\/#breadcrumb\"},\"inLanguage\":\"it-IT\",\"potentialAction\":[{\"@type\":\"ReadAction\",\"target\":[\"https:\\\/\\\/www.accuratereviews.com\\\/it\\\/accubuild-recensione\\\/\"]}]},{\"@type\":\"ImageObject\",\"inLanguage\":\"it-IT\",\"@id\":\"https:\\\/\\\/www.accuratereviews.com\\\/it\\\/accubuild-recensione\\\/#primaryimage\",\"url\":\"https:\\\/\\\/www.accuratereviews.com\\\/wp-content\\\/uploads\\\/2020\\\/04\\\/Accubuild_AB_Logo_Horizontal_RGB.png\",\"contentUrl\":\"https:\\\/\\\/www.accuratereviews.com\\\/wp-content\\\/uploads\\\/2020\\\/04\\\/Accubuild_AB_Logo_Horizontal_RGB.png\",\"width\":1643,\"height\":296},{\"@type\":\"BreadcrumbList\",\"@id\":\"https:\\\/\\\/www.accuratereviews.com\\\/it\\\/accubuild-recensione\\\/#breadcrumb\",\"itemListElement\":[{\"@type\":\"ListItem\",\"position\":1,\"name\":\"Home\",\"item\":\"https:\\\/\\\/www.accuratereviews.com\\\/it\\\/\"},{\"@type\":\"ListItem\",\"position\":2,\"name\":\"AccuBuild\"}]},{\"@type\":\"WebSite\",\"@id\":\"https:\\\/\\\/www.accuratereviews.com\\\/it\\\/#website\",\"url\":\"https:\\\/\\\/www.accuratereviews.com\\\/it\\\/\",\"name\":\"Accurate Reviews\",\"description\":\"\",\"potentialAction\":[{\"@type\":\"SearchAction\",\"target\":{\"@type\":\"EntryPoint\",\"urlTemplate\":\"https:\\\/\\\/www.accuratereviews.com\\\/it\\\/?s={search_term_string}\"},\"query-input\":{\"@type\":\"PropertyValueSpecification\",\"valueRequired\":true,\"valueName\":\"search_term_string\"}}],\"inLanguage\":\"it-IT\"}]}<\/script>\n<!-- \/ Yoast SEO plugin. -->","yoast_head_json":{"title":"AccuBuild: recensine software gestionale per edilizia - Accurate Reviews","description":"AccuBuild: recensione software di gestione dell'edilizia completo che\u00a0offre soluzioni end-to-end progettate per applicazioni web.","robots":{"index":"index","follow":"follow","max-snippet":"max-snippet:-1","max-image-preview":"max-image-preview:large","max-video-preview":"max-video-preview:-1"},"canonical":"https:\/\/www.accuratereviews.com\/it\/accubuild-recensione\/","og_locale":"it_IT","og_type":"article","og_title":"AccuBuild: recensine software gestionale per edilizia - Accurate Reviews","og_description":"AccuBuild: recensione software di gestione dell'edilizia completo che\u00a0offre soluzioni end-to-end progettate per applicazioni web.","og_url":"https:\/\/www.accuratereviews.com\/it\/accubuild-recensione\/","og_site_name":"Accurate Reviews","article_modified_time":"2020-04-02T09:54:55+00:00","og_image":[{"width":1643,"height":296,"url":"https:\/\/www.accuratereviews.com\/wp-content\/uploads\/2020\/04\/Accubuild_AB_Logo_Horizontal_RGB.png","type":"image\/png"}],"twitter_card":"summary_large_image","twitter_misc":{"Tempo di lettura stimato":"3 minuti"},"schema":{"@context":"https:\/\/schema.org","@graph":[{"@type":"WebPage","@id":"https:\/\/www.accuratereviews.com\/it\/accubuild-recensione\/","url":"https:\/\/www.accuratereviews.com\/it\/accubuild-recensione\/","name":"AccuBuild: recensine software gestionale per edilizia - Accurate Reviews","isPartOf":{"@id":"https:\/\/www.accuratereviews.com\/it\/#website"},"primaryImageOfPage":{"@id":"https:\/\/www.accuratereviews.com\/it\/accubuild-recensione\/#primaryimage"},"image":{"@id":"https:\/\/www.accuratereviews.com\/it\/accubuild-recensione\/#primaryimage"},"thumbnailUrl":"https:\/\/www.accuratereviews.com\/wp-content\/uploads\/2020\/04\/Accubuild_AB_Logo_Horizontal_RGB.png","datePublished":"2020-04-02T09:54:16+00:00","dateModified":"2020-04-02T09:54:55+00:00","description":"AccuBuild: recensione software di gestione dell'edilizia completo che\u00a0offre soluzioni end-to-end progettate per applicazioni web.","breadcrumb":{"@id":"https:\/\/www.accuratereviews.com\/it\/accubuild-recensione\/#breadcrumb"},"inLanguage":"it-IT","potentialAction":[{"@type":"ReadAction","target":["https:\/\/www.accuratereviews.com\/it\/accubuild-recensione\/"]}]},{"@type":"ImageObject","inLanguage":"it-IT","@id":"https:\/\/www.accuratereviews.com\/it\/accubuild-recensione\/#primaryimage","url":"https:\/\/www.accuratereviews.com\/wp-content\/uploads\/2020\/04\/Accubuild_AB_Logo_Horizontal_RGB.png","contentUrl":"https:\/\/www.accuratereviews.com\/wp-content\/uploads\/2020\/04\/Accubuild_AB_Logo_Horizontal_RGB.png","width":1643,"height":296},{"@type":"BreadcrumbList","@id":"https:\/\/www.accuratereviews.com\/it\/accubuild-recensione\/#breadcrumb","itemListElement":[{"@type":"ListItem","position":1,"name":"Home","item":"https:\/\/www.accuratereviews.com\/it\/"},{"@type":"ListItem","position":2,"name":"AccuBuild"}]},{"@type":"WebSite","@id":"https:\/\/www.accuratereviews.com\/it\/#website","url":"https:\/\/www.accuratereviews.com\/it\/","name":"Accurate Reviews","description":"","potentialAction":[{"@type":"SearchAction","target":{"@type":"EntryPoint","urlTemplate":"https:\/\/www.accuratereviews.com\/it\/?s={search_term_string}"},"query-input":{"@type":"PropertyValueSpecification","valueRequired":true,"valueName":"search_term_string"}}],"inLanguage":"it-IT"}]}},"_links":{"self":[{"href":"https:\/\/www.accuratereviews.com\/it\/wp-json\/wp\/v2\/pages\/24975","targetHints":{"allow":["GET"]}}],"collection":[{"href":"https:\/\/www.accuratereviews.com\/it\/wp-json\/wp\/v2\/pages"}],"about":[{"href":"https:\/\/www.accuratereviews.com\/it\/wp-json\/wp\/v2\/types\/page"}],"author":[{"embeddable":true,"href":"https:\/\/www.accuratereviews.com\/it\/wp-json\/wp\/v2\/users\/19"}],"replies":[{"embeddable":true,"href":"https:\/\/www.accuratereviews.com\/it\/wp-json\/wp\/v2\/comments?post=24975"}],"version-history":[{"count":7,"href":"https:\/\/www.accuratereviews.com\/it\/wp-json\/wp\/v2\/pages\/24975\/revisions"}],"predecessor-version":[{"id":25612,"href":"https:\/\/www.accuratereviews.com\/it\/wp-json\/wp\/v2\/pages\/24975\/revisions\/25612"}],"wp:featuredmedia":[{"embeddable":true,"href":"https:\/\/www.accuratereviews.com\/it\/wp-json\/wp\/v2\/media\/24976"}],"wp:attachment":[{"href":"https:\/\/www.accuratereviews.com\/it\/wp-json\/wp\/v2\/media?parent=24975"}],"wp:term":[{"taxonomy":"category","embeddable":true,"href":"https:\/\/www.accuratereviews.com\/it\/wp-json\/wp\/v2\/categories?post=24975"},{"taxonomy":"post_tag","embeddable":true,"href":"https:\/\/www.accuratereviews.com\/it\/wp-json\/wp\/v2\/tags?post=24975"},{"taxonomy":"features","embeddable":true,"href":"https:\/\/www.accuratereviews.com\/it\/wp-json\/wp\/v2\/features?post=24975"}],"curies":[{"name":"wp","href":"https:\/\/api.w.org\/{rel}","templated":true}]}}