{"id":24997,"date":"2020-04-03T10:56:41","date_gmt":"2020-04-03T10:56:41","guid":{"rendered":"https:\/\/www.accuratereviews.com\/?page_id=24997"},"modified":"2020-04-03T10:56:41","modified_gmt":"2020-04-03T10:56:41","slug":"corecon-recensione","status":"publish","type":"page","link":"https:\/\/www.accuratereviews.com\/it\/corecon-recensione\/","title":{"rendered":"Corecon"},"content":{"rendered":"<p><strong>Corecon<\/strong> \u00e8 una <strong>piattaforma di gestione edilizia<\/strong> basata su <strong>cloud<\/strong> per la stima, la gestione dei progetti, il controllo dei costi del lavoro, la pianificazione e la collaborazione. La soluzione completa include dashboard direzionali che offrono visibilit\u00e0 in ogni aspetto del progetto, che si tratti di compiti, documenti o dati finanziari.\u00a0Questa suite di software basata su browser include moduli per tracciamento di lead e progetti, stima, gestione delle offerte dei fornitori, amministrazione dei contratti, approvvigionamento, tracciamento dei tempi, corrispondenza, documentazione e pianificazione. Le procedure guidate integrate automatizzano attivit\u00e0 complesse come il trasferimento di informazioni di stima per la creazione di codici di costo, contratti, budget e OP \u00a0risparmiando tempo prezioso alla gestione dei progetti e alla contabilit\u00e0. Gli avvisi e i calendari di ciascun modulo possono anche garantire che nulla vada perso.<\/p>\n<h2>CORECON &#8211; TUTORIAL<\/h2>\n<p>Il tutorial che segue mostra le principali funzioni di questo <strong>software gestionale per l&#8217;edilizia<\/strong>:<\/p>\n<div id=\"fluid-wrapper-counter-1\" class=\"g1-fluid-wrapper \" style=\"width:686px;\">\n<div style=\"padding-bottom:56.268221574344%;\"><iframe loading=\"lazy\" title=\"Corecon v8 Features Overview\" width=\"686\" height=\"386\" src=\"https:\/\/www.youtube.com\/embed\/Px29Yw-QERU?feature=oembed&amp;wmode=transparent&amp;autohide=1&amp;autoplay=0&amp;disablekb=0&amp;fs=1&amp;loop=0&amp;enablejsapi=1&amp;rel=0&amp;controls=2&amp;showinfo=0&amp;wmode=transparent&amp;autohide=2&amp;autoplay=0&amp;disablekb=0&amp;fs=1&amp;loop=0&amp;enablejsapi=1&amp;rel=0&amp;controls=2&amp;showinfo=1\" frameborder=\"0\" allow=\"accelerometer; autoplay; encrypted-media; gyroscope; picture-in-picture\" allowfullscreen><\/iframe><\/div>\n<\/div>\n<h3>CORECON &#8211; CARATTERISTICHE<\/h3>\n<ul>\n<li>Crea una Lead Directory per documentare i principali soggetti (ovvero proprietario, architetto) coinvolti nell&#8217;opportunit\u00e0<\/li>\n<li>Classifica i contatti per soddisfare le tue esigenze<\/li>\n<li>Tieni traccia dello stato di ciascun lead documentando le date e gli orari delle offerte sul calendario e attraverso fasi definite dall&#8217;utente. Condividi questi dati con il tuo team per analisi critiche future<\/li>\n<li>Trasferisci tutte le informazioni correlate come specifiche, disegni e stime, consentendo al personale di gestione e contabilit\u00e0 del progetto di andare avanti con il propio lavoro<\/li>\n<li>Crea, accedi e cerca i contatti in qualsiasi momento dal cantiere \u00a0o dall&#8217;ufficio utilizzando la soluzione cloud o l&#8217;app Android e iOS gratuita su qualsiasi dispositivo abilitato a Internet<\/li>\n<li>Carica rapidamente disegni e documenti in vari formati<\/li>\n<li>Utilizza il visualizzatore di documenti e lo strumento di markup avanzato per evidenziare le aree di interesse e aggiungere note a piani, immagini e documenti<\/li>\n<li>Collega i file dei piani e delle specifiche all&#8217;ITB consentendo ai subappaltatori e ai fornitori di prendere una decisione informata in base all&#8217;ultimo ambito di lavoro<\/li>\n<li>Sviluppa rapidamente un elenco di potenziali offerenti per un&#8217;imminente opportunit\u00e0 di lavoro importando da un elenco standard o opportunit\u00e0 precedenti risparmiando tempo prezioso<\/li>\n<\/ul>\n<h4>LE RECENSIONI DEGLI UTENTI<\/h4>\n<h4 class=\"font-weight-bold my-1 d-flex align-items-center\">Thereasa S.\u00a0&#8220;Ottimo prodotto per le piccole imprese&#8221;<\/h4>\n<p><strong>Commenti: <\/strong>Nel complesso, siamo stati molto soddisfatti di Corecon e del loro supporto clienti. Il prodotto funziona bene.<\/p>\n<p><strong>Vantaggi: <\/strong>L&#8217;assistenza clienti \u00e8 di prim&#8217;ordine. Ci sono un sacco di tutorial e webinar settimanali e anche la disponibilit\u00e0 per l&#8217;acquisto di uno su un supporto. Esiste molta versatilit\u00e0 per soddisfare le esigenze della tua azienda ed \u00e8 uno dei pochi prodotti software di gestione dei progetti di costruzione disponibili per le aziende pi\u00f9 piccole.<\/p>\n<p><strong>Inconvenienti: <\/strong>Non particolarmente intuitivo da usare. L&#8217;installazione \u00e8 lunga e pu\u00f2 essere complicata.<\/p>\n<h5 class=\"font-weight-bold my-1 d-flex align-items-center\">Jesse W.\u00a0&#8220;Corecon \u00e8 potente.&#8221;<\/h5>\n<p><strong>Commenti: <\/strong>Il miglior rapporto qualit\u00e0-prezzo se sei disposto a dedicare il tempo alla sua impostazione.<\/p>\n<p><strong>Vantaggi: <\/strong>Funziona con Quick Books e dispone di ottimi strumenti PM, dalla stima al completamento del progetto.<\/p>\n<p><strong>Inconvenienti: <\/strong>La nuova interfaccia \u00e8 un po &#8216;confusa, ha cercato di essere pi\u00f9 amichevole e carina, ma in realt\u00e0 ha reso pi\u00f9 difficile la navigazione.<\/p>\n<h4 class=\"font-weight-bold my-1 d-flex align-items-center\">Edward N.\u00a0&#8220;Software di gestione del progetto&#8221;<\/h4>\n<p><strong>Vantaggi: <\/strong>\u00c8 stato completo. Ha gestito 4 grandi progetti contemporaneamente. I miei subappaltatori avevano accesso a ci\u00f2 che volevo loro.<\/p>\n<p><strong>Inconvenienti: <\/strong>\u00c8 lungo e impegnativo da imparare. Ci deve essere un&#8217;assegnazione giornaliera. Se non lo usi quotidianamente perderai il know how.<\/p>\n<p>&nbsp;<\/p>\n","protected":false},"excerpt":{"rendered":"<p>Corecon \u00e8 una piattaforma di gestione edilizia\u00a0 basata su cloud per la stima, la gestione dei progetti, il controllo dei costi del lavoro, la pianificazione e la collaborazione. La soluzione completa include dashboard direzionali che offrono visibilit\u00e0 in ogni aspetto del progetto, che si tratti di compiti, documenti o dati finanziari.<\/p>\n","protected":false},"author":19,"featured_media":25000,"parent":0,"menu_order":0,"comment_status":"open","ping_status":"closed","template":"g1_template_page_review_new.php","meta":{"_acf_changed":false,"cwp_meta_box_check":"Yes","cwp_rev_product_name":"","cwp_rev_product_image":"","wppr_links":[],"cwp_rev_price":"","wppr_options":[],"wppr_pros":[],"wppr_cons":[],"_monsterinsights_skip_tracking":false,"_monsterinsights_sitenote_active":false,"_monsterinsights_sitenote_note":"","_monsterinsights_sitenote_category":0,"footnotes":""},"categories":[2459],"tags":[396,2460,2508,2485,2496,2461,2495,2462],"features":[],"class_list":{"0":"post-24997","1":"page","2":"type-page","3":"status-publish","4":"has-post-thumbnail","6":"category-gestionale-per-edilizia-cat","7":"tag-cloud","8":"tag-construction-management-software","9":"tag-corecon","10":"tag-piattaforma-gestionale-per-edilizia","11":"tag-software-gestionale-per-costruzioni","12":"tag-software-gestionale-per-lediizia","13":"tag-soluzione-gestionale-per-costruzioni","14":"tag-soluzione-gestionale-per-ledilizia"},"wppr_data":{"cwp_meta_box_check":"Yes","cwp_rev_product_name":"","cwp_rev_product_image":"","cwp_image_link":"image","cwp_rev_price":"","wppr_rating":"0.00"},"acf":[],"yoast_head":"<!-- This site is optimized with the Yoast SEO plugin v27.4 - https:\/\/yoast.com\/product\/yoast-seo-wordpress\/ -->\n<title>Corecon: recensione software gestionale per edilizia - Accurate Reviews<\/title>\n<meta name=\"description\" content=\"Corecon: recensione soluzione gestionale edilizia basata su cloud per la stima, la gestione dei progetti, il controllo dei costi del lavoro e molto altro.\" \/>\n<meta name=\"robots\" content=\"index, follow, max-snippet:-1, max-image-preview:large, max-video-preview:-1\" \/>\n<link rel=\"canonical\" href=\"https:\/\/www.accuratereviews.com\/it\/corecon-recensione\/\" \/>\n<meta property=\"og:locale\" content=\"it_IT\" \/>\n<meta property=\"og:type\" content=\"article\" \/>\n<meta property=\"og:title\" content=\"Corecon: recensione software gestionale per edilizia - Accurate Reviews\" \/>\n<meta property=\"og:description\" content=\"Corecon: recensione soluzione gestionale edilizia basata su cloud per la stima, la gestione dei progetti, il controllo dei costi del lavoro e molto altro.\" \/>\n<meta property=\"og:url\" content=\"https:\/\/www.accuratereviews.com\/it\/corecon-recensione\/\" \/>\n<meta property=\"og:site_name\" content=\"Accurate Reviews\" \/>\n<meta property=\"og:image\" content=\"https:\/\/www.accuratereviews.com\/wp-content\/uploads\/2020\/04\/corecon.jpg\" \/>\n\t<meta property=\"og:image:width\" content=\"1024\" \/>\n\t<meta property=\"og:image:height\" content=\"279\" \/>\n\t<meta property=\"og:image:type\" content=\"image\/jpeg\" \/>\n<meta name=\"twitter:card\" content=\"summary_large_image\" \/>\n<meta name=\"twitter:label1\" content=\"Tempo di lettura stimato\" \/>\n\t<meta name=\"twitter:data1\" content=\"3 minuti\" \/>\n<script type=\"application\/ld+json\" class=\"yoast-schema-graph\">{\"@context\":\"https:\\\/\\\/schema.org\",\"@graph\":[{\"@type\":\"WebPage\",\"@id\":\"https:\\\/\\\/www.accuratereviews.com\\\/it\\\/corecon-recensione\\\/\",\"url\":\"https:\\\/\\\/www.accuratereviews.com\\\/it\\\/corecon-recensione\\\/\",\"name\":\"Corecon: recensione software gestionale per edilizia - Accurate Reviews\",\"isPartOf\":{\"@id\":\"https:\\\/\\\/www.accuratereviews.com\\\/it\\\/#website\"},\"primaryImageOfPage\":{\"@id\":\"https:\\\/\\\/www.accuratereviews.com\\\/it\\\/corecon-recensione\\\/#primaryimage\"},\"image\":{\"@id\":\"https:\\\/\\\/www.accuratereviews.com\\\/it\\\/corecon-recensione\\\/#primaryimage\"},\"thumbnailUrl\":\"https:\\\/\\\/www.accuratereviews.com\\\/wp-content\\\/uploads\\\/2020\\\/04\\\/corecon.jpg\",\"datePublished\":\"2020-04-03T10:56:41+00:00\",\"description\":\"Corecon: recensione soluzione gestionale edilizia basata su cloud per la stima, la gestione dei progetti, il controllo dei costi del lavoro e molto altro.\",\"breadcrumb\":{\"@id\":\"https:\\\/\\\/www.accuratereviews.com\\\/it\\\/corecon-recensione\\\/#breadcrumb\"},\"inLanguage\":\"it-IT\",\"potentialAction\":[{\"@type\":\"ReadAction\",\"target\":[\"https:\\\/\\\/www.accuratereviews.com\\\/it\\\/corecon-recensione\\\/\"]}]},{\"@type\":\"ImageObject\",\"inLanguage\":\"it-IT\",\"@id\":\"https:\\\/\\\/www.accuratereviews.com\\\/it\\\/corecon-recensione\\\/#primaryimage\",\"url\":\"https:\\\/\\\/www.accuratereviews.com\\\/wp-content\\\/uploads\\\/2020\\\/04\\\/corecon.jpg\",\"contentUrl\":\"https:\\\/\\\/www.accuratereviews.com\\\/wp-content\\\/uploads\\\/2020\\\/04\\\/corecon.jpg\",\"width\":1024,\"height\":279},{\"@type\":\"BreadcrumbList\",\"@id\":\"https:\\\/\\\/www.accuratereviews.com\\\/it\\\/corecon-recensione\\\/#breadcrumb\",\"itemListElement\":[{\"@type\":\"ListItem\",\"position\":1,\"name\":\"Home\",\"item\":\"https:\\\/\\\/www.accuratereviews.com\\\/it\\\/\"},{\"@type\":\"ListItem\",\"position\":2,\"name\":\"Corecon\"}]},{\"@type\":\"WebSite\",\"@id\":\"https:\\\/\\\/www.accuratereviews.com\\\/it\\\/#website\",\"url\":\"https:\\\/\\\/www.accuratereviews.com\\\/it\\\/\",\"name\":\"Accurate Reviews\",\"description\":\"\",\"potentialAction\":[{\"@type\":\"SearchAction\",\"target\":{\"@type\":\"EntryPoint\",\"urlTemplate\":\"https:\\\/\\\/www.accuratereviews.com\\\/it\\\/?s={search_term_string}\"},\"query-input\":{\"@type\":\"PropertyValueSpecification\",\"valueRequired\":true,\"valueName\":\"search_term_string\"}}],\"inLanguage\":\"it-IT\"}]}<\/script>\n<!-- \/ Yoast SEO plugin. -->","yoast_head_json":{"title":"Corecon: recensione software gestionale per edilizia - Accurate Reviews","description":"Corecon: recensione soluzione gestionale edilizia basata su cloud per la stima, la gestione dei progetti, il controllo dei costi del lavoro e molto altro.","robots":{"index":"index","follow":"follow","max-snippet":"max-snippet:-1","max-image-preview":"max-image-preview:large","max-video-preview":"max-video-preview:-1"},"canonical":"https:\/\/www.accuratereviews.com\/it\/corecon-recensione\/","og_locale":"it_IT","og_type":"article","og_title":"Corecon: recensione software gestionale per edilizia - Accurate Reviews","og_description":"Corecon: recensione soluzione gestionale edilizia basata su cloud per la stima, la gestione dei progetti, il controllo dei costi del lavoro e molto altro.","og_url":"https:\/\/www.accuratereviews.com\/it\/corecon-recensione\/","og_site_name":"Accurate Reviews","og_image":[{"width":1024,"height":279,"url":"https:\/\/www.accuratereviews.com\/wp-content\/uploads\/2020\/04\/corecon.jpg","type":"image\/jpeg"}],"twitter_card":"summary_large_image","twitter_misc":{"Tempo di lettura stimato":"3 minuti"},"schema":{"@context":"https:\/\/schema.org","@graph":[{"@type":"WebPage","@id":"https:\/\/www.accuratereviews.com\/it\/corecon-recensione\/","url":"https:\/\/www.accuratereviews.com\/it\/corecon-recensione\/","name":"Corecon: recensione software gestionale per edilizia - Accurate Reviews","isPartOf":{"@id":"https:\/\/www.accuratereviews.com\/it\/#website"},"primaryImageOfPage":{"@id":"https:\/\/www.accuratereviews.com\/it\/corecon-recensione\/#primaryimage"},"image":{"@id":"https:\/\/www.accuratereviews.com\/it\/corecon-recensione\/#primaryimage"},"thumbnailUrl":"https:\/\/www.accuratereviews.com\/wp-content\/uploads\/2020\/04\/corecon.jpg","datePublished":"2020-04-03T10:56:41+00:00","description":"Corecon: recensione soluzione gestionale edilizia basata su cloud per la stima, la gestione dei progetti, il controllo dei costi del lavoro e molto altro.","breadcrumb":{"@id":"https:\/\/www.accuratereviews.com\/it\/corecon-recensione\/#breadcrumb"},"inLanguage":"it-IT","potentialAction":[{"@type":"ReadAction","target":["https:\/\/www.accuratereviews.com\/it\/corecon-recensione\/"]}]},{"@type":"ImageObject","inLanguage":"it-IT","@id":"https:\/\/www.accuratereviews.com\/it\/corecon-recensione\/#primaryimage","url":"https:\/\/www.accuratereviews.com\/wp-content\/uploads\/2020\/04\/corecon.jpg","contentUrl":"https:\/\/www.accuratereviews.com\/wp-content\/uploads\/2020\/04\/corecon.jpg","width":1024,"height":279},{"@type":"BreadcrumbList","@id":"https:\/\/www.accuratereviews.com\/it\/corecon-recensione\/#breadcrumb","itemListElement":[{"@type":"ListItem","position":1,"name":"Home","item":"https:\/\/www.accuratereviews.com\/it\/"},{"@type":"ListItem","position":2,"name":"Corecon"}]},{"@type":"WebSite","@id":"https:\/\/www.accuratereviews.com\/it\/#website","url":"https:\/\/www.accuratereviews.com\/it\/","name":"Accurate Reviews","description":"","potentialAction":[{"@type":"SearchAction","target":{"@type":"EntryPoint","urlTemplate":"https:\/\/www.accuratereviews.com\/it\/?s={search_term_string}"},"query-input":{"@type":"PropertyValueSpecification","valueRequired":true,"valueName":"search_term_string"}}],"inLanguage":"it-IT"}]}},"_links":{"self":[{"href":"https:\/\/www.accuratereviews.com\/it\/wp-json\/wp\/v2\/pages\/24997","targetHints":{"allow":["GET"]}}],"collection":[{"href":"https:\/\/www.accuratereviews.com\/it\/wp-json\/wp\/v2\/pages"}],"about":[{"href":"https:\/\/www.accuratereviews.com\/it\/wp-json\/wp\/v2\/types\/page"}],"author":[{"embeddable":true,"href":"https:\/\/www.accuratereviews.com\/it\/wp-json\/wp\/v2\/users\/19"}],"replies":[{"embeddable":true,"href":"https:\/\/www.accuratereviews.com\/it\/wp-json\/wp\/v2\/comments?post=24997"}],"version-history":[{"count":3,"href":"https:\/\/www.accuratereviews.com\/it\/wp-json\/wp\/v2\/pages\/24997\/revisions"}],"predecessor-version":[{"id":25006,"href":"https:\/\/www.accuratereviews.com\/it\/wp-json\/wp\/v2\/pages\/24997\/revisions\/25006"}],"wp:featuredmedia":[{"embeddable":true,"href":"https:\/\/www.accuratereviews.com\/it\/wp-json\/wp\/v2\/media\/25000"}],"wp:attachment":[{"href":"https:\/\/www.accuratereviews.com\/it\/wp-json\/wp\/v2\/media?parent=24997"}],"wp:term":[{"taxonomy":"category","embeddable":true,"href":"https:\/\/www.accuratereviews.com\/it\/wp-json\/wp\/v2\/categories?post=24997"},{"taxonomy":"post_tag","embeddable":true,"href":"https:\/\/www.accuratereviews.com\/it\/wp-json\/wp\/v2\/tags?post=24997"},{"taxonomy":"features","embeddable":true,"href":"https:\/\/www.accuratereviews.com\/it\/wp-json\/wp\/v2\/features?post=24997"}],"curies":[{"name":"wp","href":"https:\/\/api.w.org\/{rel}","templated":true}]}}