{"id":25044,"date":"2020-04-06T10:18:34","date_gmt":"2020-04-06T10:18:34","guid":{"rendered":"https:\/\/www.accuratereviews.com\/?page_id=25044"},"modified":"2020-04-06T10:18:34","modified_gmt":"2020-04-06T10:18:34","slug":"key2act-recensione","status":"publish","type":"page","link":"https:\/\/www.accuratereviews.com\/it\/key2act-recensione\/","title":{"rendered":"Key2Act"},"content":{"rendered":"<p><strong>Key2Act<\/strong> \u00e8 un software di<strong> gestione delle strutture<\/strong> che fornisce approfondimenti utili su ci\u00f2 che accade nei servizi sul campo e nella <strong>costruzione<\/strong>. La soluzione pu\u00f2 aiutarti a mantenere uno stretto controllo delle spese e gestire efficacemente la distribuzione del lavoro. In questo modo, \u00e8 possibile garantire che dipendenti e partner completino i progetti e gli ordini di lavoro in modo rapido ed economico.\u00a0Con questo programma \u00a0hai anche strumenti di accesso che ti consentono di fornire il servizio giusto al momento giusto. Ti consente di diventare pi\u00f9 efficiente in quanto il tuo team \u00e8 ben attrezzato per affrontare i problemi in loco. Invece di inserire manualmente le informazioni nei sistemi ed esporre te stesso e il tuo progetto a errori, puoi fare affidamento sulle capacit\u00e0 di integrazione di <strong>KEY2ACT<\/strong>.<\/p>\n<h2>KEY2ACT &#8211; TUTORIAL<\/h2>\n<p>Guardiamo insieme questo tutorial per capire le funzioni fondamentali di questo <strong>software gestionale per l&#8217;edilizia<\/strong>:<\/p>\n<div id=\"fluid-wrapper-counter-1\" class=\"g1-fluid-wrapper \" style=\"width:686px;\">\n<div style=\"padding-bottom:56.268221574344%;\"><iframe loading=\"lazy\" title=\"Quadra Service Contract Quoting with Key2Act\" width=\"686\" height=\"386\" src=\"https:\/\/www.youtube.com\/embed\/TPWLZOY8g7M?feature=oembed&amp;wmode=transparent&amp;autohide=1&amp;autoplay=0&amp;disablekb=0&amp;fs=1&amp;loop=0&amp;enablejsapi=1&amp;rel=0&amp;controls=2&amp;showinfo=0&amp;wmode=transparent&amp;autohide=2&amp;autoplay=0&amp;disablekb=0&amp;fs=1&amp;loop=0&amp;enablejsapi=1&amp;rel=0&amp;controls=2&amp;showinfo=1\" frameborder=\"0\" allow=\"accelerometer; autoplay; encrypted-media; gyroscope; picture-in-picture\" allowfullscreen><\/iframe><\/div>\n<\/div>\n<h3>KEY2ACT &#8211; CARATTERISTICHE<\/h3>\n<ul>\n<li><strong>Gestione del servizio<\/strong>: Fornire il servizio giusto, la prima volta, \u00e8 indispensabile per rimanere competitivi ed \u00e8 fondamentale per mantenere i contratti di manutenzione. Signature Service Management e MobileTech ti consentono di gestire i processi di servizio in modo redditizio attraverso una soluzione comprovata che pu\u00f2 crescere con le tue esigenze aziendali e tecnologiche<\/li>\n<li><strong>Creazione di analisi:<\/strong> la soluzione raccoglie e analizza i dati sulle prestazioni degli edifici per fornire informazioni fruibili che ti aiutano a prendere decisioni migliori sugli edifici che gestisci<\/li>\n<li><strong>Costo del lavoro<\/strong>: consente di tenere traccia e gestire tutte le fasi dei lavori dalla pianificazione al completamento. Con Job Cost, sarai in grado di mantenere i progetti nei tempi, nel budget e nelle attivit\u00e0 misurando i costi al loro arrivo e utilizzando tali informazioni per prendere le migliori decisioni in futuro<\/li>\n<li><strong>Gestione delle attrezzature<\/strong>: La gestione delle apparecchiature consente di accedere a dati finanziari aggiornati a livello di asset e di tracciare lo stato, la posizione e l&#8217;utilizzo delle apparecchiature. Il programma raccoglie e analizza continuamente i dati delle apparecchiature, il che significa che le attrezzature per l&#8217;edilizia possono essere monitorate in tempo reale. Ci\u00f2 consente una messa in servizio continua degli edifici e dei beni che gestisci. Man mano che la salute delle apparecchiature inizia a peggiorare, le informazioni fornite consentono di agire immediatamente per riportare le prestazioni al massimo<\/li>\n<\/ul>\n<h4>LE RECENSIONI DEGLI UTENTI<\/h4>\n<h4 class=\"font-weight-bold my-1 d-flex align-items-center\">Serge S.&#8221;Ottimo software per la gestione dei servizi&#8221;<\/h4>\n<p><strong>Commenti: <\/strong>Migliore gestione del nostro servizio assistenza.<\/p>\n<p><strong>Vantaggi: <\/strong>Innanzitutto, \u00e8 integrato con il nostro software Dynamics GP che \u00e8 un must per noi. Fa anche molto bene tutte le parti della gestione del servizio: chiamate di servizio, contratti di servizio, &#8230;<\/p>\n<p><strong>Inconvenienti: <\/strong>Alcuni componenti (come i lavoratori mobili) possono diventare molto costosi. Con l&#8217;integrazione di Dynamics GP, \u00e8 una soluzione complessa che richiede a persone competenti di implementare e mantenere.<\/p>\n<h4 class=\"font-weight-bold my-1 d-flex align-items-center\">Lyndon L.\u00a0&#8220;Ottimo software!&#8221;<\/h4>\n<p><strong>Commenti: <\/strong>Questo \u00e8 un prodotto fantastico!<\/p>\n<p><strong>Vantaggi: <\/strong>\u00c8 fantastico che tu possa utilizzare questo prodotto per preparare i tuoi rapporti, localizzare i tuoi articoli e altro, Ha opzioni oltre la tua immaginazione.<\/p>\n<p><strong>Inconvenienti: <\/strong>\u00c8 un po &#8216;costoso per la tua azienda prima di poter utilizzare questo prodotto sui tuoi telefoni cellulari. A parte quello \u00e8 fantastico!<\/p>\n<h4 class=\"font-weight-bold my-1 d-flex align-items-center\">Kevin F.&#8221;Integrazione del modulo del costo del lavoro e MS Great Plains.&#8221;<\/h4>\n<p><strong>Vantaggi: <\/strong>Integra perfettamente i moduli di lavoro a Great Plains e i prodotti mobili che non fanno parte del pacchetto Microsoft GP. Service pack, hot fix e livelli di supporto a livelli sono rapidi ed efficaci. Questo fornitore funziona bene con la sua base di clienti.<\/p>\n<p><strong>Inconvenienti: <\/strong>Questo fornitore ha subito alcune modifiche organizzative negli ultimi anni.<\/p>\n","protected":false},"excerpt":{"rendered":"<p>Key2Act \u00e8 un software di gestione delle strutture che fornisce approfondimenti utili su ci\u00f2 che accade nei servizi sul campo e nella costruzione. La soluzione pu\u00f2 aiutarti a mantenere uno stretto controllo delle spese e gestire efficacemente la distribuzione del lavoro. In questo modo, \u00e8 possibile garantire che dipendenti e partner completino i progetti e gli ordini di lavoro in modo rapido ed economico.<\/p>\n","protected":false},"author":19,"featured_media":25045,"parent":0,"menu_order":0,"comment_status":"open","ping_status":"closed","template":"g1_template_page_review_new.php","meta":{"_acf_changed":false,"cwp_meta_box_check":"Yes","cwp_rev_product_name":"","cwp_rev_product_image":"","wppr_links":[],"cwp_rev_price":"","wppr_options":[],"wppr_pros":[],"wppr_cons":[],"_monsterinsights_skip_tracking":false,"_monsterinsights_sitenote_active":false,"_monsterinsights_sitenote_note":"","_monsterinsights_sitenote_category":0,"footnotes":""},"categories":[2459],"tags":[2460,2531,2506,2473,2496,2461,2495,2462],"features":[],"class_list":{"0":"post-25044","1":"page","2":"type-page","3":"status-publish","4":"has-post-thumbnail","6":"category-gestionale-per-edilizia-cat","7":"tag-construction-management-software","8":"tag-key2act","9":"tag-programma-gestionale-per-costruzioni","10":"tag-programma-gestionale-per-ledilizia","11":"tag-software-gestionale-per-costruzioni","12":"tag-software-gestionale-per-lediizia","13":"tag-soluzione-gestionale-per-costruzioni","14":"tag-soluzione-gestionale-per-ledilizia"},"wppr_data":{"cwp_meta_box_check":"Yes","cwp_rev_product_name":"","cwp_rev_product_image":"","cwp_image_link":"image","cwp_rev_price":"","wppr_rating":"0.00"},"acf":[],"yoast_head":"<!-- This site is optimized with the Yoast SEO plugin v27.4 - https:\/\/yoast.com\/product\/yoast-seo-wordpress\/ -->\n<title>Key2Act: recensione software gestionale per edilizia - Accurate Reviews<\/title>\n<meta name=\"description\" content=\"Key2Act: recensione software di gestione delle strutture che fornisce approfondimenti utili su ci\u00f2 che accade nei servizi sul campo e nella costruzione.\" \/>\n<meta name=\"robots\" content=\"index, follow, max-snippet:-1, max-image-preview:large, max-video-preview:-1\" \/>\n<link rel=\"canonical\" href=\"https:\/\/www.accuratereviews.com\/it\/key2act-recensione\/\" \/>\n<meta property=\"og:locale\" content=\"it_IT\" \/>\n<meta property=\"og:type\" content=\"article\" \/>\n<meta property=\"og:title\" content=\"Key2Act: recensione software gestionale per edilizia - Accurate Reviews\" \/>\n<meta property=\"og:description\" content=\"Key2Act: recensione software di gestione delle strutture che fornisce approfondimenti utili su ci\u00f2 che accade nei servizi sul campo e nella costruzione.\" \/>\n<meta property=\"og:url\" content=\"https:\/\/www.accuratereviews.com\/it\/key2act-recensione\/\" \/>\n<meta property=\"og:site_name\" content=\"Accurate Reviews\" \/>\n<meta property=\"og:image\" content=\"https:\/\/www.accuratereviews.com\/wp-content\/uploads\/2020\/04\/KEY2ACT_.png\" \/>\n\t<meta property=\"og:image:width\" content=\"669\" \/>\n\t<meta property=\"og:image:height\" content=\"394\" \/>\n\t<meta property=\"og:image:type\" content=\"image\/png\" \/>\n<meta name=\"twitter:card\" content=\"summary_large_image\" \/>\n<meta name=\"twitter:label1\" content=\"Tempo di lettura stimato\" \/>\n\t<meta name=\"twitter:data1\" content=\"3 minuti\" \/>\n<script type=\"application\/ld+json\" class=\"yoast-schema-graph\">{\"@context\":\"https:\\\/\\\/schema.org\",\"@graph\":[{\"@type\":\"WebPage\",\"@id\":\"https:\\\/\\\/www.accuratereviews.com\\\/it\\\/key2act-recensione\\\/\",\"url\":\"https:\\\/\\\/www.accuratereviews.com\\\/it\\\/key2act-recensione\\\/\",\"name\":\"Key2Act: recensione software gestionale per edilizia - Accurate Reviews\",\"isPartOf\":{\"@id\":\"https:\\\/\\\/www.accuratereviews.com\\\/it\\\/#website\"},\"primaryImageOfPage\":{\"@id\":\"https:\\\/\\\/www.accuratereviews.com\\\/it\\\/key2act-recensione\\\/#primaryimage\"},\"image\":{\"@id\":\"https:\\\/\\\/www.accuratereviews.com\\\/it\\\/key2act-recensione\\\/#primaryimage\"},\"thumbnailUrl\":\"https:\\\/\\\/www.accuratereviews.com\\\/wp-content\\\/uploads\\\/2020\\\/04\\\/KEY2ACT_.png\",\"datePublished\":\"2020-04-06T10:18:34+00:00\",\"description\":\"Key2Act: recensione software di gestione delle strutture che fornisce approfondimenti utili su ci\u00f2 che accade nei servizi sul campo e nella costruzione.\",\"breadcrumb\":{\"@id\":\"https:\\\/\\\/www.accuratereviews.com\\\/it\\\/key2act-recensione\\\/#breadcrumb\"},\"inLanguage\":\"it-IT\",\"potentialAction\":[{\"@type\":\"ReadAction\",\"target\":[\"https:\\\/\\\/www.accuratereviews.com\\\/it\\\/key2act-recensione\\\/\"]}]},{\"@type\":\"ImageObject\",\"inLanguage\":\"it-IT\",\"@id\":\"https:\\\/\\\/www.accuratereviews.com\\\/it\\\/key2act-recensione\\\/#primaryimage\",\"url\":\"https:\\\/\\\/www.accuratereviews.com\\\/wp-content\\\/uploads\\\/2020\\\/04\\\/KEY2ACT_.png\",\"contentUrl\":\"https:\\\/\\\/www.accuratereviews.com\\\/wp-content\\\/uploads\\\/2020\\\/04\\\/KEY2ACT_.png\",\"width\":669,\"height\":394},{\"@type\":\"BreadcrumbList\",\"@id\":\"https:\\\/\\\/www.accuratereviews.com\\\/it\\\/key2act-recensione\\\/#breadcrumb\",\"itemListElement\":[{\"@type\":\"ListItem\",\"position\":1,\"name\":\"Home\",\"item\":\"https:\\\/\\\/www.accuratereviews.com\\\/it\\\/\"},{\"@type\":\"ListItem\",\"position\":2,\"name\":\"Key2Act\"}]},{\"@type\":\"WebSite\",\"@id\":\"https:\\\/\\\/www.accuratereviews.com\\\/it\\\/#website\",\"url\":\"https:\\\/\\\/www.accuratereviews.com\\\/it\\\/\",\"name\":\"Accurate Reviews\",\"description\":\"\",\"potentialAction\":[{\"@type\":\"SearchAction\",\"target\":{\"@type\":\"EntryPoint\",\"urlTemplate\":\"https:\\\/\\\/www.accuratereviews.com\\\/it\\\/?s={search_term_string}\"},\"query-input\":{\"@type\":\"PropertyValueSpecification\",\"valueRequired\":true,\"valueName\":\"search_term_string\"}}],\"inLanguage\":\"it-IT\"}]}<\/script>\n<!-- \/ Yoast SEO plugin. -->","yoast_head_json":{"title":"Key2Act: recensione software gestionale per edilizia - Accurate Reviews","description":"Key2Act: recensione software di gestione delle strutture che fornisce approfondimenti utili su ci\u00f2 che accade nei servizi sul campo e nella costruzione.","robots":{"index":"index","follow":"follow","max-snippet":"max-snippet:-1","max-image-preview":"max-image-preview:large","max-video-preview":"max-video-preview:-1"},"canonical":"https:\/\/www.accuratereviews.com\/it\/key2act-recensione\/","og_locale":"it_IT","og_type":"article","og_title":"Key2Act: recensione software gestionale per edilizia - Accurate Reviews","og_description":"Key2Act: recensione software di gestione delle strutture che fornisce approfondimenti utili su ci\u00f2 che accade nei servizi sul campo e nella costruzione.","og_url":"https:\/\/www.accuratereviews.com\/it\/key2act-recensione\/","og_site_name":"Accurate Reviews","og_image":[{"width":669,"height":394,"url":"https:\/\/www.accuratereviews.com\/wp-content\/uploads\/2020\/04\/KEY2ACT_.png","type":"image\/png"}],"twitter_card":"summary_large_image","twitter_misc":{"Tempo di lettura stimato":"3 minuti"},"schema":{"@context":"https:\/\/schema.org","@graph":[{"@type":"WebPage","@id":"https:\/\/www.accuratereviews.com\/it\/key2act-recensione\/","url":"https:\/\/www.accuratereviews.com\/it\/key2act-recensione\/","name":"Key2Act: recensione software gestionale per edilizia - Accurate Reviews","isPartOf":{"@id":"https:\/\/www.accuratereviews.com\/it\/#website"},"primaryImageOfPage":{"@id":"https:\/\/www.accuratereviews.com\/it\/key2act-recensione\/#primaryimage"},"image":{"@id":"https:\/\/www.accuratereviews.com\/it\/key2act-recensione\/#primaryimage"},"thumbnailUrl":"https:\/\/www.accuratereviews.com\/wp-content\/uploads\/2020\/04\/KEY2ACT_.png","datePublished":"2020-04-06T10:18:34+00:00","description":"Key2Act: recensione software di gestione delle strutture che fornisce approfondimenti utili su ci\u00f2 che accade nei servizi sul campo e nella costruzione.","breadcrumb":{"@id":"https:\/\/www.accuratereviews.com\/it\/key2act-recensione\/#breadcrumb"},"inLanguage":"it-IT","potentialAction":[{"@type":"ReadAction","target":["https:\/\/www.accuratereviews.com\/it\/key2act-recensione\/"]}]},{"@type":"ImageObject","inLanguage":"it-IT","@id":"https:\/\/www.accuratereviews.com\/it\/key2act-recensione\/#primaryimage","url":"https:\/\/www.accuratereviews.com\/wp-content\/uploads\/2020\/04\/KEY2ACT_.png","contentUrl":"https:\/\/www.accuratereviews.com\/wp-content\/uploads\/2020\/04\/KEY2ACT_.png","width":669,"height":394},{"@type":"BreadcrumbList","@id":"https:\/\/www.accuratereviews.com\/it\/key2act-recensione\/#breadcrumb","itemListElement":[{"@type":"ListItem","position":1,"name":"Home","item":"https:\/\/www.accuratereviews.com\/it\/"},{"@type":"ListItem","position":2,"name":"Key2Act"}]},{"@type":"WebSite","@id":"https:\/\/www.accuratereviews.com\/it\/#website","url":"https:\/\/www.accuratereviews.com\/it\/","name":"Accurate Reviews","description":"","potentialAction":[{"@type":"SearchAction","target":{"@type":"EntryPoint","urlTemplate":"https:\/\/www.accuratereviews.com\/it\/?s={search_term_string}"},"query-input":{"@type":"PropertyValueSpecification","valueRequired":true,"valueName":"search_term_string"}}],"inLanguage":"it-IT"}]}},"_links":{"self":[{"href":"https:\/\/www.accuratereviews.com\/it\/wp-json\/wp\/v2\/pages\/25044","targetHints":{"allow":["GET"]}}],"collection":[{"href":"https:\/\/www.accuratereviews.com\/it\/wp-json\/wp\/v2\/pages"}],"about":[{"href":"https:\/\/www.accuratereviews.com\/it\/wp-json\/wp\/v2\/types\/page"}],"author":[{"embeddable":true,"href":"https:\/\/www.accuratereviews.com\/it\/wp-json\/wp\/v2\/users\/19"}],"replies":[{"embeddable":true,"href":"https:\/\/www.accuratereviews.com\/it\/wp-json\/wp\/v2\/comments?post=25044"}],"version-history":[{"count":4,"href":"https:\/\/www.accuratereviews.com\/it\/wp-json\/wp\/v2\/pages\/25044\/revisions"}],"predecessor-version":[{"id":25063,"href":"https:\/\/www.accuratereviews.com\/it\/wp-json\/wp\/v2\/pages\/25044\/revisions\/25063"}],"wp:featuredmedia":[{"embeddable":true,"href":"https:\/\/www.accuratereviews.com\/it\/wp-json\/wp\/v2\/media\/25045"}],"wp:attachment":[{"href":"https:\/\/www.accuratereviews.com\/it\/wp-json\/wp\/v2\/media?parent=25044"}],"wp:term":[{"taxonomy":"category","embeddable":true,"href":"https:\/\/www.accuratereviews.com\/it\/wp-json\/wp\/v2\/categories?post=25044"},{"taxonomy":"post_tag","embeddable":true,"href":"https:\/\/www.accuratereviews.com\/it\/wp-json\/wp\/v2\/tags?post=25044"},{"taxonomy":"features","embeddable":true,"href":"https:\/\/www.accuratereviews.com\/it\/wp-json\/wp\/v2\/features?post=25044"}],"curies":[{"name":"wp","href":"https:\/\/api.w.org\/{rel}","templated":true}]}}