{"id":25094,"date":"2020-04-07T11:06:42","date_gmt":"2020-04-07T11:06:42","guid":{"rendered":"https:\/\/www.accuratereviews.com\/?page_id=25094"},"modified":"2023-07-15T08:02:02","modified_gmt":"2023-07-15T08:02:02","slug":"plangrid-recensione","status":"publish","type":"page","link":"https:\/\/www.accuratereviews.com\/it\/plangrid-recensione\/","title":{"rendered":"PlanGrid"},"content":{"rendered":"<p><strong>PlanGrid<\/strong> \u00e8 un software avanzato per soddisfare ogni esigenza <strong>di gestione delle costruzioni online.<\/strong> In particolare, offre opportunit\u00e0 di collaborazione su piani di progetto, specifiche, foto e RFI e utilizzando dispositivi desktop o mobili in tempo reale da qualsiasi luogo. Gli utenti possono gestire migliaia di licenze con la sua console di amministrazione mentre i dati del progetto vengono salvati in modo sicuro <strong>nel cloud,<\/strong> in modo da non perdere mai i tuoi progressi. <strong>PlanGrid<\/strong> fornisce un controllo automatico della versione, il che ti consente di mantenere il tuo team aggiornato con tutto ci\u00f2 che riguarda il progetto, inclusi eventuali nuovi rendering o note sui progetti creati.<\/p>\n<h2>PLANGRID &#8211; TUTORIAL<\/h2>\n<p>Guardiamo il tutorial capiamo come \u00e8 semplice condividere documenti utilizzando questo <strong>software per la gestione edilizia:<\/strong><\/p>\n<div id=\"fluid-wrapper-counter-1\" class=\"g1-fluid-wrapper \" style=\"width:686px;\">\n<div style=\"padding-bottom:56.268221574344%;\"><iframe loading=\"lazy\" title=\"Autodesk Construction Cloud\u2122 Connect\" width=\"686\" height=\"386\" src=\"https:\/\/www.youtube.com\/embed\/Fp_laQbZibw?feature=oembed&amp;wmode=transparent&amp;autohide=1&amp;autoplay=0&amp;disablekb=0&amp;fs=1&amp;loop=0&amp;enablejsapi=1&amp;rel=0&amp;controls=2&amp;showinfo=0&amp;wmode=transparent&amp;autohide=2&amp;autoplay=0&amp;disablekb=0&amp;fs=1&amp;loop=0&amp;enablejsapi=1&amp;rel=0&amp;controls=2&amp;showinfo=1\" frameborder=\"0\" allow=\"accelerometer; autoplay; clipboard-write; encrypted-media; gyroscope; picture-in-picture; web-share\" allowfullscreen><\/iframe><\/div>\n<\/div>\n<h3>PLANGRID &#8211; CARATTERISTICHE<\/h3>\n<ul>\n<li><strong>Markups e foto<\/strong>: registra osservazioni rapide dal campo utilizzando strumenti come forme, frecce e testo in diversi colori. Contrassegna anche i dettagli nelle foto<\/li>\n<li><strong>Elenco punzoni:<\/strong> appunta i problemi in una posizione specifica e monitorali end-to-end, che si tratti di difetti, note di ispezione o coordinamento della progettazione<\/li>\n<li><strong>Sincronizza il team:<\/strong> sincronizza istantaneamente i markup selezionati con l&#8217;intero team di progetto<\/li>\n<li><strong>Confronta la scheda<\/strong>: sovrapponi facilmente diverse versioni o progetti non correlati per individuare le differenze. Evita gli scontri o modifica gli ordini in un secondo momento<\/li>\n<li><strong>Controllo della versione<\/strong>: le revisioni del piano vengono inserite automaticamente in ordine, quindi lavori sempre dall&#8217;ultima serie, senza perdere l&#8217;accesso alla cronologia del progetto<\/li>\n<li><strong>Gestisci facilmente team e progetti<\/strong>: offri ai tuoi amministratori un posto per organizzare utenti, progetti e acquistare nuove licenze<\/li>\n<li><strong>Elimina la doppia immissione dei dati<\/strong> integrando la soluzione con altri sistemi che gi\u00e0 conosci e ami<\/li>\n<\/ul>\n<h4>LE RECENSIONI DEGLI UTENTI<\/h4>\n<h4 class=\"font-weight-bold my-1 d-flex align-items-center\">Brad N.\u00a0&#8220;Plangrid \u00e8 un ottimo programma&#8221;<\/h4>\n<p><strong>Commenti: <\/strong>Eventuali modifiche al piano possono essere caricate immediatamente in modo che tutto ci\u00f2 che si trova sul sistema possa vedere le modifiche. Semplifica il nostro lavoro e richiede meno tempo.<\/p>\n<p><strong>Vantaggi: <\/strong>\u00c8 molto facile elaborare un elenco di carenze per le nostre operazioni su cui lavorare. Una volta che lo distribuiamo insieme alle foto, gli scambi comprendono cosa devono risolvere.<\/p>\n<p><strong>Inconvenienti: <\/strong>Sarebbe bello se potessimo aggiungere scambi agli elenchi di utenti invece di dover stampare l&#8217;elenco per i ragazzi del sito.<\/p>\n<h4 class=\"font-weight-bold my-1 d-flex align-items-center\">Jeff W.\u00a0&#8220;Recensione PlanGrid&#8221;<\/h4>\n<p><strong>Commenti: <\/strong>PlanGrid ti consente di condividere i disegni con tutti i membri del tuo team in modo che tutti stiano lavorando sul set di documenti aggiornati.<\/p>\n<p><strong>Vantaggi: <\/strong>Essere in grado di visualizzare i documenti su un iPad \u00e8 fantastico. Rende molto efficace la revisione del disegno. I collegamenti ipertestuali rendono anche molto semplice passare da un piano ai dettagli.<\/p>\n<p><strong>Inconvenienti: <\/strong>Se hai un account con fogli limitati pu\u00f2 rendere pi\u00f9 difficile la visualizzazione di pi\u00f9 progetti. Potrebbe essere necessario spostare le cose per adattarle al limite del foglio.<\/p>\n<h4 class=\"font-weight-bold my-1 d-flex align-items-center\">Matt G.\u00a0&#8220;Che programma utile&#8221;<\/h4>\n<p><strong>Commenti: <\/strong>Abbiamo avuto ottime esperienze con la griglia del piano e continueremo a utilizzare questo programma.<\/p>\n<p><strong>Vantaggi: <\/strong>Questo programma consente ai manager e ai supervisori di eseguire il markup, rivedere, ridimensionare, annotare tutti i piani di un progetto dai loro laptop, telefoni o iPad. Usiamo questo programma ogni giorno con facilit\u00e0 ed efficienza.<\/p>\n<p><strong>Inconvenienti: <\/strong>Il programma non \u00e8 il pi\u00f9 economico al mondo, ma riteniamo che valga la pena ogni dollaro. I nostri supervisori hanno accesso rapido a piani, dettagli e note con un clic di un pulsante.<\/p>\n","protected":false},"excerpt":{"rendered":"<p>PlanGrid \u00e8 un software avanzato per soddisfare ogni esigenza di gestione delle costruzioni online. In particolare, offre opportunit\u00e0 di collaborazione su piani di progetto, specifiche, foto e RFI e utilizzando dispositivi desktop o mobili in tempo reale da qualsiasi luogo.<\/p>\n","protected":false},"author":19,"featured_media":25095,"parent":0,"menu_order":0,"comment_status":"open","ping_status":"closed","template":"g1_template_page_review_new.php","meta":{"_acf_changed":false,"cwp_meta_box_check":"Yes","cwp_rev_product_name":"","cwp_rev_product_image":"","wppr_links":[],"cwp_rev_price":"","wppr_options":[{"name":"Usability","value":"0"},{"name":"Speed","value":"0"},{"name":"Features","value":"0"},{"name":"Support","value":"0"},{"name":"Pricing","value":"0"}],"wppr_pros":["","","","",""],"wppr_cons":["","","","",""],"_monsterinsights_skip_tracking":false,"_monsterinsights_sitenote_active":false,"_monsterinsights_sitenote_note":"","_monsterinsights_sitenote_category":0,"footnotes":""},"categories":[2459],"tags":[396,2460,2506,2473,2496,2461,2495,2462],"features":[],"class_list":{"0":"post-25094","1":"page","2":"type-page","3":"status-publish","4":"has-post-thumbnail","6":"category-gestionale-per-edilizia-cat","7":"tag-cloud","8":"tag-construction-management-software","9":"tag-programma-gestionale-per-costruzioni","10":"tag-programma-gestionale-per-ledilizia","11":"tag-software-gestionale-per-costruzioni","12":"tag-software-gestionale-per-lediizia","13":"tag-soluzione-gestionale-per-costruzioni","14":"tag-soluzione-gestionale-per-ledilizia"},"wppr_data":{"cwp_meta_box_check":"Yes","cwp_rev_product_name":"","_wppr_review_template":"default","cwp_rev_product_image":"","cwp_image_link":"image","wppr_links":[],"cwp_rev_price":"","wppr_pros":["","","","",""],"wppr_cons":["","","","",""],"wppr_rating":"0.00","wppr_options":{"1":{"name":"Usability","value":"0"},"2":{"name":"Speed","value":"0"},"3":{"name":"Features","value":"0"},"4":{"name":"Support","value":"0"},"5":{"name":"Pricing","value":"0"}},"wppr_review_type":"Product","wppr_review_custom_fields":{"additionalProperty":"","additionalType":"","aggregateRating":"","alternateName":"","audience":"","award":"","awards":"","brand":"","color":"","depth":"","description":"","disambiguatingDescription":"","gtin12":"","gtin13":"","gtin14":"","gtin8":"","height":"","identifier":"","image":"","isAccessoryOrSparePartFor":"","isConsumableFor":"","isRelatedTo":"","isSimilarTo":"","itemCondition":"","logo":"","mainEntityOfPage":"","manufacturer":"","material":"","model":"","mpn":"","name":"","offers":"","potentialAction":"","productID":"","productionDate":"","purchaseDate":"","releaseDate":"","review":"","reviews":"","sameAs":"","sku":"","slogan":"","subjectOf":"","url":"","weight":"","width":""}},"acf":[],"yoast_head":"<!-- This site is optimized with the Yoast SEO plugin v27.4 - https:\/\/yoast.com\/product\/yoast-seo-wordpress\/ -->\n<title>PlanGrid: recensione software gestionale edilizia Accurate Reviews<\/title>\n<meta name=\"description\" content=\"PlanGrid: recenione software avanzato per soddisfare ogni esigenza di gestione delle costruzioni online per attiivt\u00e0 edilizie di qualsiasi dimensione.\" \/>\n<meta name=\"robots\" content=\"index, follow, max-snippet:-1, max-image-preview:large, max-video-preview:-1\" \/>\n<link rel=\"canonical\" href=\"https:\/\/www.accuratereviews.com\/it\/plangrid-recensione\/\" \/>\n<meta property=\"og:locale\" content=\"it_IT\" \/>\n<meta property=\"og:type\" content=\"article\" \/>\n<meta property=\"og:title\" content=\"PlanGrid: recensione software gestionale edilizia Accurate Reviews\" \/>\n<meta property=\"og:description\" content=\"PlanGrid: recenione software avanzato per soddisfare ogni esigenza di gestione delle costruzioni online per attiivt\u00e0 edilizie di qualsiasi dimensione.\" \/>\n<meta property=\"og:url\" content=\"https:\/\/www.accuratereviews.com\/it\/plangrid-recensione\/\" \/>\n<meta property=\"og:site_name\" content=\"Accurate Reviews\" \/>\n<meta property=\"article:modified_time\" content=\"2023-07-15T08:02:02+00:00\" \/>\n<meta property=\"og:image\" content=\"https:\/\/www.accuratereviews.com\/wp-content\/uploads\/2020\/04\/plangrid-vector-logo.png\" \/>\n\t<meta property=\"og:image:width\" content=\"900\" \/>\n\t<meta property=\"og:image:height\" content=\"500\" \/>\n\t<meta property=\"og:image:type\" content=\"image\/png\" \/>\n<meta name=\"twitter:card\" content=\"summary_large_image\" \/>\n<meta name=\"twitter:label1\" content=\"Tempo di lettura stimato\" \/>\n\t<meta name=\"twitter:data1\" content=\"3 minuti\" \/>\n<script type=\"application\/ld+json\" class=\"yoast-schema-graph\">{\"@context\":\"https:\\\/\\\/schema.org\",\"@graph\":[{\"@type\":\"WebPage\",\"@id\":\"https:\\\/\\\/www.accuratereviews.com\\\/it\\\/plangrid-recensione\\\/\",\"url\":\"https:\\\/\\\/www.accuratereviews.com\\\/it\\\/plangrid-recensione\\\/\",\"name\":\"PlanGrid: recensione software gestionale edilizia Accurate Reviews\",\"isPartOf\":{\"@id\":\"https:\\\/\\\/www.accuratereviews.com\\\/it\\\/#website\"},\"primaryImageOfPage\":{\"@id\":\"https:\\\/\\\/www.accuratereviews.com\\\/it\\\/plangrid-recensione\\\/#primaryimage\"},\"image\":{\"@id\":\"https:\\\/\\\/www.accuratereviews.com\\\/it\\\/plangrid-recensione\\\/#primaryimage\"},\"thumbnailUrl\":\"https:\\\/\\\/www.accuratereviews.com\\\/wp-content\\\/uploads\\\/2020\\\/04\\\/plangrid-vector-logo.png\",\"datePublished\":\"2020-04-07T11:06:42+00:00\",\"dateModified\":\"2023-07-15T08:02:02+00:00\",\"description\":\"PlanGrid: recenione software avanzato per soddisfare ogni esigenza di gestione delle costruzioni online per attiivt\u00e0 edilizie di qualsiasi dimensione.\",\"breadcrumb\":{\"@id\":\"https:\\\/\\\/www.accuratereviews.com\\\/it\\\/plangrid-recensione\\\/#breadcrumb\"},\"inLanguage\":\"it-IT\",\"potentialAction\":[{\"@type\":\"ReadAction\",\"target\":[\"https:\\\/\\\/www.accuratereviews.com\\\/it\\\/plangrid-recensione\\\/\"]}]},{\"@type\":\"ImageObject\",\"inLanguage\":\"it-IT\",\"@id\":\"https:\\\/\\\/www.accuratereviews.com\\\/it\\\/plangrid-recensione\\\/#primaryimage\",\"url\":\"https:\\\/\\\/www.accuratereviews.com\\\/wp-content\\\/uploads\\\/2020\\\/04\\\/plangrid-vector-logo.png\",\"contentUrl\":\"https:\\\/\\\/www.accuratereviews.com\\\/wp-content\\\/uploads\\\/2020\\\/04\\\/plangrid-vector-logo.png\",\"width\":900,\"height\":500},{\"@type\":\"BreadcrumbList\",\"@id\":\"https:\\\/\\\/www.accuratereviews.com\\\/it\\\/plangrid-recensione\\\/#breadcrumb\",\"itemListElement\":[{\"@type\":\"ListItem\",\"position\":1,\"name\":\"Home\",\"item\":\"https:\\\/\\\/www.accuratereviews.com\\\/it\\\/\"},{\"@type\":\"ListItem\",\"position\":2,\"name\":\"PlanGrid\"}]},{\"@type\":\"WebSite\",\"@id\":\"https:\\\/\\\/www.accuratereviews.com\\\/it\\\/#website\",\"url\":\"https:\\\/\\\/www.accuratereviews.com\\\/it\\\/\",\"name\":\"Accurate Reviews\",\"description\":\"\",\"potentialAction\":[{\"@type\":\"SearchAction\",\"target\":{\"@type\":\"EntryPoint\",\"urlTemplate\":\"https:\\\/\\\/www.accuratereviews.com\\\/it\\\/?s={search_term_string}\"},\"query-input\":{\"@type\":\"PropertyValueSpecification\",\"valueRequired\":true,\"valueName\":\"search_term_string\"}}],\"inLanguage\":\"it-IT\"}]}<\/script>\n<!-- \/ Yoast SEO plugin. -->","yoast_head_json":{"title":"PlanGrid: recensione software gestionale edilizia Accurate Reviews","description":"PlanGrid: recenione software avanzato per soddisfare ogni esigenza di gestione delle costruzioni online per attiivt\u00e0 edilizie di qualsiasi dimensione.","robots":{"index":"index","follow":"follow","max-snippet":"max-snippet:-1","max-image-preview":"max-image-preview:large","max-video-preview":"max-video-preview:-1"},"canonical":"https:\/\/www.accuratereviews.com\/it\/plangrid-recensione\/","og_locale":"it_IT","og_type":"article","og_title":"PlanGrid: recensione software gestionale edilizia Accurate Reviews","og_description":"PlanGrid: recenione software avanzato per soddisfare ogni esigenza di gestione delle costruzioni online per attiivt\u00e0 edilizie di qualsiasi dimensione.","og_url":"https:\/\/www.accuratereviews.com\/it\/plangrid-recensione\/","og_site_name":"Accurate Reviews","article_modified_time":"2023-07-15T08:02:02+00:00","og_image":[{"width":900,"height":500,"url":"https:\/\/www.accuratereviews.com\/wp-content\/uploads\/2020\/04\/plangrid-vector-logo.png","type":"image\/png"}],"twitter_card":"summary_large_image","twitter_misc":{"Tempo di lettura stimato":"3 minuti"},"schema":{"@context":"https:\/\/schema.org","@graph":[{"@type":"WebPage","@id":"https:\/\/www.accuratereviews.com\/it\/plangrid-recensione\/","url":"https:\/\/www.accuratereviews.com\/it\/plangrid-recensione\/","name":"PlanGrid: recensione software gestionale edilizia Accurate Reviews","isPartOf":{"@id":"https:\/\/www.accuratereviews.com\/it\/#website"},"primaryImageOfPage":{"@id":"https:\/\/www.accuratereviews.com\/it\/plangrid-recensione\/#primaryimage"},"image":{"@id":"https:\/\/www.accuratereviews.com\/it\/plangrid-recensione\/#primaryimage"},"thumbnailUrl":"https:\/\/www.accuratereviews.com\/wp-content\/uploads\/2020\/04\/plangrid-vector-logo.png","datePublished":"2020-04-07T11:06:42+00:00","dateModified":"2023-07-15T08:02:02+00:00","description":"PlanGrid: recenione software avanzato per soddisfare ogni esigenza di gestione delle costruzioni online per attiivt\u00e0 edilizie di qualsiasi dimensione.","breadcrumb":{"@id":"https:\/\/www.accuratereviews.com\/it\/plangrid-recensione\/#breadcrumb"},"inLanguage":"it-IT","potentialAction":[{"@type":"ReadAction","target":["https:\/\/www.accuratereviews.com\/it\/plangrid-recensione\/"]}]},{"@type":"ImageObject","inLanguage":"it-IT","@id":"https:\/\/www.accuratereviews.com\/it\/plangrid-recensione\/#primaryimage","url":"https:\/\/www.accuratereviews.com\/wp-content\/uploads\/2020\/04\/plangrid-vector-logo.png","contentUrl":"https:\/\/www.accuratereviews.com\/wp-content\/uploads\/2020\/04\/plangrid-vector-logo.png","width":900,"height":500},{"@type":"BreadcrumbList","@id":"https:\/\/www.accuratereviews.com\/it\/plangrid-recensione\/#breadcrumb","itemListElement":[{"@type":"ListItem","position":1,"name":"Home","item":"https:\/\/www.accuratereviews.com\/it\/"},{"@type":"ListItem","position":2,"name":"PlanGrid"}]},{"@type":"WebSite","@id":"https:\/\/www.accuratereviews.com\/it\/#website","url":"https:\/\/www.accuratereviews.com\/it\/","name":"Accurate Reviews","description":"","potentialAction":[{"@type":"SearchAction","target":{"@type":"EntryPoint","urlTemplate":"https:\/\/www.accuratereviews.com\/it\/?s={search_term_string}"},"query-input":{"@type":"PropertyValueSpecification","valueRequired":true,"valueName":"search_term_string"}}],"inLanguage":"it-IT"}]}},"_links":{"self":[{"href":"https:\/\/www.accuratereviews.com\/it\/wp-json\/wp\/v2\/pages\/25094","targetHints":{"allow":["GET"]}}],"collection":[{"href":"https:\/\/www.accuratereviews.com\/it\/wp-json\/wp\/v2\/pages"}],"about":[{"href":"https:\/\/www.accuratereviews.com\/it\/wp-json\/wp\/v2\/types\/page"}],"author":[{"embeddable":true,"href":"https:\/\/www.accuratereviews.com\/it\/wp-json\/wp\/v2\/users\/19"}],"replies":[{"embeddable":true,"href":"https:\/\/www.accuratereviews.com\/it\/wp-json\/wp\/v2\/comments?post=25094"}],"version-history":[{"count":9,"href":"https:\/\/www.accuratereviews.com\/it\/wp-json\/wp\/v2\/pages\/25094\/revisions"}],"predecessor-version":[{"id":70732,"href":"https:\/\/www.accuratereviews.com\/it\/wp-json\/wp\/v2\/pages\/25094\/revisions\/70732"}],"wp:featuredmedia":[{"embeddable":true,"href":"https:\/\/www.accuratereviews.com\/it\/wp-json\/wp\/v2\/media\/25095"}],"wp:attachment":[{"href":"https:\/\/www.accuratereviews.com\/it\/wp-json\/wp\/v2\/media?parent=25094"}],"wp:term":[{"taxonomy":"category","embeddable":true,"href":"https:\/\/www.accuratereviews.com\/it\/wp-json\/wp\/v2\/categories?post=25094"},{"taxonomy":"post_tag","embeddable":true,"href":"https:\/\/www.accuratereviews.com\/it\/wp-json\/wp\/v2\/tags?post=25094"},{"taxonomy":"features","embeddable":true,"href":"https:\/\/www.accuratereviews.com\/it\/wp-json\/wp\/v2\/features?post=25094"}],"curies":[{"name":"wp","href":"https:\/\/api.w.org\/{rel}","templated":true}]}}