{"id":25146,"date":"2020-04-08T10:52:34","date_gmt":"2020-04-08T10:52:34","guid":{"rendered":"https:\/\/www.accuratereviews.com\/?page_id=25146"},"modified":"2023-07-08T08:35:14","modified_gmt":"2023-07-08T08:35:14","slug":"stack-recensione","status":"publish","type":"page","link":"https:\/\/www.accuratereviews.com\/it\/stack-recensione\/","title":{"rendered":"Stack"},"content":{"rendered":"<p><strong>Stack<\/strong> \u00e8 un software di stima basato sul web che fornisce <strong>strumenti completi per progetti di costruzione<\/strong> di tutte le dimensioni. Il suo obiettivo \u00e8 semplificare il processo di stima e accelerare la produzione.\u00a0\u00c8 un servizio <strong>basato su cloud<\/strong>\u00a0programmato per aiutare gli utenti ad acquisire stime accurate della quantit\u00e0 e della qualit\u00e0 del materiale insieme a prezzi resi flessibili per ogni esigenza di costruzione. Ideale per appalti generali, calcestruzzo, costruttori di case, finiture interne, architettura del paesaggio, muratura, meccanica, elettrica, HVAC, idraulica, coperture, acciaio strutturale e commerci speciali. Offre un modello professionale personalizzabile per le proposte di progetto. I piani di progetto possono essere caricati, visualizzati e modificati ovunque.<\/p>\n<h2>STACK &#8211; TUTORIAL<\/h2>\n<p>Il tutorial che seguir\u00e0 illustra come caricare un progetto da zero utilizzando questo<strong> software gestionale per l&#8217;edilizia<\/strong>:<\/p>\n<div id=\"fluid-wrapper-counter-1\" class=\"g1-fluid-wrapper \" style=\"width:686px;\">\n<div style=\"padding-bottom:56.268221574344%;\"><iframe loading=\"lazy\" title=\"You&#039;re In!  Quickly get started on your first STACK takeoff.\" width=\"686\" height=\"386\" src=\"https:\/\/www.youtube.com\/embed\/B4raalmpHtk?feature=oembed&amp;wmode=transparent&amp;autohide=1&amp;autoplay=0&amp;disablekb=0&amp;fs=1&amp;loop=0&amp;enablejsapi=1&amp;rel=0&amp;controls=2&amp;showinfo=0&amp;wmode=transparent&amp;autohide=2&amp;autoplay=0&amp;disablekb=0&amp;fs=1&amp;loop=0&amp;enablejsapi=1&amp;rel=0&amp;controls=2&amp;showinfo=1\" frameborder=\"0\" allow=\"accelerometer; autoplay; clipboard-write; encrypted-media; gyroscope; picture-in-picture; web-share\" allowfullscreen><\/iframe><\/div>\n<\/div>\n<h3>STACK &#8211; CARATTERISTICHE<\/h3>\n<ul>\n<li><strong>Gestione di piani, specifiche e documenti:<\/strong> mantenere organizzati i dettagli del progetto e i documenti giustificativi non \u00e8 mai stato cos\u00ec facile.<\/li>\n<li><strong>Collaborazione in team<\/strong>: usa robuste funzioni di markup, callout, condivisione e invito per mantenere allineato il tuo team.<\/li>\n<li><strong>Cloud<\/strong>:\u00a0consente al tuo team di lavorare sempre e ovunque.<\/li>\n<li><strong>Rapporti di progetto e analisi<\/strong>: crea elenchi di materiali, genera report e finalizza facilmente le stime dei progetti.<\/li>\n<li><strong>Costo del lavoro<\/strong>: calcola facilmente il lavoro dell&#8217;equipaggio e contabilizza i costi del personale nelle tue stime.<\/li>\n<li><strong>Misurazione veloce<\/strong>: misura con sicurezza i piani e quantifica i materiali del progetto in meno tempo.<\/li>\n<li><strong>Pdf, Tiff &amp; Google Earth compatibile<\/strong>: importa e utilizza facilmente immagini da Google Earth.<\/li>\n<li><strong>Materiali pre-costruiti e personalizzati<\/strong>: sfrutta una libreria di elementi e sistemi di copertura o aggiungi i tuoi materiali personalizzati.<\/li>\n<li><strong>Tipi di misura flessibili:<\/strong> regola il tipo di partenza per determinare l&#8217;area e le misure lineari.<\/li>\n<li><strong>Preventivi all-inclusive<\/strong>: incorporare al progetto la manodopera, attrezzature, eccesso, margine di profitto, tasse e altro ancora.<\/li>\n<\/ul>\n<h4>LE RECENSIONI DEGLI UTENTI<\/h4>\n<h4 class=\"font-weight-bold my-1 d-flex align-items-center\">Ryan N.\u00a0&#8220;Ex utenti di altri software&#8221;<\/h4>\n<p><strong>Vantaggi: <\/strong>Eseguiamo il programma da pi\u00f9 posizioni. Con il nostro vecchio software era basato su desktop e non era accessibile da remoto. Anche il nostro vecchio programma richiedeva l&#8217;esecuzione di Parallels su Mac. Con Stack possiamo accedere da qualsiasi dispositivo mobile, laptop e desktop che ha Internet. Per noi \u00e8 stato un vero punto di svolta.<\/p>\n<p><strong>Inconvenienti: <\/strong>L&#8217;unico svantaggio \u00e8 che ti vengono addebitati dall&#8217;utente. Se si dispone di un singolo account \u00c8 possibile accedere solo a una persona. Quindi, se diciamo che un ragazzo sul campo deve accedere a unastima. Non riesco ad accedere contemporaneamente. Detto questo, qualsiasi buon programma non sar\u00e0 economico da possedere.<\/p>\n<h5 class=\"font-weight-bold my-1 d-flex align-items-center\">Todd D.\u00a0&#8220;Efficienza di stack&#8221;<\/h5>\n<p><strong>Commenti: <\/strong>Questo software ci ha dato un vantaggio competitivo nel garantire opportunit\u00e0 di offerta.<\/p>\n<p><strong>Vantaggi: <\/strong>Il software \u00e8 intuitivo ed efficiente.<\/p>\n<p><strong>Inconvenienti: <\/strong>\u00c8 macchinoso aggiungere specificit\u00e0 alle misure, come dimensioni specifiche del mattone o della pietra.<\/p>\n<h4 class=\"font-weight-bold my-1 d-flex align-items-center\">Daniel S.\u00a0&#8220;Un grande valore complessivo per stime rapide e precise&#8221;<\/h4>\n<p><strong>Vantaggi: <\/strong>Questo software \u00e8 estremamente personalizzabile. Siamo stati in grado di impostare le nostre categorie sin dall&#8217;inizio per abbinare le nostre categorie di costo del lavoro, il che ha reso l&#8217;importazione delle nostre quantit\u00e0 nelle nostre stime un processo molto semplice e facile.<\/p>\n<p><strong>Inconvenienti: <\/strong>\u00c8 un po &#8216;costoso poich\u00e9 \u00e8 un modello di abbonamento, ma alla fine compensano gli aggiornamenti costanti e l&#8217;ottimo supporto tecnico. Anche le guide di addestramento sono di prim&#8217;ordine.<\/p>\n","protected":false},"excerpt":{"rendered":"<p>Stack \u00e8 un software di stima basato sul web che fornisce strumenti completi per progetti di costruzione di tutte le dimensioni. Il suo obiettivo \u00e8 semplificare il processo di stima e accelerare la produzione.\u00a0\u00c8 un servizio basato su cloud\u00a0programmato per aiutare gli utenti ad acquisire stime accurate della quantit\u00e0 e della qualit\u00e0 del materiale insieme a prezzi resi flessibili per ogni esigenza di costruzione.<\/p>\n","protected":false},"author":19,"featured_media":25147,"parent":0,"menu_order":0,"comment_status":"open","ping_status":"closed","template":"g1_template_page_review_new.php","meta":{"_acf_changed":false,"cwp_meta_box_check":"Yes","cwp_rev_product_name":"","cwp_rev_product_image":"","wppr_links":[],"cwp_rev_price":"","wppr_options":[{"name":"Usability","value":"0"},{"name":"Speed","value":"0"},{"name":"Features","value":"0"},{"name":"Support","value":"0"},{"name":"Pricing","value":"0"}],"wppr_pros":["","","","",""],"wppr_cons":["","","","",""],"_monsterinsights_skip_tracking":false,"_monsterinsights_sitenote_active":false,"_monsterinsights_sitenote_note":"","_monsterinsights_sitenote_category":0,"footnotes":""},"categories":[2459],"tags":[396,2460,2506,2473,2496,2461,2495,2462,2553],"features":[],"class_list":{"0":"post-25146","1":"page","2":"type-page","3":"status-publish","4":"has-post-thumbnail","6":"category-gestionale-per-edilizia-cat","7":"tag-cloud","8":"tag-construction-management-software","9":"tag-programma-gestionale-per-costruzioni","10":"tag-programma-gestionale-per-ledilizia","11":"tag-software-gestionale-per-costruzioni","12":"tag-software-gestionale-per-lediizia","13":"tag-soluzione-gestionale-per-costruzioni","14":"tag-soluzione-gestionale-per-ledilizia","15":"tag-stack"},"wppr_data":{"cwp_meta_box_check":"Yes","cwp_rev_product_name":"","_wppr_review_template":"default","cwp_rev_product_image":"","cwp_image_link":"image","wppr_links":[],"cwp_rev_price":"","wppr_pros":["","","","",""],"wppr_cons":["","","","",""],"wppr_rating":"0.00","wppr_options":{"1":{"name":"Usability","value":"0"},"2":{"name":"Speed","value":"0"},"3":{"name":"Features","value":"0"},"4":{"name":"Support","value":"0"},"5":{"name":"Pricing","value":"0"}},"wppr_review_type":"Product","wppr_review_custom_fields":{"additionalProperty":"","additionalType":"","aggregateRating":"","alternateName":"","audience":"","award":"","awards":"","brand":"","color":"","depth":"","description":"","disambiguatingDescription":"","gtin12":"","gtin13":"","gtin14":"","gtin8":"","height":"","identifier":"","image":"","isAccessoryOrSparePartFor":"","isConsumableFor":"","isRelatedTo":"","isSimilarTo":"","itemCondition":"","logo":"","mainEntityOfPage":"","manufacturer":"","material":"","model":"","mpn":"","name":"","offers":"","potentialAction":"","productID":"","productionDate":"","purchaseDate":"","releaseDate":"","review":"","reviews":"","sameAs":"","sku":"","slogan":"","subjectOf":"","url":"","weight":"","width":""}},"acf":[],"yoast_head":"<!-- This site is optimized with the Yoast SEO plugin v27.4 - https:\/\/yoast.com\/product\/yoast-seo-wordpress\/ -->\n<title>Stack: recensione software gestionale per edilizia - Accurate Reviews<\/title>\n<meta name=\"description\" content=\"Stack: recensione software di stima basato sul web che fornisce strumenti completi per progetti di costruzione di tutte le dimensioni.\" \/>\n<meta name=\"robots\" content=\"index, follow, max-snippet:-1, max-image-preview:large, max-video-preview:-1\" \/>\n<link rel=\"canonical\" href=\"https:\/\/www.accuratereviews.com\/it\/stack-recensione\/\" \/>\n<meta property=\"og:locale\" content=\"it_IT\" \/>\n<meta property=\"og:type\" content=\"article\" \/>\n<meta property=\"og:title\" content=\"Stack: recensione software gestionale per edilizia - Accurate Reviews\" \/>\n<meta property=\"og:description\" content=\"Stack: recensione software di stima basato sul web che fornisce strumenti completi per progetti di costruzione di tutte le dimensioni.\" \/>\n<meta property=\"og:url\" content=\"https:\/\/www.accuratereviews.com\/it\/stack-recensione\/\" \/>\n<meta property=\"og:site_name\" content=\"Accurate Reviews\" \/>\n<meta property=\"article:modified_time\" content=\"2023-07-08T08:35:14+00:00\" \/>\n<meta property=\"og:image\" content=\"https:\/\/www.accuratereviews.com\/wp-content\/uploads\/2020\/04\/Stack-logo-Hero.png\" \/>\n\t<meta property=\"og:image:width\" content=\"1680\" \/>\n\t<meta property=\"og:image:height\" content=\"900\" \/>\n\t<meta property=\"og:image:type\" content=\"image\/png\" \/>\n<meta name=\"twitter:card\" content=\"summary_large_image\" \/>\n<meta name=\"twitter:label1\" content=\"Tempo di lettura stimato\" \/>\n\t<meta name=\"twitter:data1\" content=\"3 minuti\" \/>\n<script type=\"application\/ld+json\" class=\"yoast-schema-graph\">{\"@context\":\"https:\\\/\\\/schema.org\",\"@graph\":[{\"@type\":\"WebPage\",\"@id\":\"https:\\\/\\\/www.accuratereviews.com\\\/it\\\/stack-recensione\\\/\",\"url\":\"https:\\\/\\\/www.accuratereviews.com\\\/it\\\/stack-recensione\\\/\",\"name\":\"Stack: recensione software gestionale per edilizia - Accurate Reviews\",\"isPartOf\":{\"@id\":\"https:\\\/\\\/www.accuratereviews.com\\\/it\\\/#website\"},\"primaryImageOfPage\":{\"@id\":\"https:\\\/\\\/www.accuratereviews.com\\\/it\\\/stack-recensione\\\/#primaryimage\"},\"image\":{\"@id\":\"https:\\\/\\\/www.accuratereviews.com\\\/it\\\/stack-recensione\\\/#primaryimage\"},\"thumbnailUrl\":\"https:\\\/\\\/www.accuratereviews.com\\\/wp-content\\\/uploads\\\/2020\\\/04\\\/Stack-logo-Hero.png\",\"datePublished\":\"2020-04-08T10:52:34+00:00\",\"dateModified\":\"2023-07-08T08:35:14+00:00\",\"description\":\"Stack: recensione software di stima basato sul web che fornisce strumenti completi per progetti di costruzione di tutte le dimensioni.\",\"breadcrumb\":{\"@id\":\"https:\\\/\\\/www.accuratereviews.com\\\/it\\\/stack-recensione\\\/#breadcrumb\"},\"inLanguage\":\"it-IT\",\"potentialAction\":[{\"@type\":\"ReadAction\",\"target\":[\"https:\\\/\\\/www.accuratereviews.com\\\/it\\\/stack-recensione\\\/\"]}]},{\"@type\":\"ImageObject\",\"inLanguage\":\"it-IT\",\"@id\":\"https:\\\/\\\/www.accuratereviews.com\\\/it\\\/stack-recensione\\\/#primaryimage\",\"url\":\"https:\\\/\\\/www.accuratereviews.com\\\/wp-content\\\/uploads\\\/2020\\\/04\\\/Stack-logo-Hero.png\",\"contentUrl\":\"https:\\\/\\\/www.accuratereviews.com\\\/wp-content\\\/uploads\\\/2020\\\/04\\\/Stack-logo-Hero.png\",\"width\":1680,\"height\":900},{\"@type\":\"BreadcrumbList\",\"@id\":\"https:\\\/\\\/www.accuratereviews.com\\\/it\\\/stack-recensione\\\/#breadcrumb\",\"itemListElement\":[{\"@type\":\"ListItem\",\"position\":1,\"name\":\"Home\",\"item\":\"https:\\\/\\\/www.accuratereviews.com\\\/it\\\/\"},{\"@type\":\"ListItem\",\"position\":2,\"name\":\"Stack\"}]},{\"@type\":\"WebSite\",\"@id\":\"https:\\\/\\\/www.accuratereviews.com\\\/it\\\/#website\",\"url\":\"https:\\\/\\\/www.accuratereviews.com\\\/it\\\/\",\"name\":\"Accurate Reviews\",\"description\":\"\",\"potentialAction\":[{\"@type\":\"SearchAction\",\"target\":{\"@type\":\"EntryPoint\",\"urlTemplate\":\"https:\\\/\\\/www.accuratereviews.com\\\/it\\\/?s={search_term_string}\"},\"query-input\":{\"@type\":\"PropertyValueSpecification\",\"valueRequired\":true,\"valueName\":\"search_term_string\"}}],\"inLanguage\":\"it-IT\"}]}<\/script>\n<!-- \/ Yoast SEO plugin. -->","yoast_head_json":{"title":"Stack: recensione software gestionale per edilizia - Accurate Reviews","description":"Stack: recensione software di stima basato sul web che fornisce strumenti completi per progetti di costruzione di tutte le dimensioni.","robots":{"index":"index","follow":"follow","max-snippet":"max-snippet:-1","max-image-preview":"max-image-preview:large","max-video-preview":"max-video-preview:-1"},"canonical":"https:\/\/www.accuratereviews.com\/it\/stack-recensione\/","og_locale":"it_IT","og_type":"article","og_title":"Stack: recensione software gestionale per edilizia - Accurate Reviews","og_description":"Stack: recensione software di stima basato sul web che fornisce strumenti completi per progetti di costruzione di tutte le dimensioni.","og_url":"https:\/\/www.accuratereviews.com\/it\/stack-recensione\/","og_site_name":"Accurate Reviews","article_modified_time":"2023-07-08T08:35:14+00:00","og_image":[{"width":1680,"height":900,"url":"https:\/\/www.accuratereviews.com\/wp-content\/uploads\/2020\/04\/Stack-logo-Hero.png","type":"image\/png"}],"twitter_card":"summary_large_image","twitter_misc":{"Tempo di lettura stimato":"3 minuti"},"schema":{"@context":"https:\/\/schema.org","@graph":[{"@type":"WebPage","@id":"https:\/\/www.accuratereviews.com\/it\/stack-recensione\/","url":"https:\/\/www.accuratereviews.com\/it\/stack-recensione\/","name":"Stack: recensione software gestionale per edilizia - Accurate Reviews","isPartOf":{"@id":"https:\/\/www.accuratereviews.com\/it\/#website"},"primaryImageOfPage":{"@id":"https:\/\/www.accuratereviews.com\/it\/stack-recensione\/#primaryimage"},"image":{"@id":"https:\/\/www.accuratereviews.com\/it\/stack-recensione\/#primaryimage"},"thumbnailUrl":"https:\/\/www.accuratereviews.com\/wp-content\/uploads\/2020\/04\/Stack-logo-Hero.png","datePublished":"2020-04-08T10:52:34+00:00","dateModified":"2023-07-08T08:35:14+00:00","description":"Stack: recensione software di stima basato sul web che fornisce strumenti completi per progetti di costruzione di tutte le dimensioni.","breadcrumb":{"@id":"https:\/\/www.accuratereviews.com\/it\/stack-recensione\/#breadcrumb"},"inLanguage":"it-IT","potentialAction":[{"@type":"ReadAction","target":["https:\/\/www.accuratereviews.com\/it\/stack-recensione\/"]}]},{"@type":"ImageObject","inLanguage":"it-IT","@id":"https:\/\/www.accuratereviews.com\/it\/stack-recensione\/#primaryimage","url":"https:\/\/www.accuratereviews.com\/wp-content\/uploads\/2020\/04\/Stack-logo-Hero.png","contentUrl":"https:\/\/www.accuratereviews.com\/wp-content\/uploads\/2020\/04\/Stack-logo-Hero.png","width":1680,"height":900},{"@type":"BreadcrumbList","@id":"https:\/\/www.accuratereviews.com\/it\/stack-recensione\/#breadcrumb","itemListElement":[{"@type":"ListItem","position":1,"name":"Home","item":"https:\/\/www.accuratereviews.com\/it\/"},{"@type":"ListItem","position":2,"name":"Stack"}]},{"@type":"WebSite","@id":"https:\/\/www.accuratereviews.com\/it\/#website","url":"https:\/\/www.accuratereviews.com\/it\/","name":"Accurate Reviews","description":"","potentialAction":[{"@type":"SearchAction","target":{"@type":"EntryPoint","urlTemplate":"https:\/\/www.accuratereviews.com\/it\/?s={search_term_string}"},"query-input":{"@type":"PropertyValueSpecification","valueRequired":true,"valueName":"search_term_string"}}],"inLanguage":"it-IT"}]}},"_links":{"self":[{"href":"https:\/\/www.accuratereviews.com\/it\/wp-json\/wp\/v2\/pages\/25146","targetHints":{"allow":["GET"]}}],"collection":[{"href":"https:\/\/www.accuratereviews.com\/it\/wp-json\/wp\/v2\/pages"}],"about":[{"href":"https:\/\/www.accuratereviews.com\/it\/wp-json\/wp\/v2\/types\/page"}],"author":[{"embeddable":true,"href":"https:\/\/www.accuratereviews.com\/it\/wp-json\/wp\/v2\/users\/19"}],"replies":[{"embeddable":true,"href":"https:\/\/www.accuratereviews.com\/it\/wp-json\/wp\/v2\/comments?post=25146"}],"version-history":[{"count":8,"href":"https:\/\/www.accuratereviews.com\/it\/wp-json\/wp\/v2\/pages\/25146\/revisions"}],"predecessor-version":[{"id":70617,"href":"https:\/\/www.accuratereviews.com\/it\/wp-json\/wp\/v2\/pages\/25146\/revisions\/70617"}],"wp:featuredmedia":[{"embeddable":true,"href":"https:\/\/www.accuratereviews.com\/it\/wp-json\/wp\/v2\/media\/25147"}],"wp:attachment":[{"href":"https:\/\/www.accuratereviews.com\/it\/wp-json\/wp\/v2\/media?parent=25146"}],"wp:term":[{"taxonomy":"category","embeddable":true,"href":"https:\/\/www.accuratereviews.com\/it\/wp-json\/wp\/v2\/categories?post=25146"},{"taxonomy":"post_tag","embeddable":true,"href":"https:\/\/www.accuratereviews.com\/it\/wp-json\/wp\/v2\/tags?post=25146"},{"taxonomy":"features","embeddable":true,"href":"https:\/\/www.accuratereviews.com\/it\/wp-json\/wp\/v2\/features?post=25146"}],"curies":[{"name":"wp","href":"https:\/\/api.w.org\/{rel}","templated":true}]}}