{"id":25153,"date":"2020-04-08T10:56:39","date_gmt":"2020-04-08T10:56:39","guid":{"rendered":"https:\/\/www.accuratereviews.com\/?page_id=25153"},"modified":"2023-07-08T09:26:48","modified_gmt":"2023-07-08T09:26:48","slug":"letsbuild-recensione","status":"publish","type":"page","link":"https:\/\/www.accuratereviews.com\/it\/letsbuild-recensione\/","title":{"rendered":"LetsBuild"},"content":{"rendered":"<p><strong>LetsBuild<\/strong> \u00e8 un <strong>software di gestione di progetti di costruzione<\/strong> che combina due strumenti per la gestione end-to-end in fase di costruzione. I due prodotti, <strong>GenieBelt e Aproplan<\/strong>, sono realizzati rispettivamente per la pianificazione in tempo reale e il monitoraggio in loco.\u00a0GenieBelt si concentra principalmente sulla fornitura di accesso in tempo reale ai progressi e alla pianificazione del progetto. I lavoratori in loco possono accedere al software tramite la loro app mobile per fornire aggiornamenti a manager e dirigenti. Nel frattempo, Aproplan consente ai team in loco di facilitare le ispezioni in modo digitale. Quando un progetto \u00e8 ben organizzato, la societ\u00e0 pu\u00f2 risparmiare sulle spese relative a quel progetto e questa soluzione lo rende possibile eliminando la necessit\u00e0 di utilizzare software aggiuntivi.<\/p>\n<h2>LETSBUILD &#8211; TUTORIAL<\/h2>\n<p>Ecco un tutorial in cui illustra le funzioni principali di questo software gestionale per l&#8217;edilizia:<\/p>\n<div id=\"fluid-wrapper-counter-1\" class=\"g1-fluid-wrapper \" style=\"width:686px;\">\n<div style=\"padding-bottom:56.268221574344%;\"><iframe loading=\"lazy\" title=\"GenieBelt and APROPLAN Merge to form LetsBuild!\" width=\"686\" height=\"386\" src=\"https:\/\/www.youtube.com\/embed\/d3BzFG4CLvY?feature=oembed&amp;wmode=transparent&amp;autohide=1&amp;autoplay=0&amp;disablekb=0&amp;fs=1&amp;loop=0&amp;enablejsapi=1&amp;rel=0&amp;controls=2&amp;showinfo=0&amp;wmode=transparent&amp;autohide=2&amp;autoplay=0&amp;disablekb=0&amp;fs=1&amp;loop=0&amp;enablejsapi=1&amp;rel=0&amp;controls=2&amp;showinfo=1\" frameborder=\"0\" allow=\"accelerometer; autoplay; clipboard-write; encrypted-media; gyroscope; picture-in-picture; web-share\" allowfullscreen><\/iframe><\/div>\n<\/div>\n<h2>LETSBUILD &#8211; CARATTERISTICHE<\/h2>\n<ul>\n<li>Allega foto di avanzamento come documentazione<\/li>\n<li>Acquisisci tutti i dati del cantiere in una traccia di controllo dettagliata<\/li>\n<li>Metadati completi per un migliore processo decisionale<\/li>\n<li>Dai vita al tuo piano di costruzione con aggiornamenti in tempo reale<\/li>\n<li>Comunicazione basata su attivit\u00e0 in un hub centralizzato<\/li>\n<li>Pianifica gli ordini e le consegne dei materiali<\/li>\n<li>Automatizza i processi di conformit\u00e0<\/li>\n<li>Rapporti sullo stato di avanzamento eseguiti correttamente<\/li>\n<li>Avvisa automaticamente le persone giuste<\/li>\n<li>Rapporti di avanzamento basati su pianificazione<\/li>\n<li>Collaborazione ottimizzata<\/li>\n<li>Rapporti PDF con informazioni aggiornate<\/li>\n<li>Mantieni il pieno controllo del programma<\/li>\n<li>Evitare il sovraccarico di informazioni<\/li>\n<li>Trasforma diagrammi di Gantt complessi in attivit\u00e0 comprensibili<\/li>\n<li>Informazioni chiare al momento giusto<\/li>\n<li>Panoramica dei dati in tempo reale<\/li>\n<li>Dashboard generati automaticamente<\/li>\n<li>Condivisione con 1 clic<\/li>\n<li>Genera, condividi ed esporta facilmente i rapporti di costruzione<\/li>\n<li>Aggiungi attivit\u00e0, piani e foto per un contesto e una comunicazione efficace<\/li>\n<li>Scegli tra una vasta gamma di modelli di report<\/li>\n<li>Personalizza e condividi i rapporti con pochi clic<\/li>\n<li>Conserva tutti i dati del rapporto in un unico posto<\/li>\n<\/ul>\n<h4>LE RECENSIONI DEGLI UTENTI<\/h4>\n<h4 class=\"font-weight-bold my-1 d-flex align-items-center\">Ricardo B.&#8221;Ottimo strumento per l&#8217;edilizia&#8221;<\/h4>\n<p><strong>Commenti: <\/strong>Nel complesso Geniebelt ci ha aiutato a ridurre i tempi di costruzione. \u00c8 un ottimo strumento.<\/p>\n<p><strong>Vantaggi: <\/strong>Quello che mi piace di pi\u00f9 di Geniebelt \u00e8 il modo semplice per impararlo. Puoi interagire come un&#8217;app per social media, inserire commenti, dare Mi piace o notifiche.<\/p>\n<p><strong>Inconvenienti: <\/strong>Quello che mi piace di meno di Geniebelt \u00e8 a volte il crash dell&#8217;app web a causa della quantit\u00e0 di informazioni.<\/p>\n<h4 class=\"font-weight-bold my-1 d-flex align-items-center\">Torsten P.&#8221;Facile da configurare, ottima panoramica con il diagramma di Gantt&#8221;<\/h4>\n<p><strong>Commenti: <\/strong>Come azienda tecnologica, avevamo bisogno di uno strumento di gestione del progetto. Eravamo consapevoli che GenieBelt \u00e8 principalmente per scopi di costruzione di infrastrutture fisiche; ma abbiamo deciso di provarci, data la sua buona impressione iniziale. Ora siamo passati a uno strumento diverso (ma non abbiamo ancora deciso), poich\u00e9 ritenevamo che alcune cose chiave fossero forse troppo specificamente progettate per progetti di infrastrutture fisiche. Ci manca il diagramma di Gantt: ci ha fornito la migliore panoramica che abbiamo mai avuto, insieme a una facile interazione. Buona UX anche. Data la sua facilit\u00e0 di installazione, provalo e vedi se finisce per essere adatto.<\/p>\n<p><strong>Vantaggi: <\/strong>Diagramma di Gantt, ottima UX.<\/p>\n<p><strong>Inconvenienti: <\/strong>Troppo specificamente progettato per scopi di costruzione per noi (una societ\u00e0 tecnologica).<\/p>\n<h4 class=\"font-weight-bold my-1 d-flex align-items-center\">Timothy C.\u00a0&#8220;Incredibile strumento di gestione dei progetti per i costruttori in movimento&#8221;<\/h4>\n<p><strong>Vantaggi: <\/strong>Lo staff di Geniebelt ha lavorato a stretto contatto con il nostro team per garantire che siamo ben addestrati e che otteniamo il massimo dall&#8217;applicazione. Il prodotto in s\u00e9 \u00e8 il primo del suo genere che consente ai nostri team di lavorare a stretto contatto con l&#8217;ufficio, aggiornando lo stato, la pianificazione e i problemi. Ha salvato migliaia di aziende e vale la pena provare se si desidera migliorare i processi attuali, in particolare quando si tratta di un sistema PM facile da implementare, seguire e aggiornare.<\/p>\n<p><strong>Inconvenienti: <\/strong>Non c&#8217;\u00e8 nulla in particolare delle carenze che il team ha rapidamente preso in considerazione e nelle versioni future.<\/p>\n","protected":false},"excerpt":{"rendered":"<p>LetsBuild \u00e8 un software di gestione di progetti di costruzione che combina due strumenti per la gestione end-to-end in fase di costruzione. I due prodotti, GenieBelt e Aproplan, sono realizzati rispettivamente per la pianificazione in tempo reale e il monitoraggio in loco.<\/p>\n","protected":false},"author":19,"featured_media":25154,"parent":0,"menu_order":0,"comment_status":"open","ping_status":"closed","template":"g1_template_page_review_new.php","meta":{"_acf_changed":false,"cwp_meta_box_check":"Yes","cwp_rev_product_name":"","cwp_rev_product_image":"","wppr_links":[],"cwp_rev_price":"","wppr_options":[{"name":"Usability","value":"0"},{"name":"Speed","value":"0"},{"name":"Features","value":"0"},{"name":"Support","value":"0"},{"name":"Pricing","value":"0"}],"wppr_pros":["","","","",""],"wppr_cons":["","","","",""],"_monsterinsights_skip_tracking":false,"_monsterinsights_sitenote_active":false,"_monsterinsights_sitenote_note":"","_monsterinsights_sitenote_category":0,"footnotes":""},"categories":[2459],"tags":[396,2460,2554,2506,2473,2496,2461,2495,2462],"features":[],"class_list":{"0":"post-25153","1":"page","2":"type-page","3":"status-publish","4":"has-post-thumbnail","6":"category-gestionale-per-edilizia-cat","7":"tag-cloud","8":"tag-construction-management-software","9":"tag-letsbuild","10":"tag-programma-gestionale-per-costruzioni","11":"tag-programma-gestionale-per-ledilizia","12":"tag-software-gestionale-per-costruzioni","13":"tag-software-gestionale-per-lediizia","14":"tag-soluzione-gestionale-per-costruzioni","15":"tag-soluzione-gestionale-per-ledilizia"},"wppr_data":{"cwp_meta_box_check":"Yes","cwp_rev_product_name":"","_wppr_review_template":"default","cwp_rev_product_image":"","cwp_image_link":"image","wppr_links":[],"cwp_rev_price":"","wppr_pros":["","","","",""],"wppr_cons":["","","","",""],"wppr_rating":"0.00","wppr_options":{"1":{"name":"Usability","value":"0"},"2":{"name":"Speed","value":"0"},"3":{"name":"Features","value":"0"},"4":{"name":"Support","value":"0"},"5":{"name":"Pricing","value":"0"}},"wppr_review_type":"Product","wppr_review_custom_fields":{"additionalProperty":"","additionalType":"","aggregateRating":"","alternateName":"","audience":"","award":"","awards":"","brand":"","color":"","depth":"","description":"","disambiguatingDescription":"","gtin12":"","gtin13":"","gtin14":"","gtin8":"","height":"","identifier":"","image":"","isAccessoryOrSparePartFor":"","isConsumableFor":"","isRelatedTo":"","isSimilarTo":"","itemCondition":"","logo":"","mainEntityOfPage":"","manufacturer":"","material":"","model":"","mpn":"","name":"","offers":"","potentialAction":"","productID":"","productionDate":"","purchaseDate":"","releaseDate":"","review":"","reviews":"","sameAs":"","sku":"","slogan":"","subjectOf":"","url":"","weight":"","width":""}},"acf":[],"yoast_head":"<!-- This site is optimized with the Yoast SEO plugin v27.4 - https:\/\/yoast.com\/product\/yoast-seo-wordpress\/ -->\n<title>LetsBuild: recensione software gestionale edilizia - AR<\/title>\n<meta name=\"description\" content=\"LetsBuild: recensione software di gestione di progetti di costruzione che combina due strumenti per la gestione end-to-end in fase di costruzione.\" \/>\n<meta name=\"robots\" content=\"index, follow, max-snippet:-1, max-image-preview:large, max-video-preview:-1\" \/>\n<link rel=\"canonical\" href=\"https:\/\/www.accuratereviews.com\/it\/letsbuild-recensione\/\" \/>\n<meta property=\"og:locale\" content=\"it_IT\" \/>\n<meta property=\"og:type\" content=\"article\" \/>\n<meta property=\"og:title\" content=\"LetsBuild: recensione software gestionale edilizia - AR\" \/>\n<meta property=\"og:description\" content=\"LetsBuild: recensione software di gestione di progetti di costruzione che combina due strumenti per la gestione end-to-end in fase di costruzione.\" \/>\n<meta property=\"og:url\" content=\"https:\/\/www.accuratereviews.com\/it\/letsbuild-recensione\/\" \/>\n<meta property=\"og:site_name\" content=\"Accurate Reviews\" \/>\n<meta property=\"article:modified_time\" content=\"2023-07-08T09:26:48+00:00\" \/>\n<meta property=\"og:image\" content=\"https:\/\/www.accuratereviews.com\/wp-content\/uploads\/2020\/04\/lb-featured.jpg\" \/>\n\t<meta property=\"og:image:width\" content=\"1200\" \/>\n\t<meta property=\"og:image:height\" content=\"628\" \/>\n\t<meta property=\"og:image:type\" content=\"image\/jpeg\" \/>\n<meta name=\"twitter:card\" content=\"summary_large_image\" \/>\n<meta name=\"twitter:label1\" content=\"Tempo di lettura stimato\" \/>\n\t<meta name=\"twitter:data1\" content=\"4 minuti\" \/>\n<script type=\"application\/ld+json\" class=\"yoast-schema-graph\">{\"@context\":\"https:\\\/\\\/schema.org\",\"@graph\":[{\"@type\":\"WebPage\",\"@id\":\"https:\\\/\\\/www.accuratereviews.com\\\/it\\\/letsbuild-recensione\\\/\",\"url\":\"https:\\\/\\\/www.accuratereviews.com\\\/it\\\/letsbuild-recensione\\\/\",\"name\":\"LetsBuild: recensione software gestionale edilizia - AR\",\"isPartOf\":{\"@id\":\"https:\\\/\\\/www.accuratereviews.com\\\/it\\\/#website\"},\"primaryImageOfPage\":{\"@id\":\"https:\\\/\\\/www.accuratereviews.com\\\/it\\\/letsbuild-recensione\\\/#primaryimage\"},\"image\":{\"@id\":\"https:\\\/\\\/www.accuratereviews.com\\\/it\\\/letsbuild-recensione\\\/#primaryimage\"},\"thumbnailUrl\":\"https:\\\/\\\/www.accuratereviews.com\\\/wp-content\\\/uploads\\\/2020\\\/04\\\/lb-featured.jpg\",\"datePublished\":\"2020-04-08T10:56:39+00:00\",\"dateModified\":\"2023-07-08T09:26:48+00:00\",\"description\":\"LetsBuild: recensione software di gestione di progetti di costruzione che combina due strumenti per la gestione end-to-end in fase di costruzione.\",\"breadcrumb\":{\"@id\":\"https:\\\/\\\/www.accuratereviews.com\\\/it\\\/letsbuild-recensione\\\/#breadcrumb\"},\"inLanguage\":\"it-IT\",\"potentialAction\":[{\"@type\":\"ReadAction\",\"target\":[\"https:\\\/\\\/www.accuratereviews.com\\\/it\\\/letsbuild-recensione\\\/\"]}]},{\"@type\":\"ImageObject\",\"inLanguage\":\"it-IT\",\"@id\":\"https:\\\/\\\/www.accuratereviews.com\\\/it\\\/letsbuild-recensione\\\/#primaryimage\",\"url\":\"https:\\\/\\\/www.accuratereviews.com\\\/wp-content\\\/uploads\\\/2020\\\/04\\\/lb-featured.jpg\",\"contentUrl\":\"https:\\\/\\\/www.accuratereviews.com\\\/wp-content\\\/uploads\\\/2020\\\/04\\\/lb-featured.jpg\",\"width\":1200,\"height\":628},{\"@type\":\"BreadcrumbList\",\"@id\":\"https:\\\/\\\/www.accuratereviews.com\\\/it\\\/letsbuild-recensione\\\/#breadcrumb\",\"itemListElement\":[{\"@type\":\"ListItem\",\"position\":1,\"name\":\"Home\",\"item\":\"https:\\\/\\\/www.accuratereviews.com\\\/it\\\/\"},{\"@type\":\"ListItem\",\"position\":2,\"name\":\"LetsBuild\"}]},{\"@type\":\"WebSite\",\"@id\":\"https:\\\/\\\/www.accuratereviews.com\\\/it\\\/#website\",\"url\":\"https:\\\/\\\/www.accuratereviews.com\\\/it\\\/\",\"name\":\"Accurate Reviews\",\"description\":\"\",\"potentialAction\":[{\"@type\":\"SearchAction\",\"target\":{\"@type\":\"EntryPoint\",\"urlTemplate\":\"https:\\\/\\\/www.accuratereviews.com\\\/it\\\/?s={search_term_string}\"},\"query-input\":{\"@type\":\"PropertyValueSpecification\",\"valueRequired\":true,\"valueName\":\"search_term_string\"}}],\"inLanguage\":\"it-IT\"}]}<\/script>\n<!-- \/ Yoast SEO plugin. -->","yoast_head_json":{"title":"LetsBuild: recensione software gestionale edilizia - AR","description":"LetsBuild: recensione software di gestione di progetti di costruzione che combina due strumenti per la gestione end-to-end in fase di costruzione.","robots":{"index":"index","follow":"follow","max-snippet":"max-snippet:-1","max-image-preview":"max-image-preview:large","max-video-preview":"max-video-preview:-1"},"canonical":"https:\/\/www.accuratereviews.com\/it\/letsbuild-recensione\/","og_locale":"it_IT","og_type":"article","og_title":"LetsBuild: recensione software gestionale edilizia - AR","og_description":"LetsBuild: recensione software di gestione di progetti di costruzione che combina due strumenti per la gestione end-to-end in fase di costruzione.","og_url":"https:\/\/www.accuratereviews.com\/it\/letsbuild-recensione\/","og_site_name":"Accurate Reviews","article_modified_time":"2023-07-08T09:26:48+00:00","og_image":[{"width":1200,"height":628,"url":"https:\/\/www.accuratereviews.com\/wp-content\/uploads\/2020\/04\/lb-featured.jpg","type":"image\/jpeg"}],"twitter_card":"summary_large_image","twitter_misc":{"Tempo di lettura stimato":"4 minuti"},"schema":{"@context":"https:\/\/schema.org","@graph":[{"@type":"WebPage","@id":"https:\/\/www.accuratereviews.com\/it\/letsbuild-recensione\/","url":"https:\/\/www.accuratereviews.com\/it\/letsbuild-recensione\/","name":"LetsBuild: recensione software gestionale edilizia - AR","isPartOf":{"@id":"https:\/\/www.accuratereviews.com\/it\/#website"},"primaryImageOfPage":{"@id":"https:\/\/www.accuratereviews.com\/it\/letsbuild-recensione\/#primaryimage"},"image":{"@id":"https:\/\/www.accuratereviews.com\/it\/letsbuild-recensione\/#primaryimage"},"thumbnailUrl":"https:\/\/www.accuratereviews.com\/wp-content\/uploads\/2020\/04\/lb-featured.jpg","datePublished":"2020-04-08T10:56:39+00:00","dateModified":"2023-07-08T09:26:48+00:00","description":"LetsBuild: recensione software di gestione di progetti di costruzione che combina due strumenti per la gestione end-to-end in fase di costruzione.","breadcrumb":{"@id":"https:\/\/www.accuratereviews.com\/it\/letsbuild-recensione\/#breadcrumb"},"inLanguage":"it-IT","potentialAction":[{"@type":"ReadAction","target":["https:\/\/www.accuratereviews.com\/it\/letsbuild-recensione\/"]}]},{"@type":"ImageObject","inLanguage":"it-IT","@id":"https:\/\/www.accuratereviews.com\/it\/letsbuild-recensione\/#primaryimage","url":"https:\/\/www.accuratereviews.com\/wp-content\/uploads\/2020\/04\/lb-featured.jpg","contentUrl":"https:\/\/www.accuratereviews.com\/wp-content\/uploads\/2020\/04\/lb-featured.jpg","width":1200,"height":628},{"@type":"BreadcrumbList","@id":"https:\/\/www.accuratereviews.com\/it\/letsbuild-recensione\/#breadcrumb","itemListElement":[{"@type":"ListItem","position":1,"name":"Home","item":"https:\/\/www.accuratereviews.com\/it\/"},{"@type":"ListItem","position":2,"name":"LetsBuild"}]},{"@type":"WebSite","@id":"https:\/\/www.accuratereviews.com\/it\/#website","url":"https:\/\/www.accuratereviews.com\/it\/","name":"Accurate Reviews","description":"","potentialAction":[{"@type":"SearchAction","target":{"@type":"EntryPoint","urlTemplate":"https:\/\/www.accuratereviews.com\/it\/?s={search_term_string}"},"query-input":{"@type":"PropertyValueSpecification","valueRequired":true,"valueName":"search_term_string"}}],"inLanguage":"it-IT"}]}},"_links":{"self":[{"href":"https:\/\/www.accuratereviews.com\/it\/wp-json\/wp\/v2\/pages\/25153","targetHints":{"allow":["GET"]}}],"collection":[{"href":"https:\/\/www.accuratereviews.com\/it\/wp-json\/wp\/v2\/pages"}],"about":[{"href":"https:\/\/www.accuratereviews.com\/it\/wp-json\/wp\/v2\/types\/page"}],"author":[{"embeddable":true,"href":"https:\/\/www.accuratereviews.com\/it\/wp-json\/wp\/v2\/users\/19"}],"replies":[{"embeddable":true,"href":"https:\/\/www.accuratereviews.com\/it\/wp-json\/wp\/v2\/comments?post=25153"}],"version-history":[{"count":7,"href":"https:\/\/www.accuratereviews.com\/it\/wp-json\/wp\/v2\/pages\/25153\/revisions"}],"predecessor-version":[{"id":70620,"href":"https:\/\/www.accuratereviews.com\/it\/wp-json\/wp\/v2\/pages\/25153\/revisions\/70620"}],"wp:featuredmedia":[{"embeddable":true,"href":"https:\/\/www.accuratereviews.com\/it\/wp-json\/wp\/v2\/media\/25154"}],"wp:attachment":[{"href":"https:\/\/www.accuratereviews.com\/it\/wp-json\/wp\/v2\/media?parent=25153"}],"wp:term":[{"taxonomy":"category","embeddable":true,"href":"https:\/\/www.accuratereviews.com\/it\/wp-json\/wp\/v2\/categories?post=25153"},{"taxonomy":"post_tag","embeddable":true,"href":"https:\/\/www.accuratereviews.com\/it\/wp-json\/wp\/v2\/tags?post=25153"},{"taxonomy":"features","embeddable":true,"href":"https:\/\/www.accuratereviews.com\/it\/wp-json\/wp\/v2\/features?post=25153"}],"curies":[{"name":"wp","href":"https:\/\/api.w.org\/{rel}","templated":true}]}}