{"id":25173,"date":"2020-04-09T10:31:43","date_gmt":"2020-04-09T10:31:43","guid":{"rendered":"https:\/\/www.accuratereviews.com\/?page_id=25173"},"modified":"2020-04-09T10:31:43","modified_gmt":"2020-04-09T10:31:43","slug":"esub-subcontractor-recensione","status":"publish","type":"page","link":"https:\/\/www.accuratereviews.com\/it\/esub-subcontractor-recensione\/","title":{"rendered":"eSUB Subcontractor"},"content":{"rendered":"<p><strong>eSUB Subcontractor\u00a0<\/strong>\u00e8 un<strong>&#8216;applicazione mobile per la gestione edilizia<\/strong> basata su <strong>cloud<\/strong> che aiuta i subappaltatori commerciali di vari settori a gestire le operazioni quotidiane. La soluzione offre strumenti per connettere i lavoratori sul campo con i manager degli uffici e li assiste nell&#8217;avvio e nella gestione della documentazione di progetto. Elimina i processi manuali di monitoraggio dei progetti e automatizza la comunicazione del lavoro.\u00a0Crea progetti senza l&#8217;utilizzo della carta con un archivio centrale per informazioni sul tuo lavoro, foto, disegni, PDF e qualsiasi altro documento a cui tutti i membri del team accedono in tempo reale. Effettuando l&#8217;accesso tramite un portale Internet sicuro, il modulo di gestione dei progetti di <strong>eSUB<\/strong> consente ai subappaltatori di creare, registrare e tenere traccia di documenti importanti come richieste di informazioni (RFI), ordini di modifica e altro ancora.<\/p>\n<h2>ESUB &#8211; TUTORIAL<\/h2>\n<p>Ecco un tutorial per utilizzare nel miglior modo possibile questo <strong>software gestionale per l&#8217;edilizia<\/strong>:<\/p>\n<div id=\"fluid-wrapper-counter-1\" class=\"g1-fluid-wrapper \" style=\"width:686px;\">\n<div style=\"padding-bottom:56.268221574344%;\"><iframe loading=\"lazy\" title=\"eSUB Quick Tips Webinar  Scheduling Module\" width=\"686\" height=\"386\" src=\"https:\/\/www.youtube.com\/embed\/zGqFlrE_R-c?feature=oembed&amp;wmode=transparent&amp;autohide=1&amp;autoplay=0&amp;disablekb=0&amp;fs=1&amp;loop=0&amp;enablejsapi=1&amp;rel=0&amp;controls=2&amp;showinfo=0&amp;wmode=transparent&amp;autohide=2&amp;autoplay=0&amp;disablekb=0&amp;fs=1&amp;loop=0&amp;enablejsapi=1&amp;rel=0&amp;controls=2&amp;showinfo=1\" frameborder=\"0\" allow=\"accelerometer; autoplay; encrypted-media; gyroscope; picture-in-picture\" allowfullscreen><\/iframe><\/div>\n<\/div>\n<h2>ESUB &#8211; CARATTERISTICHE<\/h2>\n<ul>\n<li><strong>Applicazioni mobili<\/strong>: IOS e Android nativi che ti consentono di tenere traccia delle informazioni dal cantiere senza una connessione Internet<\/li>\n<li><strong>Note sul campo<\/strong>: i lavoratori sul campo possono fornire immediatamente feedback dettagliati al back office<\/li>\n<li><strong>Rapporti quotidiani<\/strong>: crea registri giornalieri che tengono traccia del tempo, del mix dell&#8217;equipaggio, del lavoro svolto e altro ancora<\/li>\n<li><strong>Integrazione mail:<\/strong> gestisci tutti i dettagli dei tuoi progetti all&#8217;interno di un database<\/li>\n<li><strong>File di progetto e contatti<\/strong>: archiviazione cloud illimitata per condividere file e contatti con il tuo team<\/li>\n<li><strong>Corrispondenza<\/strong>: scegli tra decine di modelli di lettere approvate dal settore<\/li>\n<li><strong>Calendario<\/strong>: tieni traccia degli elementi chiave in un calendario di progetto centrale<\/li>\n<li><strong>Obiettivi<\/strong>: imposta obiettivi del progetto che vengono tracciati con dati in tempo reale<\/li>\n<li><strong>Gestione aziendale:<\/strong> accedi a tutti i progetti di costruzione in un&#8217;unica posizione<\/li>\n<li><strong>Panoramica problemi:<\/strong> invia automaticamente email, calendario o promemoria di testo<\/li>\n<\/ul>\n<h4>LE RECENSIONI DEGLI UTENTI<\/h4>\n<h4 class=\"font-weight-bold my-1 d-flex align-items-center\">Travis F.&#8221;eSub vale la spesa&#8221;<\/h4>\n<p><strong>Vantaggi: <\/strong>Il pi\u00f9 grande vantaggio che vedo in eSub \u00e8 il modo in cui svolge compiti moderatamente complicati e li semplifica, rendendo il lavoro che svolgiamo molto pi\u00f9 efficiente. Sono anche impressionato dalle capacit\u00e0 di tracciamento di pi\u00f9 documenti, il che aiuta notevolmente l&#8217;organizzazione del nostro dipartimento.<\/p>\n<p><strong>Inconvenienti: <\/strong>Essere disconnesso dopo un po &#8216;di tempo e dover riconnettersi, specialmente durante la stesura di un documento.<\/p>\n<h5 class=\"font-weight-bold my-1 d-flex align-items-center\">Richard B.&#8221;Valutazione esub&#8221;<\/h5>\n<p><strong>Commenti: <\/strong>Buona esperienza<\/p>\n<p><strong>Vantaggi: <\/strong>La facilit\u00e0 di utilizzo degli ordini di modifica e il monitoraggio degli ordini di acquisto<\/p>\n<p><strong>Inconvenienti: <\/strong>Non torna indietro quando vuoi semplicemente andare alla vista precedente e ha bisogno di qualche campo in pi\u00f9 per le descrizioni negli ordini di modifica o pi\u00f9 aree predefinite<\/p>\n<h4 class=\"font-weight-bold my-1 d-flex align-items-center\">Steve W.&#8221;Gestisci la tua attivit\u00e0&#8221;<\/h4>\n<p><strong>Commenti: <\/strong>La verifica del lavoro \u00e8 stata completata, con la storia di ci\u00f2 che stava accadendo sul posto di lavoro. La capacit\u00e0 di vedere i progressi di ogni lavoro ogni giorno.<\/p>\n<p><strong>Vantaggi: <\/strong>\u00c8 facile vedere cosa sta succedendo in ogni lavoro con report giornalieri, immagini dei siti di lavoro per verificare i report, tenere traccia dell&#8217;avanzamento del lavoro dal budget fino alla fine. Per verificare gli obiettivi per verificare con ciascun dipartimento per scoprire se siamo avanti o indietro sul progetto.<\/p>\n<p><strong>Inconvenienti: <\/strong>Vorremmo impostare i budget e farli trasferire in Quick Books Enterprise in questo momento \u00e8 tutto a doppia entrata. Trasferisci l&#8217;elenco di fabbricazione \/ pull dall&#8217;azienda di libri veloci a Esub per la verifica del budget per i materiali e le spese di attrezzature al lavoro. Ci\u00f2 renderebbe i fogli di lavoro pre-fatturazione un gioco da ragazzi.<\/p>\n","protected":false},"excerpt":{"rendered":"<p>eSUB Subcontractor\u00a0\u00e8 un&#8217;applicazione mobile per la gestione edilizia basata su cloud che aiuta i subappaltatori commerciali di vari settori a gestire le operazioni quotidiane. La soluzione offre strumenti per connettere i lavoratori sul campo con i manager degli uffici e li assiste nell&#8217;avvio e nella gestione della documentazione di progetto.<\/p>\n","protected":false},"author":19,"featured_media":25174,"parent":0,"menu_order":0,"comment_status":"open","ping_status":"closed","template":"g1_template_page_review_new.php","meta":{"_acf_changed":false,"cwp_meta_box_check":"Yes","cwp_rev_product_name":"","cwp_rev_product_image":"","wppr_links":[],"cwp_rev_price":"","wppr_options":[],"wppr_pros":[],"wppr_cons":[],"_monsterinsights_skip_tracking":false,"_monsterinsights_sitenote_active":false,"_monsterinsights_sitenote_note":"","_monsterinsights_sitenote_category":0,"footnotes":""},"categories":[2459],"tags":[396,2460,2561,2506,2473,2496,2461,2495,2462],"features":[],"class_list":{"0":"post-25173","1":"page","2":"type-page","3":"status-publish","4":"has-post-thumbnail","6":"category-gestionale-per-edilizia-cat","7":"tag-cloud","8":"tag-construction-management-software","9":"tag-esub-subcontractor","10":"tag-programma-gestionale-per-costruzioni","11":"tag-programma-gestionale-per-ledilizia","12":"tag-software-gestionale-per-costruzioni","13":"tag-software-gestionale-per-lediizia","14":"tag-soluzione-gestionale-per-costruzioni","15":"tag-soluzione-gestionale-per-ledilizia"},"wppr_data":{"cwp_meta_box_check":"Yes","cwp_rev_product_name":"","cwp_rev_product_image":"","cwp_image_link":"image","cwp_rev_price":"","wppr_rating":"0.00"},"acf":[],"yoast_head":"<!-- This site is optimized with the Yoast SEO plugin v27.4 - https:\/\/yoast.com\/product\/yoast-seo-wordpress\/ -->\n<title>eSUB Subcontractor: software gestionale per edilizia - Accurate Reviews<\/title>\n<meta name=\"description\" content=\"eSUB Subcontractor: recensione\u00a0software per la gestione edilizia basata su cloud che aiuta i subappaltatori a gestire le operazioni quotidiane.\" \/>\n<meta name=\"robots\" content=\"index, follow, max-snippet:-1, max-image-preview:large, max-video-preview:-1\" \/>\n<link rel=\"canonical\" href=\"https:\/\/www.accuratereviews.com\/it\/esub-subcontractor-recensione\/\" \/>\n<meta property=\"og:locale\" content=\"it_IT\" \/>\n<meta property=\"og:type\" content=\"article\" \/>\n<meta property=\"og:title\" content=\"eSUB Subcontractor: software gestionale per edilizia - Accurate Reviews\" \/>\n<meta property=\"og:description\" content=\"eSUB Subcontractor: recensione\u00a0software per la gestione edilizia basata su cloud che aiuta i subappaltatori a gestire le operazioni quotidiane.\" \/>\n<meta property=\"og:url\" content=\"https:\/\/www.accuratereviews.com\/it\/esub-subcontractor-recensione\/\" \/>\n<meta property=\"og:site_name\" content=\"Accurate Reviews\" \/>\n<meta property=\"og:image\" content=\"https:\/\/www.accuratereviews.com\/wp-content\/uploads\/2020\/04\/eSUB-Logo.png\" \/>\n\t<meta property=\"og:image:width\" content=\"700\" \/>\n\t<meta property=\"og:image:height\" content=\"375\" \/>\n\t<meta property=\"og:image:type\" content=\"image\/png\" \/>\n<meta name=\"twitter:card\" content=\"summary_large_image\" \/>\n<meta name=\"twitter:label1\" content=\"Tempo di lettura stimato\" \/>\n\t<meta name=\"twitter:data1\" content=\"3 minuti\" \/>\n<script type=\"application\/ld+json\" class=\"yoast-schema-graph\">{\"@context\":\"https:\\\/\\\/schema.org\",\"@graph\":[{\"@type\":\"WebPage\",\"@id\":\"https:\\\/\\\/www.accuratereviews.com\\\/it\\\/esub-subcontractor-recensione\\\/\",\"url\":\"https:\\\/\\\/www.accuratereviews.com\\\/it\\\/esub-subcontractor-recensione\\\/\",\"name\":\"eSUB Subcontractor: software gestionale per edilizia - Accurate Reviews\",\"isPartOf\":{\"@id\":\"https:\\\/\\\/www.accuratereviews.com\\\/it\\\/#website\"},\"primaryImageOfPage\":{\"@id\":\"https:\\\/\\\/www.accuratereviews.com\\\/it\\\/esub-subcontractor-recensione\\\/#primaryimage\"},\"image\":{\"@id\":\"https:\\\/\\\/www.accuratereviews.com\\\/it\\\/esub-subcontractor-recensione\\\/#primaryimage\"},\"thumbnailUrl\":\"https:\\\/\\\/www.accuratereviews.com\\\/wp-content\\\/uploads\\\/2020\\\/04\\\/eSUB-Logo.png\",\"datePublished\":\"2020-04-09T10:31:43+00:00\",\"description\":\"eSUB Subcontractor: recensione\u00a0software per la gestione edilizia basata su cloud che aiuta i subappaltatori a gestire le operazioni quotidiane.\",\"breadcrumb\":{\"@id\":\"https:\\\/\\\/www.accuratereviews.com\\\/it\\\/esub-subcontractor-recensione\\\/#breadcrumb\"},\"inLanguage\":\"it-IT\",\"potentialAction\":[{\"@type\":\"ReadAction\",\"target\":[\"https:\\\/\\\/www.accuratereviews.com\\\/it\\\/esub-subcontractor-recensione\\\/\"]}]},{\"@type\":\"ImageObject\",\"inLanguage\":\"it-IT\",\"@id\":\"https:\\\/\\\/www.accuratereviews.com\\\/it\\\/esub-subcontractor-recensione\\\/#primaryimage\",\"url\":\"https:\\\/\\\/www.accuratereviews.com\\\/wp-content\\\/uploads\\\/2020\\\/04\\\/eSUB-Logo.png\",\"contentUrl\":\"https:\\\/\\\/www.accuratereviews.com\\\/wp-content\\\/uploads\\\/2020\\\/04\\\/eSUB-Logo.png\",\"width\":700,\"height\":375},{\"@type\":\"BreadcrumbList\",\"@id\":\"https:\\\/\\\/www.accuratereviews.com\\\/it\\\/esub-subcontractor-recensione\\\/#breadcrumb\",\"itemListElement\":[{\"@type\":\"ListItem\",\"position\":1,\"name\":\"Home\",\"item\":\"https:\\\/\\\/www.accuratereviews.com\\\/it\\\/\"},{\"@type\":\"ListItem\",\"position\":2,\"name\":\"eSUB Subcontractor\"}]},{\"@type\":\"WebSite\",\"@id\":\"https:\\\/\\\/www.accuratereviews.com\\\/it\\\/#website\",\"url\":\"https:\\\/\\\/www.accuratereviews.com\\\/it\\\/\",\"name\":\"Accurate Reviews\",\"description\":\"\",\"potentialAction\":[{\"@type\":\"SearchAction\",\"target\":{\"@type\":\"EntryPoint\",\"urlTemplate\":\"https:\\\/\\\/www.accuratereviews.com\\\/it\\\/?s={search_term_string}\"},\"query-input\":{\"@type\":\"PropertyValueSpecification\",\"valueRequired\":true,\"valueName\":\"search_term_string\"}}],\"inLanguage\":\"it-IT\"}]}<\/script>\n<!-- \/ Yoast SEO plugin. -->","yoast_head_json":{"title":"eSUB Subcontractor: software gestionale per edilizia - Accurate Reviews","description":"eSUB Subcontractor: recensione\u00a0software per la gestione edilizia basata su cloud che aiuta i subappaltatori a gestire le operazioni quotidiane.","robots":{"index":"index","follow":"follow","max-snippet":"max-snippet:-1","max-image-preview":"max-image-preview:large","max-video-preview":"max-video-preview:-1"},"canonical":"https:\/\/www.accuratereviews.com\/it\/esub-subcontractor-recensione\/","og_locale":"it_IT","og_type":"article","og_title":"eSUB Subcontractor: software gestionale per edilizia - Accurate Reviews","og_description":"eSUB Subcontractor: recensione\u00a0software per la gestione edilizia basata su cloud che aiuta i subappaltatori a gestire le operazioni quotidiane.","og_url":"https:\/\/www.accuratereviews.com\/it\/esub-subcontractor-recensione\/","og_site_name":"Accurate Reviews","og_image":[{"width":700,"height":375,"url":"https:\/\/www.accuratereviews.com\/wp-content\/uploads\/2020\/04\/eSUB-Logo.png","type":"image\/png"}],"twitter_card":"summary_large_image","twitter_misc":{"Tempo di lettura stimato":"3 minuti"},"schema":{"@context":"https:\/\/schema.org","@graph":[{"@type":"WebPage","@id":"https:\/\/www.accuratereviews.com\/it\/esub-subcontractor-recensione\/","url":"https:\/\/www.accuratereviews.com\/it\/esub-subcontractor-recensione\/","name":"eSUB Subcontractor: software gestionale per edilizia - Accurate Reviews","isPartOf":{"@id":"https:\/\/www.accuratereviews.com\/it\/#website"},"primaryImageOfPage":{"@id":"https:\/\/www.accuratereviews.com\/it\/esub-subcontractor-recensione\/#primaryimage"},"image":{"@id":"https:\/\/www.accuratereviews.com\/it\/esub-subcontractor-recensione\/#primaryimage"},"thumbnailUrl":"https:\/\/www.accuratereviews.com\/wp-content\/uploads\/2020\/04\/eSUB-Logo.png","datePublished":"2020-04-09T10:31:43+00:00","description":"eSUB Subcontractor: recensione\u00a0software per la gestione edilizia basata su cloud che aiuta i subappaltatori a gestire le operazioni quotidiane.","breadcrumb":{"@id":"https:\/\/www.accuratereviews.com\/it\/esub-subcontractor-recensione\/#breadcrumb"},"inLanguage":"it-IT","potentialAction":[{"@type":"ReadAction","target":["https:\/\/www.accuratereviews.com\/it\/esub-subcontractor-recensione\/"]}]},{"@type":"ImageObject","inLanguage":"it-IT","@id":"https:\/\/www.accuratereviews.com\/it\/esub-subcontractor-recensione\/#primaryimage","url":"https:\/\/www.accuratereviews.com\/wp-content\/uploads\/2020\/04\/eSUB-Logo.png","contentUrl":"https:\/\/www.accuratereviews.com\/wp-content\/uploads\/2020\/04\/eSUB-Logo.png","width":700,"height":375},{"@type":"BreadcrumbList","@id":"https:\/\/www.accuratereviews.com\/it\/esub-subcontractor-recensione\/#breadcrumb","itemListElement":[{"@type":"ListItem","position":1,"name":"Home","item":"https:\/\/www.accuratereviews.com\/it\/"},{"@type":"ListItem","position":2,"name":"eSUB Subcontractor"}]},{"@type":"WebSite","@id":"https:\/\/www.accuratereviews.com\/it\/#website","url":"https:\/\/www.accuratereviews.com\/it\/","name":"Accurate Reviews","description":"","potentialAction":[{"@type":"SearchAction","target":{"@type":"EntryPoint","urlTemplate":"https:\/\/www.accuratereviews.com\/it\/?s={search_term_string}"},"query-input":{"@type":"PropertyValueSpecification","valueRequired":true,"valueName":"search_term_string"}}],"inLanguage":"it-IT"}]}},"_links":{"self":[{"href":"https:\/\/www.accuratereviews.com\/it\/wp-json\/wp\/v2\/pages\/25173","targetHints":{"allow":["GET"]}}],"collection":[{"href":"https:\/\/www.accuratereviews.com\/it\/wp-json\/wp\/v2\/pages"}],"about":[{"href":"https:\/\/www.accuratereviews.com\/it\/wp-json\/wp\/v2\/types\/page"}],"author":[{"embeddable":true,"href":"https:\/\/www.accuratereviews.com\/it\/wp-json\/wp\/v2\/users\/19"}],"replies":[{"embeddable":true,"href":"https:\/\/www.accuratereviews.com\/it\/wp-json\/wp\/v2\/comments?post=25173"}],"version-history":[{"count":5,"href":"https:\/\/www.accuratereviews.com\/it\/wp-json\/wp\/v2\/pages\/25173\/revisions"}],"predecessor-version":[{"id":25190,"href":"https:\/\/www.accuratereviews.com\/it\/wp-json\/wp\/v2\/pages\/25173\/revisions\/25190"}],"wp:featuredmedia":[{"embeddable":true,"href":"https:\/\/www.accuratereviews.com\/it\/wp-json\/wp\/v2\/media\/25174"}],"wp:attachment":[{"href":"https:\/\/www.accuratereviews.com\/it\/wp-json\/wp\/v2\/media?parent=25173"}],"wp:term":[{"taxonomy":"category","embeddable":true,"href":"https:\/\/www.accuratereviews.com\/it\/wp-json\/wp\/v2\/categories?post=25173"},{"taxonomy":"post_tag","embeddable":true,"href":"https:\/\/www.accuratereviews.com\/it\/wp-json\/wp\/v2\/tags?post=25173"},{"taxonomy":"features","embeddable":true,"href":"https:\/\/www.accuratereviews.com\/it\/wp-json\/wp\/v2\/features?post=25173"}],"curies":[{"name":"wp","href":"https:\/\/api.w.org\/{rel}","templated":true}]}}