{"id":25202,"date":"2020-04-10T10:45:02","date_gmt":"2020-04-10T10:45:02","guid":{"rendered":"https:\/\/www.accuratereviews.com\/?page_id=25202"},"modified":"2023-07-29T09:29:57","modified_gmt":"2023-07-29T09:29:57","slug":"knowify-recensione","status":"publish","type":"page","link":"https:\/\/www.accuratereviews.com\/it\/knowify-recensione\/","title":{"rendered":"Knowify"},"content":{"rendered":"<p><strong>Knowify<\/strong> \u00e8 una <strong>soluzione di gestione dell&#8217;edilizia<\/strong> basata su <strong>cloud<\/strong> progettata per gli appaltatori residenziali e i subappaltatori commerciali di piccole e medie dimensioni.\u00a0La soluzione aiuta a gestire diverse attivit\u00e0 amministrative tra cui la stima e l&#8217;offerta di lavoro, la gestione dei contratti e gli ordini di modifica. Gli utenti possono creare contratti e fare offerte per loro, nonch\u00e9 inviare documenti elettronicamente per le firme digitali. Con la funzione di tracciamento e pianificazione del tempo, gli amministratori possono tenere traccia dei tempi di check-in e check-out del personale.\u00a0L&#8217;applicazione responsive per tablet di Knowify consente al caposquadra di gestire il lavoro dal campo e l&#8217;app mobile offre check-in e checkout in cantiere abilitati per GPS e pu\u00f2 essere scaricata su dispositivi <strong>Android e iOS<\/strong> per accedere alla soluzione in remoto. Inoltre la soluzione \u00e8 integrata con\u00a0QuickBooks per esigenze di contabilit\u00e0.<\/p>\n<h2>KNOWIFY &#8211; TUTORIAL<\/h2>\n<p>Il video mostra diverse funzionalit\u00e0 disponibili in questo software gestionale per l&#8217;edilizia che pu\u00f2 aiutarti a rendere la tua attivit\u00e0 pi\u00f9 efficiente e professionale:<\/p>\n<div id=\"fluid-wrapper-counter-1\" class=\"g1-fluid-wrapper \" style=\"width:686px;\">\n<div style=\"padding-bottom:56.268221574344%;\"><iframe loading=\"lazy\" title=\"Knowify | General demonstration\" width=\"686\" height=\"386\" src=\"https:\/\/www.youtube.com\/embed\/p4c7JjDBCrY?feature=oembed&amp;wmode=transparent&amp;autohide=1&amp;autoplay=0&amp;disablekb=0&amp;fs=1&amp;loop=0&amp;enablejsapi=1&amp;rel=0&amp;controls=2&amp;showinfo=0&amp;wmode=transparent&amp;autohide=2&amp;autoplay=0&amp;disablekb=0&amp;fs=1&amp;loop=0&amp;enablejsapi=1&amp;rel=0&amp;controls=2&amp;showinfo=1\" frameborder=\"0\" allow=\"accelerometer; autoplay; clipboard-write; encrypted-media; gyroscope; picture-in-picture; web-share\" allowfullscreen><\/iframe><\/div>\n<\/div>\n<p>&nbsp;<\/p>\n<h2>KNOWIFY &#8211; CARATTERISTICHE<\/h2>\n<ul>\n<li>La soluzione ti consentir\u00e0 di preparare rapidamente e facilmente offerte per lavori commerciali, nonch\u00e9 proposte per i tuoi lavori con i proprietari di immobili. Usa la firma elettronica per acquisire l&#8217;accettazione dei termini da parte del cliente. Una volta che il lavoro \u00e8 in esecuzione, le potenti funzionalit\u00e0 integrate ti consentiranno di inviare ordini di cambiamento per l&#8217;accettazione al volo da qualsiasi luogo tu sia<\/li>\n<li>Il programma ha strumenti di gestione dei progetti integrati che possono essere utilizzati per stimare i lavori e tenere traccia delle loro prestazioni una volta iniziati. A differenza di qualsiasi altro software di gestione dei progetti disponibile, il programma per appaltatori basato su cloud \u00e8 completamente integrato con il cronometraggio e gli acquisti, quindi sarai in grado di vedere i tuoi progressi in tempo reale contro il tuo budget di manodopera e materiali senza alcun inserimento di dati extra. Puoi anche connetterti con il tuo software di contabilit\u00e0 di costruzione<\/li>\n<li>Sia che fatturi con fatture standard o con domande di pagamento in stile AIA (g702 \/ 703), la soluzione ti aiuter\u00e0. E poich\u00e9 la fatturazione si integra con i contratti, gli ordini di modifica e il cronometraggio e gli acquisti (per i tempi e i materiali), preparare le fatture non \u00e8 mai stato cos\u00ec facile<\/li>\n<li>I membri del team possono utilizzare un computer o un dispositivo mobile per tenere traccia del tempo. Sia che tu preferisca che ciascun ragazzo utilizzi le funzionalit\u00e0 di check-in \/ check-out verificate tramite GPS nell&#8217;app mobile, che un caposquadra inserisca l&#8217;orario per tutti dal cantiere o che mantenga i timecards manuali in ufficio. Abbiamo anche una revisione del tempo integrata, assicurando che l&#8217;ufficio ottenga sempre la visibilit\u00e0 e il controllo<\/li>\n<\/ul>\n<h4>LE RECENSIONI DEGLI UTENTI<\/h4>\n<h5 class=\"font-weight-bold my-1 d-flex align-items-center\">Henry K.\u00a0&#8220;Nel complesso un buon software per l&#8217;edilizia&#8221;<\/h5>\n<p><strong>Commenti: <\/strong>Esperienza abbastanza buona nel complesso. Raccomandato per le piccole e medie imprese che devono semplificare i loro contratti.<\/p>\n<p><strong>Vantaggi: <\/strong>Il prodotto \u00e8 facile da usare, buona interfaccia.\u00a0Come la funzione client secondario.\u00a0Mi piace molto la possibilit\u00e0 di personalizzare il contratto.<\/p>\n<p><strong>Inconvenienti: <\/strong>Ha bisogno di sistemi di segnalazione migliori per i nostri rappresentanti delle vendite delle commissioni.\u00a0Richiede la separazione tra i contratti dei rappresentanti di vendita.<\/p>\n<h4 class=\"font-weight-bold my-1 d-flex align-items-center\">Sally R.\u00a0&#8220;Molto completo&#8221;<\/h4>\n<p><strong>Commenti: <\/strong>Adoriamo Knowify<\/p>\n<p><strong>Vantaggi: <\/strong>Ha tutto il necessario per tenere traccia delle ore e delle spese<\/p>\n<p><strong>Inconvenienti: <\/strong>Non ha la possibilit\u00e0 di richiedere un congedo da parte dei dipendenti<\/p>\n<h4 class=\"font-weight-bold my-1 d-flex align-items-center\">John S.\u00a0&#8220;Ottimo programma&#8221;<\/h4>\n<p><strong>Commenti: <\/strong>Finalmente mi sento organizzato nei miei affari.<\/p>\n<p><strong>Vantaggi: <\/strong>Questo software semplifica l&#8217;esecuzione di ordini di modifica, fatturazione semplice e ottima documentazione.<\/p>\n<p><strong>Inconvenienti: <\/strong>Alcune volte il sistema di ricerca dell&#8217;indirizzo non funziona. L&#8217;app di accesso al telefono tende a ritardare o non funzionare a volte. Vorrei poter aggiungere linee tra le linee esistenti sulla suddivisione o sulla distinta materiali. Questo sarebbe per motivi di raggruppamento.<\/p>\n<p>&nbsp;<\/p>\n","protected":false},"excerpt":{"rendered":"<p>Knowify \u00e8 una soluzione di gestione dell&#8217;edilizia basata su cloud progettata per gli appaltatori residenziali e i subappaltatori commerciali di piccole e medie dimensioni.\u00a0La soluzione aiuta a gestire diverse attivit\u00e0 amministrative tra cui la stima e l&#8217;offerta di lavoro, la gestione dei contratti e gli ordini di modifica.<\/p>\n","protected":false},"author":19,"featured_media":25206,"parent":0,"menu_order":0,"comment_status":"open","ping_status":"closed","template":"g1_template_page_review_new.php","meta":{"_acf_changed":false,"cwp_meta_box_check":"Yes","cwp_rev_product_name":"","cwp_rev_product_image":"","wppr_links":[],"cwp_rev_price":"","wppr_options":[{"name":"Usability","value":"0"},{"name":"Speed","value":"0"},{"name":"Features","value":"0"},{"name":"Support","value":"0"},{"name":"Pricing","value":"0"}],"wppr_pros":["","","","",""],"wppr_cons":["","","","",""],"_monsterinsights_skip_tracking":false,"_monsterinsights_sitenote_active":false,"_monsterinsights_sitenote_note":"","_monsterinsights_sitenote_category":0,"footnotes":""},"categories":[2459],"tags":[396,2460,2563,2506,2473,2496,2461,2495,2462],"features":[],"class_list":{"0":"post-25202","1":"page","2":"type-page","3":"status-publish","4":"has-post-thumbnail","6":"category-gestionale-per-edilizia-cat","7":"tag-cloud","8":"tag-construction-management-software","9":"tag-knowify","10":"tag-programma-gestionale-per-costruzioni","11":"tag-programma-gestionale-per-ledilizia","12":"tag-software-gestionale-per-costruzioni","13":"tag-software-gestionale-per-lediizia","14":"tag-soluzione-gestionale-per-costruzioni","15":"tag-soluzione-gestionale-per-ledilizia"},"wppr_data":{"cwp_meta_box_check":"Yes","cwp_rev_product_name":"","_wppr_review_template":"default","cwp_rev_product_image":"","cwp_image_link":"image","wppr_links":[],"cwp_rev_price":"","wppr_pros":["","","","",""],"wppr_cons":["","","","",""],"wppr_rating":"0.00","wppr_options":{"1":{"name":"Usability","value":"0"},"2":{"name":"Speed","value":"0"},"3":{"name":"Features","value":"0"},"4":{"name":"Support","value":"0"},"5":{"name":"Pricing","value":"0"}},"wppr_review_type":"Product","wppr_review_custom_fields":{"additionalProperty":"","additionalType":"","aggregateRating":"","alternateName":"","audience":"","award":"","awards":"","brand":"","color":"","depth":"","description":"","disambiguatingDescription":"","gtin12":"","gtin13":"","gtin14":"","gtin8":"","height":"","identifier":"","image":"","isAccessoryOrSparePartFor":"","isConsumableFor":"","isRelatedTo":"","isSimilarTo":"","itemCondition":"","logo":"","mainEntityOfPage":"","manufacturer":"","material":"","model":"","mpn":"","name":"","offers":"","potentialAction":"","productID":"","productionDate":"","purchaseDate":"","releaseDate":"","review":"","reviews":"","sameAs":"","sku":"","slogan":"","subjectOf":"","url":"","weight":"","width":""}},"acf":[],"yoast_head":"<!-- This site is optimized with the Yoast SEO plugin v27.4 - https:\/\/yoast.com\/product\/yoast-seo-wordpress\/ -->\n<title>Knowify: recensionexf gestionale per edilizia - Accurate Reviews<\/title>\n<meta name=\"description\" content=\"Knowify: recensione soluzione di gestione dell&#039;edilizia basata su cloud progettata per gli appaltatori e i subappaltatori di piccole e medie dimensioni.\" \/>\n<meta name=\"robots\" content=\"index, follow, max-snippet:-1, max-image-preview:large, max-video-preview:-1\" \/>\n<link rel=\"canonical\" href=\"https:\/\/www.accuratereviews.com\/it\/knowify-recensione\/\" \/>\n<meta property=\"og:locale\" content=\"it_IT\" \/>\n<meta property=\"og:type\" content=\"article\" \/>\n<meta property=\"og:title\" content=\"Knowify: recensionexf gestionale per edilizia - Accurate Reviews\" \/>\n<meta property=\"og:description\" content=\"Knowify: recensione soluzione di gestione dell&#039;edilizia basata su cloud progettata per gli appaltatori e i subappaltatori di piccole e medie dimensioni.\" \/>\n<meta property=\"og:url\" content=\"https:\/\/www.accuratereviews.com\/it\/knowify-recensione\/\" \/>\n<meta property=\"og:site_name\" content=\"Accurate Reviews\" \/>\n<meta property=\"article:modified_time\" content=\"2023-07-29T09:29:57+00:00\" \/>\n<meta property=\"og:image\" content=\"https:\/\/www.accuratereviews.com\/wp-content\/uploads\/2020\/04\/KNOWIFY2.jpg\" \/>\n\t<meta property=\"og:image:width\" content=\"1280\" \/>\n\t<meta property=\"og:image:height\" content=\"720\" \/>\n\t<meta property=\"og:image:type\" content=\"image\/jpeg\" \/>\n<meta name=\"twitter:card\" content=\"summary_large_image\" \/>\n<meta name=\"twitter:label1\" content=\"Tempo di lettura stimato\" \/>\n\t<meta name=\"twitter:data1\" content=\"4 minuti\" \/>\n<script type=\"application\/ld+json\" class=\"yoast-schema-graph\">{\"@context\":\"https:\\\/\\\/schema.org\",\"@graph\":[{\"@type\":\"WebPage\",\"@id\":\"https:\\\/\\\/www.accuratereviews.com\\\/it\\\/knowify-recensione\\\/\",\"url\":\"https:\\\/\\\/www.accuratereviews.com\\\/it\\\/knowify-recensione\\\/\",\"name\":\"Knowify: recensionexf gestionale per edilizia - Accurate Reviews\",\"isPartOf\":{\"@id\":\"https:\\\/\\\/www.accuratereviews.com\\\/it\\\/#website\"},\"primaryImageOfPage\":{\"@id\":\"https:\\\/\\\/www.accuratereviews.com\\\/it\\\/knowify-recensione\\\/#primaryimage\"},\"image\":{\"@id\":\"https:\\\/\\\/www.accuratereviews.com\\\/it\\\/knowify-recensione\\\/#primaryimage\"},\"thumbnailUrl\":\"https:\\\/\\\/www.accuratereviews.com\\\/wp-content\\\/uploads\\\/2020\\\/04\\\/KNOWIFY2.jpg\",\"datePublished\":\"2020-04-10T10:45:02+00:00\",\"dateModified\":\"2023-07-29T09:29:57+00:00\",\"description\":\"Knowify: recensione soluzione di gestione dell'edilizia basata su cloud progettata per gli appaltatori e i subappaltatori di piccole e medie dimensioni.\",\"breadcrumb\":{\"@id\":\"https:\\\/\\\/www.accuratereviews.com\\\/it\\\/knowify-recensione\\\/#breadcrumb\"},\"inLanguage\":\"it-IT\",\"potentialAction\":[{\"@type\":\"ReadAction\",\"target\":[\"https:\\\/\\\/www.accuratereviews.com\\\/it\\\/knowify-recensione\\\/\"]}]},{\"@type\":\"ImageObject\",\"inLanguage\":\"it-IT\",\"@id\":\"https:\\\/\\\/www.accuratereviews.com\\\/it\\\/knowify-recensione\\\/#primaryimage\",\"url\":\"https:\\\/\\\/www.accuratereviews.com\\\/wp-content\\\/uploads\\\/2020\\\/04\\\/KNOWIFY2.jpg\",\"contentUrl\":\"https:\\\/\\\/www.accuratereviews.com\\\/wp-content\\\/uploads\\\/2020\\\/04\\\/KNOWIFY2.jpg\",\"width\":1280,\"height\":720},{\"@type\":\"BreadcrumbList\",\"@id\":\"https:\\\/\\\/www.accuratereviews.com\\\/it\\\/knowify-recensione\\\/#breadcrumb\",\"itemListElement\":[{\"@type\":\"ListItem\",\"position\":1,\"name\":\"Home\",\"item\":\"https:\\\/\\\/www.accuratereviews.com\\\/it\\\/\"},{\"@type\":\"ListItem\",\"position\":2,\"name\":\"Knowify\"}]},{\"@type\":\"WebSite\",\"@id\":\"https:\\\/\\\/www.accuratereviews.com\\\/it\\\/#website\",\"url\":\"https:\\\/\\\/www.accuratereviews.com\\\/it\\\/\",\"name\":\"Accurate Reviews\",\"description\":\"\",\"potentialAction\":[{\"@type\":\"SearchAction\",\"target\":{\"@type\":\"EntryPoint\",\"urlTemplate\":\"https:\\\/\\\/www.accuratereviews.com\\\/it\\\/?s={search_term_string}\"},\"query-input\":{\"@type\":\"PropertyValueSpecification\",\"valueRequired\":true,\"valueName\":\"search_term_string\"}}],\"inLanguage\":\"it-IT\"}]}<\/script>\n<!-- \/ Yoast SEO plugin. -->","yoast_head_json":{"title":"Knowify: recensionexf gestionale per edilizia - Accurate Reviews","description":"Knowify: recensione soluzione di gestione dell'edilizia basata su cloud progettata per gli appaltatori e i subappaltatori di piccole e medie dimensioni.","robots":{"index":"index","follow":"follow","max-snippet":"max-snippet:-1","max-image-preview":"max-image-preview:large","max-video-preview":"max-video-preview:-1"},"canonical":"https:\/\/www.accuratereviews.com\/it\/knowify-recensione\/","og_locale":"it_IT","og_type":"article","og_title":"Knowify: recensionexf gestionale per edilizia - Accurate Reviews","og_description":"Knowify: recensione soluzione di gestione dell'edilizia basata su cloud progettata per gli appaltatori e i subappaltatori di piccole e medie dimensioni.","og_url":"https:\/\/www.accuratereviews.com\/it\/knowify-recensione\/","og_site_name":"Accurate Reviews","article_modified_time":"2023-07-29T09:29:57+00:00","og_image":[{"width":1280,"height":720,"url":"https:\/\/www.accuratereviews.com\/wp-content\/uploads\/2020\/04\/KNOWIFY2.jpg","type":"image\/jpeg"}],"twitter_card":"summary_large_image","twitter_misc":{"Tempo di lettura stimato":"4 minuti"},"schema":{"@context":"https:\/\/schema.org","@graph":[{"@type":"WebPage","@id":"https:\/\/www.accuratereviews.com\/it\/knowify-recensione\/","url":"https:\/\/www.accuratereviews.com\/it\/knowify-recensione\/","name":"Knowify: recensionexf gestionale per edilizia - Accurate Reviews","isPartOf":{"@id":"https:\/\/www.accuratereviews.com\/it\/#website"},"primaryImageOfPage":{"@id":"https:\/\/www.accuratereviews.com\/it\/knowify-recensione\/#primaryimage"},"image":{"@id":"https:\/\/www.accuratereviews.com\/it\/knowify-recensione\/#primaryimage"},"thumbnailUrl":"https:\/\/www.accuratereviews.com\/wp-content\/uploads\/2020\/04\/KNOWIFY2.jpg","datePublished":"2020-04-10T10:45:02+00:00","dateModified":"2023-07-29T09:29:57+00:00","description":"Knowify: recensione soluzione di gestione dell'edilizia basata su cloud progettata per gli appaltatori e i subappaltatori di piccole e medie dimensioni.","breadcrumb":{"@id":"https:\/\/www.accuratereviews.com\/it\/knowify-recensione\/#breadcrumb"},"inLanguage":"it-IT","potentialAction":[{"@type":"ReadAction","target":["https:\/\/www.accuratereviews.com\/it\/knowify-recensione\/"]}]},{"@type":"ImageObject","inLanguage":"it-IT","@id":"https:\/\/www.accuratereviews.com\/it\/knowify-recensione\/#primaryimage","url":"https:\/\/www.accuratereviews.com\/wp-content\/uploads\/2020\/04\/KNOWIFY2.jpg","contentUrl":"https:\/\/www.accuratereviews.com\/wp-content\/uploads\/2020\/04\/KNOWIFY2.jpg","width":1280,"height":720},{"@type":"BreadcrumbList","@id":"https:\/\/www.accuratereviews.com\/it\/knowify-recensione\/#breadcrumb","itemListElement":[{"@type":"ListItem","position":1,"name":"Home","item":"https:\/\/www.accuratereviews.com\/it\/"},{"@type":"ListItem","position":2,"name":"Knowify"}]},{"@type":"WebSite","@id":"https:\/\/www.accuratereviews.com\/it\/#website","url":"https:\/\/www.accuratereviews.com\/it\/","name":"Accurate Reviews","description":"","potentialAction":[{"@type":"SearchAction","target":{"@type":"EntryPoint","urlTemplate":"https:\/\/www.accuratereviews.com\/it\/?s={search_term_string}"},"query-input":{"@type":"PropertyValueSpecification","valueRequired":true,"valueName":"search_term_string"}}],"inLanguage":"it-IT"}]}},"_links":{"self":[{"href":"https:\/\/www.accuratereviews.com\/it\/wp-json\/wp\/v2\/pages\/25202","targetHints":{"allow":["GET"]}}],"collection":[{"href":"https:\/\/www.accuratereviews.com\/it\/wp-json\/wp\/v2\/pages"}],"about":[{"href":"https:\/\/www.accuratereviews.com\/it\/wp-json\/wp\/v2\/types\/page"}],"author":[{"embeddable":true,"href":"https:\/\/www.accuratereviews.com\/it\/wp-json\/wp\/v2\/users\/19"}],"replies":[{"embeddable":true,"href":"https:\/\/www.accuratereviews.com\/it\/wp-json\/wp\/v2\/comments?post=25202"}],"version-history":[{"count":7,"href":"https:\/\/www.accuratereviews.com\/it\/wp-json\/wp\/v2\/pages\/25202\/revisions"}],"predecessor-version":[{"id":70971,"href":"https:\/\/www.accuratereviews.com\/it\/wp-json\/wp\/v2\/pages\/25202\/revisions\/70971"}],"wp:featuredmedia":[{"embeddable":true,"href":"https:\/\/www.accuratereviews.com\/it\/wp-json\/wp\/v2\/media\/25206"}],"wp:attachment":[{"href":"https:\/\/www.accuratereviews.com\/it\/wp-json\/wp\/v2\/media?parent=25202"}],"wp:term":[{"taxonomy":"category","embeddable":true,"href":"https:\/\/www.accuratereviews.com\/it\/wp-json\/wp\/v2\/categories?post=25202"},{"taxonomy":"post_tag","embeddable":true,"href":"https:\/\/www.accuratereviews.com\/it\/wp-json\/wp\/v2\/tags?post=25202"},{"taxonomy":"features","embeddable":true,"href":"https:\/\/www.accuratereviews.com\/it\/wp-json\/wp\/v2\/features?post=25202"}],"curies":[{"name":"wp","href":"https:\/\/api.w.org\/{rel}","templated":true}]}}