{"id":25212,"date":"2020-04-10T10:43:28","date_gmt":"2020-04-10T10:43:28","guid":{"rendered":"https:\/\/www.accuratereviews.com\/?page_id=25212"},"modified":"2023-08-12T08:26:37","modified_gmt":"2023-08-12T08:26:37","slug":"fieldwire-recensione","status":"publish","type":"page","link":"https:\/\/www.accuratereviews.com\/it\/fieldwire-recensione\/","title":{"rendered":"Fieldwire"},"content":{"rendered":"<p><strong>Fieldwire<\/strong> \u00e8 una <strong>soluzione di gestione dell&#8217;edilizia<\/strong> che fornisce un tracciamento preciso dei problemi del cantiere e delle carenze del progetto per colmare il divario tra il campo e il team dell&#8217;ufficio. Amministrare e gestire le carenze nei progetti e nelle attivit\u00e0 nel settore delle costruzioni \u00e8 un processo noioso ma fondamentale. Il software\u00a0offre elenchi di punch che consentono agli utenti di scattare foto di difetti, lasciare commenti e aggiungere cose da fare. Inoltre sono anche disponibili applicazioni mobili per dispositivi<strong> iOS e Android<\/strong>. In pi\u00f9 il software consente agli utenti di verificare facilmente se un elemento in un elenco di punzonatura o un&#8217;attivit\u00e0 \u00e8 gi\u00e0 stata completata.<\/p>\n<h2>FIELDWIRE &#8211; TUTORIAL<\/h2>\n<p>Guardiamo insieme il tutorial per imparare a creare il primo progetto con questo <strong>software gestionale per l&#8217;edilizia<\/strong>:<\/p>\n<div id=\"fluid-wrapper-counter-1\" class=\"g1-fluid-wrapper \" style=\"width:686px;\">\n<div style=\"padding-bottom:56.268221574344%;\"><iframe loading=\"lazy\" title=\"Fieldwire | Field Management Platform for Construction\" width=\"686\" height=\"386\" src=\"https:\/\/www.youtube.com\/embed\/xWph4xPMqzs?list=PL6IfE9gesKFFC0lI9pIDyF7PNy6DqoAf6\" frameborder=\"0\" allow=\"accelerometer; autoplay; clipboard-write; encrypted-media; gyroscope; picture-in-picture; web-share\" allowfullscreen><\/iframe><\/div>\n<\/div>\n<h3>FIELDWIRE &#8211; CARATTERISTICHE<\/h3>\n<ul>\n<li><strong>Coordinare in modo efficiente<\/strong>: assegna compiti, lavora con disegni aggiornati e allinea il campo e l&#8217;ufficio, tutto da qualsiasi dispositivo<\/li>\n<li><strong>Traccia le prestazioni<\/strong>: saprai esattamente chi ha fatto cosa. Crea programmi per i lavori imminenti. Ripeti le migliori pratiche in tutti i tuoi progetti<\/li>\n<li><strong>Ridurre il rischio<\/strong>: cattura le informazioni del progetto as-built per creare un record del lavoro svolto<\/li>\n<li><strong>Messaggistica in tempo reale<\/strong>: abilita conversazioni connesse ad attivit\u00e0 specifiche con notifiche push per accelerare il processo decisionale e la risoluzione dei problemi<\/li>\n<li><strong>Pianificazione e rapporti:<\/strong> gestisci gli articoli in arrivo con metodi snelli. Pianifica report PDF personalizzati inclusi tutti i dettagli del tuo progetto<\/li>\n<li><strong>Visualizzazione dei progetti<\/strong>: visualizza disegni su qualsiasi dispositivo (Web, iOS, Android) con controllo delle versioni e collegamento ipertestuale automatico, oltre alle integrazioni Box e Dropbox.<strong>Markup e as-built<\/strong>: registra i tuoi markup e as-build con l&#8217;editing mobile di facile utilizzo, anche offline. Verifica con foto e video<\/li>\n<li><strong>Forme digitalizzate<\/strong>: digitalizza moduli per rapporti giornalieri, schede attivit\u00e0, richieste di ispezione e RFI. Invia documenti pi\u00f9 velocemente e pi\u00f9 facilmente<\/li>\n<\/ul>\n<h4>LE RECENSIONI DEGLI UTENTI<\/h4>\n<h5 class=\"font-weight-bold my-1 d-flex align-items-center\">Brad N.\u00a0&#8220;Fieldwire ti aiuta sul posto.&#8221;<\/h5>\n<p><strong>Commenti: <\/strong>\u00c8 stato molto utile come strumento. I dipendenti hanno trovato facile aggiungere ai loro telefoni in modo che tutti potessimo usarli.<\/p>\n<p><strong>Vantaggi: <\/strong>\u00c8 stato molto facile scattare foto di alcune carenze, aggiungere attivit\u00e0 e assegnare ai diversi mestieri.<\/p>\n<p><strong>Inconvenienti: <\/strong>Ho scoperto che la sincronizzazione tra il mio telefono e il mio computer impiegava molto tempo a connettersi a volte. Quando hai fretta sul posto di lavoro, potrebbe essere frustrante.<\/p>\n<h4 class=\"font-weight-bold my-1 d-flex align-items-center\">Jesse C.&#8221;Ottimo se sei in una azienda di costruzione&#8221;<\/h4>\n<p><strong>Commenti: <\/strong>usato molti progetti diversi e ha ottenuto grandi risposte da parte dei clienti<\/p>\n<p><strong>Vantaggi: <\/strong>Supporto eccellente, app per telefoni cellulari, controllo delle attivit\u00e0, condivisione con i clienti, importazione di progetti, condivisione con il team<\/p>\n<p><strong>Inconvenienti: <\/strong>curva di apprendimento costosa e di grandi dimensioni, i dipendenti pensano che i progetti siano difficili da guardare nel software.<\/p>\n<h4 class=\"font-weight-bold my-1 d-flex align-items-center\">Guinn W.&#8221;Porta i tuoi piani con te&#8221;<\/h4>\n<p><strong>Commenti: <\/strong>Eccellente e intuitivo quando si tratta di caricare tutti i miei progetti nelle riunioni pre-offerta.<\/p>\n<p><strong>Vantaggi: <\/strong>Fieldwire mi permette di prendere tutti i miei piani di progetto sul mio iPad. Non \u00e8 pi\u00f9 necessario perdere tempo a fare copie cartacee risparmiando tutta la carta che abbiamo perso in precedenza.<\/p>\n<p><strong>Inconvenienti: <\/strong>Devo ancora trovare qualcosa di cui lamentarmi per quanto riguarda il programma Fieldwire.<\/p>\n","protected":false},"excerpt":{"rendered":"<p>Fieldwire \u00e8 una soluzione di gestione dell&#8217;edilizia che fornisce un tracciamento preciso dei problemi del cantiere e delle carenze del progetto per colmare il divario tra il campo e il team dell&#8217;ufficio. Amministrare e gestire le carenze nei progetti e nelle attivit\u00e0 nel settore delle costruzioni \u00e8 un processo noioso ma fondamentale<\/p>\n","protected":false},"author":19,"featured_media":25213,"parent":0,"menu_order":0,"comment_status":"open","ping_status":"closed","template":"g1_template_page_review_new.php","meta":{"_acf_changed":false,"cwp_meta_box_check":"Yes","cwp_rev_product_name":"","cwp_rev_product_image":"","wppr_links":[],"cwp_rev_price":"","wppr_options":[{"name":"Usability","value":"0"},{"name":"Speed","value":"0"},{"name":"Features","value":"0"},{"name":"Support","value":"0"},{"name":"Pricing","value":"0"}],"wppr_pros":["","","","",""],"wppr_cons":["","","","",""],"_monsterinsights_skip_tracking":false,"_monsterinsights_sitenote_active":false,"_monsterinsights_sitenote_note":"","_monsterinsights_sitenote_category":0,"footnotes":""},"categories":[2459],"tags":[396,2460,2564,2506,2473,2496,2461,2495,2462],"features":[],"class_list":{"0":"post-25212","1":"page","2":"type-page","3":"status-publish","4":"has-post-thumbnail","6":"category-gestionale-per-edilizia-cat","7":"tag-cloud","8":"tag-construction-management-software","9":"tag-fieldwire","10":"tag-programma-gestionale-per-costruzioni","11":"tag-programma-gestionale-per-ledilizia","12":"tag-software-gestionale-per-costruzioni","13":"tag-software-gestionale-per-lediizia","14":"tag-soluzione-gestionale-per-costruzioni","15":"tag-soluzione-gestionale-per-ledilizia"},"wppr_data":{"cwp_meta_box_check":"Yes","cwp_rev_product_name":"","_wppr_review_template":"default","cwp_rev_product_image":"","cwp_image_link":"image","wppr_links":[],"cwp_rev_price":"","wppr_pros":["","","","",""],"wppr_cons":["","","","",""],"wppr_rating":"0.00","wppr_options":{"1":{"name":"Usability","value":"0"},"2":{"name":"Speed","value":"0"},"3":{"name":"Features","value":"0"},"4":{"name":"Support","value":"0"},"5":{"name":"Pricing","value":"0"}},"wppr_review_type":"Product","wppr_review_custom_fields":{"additionalProperty":"","additionalType":"","aggregateRating":"","alternateName":"","audience":"","award":"","awards":"","brand":"","color":"","depth":"","description":"","disambiguatingDescription":"","gtin12":"","gtin13":"","gtin14":"","gtin8":"","height":"","identifier":"","image":"","isAccessoryOrSparePartFor":"","isConsumableFor":"","isRelatedTo":"","isSimilarTo":"","itemCondition":"","logo":"","mainEntityOfPage":"","manufacturer":"","material":"","model":"","mpn":"","name":"","offers":"","potentialAction":"","productID":"","productionDate":"","purchaseDate":"","releaseDate":"","review":"","reviews":"","sameAs":"","sku":"","slogan":"","subjectOf":"","url":"","weight":"","width":""}},"acf":[],"yoast_head":"<!-- This site is optimized with the Yoast SEO plugin v27.4 - https:\/\/yoast.com\/product\/yoast-seo-wordpress\/ -->\n<title>Fieldwire: recensione software gestionale per edilizia - Accurate Reviews<\/title>\n<meta name=\"description\" content=\"Fieldwire: recensione software di gestione dell&#039;edilizia che fornisce una panoramica dei problemi sul campo e offre la soluzione.\" \/>\n<meta name=\"robots\" content=\"index, follow, max-snippet:-1, max-image-preview:large, max-video-preview:-1\" \/>\n<link rel=\"canonical\" href=\"https:\/\/www.accuratereviews.com\/it\/fieldwire-recensione\/\" \/>\n<meta property=\"og:locale\" content=\"it_IT\" \/>\n<meta property=\"og:type\" content=\"article\" \/>\n<meta property=\"og:title\" content=\"Fieldwire: recensione software gestionale per edilizia - Accurate Reviews\" \/>\n<meta property=\"og:description\" content=\"Fieldwire: recensione software di gestione dell&#039;edilizia che fornisce una panoramica dei problemi sul campo e offre la soluzione.\" \/>\n<meta property=\"og:url\" content=\"https:\/\/www.accuratereviews.com\/it\/fieldwire-recensione\/\" \/>\n<meta property=\"og:site_name\" content=\"Accurate Reviews\" \/>\n<meta property=\"article:modified_time\" content=\"2023-08-12T08:26:37+00:00\" \/>\n<meta property=\"og:image\" content=\"https:\/\/www.accuratereviews.com\/wp-content\/uploads\/2020\/04\/Fieldwire-logo.jpg\" \/>\n\t<meta property=\"og:image:width\" content=\"932\" \/>\n\t<meta property=\"og:image:height\" content=\"729\" \/>\n\t<meta property=\"og:image:type\" content=\"image\/jpeg\" \/>\n<meta name=\"twitter:card\" content=\"summary_large_image\" \/>\n<meta name=\"twitter:label1\" content=\"Tempo di lettura stimato\" \/>\n\t<meta name=\"twitter:data1\" content=\"3 minuti\" \/>\n<script type=\"application\/ld+json\" class=\"yoast-schema-graph\">{\"@context\":\"https:\\\/\\\/schema.org\",\"@graph\":[{\"@type\":\"WebPage\",\"@id\":\"https:\\\/\\\/www.accuratereviews.com\\\/it\\\/fieldwire-recensione\\\/\",\"url\":\"https:\\\/\\\/www.accuratereviews.com\\\/it\\\/fieldwire-recensione\\\/\",\"name\":\"Fieldwire: recensione software gestionale per edilizia - Accurate Reviews\",\"isPartOf\":{\"@id\":\"https:\\\/\\\/www.accuratereviews.com\\\/it\\\/#website\"},\"primaryImageOfPage\":{\"@id\":\"https:\\\/\\\/www.accuratereviews.com\\\/it\\\/fieldwire-recensione\\\/#primaryimage\"},\"image\":{\"@id\":\"https:\\\/\\\/www.accuratereviews.com\\\/it\\\/fieldwire-recensione\\\/#primaryimage\"},\"thumbnailUrl\":\"https:\\\/\\\/www.accuratereviews.com\\\/wp-content\\\/uploads\\\/2020\\\/04\\\/Fieldwire-logo.jpg\",\"datePublished\":\"2020-04-10T10:43:28+00:00\",\"dateModified\":\"2023-08-12T08:26:37+00:00\",\"description\":\"Fieldwire: recensione software di gestione dell'edilizia che fornisce una panoramica dei problemi sul campo e offre la soluzione.\",\"breadcrumb\":{\"@id\":\"https:\\\/\\\/www.accuratereviews.com\\\/it\\\/fieldwire-recensione\\\/#breadcrumb\"},\"inLanguage\":\"it-IT\",\"potentialAction\":[{\"@type\":\"ReadAction\",\"target\":[\"https:\\\/\\\/www.accuratereviews.com\\\/it\\\/fieldwire-recensione\\\/\"]}]},{\"@type\":\"ImageObject\",\"inLanguage\":\"it-IT\",\"@id\":\"https:\\\/\\\/www.accuratereviews.com\\\/it\\\/fieldwire-recensione\\\/#primaryimage\",\"url\":\"https:\\\/\\\/www.accuratereviews.com\\\/wp-content\\\/uploads\\\/2020\\\/04\\\/Fieldwire-logo.jpg\",\"contentUrl\":\"https:\\\/\\\/www.accuratereviews.com\\\/wp-content\\\/uploads\\\/2020\\\/04\\\/Fieldwire-logo.jpg\",\"width\":932,\"height\":729},{\"@type\":\"BreadcrumbList\",\"@id\":\"https:\\\/\\\/www.accuratereviews.com\\\/it\\\/fieldwire-recensione\\\/#breadcrumb\",\"itemListElement\":[{\"@type\":\"ListItem\",\"position\":1,\"name\":\"Home\",\"item\":\"https:\\\/\\\/www.accuratereviews.com\\\/it\\\/\"},{\"@type\":\"ListItem\",\"position\":2,\"name\":\"Fieldwire\"}]},{\"@type\":\"WebSite\",\"@id\":\"https:\\\/\\\/www.accuratereviews.com\\\/it\\\/#website\",\"url\":\"https:\\\/\\\/www.accuratereviews.com\\\/it\\\/\",\"name\":\"Accurate Reviews\",\"description\":\"\",\"potentialAction\":[{\"@type\":\"SearchAction\",\"target\":{\"@type\":\"EntryPoint\",\"urlTemplate\":\"https:\\\/\\\/www.accuratereviews.com\\\/it\\\/?s={search_term_string}\"},\"query-input\":{\"@type\":\"PropertyValueSpecification\",\"valueRequired\":true,\"valueName\":\"search_term_string\"}}],\"inLanguage\":\"it-IT\"}]}<\/script>\n<!-- \/ Yoast SEO plugin. -->","yoast_head_json":{"title":"Fieldwire: recensione software gestionale per edilizia - Accurate Reviews","description":"Fieldwire: recensione software di gestione dell'edilizia che fornisce una panoramica dei problemi sul campo e offre la soluzione.","robots":{"index":"index","follow":"follow","max-snippet":"max-snippet:-1","max-image-preview":"max-image-preview:large","max-video-preview":"max-video-preview:-1"},"canonical":"https:\/\/www.accuratereviews.com\/it\/fieldwire-recensione\/","og_locale":"it_IT","og_type":"article","og_title":"Fieldwire: recensione software gestionale per edilizia - Accurate Reviews","og_description":"Fieldwire: recensione software di gestione dell'edilizia che fornisce una panoramica dei problemi sul campo e offre la soluzione.","og_url":"https:\/\/www.accuratereviews.com\/it\/fieldwire-recensione\/","og_site_name":"Accurate Reviews","article_modified_time":"2023-08-12T08:26:37+00:00","og_image":[{"width":932,"height":729,"url":"https:\/\/www.accuratereviews.com\/wp-content\/uploads\/2020\/04\/Fieldwire-logo.jpg","type":"image\/jpeg"}],"twitter_card":"summary_large_image","twitter_misc":{"Tempo di lettura stimato":"3 minuti"},"schema":{"@context":"https:\/\/schema.org","@graph":[{"@type":"WebPage","@id":"https:\/\/www.accuratereviews.com\/it\/fieldwire-recensione\/","url":"https:\/\/www.accuratereviews.com\/it\/fieldwire-recensione\/","name":"Fieldwire: recensione software gestionale per edilizia - Accurate Reviews","isPartOf":{"@id":"https:\/\/www.accuratereviews.com\/it\/#website"},"primaryImageOfPage":{"@id":"https:\/\/www.accuratereviews.com\/it\/fieldwire-recensione\/#primaryimage"},"image":{"@id":"https:\/\/www.accuratereviews.com\/it\/fieldwire-recensione\/#primaryimage"},"thumbnailUrl":"https:\/\/www.accuratereviews.com\/wp-content\/uploads\/2020\/04\/Fieldwire-logo.jpg","datePublished":"2020-04-10T10:43:28+00:00","dateModified":"2023-08-12T08:26:37+00:00","description":"Fieldwire: recensione software di gestione dell'edilizia che fornisce una panoramica dei problemi sul campo e offre la soluzione.","breadcrumb":{"@id":"https:\/\/www.accuratereviews.com\/it\/fieldwire-recensione\/#breadcrumb"},"inLanguage":"it-IT","potentialAction":[{"@type":"ReadAction","target":["https:\/\/www.accuratereviews.com\/it\/fieldwire-recensione\/"]}]},{"@type":"ImageObject","inLanguage":"it-IT","@id":"https:\/\/www.accuratereviews.com\/it\/fieldwire-recensione\/#primaryimage","url":"https:\/\/www.accuratereviews.com\/wp-content\/uploads\/2020\/04\/Fieldwire-logo.jpg","contentUrl":"https:\/\/www.accuratereviews.com\/wp-content\/uploads\/2020\/04\/Fieldwire-logo.jpg","width":932,"height":729},{"@type":"BreadcrumbList","@id":"https:\/\/www.accuratereviews.com\/it\/fieldwire-recensione\/#breadcrumb","itemListElement":[{"@type":"ListItem","position":1,"name":"Home","item":"https:\/\/www.accuratereviews.com\/it\/"},{"@type":"ListItem","position":2,"name":"Fieldwire"}]},{"@type":"WebSite","@id":"https:\/\/www.accuratereviews.com\/it\/#website","url":"https:\/\/www.accuratereviews.com\/it\/","name":"Accurate Reviews","description":"","potentialAction":[{"@type":"SearchAction","target":{"@type":"EntryPoint","urlTemplate":"https:\/\/www.accuratereviews.com\/it\/?s={search_term_string}"},"query-input":{"@type":"PropertyValueSpecification","valueRequired":true,"valueName":"search_term_string"}}],"inLanguage":"it-IT"}]}},"_links":{"self":[{"href":"https:\/\/www.accuratereviews.com\/it\/wp-json\/wp\/v2\/pages\/25212","targetHints":{"allow":["GET"]}}],"collection":[{"href":"https:\/\/www.accuratereviews.com\/it\/wp-json\/wp\/v2\/pages"}],"about":[{"href":"https:\/\/www.accuratereviews.com\/it\/wp-json\/wp\/v2\/types\/page"}],"author":[{"embeddable":true,"href":"https:\/\/www.accuratereviews.com\/it\/wp-json\/wp\/v2\/users\/19"}],"replies":[{"embeddable":true,"href":"https:\/\/www.accuratereviews.com\/it\/wp-json\/wp\/v2\/comments?post=25212"}],"version-history":[{"count":7,"href":"https:\/\/www.accuratereviews.com\/it\/wp-json\/wp\/v2\/pages\/25212\/revisions"}],"predecessor-version":[{"id":71321,"href":"https:\/\/www.accuratereviews.com\/it\/wp-json\/wp\/v2\/pages\/25212\/revisions\/71321"}],"wp:featuredmedia":[{"embeddable":true,"href":"https:\/\/www.accuratereviews.com\/it\/wp-json\/wp\/v2\/media\/25213"}],"wp:attachment":[{"href":"https:\/\/www.accuratereviews.com\/it\/wp-json\/wp\/v2\/media?parent=25212"}],"wp:term":[{"taxonomy":"category","embeddable":true,"href":"https:\/\/www.accuratereviews.com\/it\/wp-json\/wp\/v2\/categories?post=25212"},{"taxonomy":"post_tag","embeddable":true,"href":"https:\/\/www.accuratereviews.com\/it\/wp-json\/wp\/v2\/tags?post=25212"},{"taxonomy":"features","embeddable":true,"href":"https:\/\/www.accuratereviews.com\/it\/wp-json\/wp\/v2\/features?post=25212"}],"curies":[{"name":"wp","href":"https:\/\/api.w.org\/{rel}","templated":true}]}}