{"id":25254,"date":"2020-04-14T11:08:16","date_gmt":"2020-04-14T11:08:16","guid":{"rendered":"https:\/\/www.accuratereviews.com\/?page_id=25254"},"modified":"2020-04-14T11:08:16","modified_gmt":"2020-04-14T11:08:16","slug":"vpo-recensione","status":"publish","type":"page","link":"https:\/\/www.accuratereviews.com\/it\/vpo-recensione\/","title":{"rendered":"Vpo"},"content":{"rendered":"<p><strong>VPO<\/strong> offre ai team di costruzione un&#8217;unica e sicura <strong>piattaforma di gestione edilizia<\/strong> sviluppato per proprietari, project manager, progettisti e appaltatori affinch\u00e9 possano collaborare da qualsiasi dispositivo, ovunque e nelle app aziendali che utilizzano.\u00a0Accedi e gestisci le informazioni sul progetto come pianificazioni, ordini di modifica, verbali delle riunioni, elenchi di perforazioni, rapporti giornalieri, disegni e altro ancora questa soluzione sta cambiando il modo di lavorare dei cantieri. Inoltre, VPO migliora la visibilit\u00e0; si integra con i sistemi line-of-business; amministra i reclami, controversie e ordini di modifica; ti d\u00e0 accesso a dati migliori; e realizza un ROI impressionante.\u00a0API solida per sintetizzare i dati dal tuo programma di contabilit\u00e0 o ERP.<\/p>\n<h2>VPO &#8211; TUTORIAL<\/h2>\n<p>Guardiamo insieme il video in cui mostra le principali funzioni di questo<strong> software gestionale per l&#8217;edilizia:<\/strong><\/p>\n<div id=\"fluid-wrapper-counter-1\" class=\"g1-fluid-wrapper \" style=\"width:686px;\">\n<div style=\"padding-bottom:56.268221574344%;\"><iframe loading=\"lazy\" title=\"VPO Construction Project Management Software Demo (Construction Management in Microsoft Office 365)\" width=\"515\" height=\"386\" src=\"https:\/\/www.youtube.com\/embed\/CQqQdNJN6IQ?feature=oembed&amp;wmode=transparent&amp;autohide=1&amp;autoplay=0&amp;disablekb=0&amp;fs=1&amp;loop=0&amp;enablejsapi=1&amp;rel=0&amp;controls=2&amp;showinfo=0&amp;wmode=transparent&amp;autohide=2&amp;autoplay=0&amp;disablekb=0&amp;fs=1&amp;loop=0&amp;enablejsapi=1&amp;rel=0&amp;controls=2&amp;showinfo=1\" frameborder=\"0\" allow=\"accelerometer; autoplay; encrypted-media; gyroscope; picture-in-picture\" allowfullscreen><\/iframe><\/div>\n<\/div>\n<h3>VPO &#8211; CARATTERISTICHE<\/h3>\n<ul>\n<li>Piattaforma collaborativa per l&#8217;intero team di progetto<\/li>\n<li>Flusso di lavoro dei documenti di costruzione semplificato per RFI, invii, ordini di modifica e altro<\/li>\n<li>Pianificazione del progetto<\/li>\n<li>Gestione delle offerte<\/li>\n<li>Archiviazione e condivisione dei documenti<\/li>\n<li>Gestione dei campi per elenchi di punzonatura, rapporti giornalieri, foto dei siti di lavoro<\/li>\n<li>Corrispondenza del progetto<\/li>\n<li>Posta in arrivo e verbale della riunione<\/li>\n<li>Amministrazione per il software<\/li>\n<li>Formazione personalizzata in tutti i tuoi progetti<\/li>\n<li>Applicazioni mobili per accedere alla piattaforma ovunque tu sia<\/li>\n<li>Autorizzazioni basate sul ruolo<\/li>\n<li>Riunioni online e messaggistica istantanea<\/li>\n<\/ul>\n<h4>LE RECENSIONI DEGLI UTENTI<\/h4>\n<h4 class=\"font-weight-bold my-1 d-flex align-items-center\">Marina Y.\u00a0&#8220;Preziosa soluzione di gestione basata su cloud&#8221;<\/h4>\n<p><strong>Commenti: <\/strong>VPO mi consente di gestire i miei progetti in modo semplificato, fornendo numerosi strumenti che vanno dalle rubriche al tracciamento dei documenti al verbale delle riunioni alla gestione delle fatture. VPO mi consente persino di coinvolgere direttamente i miei clienti e il mio appaltatore, rendendo VPO un hub efficiente per tutte le parti coinvolte in un progetto. Essere in grado di tracciare invii, RFI, proposte, modifiche e molto altro su una semplice interfaccia elimina le congetture dalla disordinata corrispondenza email! Con VPO posso gestire in modo efficiente i miei flussi di lavoro, risparmiare tempo sia per me che per i miei clienti e condividere facilmente i documenti di progetto nel mio ufficio. E, soprattutto, posso usare VPO da casa o ovunque con una connessione Internet!<\/p>\n<p><strong>Vantaggi: <\/strong>VPO ha la capacit\u00e0 di tracciare ogni informazione che trovo durante un progetto. VPO \u00e8 come il mio super deposito di documenti che mi rende responsabile per i documenti che ricevo o rivedo e pu\u00f2 essere uno strumento estremamente importante nella lotta alle richieste di risarcimento, ovvero VPO riduce efficacemente molti rischi associati al controllo dei documenti nel campo della gestione delle costruzioni.<\/p>\n<p><strong>Inconvenienti: <\/strong>VPO restituisce solo ci\u00f2 che hai inserito. Anche se non \u00e8 necessariamente una cosa negativa, avere una migliore conoscenza della tecnologia generalmente definisce quanto sar\u00e0 efficace VPO. Quelli che sono &#8220;esperti di tecnologia&#8221; avranno un tempo molto pi\u00f9 facile di adattamento al sistema rispetto a quelli che non lo sono.<\/p>\n<h5 class=\"font-weight-bold my-1 d-flex align-items-center\">Brian C.\u00a0&#8220;VPO per Highway Construction Team&#8221;<\/h5>\n<p><strong>Commenti: <\/strong>Il pi\u00f9 grande vantaggio dell&#8217;utilizzo di VPO \u00e8 l&#8217;organizzazione. Il nostro team \u00e8 in grado di guardare indietro e trovare qualsiasi cosa avessimo fatto in passato. Ci ha anche permesso di risparmiare tempo utilizzando i moduli personalizzati che VPO ha personalizzato per soddisfare le esigenze dei nostri clienti.<\/p>\n<p><strong>Vantaggi: <\/strong>Il software \u00e8 progettato per essere molto intuitivo ed \u00e8 personalizzabile per adattarsi alle esigenze dell&#8217;azienda e \/ o dei clienti.<\/p>\n<p><strong>Inconvenienti: <\/strong>L&#8217;utilizzo dell&#8217;app SharePoint su un iPhone a volte pu\u00f2 essere lento ma alla fine tutti i dati necessari sono a portata di mano.<\/p>\n<h4 class=\"font-weight-bold my-1 d-flex align-items-center\">Shawn S.&#8221;Giusto per l&#8217;uso&#8221;<\/h4>\n<p><strong>Commenti: <\/strong>Ero il front-end di questa implementazione con la mia azienda, quindi la sua evoluzione negli ultimi 2+ anni \u00e8 stata molto buona secondo me. Il servizio clienti \u00e8 stato perfetto e l&#8217;adattamento o le esigenze di utilizzo sono stati finora buoni.<\/p>\n<p><strong>Vantaggi: <\/strong>flessibilit\u00e0 nella struttura e personalizzazione, facilit\u00e0 nell&#8217;incorporare veicoli di trasferimento come Harmon.ie, One Note in uso \u00e8 piacevole.<\/p>\n<p><strong>Inconvenienti: <\/strong>la struttura dei file e l&#8217;installazione iniziale per progetti specifici possono essere un po &#8216;ingombranti. questo potrebbe essere un effetto collaborativo tanto quanto altro, non sono sicuro &#8230;<\/p>\n<p>&nbsp;<\/p>\n","protected":false},"excerpt":{"rendered":"<p>VPO offre ai team di costruzione un&#8217;unica e sicura piattaforma di gestione edilizia sviluppato per proprietari, project manager, progettisti e appaltatori affinch\u00e9 possano collaborare da qualsiasi dispositivo, ovunque e nelle app aziendali che utilizzano.\u00a0Accedi e gestisci le informazioni sul progetto come pianificazioni, ordini di modifica, verbali delle riunioni, elenchi di perforazioni, rapporti giornalieri, disegni e altro ancora questa soluzione sta cambiando il modo di lavorare dei cantieri.<\/p>\n","protected":false},"author":19,"featured_media":25255,"parent":0,"menu_order":0,"comment_status":"open","ping_status":"closed","template":"g1_template_page_review_new.php","meta":{"_acf_changed":false,"cwp_meta_box_check":"Yes","cwp_rev_product_name":"","cwp_rev_product_image":"","wppr_links":[],"cwp_rev_price":"","wppr_options":[],"wppr_pros":[],"wppr_cons":[],"_monsterinsights_skip_tracking":false,"_monsterinsights_sitenote_active":false,"_monsterinsights_sitenote_note":"","_monsterinsights_sitenote_category":0,"footnotes":""},"categories":[2459],"tags":[396,2460,2506,2473,2496,2461,2495,2462,2569],"features":[],"class_list":{"0":"post-25254","1":"page","2":"type-page","3":"status-publish","4":"has-post-thumbnail","6":"category-gestionale-per-edilizia-cat","7":"tag-cloud","8":"tag-construction-management-software","9":"tag-programma-gestionale-per-costruzioni","10":"tag-programma-gestionale-per-ledilizia","11":"tag-software-gestionale-per-costruzioni","12":"tag-software-gestionale-per-lediizia","13":"tag-soluzione-gestionale-per-costruzioni","14":"tag-soluzione-gestionale-per-ledilizia","15":"tag-vpo"},"wppr_data":{"cwp_meta_box_check":"Yes","cwp_rev_product_name":"","cwp_rev_product_image":"","cwp_image_link":"image","cwp_rev_price":"","wppr_rating":"0.00"},"acf":[],"yoast_head":"<!-- This site is optimized with the Yoast SEO plugin v27.4 - https:\/\/yoast.com\/product\/yoast-seo-wordpress\/ -->\n<title>VPO: recensione software gestionale per edilizia - Accurate Reviews<\/title>\n<meta name=\"description\" content=\"VPO: recensione piattaforma di gestione edilizia sviluppata per proprietari, project manager, progettisti e appaltatori affinch\u00e9 possano collaborare.\" \/>\n<meta name=\"robots\" content=\"index, follow, max-snippet:-1, max-image-preview:large, max-video-preview:-1\" \/>\n<link rel=\"canonical\" href=\"https:\/\/www.accuratereviews.com\/it\/vpo-recensione\/\" \/>\n<meta property=\"og:locale\" content=\"it_IT\" \/>\n<meta property=\"og:type\" content=\"article\" \/>\n<meta property=\"og:title\" content=\"VPO: recensione software gestionale per edilizia - Accurate Reviews\" \/>\n<meta property=\"og:description\" content=\"VPO: recensione piattaforma di gestione edilizia sviluppata per proprietari, project manager, progettisti e appaltatori affinch\u00e9 possano collaborare.\" \/>\n<meta property=\"og:url\" content=\"https:\/\/www.accuratereviews.com\/it\/vpo-recensione\/\" \/>\n<meta property=\"og:site_name\" content=\"Accurate Reviews\" \/>\n<meta property=\"og:image\" content=\"https:\/\/www.accuratereviews.com\/wp-content\/uploads\/2020\/04\/vpo.png\" \/>\n\t<meta property=\"og:image:width\" content=\"200\" \/>\n\t<meta property=\"og:image:height\" content=\"200\" \/>\n\t<meta property=\"og:image:type\" content=\"image\/png\" \/>\n<meta name=\"twitter:card\" content=\"summary_large_image\" \/>\n<meta name=\"twitter:label1\" content=\"Tempo di lettura stimato\" \/>\n\t<meta name=\"twitter:data1\" content=\"3 minuti\" \/>\n<script type=\"application\/ld+json\" class=\"yoast-schema-graph\">{\"@context\":\"https:\\\/\\\/schema.org\",\"@graph\":[{\"@type\":\"WebPage\",\"@id\":\"https:\\\/\\\/www.accuratereviews.com\\\/it\\\/vpo-recensione\\\/\",\"url\":\"https:\\\/\\\/www.accuratereviews.com\\\/it\\\/vpo-recensione\\\/\",\"name\":\"VPO: recensione software gestionale per edilizia - Accurate Reviews\",\"isPartOf\":{\"@id\":\"https:\\\/\\\/www.accuratereviews.com\\\/it\\\/#website\"},\"primaryImageOfPage\":{\"@id\":\"https:\\\/\\\/www.accuratereviews.com\\\/it\\\/vpo-recensione\\\/#primaryimage\"},\"image\":{\"@id\":\"https:\\\/\\\/www.accuratereviews.com\\\/it\\\/vpo-recensione\\\/#primaryimage\"},\"thumbnailUrl\":\"https:\\\/\\\/www.accuratereviews.com\\\/wp-content\\\/uploads\\\/2020\\\/04\\\/vpo.png\",\"datePublished\":\"2020-04-14T11:08:16+00:00\",\"description\":\"VPO: recensione piattaforma di gestione edilizia sviluppata per proprietari, project manager, progettisti e appaltatori affinch\u00e9 possano collaborare.\",\"breadcrumb\":{\"@id\":\"https:\\\/\\\/www.accuratereviews.com\\\/it\\\/vpo-recensione\\\/#breadcrumb\"},\"inLanguage\":\"it-IT\",\"potentialAction\":[{\"@type\":\"ReadAction\",\"target\":[\"https:\\\/\\\/www.accuratereviews.com\\\/it\\\/vpo-recensione\\\/\"]}]},{\"@type\":\"ImageObject\",\"inLanguage\":\"it-IT\",\"@id\":\"https:\\\/\\\/www.accuratereviews.com\\\/it\\\/vpo-recensione\\\/#primaryimage\",\"url\":\"https:\\\/\\\/www.accuratereviews.com\\\/wp-content\\\/uploads\\\/2020\\\/04\\\/vpo.png\",\"contentUrl\":\"https:\\\/\\\/www.accuratereviews.com\\\/wp-content\\\/uploads\\\/2020\\\/04\\\/vpo.png\",\"width\":200,\"height\":200},{\"@type\":\"BreadcrumbList\",\"@id\":\"https:\\\/\\\/www.accuratereviews.com\\\/it\\\/vpo-recensione\\\/#breadcrumb\",\"itemListElement\":[{\"@type\":\"ListItem\",\"position\":1,\"name\":\"Home\",\"item\":\"https:\\\/\\\/www.accuratereviews.com\\\/it\\\/\"},{\"@type\":\"ListItem\",\"position\":2,\"name\":\"Vpo\"}]},{\"@type\":\"WebSite\",\"@id\":\"https:\\\/\\\/www.accuratereviews.com\\\/it\\\/#website\",\"url\":\"https:\\\/\\\/www.accuratereviews.com\\\/it\\\/\",\"name\":\"Accurate Reviews\",\"description\":\"\",\"potentialAction\":[{\"@type\":\"SearchAction\",\"target\":{\"@type\":\"EntryPoint\",\"urlTemplate\":\"https:\\\/\\\/www.accuratereviews.com\\\/it\\\/?s={search_term_string}\"},\"query-input\":{\"@type\":\"PropertyValueSpecification\",\"valueRequired\":true,\"valueName\":\"search_term_string\"}}],\"inLanguage\":\"it-IT\"}]}<\/script>\n<!-- \/ Yoast SEO plugin. -->","yoast_head_json":{"title":"VPO: recensione software gestionale per edilizia - Accurate Reviews","description":"VPO: recensione piattaforma di gestione edilizia sviluppata per proprietari, project manager, progettisti e appaltatori affinch\u00e9 possano collaborare.","robots":{"index":"index","follow":"follow","max-snippet":"max-snippet:-1","max-image-preview":"max-image-preview:large","max-video-preview":"max-video-preview:-1"},"canonical":"https:\/\/www.accuratereviews.com\/it\/vpo-recensione\/","og_locale":"it_IT","og_type":"article","og_title":"VPO: recensione software gestionale per edilizia - Accurate Reviews","og_description":"VPO: recensione piattaforma di gestione edilizia sviluppata per proprietari, project manager, progettisti e appaltatori affinch\u00e9 possano collaborare.","og_url":"https:\/\/www.accuratereviews.com\/it\/vpo-recensione\/","og_site_name":"Accurate Reviews","og_image":[{"width":200,"height":200,"url":"https:\/\/www.accuratereviews.com\/wp-content\/uploads\/2020\/04\/vpo.png","type":"image\/png"}],"twitter_card":"summary_large_image","twitter_misc":{"Tempo di lettura stimato":"3 minuti"},"schema":{"@context":"https:\/\/schema.org","@graph":[{"@type":"WebPage","@id":"https:\/\/www.accuratereviews.com\/it\/vpo-recensione\/","url":"https:\/\/www.accuratereviews.com\/it\/vpo-recensione\/","name":"VPO: recensione software gestionale per edilizia - Accurate Reviews","isPartOf":{"@id":"https:\/\/www.accuratereviews.com\/it\/#website"},"primaryImageOfPage":{"@id":"https:\/\/www.accuratereviews.com\/it\/vpo-recensione\/#primaryimage"},"image":{"@id":"https:\/\/www.accuratereviews.com\/it\/vpo-recensione\/#primaryimage"},"thumbnailUrl":"https:\/\/www.accuratereviews.com\/wp-content\/uploads\/2020\/04\/vpo.png","datePublished":"2020-04-14T11:08:16+00:00","description":"VPO: recensione piattaforma di gestione edilizia sviluppata per proprietari, project manager, progettisti e appaltatori affinch\u00e9 possano collaborare.","breadcrumb":{"@id":"https:\/\/www.accuratereviews.com\/it\/vpo-recensione\/#breadcrumb"},"inLanguage":"it-IT","potentialAction":[{"@type":"ReadAction","target":["https:\/\/www.accuratereviews.com\/it\/vpo-recensione\/"]}]},{"@type":"ImageObject","inLanguage":"it-IT","@id":"https:\/\/www.accuratereviews.com\/it\/vpo-recensione\/#primaryimage","url":"https:\/\/www.accuratereviews.com\/wp-content\/uploads\/2020\/04\/vpo.png","contentUrl":"https:\/\/www.accuratereviews.com\/wp-content\/uploads\/2020\/04\/vpo.png","width":200,"height":200},{"@type":"BreadcrumbList","@id":"https:\/\/www.accuratereviews.com\/it\/vpo-recensione\/#breadcrumb","itemListElement":[{"@type":"ListItem","position":1,"name":"Home","item":"https:\/\/www.accuratereviews.com\/it\/"},{"@type":"ListItem","position":2,"name":"Vpo"}]},{"@type":"WebSite","@id":"https:\/\/www.accuratereviews.com\/it\/#website","url":"https:\/\/www.accuratereviews.com\/it\/","name":"Accurate Reviews","description":"","potentialAction":[{"@type":"SearchAction","target":{"@type":"EntryPoint","urlTemplate":"https:\/\/www.accuratereviews.com\/it\/?s={search_term_string}"},"query-input":{"@type":"PropertyValueSpecification","valueRequired":true,"valueName":"search_term_string"}}],"inLanguage":"it-IT"}]}},"_links":{"self":[{"href":"https:\/\/www.accuratereviews.com\/it\/wp-json\/wp\/v2\/pages\/25254","targetHints":{"allow":["GET"]}}],"collection":[{"href":"https:\/\/www.accuratereviews.com\/it\/wp-json\/wp\/v2\/pages"}],"about":[{"href":"https:\/\/www.accuratereviews.com\/it\/wp-json\/wp\/v2\/types\/page"}],"author":[{"embeddable":true,"href":"https:\/\/www.accuratereviews.com\/it\/wp-json\/wp\/v2\/users\/19"}],"replies":[{"embeddable":true,"href":"https:\/\/www.accuratereviews.com\/it\/wp-json\/wp\/v2\/comments?post=25254"}],"version-history":[{"count":4,"href":"https:\/\/www.accuratereviews.com\/it\/wp-json\/wp\/v2\/pages\/25254\/revisions"}],"predecessor-version":[{"id":25273,"href":"https:\/\/www.accuratereviews.com\/it\/wp-json\/wp\/v2\/pages\/25254\/revisions\/25273"}],"wp:featuredmedia":[{"embeddable":true,"href":"https:\/\/www.accuratereviews.com\/it\/wp-json\/wp\/v2\/media\/25255"}],"wp:attachment":[{"href":"https:\/\/www.accuratereviews.com\/it\/wp-json\/wp\/v2\/media?parent=25254"}],"wp:term":[{"taxonomy":"category","embeddable":true,"href":"https:\/\/www.accuratereviews.com\/it\/wp-json\/wp\/v2\/categories?post=25254"},{"taxonomy":"post_tag","embeddable":true,"href":"https:\/\/www.accuratereviews.com\/it\/wp-json\/wp\/v2\/tags?post=25254"},{"taxonomy":"features","embeddable":true,"href":"https:\/\/www.accuratereviews.com\/it\/wp-json\/wp\/v2\/features?post=25254"}],"curies":[{"name":"wp","href":"https:\/\/api.w.org\/{rel}","templated":true}]}}