{"id":25262,"date":"2020-04-14T11:06:49","date_gmt":"2020-04-14T11:06:49","guid":{"rendered":"https:\/\/www.accuratereviews.com\/?page_id=25262"},"modified":"2023-08-12T09:02:44","modified_gmt":"2023-08-12T09:02:44","slug":"raken-recensione","status":"publish","type":"page","link":"https:\/\/www.accuratereviews.com\/it\/raken-recensione\/","title":{"rendered":"Raken"},"content":{"rendered":"<p><strong>Raken<\/strong> \u00e8 un&#8217;applicazione <strong>gestionale delle costruzioni<\/strong> che consente alle aziende e alle imprese edili di risparmiare tempo e concentrarsi maggiormente sulla realizzazione dei propri progetti, aiutandoli a gestire agevolmente le loro esigenze e i loro processi di rendicontazione quotidiana. La soluzione semplifica la raccolta di tutte le informazioni importanti di cui hai bisogno dal cantiere e genera report.\u00a0L&#8217;applicazione di reportistica e gestione dei campi consente agli utenti di presentare immediatamente report di siti di lavoro personalizzabili consentendo loro di aggiungere rapidamente note, allegare foto, video e documenti pertinenti ai rapporti e inviarle velocemente. L&#8217;app invia inoltre automaticamente le notifiche se mancano alcuni report o quando si verificano problemi di sicurezza nel sito di lavoro. <strong>Raken<\/strong> fornisce una funzionalit\u00e0 di gestione delle attivit\u00e0 che rende il flusso di lavoro dall&#8217;ufficio al luogo di lavoro regolare e sistematico per monitorare lo stato di avanzamento delle attivit\u00e0 da qualsiasi dispositivo.<\/p>\n<h2>RAKEN &#8211; TUTORIAL<\/h2>\n<p>Ecco un tutorial in cui mostra gli strumenti principali di questo software gestionale per l&#8217;edilizia:<\/p>\n<div id=\"fluid-wrapper-counter-1\" class=\"g1-fluid-wrapper \" style=\"width:686px;\">\n<div style=\"padding-bottom:56.268221574344%;\"><iframe loading=\"lazy\" title=\"Raken Overview Demo\" width=\"686\" height=\"386\" src=\"https:\/\/www.youtube.com\/embed\/sNGeR5LOXDY?feature=oembed&amp;wmode=transparent&amp;autohide=1&amp;autoplay=0&amp;disablekb=0&amp;fs=1&amp;loop=0&amp;enablejsapi=1&amp;rel=0&amp;controls=2&amp;showinfo=0&amp;wmode=transparent&amp;autohide=2&amp;autoplay=0&amp;disablekb=0&amp;fs=1&amp;loop=0&amp;enablejsapi=1&amp;rel=0&amp;controls=2&amp;showinfo=1\" frameborder=\"0\" allow=\"accelerometer; autoplay; clipboard-write; encrypted-media; gyroscope; picture-in-picture; web-share\" allowfullscreen><\/iframe><\/div>\n<\/div>\n<h3>RAKEN &#8211; CARATTERISTICHE<\/h3>\n<ul>\n<li><strong>Chi ha fatto cosa, dove e quando<\/strong>: il registro di lavoro \u00e8 il primo passo per completare un rapporto giornaliero approfondito. Inserisci ci\u00f2 che \u00e8 accaduto sul posto, dove \u00e8 avvenuto e qualsiasi altro dettaglio che pensi in quel momento. Usa voice-to-text per registrare le note<\/li>\n<li><strong>Il quadro generale a colpo d&#8217;occhio<\/strong>: hai bisogno di prendere nota o di annotare le osservazioni sul controllo di qualit\u00e0? C&#8217;\u00e8 un&#8217;intera sezione dedicata a fare proprio questo<\/li>\n<li><strong>Tracciamento del tempo<\/strong>: inserisci ore per singoli o interi equipaggi, applicarli a codici di costo, allocare OT, RT o DT e scorrere le ore duplicate<\/li>\n<li><strong>Aggiungi foto e allegati:<\/strong> ti consente di scattare foto facilmente mentre sei nel cantiere. Indica, scatta e le tue foto vengono automaticamente allegate al rapporto giornaliero. Le foto vengono visualizzate con il timestamp, nella sezione giusta, e vengono inviate alla dashboard in tempo reale in ufficio. Stessa cosa per i video<\/li>\n<li><strong>Galleria multimediale:<\/strong> foto e video vengono immediatamente organizzati in una galleria. Cerca facilmente per progetto o data, cos\u00ec non perderai mai traccia di loro<\/li>\n<li><strong>Allegati<\/strong>: tutti i documenti di produzione possono essere allegati al rapporto giornaliero e saranno sempre collegati a quel progetto<\/li>\n<li><strong>Promemoria<\/strong>: la soluzione invia rapporti giornalieri all&#8217;ufficio non appena vengono firmati e automatizza persino i promemoria quando un progetto \u00e8 in ritardo con la loro conformit\u00e0<\/li>\n<li><strong>Rapporti PDF con marchio<\/strong>: tutti questi dati sono organizzati, formattati e inseriti in un rapporto giornaliero completo del logo e dei colori del marchio in modo da poter mostrare le tue capacit\u00e0 lavorative e organizzative ai potenziali clienti<\/li>\n<\/ul>\n<h3>LE RECENSIONI DEGLI UTENTI<\/h3>\n<h4 class=\"font-weight-bold my-1 d-flex align-items-center\">Tim B.&#8221;Il miglior software per i rapporti giornalieri&#8221;<\/h4>\n<p><strong>Commenti: <\/strong>Siamo stati in grado di tracciare facilmente molti report giornalieri dei nostri progetti utilizzando Raken. Essere in grado di averli tutti in una posizione \u00e8 bello. Inoltre, l&#8217;invio di rapporti giornalieri ad altre persone che hanno bisogno di vederli \u00e8 un&#8217;ottima funzionalit\u00e0.<\/p>\n<p><strong>Vantaggi: <\/strong>Usando Raken negli ultimi 3+ anni, ho visto il software svilupparsi e continuare ad espandersi. Raken si sforza di essere all&#8217;avanguardia per tenere traccia delle attivit\u00e0 quotidiane in un cantiere edile. L&#8217;uso dell&#8217;app sul mio telefono o tablet \u00e8 stato molto utile per tenere traccia dei rapporti giornalieri in cantiere. Essere in grado di allegare immagini al rapporto \u00e8 fantastico.<\/p>\n<p><strong>Inconvenienti: <\/strong>Non ho riscontrato problemi \u00a0con il software. L&#8217;unica cosa con cui ho avuto problemi in passato \u00e8 stata il caricamento laterale delle foto. Questo problema \u00e8 stato corretto con un aggiornamento dell&#8217;app.<\/p>\n<h4 class=\"font-weight-bold my-1 d-flex align-items-center\">Joe M.&#8221;Super facile ed efficace&#8221;<\/h4>\n<p><strong>Commenti: <\/strong>\u00c8 stato grandioso L&#8217;assistenza clienti \u00e8 eccellente. Controllano per assicurarsi che tutto sia OK frequentemente all&#8217;inizio mentre stai imparando. Dopodich\u00e9 effettuano occasionalmente il check-in e, se li invii sul sito RAKEN, rispondono rapidamente.<\/p>\n<p><strong>Vantaggi: <\/strong>La facilit\u00e0 di tenere traccia di ci\u00f2 che sta succedendo con i miei lavori e di essere in grado di ritenere gli altri responsabili avendo un registro della qualit\u00e0 del lavoro che stiamo svolgendo.<\/p>\n<p><strong>Inconvenienti: <\/strong>Non ho lamentele. Ho un suggerimento se potresti far capire agli operai dove sbagliano mentre inserisci i loro dati (nome) per poterli modificare invece di dover cancellare e ripetere. Non \u00e8 un grosso problema se questo non \u00e8 possibile da fare.<\/p>\n<h4>Chris H.\u00a0&#8220;Installazione di 30-45 minuti dal nostro precedente sistema di segnalazione&#8221;<\/h4>\n<p><strong>Commenti: <\/strong>Uso questa applicazione ogni giorno lavorativo in cui ho un progetto in corso, lo adoro &#8230;<\/p>\n<p><strong>Vantaggi: <\/strong>Questa \u00e8 un&#8217;applicazione molto facile da usare, l&#8217;interazione con il mio telefono rende la vita molto pi\u00f9 semplice e mi libera di concentrarmi sul mio lavoro &#8230;<\/p>\n<p><strong>Inconvenienti: <\/strong>Non c&#8217;\u00e8 molto da non apprezzare, mi piacerebbe se fossi in grado di conservare le informazioni per il roll over (o copia) nel rapporto dei giorni successivi, per risparmiare ridondanza &#8230;<\/p>\n","protected":false},"excerpt":{"rendered":"<p>Raken \u00e8 un&#8217;applicazione gestionale delle costruzioni che consente alle aziende e alle imprese edili di risparmiare tempo e concentrarsi maggiormente sulla realizzazione dei propri progetti, aiutandoli a gestire agevolmente le loro esigenze e i loro processi di rendicontazione quotidiana.<\/p>\n","protected":false},"author":19,"featured_media":25263,"parent":0,"menu_order":0,"comment_status":"open","ping_status":"closed","template":"g1_template_page_review_new.php","meta":{"_acf_changed":false,"cwp_meta_box_check":"Yes","cwp_rev_product_name":"","cwp_rev_product_image":"","wppr_links":[],"cwp_rev_price":"","wppr_options":[{"name":"Usability","value":"0"},{"name":"Speed","value":"0"},{"name":"Features","value":"0"},{"name":"Support","value":"0"},{"name":"Pricing","value":"0"}],"wppr_pros":["","","","",""],"wppr_cons":["","","","",""],"_monsterinsights_skip_tracking":false,"_monsterinsights_sitenote_active":false,"_monsterinsights_sitenote_note":"","_monsterinsights_sitenote_category":0,"footnotes":""},"categories":[2459],"tags":[2460,2506,2473,2570,2496,2461,2495,2462],"features":[],"class_list":{"0":"post-25262","1":"page","2":"type-page","3":"status-publish","4":"has-post-thumbnail","6":"category-gestionale-per-edilizia-cat","7":"tag-construction-management-software","8":"tag-programma-gestionale-per-costruzioni","9":"tag-programma-gestionale-per-ledilizia","10":"tag-raken","11":"tag-software-gestionale-per-costruzioni","12":"tag-software-gestionale-per-lediizia","13":"tag-soluzione-gestionale-per-costruzioni","14":"tag-soluzione-gestionale-per-ledilizia"},"wppr_data":{"cwp_meta_box_check":"Yes","cwp_rev_product_name":"","_wppr_review_template":"default","cwp_rev_product_image":"","cwp_image_link":"image","wppr_links":[],"cwp_rev_price":"","wppr_pros":["","","","",""],"wppr_cons":["","","","",""],"wppr_rating":"0.00","wppr_options":{"1":{"name":"Usability","value":"0"},"2":{"name":"Speed","value":"0"},"3":{"name":"Features","value":"0"},"4":{"name":"Support","value":"0"},"5":{"name":"Pricing","value":"0"}},"wppr_review_type":"Product","wppr_review_custom_fields":{"additionalProperty":"","additionalType":"","aggregateRating":"","alternateName":"","audience":"","award":"","awards":"","brand":"","color":"","depth":"","description":"","disambiguatingDescription":"","gtin12":"","gtin13":"","gtin14":"","gtin8":"","height":"","identifier":"","image":"","isAccessoryOrSparePartFor":"","isConsumableFor":"","isRelatedTo":"","isSimilarTo":"","itemCondition":"","logo":"","mainEntityOfPage":"","manufacturer":"","material":"","model":"","mpn":"","name":"","offers":"","potentialAction":"","productID":"","productionDate":"","purchaseDate":"","releaseDate":"","review":"","reviews":"","sameAs":"","sku":"","slogan":"","subjectOf":"","url":"","weight":"","width":""}},"acf":[],"yoast_head":"<!-- This site is optimized with the Yoast SEO plugin v27.4 - https:\/\/yoast.com\/product\/yoast-seo-wordpress\/ -->\n<title>Raken: recensione software gestionale per edilizia - Accurate Reviews<\/title>\n<meta name=\"description\" content=\"Raken: recensione applicazione gestionale delle costruzioni che consente alle aziendedi risparmiare tempo e concentrarsi maggiormente sui loro progetti.\" \/>\n<meta name=\"robots\" content=\"index, follow, max-snippet:-1, max-image-preview:large, max-video-preview:-1\" \/>\n<link rel=\"canonical\" href=\"https:\/\/www.accuratereviews.com\/it\/raken-recensione\/\" \/>\n<meta property=\"og:locale\" content=\"it_IT\" \/>\n<meta property=\"og:type\" content=\"article\" \/>\n<meta property=\"og:title\" content=\"Raken: recensione software gestionale per edilizia - Accurate Reviews\" \/>\n<meta property=\"og:description\" content=\"Raken: recensione applicazione gestionale delle costruzioni che consente alle aziendedi risparmiare tempo e concentrarsi maggiormente sui loro progetti.\" \/>\n<meta property=\"og:url\" content=\"https:\/\/www.accuratereviews.com\/it\/raken-recensione\/\" \/>\n<meta property=\"og:site_name\" content=\"Accurate Reviews\" \/>\n<meta property=\"article:modified_time\" content=\"2023-08-12T09:02:44+00:00\" \/>\n<meta property=\"og:image\" content=\"https:\/\/www.accuratereviews.com\/wp-content\/uploads\/2020\/04\/raken.png\" \/>\n\t<meta property=\"og:image:width\" content=\"512\" \/>\n\t<meta property=\"og:image:height\" content=\"512\" \/>\n\t<meta property=\"og:image:type\" content=\"image\/png\" \/>\n<meta name=\"twitter:card\" content=\"summary_large_image\" \/>\n<meta name=\"twitter:label1\" content=\"Tempo di lettura stimato\" \/>\n\t<meta name=\"twitter:data1\" content=\"5 minuti\" \/>\n<script type=\"application\/ld+json\" class=\"yoast-schema-graph\">{\"@context\":\"https:\\\/\\\/schema.org\",\"@graph\":[{\"@type\":\"WebPage\",\"@id\":\"https:\\\/\\\/www.accuratereviews.com\\\/it\\\/raken-recensione\\\/\",\"url\":\"https:\\\/\\\/www.accuratereviews.com\\\/it\\\/raken-recensione\\\/\",\"name\":\"Raken: recensione software gestionale per edilizia - Accurate Reviews\",\"isPartOf\":{\"@id\":\"https:\\\/\\\/www.accuratereviews.com\\\/it\\\/#website\"},\"primaryImageOfPage\":{\"@id\":\"https:\\\/\\\/www.accuratereviews.com\\\/it\\\/raken-recensione\\\/#primaryimage\"},\"image\":{\"@id\":\"https:\\\/\\\/www.accuratereviews.com\\\/it\\\/raken-recensione\\\/#primaryimage\"},\"thumbnailUrl\":\"https:\\\/\\\/www.accuratereviews.com\\\/wp-content\\\/uploads\\\/2020\\\/04\\\/raken.png\",\"datePublished\":\"2020-04-14T11:06:49+00:00\",\"dateModified\":\"2023-08-12T09:02:44+00:00\",\"description\":\"Raken: recensione applicazione gestionale delle costruzioni che consente alle aziendedi risparmiare tempo e concentrarsi maggiormente sui loro progetti.\",\"breadcrumb\":{\"@id\":\"https:\\\/\\\/www.accuratereviews.com\\\/it\\\/raken-recensione\\\/#breadcrumb\"},\"inLanguage\":\"it-IT\",\"potentialAction\":[{\"@type\":\"ReadAction\",\"target\":[\"https:\\\/\\\/www.accuratereviews.com\\\/it\\\/raken-recensione\\\/\"]}]},{\"@type\":\"ImageObject\",\"inLanguage\":\"it-IT\",\"@id\":\"https:\\\/\\\/www.accuratereviews.com\\\/it\\\/raken-recensione\\\/#primaryimage\",\"url\":\"https:\\\/\\\/www.accuratereviews.com\\\/wp-content\\\/uploads\\\/2020\\\/04\\\/raken.png\",\"contentUrl\":\"https:\\\/\\\/www.accuratereviews.com\\\/wp-content\\\/uploads\\\/2020\\\/04\\\/raken.png\",\"width\":512,\"height\":512},{\"@type\":\"BreadcrumbList\",\"@id\":\"https:\\\/\\\/www.accuratereviews.com\\\/it\\\/raken-recensione\\\/#breadcrumb\",\"itemListElement\":[{\"@type\":\"ListItem\",\"position\":1,\"name\":\"Home\",\"item\":\"https:\\\/\\\/www.accuratereviews.com\\\/it\\\/\"},{\"@type\":\"ListItem\",\"position\":2,\"name\":\"Raken\"}]},{\"@type\":\"WebSite\",\"@id\":\"https:\\\/\\\/www.accuratereviews.com\\\/it\\\/#website\",\"url\":\"https:\\\/\\\/www.accuratereviews.com\\\/it\\\/\",\"name\":\"Accurate Reviews\",\"description\":\"\",\"potentialAction\":[{\"@type\":\"SearchAction\",\"target\":{\"@type\":\"EntryPoint\",\"urlTemplate\":\"https:\\\/\\\/www.accuratereviews.com\\\/it\\\/?s={search_term_string}\"},\"query-input\":{\"@type\":\"PropertyValueSpecification\",\"valueRequired\":true,\"valueName\":\"search_term_string\"}}],\"inLanguage\":\"it-IT\"}]}<\/script>\n<!-- \/ Yoast SEO plugin. -->","yoast_head_json":{"title":"Raken: recensione software gestionale per edilizia - Accurate Reviews","description":"Raken: recensione applicazione gestionale delle costruzioni che consente alle aziendedi risparmiare tempo e concentrarsi maggiormente sui loro progetti.","robots":{"index":"index","follow":"follow","max-snippet":"max-snippet:-1","max-image-preview":"max-image-preview:large","max-video-preview":"max-video-preview:-1"},"canonical":"https:\/\/www.accuratereviews.com\/it\/raken-recensione\/","og_locale":"it_IT","og_type":"article","og_title":"Raken: recensione software gestionale per edilizia - Accurate Reviews","og_description":"Raken: recensione applicazione gestionale delle costruzioni che consente alle aziendedi risparmiare tempo e concentrarsi maggiormente sui loro progetti.","og_url":"https:\/\/www.accuratereviews.com\/it\/raken-recensione\/","og_site_name":"Accurate Reviews","article_modified_time":"2023-08-12T09:02:44+00:00","og_image":[{"width":512,"height":512,"url":"https:\/\/www.accuratereviews.com\/wp-content\/uploads\/2020\/04\/raken.png","type":"image\/png"}],"twitter_card":"summary_large_image","twitter_misc":{"Tempo di lettura stimato":"5 minuti"},"schema":{"@context":"https:\/\/schema.org","@graph":[{"@type":"WebPage","@id":"https:\/\/www.accuratereviews.com\/it\/raken-recensione\/","url":"https:\/\/www.accuratereviews.com\/it\/raken-recensione\/","name":"Raken: recensione software gestionale per edilizia - Accurate Reviews","isPartOf":{"@id":"https:\/\/www.accuratereviews.com\/it\/#website"},"primaryImageOfPage":{"@id":"https:\/\/www.accuratereviews.com\/it\/raken-recensione\/#primaryimage"},"image":{"@id":"https:\/\/www.accuratereviews.com\/it\/raken-recensione\/#primaryimage"},"thumbnailUrl":"https:\/\/www.accuratereviews.com\/wp-content\/uploads\/2020\/04\/raken.png","datePublished":"2020-04-14T11:06:49+00:00","dateModified":"2023-08-12T09:02:44+00:00","description":"Raken: recensione applicazione gestionale delle costruzioni che consente alle aziendedi risparmiare tempo e concentrarsi maggiormente sui loro progetti.","breadcrumb":{"@id":"https:\/\/www.accuratereviews.com\/it\/raken-recensione\/#breadcrumb"},"inLanguage":"it-IT","potentialAction":[{"@type":"ReadAction","target":["https:\/\/www.accuratereviews.com\/it\/raken-recensione\/"]}]},{"@type":"ImageObject","inLanguage":"it-IT","@id":"https:\/\/www.accuratereviews.com\/it\/raken-recensione\/#primaryimage","url":"https:\/\/www.accuratereviews.com\/wp-content\/uploads\/2020\/04\/raken.png","contentUrl":"https:\/\/www.accuratereviews.com\/wp-content\/uploads\/2020\/04\/raken.png","width":512,"height":512},{"@type":"BreadcrumbList","@id":"https:\/\/www.accuratereviews.com\/it\/raken-recensione\/#breadcrumb","itemListElement":[{"@type":"ListItem","position":1,"name":"Home","item":"https:\/\/www.accuratereviews.com\/it\/"},{"@type":"ListItem","position":2,"name":"Raken"}]},{"@type":"WebSite","@id":"https:\/\/www.accuratereviews.com\/it\/#website","url":"https:\/\/www.accuratereviews.com\/it\/","name":"Accurate Reviews","description":"","potentialAction":[{"@type":"SearchAction","target":{"@type":"EntryPoint","urlTemplate":"https:\/\/www.accuratereviews.com\/it\/?s={search_term_string}"},"query-input":{"@type":"PropertyValueSpecification","valueRequired":true,"valueName":"search_term_string"}}],"inLanguage":"it-IT"}]}},"_links":{"self":[{"href":"https:\/\/www.accuratereviews.com\/it\/wp-json\/wp\/v2\/pages\/25262","targetHints":{"allow":["GET"]}}],"collection":[{"href":"https:\/\/www.accuratereviews.com\/it\/wp-json\/wp\/v2\/pages"}],"about":[{"href":"https:\/\/www.accuratereviews.com\/it\/wp-json\/wp\/v2\/types\/page"}],"author":[{"embeddable":true,"href":"https:\/\/www.accuratereviews.com\/it\/wp-json\/wp\/v2\/users\/19"}],"replies":[{"embeddable":true,"href":"https:\/\/www.accuratereviews.com\/it\/wp-json\/wp\/v2\/comments?post=25262"}],"version-history":[{"count":8,"href":"https:\/\/www.accuratereviews.com\/it\/wp-json\/wp\/v2\/pages\/25262\/revisions"}],"predecessor-version":[{"id":71324,"href":"https:\/\/www.accuratereviews.com\/it\/wp-json\/wp\/v2\/pages\/25262\/revisions\/71324"}],"wp:featuredmedia":[{"embeddable":true,"href":"https:\/\/www.accuratereviews.com\/it\/wp-json\/wp\/v2\/media\/25263"}],"wp:attachment":[{"href":"https:\/\/www.accuratereviews.com\/it\/wp-json\/wp\/v2\/media?parent=25262"}],"wp:term":[{"taxonomy":"category","embeddable":true,"href":"https:\/\/www.accuratereviews.com\/it\/wp-json\/wp\/v2\/categories?post=25262"},{"taxonomy":"post_tag","embeddable":true,"href":"https:\/\/www.accuratereviews.com\/it\/wp-json\/wp\/v2\/tags?post=25262"},{"taxonomy":"features","embeddable":true,"href":"https:\/\/www.accuratereviews.com\/it\/wp-json\/wp\/v2\/features?post=25262"}],"curies":[{"name":"wp","href":"https:\/\/api.w.org\/{rel}","templated":true}]}}