{"id":25287,"date":"2020-04-15T10:30:29","date_gmt":"2020-04-15T10:30:29","guid":{"rendered":"https:\/\/www.accuratereviews.com\/?page_id=25287"},"modified":"2020-04-15T10:30:29","modified_gmt":"2020-04-15T10:30:29","slug":"probuilder-recensione","status":"publish","type":"page","link":"https:\/\/www.accuratereviews.com\/it\/probuilder-recensione\/","title":{"rendered":"ProBuilder Online"},"content":{"rendered":"<p><strong>ProBuilder\u00a0Online<\/strong> \u00e8 una <strong>soluzione di gestione dell&#8217;edilizia<\/strong> basata su <strong>cloud<\/strong> che consente ai costruttori di case di migliorare il processo del progetto automatizzando i flussi di lavoro che richiedono tempo. Dal preventivo di servizio iniziale al progetto completato, il programma \u00e8 in grado di gestire ogni aspetto del processo di costruzione come la creazione di stime, il monitoraggio e la pianificazione del progetto, la gestione finanziaria, il \u00a0budget, l&#8217;amministrazione delle attivit\u00e0 e la documentazione in loco. Altre caratteristiche includono la localizzazione GPS, la gestione delle buste paga con integrazione <strong>Quickbooks<\/strong> e l&#8217;organizzazione degli ordini di lavoro. Con una dashboard centralizzata, <strong>ProBuilder<\/strong> \u00e8 in grado di tracciare i dati finanziari e la pianificazione dei progetti in tempo reale, nonch\u00e9 attivit\u00e0 aperte e registri giornalieri.<\/p>\n<h2>PROBUILDER &#8211; TUTORIAL<\/h2>\n<p>Il tutorial mostrer\u00e0 come eliminare gli account non utilizzati in questa <strong>soluzione gestionale per l&#8217;edilizia<\/strong> e importare l&#8217;elenco dei tuoi account nel modo pi\u00f9 veloce possibile:<\/p>\n<div id=\"fluid-wrapper-counter-1\" class=\"g1-fluid-wrapper \" style=\"width:686px;\">\n<div style=\"padding-bottom:56.268221574344%;\"><iframe loading=\"lazy\" title=\"Import Your Cost Codes to ProBuilder Online\" width=\"686\" height=\"386\" src=\"https:\/\/www.youtube.com\/embed\/Pvmmvmb421I?feature=oembed&amp;wmode=transparent&amp;autohide=1&amp;autoplay=0&amp;disablekb=0&amp;fs=1&amp;loop=0&amp;enablejsapi=1&amp;rel=0&amp;controls=2&amp;showinfo=0&amp;wmode=transparent&amp;autohide=2&amp;autoplay=0&amp;disablekb=0&amp;fs=1&amp;loop=0&amp;enablejsapi=1&amp;rel=0&amp;controls=2&amp;showinfo=1\" frameborder=\"0\" allow=\"accelerometer; autoplay; encrypted-media; gyroscope; picture-in-picture\" allowfullscreen><\/iframe><\/div>\n<\/div>\n<h3>PROBUILDER &#8211; CARATTERISTICHE<\/h3>\n<ul>\n<li><strong>Risparmia tempo<\/strong>: lavora sui modelli precedenti per preparare rapidamente stime e pianificazioni<br \/>\n<strong>Precisione<\/strong>: elimina le pratiche burocratiche e le voci multiple su sistemi disconnessi<br \/>\n<strong>Migliora la tua reputazione professionale:<\/strong> comunica chiaramente con i clienti<br \/>\n<strong>Mantieni un migliore controllo dei tuoi progetti e delle tue finanze<\/strong>: segui da vicino programmi e costi per valutare la redditivit\u00e0<br \/>\n<strong>Inizia subito a lavorare<\/strong>: diventa immediatamente produttivo senza ore o giorni di formazione.<\/li>\n<li><strong>Traccia gli ordini di acquisto<\/strong>: mantieni i tuoi costi organizzati con ordini di acquisto professionali<\/li>\n<li><strong>Gestisci i budget<\/strong>: rivedi e modifica il tuo budget per assicurarti che i profitti da completare e previsti siano accurati<\/li>\n<li><strong>Fatture:<\/strong> crea rapidamente fatture collegate direttamente al tuo preventivo<\/li>\n<li><strong>Gestisci dati finanziari<\/strong>: visualizza i dati finanziari da qualsiasi luogo<\/li>\n<li><strong>Condividere foto<\/strong>: risolvi rapidamente i problemi ed evita errori di comunicazione<\/li>\n<li><strong>Crea registri giornalieri<\/strong>: tieni facilmente traccia delle informazioni importanti<\/li>\n<\/ul>\n<h4>LE RECENSIONI DEGLI UTENTI<\/h4>\n<h4 class=\"font-weight-bold my-1 d-flex align-items-center\">Dan E.\u00a0&#8220;Ottimo per la programmazione!&#8221;<\/h4>\n<p><strong>Commenti: <\/strong>Il software ProBuilder mi sta aiutando a organizzare i programmi di lavoro giornalieri ed \u00e8 facilmente leggibile. Sono in grado di apportare facilmente modifiche quando \u00e8 necessario modificare il programma.<\/p>\n<p><strong>Vantaggi: <\/strong>Stavo cercando un software che potessi usare per programmare i miei lavori ogni giorno e per diversi lavori. Con ProBuilder Online, sono in grado di farlo.<\/p>\n<p><strong>Inconvenienti: <\/strong>L&#8217;unica area su cui bisogna lavorare \u00e8 che devo aggiornare la pagina o andare al programma delle settimane successive e poi tornare alla settimana in cui mi trovo per vedere le modifiche che ho apportato al programma settimanale. Non popola automaticamente le nuove informazioni dopo averle salvate nel progetto.<\/p>\n<h4 class=\"font-weight-bold my-1 d-flex align-items-center\">Jasseny P.\u00a0&#8220;Ottimo programma&#8221;<\/h4>\n<p><strong>Commenti: <\/strong>ottima esperienza finora!<\/p>\n<p><strong>Vantaggi: <\/strong>Il servizio clienti \u00e8 fantastico! \u00c8 stato di grande aiuto e sempre disponibile!<\/p>\n<p><strong>Inconvenienti: <\/strong>Potrebbe usare alcune funzionalit\u00e0 e tweeks ma il team di supporto \u00e8 facile da contattare e apportare modifiche se necessario<\/p>\n<h4 class=\"font-weight-bold my-1 d-flex align-items-center\">Robert M.\u00a0&#8220;Bene ora con un grande potenziale&#8221;<\/h4>\n<p><strong>Commenti: <\/strong>Ottimo programma per finanze e servizio clienti \u00e8 fantastico &#8211; continuer\u00f2 a utilizzare questo software e non vedo l&#8217;ora di nuove funzionalit\u00e0 e miglioramenti.<\/p>\n<p><strong>Vantaggi: <\/strong>Curva di apprendimento abbastanza semplice.\u00a0Le opzioni e le indennit\u00e0 sono un bel tocco per le stime.\u00a0Grande potenziale per diventare un ottimo programma di gestione.\u00a0Ottimo valore per quello che ottieni.\u00a0Ottimo servizio clienti: sono disposti ad aggiungere nuove funzionalit\u00e0<\/p>\n<p><strong>Inconvenienti: <\/strong>Piccolo errore con il fatto che si tratta di un nuovo programma software. Il flusso del programma ha bisogno di un piccolo aiuto<\/p>\n","protected":false},"excerpt":{"rendered":"<p>ProBuilder \u00e8 una soluzione di gestione dell&#8217;edilizia basata su cloud che consente ai costruttori di case di migliorare il processo del progetto automatizzando i flussi di lavoro che richiedono tempo. Dal preventivo di servizio iniziale al progetto completato, il programma \u00e8 in grado di gestire ogni aspetto del processo di costruzione come la creazione di stime, il monitoraggio e la pianificazione del progetto, la gestione finanziaria, il \u00a0budget, l&#8217;amministrazione delle attivit\u00e0 e la documentazione in loco<\/p>\n","protected":false},"author":19,"featured_media":25291,"parent":0,"menu_order":0,"comment_status":"open","ping_status":"closed","template":"g1_template_page_review_new.php","meta":{"_acf_changed":false,"cwp_meta_box_check":"Yes","cwp_rev_product_name":"","cwp_rev_product_image":"","wppr_links":[],"cwp_rev_price":"","wppr_options":[],"wppr_pros":[],"wppr_cons":[],"_monsterinsights_skip_tracking":false,"_monsterinsights_sitenote_active":false,"_monsterinsights_sitenote_note":"","_monsterinsights_sitenote_category":0,"footnotes":""},"categories":[2459],"tags":[396,2460,2574,2506,2473,2496,2461,2495,2462],"features":[],"class_list":{"0":"post-25287","1":"page","2":"type-page","3":"status-publish","4":"has-post-thumbnail","6":"category-gestionale-per-edilizia-cat","7":"tag-cloud","8":"tag-construction-management-software","9":"tag-probuilder-online","10":"tag-programma-gestionale-per-costruzioni","11":"tag-programma-gestionale-per-ledilizia","12":"tag-software-gestionale-per-costruzioni","13":"tag-software-gestionale-per-lediizia","14":"tag-soluzione-gestionale-per-costruzioni","15":"tag-soluzione-gestionale-per-ledilizia"},"wppr_data":{"cwp_meta_box_check":"Yes","cwp_rev_product_name":"","cwp_rev_product_image":"","cwp_image_link":"image","cwp_rev_price":"","wppr_rating":"0.00"},"acf":[],"yoast_head":"<!-- This site is optimized with the Yoast SEO plugin v27.4 - https:\/\/yoast.com\/product\/yoast-seo-wordpress\/ -->\n<title>ProBuilder: recensione software gestionale per edilizia - Accurate Reviews<\/title>\n<meta name=\"description\" content=\"ProBuilder: recensione soluzione di gestione dell&#039;edilizia basata su cloud che consente ai costruttori di migliorare il processo del progetto.\" \/>\n<meta name=\"robots\" content=\"index, follow, max-snippet:-1, max-image-preview:large, max-video-preview:-1\" \/>\n<link rel=\"canonical\" href=\"https:\/\/www.accuratereviews.com\/it\/probuilder-recensione\/\" \/>\n<meta property=\"og:locale\" content=\"it_IT\" \/>\n<meta property=\"og:type\" content=\"article\" \/>\n<meta property=\"og:title\" content=\"ProBuilder: recensione software gestionale per edilizia - Accurate Reviews\" \/>\n<meta property=\"og:description\" content=\"ProBuilder: recensione soluzione di gestione dell&#039;edilizia basata su cloud che consente ai costruttori di migliorare il processo del progetto.\" \/>\n<meta property=\"og:url\" content=\"https:\/\/www.accuratereviews.com\/it\/probuilder-recensione\/\" \/>\n<meta property=\"og:site_name\" content=\"Accurate Reviews\" \/>\n<meta property=\"og:image\" content=\"https:\/\/www.accuratereviews.com\/wp-content\/uploads\/2020\/04\/pro.png\" \/>\n\t<meta property=\"og:image:width\" content=\"1010\" \/>\n\t<meta property=\"og:image:height\" content=\"802\" \/>\n\t<meta property=\"og:image:type\" content=\"image\/png\" \/>\n<meta name=\"twitter:card\" content=\"summary_large_image\" \/>\n<meta name=\"twitter:label1\" content=\"Tempo di lettura stimato\" \/>\n\t<meta name=\"twitter:data1\" content=\"3 minuti\" \/>\n<script type=\"application\/ld+json\" class=\"yoast-schema-graph\">{\"@context\":\"https:\\\/\\\/schema.org\",\"@graph\":[{\"@type\":\"WebPage\",\"@id\":\"https:\\\/\\\/www.accuratereviews.com\\\/it\\\/probuilder-recensione\\\/\",\"url\":\"https:\\\/\\\/www.accuratereviews.com\\\/it\\\/probuilder-recensione\\\/\",\"name\":\"ProBuilder: recensione software gestionale per edilizia - Accurate Reviews\",\"isPartOf\":{\"@id\":\"https:\\\/\\\/www.accuratereviews.com\\\/it\\\/#website\"},\"primaryImageOfPage\":{\"@id\":\"https:\\\/\\\/www.accuratereviews.com\\\/it\\\/probuilder-recensione\\\/#primaryimage\"},\"image\":{\"@id\":\"https:\\\/\\\/www.accuratereviews.com\\\/it\\\/probuilder-recensione\\\/#primaryimage\"},\"thumbnailUrl\":\"https:\\\/\\\/www.accuratereviews.com\\\/wp-content\\\/uploads\\\/2020\\\/04\\\/pro.png\",\"datePublished\":\"2020-04-15T10:30:29+00:00\",\"description\":\"ProBuilder: recensione soluzione di gestione dell'edilizia basata su cloud che consente ai costruttori di migliorare il processo del progetto.\",\"breadcrumb\":{\"@id\":\"https:\\\/\\\/www.accuratereviews.com\\\/it\\\/probuilder-recensione\\\/#breadcrumb\"},\"inLanguage\":\"it-IT\",\"potentialAction\":[{\"@type\":\"ReadAction\",\"target\":[\"https:\\\/\\\/www.accuratereviews.com\\\/it\\\/probuilder-recensione\\\/\"]}]},{\"@type\":\"ImageObject\",\"inLanguage\":\"it-IT\",\"@id\":\"https:\\\/\\\/www.accuratereviews.com\\\/it\\\/probuilder-recensione\\\/#primaryimage\",\"url\":\"https:\\\/\\\/www.accuratereviews.com\\\/wp-content\\\/uploads\\\/2020\\\/04\\\/pro.png\",\"contentUrl\":\"https:\\\/\\\/www.accuratereviews.com\\\/wp-content\\\/uploads\\\/2020\\\/04\\\/pro.png\",\"width\":1010,\"height\":802},{\"@type\":\"BreadcrumbList\",\"@id\":\"https:\\\/\\\/www.accuratereviews.com\\\/it\\\/probuilder-recensione\\\/#breadcrumb\",\"itemListElement\":[{\"@type\":\"ListItem\",\"position\":1,\"name\":\"Home\",\"item\":\"https:\\\/\\\/www.accuratereviews.com\\\/it\\\/\"},{\"@type\":\"ListItem\",\"position\":2,\"name\":\"ProBuilder Online\"}]},{\"@type\":\"WebSite\",\"@id\":\"https:\\\/\\\/www.accuratereviews.com\\\/it\\\/#website\",\"url\":\"https:\\\/\\\/www.accuratereviews.com\\\/it\\\/\",\"name\":\"Accurate Reviews\",\"description\":\"\",\"potentialAction\":[{\"@type\":\"SearchAction\",\"target\":{\"@type\":\"EntryPoint\",\"urlTemplate\":\"https:\\\/\\\/www.accuratereviews.com\\\/it\\\/?s={search_term_string}\"},\"query-input\":{\"@type\":\"PropertyValueSpecification\",\"valueRequired\":true,\"valueName\":\"search_term_string\"}}],\"inLanguage\":\"it-IT\"}]}<\/script>\n<!-- \/ Yoast SEO plugin. -->","yoast_head_json":{"title":"ProBuilder: recensione software gestionale per edilizia - Accurate Reviews","description":"ProBuilder: recensione soluzione di gestione dell'edilizia basata su cloud che consente ai costruttori di migliorare il processo del progetto.","robots":{"index":"index","follow":"follow","max-snippet":"max-snippet:-1","max-image-preview":"max-image-preview:large","max-video-preview":"max-video-preview:-1"},"canonical":"https:\/\/www.accuratereviews.com\/it\/probuilder-recensione\/","og_locale":"it_IT","og_type":"article","og_title":"ProBuilder: recensione software gestionale per edilizia - Accurate Reviews","og_description":"ProBuilder: recensione soluzione di gestione dell'edilizia basata su cloud che consente ai costruttori di migliorare il processo del progetto.","og_url":"https:\/\/www.accuratereviews.com\/it\/probuilder-recensione\/","og_site_name":"Accurate Reviews","og_image":[{"width":1010,"height":802,"url":"https:\/\/www.accuratereviews.com\/wp-content\/uploads\/2020\/04\/pro.png","type":"image\/png"}],"twitter_card":"summary_large_image","twitter_misc":{"Tempo di lettura stimato":"3 minuti"},"schema":{"@context":"https:\/\/schema.org","@graph":[{"@type":"WebPage","@id":"https:\/\/www.accuratereviews.com\/it\/probuilder-recensione\/","url":"https:\/\/www.accuratereviews.com\/it\/probuilder-recensione\/","name":"ProBuilder: recensione software gestionale per edilizia - Accurate Reviews","isPartOf":{"@id":"https:\/\/www.accuratereviews.com\/it\/#website"},"primaryImageOfPage":{"@id":"https:\/\/www.accuratereviews.com\/it\/probuilder-recensione\/#primaryimage"},"image":{"@id":"https:\/\/www.accuratereviews.com\/it\/probuilder-recensione\/#primaryimage"},"thumbnailUrl":"https:\/\/www.accuratereviews.com\/wp-content\/uploads\/2020\/04\/pro.png","datePublished":"2020-04-15T10:30:29+00:00","description":"ProBuilder: recensione soluzione di gestione dell'edilizia basata su cloud che consente ai costruttori di migliorare il processo del progetto.","breadcrumb":{"@id":"https:\/\/www.accuratereviews.com\/it\/probuilder-recensione\/#breadcrumb"},"inLanguage":"it-IT","potentialAction":[{"@type":"ReadAction","target":["https:\/\/www.accuratereviews.com\/it\/probuilder-recensione\/"]}]},{"@type":"ImageObject","inLanguage":"it-IT","@id":"https:\/\/www.accuratereviews.com\/it\/probuilder-recensione\/#primaryimage","url":"https:\/\/www.accuratereviews.com\/wp-content\/uploads\/2020\/04\/pro.png","contentUrl":"https:\/\/www.accuratereviews.com\/wp-content\/uploads\/2020\/04\/pro.png","width":1010,"height":802},{"@type":"BreadcrumbList","@id":"https:\/\/www.accuratereviews.com\/it\/probuilder-recensione\/#breadcrumb","itemListElement":[{"@type":"ListItem","position":1,"name":"Home","item":"https:\/\/www.accuratereviews.com\/it\/"},{"@type":"ListItem","position":2,"name":"ProBuilder Online"}]},{"@type":"WebSite","@id":"https:\/\/www.accuratereviews.com\/it\/#website","url":"https:\/\/www.accuratereviews.com\/it\/","name":"Accurate Reviews","description":"","potentialAction":[{"@type":"SearchAction","target":{"@type":"EntryPoint","urlTemplate":"https:\/\/www.accuratereviews.com\/it\/?s={search_term_string}"},"query-input":{"@type":"PropertyValueSpecification","valueRequired":true,"valueName":"search_term_string"}}],"inLanguage":"it-IT"}]}},"_links":{"self":[{"href":"https:\/\/www.accuratereviews.com\/it\/wp-json\/wp\/v2\/pages\/25287","targetHints":{"allow":["GET"]}}],"collection":[{"href":"https:\/\/www.accuratereviews.com\/it\/wp-json\/wp\/v2\/pages"}],"about":[{"href":"https:\/\/www.accuratereviews.com\/it\/wp-json\/wp\/v2\/types\/page"}],"author":[{"embeddable":true,"href":"https:\/\/www.accuratereviews.com\/it\/wp-json\/wp\/v2\/users\/19"}],"replies":[{"embeddable":true,"href":"https:\/\/www.accuratereviews.com\/it\/wp-json\/wp\/v2\/comments?post=25287"}],"version-history":[{"count":9,"href":"https:\/\/www.accuratereviews.com\/it\/wp-json\/wp\/v2\/pages\/25287\/revisions"}],"predecessor-version":[{"id":25309,"href":"https:\/\/www.accuratereviews.com\/it\/wp-json\/wp\/v2\/pages\/25287\/revisions\/25309"}],"wp:featuredmedia":[{"embeddable":true,"href":"https:\/\/www.accuratereviews.com\/it\/wp-json\/wp\/v2\/media\/25291"}],"wp:attachment":[{"href":"https:\/\/www.accuratereviews.com\/it\/wp-json\/wp\/v2\/media?parent=25287"}],"wp:term":[{"taxonomy":"category","embeddable":true,"href":"https:\/\/www.accuratereviews.com\/it\/wp-json\/wp\/v2\/categories?post=25287"},{"taxonomy":"post_tag","embeddable":true,"href":"https:\/\/www.accuratereviews.com\/it\/wp-json\/wp\/v2\/tags?post=25287"},{"taxonomy":"features","embeddable":true,"href":"https:\/\/www.accuratereviews.com\/it\/wp-json\/wp\/v2\/features?post=25287"}],"curies":[{"name":"wp","href":"https:\/\/api.w.org\/{rel}","templated":true}]}}