{"id":25298,"date":"2020-04-15T10:35:07","date_gmt":"2020-04-15T10:35:07","guid":{"rendered":"https:\/\/www.accuratereviews.com\/?page_id=25298"},"modified":"2020-04-15T10:35:07","modified_gmt":"2020-04-15T10:35:07","slug":"omtrak-recensione","status":"publish","type":"page","link":"https:\/\/www.accuratereviews.com\/it\/omtrak-recensione\/","title":{"rendered":"OmTrak"},"content":{"rendered":"<p><strong>OmTrak<\/strong> \u00e8 una <strong>soluzione di gestione dell&#8217;edilizia<\/strong> basata su <strong>cloud<\/strong> che assiste i costruttori e i gestori delle strutture per \u00a0la pianificazione, l&#8217;organizzazione dei lavori, la gestione degli ordini di lavoro, il monitoraggio delle risorse, l&#8217;amministrazione della manutenzione, il rilevamento dei problemi e la visualizzazione dei dati.\u00a0La piattaforma <strong>OmTrak<\/strong> \u00e8 dotata di un modulo di documentazione che consente agli utenti di tenere traccia delle versioni dei documenti, caricare report, creare strutture di cartelle e condividere file con le parti interessate. Con la funzione di gestione delle offerte, i team possono creare un elenco di subappaltatori, emettere inviti a presentare offerte e rivedere le offerte presentate. Inoltre include strumenti per visualizza attivit\u00e0 in sospeso, generare report grafici e consente agli utenti di rivedere la cronologia degli audit per ogni problema di lavoro.<\/p>\n<h2>OMTRAK &#8211; TUTORIAL<\/h2>\n<p>Diamo uno sguardo al video e scopriamo come utilizzare al meglio questo software gestionale per l&#8217;edilizia:<\/p>\n<div id=\"fluid-wrapper-counter-1\" class=\"g1-fluid-wrapper \" style=\"width:686px;\">\n<div style=\"padding-bottom:56.268221574344%;\"><iframe loading=\"lazy\" title=\"OmTrak  - Project Examples and Customer Endorsements\" width=\"686\" height=\"386\" src=\"https:\/\/www.youtube.com\/embed\/t5z3ho2MPH4?feature=oembed&amp;wmode=transparent&amp;autohide=1&amp;autoplay=0&amp;disablekb=0&amp;fs=1&amp;loop=0&amp;enablejsapi=1&amp;rel=0&amp;controls=2&amp;showinfo=0&amp;wmode=transparent&amp;autohide=2&amp;autoplay=0&amp;disablekb=0&amp;fs=1&amp;loop=0&amp;enablejsapi=1&amp;rel=0&amp;controls=2&amp;showinfo=1\" frameborder=\"0\" allow=\"accelerometer; autoplay; encrypted-media; gyroscope; picture-in-picture\" allowfullscreen><\/iframe><\/div>\n<\/div>\n<h3>OMTRAK &#8211; CARATTERISTICHE<\/h3>\n<ul>\n<li><strong>Gestione documenti:<\/strong> carica e condividi in modo sicuro e rapido tutte le informazioni specifiche del tuo progetto in un&#8217;unica posizione online. Altri possono rivedere, commentare e approvare secondo necessit\u00e0, risparmiando tempo e denaro<\/li>\n<li><strong>Risolvi i problemi<\/strong>: registra, distribuisci e gestisci eventuali difetti, ostacoli o problemi in modo pi\u00f9 rapido ed efficiente. La direzione del tuo cantiere diventa pi\u00f9 facile, pi\u00f9 accurata e pi\u00f9 automatizzata<\/li>\n<li><strong>Gestione delle gare<\/strong>: semplifica la procedura di gara e ottieni prezzi rapidi e precisi dai subappaltatori. Organizza tutta la tua documentazione in un posto centrale<\/li>\n<li><strong>Rapporti di progettazione<\/strong>: crea e rivedi progressivamente i report di progettazione in ogni fase del processo di progettazione. Il Manuale di progettazione completo \u00e8 un singolo file PDF di facile lettura con collegamenti a tutti i file allegati<\/li>\n<li><strong>Gestione BIM<\/strong>: con questo modulo ogni team di progetto pu\u00f2 accedere rapidamente e facilmente a modelli di progetto multidimensionali. Il processo decisionale e il coordinamento sono migliorati su tutta la linea<\/li>\n<li><strong>Manuali operativi e di manutenzione<\/strong>: elimina i ritardi di consegna e migliora la qualit\u00e0 del tuo design e dei manuali O&amp;M<\/li>\n<li><strong>Trasmissioni, RFI e attivit\u00e0<\/strong>: acquisisci e classifica automaticamente tutta la corrispondenza email in modo da avere un controllo completo e non cancellabile<\/li>\n<li><strong>Rapporti di progetto<\/strong>: tieni traccia dello stato di approvazioni, difetti e dati per ottenere visibilit\u00e0 sull&#8217;intero flusso di lavoro del progetto<\/li>\n<\/ul>\n<h4>LE RECENSIONI DEGLI UTENTI<\/h4>\n<h4 class=\"font-weight-bold my-1 d-flex align-items-center\">Anne-marie C.\u00a0&#8220;Recensione Om Trak&#8221;<\/h4>\n<p><strong>Commenti: <\/strong>Modo di avere per iscritto la prova delle riparazioni necessarie per il nostro reparto e la data in cui le riparazioni sono state elencate per mostrare il nostro reparto di manutenzione.<\/p>\n<p><strong>Vantaggi: <\/strong>Facilit\u00e0 d&#8217;uso. Prova di materiale scritto. Un modo semplice per far revisionare la manutenzione ogni riparazione di cui abbiamo bisogno.<\/p>\n<p><strong>Inconvenienti: <\/strong>Non riesco a pensare a nulla al momento, lo trovo facile da usare<\/p>\n<h4 class=\"font-weight-bold my-1 d-flex align-items-center\">Brad P.\u00a0&#8220;GIUDIZI&#8221;<\/h4>\n<p><strong>Commenti: <\/strong>L&#8217;assistenza clienti \u00e8 molto buona, direttamente su qualsiasi e-mail sollevata.<\/p>\n<p><strong>Vantaggi: <\/strong>Facile da usare e navigare, buon supporto clienti<\/p>\n<p><strong>Inconvenienti: <\/strong>Domanda sul robot in fase di accesso quando lo richiede tre volte<\/p>\n<h4 class=\"font-weight-bold my-1 d-flex align-items-center\">Deepu N.\u00a0&#8220;Omtrak per costruzione Closeout&#8221;<\/h4>\n<p><strong>Commenti: <\/strong>Molto bene.<\/p>\n<p><strong>Vantaggi: <\/strong>Facilit\u00e0 d&#8217;uso.\u00a0Pianificazione di risorse univoche che possono essere create in base alla relazione dei precedenti lavori.\u00a0L&#8217;accesso a tutte le parti interessate semplifica la documentazione.\u00a0Server molto veloci per l&#8217;accesso e il recupero dei dati.<\/p>\n<p><strong>Inconvenienti: <\/strong>Personalmente tutte le funzionalit\u00e0 sono ottime e ne beneficio in un modo o nell&#8217;altro.<\/p>\n","protected":false},"excerpt":{"rendered":"<p> OmTrak \u00e8 una soluzione di gestione dell&#8217;edilizia basata su cloud che assiste i costruttori e i gestori delle strutture per \u00a0la pianificazione, l&#8217;organizzazione dei lavori, la gestione degli ordini di lavoro, il monitoraggio delle risorse, l&#8217;amministrazione della manutenzione, il rilevamento dei problemi e la visualizzazione dei dati.<\/p>\n","protected":false},"author":19,"featured_media":25299,"parent":0,"menu_order":0,"comment_status":"open","ping_status":"closed","template":"g1_template_page_review_new.php","meta":{"_acf_changed":false,"cwp_meta_box_check":"Yes","cwp_rev_product_name":"","cwp_rev_product_image":"","wppr_links":[],"cwp_rev_price":"","wppr_options":[],"wppr_pros":[],"wppr_cons":[],"_monsterinsights_skip_tracking":false,"_monsterinsights_sitenote_active":false,"_monsterinsights_sitenote_note":"","_monsterinsights_sitenote_category":0,"footnotes":""},"categories":[2459],"tags":[396,2460,2506,2473,2496,2461,2495,2462],"features":[],"class_list":{"0":"post-25298","1":"page","2":"type-page","3":"status-publish","4":"has-post-thumbnail","6":"category-gestionale-per-edilizia-cat","7":"tag-cloud","8":"tag-construction-management-software","9":"tag-programma-gestionale-per-costruzioni","10":"tag-programma-gestionale-per-ledilizia","11":"tag-software-gestionale-per-costruzioni","12":"tag-software-gestionale-per-lediizia","13":"tag-soluzione-gestionale-per-costruzioni","14":"tag-soluzione-gestionale-per-ledilizia"},"wppr_data":{"cwp_meta_box_check":"Yes","cwp_rev_product_name":"","cwp_rev_product_image":"","cwp_image_link":"image","cwp_rev_price":"","wppr_rating":"0.00"},"acf":[],"yoast_head":"<!-- This site is optimized with the Yoast SEO plugin v27.4 - https:\/\/yoast.com\/product\/yoast-seo-wordpress\/ -->\n<title>OmTrak: recensione software gestionale per edilizia - Accurate Reviews<\/title>\n<meta name=\"description\" content=\"OmTrak: recensione soluzione di gestione dell&#039;edilizia basata su cloud che assiste i costruttori e i gestori delle strutture per i loro progettti.\" \/>\n<meta name=\"robots\" content=\"index, follow, max-snippet:-1, max-image-preview:large, max-video-preview:-1\" \/>\n<link rel=\"canonical\" href=\"https:\/\/www.accuratereviews.com\/it\/omtrak-recensione\/\" \/>\n<meta property=\"og:locale\" content=\"it_IT\" \/>\n<meta property=\"og:type\" content=\"article\" \/>\n<meta property=\"og:title\" content=\"OmTrak: recensione software gestionale per edilizia - Accurate Reviews\" \/>\n<meta property=\"og:description\" content=\"OmTrak: recensione soluzione di gestione dell&#039;edilizia basata su cloud che assiste i costruttori e i gestori delle strutture per i loro progettti.\" \/>\n<meta property=\"og:url\" content=\"https:\/\/www.accuratereviews.com\/it\/omtrak-recensione\/\" \/>\n<meta property=\"og:site_name\" content=\"Accurate Reviews\" \/>\n<meta property=\"og:image\" content=\"https:\/\/www.accuratereviews.com\/wp-content\/uploads\/2020\/04\/omtrak.png\" \/>\n\t<meta property=\"og:image:width\" content=\"600\" \/>\n\t<meta property=\"og:image:height\" content=\"315\" \/>\n\t<meta property=\"og:image:type\" content=\"image\/png\" \/>\n<meta name=\"twitter:card\" content=\"summary_large_image\" \/>\n<meta name=\"twitter:label1\" content=\"Tempo di lettura stimato\" \/>\n\t<meta name=\"twitter:data1\" content=\"3 minuti\" \/>\n<script type=\"application\/ld+json\" class=\"yoast-schema-graph\">{\"@context\":\"https:\\\/\\\/schema.org\",\"@graph\":[{\"@type\":\"WebPage\",\"@id\":\"https:\\\/\\\/www.accuratereviews.com\\\/it\\\/omtrak-recensione\\\/\",\"url\":\"https:\\\/\\\/www.accuratereviews.com\\\/it\\\/omtrak-recensione\\\/\",\"name\":\"OmTrak: recensione software gestionale per edilizia - Accurate Reviews\",\"isPartOf\":{\"@id\":\"https:\\\/\\\/www.accuratereviews.com\\\/it\\\/#website\"},\"primaryImageOfPage\":{\"@id\":\"https:\\\/\\\/www.accuratereviews.com\\\/it\\\/omtrak-recensione\\\/#primaryimage\"},\"image\":{\"@id\":\"https:\\\/\\\/www.accuratereviews.com\\\/it\\\/omtrak-recensione\\\/#primaryimage\"},\"thumbnailUrl\":\"https:\\\/\\\/www.accuratereviews.com\\\/wp-content\\\/uploads\\\/2020\\\/04\\\/omtrak.png\",\"datePublished\":\"2020-04-15T10:35:07+00:00\",\"description\":\"OmTrak: recensione soluzione di gestione dell'edilizia basata su cloud che assiste i costruttori e i gestori delle strutture per i loro progettti.\",\"breadcrumb\":{\"@id\":\"https:\\\/\\\/www.accuratereviews.com\\\/it\\\/omtrak-recensione\\\/#breadcrumb\"},\"inLanguage\":\"it-IT\",\"potentialAction\":[{\"@type\":\"ReadAction\",\"target\":[\"https:\\\/\\\/www.accuratereviews.com\\\/it\\\/omtrak-recensione\\\/\"]}]},{\"@type\":\"ImageObject\",\"inLanguage\":\"it-IT\",\"@id\":\"https:\\\/\\\/www.accuratereviews.com\\\/it\\\/omtrak-recensione\\\/#primaryimage\",\"url\":\"https:\\\/\\\/www.accuratereviews.com\\\/wp-content\\\/uploads\\\/2020\\\/04\\\/omtrak.png\",\"contentUrl\":\"https:\\\/\\\/www.accuratereviews.com\\\/wp-content\\\/uploads\\\/2020\\\/04\\\/omtrak.png\",\"width\":600,\"height\":315},{\"@type\":\"BreadcrumbList\",\"@id\":\"https:\\\/\\\/www.accuratereviews.com\\\/it\\\/omtrak-recensione\\\/#breadcrumb\",\"itemListElement\":[{\"@type\":\"ListItem\",\"position\":1,\"name\":\"Home\",\"item\":\"https:\\\/\\\/www.accuratereviews.com\\\/it\\\/\"},{\"@type\":\"ListItem\",\"position\":2,\"name\":\"OmTrak\"}]},{\"@type\":\"WebSite\",\"@id\":\"https:\\\/\\\/www.accuratereviews.com\\\/it\\\/#website\",\"url\":\"https:\\\/\\\/www.accuratereviews.com\\\/it\\\/\",\"name\":\"Accurate Reviews\",\"description\":\"\",\"potentialAction\":[{\"@type\":\"SearchAction\",\"target\":{\"@type\":\"EntryPoint\",\"urlTemplate\":\"https:\\\/\\\/www.accuratereviews.com\\\/it\\\/?s={search_term_string}\"},\"query-input\":{\"@type\":\"PropertyValueSpecification\",\"valueRequired\":true,\"valueName\":\"search_term_string\"}}],\"inLanguage\":\"it-IT\"}]}<\/script>\n<!-- \/ Yoast SEO plugin. -->","yoast_head_json":{"title":"OmTrak: recensione software gestionale per edilizia - Accurate Reviews","description":"OmTrak: recensione soluzione di gestione dell'edilizia basata su cloud che assiste i costruttori e i gestori delle strutture per i loro progettti.","robots":{"index":"index","follow":"follow","max-snippet":"max-snippet:-1","max-image-preview":"max-image-preview:large","max-video-preview":"max-video-preview:-1"},"canonical":"https:\/\/www.accuratereviews.com\/it\/omtrak-recensione\/","og_locale":"it_IT","og_type":"article","og_title":"OmTrak: recensione software gestionale per edilizia - Accurate Reviews","og_description":"OmTrak: recensione soluzione di gestione dell'edilizia basata su cloud che assiste i costruttori e i gestori delle strutture per i loro progettti.","og_url":"https:\/\/www.accuratereviews.com\/it\/omtrak-recensione\/","og_site_name":"Accurate Reviews","og_image":[{"width":600,"height":315,"url":"https:\/\/www.accuratereviews.com\/wp-content\/uploads\/2020\/04\/omtrak.png","type":"image\/png"}],"twitter_card":"summary_large_image","twitter_misc":{"Tempo di lettura stimato":"3 minuti"},"schema":{"@context":"https:\/\/schema.org","@graph":[{"@type":"WebPage","@id":"https:\/\/www.accuratereviews.com\/it\/omtrak-recensione\/","url":"https:\/\/www.accuratereviews.com\/it\/omtrak-recensione\/","name":"OmTrak: recensione software gestionale per edilizia - Accurate Reviews","isPartOf":{"@id":"https:\/\/www.accuratereviews.com\/it\/#website"},"primaryImageOfPage":{"@id":"https:\/\/www.accuratereviews.com\/it\/omtrak-recensione\/#primaryimage"},"image":{"@id":"https:\/\/www.accuratereviews.com\/it\/omtrak-recensione\/#primaryimage"},"thumbnailUrl":"https:\/\/www.accuratereviews.com\/wp-content\/uploads\/2020\/04\/omtrak.png","datePublished":"2020-04-15T10:35:07+00:00","description":"OmTrak: recensione soluzione di gestione dell'edilizia basata su cloud che assiste i costruttori e i gestori delle strutture per i loro progettti.","breadcrumb":{"@id":"https:\/\/www.accuratereviews.com\/it\/omtrak-recensione\/#breadcrumb"},"inLanguage":"it-IT","potentialAction":[{"@type":"ReadAction","target":["https:\/\/www.accuratereviews.com\/it\/omtrak-recensione\/"]}]},{"@type":"ImageObject","inLanguage":"it-IT","@id":"https:\/\/www.accuratereviews.com\/it\/omtrak-recensione\/#primaryimage","url":"https:\/\/www.accuratereviews.com\/wp-content\/uploads\/2020\/04\/omtrak.png","contentUrl":"https:\/\/www.accuratereviews.com\/wp-content\/uploads\/2020\/04\/omtrak.png","width":600,"height":315},{"@type":"BreadcrumbList","@id":"https:\/\/www.accuratereviews.com\/it\/omtrak-recensione\/#breadcrumb","itemListElement":[{"@type":"ListItem","position":1,"name":"Home","item":"https:\/\/www.accuratereviews.com\/it\/"},{"@type":"ListItem","position":2,"name":"OmTrak"}]},{"@type":"WebSite","@id":"https:\/\/www.accuratereviews.com\/it\/#website","url":"https:\/\/www.accuratereviews.com\/it\/","name":"Accurate Reviews","description":"","potentialAction":[{"@type":"SearchAction","target":{"@type":"EntryPoint","urlTemplate":"https:\/\/www.accuratereviews.com\/it\/?s={search_term_string}"},"query-input":{"@type":"PropertyValueSpecification","valueRequired":true,"valueName":"search_term_string"}}],"inLanguage":"it-IT"}]}},"_links":{"self":[{"href":"https:\/\/www.accuratereviews.com\/it\/wp-json\/wp\/v2\/pages\/25298","targetHints":{"allow":["GET"]}}],"collection":[{"href":"https:\/\/www.accuratereviews.com\/it\/wp-json\/wp\/v2\/pages"}],"about":[{"href":"https:\/\/www.accuratereviews.com\/it\/wp-json\/wp\/v2\/types\/page"}],"author":[{"embeddable":true,"href":"https:\/\/www.accuratereviews.com\/it\/wp-json\/wp\/v2\/users\/19"}],"replies":[{"embeddable":true,"href":"https:\/\/www.accuratereviews.com\/it\/wp-json\/wp\/v2\/comments?post=25298"}],"version-history":[{"count":6,"href":"https:\/\/www.accuratereviews.com\/it\/wp-json\/wp\/v2\/pages\/25298\/revisions"}],"predecessor-version":[{"id":25311,"href":"https:\/\/www.accuratereviews.com\/it\/wp-json\/wp\/v2\/pages\/25298\/revisions\/25311"}],"wp:featuredmedia":[{"embeddable":true,"href":"https:\/\/www.accuratereviews.com\/it\/wp-json\/wp\/v2\/media\/25299"}],"wp:attachment":[{"href":"https:\/\/www.accuratereviews.com\/it\/wp-json\/wp\/v2\/media?parent=25298"}],"wp:term":[{"taxonomy":"category","embeddable":true,"href":"https:\/\/www.accuratereviews.com\/it\/wp-json\/wp\/v2\/categories?post=25298"},{"taxonomy":"post_tag","embeddable":true,"href":"https:\/\/www.accuratereviews.com\/it\/wp-json\/wp\/v2\/tags?post=25298"},{"taxonomy":"features","embeddable":true,"href":"https:\/\/www.accuratereviews.com\/it\/wp-json\/wp\/v2\/features?post=25298"}],"curies":[{"name":"wp","href":"https:\/\/api.w.org\/{rel}","templated":true}]}}