{"id":25356,"date":"2020-04-16T10:59:39","date_gmt":"2020-04-16T10:59:39","guid":{"rendered":"https:\/\/www.accuratereviews.com\/?page_id=25356"},"modified":"2020-04-16T10:59:39","modified_gmt":"2020-04-16T10:59:39","slug":"bridgit-field-recensione","status":"publish","type":"page","link":"https:\/\/www.accuratereviews.com\/it\/bridgit-field-recensione\/","title":{"rendered":"Bridgit Field"},"content":{"rendered":"<p><strong>Bridgit Field<\/strong> \u00e8 una soluzione gestionale per le costruzione sul campo adatta a un&#8217;ampia gamma di tipi di progetti nei settori residenziale, commerciale e industriale. Il programma\u00a0offre un&#8217;app mobile e un software basato su web che pu\u00f2 essere utilizzato da vari dipendenti tra cui commercianti, supervisori del sito, proprietari, sviluppatori, appaltatori generali e subappaltatori. La soluzione include report Web, flussi di lavoro integrati e comunicazioni automatiche che aiutano gli utenti a gestire gli elementi di lavoro e le ispezioni sui cantieri dall&#8217;inizio del progetto alla chiusura.\u00a0<strong>Bridgit Field<\/strong> offre anche metriche in tempo reale sulle prestazioni del sito. I riepiloghi della pianificazione dei progressi e delle attivit\u00e0 si trovano nella dashboard e consentono agli utenti di monitorare il ritmo di lavoro e identificare i problemi in loco. Gli utenti possono creare, modificare ed esportare report PDF, CSV e firma digitale da condividere con le parti interessate.<\/p>\n<h2>BRIDGIT FIELD &#8211; TUTORIAL<\/h2>\n<p>Guardando il tutorial impariamo a creare report efficaci con questo software gestionale per l&#8217;edilizia:<\/p>\n<div id=\"fluid-wrapper-counter-1\" class=\"g1-fluid-wrapper \" style=\"width:686px;\">\n<div style=\"padding-bottom:56.268221574344%;\"><iframe loading=\"lazy\" title=\"Manpower minute \u2013 Reporting | Bridgit\" width=\"686\" height=\"386\" src=\"https:\/\/www.youtube.com\/embed\/XY_vRL5iu5k?feature=oembed&amp;wmode=transparent&amp;autohide=1&amp;autoplay=0&amp;disablekb=0&amp;fs=1&amp;loop=0&amp;enablejsapi=1&amp;rel=0&amp;controls=2&amp;showinfo=0&amp;wmode=transparent&amp;autohide=2&amp;autoplay=0&amp;disablekb=0&amp;fs=1&amp;loop=0&amp;enablejsapi=1&amp;rel=0&amp;controls=2&amp;showinfo=1\" frameborder=\"0\" allow=\"accelerometer; autoplay; encrypted-media; gyroscope; picture-in-picture\" allowfullscreen><\/iframe><\/div>\n<\/div>\n<h3>BRIDGIT FIELD\u00a0&#8211; CARATTERISTICHE<\/h3>\n<ul>\n<li>Automatizza le comunicazioni<\/li>\n<li>Ricevi aggiornamenti in tempo reale<\/li>\n<li>Crea esattamente il giusto controllo<\/li>\n<li>Riutilizzare le liste di controllo esistenti<\/li>\n<li>Risolvi i problemi con l&#8217;integrazione delle attivit\u00e0<\/li>\n<li>Tieniti informato, rimani in pista<\/li>\n<li>Ottieni un&#8217;istantanea dei progressi<\/li>\n<li>Individua i problemi, trova soluzioni<\/li>\n<li>Mantenere la responsabilit\u00e0 delle parti interessate<\/li>\n<li>Rapporti di firma digitale<\/li>\n<\/ul>\n<h4>LE RECENSIONI DEGLI UTENTI<\/h4>\n<h4 class=\"font-weight-bold my-1 d-flex align-items-center\">Gaby H\u00a0&#8220;App di costruzione semplice per semplificare i lavori in loco&#8221;<\/h4>\n<p><strong>Commenti: <\/strong>Nel complesso, la comunicazione in un cantiere \u00e8 la chiave per il successo del progetto e questa app consente alla tua azienda di risparmiare tempo e denaro su attivit\u00e0 e risoluzione dei problemi.<\/p>\n<p><strong>Vantaggi: <\/strong>App semplicissima da utilizzare in loco per qualsiasi progetto di costruzione in settori commerciali, residenziali o infrastrutturali. Utilizzato principalmente per coordinarsi con i lavoratori e organizzare il cantiere con un tocco di un pulsante. Manterr\u00e0 le attivit\u00e0 lavorative, le ispezioni e i progressi organizzati e aggiornati durante l&#8217;intero processo del progetto e manterr\u00e0 tutti i membri ben informati delle modifiche. Una comunicazione forte \u00e8 fondamentale con questa app e si spera creer\u00e0 un ambiente di lavoro pi\u00f9 efficiente che aumenti la produttivit\u00e0.<\/p>\n<p><strong>Inconvenienti: <\/strong>Poich\u00e9 l&#8217;app ha lo scopo di tenere traccia degli aspetti comunicativi di un progetto di costruzione, esiste una limitazione su alcune delle funzionalit\u00e0 fornite. Ma se la tua azienda sta cercando di passare a un sistema pi\u00f9 efficiente e orientato alle attivit\u00e0, questa app contribuir\u00e0 a stabilire migliori pratiche di comunicazione. Tutto viene aggiornato in pochi secondi da una modifica e puoi programmarlo per inviare notifiche ai corrispondenti corretti.<\/p>\n<h4 class=\"font-weight-bold my-1 d-flex align-items-center\">Jennifer M.\u00a0&#8220;La facilit\u00e0 d&#8217;uso e la flessibilit\u00e0 del software sono perfette.&#8221;<\/h4>\n<p><strong>Commenti: <\/strong>\u00c8 stato facile, flessibile e con un ottimo supporto, anche le modifiche apportate al volo mentre andavamo!<\/p>\n<p><strong>Vantaggi: <\/strong>Mi piace che sia stato facile da imparare, facile da usare, facile da cambiare<\/p>\n<p><strong>Inconvenienti: <\/strong>Copre solo 1\/3 del processo di Tarion. questo deve essere combinato con i 30 giorni e 1 anno di Tarion per fornire lo stesso processo utilizzato per PDI al processo di 30 giorni e 1 anno per essere pienamente utilizzabile dal punto di vista dei costruttori.<\/p>\n<h4 class=\"font-weight-bold my-1 d-flex align-items-center\">Alessya G.\u00a0&#8220;Migliore app multifunzione&#8221;<\/h4>\n<p><strong>Commenti: <\/strong>Uso questa app ogni giorno ed \u00e8 stato di grande aiuto per aiutarmi nelle mie attivit\u00e0 e responsabilit\u00e0 quotidiane<\/p>\n<p><strong>Vantaggi: <\/strong>Posso documentare qualsiasi cosa non solo carenze: impostare promemoria, avvisare gli altri e tenere traccia di tutte le cose quotidianamente<\/p>\n<p><strong>Inconvenienti: <\/strong>A volte \u00e8 lento. Dovrebbe essere in grado di eseguire report pi\u00f9 personalizzabili dai dispositivi mobili, non solo dai computer.<\/p>\n","protected":false},"excerpt":{"rendered":"<p>Bridgit Field \u00e8 una soluzione gestionale per le costruzione sul campo adatta a un&#8217;ampia gamma di tipi di progetti nei settori residenziale, commerciale e industriale. Il programma\u00a0offre un&#8217;app mobile e un software basato su web che pu\u00f2 essere utilizzato da vari dipendenti tra cui commercianti, supervisori del sito, proprietari, sviluppatori, appaltatori generali e subappaltatori.<\/p>\n","protected":false},"author":19,"featured_media":25357,"parent":0,"menu_order":0,"comment_status":"open","ping_status":"closed","template":"g1_template_page_review_new.php","meta":{"_acf_changed":false,"cwp_meta_box_check":"Yes","cwp_rev_product_name":"","cwp_rev_product_image":"","wppr_links":[],"cwp_rev_price":"","wppr_options":[],"wppr_pros":[],"wppr_cons":[],"_monsterinsights_skip_tracking":false,"_monsterinsights_sitenote_active":false,"_monsterinsights_sitenote_note":"","_monsterinsights_sitenote_category":0,"footnotes":""},"categories":[2459],"tags":[2587,2460,2506,2473,2496,2461,2495,2462],"features":[],"class_list":{"0":"post-25356","1":"page","2":"type-page","3":"status-publish","4":"has-post-thumbnail","6":"category-gestionale-per-edilizia-cat","7":"tag-bridgit-field","8":"tag-construction-management-software","9":"tag-programma-gestionale-per-costruzioni","10":"tag-programma-gestionale-per-ledilizia","11":"tag-software-gestionale-per-costruzioni","12":"tag-software-gestionale-per-lediizia","13":"tag-soluzione-gestionale-per-costruzioni","14":"tag-soluzione-gestionale-per-ledilizia"},"wppr_data":{"cwp_meta_box_check":"Yes","cwp_rev_product_name":"","cwp_rev_product_image":"","cwp_image_link":"image","cwp_rev_price":"","wppr_rating":"0.00"},"acf":[],"yoast_head":"<!-- This site is optimized with the Yoast SEO plugin v27.4 - https:\/\/yoast.com\/product\/yoast-seo-wordpress\/ -->\n<title>Bridgit Field: recensione software gestionale edilizia - Accurate Reviews<\/title>\n<meta name=\"description\" content=\"Bridgit Field: recensione soluzione gestionale per le costruzione adatta a diversi tipi di progetti nel settore residenziale, commerciale e industriale.\" \/>\n<meta name=\"robots\" content=\"index, follow, max-snippet:-1, max-image-preview:large, max-video-preview:-1\" \/>\n<link rel=\"canonical\" href=\"https:\/\/www.accuratereviews.com\/it\/bridgit-field-recensione\/\" \/>\n<meta property=\"og:locale\" content=\"it_IT\" \/>\n<meta property=\"og:type\" content=\"article\" \/>\n<meta property=\"og:title\" content=\"Bridgit Field: recensione software gestionale edilizia - Accurate Reviews\" \/>\n<meta property=\"og:description\" content=\"Bridgit Field: recensione soluzione gestionale per le costruzione adatta a diversi tipi di progetti nel settore residenziale, commerciale e industriale.\" \/>\n<meta property=\"og:url\" content=\"https:\/\/www.accuratereviews.com\/it\/bridgit-field-recensione\/\" \/>\n<meta property=\"og:site_name\" content=\"Accurate Reviews\" \/>\n<meta property=\"og:image\" content=\"https:\/\/www.accuratereviews.com\/wp-content\/uploads\/2020\/04\/bridgit.png\" \/>\n\t<meta property=\"og:image:width\" content=\"225\" \/>\n\t<meta property=\"og:image:height\" content=\"225\" \/>\n\t<meta property=\"og:image:type\" content=\"image\/png\" \/>\n<meta name=\"twitter:card\" content=\"summary_large_image\" \/>\n<meta name=\"twitter:label1\" content=\"Tempo di lettura stimato\" \/>\n\t<meta name=\"twitter:data1\" content=\"3 minuti\" \/>\n<script type=\"application\/ld+json\" class=\"yoast-schema-graph\">{\"@context\":\"https:\\\/\\\/schema.org\",\"@graph\":[{\"@type\":\"WebPage\",\"@id\":\"https:\\\/\\\/www.accuratereviews.com\\\/it\\\/bridgit-field-recensione\\\/\",\"url\":\"https:\\\/\\\/www.accuratereviews.com\\\/it\\\/bridgit-field-recensione\\\/\",\"name\":\"Bridgit Field: recensione software gestionale edilizia - Accurate Reviews\",\"isPartOf\":{\"@id\":\"https:\\\/\\\/www.accuratereviews.com\\\/it\\\/#website\"},\"primaryImageOfPage\":{\"@id\":\"https:\\\/\\\/www.accuratereviews.com\\\/it\\\/bridgit-field-recensione\\\/#primaryimage\"},\"image\":{\"@id\":\"https:\\\/\\\/www.accuratereviews.com\\\/it\\\/bridgit-field-recensione\\\/#primaryimage\"},\"thumbnailUrl\":\"https:\\\/\\\/www.accuratereviews.com\\\/wp-content\\\/uploads\\\/2020\\\/04\\\/bridgit.png\",\"datePublished\":\"2020-04-16T10:59:39+00:00\",\"description\":\"Bridgit Field: recensione soluzione gestionale per le costruzione adatta a diversi tipi di progetti nel settore residenziale, commerciale e industriale.\",\"breadcrumb\":{\"@id\":\"https:\\\/\\\/www.accuratereviews.com\\\/it\\\/bridgit-field-recensione\\\/#breadcrumb\"},\"inLanguage\":\"it-IT\",\"potentialAction\":[{\"@type\":\"ReadAction\",\"target\":[\"https:\\\/\\\/www.accuratereviews.com\\\/it\\\/bridgit-field-recensione\\\/\"]}]},{\"@type\":\"ImageObject\",\"inLanguage\":\"it-IT\",\"@id\":\"https:\\\/\\\/www.accuratereviews.com\\\/it\\\/bridgit-field-recensione\\\/#primaryimage\",\"url\":\"https:\\\/\\\/www.accuratereviews.com\\\/wp-content\\\/uploads\\\/2020\\\/04\\\/bridgit.png\",\"contentUrl\":\"https:\\\/\\\/www.accuratereviews.com\\\/wp-content\\\/uploads\\\/2020\\\/04\\\/bridgit.png\",\"width\":225,\"height\":225},{\"@type\":\"BreadcrumbList\",\"@id\":\"https:\\\/\\\/www.accuratereviews.com\\\/it\\\/bridgit-field-recensione\\\/#breadcrumb\",\"itemListElement\":[{\"@type\":\"ListItem\",\"position\":1,\"name\":\"Home\",\"item\":\"https:\\\/\\\/www.accuratereviews.com\\\/it\\\/\"},{\"@type\":\"ListItem\",\"position\":2,\"name\":\"Bridgit Field\"}]},{\"@type\":\"WebSite\",\"@id\":\"https:\\\/\\\/www.accuratereviews.com\\\/it\\\/#website\",\"url\":\"https:\\\/\\\/www.accuratereviews.com\\\/it\\\/\",\"name\":\"Accurate Reviews\",\"description\":\"\",\"potentialAction\":[{\"@type\":\"SearchAction\",\"target\":{\"@type\":\"EntryPoint\",\"urlTemplate\":\"https:\\\/\\\/www.accuratereviews.com\\\/it\\\/?s={search_term_string}\"},\"query-input\":{\"@type\":\"PropertyValueSpecification\",\"valueRequired\":true,\"valueName\":\"search_term_string\"}}],\"inLanguage\":\"it-IT\"}]}<\/script>\n<!-- \/ Yoast SEO plugin. -->","yoast_head_json":{"title":"Bridgit Field: recensione software gestionale edilizia - Accurate Reviews","description":"Bridgit Field: recensione soluzione gestionale per le costruzione adatta a diversi tipi di progetti nel settore residenziale, commerciale e industriale.","robots":{"index":"index","follow":"follow","max-snippet":"max-snippet:-1","max-image-preview":"max-image-preview:large","max-video-preview":"max-video-preview:-1"},"canonical":"https:\/\/www.accuratereviews.com\/it\/bridgit-field-recensione\/","og_locale":"it_IT","og_type":"article","og_title":"Bridgit Field: recensione software gestionale edilizia - Accurate Reviews","og_description":"Bridgit Field: recensione soluzione gestionale per le costruzione adatta a diversi tipi di progetti nel settore residenziale, commerciale e industriale.","og_url":"https:\/\/www.accuratereviews.com\/it\/bridgit-field-recensione\/","og_site_name":"Accurate Reviews","og_image":[{"width":225,"height":225,"url":"https:\/\/www.accuratereviews.com\/wp-content\/uploads\/2020\/04\/bridgit.png","type":"image\/png"}],"twitter_card":"summary_large_image","twitter_misc":{"Tempo di lettura stimato":"3 minuti"},"schema":{"@context":"https:\/\/schema.org","@graph":[{"@type":"WebPage","@id":"https:\/\/www.accuratereviews.com\/it\/bridgit-field-recensione\/","url":"https:\/\/www.accuratereviews.com\/it\/bridgit-field-recensione\/","name":"Bridgit Field: recensione software gestionale edilizia - Accurate Reviews","isPartOf":{"@id":"https:\/\/www.accuratereviews.com\/it\/#website"},"primaryImageOfPage":{"@id":"https:\/\/www.accuratereviews.com\/it\/bridgit-field-recensione\/#primaryimage"},"image":{"@id":"https:\/\/www.accuratereviews.com\/it\/bridgit-field-recensione\/#primaryimage"},"thumbnailUrl":"https:\/\/www.accuratereviews.com\/wp-content\/uploads\/2020\/04\/bridgit.png","datePublished":"2020-04-16T10:59:39+00:00","description":"Bridgit Field: recensione soluzione gestionale per le costruzione adatta a diversi tipi di progetti nel settore residenziale, commerciale e industriale.","breadcrumb":{"@id":"https:\/\/www.accuratereviews.com\/it\/bridgit-field-recensione\/#breadcrumb"},"inLanguage":"it-IT","potentialAction":[{"@type":"ReadAction","target":["https:\/\/www.accuratereviews.com\/it\/bridgit-field-recensione\/"]}]},{"@type":"ImageObject","inLanguage":"it-IT","@id":"https:\/\/www.accuratereviews.com\/it\/bridgit-field-recensione\/#primaryimage","url":"https:\/\/www.accuratereviews.com\/wp-content\/uploads\/2020\/04\/bridgit.png","contentUrl":"https:\/\/www.accuratereviews.com\/wp-content\/uploads\/2020\/04\/bridgit.png","width":225,"height":225},{"@type":"BreadcrumbList","@id":"https:\/\/www.accuratereviews.com\/it\/bridgit-field-recensione\/#breadcrumb","itemListElement":[{"@type":"ListItem","position":1,"name":"Home","item":"https:\/\/www.accuratereviews.com\/it\/"},{"@type":"ListItem","position":2,"name":"Bridgit Field"}]},{"@type":"WebSite","@id":"https:\/\/www.accuratereviews.com\/it\/#website","url":"https:\/\/www.accuratereviews.com\/it\/","name":"Accurate Reviews","description":"","potentialAction":[{"@type":"SearchAction","target":{"@type":"EntryPoint","urlTemplate":"https:\/\/www.accuratereviews.com\/it\/?s={search_term_string}"},"query-input":{"@type":"PropertyValueSpecification","valueRequired":true,"valueName":"search_term_string"}}],"inLanguage":"it-IT"}]}},"_links":{"self":[{"href":"https:\/\/www.accuratereviews.com\/it\/wp-json\/wp\/v2\/pages\/25356","targetHints":{"allow":["GET"]}}],"collection":[{"href":"https:\/\/www.accuratereviews.com\/it\/wp-json\/wp\/v2\/pages"}],"about":[{"href":"https:\/\/www.accuratereviews.com\/it\/wp-json\/wp\/v2\/types\/page"}],"author":[{"embeddable":true,"href":"https:\/\/www.accuratereviews.com\/it\/wp-json\/wp\/v2\/users\/19"}],"replies":[{"embeddable":true,"href":"https:\/\/www.accuratereviews.com\/it\/wp-json\/wp\/v2\/comments?post=25356"}],"version-history":[{"count":3,"href":"https:\/\/www.accuratereviews.com\/it\/wp-json\/wp\/v2\/pages\/25356\/revisions"}],"predecessor-version":[{"id":25370,"href":"https:\/\/www.accuratereviews.com\/it\/wp-json\/wp\/v2\/pages\/25356\/revisions\/25370"}],"wp:featuredmedia":[{"embeddable":true,"href":"https:\/\/www.accuratereviews.com\/it\/wp-json\/wp\/v2\/media\/25357"}],"wp:attachment":[{"href":"https:\/\/www.accuratereviews.com\/it\/wp-json\/wp\/v2\/media?parent=25356"}],"wp:term":[{"taxonomy":"category","embeddable":true,"href":"https:\/\/www.accuratereviews.com\/it\/wp-json\/wp\/v2\/categories?post=25356"},{"taxonomy":"post_tag","embeddable":true,"href":"https:\/\/www.accuratereviews.com\/it\/wp-json\/wp\/v2\/tags?post=25356"},{"taxonomy":"features","embeddable":true,"href":"https:\/\/www.accuratereviews.com\/it\/wp-json\/wp\/v2\/features?post=25356"}],"curies":[{"name":"wp","href":"https:\/\/api.w.org\/{rel}","templated":true}]}}